{"id":973,"date":"2022-08-20T06:29:43","date_gmt":"2022-08-20T06:29:43","guid":{"rendered":"https:\/\/www.insel-moen.de\/aktiviteter-pa-on-mon\/panorama-cykelvagar\/"},"modified":"2024-03-18T16:12:01","modified_gmt":"2024-03-18T16:12:01","slug":"panorama-cykelvagar","status":"publish","type":"page","link":"https:\/\/www.insel-moen.de\/sv\/aktiviteter-pa-on-mon\/panorama-cykelvagar\/","title":{"rendered":"Panorama-cykelv\u00e4gar"},"content":{"rendered":"\n<p>P\u00e5 \u00f6n M\u00f6n (danska: M\u00f8n) finns det flera skyltade cykelturer med panoramautsikt. De har alla ett s\u00e4rskilt motto. Varje rutt har ett tresiffrigt nummer som finns p\u00e5 informationstavlan under bilden av en cykel. Ordet Panoramaroute = danska f\u00f6r panoramav\u00e4g st\u00e5r ocks\u00e5 skrivet p\u00e5 v\u00e4gvisaren. Dessa panoramarutter \u00e4r utformade som ringv\u00e4gar s\u00e5 att du alltid kommer tillbaka till startpunkten. De \u00e4r mellan 20 och 40 km l\u00e5nga. Cyklar kan hyras p\u00e5 beg\u00e4ran.<\/p>\n<div class=\"wp-block-image\">\n<figure class=\"aligncenter\"><img decoding=\"async\" src=\"https:\/\/www.daenemark-reisen.com\/wp-content\/uploads\/2014\/06\/Panorama-radtour-insel-moen.jpg\" alt=\"Panorama cykeltur p&#xE5; &#xF6;n Mon\" class=\"wp-image-923\" title=\"Panorama cykeltur p&#xE5; &#xF6;n Mon\"\/><figcaption class=\"wp-element-caption\">Cykling p\u00e5 Moen<\/figcaption><\/figure><\/div>\n<p>Dessa panoramiska cykelleder leder f\u00f6rbi intressanta platser, till s\u00e4rskilt vackra utsiktsplatser, genom vackra landskap och ger en inblick i respektive tema. Det finns f\u00f6rfriskningsstopp och \u00f6vernattningsm\u00f6jligheter l\u00e4ngs rutten.<\/p>\n\n<h2 class=\"wp-block-heading\">Den s\u00f6ta v\u00e4gen<\/h2>\n\n<p>Den h\u00e4r rutten \u00e4r ocks\u00e5 l\u00e4mplig f\u00f6r barnfamiljer. P\u00e5 25 km g\u00e5r det uppf\u00f6r backar och nerf\u00f6r igen p\u00e5 asfalterade, lugna landsv\u00e4gar. Lutningen \u00e4r h\u00f6gst 2 %. Om du r\u00e4knar med en k\u00f6rhastighet p\u00e5 11 km\/h f\u00f6r en vuxen \u00e4r k\u00f6rtiden cirka 2 timmar, f\u00f6r barn motsvarande mer. Den h\u00e4r v\u00e4gen leder genom halvtimrade byar som pryds av stockrosor. Denna str\u00e4cka har nummer 423.<\/p>\n\n<figure class=\"wp-block-image size-large is-resized\"><a href=\"https:\/\/www.insel-moen.de\/wp-content\/uploads\/2021\/10\/moen-landscape-cyclists_&#xA9;Daniel-Villadsen-large.jpg\"><img decoding=\"async\" src=\"https:\/\/www.insel-moen.de\/wp-content\/uploads\/2021\/10\/moen-landscape-cyclists_&#xA9;Daniel-Villadsen-large-1024x768.jpg\" alt=\"\" class=\"wp-image-548\" style=\"width:1200px\"\/><\/a><figcaption class=\"wp-element-caption\">Solnedg\u00e5ngsutsikt \u00f6ver M\u00f6ns b\u00f6ljande \u00e4ngar.<\/figcaption><\/figure>\n<p><strong>  Intressanta platser p\u00e5 denna rutt  <\/strong><br\/>I M\u00f6n Boicher finns en godisfabrik i den gamla sockerfabriken. H\u00e4r kan barnen g\u00f6ra sina egna slickepinnar och du kan k\u00f6pa godis. De gamla lerbass\u00e4ngerna fr\u00e5n den tidigare sockerfabriken \u00e4r ocks\u00e5 v\u00e4rda att se. Idag inneh\u00e5ller de intressanta biotoper.<\/p>\n\n<p>Bodden Stege Nor \u00e4r en 1,8 km bred och 7 km l\u00e5ng kustlagun. Den bildades under den senaste istiden. H\u00e4r kan man observera f\u00e5glar, helst med kikare.<\/p>\n\n<p>I Svensmarke, en fackverksby dekorerad med stockrosor, kan du hyra kanoter, kajaker eller katamaraner och ta en cykelpaus p\u00e5 vattnet.<\/p>\n\n<p>I de &#8220;bl\u00e5 bergen&#8221; i Keldbylille kan du bes\u00f6ka tv\u00e5 mycket intressanta g\u00e5rdar med stora kontraster. I den historiska Museumg\u00c3\u00a5rden kan du f\u00f6rdjupa dig i tidigare tiders landsbygdsliv. Som kontrast till detta finns den moderna mj\u00f6lkg\u00e5rden.<\/p>\n\n<p>I Keldby kyrka, som \u00e4r fr\u00e5n 1200-talet, kan du beundra medeltida konst, inklusive kalkm\u00e5lningar fr\u00e5n 1400-talet.<\/p>\n\n<p>Stege \u00e4r en liten medeltida stad d\u00e4r stadsporten och vallarna \u00e4r v\u00e4rda att se. H\u00e4r finns ocks\u00e5 ett museum och m\u00e5nga restauranger, kaf\u00e9er och shoppingm\u00f6jligheter. Om du r\u00e5kar vara i Stege f\u00f6rsta helgen i september \u00e4r det v\u00e4rt att kolla in den stora sillmarknaden. Det \u00e4r mer en maritim kulturfestival \u00e4n en enkel marknad.<\/p>\n\n<blockquote class=\"wp-block-quote is-layout-flow wp-block-quote-is-layout-flow\">\n<p><a href=\"http:\/\/www.visiteastdenmark.de\/sites\/default\/files\/asp\/visiteastdenmark\/PDF\/den_soede_tur_printde.pdf\">Ruttkarta och beskrivning i PDF-format<\/a><\/p>\n<\/blockquote>\n\n<h2 class=\"wp-block-heading\">Rutten &#8220;Uppt\u00e4cktsresa med familjen&#8221;.<\/h2>\n\n<p>Denna 29 km l\u00e5nga str\u00e4cka \u00e4r ocks\u00e5 v\u00e4l l\u00e4mpad f\u00f6r barnfamiljer. Den kan ocks\u00e5 kombineras med &#8220;Sweet Route&#8221;. Den leder l\u00e4ngs stranden, f\u00f6rbi l\u00e5nga strand\u00e4ngar, genom skogar och in i den trevliga lilla staden Nyord och l\u00e4ngs lugna landsv\u00e4gar. Den \u00e4r hinderfri och l\u00e4mplig f\u00f6r handcyklister. Denna v\u00e4g \u00e4r markerad med nummer 422.<\/p>\n\n<p><strong>  Intressanta platser p\u00e5 denna rutt  <\/strong><br\/>M\u00f6ns Museum i Stege erbjuder \u00e4ven tillf\u00e4lliga utst\u00e4llningar som passar barn, en fin lekplats och en museibutik. I Stege kan du ocks\u00e5 bes\u00f6ka den medeltida stadsporten och f\u00e4stningen.<\/p>\n\n<p>I Ulvshale k\u00f6r du f\u00f6rbi gatust\u00e5nd l\u00e4ngs strandv\u00e4ggen och har en fantastisk havsutsikt. Ulvshaleg\u00c3\u00a5rd Nature Centre ligger i Ulvshale skog. En sensorisk stig leder f\u00f6rbi strand\u00e4ngar och betande boskap.<\/p>\n\n<p>Vid Nyord Bridge finns strand\u00e4ngar som \u00f6versv\u00e4mmas flera g\u00e5nger om \u00e5ret och som \u00e4r ett stort f\u00e5gelskyddsomr\u00e5de. Fr\u00e5n ett f\u00e5geltorn har du en bra utsikt \u00f6ver landskapet och djuren.<\/p>\n\n<p>Nyord Landsby \u00e4r en by med gamla g\u00e5rdar, en \u00e5ttkantig kyrka, Danmarks minsta museum och m\u00e5nga butiker och gallerier.<\/p>\n\n<p>Hyldevang naturcentrum erbjuder en barri\u00e4rfri sensorisk tr\u00e4dg\u00e5rd och en f\u00e5gelplattform som ocks\u00e5 \u00e4r barri\u00e4rfri, samt en naturlekplats och en picknickstuga med utst\u00e4llningar.<\/p>\n\n<blockquote class=\"wp-block-quote is-layout-flow wp-block-quote-is-layout-flow\">\n<p><a href=\"http:\/\/www.visiteastdenmark.de\/sites\/default\/files\/asp\/visiteastdenmark\/PDF\/paa_opdagelse_med_familien_printde.pdf\">Ruttkarta och beskrivning i PDF-format<\/a><\/p>\n<\/blockquote>\n\n<h2 class=\"wp-block-heading\">Panorama Route P\u00e5 toppen av v\u00e4rlden<\/h2>\n\n<p>Den h\u00e4r 18 km l\u00e5nga rutten \u00e4r endast f\u00f6r erfarna cyklister. Den kr\u00e4ver en hel del fysisk kondition, eftersom den g\u00e5r upp och ner f\u00f6r kullar g\u00e5ng p\u00e5 g\u00e5ng. Men sedan bel\u00f6nas du med fantastiska vyer. Det \u00e4r rutt nummer 421.<\/p>\n\n<p><strong>  Intressanta platser p\u00e5 denna rutt  <\/strong><br\/>I <a href=\"https:\/\/www.insel-moen.de\/der-herregaardenesdag-im-liselund-schloss-ein-eintauchen-in-romantik-und-geschichte-20-08-23\/\">Liselundsparken<\/a> hittar du sj\u00f6ar, monument, intressanta hus, vattendrag och exotiska v\u00e4xter.<\/p>\n\n<p>S\u00f8markedyssen dolmen \u00e4r en \u00e5ttkantig stengrav med m\u00e5nga sk\u00e5lformade f\u00f6rdjupningar som \u00e4r magiska tecken p\u00e5 en fruktbarhetskult. Den byggdes omkring 3 300 f.Kr. Den ligger 90 meter \u00f6ver havet och h\u00e4rifr\u00e5n har du en fantastisk utsikt \u00f6ver East Mon.<\/p>\n\n<p>Den \u00e4ldsta delen av Magleby kyrka byggdes p\u00e5 1200-talet. Under de f\u00f6ljande \u00e5rhundradena byggdes den ut i gotisk stil. P\u00e5 insidan finns en altaruppsats fr\u00e5n 1500-talet och en f\u00f6rest\u00e4llning av korsf\u00e4stelsen i relief.<\/p>\n\n<p>Klintholm Gods med sina stora skogs- och \u00e4ngsomr\u00e5den bedriver jord- och skogsbruk.<\/p>\n\n<p>Det finns en rastplats vid det gamla pumphuset i Mandemarke. H\u00e4rifr\u00e5n f\u00f6ljer v\u00e4gen Danmarks vackraste bergsv\u00e4g, Busenevej. H\u00e4r g\u00e5r du genom stora kullar och har en mycket vacker utsikt \u00f6ver \u00d6stersj\u00f6n och syd\u00f6stra Mon. P\u00e5 H\u00f8vblege rasteplats kan du observera s\u00e4llsynta v\u00e4xter, insekter och f\u00e5glar.<\/p>\n\n<p>GeoCenter M\u00f6ns Klint ligger i Klinteskoven. H\u00e4r visas Danmarks geologiska historia i interaktiva utst\u00e4llningar.<\/p>\n\n<p>M\u00f6ns Klint med sina typiska kritklippor och stenstr\u00e4nder \u00e4r en av Danmarks vackraste kuster. Den h\u00f6gsta punkten \u00e4r Dronningenstolen = Drottningens stol. Den ligger 128 meter \u00f6ver havet.<\/p>\n\n<blockquote class=\"wp-block-quote is-layout-flow wp-block-quote-is-layout-flow\">\n<p><a href=\"http:\/\/www.visiteastdenmark.de\/sites\/default\/files\/asp\/visiteastdenmark\/PDF\/paa_toppen_af_verden_printde.pdf\">Ruttkarta och beskrivning i PDF-format<\/a><\/p>\n<\/blockquote>\n\n<p>Motiv och solnedg\u00e5ng: \u00a9 Daniel Villadsen,<\/p>\n","protected":false},"excerpt":{"rendered":"<p>P\u00e5 \u00f6n M\u00f6n (danska: M\u00f8n) finns det flera skyltade cykelturer med panoramautsikt. De har alla ett s\u00e4rskilt motto. Varje rutt har ett tresiffrigt nummer som finns p\u00e5 informationstavlan under bilden av en cykel. Ordet Panoramaroute = danska f\u00f6r panoramav\u00e4g st\u00e5r ocks\u00e5 skrivet p\u00e5 v\u00e4gvisaren. Dessa panoramarutter \u00e4r utformade som ringv\u00e4gar s\u00e5 att du alltid kommer [&hellip;]<\/p>\n","protected":false},"author":3,"featured_media":942,"parent":954,"menu_order":0,"comment_status":"closed","ping_status":"closed","template":"templates\/template-full-width.php","meta":{"footnotes":""},"class_list":["post-973","page","type-page","status-publish","has-post-thumbnail","hentry"],"yoast_head":"<!-- This site is optimized with the Yoast SEO plugin v24.5 - https:\/\/yoast.com\/wordpress\/plugins\/seo\/ -->\n<title>Panorama-cykelv\u00e4gar - Insel M\u00f6n<\/title>\n<meta name=\"robots\" content=\"index, follow, max-snippet:-1, max-image-preview:large, max-video-preview:-1\" \/>\n<link rel=\"canonical\" href=\"https:\/\/www.insel-moen.de\/sv\/aktiviteter-pa-on-mon\/panorama-cykelvagar\/\" \/>\n<meta property=\"og:locale\" content=\"sv_SE\" \/>\n<meta property=\"og:type\" content=\"article\" \/>\n<meta property=\"og:title\" content=\"Panorama-cykelv\u00e4gar - Insel M\u00f6n\" \/>\n<meta property=\"og:description\" content=\"P\u00e5 \u00f6n M\u00f6n (danska: M\u00f8n) finns det flera skyltade cykelturer med panoramautsikt. De har alla ett s\u00e4rskilt motto. Varje rutt har ett tresiffrigt nummer som finns p\u00e5 informationstavlan under bilden av en cykel. Ordet Panoramaroute = danska f\u00f6r panoramav\u00e4g st\u00e5r ocks\u00e5 skrivet p\u00e5 v\u00e4gvisaren. Dessa panoramarutter \u00e4r utformade som ringv\u00e4gar s\u00e5 att du alltid kommer [&hellip;]\" \/>\n<meta property=\"og:url\" content=\"https:\/\/www.insel-moen.de\/sv\/aktiviteter-pa-on-mon\/panorama-cykelvagar\/\" \/>\n<meta property=\"og:site_name\" content=\"Insel M\u00f6n\" \/>\n<meta property=\"article:modified_time\" content=\"2024-03-18T16:12:01+00:00\" \/>\n<meta property=\"og:image\" content=\"https:\/\/www.insel-moen.de\/wp-content\/uploads\/2021\/10\/moens-klint-2_\u00a9Daniel-Villadsen-scaled.jpg\" \/>\n\t<meta property=\"og:image:width\" content=\"2560\" \/>\n\t<meta property=\"og:image:height\" content=\"1920\" \/>\n\t<meta property=\"og:image:type\" content=\"image\/jpeg\" \/>\n<meta name=\"twitter:card\" content=\"summary_large_image\" \/>\n<meta name=\"twitter:label1\" content=\"Ber\u00e4knad l\u00e4stid\" \/>\n\t<meta name=\"twitter:data1\" content=\"5 minuter\" \/>\n<script type=\"application\/ld+json\" class=\"yoast-schema-graph\">{\"@context\":\"https:\/\/schema.org\",\"@graph\":[{\"@type\":\"WebPage\",\"@id\":\"https:\/\/www.insel-moen.de\/sv\/aktiviteter-pa-on-mon\/panorama-cykelvagar\/\",\"url\":\"https:\/\/www.insel-moen.de\/sv\/aktiviteter-pa-on-mon\/panorama-cykelvagar\/\",\"name\":\"Panorama-cykelv\u00e4gar - Insel M\u00f6n\",\"isPartOf\":{\"@id\":\"https:\/\/www.insel-moen.de\/sv\/#website\"},\"primaryImageOfPage\":{\"@id\":\"https:\/\/www.insel-moen.de\/sv\/aktiviteter-pa-on-mon\/panorama-cykelvagar\/#primaryimage\"},\"image\":{\"@id\":\"https:\/\/www.insel-moen.de\/sv\/aktiviteter-pa-on-mon\/panorama-cykelvagar\/#primaryimage\"},\"thumbnailUrl\":\"https:\/\/www.insel-moen.de\/wp-content\/uploads\/2021\/10\/moens-klint-2_\u00a9Daniel-Villadsen-scaled.jpg\",\"datePublished\":\"2022-08-20T06:29:43+00:00\",\"dateModified\":\"2024-03-18T16:12:01+00:00\",\"breadcrumb\":{\"@id\":\"https:\/\/www.insel-moen.de\/sv\/aktiviteter-pa-on-mon\/panorama-cykelvagar\/#breadcrumb\"},\"inLanguage\":\"sv-SE\",\"potentialAction\":[{\"@type\":\"ReadAction\",\"target\":[\"https:\/\/www.insel-moen.de\/sv\/aktiviteter-pa-on-mon\/panorama-cykelvagar\/\"]}]},{\"@type\":\"ImageObject\",\"inLanguage\":\"sv-SE\",\"@id\":\"https:\/\/www.insel-moen.de\/sv\/aktiviteter-pa-on-mon\/panorama-cykelvagar\/#primaryimage\",\"url\":\"https:\/\/www.insel-moen.de\/wp-content\/uploads\/2021\/10\/moens-klint-2_\u00a9Daniel-Villadsen-scaled.jpg\",\"contentUrl\":\"https:\/\/www.insel-moen.de\/wp-content\/uploads\/2021\/10\/moens-klint-2_\u00a9Daniel-Villadsen-scaled.jpg\",\"width\":2560,\"height\":1920},{\"@type\":\"BreadcrumbList\",\"@id\":\"https:\/\/www.insel-moen.de\/sv\/aktiviteter-pa-on-mon\/panorama-cykelvagar\/#breadcrumb\",\"itemListElement\":[{\"@type\":\"ListItem\",\"position\":1,\"name\":\"Startseite\",\"item\":\"https:\/\/www.insel-moen.de\/sv\/\"},{\"@type\":\"ListItem\",\"position\":2,\"name\":\"Sev\u00e4rdheter och aktiviteter p\u00e5 M\u00f8n\",\"item\":\"https:\/\/www.insel-moen.de\/sv\/aktiviteter-pa-on-mon\/\"},{\"@type\":\"ListItem\",\"position\":3,\"name\":\"Panorama-cykelv\u00e4gar\"}]},{\"@type\":\"WebSite\",\"@id\":\"https:\/\/www.insel-moen.de\/sv\/#website\",\"url\":\"https:\/\/www.insel-moen.de\/sv\/\",\"name\":\"Insel M\u00f6n\",\"description\":\"INSEL M\u00d6N - Urlaub in der D\u00e4nischen S\u00fcdsee\",\"publisher\":{\"@id\":\"https:\/\/www.insel-moen.de\/sv\/#organization\"},\"potentialAction\":[{\"@type\":\"SearchAction\",\"target\":{\"@type\":\"EntryPoint\",\"urlTemplate\":\"https:\/\/www.insel-moen.de\/sv\/?s={search_term_string}\"},\"query-input\":{\"@type\":\"PropertyValueSpecification\",\"valueRequired\":true,\"valueName\":\"search_term_string\"}}],\"inLanguage\":\"sv-SE\"},{\"@type\":\"Organization\",\"@id\":\"https:\/\/www.insel-moen.de\/sv\/#organization\",\"name\":\"www.insel-moen.de\",\"url\":\"https:\/\/www.insel-moen.de\/sv\/\",\"logo\":{\"@type\":\"ImageObject\",\"inLanguage\":\"sv-SE\",\"@id\":\"https:\/\/www.insel-moen.de\/sv\/#\/schema\/logo\/image\/\",\"url\":\"https:\/\/www.insel-moen.de\/wp-content\/uploads\/2023\/08\/cropped-daenemark-logo-neu-klein.png\",\"contentUrl\":\"https:\/\/www.insel-moen.de\/wp-content\/uploads\/2023\/08\/cropped-daenemark-logo-neu-klein.png\",\"width\":100,\"height\":101,\"caption\":\"www.insel-moen.de\"},\"image\":{\"@id\":\"https:\/\/www.insel-moen.de\/sv\/#\/schema\/logo\/image\/\"}}]}<\/script>\n<!-- \/ Yoast SEO plugin. -->","yoast_head_json":{"title":"Panorama-cykelv\u00e4gar - Insel M\u00f6n","robots":{"index":"index","follow":"follow","max-snippet":"max-snippet:-1","max-image-preview":"max-image-preview:large","max-video-preview":"max-video-preview:-1"},"canonical":"https:\/\/www.insel-moen.de\/sv\/aktiviteter-pa-on-mon\/panorama-cykelvagar\/","og_locale":"sv_SE","og_type":"article","og_title":"Panorama-cykelv\u00e4gar - Insel M\u00f6n","og_description":"P\u00e5 \u00f6n M\u00f6n (danska: M\u00f8n) finns det flera skyltade cykelturer med panoramautsikt. De har alla ett s\u00e4rskilt motto. Varje rutt har ett tresiffrigt nummer som finns p\u00e5 informationstavlan under bilden av en cykel. Ordet Panoramaroute = danska f\u00f6r panoramav\u00e4g st\u00e5r ocks\u00e5 skrivet p\u00e5 v\u00e4gvisaren. Dessa panoramarutter \u00e4r utformade som ringv\u00e4gar s\u00e5 att du alltid kommer [&hellip;]","og_url":"https:\/\/www.insel-moen.de\/sv\/aktiviteter-pa-on-mon\/panorama-cykelvagar\/","og_site_name":"Insel M\u00f6n","article_modified_time":"2024-03-18T16:12:01+00:00","og_image":[{"width":2560,"height":1920,"url":"https:\/\/www.insel-moen.de\/wp-content\/uploads\/2021\/10\/moens-klint-2_\u00a9Daniel-Villadsen-scaled.jpg","type":"image\/jpeg"}],"twitter_card":"summary_large_image","twitter_misc":{"Ber\u00e4knad l\u00e4stid":"5 minuter"},"schema":{"@context":"https:\/\/schema.org","@graph":[{"@type":"WebPage","@id":"https:\/\/www.insel-moen.de\/sv\/aktiviteter-pa-on-mon\/panorama-cykelvagar\/","url":"https:\/\/www.insel-moen.de\/sv\/aktiviteter-pa-on-mon\/panorama-cykelvagar\/","name":"Panorama-cykelv\u00e4gar - Insel M\u00f6n","isPartOf":{"@id":"https:\/\/www.insel-moen.de\/sv\/#website"},"primaryImageOfPage":{"@id":"https:\/\/www.insel-moen.de\/sv\/aktiviteter-pa-on-mon\/panorama-cykelvagar\/#primaryimage"},"image":{"@id":"https:\/\/www.insel-moen.de\/sv\/aktiviteter-pa-on-mon\/panorama-cykelvagar\/#primaryimage"},"thumbnailUrl":"https:\/\/www.insel-moen.de\/wp-content\/uploads\/2021\/10\/moens-klint-2_\u00a9Daniel-Villadsen-scaled.jpg","datePublished":"2022-08-20T06:29:43+00:00","dateModified":"2024-03-18T16:12:01+00:00","breadcrumb":{"@id":"https:\/\/www.insel-moen.de\/sv\/aktiviteter-pa-on-mon\/panorama-cykelvagar\/#breadcrumb"},"inLanguage":"sv-SE","potentialAction":[{"@type":"ReadAction","target":["https:\/\/www.insel-moen.de\/sv\/aktiviteter-pa-on-mon\/panorama-cykelvagar\/"]}]},{"@type":"ImageObject","inLanguage":"sv-SE","@id":"https:\/\/www.insel-moen.de\/sv\/aktiviteter-pa-on-mon\/panorama-cykelvagar\/#primaryimage","url":"https:\/\/www.insel-moen.de\/wp-content\/uploads\/2021\/10\/moens-klint-2_\u00a9Daniel-Villadsen-scaled.jpg","contentUrl":"https:\/\/www.insel-moen.de\/wp-content\/uploads\/2021\/10\/moens-klint-2_\u00a9Daniel-Villadsen-scaled.jpg","width":2560,"height":1920},{"@type":"BreadcrumbList","@id":"https:\/\/www.insel-moen.de\/sv\/aktiviteter-pa-on-mon\/panorama-cykelvagar\/#breadcrumb","itemListElement":[{"@type":"ListItem","position":1,"name":"Startseite","item":"https:\/\/www.insel-moen.de\/sv\/"},{"@type":"ListItem","position":2,"name":"Sev\u00e4rdheter och aktiviteter p\u00e5 M\u00f8n","item":"https:\/\/www.insel-moen.de\/sv\/aktiviteter-pa-on-mon\/"},{"@type":"ListItem","position":3,"name":"Panorama-cykelv\u00e4gar"}]},{"@type":"WebSite","@id":"https:\/\/www.insel-moen.de\/sv\/#website","url":"https:\/\/www.insel-moen.de\/sv\/","name":"Insel M\u00f6n","description":"INSEL M\u00d6N - Urlaub in der D\u00e4nischen S\u00fcdsee","publisher":{"@id":"https:\/\/www.insel-moen.de\/sv\/#organization"},"potentialAction":[{"@type":"SearchAction","target":{"@type":"EntryPoint","urlTemplate":"https:\/\/www.insel-moen.de\/sv\/?s={search_term_string}"},"query-input":{"@type":"PropertyValueSpecification","valueRequired":true,"valueName":"search_term_string"}}],"inLanguage":"sv-SE"},{"@type":"Organization","@id":"https:\/\/www.insel-moen.de\/sv\/#organization","name":"www.insel-moen.de","url":"https:\/\/www.insel-moen.de\/sv\/","logo":{"@type":"ImageObject","inLanguage":"sv-SE","@id":"https:\/\/www.insel-moen.de\/sv\/#\/schema\/logo\/image\/","url":"https:\/\/www.insel-moen.de\/wp-content\/uploads\/2023\/08\/cropped-daenemark-logo-neu-klein.png","contentUrl":"https:\/\/www.insel-moen.de\/wp-content\/uploads\/2023\/08\/cropped-daenemark-logo-neu-klein.png","width":100,"height":101,"caption":"www.insel-moen.de"},"image":{"@id":"https:\/\/www.insel-moen.de\/sv\/#\/schema\/logo\/image\/"}}]}},"_links":{"self":[{"href":"https:\/\/www.insel-moen.de\/sv\/wp-json\/wp\/v2\/pages\/973","targetHints":{"allow":["GET"]}}],"collection":[{"href":"https:\/\/www.insel-moen.de\/sv\/wp-json\/wp\/v2\/pages"}],"about":[{"href":"https:\/\/www.insel-moen.de\/sv\/wp-json\/wp\/v2\/types\/page"}],"author":[{"embeddable":true,"href":"https:\/\/www.insel-moen.de\/sv\/wp-json\/wp\/v2\/users\/3"}],"replies":[{"embeddable":true,"href":"https:\/\/www.insel-moen.de\/sv\/wp-json\/wp\/v2\/comments?post=973"}],"version-history":[{"count":2,"href":"https:\/\/www.insel-moen.de\/sv\/wp-json\/wp\/v2\/pages\/973\/revisions"}],"predecessor-version":[{"id":7099,"href":"https:\/\/www.insel-moen.de\/sv\/wp-json\/wp\/v2\/pages\/973\/revisions\/7099"}],"up":[{"embeddable":true,"href":"https:\/\/www.insel-moen.de\/sv\/wp-json\/wp\/v2\/pages\/954"}],"wp:featuredmedia":[{"embeddable":true,"href":"https:\/\/www.insel-moen.de\/sv\/wp-json\/wp\/v2\/media\/942"}],"wp:attachment":[{"href":"https:\/\/www.insel-moen.de\/sv\/wp-json\/wp\/v2\/media?parent=973"}],"curies":[{"name":"wp","href":"https:\/\/api.w.org\/{rel}","templated":true}]}}