{"id":969,"date":"2022-08-20T06:29:42","date_gmt":"2022-08-20T06:29:42","guid":{"rendered":"https:\/\/www.insel-moen.de\/aktiviteter-pa-on-mon\/kitesurfing-pa-on-mon\/"},"modified":"2022-08-20T06:29:42","modified_gmt":"2022-08-20T06:29:42","slug":"kitesurfing-pa-on-mon","status":"publish","type":"page","link":"https:\/\/www.insel-moen.de\/sv\/aktiviteter-pa-on-mon\/kitesurfing-pa-on-mon\/","title":{"rendered":"Kitesurfing p\u00e5 \u00f6n Mon"},"content":{"rendered":"<p><img decoding=\"async\" src=\"https:\/\/www.daenemark-reisen.com\/wp-content\/uploads\/2013\/11\/kite-surfen-daenemark-moen-1024x682.jpg\" alt=\"Kitesurfing i Moen Danmark\" title=\"Kitesurfing i Moen Danmark\" width=\"510px\" class=\"aligncenter size-large wp-image-900\"><br \/>\n\u00d6n M\u00f6n ligger mellan Sj\u00e4llands sydspets och Falsters \u00f6stspets i den danska delen av \u00d6stersj\u00f6n och \u00e4r k\u00e4nd f\u00f6r sin vackra kritkust. D\u00e4rf\u00f6r betraktas den ocks\u00e5 som R\u00fcgens syster\u00f6.<\/p>\n<p>Om du vill kita p\u00e5 M\u00f6n finns det knappast n\u00e5gra lagliga gr\u00e4nser. Enligt turistinformationen \u00e4r kitesurfing till\u00e5tet p\u00e5 alla kuststr\u00e4ckor i Mon. Det \u00e4r endast p\u00e5 den inre sj\u00f6n som kitesurfing inte \u00e4r till\u00e5tet. Men tyv\u00e4rr g\u00f6r Moder Natur ofta hinder f\u00f6r detta, eftersom de vackraste kustomr\u00e5dena i synnerhet tyv\u00e4rr inte l\u00e4mpar sig f\u00f6r kiting. H\u00e4r finns de vackra str\u00e4nderna med karibiska f\u00e4rger som g\u00f6r det helt om\u00f6jligt att kita p\u00e5 grund av kritklippornas branta kust. Bortsett fr\u00e5n den tr\u00e5kiga bogseringen \u00e4r str\u00e4nderna framf\u00f6r klipporna oftast alldeles f\u00f6r smala och g\u00f6r kiting till ett ganska riskabelt f\u00f6retag, s\u00e4rskilt n\u00e4r det bl\u00e5ser p\u00e5 land.<br \/>\n<!--more--><br \/>\nBortsett fr\u00e5n denna lilla nackdel finns det fortfarande n\u00e5gra mycket vackra platser f\u00f6r kitesurfing p\u00e5 Mon.<br \/>\nStranden vid Klintholm Havn f\u00f6rtj\u00e4nar ett s\u00e4rskilt omn\u00e4mnande. Klintholm Havn \u00e4r den mest k\u00e4nda platsen f\u00f6r kitesurfare p\u00e5 M\u00f6n och har en sandstrand som l\u00f6per ganska grunt ut i vattnet och \u00e4r en bra startplats. Du b\u00f6r dock definitivt ta med dig en starthj\u00e4lpare, eftersom det vanligtvis inte finns n\u00e5gon p\u00e5 plats.<\/p>\n<p>Ett riktigt insidertips \u00e4r Far\u00f6-dammen, som anses vara en av de b\u00e4sta grunda vattenplatserna i omr\u00e5det. Andra fina str\u00e4nder f\u00f6r kitesurfing \u00e4r Stege, Oddermose strand djupare i Hjelmviken och Camping Vestm\u00f6n, som \u00e4r l\u00e4tt att n\u00e5 med bil men som inte b\u00f6r n\u00e5s fr\u00e5n havet.<br \/>\nOm du inte vill kita varje dag kan du ocks\u00e5 bes\u00f6ka m\u00e5nga sev\u00e4rdheter eller helt enkelt njuta av den underbara synen av kritklipporna i solnedg\u00e5ngen.<\/p>\n<p>Om du vill kitesurfa i Mon \u00e4r det ocks\u00e5 mycket viktigt att v\u00e4lja r\u00e4tt \u00e5rstid s\u00e5 att klimatf\u00f6rh\u00e5llandena g\u00f6r det m\u00f6jligt att kitesurfa \u00f6verhuvudtaget.<\/p>\n<p>V\u00e4dret p\u00e5 Mon k\u00e4nner inte till n\u00e5gra extremer, eftersom klimatet best\u00e4ms av m\u00f6tet mellan \u00d6stersj\u00f6n och Nordsj\u00f6n och Golfstr\u00f6mmen. Det \u00e4r allts\u00e5 s\u00e4llan extremt varmt eller riktigt kallt. De som gillar varma temperaturer b\u00f6r definitivt undvika Mon under \u00e5rets f\u00f6rsta och fj\u00e4rde kvartal, eftersom temperaturerna vanligtvis bara ligger p\u00e5 4-5 grader Celsius. Det \u00e4r varmast i m\u00e5nadsskiftet juli-september med ett genomsnitt p\u00e5 mellan 11 och 22 grader Celsius. Men \u00e4ven p\u00e5 v\u00e5ren \u00e4r det l\u00e4tt att n\u00e5 temperaturer p\u00e5 upp till 19 grader Celsius. Det b\u00e4sta v\u00e4dret f\u00f6r kitesurfing i Mon \u00e4r fr\u00e5n maj till juli. Under denna period kan du f\u00f6rv\u00e4nta dig ungef\u00e4r 8 soltimmar per dag och den genomsnittliga nederb\u00f6rden \u00e4r den l\u00e4gsta p\u00e5 11 dagar.<\/p>\n<p>Lika viktigt som v\u00e4dret \u00e4r naturligtvis vattentemperaturen. Samma princip g\u00e4ller h\u00e4r som f\u00f6r temperaturerna. Under det tredje kvartalet \u00e4r vattnet varmast med upp till 16 grader Celsius. Men \u00e4ven p\u00e5 v\u00e5ren \u00e4r vattentemperaturen i genomsnitt 14 grader. I b\u00f6rjan och slutet av \u00e5ret svalnar vattnet betydligt till cirka 2 grader Celsius.<\/p>\n<p>Det rekommenderas s\u00e4rskilt att bes\u00f6ka Mon fr\u00e5n slutet av maj till mitten av juni, eftersom det d\u00e5 redan \u00e4r ganska varmt med behagliga vattentemperaturer och lite nederb\u00f6rd. Dessutom \u00e4r det fortfarande l\u00e5gs\u00e4song och str\u00e4nderna \u00e4r fina och tomma, men priserna \u00e4r ocks\u00e5 mycket billigare.<br \/>\nP\u00e5 det hela taget m\u00e5ste man dock erk\u00e4nna att M\u00f6n och hela det danska \u00d6stersj\u00f6omr\u00e5det erbjuder f\u00e4rre bra kitespots \u00e4n Nordsj\u00f6omr\u00e5det i Danmark. Erfarna kitesurfare f\u00f6redrar vanligtvis omr\u00e5det runt Jylland vid Nordsj\u00f6n, eftersom vindf\u00f6rh\u00e5llandena \u00e4r mer stabila h\u00e4r. Du hittar ocks\u00e5 m\u00e5nga str\u00e4nder med perfekta f\u00f6ruts\u00e4ttningar f\u00f6r kiting, eftersom det finns naturligt grunda sandstr\u00e4nder med vackra v\u00e5gor.<br \/>\nMen om du vill f\u00e5 en uppfattning om de b\u00e4sta platserna p\u00e5 Mon och i Danmark i allm\u00e4nhet b\u00f6r du bes\u00f6ka webbplatsen <a href=\"http:\/\/www.Kitemekka.net\" rel=\"nofollow\">www.Kitemekka.net<\/a>. H\u00e4r f\u00e5r du en \u00f6versikt \u00f6ver de b\u00e4sta platserna att kita p\u00e5 med motsvarande betyg.<\/p>\n","protected":false},"excerpt":{"rendered":"<p>\u00d6n M\u00f6n ligger mellan Sj\u00e4llands sydspets och Falsters \u00f6stspets i den danska delen av \u00d6stersj\u00f6n och \u00e4r k\u00e4nd f\u00f6r sin vackra kritkust. D\u00e4rf\u00f6r betraktas den ocks\u00e5 som R\u00fcgens syster\u00f6. Om du vill kita p\u00e5 M\u00f6n finns det knappast n\u00e5gra lagliga gr\u00e4nser. Enligt turistinformationen \u00e4r kitesurfing till\u00e5tet p\u00e5 alla kuststr\u00e4ckor i Mon. Det \u00e4r endast p\u00e5 [&hellip;]<\/p>\n","protected":false},"author":3,"featured_media":0,"parent":954,"menu_order":0,"comment_status":"closed","ping_status":"closed","template":"","meta":{"footnotes":""},"class_list":["post-969","page","type-page","status-publish","hentry"],"yoast_head":"<!-- This site is optimized with the Yoast SEO plugin v24.5 - https:\/\/yoast.com\/wordpress\/plugins\/seo\/ -->\n<title>Kitesurfing p\u00e5 \u00f6n Mon - Insel M\u00f6n<\/title>\n<meta name=\"robots\" content=\"index, follow, max-snippet:-1, max-image-preview:large, max-video-preview:-1\" \/>\n<link rel=\"canonical\" href=\"https:\/\/www.insel-moen.de\/sv\/aktiviteter-pa-on-mon\/kitesurfing-pa-on-mon\/\" \/>\n<meta property=\"og:locale\" content=\"sv_SE\" \/>\n<meta property=\"og:type\" content=\"article\" \/>\n<meta property=\"og:title\" content=\"Kitesurfing p\u00e5 \u00f6n Mon - Insel M\u00f6n\" \/>\n<meta property=\"og:description\" content=\"\u00d6n M\u00f6n ligger mellan Sj\u00e4llands sydspets och Falsters \u00f6stspets i den danska delen av \u00d6stersj\u00f6n och \u00e4r k\u00e4nd f\u00f6r sin vackra kritkust. D\u00e4rf\u00f6r betraktas den ocks\u00e5 som R\u00fcgens syster\u00f6. Om du vill kita p\u00e5 M\u00f6n finns det knappast n\u00e5gra lagliga gr\u00e4nser. Enligt turistinformationen \u00e4r kitesurfing till\u00e5tet p\u00e5 alla kuststr\u00e4ckor i Mon. Det \u00e4r endast p\u00e5 [&hellip;]\" \/>\n<meta property=\"og:url\" content=\"https:\/\/www.insel-moen.de\/sv\/aktiviteter-pa-on-mon\/kitesurfing-pa-on-mon\/\" \/>\n<meta property=\"og:site_name\" content=\"Insel M\u00f6n\" \/>\n<meta property=\"og:image\" content=\"https:\/\/www.daenemark-reisen.com\/wp-content\/uploads\/2013\/11\/kite-surfen-daenemark-moen-1024x682.jpg\" \/>\n<meta name=\"twitter:card\" content=\"summary_large_image\" \/>\n<meta name=\"twitter:label1\" content=\"Ber\u00e4knad l\u00e4stid\" \/>\n\t<meta name=\"twitter:data1\" content=\"4 minuter\" \/>\n<script type=\"application\/ld+json\" class=\"yoast-schema-graph\">{\"@context\":\"https:\/\/schema.org\",\"@graph\":[{\"@type\":\"WebPage\",\"@id\":\"https:\/\/www.insel-moen.de\/sv\/aktiviteter-pa-on-mon\/kitesurfing-pa-on-mon\/\",\"url\":\"https:\/\/www.insel-moen.de\/sv\/aktiviteter-pa-on-mon\/kitesurfing-pa-on-mon\/\",\"name\":\"Kitesurfing p\u00e5 \u00f6n Mon - Insel M\u00f6n\",\"isPartOf\":{\"@id\":\"https:\/\/www.insel-moen.de\/sv\/#website\"},\"primaryImageOfPage\":{\"@id\":\"https:\/\/www.insel-moen.de\/sv\/aktiviteter-pa-on-mon\/kitesurfing-pa-on-mon\/#primaryimage\"},\"image\":{\"@id\":\"https:\/\/www.insel-moen.de\/sv\/aktiviteter-pa-on-mon\/kitesurfing-pa-on-mon\/#primaryimage\"},\"thumbnailUrl\":\"https:\/\/www.daenemark-reisen.com\/wp-content\/uploads\/2013\/11\/kite-surfen-daenemark-moen-1024x682.jpg\",\"datePublished\":\"2022-08-20T06:29:42+00:00\",\"breadcrumb\":{\"@id\":\"https:\/\/www.insel-moen.de\/sv\/aktiviteter-pa-on-mon\/kitesurfing-pa-on-mon\/#breadcrumb\"},\"inLanguage\":\"sv-SE\",\"potentialAction\":[{\"@type\":\"ReadAction\",\"target\":[\"https:\/\/www.insel-moen.de\/sv\/aktiviteter-pa-on-mon\/kitesurfing-pa-on-mon\/\"]}]},{\"@type\":\"ImageObject\",\"inLanguage\":\"sv-SE\",\"@id\":\"https:\/\/www.insel-moen.de\/sv\/aktiviteter-pa-on-mon\/kitesurfing-pa-on-mon\/#primaryimage\",\"url\":\"https:\/\/www.daenemark-reisen.com\/wp-content\/uploads\/2013\/11\/kite-surfen-daenemark-moen-1024x682.jpg\",\"contentUrl\":\"https:\/\/www.daenemark-reisen.com\/wp-content\/uploads\/2013\/11\/kite-surfen-daenemark-moen-1024x682.jpg\"},{\"@type\":\"BreadcrumbList\",\"@id\":\"https:\/\/www.insel-moen.de\/sv\/aktiviteter-pa-on-mon\/kitesurfing-pa-on-mon\/#breadcrumb\",\"itemListElement\":[{\"@type\":\"ListItem\",\"position\":1,\"name\":\"Startseite\",\"item\":\"https:\/\/www.insel-moen.de\/sv\/\"},{\"@type\":\"ListItem\",\"position\":2,\"name\":\"Sev\u00e4rdheter och aktiviteter p\u00e5 M\u00f8n\",\"item\":\"https:\/\/www.insel-moen.de\/sv\/aktiviteter-pa-on-mon\/\"},{\"@type\":\"ListItem\",\"position\":3,\"name\":\"Kitesurfing p\u00e5 \u00f6n Mon\"}]},{\"@type\":\"WebSite\",\"@id\":\"https:\/\/www.insel-moen.de\/sv\/#website\",\"url\":\"https:\/\/www.insel-moen.de\/sv\/\",\"name\":\"Insel M\u00f6n\",\"description\":\"INSEL M\u00d6N - Urlaub in der D\u00e4nischen S\u00fcdsee\",\"publisher\":{\"@id\":\"https:\/\/www.insel-moen.de\/sv\/#organization\"},\"potentialAction\":[{\"@type\":\"SearchAction\",\"target\":{\"@type\":\"EntryPoint\",\"urlTemplate\":\"https:\/\/www.insel-moen.de\/sv\/?s={search_term_string}\"},\"query-input\":{\"@type\":\"PropertyValueSpecification\",\"valueRequired\":true,\"valueName\":\"search_term_string\"}}],\"inLanguage\":\"sv-SE\"},{\"@type\":\"Organization\",\"@id\":\"https:\/\/www.insel-moen.de\/sv\/#organization\",\"name\":\"www.insel-moen.de\",\"url\":\"https:\/\/www.insel-moen.de\/sv\/\",\"logo\":{\"@type\":\"ImageObject\",\"inLanguage\":\"sv-SE\",\"@id\":\"https:\/\/www.insel-moen.de\/sv\/#\/schema\/logo\/image\/\",\"url\":\"https:\/\/www.insel-moen.de\/wp-content\/uploads\/2023\/08\/cropped-daenemark-logo-neu-klein.png\",\"contentUrl\":\"https:\/\/www.insel-moen.de\/wp-content\/uploads\/2023\/08\/cropped-daenemark-logo-neu-klein.png\",\"width\":100,\"height\":101,\"caption\":\"www.insel-moen.de\"},\"image\":{\"@id\":\"https:\/\/www.insel-moen.de\/sv\/#\/schema\/logo\/image\/\"}}]}<\/script>\n<!-- \/ Yoast SEO plugin. -->","yoast_head_json":{"title":"Kitesurfing p\u00e5 \u00f6n Mon - Insel M\u00f6n","robots":{"index":"index","follow":"follow","max-snippet":"max-snippet:-1","max-image-preview":"max-image-preview:large","max-video-preview":"max-video-preview:-1"},"canonical":"https:\/\/www.insel-moen.de\/sv\/aktiviteter-pa-on-mon\/kitesurfing-pa-on-mon\/","og_locale":"sv_SE","og_type":"article","og_title":"Kitesurfing p\u00e5 \u00f6n Mon - Insel M\u00f6n","og_description":"\u00d6n M\u00f6n ligger mellan Sj\u00e4llands sydspets och Falsters \u00f6stspets i den danska delen av \u00d6stersj\u00f6n och \u00e4r k\u00e4nd f\u00f6r sin vackra kritkust. D\u00e4rf\u00f6r betraktas den ocks\u00e5 som R\u00fcgens syster\u00f6. Om du vill kita p\u00e5 M\u00f6n finns det knappast n\u00e5gra lagliga gr\u00e4nser. Enligt turistinformationen \u00e4r kitesurfing till\u00e5tet p\u00e5 alla kuststr\u00e4ckor i Mon. Det \u00e4r endast p\u00e5 [&hellip;]","og_url":"https:\/\/www.insel-moen.de\/sv\/aktiviteter-pa-on-mon\/kitesurfing-pa-on-mon\/","og_site_name":"Insel M\u00f6n","og_image":[{"url":"https:\/\/www.daenemark-reisen.com\/wp-content\/uploads\/2013\/11\/kite-surfen-daenemark-moen-1024x682.jpg","type":"","width":"","height":""}],"twitter_card":"summary_large_image","twitter_misc":{"Ber\u00e4knad l\u00e4stid":"4 minuter"},"schema":{"@context":"https:\/\/schema.org","@graph":[{"@type":"WebPage","@id":"https:\/\/www.insel-moen.de\/sv\/aktiviteter-pa-on-mon\/kitesurfing-pa-on-mon\/","url":"https:\/\/www.insel-moen.de\/sv\/aktiviteter-pa-on-mon\/kitesurfing-pa-on-mon\/","name":"Kitesurfing p\u00e5 \u00f6n Mon - Insel M\u00f6n","isPartOf":{"@id":"https:\/\/www.insel-moen.de\/sv\/#website"},"primaryImageOfPage":{"@id":"https:\/\/www.insel-moen.de\/sv\/aktiviteter-pa-on-mon\/kitesurfing-pa-on-mon\/#primaryimage"},"image":{"@id":"https:\/\/www.insel-moen.de\/sv\/aktiviteter-pa-on-mon\/kitesurfing-pa-on-mon\/#primaryimage"},"thumbnailUrl":"https:\/\/www.daenemark-reisen.com\/wp-content\/uploads\/2013\/11\/kite-surfen-daenemark-moen-1024x682.jpg","datePublished":"2022-08-20T06:29:42+00:00","breadcrumb":{"@id":"https:\/\/www.insel-moen.de\/sv\/aktiviteter-pa-on-mon\/kitesurfing-pa-on-mon\/#breadcrumb"},"inLanguage":"sv-SE","potentialAction":[{"@type":"ReadAction","target":["https:\/\/www.insel-moen.de\/sv\/aktiviteter-pa-on-mon\/kitesurfing-pa-on-mon\/"]}]},{"@type":"ImageObject","inLanguage":"sv-SE","@id":"https:\/\/www.insel-moen.de\/sv\/aktiviteter-pa-on-mon\/kitesurfing-pa-on-mon\/#primaryimage","url":"https:\/\/www.daenemark-reisen.com\/wp-content\/uploads\/2013\/11\/kite-surfen-daenemark-moen-1024x682.jpg","contentUrl":"https:\/\/www.daenemark-reisen.com\/wp-content\/uploads\/2013\/11\/kite-surfen-daenemark-moen-1024x682.jpg"},{"@type":"BreadcrumbList","@id":"https:\/\/www.insel-moen.de\/sv\/aktiviteter-pa-on-mon\/kitesurfing-pa-on-mon\/#breadcrumb","itemListElement":[{"@type":"ListItem","position":1,"name":"Startseite","item":"https:\/\/www.insel-moen.de\/sv\/"},{"@type":"ListItem","position":2,"name":"Sev\u00e4rdheter och aktiviteter p\u00e5 M\u00f8n","item":"https:\/\/www.insel-moen.de\/sv\/aktiviteter-pa-on-mon\/"},{"@type":"ListItem","position":3,"name":"Kitesurfing p\u00e5 \u00f6n Mon"}]},{"@type":"WebSite","@id":"https:\/\/www.insel-moen.de\/sv\/#website","url":"https:\/\/www.insel-moen.de\/sv\/","name":"Insel M\u00f6n","description":"INSEL M\u00d6N - Urlaub in der D\u00e4nischen S\u00fcdsee","publisher":{"@id":"https:\/\/www.insel-moen.de\/sv\/#organization"},"potentialAction":[{"@type":"SearchAction","target":{"@type":"EntryPoint","urlTemplate":"https:\/\/www.insel-moen.de\/sv\/?s={search_term_string}"},"query-input":{"@type":"PropertyValueSpecification","valueRequired":true,"valueName":"search_term_string"}}],"inLanguage":"sv-SE"},{"@type":"Organization","@id":"https:\/\/www.insel-moen.de\/sv\/#organization","name":"www.insel-moen.de","url":"https:\/\/www.insel-moen.de\/sv\/","logo":{"@type":"ImageObject","inLanguage":"sv-SE","@id":"https:\/\/www.insel-moen.de\/sv\/#\/schema\/logo\/image\/","url":"https:\/\/www.insel-moen.de\/wp-content\/uploads\/2023\/08\/cropped-daenemark-logo-neu-klein.png","contentUrl":"https:\/\/www.insel-moen.de\/wp-content\/uploads\/2023\/08\/cropped-daenemark-logo-neu-klein.png","width":100,"height":101,"caption":"www.insel-moen.de"},"image":{"@id":"https:\/\/www.insel-moen.de\/sv\/#\/schema\/logo\/image\/"}}]}},"_links":{"self":[{"href":"https:\/\/www.insel-moen.de\/sv\/wp-json\/wp\/v2\/pages\/969","targetHints":{"allow":["GET"]}}],"collection":[{"href":"https:\/\/www.insel-moen.de\/sv\/wp-json\/wp\/v2\/pages"}],"about":[{"href":"https:\/\/www.insel-moen.de\/sv\/wp-json\/wp\/v2\/types\/page"}],"author":[{"embeddable":true,"href":"https:\/\/www.insel-moen.de\/sv\/wp-json\/wp\/v2\/users\/3"}],"replies":[{"embeddable":true,"href":"https:\/\/www.insel-moen.de\/sv\/wp-json\/wp\/v2\/comments?post=969"}],"version-history":[{"count":0,"href":"https:\/\/www.insel-moen.de\/sv\/wp-json\/wp\/v2\/pages\/969\/revisions"}],"up":[{"embeddable":true,"href":"https:\/\/www.insel-moen.de\/sv\/wp-json\/wp\/v2\/pages\/954"}],"wp:attachment":[{"href":"https:\/\/www.insel-moen.de\/sv\/wp-json\/wp\/v2\/media?parent=969"}],"curies":[{"name":"wp","href":"https:\/\/api.w.org\/{rel}","templated":true}]}}