{"id":960,"date":"2022-08-20T06:29:39","date_gmt":"2022-08-20T06:29:39","guid":{"rendered":"https:\/\/www.insel-moen.de\/semesterhus-pa-on-mon\/"},"modified":"2024-05-16T08:15:45","modified_gmt":"2024-05-16T08:15:45","slug":"semesterhus-pa-on-mon","status":"publish","type":"page","link":"https:\/\/www.insel-moen.de\/sv\/semesterhus-pa-on-mon\/","title":{"rendered":"Semesterhus p\u00e5 \u00f6n M\u00f6n"},"content":{"rendered":"\n<div class=\"wp-block-columns has-2-columns is-layout-flex wp-container-core-columns-is-layout-9d6595d7 wp-block-columns-is-layout-flex\">\n<div class=\"wp-block-column is-layout-flow wp-block-column-is-layout-flow\">\n<figure class=\"wp-block-image\"><img loading=\"lazy\" decoding=\"async\" width=\"600\" height=\"400\" src=\"https:\/\/www.insel-moen.de\/wp-content\/uploads\/2019\/05\/Ferienhaeuser-in-Stege-auf-Moen.jpg\" alt=\"\" class=\"wp-image-199\" srcset=\"https:\/\/www.insel-moen.de\/wp-content\/uploads\/2019\/05\/Ferienhaeuser-in-Stege-auf-Moen.jpg 600w, https:\/\/www.insel-moen.de\/wp-content\/uploads\/2019\/05\/Ferienhaeuser-in-Stege-auf-Moen-300x200.jpg 300w, https:\/\/www.insel-moen.de\/wp-content\/uploads\/2019\/05\/Ferienhaeuser-in-Stege-auf-Moen-560x373.jpg 560w, https:\/\/www.insel-moen.de\/wp-content\/uploads\/2019\/05\/Ferienhaeuser-in-Stege-auf-Moen-120x80.jpg 120w\" sizes=\"auto, (max-width: 600px) 100vw, 600px\" \/><\/figure>\n\n\n<div class=\"wp-block-button\"><a class=\"wp-block-button__link has-very-dark-gray-color has-luminous-vivid-amber-background-color has-text-color has-background wp-element-button\" href=\"https:\/\/www.insel-moen.de\/sv\/platser-pa-on-mon\/broar\/\">Semesterhus i Stege<\/a><\/div>\n<\/div>\n\n\n\n<div class=\"wp-block-column is-layout-flow wp-block-column-is-layout-flow\">\n<figure class=\"wp-block-image\"><img loading=\"lazy\" decoding=\"async\" width=\"600\" height=\"400\" src=\"https:\/\/www.insel-moen.de\/wp-content\/uploads\/2019\/05\/ferienhaeuser-in-klintholm-havn-auf-moen-daenemark.jpg\" alt=\"\" class=\"wp-image-200\" srcset=\"https:\/\/www.insel-moen.de\/wp-content\/uploads\/2019\/05\/ferienhaeuser-in-klintholm-havn-auf-moen-daenemark.jpg 600w, https:\/\/www.insel-moen.de\/wp-content\/uploads\/2019\/05\/ferienhaeuser-in-klintholm-havn-auf-moen-daenemark-300x200.jpg 300w, https:\/\/www.insel-moen.de\/wp-content\/uploads\/2019\/05\/ferienhaeuser-in-klintholm-havn-auf-moen-daenemark-560x373.jpg 560w, https:\/\/www.insel-moen.de\/wp-content\/uploads\/2019\/05\/ferienhaeuser-in-klintholm-havn-auf-moen-daenemark-120x80.jpg 120w\" sizes=\"auto, (max-width: 600px) 100vw, 600px\" \/><\/figure>\n\n\n<div class=\"wp-block-button\"><a class=\"wp-block-button__link has-very-dark-gray-color has-luminous-vivid-amber-background-color has-text-color has-background wp-element-button\" href=\"https:\/\/www.insel-moen.de\/sv\/platser-pa-on-mon\/klintholm-havn\/\">Semesterhus i Klintholm Havn<\/a><\/div>\n<\/div>\n<\/div>\n\n<div style=\"width: 100%\" id=\"c24pp-holidayhome-iframe\" data-q=\"m\u00f8n\" data-tid=\"moen-de-ferienhaus\"><\/div>\n<script src=\"https:\/\/files.check24.net\/widgets\/auto\/124552\/c24pp-holidayhome-iframe\/holidayhome-iframe.js\"><\/script>\n<div class=\"wp-block-buttons is-horizontal is-content-justification-center is-layout-flex wp-container-core-buttons-is-layout-499968f5 wp-block-buttons-is-layout-flex\">\n<div class=\"wp-block-button\"><a class=\"wp-block-button__link wp-element-button\" href=\"https:\/\/a.check24.net\/misc\/click.php?pid=124552&amp;aid=18&amp;cat=12\">Visa alla tillg\u00e4ngliga semesterbost\u00e4der<\/a><\/div>\n<\/div>\n\n<h2 class=\"wp-block-heading\">Semesterhus M\u00f6n \u00f6versikt<\/h2>\n\n<p>Den lilla \u00f6n M\u00f6n, som ligger i danska S\u00f6derhavet, \u00e4r en utm\u00e4rkt plats f\u00f6r en semester i ett fritidshus. Det finns semesterbost\u00e4der f\u00f6r n\u00e4stan alla smaker p\u00e5 alla delar av \u00f6n. Vissa av dessa semesterhus ligger direkt vid stranden. Stranden p\u00e5 M\u00f6n \u00e4r delvis sandig, delvis klippig. Beroende p\u00e5 om du reser med familjen, som par eller ensam finns det olika krav p\u00e5 ett semesterhus p\u00e5 M\u00f6n.<\/p>\n\n<h2 class=\"wp-block-heading\">Popul\u00e4ra l\u00e4gen f\u00f6r semesterhus p\u00e5 M\u00f6n<\/h2>\n\n<p>Semesterhus i Ulvshale, Stege, Stevns Klint, Borre, Oddermose och Klintholm Havn \u00e4r s\u00e4rskilt popul\u00e4ra. Om du gillar det mer turbulent kan du boka ett semesterhus direkt i Stege, \u00f6ns huvudstad.<\/p>\n\n<h2 class=\"wp-block-heading\">Boka ditt semesterhus p\u00e5 M\u00f6n i god tid<\/h2>\n\n<p>Det finns bara cirka 300 semesterhus p\u00e5 M\u00f6n. D\u00e4rf\u00f6r b\u00f6r du boka i god tid, s\u00e4rskilt om du planerar en l\u00e4ngre semester under h\u00f6gs\u00e4song. De b\u00e4sta semesterbost\u00e4derna p\u00e5 Mon \u00e4r snabbt uppbokade.<br\/>Njut av naturen, bergen, klippkusten\/kritklipporna och vattnet under en \u00f6vernattning p\u00e5 M\u00f6n.<\/p>\n\n<h2 class=\"wp-block-heading\"><strong>Feriepartner M\u00f8n<\/strong><\/h2>\n\n<p>Semesterhusen p\u00e5 M\u00f6n f\u00f6rvaltas till stor del av <strong>Feriepartner M\u00f8n<\/strong>. Feriepartner M\u00f6n st\u00e5r f\u00f6r uts\u00f6kt kvalitet och p\u00e5litlig standard och service.<\/p>\n\n<div class=\"wp-block-columns has-2-columns is-layout-flex wp-container-core-columns-is-layout-9d6595d7 wp-block-columns-is-layout-flex\">\n<div class=\"wp-block-column is-layout-flow wp-block-column-is-layout-flow\">\n<figure class=\"wp-block-image\"><img loading=\"lazy\" decoding=\"async\" width=\"600\" height=\"400\" src=\"https:\/\/www.insel-moen.de\/wp-content\/uploads\/2019\/05\/ferienhaeuser-in-ulvshale-auf-moen-daenemark.jpg\" alt=\"\" class=\"wp-image-207\" srcset=\"https:\/\/www.insel-moen.de\/wp-content\/uploads\/2019\/05\/ferienhaeuser-in-ulvshale-auf-moen-daenemark.jpg 600w, https:\/\/www.insel-moen.de\/wp-content\/uploads\/2019\/05\/ferienhaeuser-in-ulvshale-auf-moen-daenemark-300x200.jpg 300w, https:\/\/www.insel-moen.de\/wp-content\/uploads\/2019\/05\/ferienhaeuser-in-ulvshale-auf-moen-daenemark-560x373.jpg 560w, https:\/\/www.insel-moen.de\/wp-content\/uploads\/2019\/05\/ferienhaeuser-in-ulvshale-auf-moen-daenemark-120x80.jpg 120w\" sizes=\"auto, (max-width: 600px) 100vw, 600px\" \/><\/figure>\n\n\n<div class=\"wp-block-button\"><a class=\"wp-block-button__link has-very-dark-gray-color has-luminous-vivid-amber-background-color has-text-color has-background wp-element-button\" href=\"https:\/\/www.insel-moen.de\/sv\/platser-pa-on-mon\/semesterbostader-i-ulvshale\/\">Semesterhus i Ulvshale<\/a><\/div>\n<\/div>\n\n\n\n<div class=\"wp-block-column is-layout-flow wp-block-column-is-layout-flow\">\n<figure class=\"wp-block-image\"><img loading=\"lazy\" decoding=\"async\" width=\"600\" height=\"400\" src=\"https:\/\/www.insel-moen.de\/wp-content\/uploads\/2019\/05\/Ferienhaus-in-Harbolle-auf-der-insel-moen-in-harbolle.jpg\" alt=\"\" class=\"wp-image-205\" srcset=\"https:\/\/www.insel-moen.de\/wp-content\/uploads\/2019\/05\/Ferienhaus-in-Harbolle-auf-der-insel-moen-in-harbolle.jpg 600w, https:\/\/www.insel-moen.de\/wp-content\/uploads\/2019\/05\/Ferienhaus-in-Harbolle-auf-der-insel-moen-in-harbolle-300x200.jpg 300w, https:\/\/www.insel-moen.de\/wp-content\/uploads\/2019\/05\/Ferienhaus-in-Harbolle-auf-der-insel-moen-in-harbolle-560x373.jpg 560w, https:\/\/www.insel-moen.de\/wp-content\/uploads\/2019\/05\/Ferienhaus-in-Harbolle-auf-der-insel-moen-in-harbolle-120x80.jpg 120w\" sizes=\"auto, (max-width: 600px) 100vw, 600px\" \/><\/figure>\n\n\n<div class=\"wp-block-button\"><a class=\"wp-block-button__link has-very-dark-gray-color has-luminous-vivid-amber-background-color has-text-color has-background wp-element-button\" href=\"https:\/\/www.insel-moen.de\/sv\/platser-pa-on-mon\/harbolle\/\">Semesterhus i Harbolle<\/a><\/div>\n<\/div>\n<\/div>\n","protected":false},"excerpt":{"rendered":"<p>Semesterhus M\u00f6n \u00f6versikt Den lilla \u00f6n M\u00f6n, som ligger i danska S\u00f6derhavet, \u00e4r en utm\u00e4rkt plats f\u00f6r en semester i ett fritidshus. Det finns semesterbost\u00e4der f\u00f6r n\u00e4stan alla smaker p\u00e5 alla delar av \u00f6n. Vissa av dessa semesterhus ligger direkt vid stranden. Stranden p\u00e5 M\u00f6n \u00e4r delvis sandig, delvis klippig. Beroende p\u00e5 om du reser [&hellip;]<\/p>\n","protected":false},"author":3,"featured_media":0,"parent":0,"menu_order":0,"comment_status":"closed","ping_status":"closed","template":"templates\/template-full-width.php","meta":{"footnotes":""},"class_list":["post-960","page","type-page","status-publish","hentry"],"yoast_head":"<!-- This site is optimized with the Yoast SEO plugin v24.5 - https:\/\/yoast.com\/wordpress\/plugins\/seo\/ -->\n<title>Semesterhus p\u00e5 \u00f6n M\u00f6n<\/title>\n<meta name=\"robots\" content=\"index, follow, max-snippet:-1, max-image-preview:large, max-video-preview:-1\" \/>\n<link rel=\"canonical\" href=\"https:\/\/www.insel-moen.de\/sv\/semesterhus-pa-on-mon\/\" \/>\n<meta property=\"og:locale\" content=\"sv_SE\" \/>\n<meta property=\"og:type\" content=\"article\" \/>\n<meta property=\"og:title\" content=\"Semesterhus p\u00e5 \u00f6n M\u00f6n\" \/>\n<meta property=\"og:description\" content=\"Semesterhus M\u00f6n \u00f6versikt Den lilla \u00f6n M\u00f6n, som ligger i danska S\u00f6derhavet, \u00e4r en utm\u00e4rkt plats f\u00f6r en semester i ett fritidshus. Det finns semesterbost\u00e4der f\u00f6r n\u00e4stan alla smaker p\u00e5 alla delar av \u00f6n. Vissa av dessa semesterhus ligger direkt vid stranden. Stranden p\u00e5 M\u00f6n \u00e4r delvis sandig, delvis klippig. Beroende p\u00e5 om du reser [&hellip;]\" \/>\n<meta property=\"og:url\" content=\"https:\/\/www.insel-moen.de\/sv\/semesterhus-pa-on-mon\/\" \/>\n<meta property=\"og:site_name\" content=\"Insel M\u00f6n\" \/>\n<meta property=\"article:modified_time\" content=\"2024-05-16T08:15:45+00:00\" \/>\n<meta property=\"og:image\" content=\"https:\/\/www.insel-moen.de\/wp-content\/uploads\/2019\/05\/Ferienhaeuser-in-Stege-auf-Moen.jpg\" \/>\n<meta name=\"twitter:card\" content=\"summary_large_image\" \/>\n<meta name=\"twitter:label1\" content=\"Ber\u00e4knad l\u00e4stid\" \/>\n\t<meta name=\"twitter:data1\" content=\"1 minut\" \/>\n<script type=\"application\/ld+json\" class=\"yoast-schema-graph\">{\"@context\":\"https:\/\/schema.org\",\"@graph\":[{\"@type\":\"WebPage\",\"@id\":\"https:\/\/www.insel-moen.de\/sv\/semesterhus-pa-on-mon\/\",\"url\":\"https:\/\/www.insel-moen.de\/sv\/semesterhus-pa-on-mon\/\",\"name\":\"Semesterhus p\u00e5 \u00f6n M\u00f6n\",\"isPartOf\":{\"@id\":\"https:\/\/www.insel-moen.de\/sv\/#website\"},\"primaryImageOfPage\":{\"@id\":\"https:\/\/www.insel-moen.de\/sv\/semesterhus-pa-on-mon\/#primaryimage\"},\"image\":{\"@id\":\"https:\/\/www.insel-moen.de\/sv\/semesterhus-pa-on-mon\/#primaryimage\"},\"thumbnailUrl\":\"https:\/\/www.insel-moen.de\/wp-content\/uploads\/2019\/05\/Ferienhaeuser-in-Stege-auf-Moen.jpg\",\"datePublished\":\"2022-08-20T06:29:39+00:00\",\"dateModified\":\"2024-05-16T08:15:45+00:00\",\"breadcrumb\":{\"@id\":\"https:\/\/www.insel-moen.de\/sv\/semesterhus-pa-on-mon\/#breadcrumb\"},\"inLanguage\":\"sv-SE\",\"potentialAction\":[{\"@type\":\"ReadAction\",\"target\":[\"https:\/\/www.insel-moen.de\/sv\/semesterhus-pa-on-mon\/\"]}]},{\"@type\":\"ImageObject\",\"inLanguage\":\"sv-SE\",\"@id\":\"https:\/\/www.insel-moen.de\/sv\/semesterhus-pa-on-mon\/#primaryimage\",\"url\":\"https:\/\/www.insel-moen.de\/wp-content\/uploads\/2019\/05\/Ferienhaeuser-in-Stege-auf-Moen.jpg\",\"contentUrl\":\"https:\/\/www.insel-moen.de\/wp-content\/uploads\/2019\/05\/Ferienhaeuser-in-Stege-auf-Moen.jpg\"},{\"@type\":\"BreadcrumbList\",\"@id\":\"https:\/\/www.insel-moen.de\/sv\/semesterhus-pa-on-mon\/#breadcrumb\",\"itemListElement\":[{\"@type\":\"ListItem\",\"position\":1,\"name\":\"Startseite\",\"item\":\"https:\/\/www.insel-moen.de\/sv\/\"},{\"@type\":\"ListItem\",\"position\":2,\"name\":\"Semesterhus p\u00e5 \u00f6n M\u00f6n\"}]},{\"@type\":\"WebSite\",\"@id\":\"https:\/\/www.insel-moen.de\/sv\/#website\",\"url\":\"https:\/\/www.insel-moen.de\/sv\/\",\"name\":\"Insel M\u00f6n\",\"description\":\"INSEL M\u00d6N - Urlaub in der D\u00e4nischen S\u00fcdsee\",\"publisher\":{\"@id\":\"https:\/\/www.insel-moen.de\/sv\/#organization\"},\"potentialAction\":[{\"@type\":\"SearchAction\",\"target\":{\"@type\":\"EntryPoint\",\"urlTemplate\":\"https:\/\/www.insel-moen.de\/sv\/?s={search_term_string}\"},\"query-input\":{\"@type\":\"PropertyValueSpecification\",\"valueRequired\":true,\"valueName\":\"search_term_string\"}}],\"inLanguage\":\"sv-SE\"},{\"@type\":\"Organization\",\"@id\":\"https:\/\/www.insel-moen.de\/sv\/#organization\",\"name\":\"www.insel-moen.de\",\"url\":\"https:\/\/www.insel-moen.de\/sv\/\",\"logo\":{\"@type\":\"ImageObject\",\"inLanguage\":\"sv-SE\",\"@id\":\"https:\/\/www.insel-moen.de\/sv\/#\/schema\/logo\/image\/\",\"url\":\"https:\/\/www.insel-moen.de\/wp-content\/uploads\/2023\/08\/cropped-daenemark-logo-neu-klein.png\",\"contentUrl\":\"https:\/\/www.insel-moen.de\/wp-content\/uploads\/2023\/08\/cropped-daenemark-logo-neu-klein.png\",\"width\":100,\"height\":101,\"caption\":\"www.insel-moen.de\"},\"image\":{\"@id\":\"https:\/\/www.insel-moen.de\/sv\/#\/schema\/logo\/image\/\"}}]}<\/script>\n<!-- \/ Yoast SEO plugin. -->","yoast_head_json":{"title":"Semesterhus p\u00e5 \u00f6n M\u00f6n","robots":{"index":"index","follow":"follow","max-snippet":"max-snippet:-1","max-image-preview":"max-image-preview:large","max-video-preview":"max-video-preview:-1"},"canonical":"https:\/\/www.insel-moen.de\/sv\/semesterhus-pa-on-mon\/","og_locale":"sv_SE","og_type":"article","og_title":"Semesterhus p\u00e5 \u00f6n M\u00f6n","og_description":"Semesterhus M\u00f6n \u00f6versikt Den lilla \u00f6n M\u00f6n, som ligger i danska S\u00f6derhavet, \u00e4r en utm\u00e4rkt plats f\u00f6r en semester i ett fritidshus. Det finns semesterbost\u00e4der f\u00f6r n\u00e4stan alla smaker p\u00e5 alla delar av \u00f6n. Vissa av dessa semesterhus ligger direkt vid stranden. Stranden p\u00e5 M\u00f6n \u00e4r delvis sandig, delvis klippig. Beroende p\u00e5 om du reser [&hellip;]","og_url":"https:\/\/www.insel-moen.de\/sv\/semesterhus-pa-on-mon\/","og_site_name":"Insel M\u00f6n","article_modified_time":"2024-05-16T08:15:45+00:00","og_image":[{"url":"https:\/\/www.insel-moen.de\/wp-content\/uploads\/2019\/05\/Ferienhaeuser-in-Stege-auf-Moen.jpg","type":"","width":"","height":""}],"twitter_card":"summary_large_image","twitter_misc":{"Ber\u00e4knad l\u00e4stid":"1 minut"},"schema":{"@context":"https:\/\/schema.org","@graph":[{"@type":"WebPage","@id":"https:\/\/www.insel-moen.de\/sv\/semesterhus-pa-on-mon\/","url":"https:\/\/www.insel-moen.de\/sv\/semesterhus-pa-on-mon\/","name":"Semesterhus p\u00e5 \u00f6n M\u00f6n","isPartOf":{"@id":"https:\/\/www.insel-moen.de\/sv\/#website"},"primaryImageOfPage":{"@id":"https:\/\/www.insel-moen.de\/sv\/semesterhus-pa-on-mon\/#primaryimage"},"image":{"@id":"https:\/\/www.insel-moen.de\/sv\/semesterhus-pa-on-mon\/#primaryimage"},"thumbnailUrl":"https:\/\/www.insel-moen.de\/wp-content\/uploads\/2019\/05\/Ferienhaeuser-in-Stege-auf-Moen.jpg","datePublished":"2022-08-20T06:29:39+00:00","dateModified":"2024-05-16T08:15:45+00:00","breadcrumb":{"@id":"https:\/\/www.insel-moen.de\/sv\/semesterhus-pa-on-mon\/#breadcrumb"},"inLanguage":"sv-SE","potentialAction":[{"@type":"ReadAction","target":["https:\/\/www.insel-moen.de\/sv\/semesterhus-pa-on-mon\/"]}]},{"@type":"ImageObject","inLanguage":"sv-SE","@id":"https:\/\/www.insel-moen.de\/sv\/semesterhus-pa-on-mon\/#primaryimage","url":"https:\/\/www.insel-moen.de\/wp-content\/uploads\/2019\/05\/Ferienhaeuser-in-Stege-auf-Moen.jpg","contentUrl":"https:\/\/www.insel-moen.de\/wp-content\/uploads\/2019\/05\/Ferienhaeuser-in-Stege-auf-Moen.jpg"},{"@type":"BreadcrumbList","@id":"https:\/\/www.insel-moen.de\/sv\/semesterhus-pa-on-mon\/#breadcrumb","itemListElement":[{"@type":"ListItem","position":1,"name":"Startseite","item":"https:\/\/www.insel-moen.de\/sv\/"},{"@type":"ListItem","position":2,"name":"Semesterhus p\u00e5 \u00f6n M\u00f6n"}]},{"@type":"WebSite","@id":"https:\/\/www.insel-moen.de\/sv\/#website","url":"https:\/\/www.insel-moen.de\/sv\/","name":"Insel M\u00f6n","description":"INSEL M\u00d6N - Urlaub in der D\u00e4nischen S\u00fcdsee","publisher":{"@id":"https:\/\/www.insel-moen.de\/sv\/#organization"},"potentialAction":[{"@type":"SearchAction","target":{"@type":"EntryPoint","urlTemplate":"https:\/\/www.insel-moen.de\/sv\/?s={search_term_string}"},"query-input":{"@type":"PropertyValueSpecification","valueRequired":true,"valueName":"search_term_string"}}],"inLanguage":"sv-SE"},{"@type":"Organization","@id":"https:\/\/www.insel-moen.de\/sv\/#organization","name":"www.insel-moen.de","url":"https:\/\/www.insel-moen.de\/sv\/","logo":{"@type":"ImageObject","inLanguage":"sv-SE","@id":"https:\/\/www.insel-moen.de\/sv\/#\/schema\/logo\/image\/","url":"https:\/\/www.insel-moen.de\/wp-content\/uploads\/2023\/08\/cropped-daenemark-logo-neu-klein.png","contentUrl":"https:\/\/www.insel-moen.de\/wp-content\/uploads\/2023\/08\/cropped-daenemark-logo-neu-klein.png","width":100,"height":101,"caption":"www.insel-moen.de"},"image":{"@id":"https:\/\/www.insel-moen.de\/sv\/#\/schema\/logo\/image\/"}}]}},"_links":{"self":[{"href":"https:\/\/www.insel-moen.de\/sv\/wp-json\/wp\/v2\/pages\/960","targetHints":{"allow":["GET"]}}],"collection":[{"href":"https:\/\/www.insel-moen.de\/sv\/wp-json\/wp\/v2\/pages"}],"about":[{"href":"https:\/\/www.insel-moen.de\/sv\/wp-json\/wp\/v2\/types\/page"}],"author":[{"embeddable":true,"href":"https:\/\/www.insel-moen.de\/sv\/wp-json\/wp\/v2\/users\/3"}],"replies":[{"embeddable":true,"href":"https:\/\/www.insel-moen.de\/sv\/wp-json\/wp\/v2\/comments?post=960"}],"version-history":[{"count":17,"href":"https:\/\/www.insel-moen.de\/sv\/wp-json\/wp\/v2\/pages\/960\/revisions"}],"predecessor-version":[{"id":6606,"href":"https:\/\/www.insel-moen.de\/sv\/wp-json\/wp\/v2\/pages\/960\/revisions\/6606"}],"wp:attachment":[{"href":"https:\/\/www.insel-moen.de\/sv\/wp-json\/wp\/v2\/media?parent=960"}],"curies":[{"name":"wp","href":"https:\/\/api.w.org\/{rel}","templated":true}]}}