{"id":6617,"date":"2024-03-03T07:32:07","date_gmt":"2024-03-03T07:32:07","guid":{"rendered":"https:\/\/www.insel-moen.de\/upptaeck-geocentre-moens-klint-en-port-till-det-foerflutna\/"},"modified":"2024-05-16T08:15:55","modified_gmt":"2024-05-16T08:15:55","slug":"upptaeck-geocentre-moens-klint-en-port-till-det-foerflutna","status":"publish","type":"page","link":"https:\/\/www.insel-moen.de\/sv\/aktiviteter-pa-on-mon\/upptaeck-geocentre-moens-klint-en-port-till-det-foerflutna\/","title":{"rendered":"Uppt\u00e4ck GeoCentre M\u00f8ns Klint: En port till det f\u00f6rflutna"},"content":{"rendered":"\n<p>GeoCenter M\u00f8ns Klint \u00e4r inte bara en h\u00f6jdpunkt f\u00f6r natur- och historie\u00e4lskare, utan ocks\u00e5 ett vittnesb\u00f6rd om den djupa kopplingen mellan m\u00e4nniska och jord. Anl\u00e4ggningen ligger vid M\u00f8ns hisnande kritklippor och erbjuder en unik kombination av utbildning, \u00e4ventyr och vacker natur.<\/p>\n\n<h2 class=\"wp-block-heading\">Inblickar i GeoCentre<\/h2>\n\n<p>GeoCenter M\u00f8ns Klint fungerar som ett levande museum som f\u00f6rmedlar jordens geologiska underverk och kritklippornas historia p\u00e5 ett interaktivt s\u00e4tt. H\u00e4r kan bes\u00f6karna f\u00f6lja jordens utveckling, fr\u00e5n den tid d\u00e5 Danmark t\u00e4cktes av en varm havsarm till istiden.  <\/p>\n\n<figure class=\"wp-block-image size-large\"><a href=\"https:\/\/www.insel-moen.de\/wp-content\/uploads\/2024\/03\/mikroskopieren-im-geocenter-moens-klint-1024x525.jpeg\"><img loading=\"lazy\" decoding=\"async\" width=\"1024\" height=\"525\" src=\"https:\/\/www.insel-moen.de\/wp-content\/uploads\/2024\/03\/mikroskopieren-im-geocenter-moens-klint-1024x525.jpeg\" alt=\"\" class=\"wp-image-6687\" srcset=\"https:\/\/www.insel-moen.de\/wp-content\/uploads\/2024\/03\/mikroskopieren-im-geocenter-moens-klint-1024x525.jpeg 1024w, https:\/\/www.insel-moen.de\/wp-content\/uploads\/2024\/03\/mikroskopieren-im-geocenter-moens-klint-300x154.jpeg 300w, https:\/\/www.insel-moen.de\/wp-content\/uploads\/2024\/03\/mikroskopieren-im-geocenter-moens-klint-768x394.jpeg 768w, https:\/\/www.insel-moen.de\/wp-content\/uploads\/2024\/03\/mikroskopieren-im-geocenter-moens-klint-810x415.jpeg 810w, https:\/\/www.insel-moen.de\/wp-content\/uploads\/2024\/03\/mikroskopieren-im-geocenter-moens-klint.jpeg 1170w\" sizes=\"auto, (max-width: 1024px) 100vw, 1024px\" \/><\/a><\/figure>\n<p>GeoCentre-utst\u00e4llningen \u00e4r fylld av aktiviteter som \u00e4r b\u00e5de l\u00e4rorika och underh\u00e5llande f\u00f6r alla \u00e5ldrar. S\u00e4rskilt anm\u00e4rkningsv\u00e4rda \u00e4r verken av fem av Danmarks b\u00e4sta konstn\u00e4rer, som skildrar sina visioner av den geologiska skapelsen av M\u00f8ns Klint.<\/p>\n\n<figure class=\"wp-block-image size-large\"><a href=\"https:\/\/www.insel-moen.de\/wp-content\/uploads\/2024\/03\/moens-klint-geocenter-interaktive-ausstellung-1024x521.jpg\"><img loading=\"lazy\" decoding=\"async\" width=\"1024\" height=\"521\" src=\"https:\/\/www.insel-moen.de\/wp-content\/uploads\/2024\/03\/moens-klint-geocenter-interaktive-ausstellung-1024x521.jpg\" alt=\"H&#xE4;r kan du l&#xE4;ra dig mer om tidvatten och effekten av v&#xE5;gor och vind. Verkligen bra!\" class=\"wp-image-6621\" srcset=\"https:\/\/www.insel-moen.de\/wp-content\/uploads\/2024\/03\/moens-klint-geocenter-interaktive-ausstellung-1024x521.jpg 1024w, https:\/\/www.insel-moen.de\/wp-content\/uploads\/2024\/03\/moens-klint-geocenter-interaktive-ausstellung-300x153.jpg 300w, https:\/\/www.insel-moen.de\/wp-content\/uploads\/2024\/03\/moens-klint-geocenter-interaktive-ausstellung-768x391.jpg 768w, https:\/\/www.insel-moen.de\/wp-content\/uploads\/2024\/03\/moens-klint-geocenter-interaktive-ausstellung-1536x782.jpg 1536w, https:\/\/www.insel-moen.de\/wp-content\/uploads\/2024\/03\/moens-klint-geocenter-interaktive-ausstellung-2048x1042.jpg 2048w, https:\/\/www.insel-moen.de\/wp-content\/uploads\/2024\/03\/moens-klint-geocenter-interaktive-ausstellung-810x412.jpg 810w, https:\/\/www.insel-moen.de\/wp-content\/uploads\/2024\/03\/moens-klint-geocenter-interaktive-ausstellung-1200x611.jpg 1200w, https:\/\/www.insel-moen.de\/wp-content\/uploads\/2024\/03\/moens-klint-geocenter-interaktive-ausstellung-1980x1008.jpg 1980w\" sizes=\"auto, (max-width: 1024px) 100vw, 1024px\" \/><\/a><\/figure>\n<h2 class=\"wp-block-heading\">Upplev naturen<\/h2>\n\n<p>F\u00f6rutom den fascinerande utst\u00e4llningen \u00e4r GeoCenter ocks\u00e5 en idealisk utg\u00e5ngspunkt f\u00f6r att utforska den omgivande naturen. Med en m\u00e4ngd olika utomhusaktiviteter, allt fr\u00e5n vandring p\u00e5 markerade leder till mountainbiketurer, inbjuder omr\u00e5det runt GeoCentre dig att utforska det unika landskapet i M\u00f8ns Klint till fots eller p\u00e5 tv\u00e5 hjul. F\u00f6r dem som vill uppleva naturen fr\u00e5n dess lugnare sida finns det picknickplatser och \u00f6vernattningsm\u00f6jligheter i primitiva vindskydd.<\/p>\n\n<figure class=\"wp-block-image size-large\"><a href=\"https:\/\/www.insel-moen.de\/wp-content\/uploads\/2024\/03\/radfahrer-am-moens-klint-beim-geocenter-1024x525.jpeg\"><img loading=\"lazy\" decoding=\"async\" width=\"1024\" height=\"525\" src=\"https:\/\/www.insel-moen.de\/wp-content\/uploads\/2024\/03\/radfahrer-am-moens-klint-beim-geocenter-1024x525.jpeg\" alt=\"\" class=\"wp-image-6635\" srcset=\"https:\/\/www.insel-moen.de\/wp-content\/uploads\/2024\/03\/radfahrer-am-moens-klint-beim-geocenter-1024x525.jpeg 1024w, https:\/\/www.insel-moen.de\/wp-content\/uploads\/2024\/03\/radfahrer-am-moens-klint-beim-geocenter-300x154.jpeg 300w, https:\/\/www.insel-moen.de\/wp-content\/uploads\/2024\/03\/radfahrer-am-moens-klint-beim-geocenter-768x394.jpeg 768w, https:\/\/www.insel-moen.de\/wp-content\/uploads\/2024\/03\/radfahrer-am-moens-klint-beim-geocenter-810x415.jpeg 810w, https:\/\/www.insel-moen.de\/wp-content\/uploads\/2024\/03\/radfahrer-am-moens-klint-beim-geocenter.jpeg 1170w\" sizes=\"auto, (max-width: 1024px) 100vw, 1024px\" \/><\/a><\/figure>\n<h2 class=\"wp-block-heading\">Information om ankomst och bes\u00f6k<\/h2>\n\n<p>GeoCenter M\u00f8ns Klint ligger n\u00e4ra de imponerande kritklipporna och \u00e4r l\u00e4tt att hitta. Adressen f\u00f6r satellitnavigering \u00e4r &#8220;Steng\u00e5rdsvej 8, 4791 Borre, Danmark&#8221;. Det finns en stor avgiftsbelagd parkeringsplats och flera mindre parkeringsplatser i n\u00e4rheten. Cyklister b\u00f6r anv\u00e4nda cykelv\u00e4gen &#8220;Kridtstien&#8221;, som erbjuder en s\u00e4ker v\u00e4g till GeoCentre. Hundar \u00e4r v\u00e4lkomna s\u00e5 l\u00e4nge de h\u00e5lls kopplade.<\/p>\n\n<p>F\u00f6r mer information, \u00f6ppettider och speciella evenemang, bes\u00f6k den officiella webbplatsen <a href=\"http:\/\/www.moensklint.dk\">www.moensklint.dk<\/a> eller <a href=\"http:\/\/www.naturstyrelsen.dk\">www.naturstyrelsen.dk<\/a>, d\u00e4r du ocks\u00e5 hittar detaljerade kartor och v\u00e4gbeskrivningar.<\/p>\n\n<figure class=\"wp-block-image size-large\"><a href=\"https:\/\/www.insel-moen.de\/wp-content\/uploads\/2024\/03\/geocener-aussenansicht-moensklint-1024x525.jpeg\"><img loading=\"lazy\" decoding=\"async\" width=\"1024\" height=\"525\" src=\"https:\/\/www.insel-moen.de\/wp-content\/uploads\/2024\/03\/geocener-aussenansicht-moensklint-1024x525.jpeg\" alt=\"\" class=\"wp-image-6652\" srcset=\"https:\/\/www.insel-moen.de\/wp-content\/uploads\/2024\/03\/geocener-aussenansicht-moensklint-1024x525.jpeg 1024w, https:\/\/www.insel-moen.de\/wp-content\/uploads\/2024\/03\/geocener-aussenansicht-moensklint-300x154.jpeg 300w, https:\/\/www.insel-moen.de\/wp-content\/uploads\/2024\/03\/geocener-aussenansicht-moensklint-768x394.jpeg 768w, https:\/\/www.insel-moen.de\/wp-content\/uploads\/2024\/03\/geocener-aussenansicht-moensklint-810x415.jpeg 810w, https:\/\/www.insel-moen.de\/wp-content\/uploads\/2024\/03\/geocener-aussenansicht-moensklint.jpeg 1170w\" sizes=\"auto, (max-width: 1024px) 100vw, 1024px\" \/><\/a><\/figure>\n<h2 class=\"wp-block-heading\">Gastronomi och catering<\/h2>\n\n<p>Du beh\u00f6ver inte g\u00e5 hungrig under din vistelse p\u00e5 GeoCenter M\u00f8ns Klint. I GeoCenter hittar du ett urval av cateringalternativ som str\u00e4cker sig fr\u00e5n sm\u00e5 snacks till hela m\u00e5ltider. K\u00f6ket \u00e4r inriktat p\u00e5 f\u00e4rska, lokala r\u00e5varor och erbjuder en variation som tillfredsst\u00e4ller alla smakl\u00f6kar. Njut av din m\u00e5ltid med utsikt \u00f6ver det hisnande landskapet som omger M\u00f8ns Klint.<\/p>\n\n<figure class=\"wp-block-image size-large\"><a href=\"https:\/\/www.insel-moen.de\/wp-content\/uploads\/2024\/03\/moens-klint-2_&#xA9;Daniel-Villadsen-medium.jpg\"><img decoding=\"async\" src=\"https:\/\/www.insel-moen.de\/wp-content\/uploads\/2024\/03\/moens-klint-2_&#xA9;Daniel-Villadsen-medium-1024x768.jpg\" alt=\"Foto: &#xA9; Daniel Villadsen\" class=\"wp-image-6670\"\/><\/a><\/figure>\n<h2 class=\"wp-block-heading\">Slutsats<\/h2>\n\n<p>GeoCenter M\u00f8ns Klint \u00e4r en plats som inte bara f\u00f6rmedlar kunskap, utan ocks\u00e5 inbjuder till f\u00f6rundran och uppt\u00e4ckter. H\u00e4r erbjuds en perfekt blandning av utbildning och naturupplevelser, inb\u00e4ddat i det hisnande landskapet p\u00e5 M\u00f8n. Ett bes\u00f6k h\u00e4r \u00e4r en of\u00f6rgl\u00f6mlig upplevelse som inspirerar bes\u00f6kare i alla \u00e5ldrar och f\u00f6r dem n\u00e4rmare sk\u00f6nheten p\u00e5 v\u00e5r planet.<\/p>\n","protected":false},"excerpt":{"rendered":"<p>GeoCenter M\u00f8ns Klint \u00e4r inte bara en h\u00f6jdpunkt f\u00f6r natur- och historie\u00e4lskare, utan ocks\u00e5 ett vittnesb\u00f6rd om den djupa kopplingen mellan m\u00e4nniska och jord. Anl\u00e4ggningen ligger vid M\u00f8ns hisnande kritklippor och erbjuder en unik kombination av utbildning, \u00e4ventyr och vacker natur. Inblickar i GeoCentre GeoCenter M\u00f8ns Klint fungerar som ett levande museum som f\u00f6rmedlar jordens [&hellip;]<\/p>\n","protected":false},"author":3,"featured_media":6613,"parent":954,"menu_order":0,"comment_status":"closed","ping_status":"closed","template":"templates\/template-full-width.php","meta":{"footnotes":""},"class_list":["post-6617","page","type-page","status-publish","has-post-thumbnail","hentry"],"yoast_head":"<!-- This site is optimized with the Yoast SEO plugin v24.5 - https:\/\/yoast.com\/wordpress\/plugins\/seo\/ -->\n<title>Uppt\u00e4ck GeoCentre M\u00f8ns Klint: En port till det f\u00f6rflutna<\/title>\n<meta name=\"robots\" content=\"index, follow, max-snippet:-1, max-image-preview:large, max-video-preview:-1\" \/>\n<link rel=\"canonical\" href=\"https:\/\/www.insel-moen.de\/sv\/aktiviteter-pa-on-mon\/upptaeck-geocentre-moens-klint-en-port-till-det-foerflutna\/\" \/>\n<meta property=\"og:locale\" content=\"sv_SE\" \/>\n<meta property=\"og:type\" content=\"article\" \/>\n<meta property=\"og:title\" content=\"Uppt\u00e4ck GeoCentre M\u00f8ns Klint: En port till det f\u00f6rflutna\" \/>\n<meta property=\"og:description\" content=\"GeoCenter M\u00f8ns Klint \u00e4r inte bara en h\u00f6jdpunkt f\u00f6r natur- och historie\u00e4lskare, utan ocks\u00e5 ett vittnesb\u00f6rd om den djupa kopplingen mellan m\u00e4nniska och jord. Anl\u00e4ggningen ligger vid M\u00f8ns hisnande kritklippor och erbjuder en unik kombination av utbildning, \u00e4ventyr och vacker natur. Inblickar i GeoCentre GeoCenter M\u00f8ns Klint fungerar som ett levande museum som f\u00f6rmedlar jordens [&hellip;]\" \/>\n<meta property=\"og:url\" content=\"https:\/\/www.insel-moen.de\/sv\/aktiviteter-pa-on-mon\/upptaeck-geocentre-moens-klint-en-port-till-det-foerflutna\/\" \/>\n<meta property=\"og:site_name\" content=\"Insel M\u00f6n\" \/>\n<meta property=\"article:modified_time\" content=\"2024-05-16T08:15:55+00:00\" \/>\n<meta property=\"og:image\" content=\"https:\/\/www.insel-moen.de\/wp-content\/uploads\/2024\/03\/geocenter-moens-klint-1-1024x525.jpg\" \/>\n\t<meta property=\"og:image:width\" content=\"1024\" \/>\n\t<meta property=\"og:image:height\" content=\"525\" \/>\n\t<meta property=\"og:image:type\" content=\"image\/jpeg\" \/>\n<meta name=\"twitter:card\" content=\"summary_large_image\" \/>\n<meta name=\"twitter:label1\" content=\"Ber\u00e4knad l\u00e4stid\" \/>\n\t<meta name=\"twitter:data1\" content=\"2 minuter\" \/>\n<script type=\"application\/ld+json\" class=\"yoast-schema-graph\">{\"@context\":\"https:\/\/schema.org\",\"@graph\":[{\"@type\":\"WebPage\",\"@id\":\"https:\/\/www.insel-moen.de\/sv\/aktiviteter-pa-on-mon\/upptaeck-geocentre-moens-klint-en-port-till-det-foerflutna\/\",\"url\":\"https:\/\/www.insel-moen.de\/sv\/aktiviteter-pa-on-mon\/upptaeck-geocentre-moens-klint-en-port-till-det-foerflutna\/\",\"name\":\"Uppt\u00e4ck GeoCentre M\u00f8ns Klint: En port till det f\u00f6rflutna\",\"isPartOf\":{\"@id\":\"https:\/\/www.insel-moen.de\/sv\/#website\"},\"primaryImageOfPage\":{\"@id\":\"https:\/\/www.insel-moen.de\/sv\/aktiviteter-pa-on-mon\/upptaeck-geocentre-moens-klint-en-port-till-det-foerflutna\/#primaryimage\"},\"image\":{\"@id\":\"https:\/\/www.insel-moen.de\/sv\/aktiviteter-pa-on-mon\/upptaeck-geocentre-moens-klint-en-port-till-det-foerflutna\/#primaryimage\"},\"thumbnailUrl\":\"https:\/\/www.insel-moen.de\/wp-content\/uploads\/2024\/03\/geocenter-moens-klint-1.jpg\",\"datePublished\":\"2024-03-03T07:32:07+00:00\",\"dateModified\":\"2024-05-16T08:15:55+00:00\",\"breadcrumb\":{\"@id\":\"https:\/\/www.insel-moen.de\/sv\/aktiviteter-pa-on-mon\/upptaeck-geocentre-moens-klint-en-port-till-det-foerflutna\/#breadcrumb\"},\"inLanguage\":\"sv-SE\",\"potentialAction\":[{\"@type\":\"ReadAction\",\"target\":[\"https:\/\/www.insel-moen.de\/sv\/aktiviteter-pa-on-mon\/upptaeck-geocentre-moens-klint-en-port-till-det-foerflutna\/\"]}]},{\"@type\":\"ImageObject\",\"inLanguage\":\"sv-SE\",\"@id\":\"https:\/\/www.insel-moen.de\/sv\/aktiviteter-pa-on-mon\/upptaeck-geocentre-moens-klint-en-port-till-det-foerflutna\/#primaryimage\",\"url\":\"https:\/\/www.insel-moen.de\/wp-content\/uploads\/2024\/03\/geocenter-moens-klint-1.jpg\",\"contentUrl\":\"https:\/\/www.insel-moen.de\/wp-content\/uploads\/2024\/03\/geocenter-moens-klint-1.jpg\",\"width\":2332,\"height\":1196},{\"@type\":\"BreadcrumbList\",\"@id\":\"https:\/\/www.insel-moen.de\/sv\/aktiviteter-pa-on-mon\/upptaeck-geocentre-moens-klint-en-port-till-det-foerflutna\/#breadcrumb\",\"itemListElement\":[{\"@type\":\"ListItem\",\"position\":1,\"name\":\"Startseite\",\"item\":\"https:\/\/www.insel-moen.de\/sv\/\"},{\"@type\":\"ListItem\",\"position\":2,\"name\":\"Sev\u00e4rdheter och aktiviteter p\u00e5 M\u00f8n\",\"item\":\"https:\/\/www.insel-moen.de\/sv\/aktiviteter-pa-on-mon\/\"},{\"@type\":\"ListItem\",\"position\":3,\"name\":\"Uppt\u00e4ck GeoCentre M\u00f8ns Klint: En port till det f\u00f6rflutna\"}]},{\"@type\":\"WebSite\",\"@id\":\"https:\/\/www.insel-moen.de\/sv\/#website\",\"url\":\"https:\/\/www.insel-moen.de\/sv\/\",\"name\":\"Insel M\u00f6n\",\"description\":\"INSEL M\u00d6N - Urlaub in der D\u00e4nischen S\u00fcdsee\",\"publisher\":{\"@id\":\"https:\/\/www.insel-moen.de\/sv\/#organization\"},\"potentialAction\":[{\"@type\":\"SearchAction\",\"target\":{\"@type\":\"EntryPoint\",\"urlTemplate\":\"https:\/\/www.insel-moen.de\/sv\/?s={search_term_string}\"},\"query-input\":{\"@type\":\"PropertyValueSpecification\",\"valueRequired\":true,\"valueName\":\"search_term_string\"}}],\"inLanguage\":\"sv-SE\"},{\"@type\":\"Organization\",\"@id\":\"https:\/\/www.insel-moen.de\/sv\/#organization\",\"name\":\"www.insel-moen.de\",\"url\":\"https:\/\/www.insel-moen.de\/sv\/\",\"logo\":{\"@type\":\"ImageObject\",\"inLanguage\":\"sv-SE\",\"@id\":\"https:\/\/www.insel-moen.de\/sv\/#\/schema\/logo\/image\/\",\"url\":\"https:\/\/www.insel-moen.de\/wp-content\/uploads\/2023\/08\/cropped-daenemark-logo-neu-klein.png\",\"contentUrl\":\"https:\/\/www.insel-moen.de\/wp-content\/uploads\/2023\/08\/cropped-daenemark-logo-neu-klein.png\",\"width\":100,\"height\":101,\"caption\":\"www.insel-moen.de\"},\"image\":{\"@id\":\"https:\/\/www.insel-moen.de\/sv\/#\/schema\/logo\/image\/\"}}]}<\/script>\n<!-- \/ Yoast SEO plugin. -->","yoast_head_json":{"title":"Uppt\u00e4ck GeoCentre M\u00f8ns Klint: En port till det f\u00f6rflutna","robots":{"index":"index","follow":"follow","max-snippet":"max-snippet:-1","max-image-preview":"max-image-preview:large","max-video-preview":"max-video-preview:-1"},"canonical":"https:\/\/www.insel-moen.de\/sv\/aktiviteter-pa-on-mon\/upptaeck-geocentre-moens-klint-en-port-till-det-foerflutna\/","og_locale":"sv_SE","og_type":"article","og_title":"Uppt\u00e4ck GeoCentre M\u00f8ns Klint: En port till det f\u00f6rflutna","og_description":"GeoCenter M\u00f8ns Klint \u00e4r inte bara en h\u00f6jdpunkt f\u00f6r natur- och historie\u00e4lskare, utan ocks\u00e5 ett vittnesb\u00f6rd om den djupa kopplingen mellan m\u00e4nniska och jord. Anl\u00e4ggningen ligger vid M\u00f8ns hisnande kritklippor och erbjuder en unik kombination av utbildning, \u00e4ventyr och vacker natur. Inblickar i GeoCentre GeoCenter M\u00f8ns Klint fungerar som ett levande museum som f\u00f6rmedlar jordens [&hellip;]","og_url":"https:\/\/www.insel-moen.de\/sv\/aktiviteter-pa-on-mon\/upptaeck-geocentre-moens-klint-en-port-till-det-foerflutna\/","og_site_name":"Insel M\u00f6n","article_modified_time":"2024-05-16T08:15:55+00:00","og_image":[{"width":1024,"height":525,"url":"https:\/\/www.insel-moen.de\/wp-content\/uploads\/2024\/03\/geocenter-moens-klint-1-1024x525.jpg","type":"image\/jpeg"}],"twitter_card":"summary_large_image","twitter_misc":{"Ber\u00e4knad l\u00e4stid":"2 minuter"},"schema":{"@context":"https:\/\/schema.org","@graph":[{"@type":"WebPage","@id":"https:\/\/www.insel-moen.de\/sv\/aktiviteter-pa-on-mon\/upptaeck-geocentre-moens-klint-en-port-till-det-foerflutna\/","url":"https:\/\/www.insel-moen.de\/sv\/aktiviteter-pa-on-mon\/upptaeck-geocentre-moens-klint-en-port-till-det-foerflutna\/","name":"Uppt\u00e4ck GeoCentre M\u00f8ns Klint: En port till det f\u00f6rflutna","isPartOf":{"@id":"https:\/\/www.insel-moen.de\/sv\/#website"},"primaryImageOfPage":{"@id":"https:\/\/www.insel-moen.de\/sv\/aktiviteter-pa-on-mon\/upptaeck-geocentre-moens-klint-en-port-till-det-foerflutna\/#primaryimage"},"image":{"@id":"https:\/\/www.insel-moen.de\/sv\/aktiviteter-pa-on-mon\/upptaeck-geocentre-moens-klint-en-port-till-det-foerflutna\/#primaryimage"},"thumbnailUrl":"https:\/\/www.insel-moen.de\/wp-content\/uploads\/2024\/03\/geocenter-moens-klint-1.jpg","datePublished":"2024-03-03T07:32:07+00:00","dateModified":"2024-05-16T08:15:55+00:00","breadcrumb":{"@id":"https:\/\/www.insel-moen.de\/sv\/aktiviteter-pa-on-mon\/upptaeck-geocentre-moens-klint-en-port-till-det-foerflutna\/#breadcrumb"},"inLanguage":"sv-SE","potentialAction":[{"@type":"ReadAction","target":["https:\/\/www.insel-moen.de\/sv\/aktiviteter-pa-on-mon\/upptaeck-geocentre-moens-klint-en-port-till-det-foerflutna\/"]}]},{"@type":"ImageObject","inLanguage":"sv-SE","@id":"https:\/\/www.insel-moen.de\/sv\/aktiviteter-pa-on-mon\/upptaeck-geocentre-moens-klint-en-port-till-det-foerflutna\/#primaryimage","url":"https:\/\/www.insel-moen.de\/wp-content\/uploads\/2024\/03\/geocenter-moens-klint-1.jpg","contentUrl":"https:\/\/www.insel-moen.de\/wp-content\/uploads\/2024\/03\/geocenter-moens-klint-1.jpg","width":2332,"height":1196},{"@type":"BreadcrumbList","@id":"https:\/\/www.insel-moen.de\/sv\/aktiviteter-pa-on-mon\/upptaeck-geocentre-moens-klint-en-port-till-det-foerflutna\/#breadcrumb","itemListElement":[{"@type":"ListItem","position":1,"name":"Startseite","item":"https:\/\/www.insel-moen.de\/sv\/"},{"@type":"ListItem","position":2,"name":"Sev\u00e4rdheter och aktiviteter p\u00e5 M\u00f8n","item":"https:\/\/www.insel-moen.de\/sv\/aktiviteter-pa-on-mon\/"},{"@type":"ListItem","position":3,"name":"Uppt\u00e4ck GeoCentre M\u00f8ns Klint: En port till det f\u00f6rflutna"}]},{"@type":"WebSite","@id":"https:\/\/www.insel-moen.de\/sv\/#website","url":"https:\/\/www.insel-moen.de\/sv\/","name":"Insel M\u00f6n","description":"INSEL M\u00d6N - Urlaub in der D\u00e4nischen S\u00fcdsee","publisher":{"@id":"https:\/\/www.insel-moen.de\/sv\/#organization"},"potentialAction":[{"@type":"SearchAction","target":{"@type":"EntryPoint","urlTemplate":"https:\/\/www.insel-moen.de\/sv\/?s={search_term_string}"},"query-input":{"@type":"PropertyValueSpecification","valueRequired":true,"valueName":"search_term_string"}}],"inLanguage":"sv-SE"},{"@type":"Organization","@id":"https:\/\/www.insel-moen.de\/sv\/#organization","name":"www.insel-moen.de","url":"https:\/\/www.insel-moen.de\/sv\/","logo":{"@type":"ImageObject","inLanguage":"sv-SE","@id":"https:\/\/www.insel-moen.de\/sv\/#\/schema\/logo\/image\/","url":"https:\/\/www.insel-moen.de\/wp-content\/uploads\/2023\/08\/cropped-daenemark-logo-neu-klein.png","contentUrl":"https:\/\/www.insel-moen.de\/wp-content\/uploads\/2023\/08\/cropped-daenemark-logo-neu-klein.png","width":100,"height":101,"caption":"www.insel-moen.de"},"image":{"@id":"https:\/\/www.insel-moen.de\/sv\/#\/schema\/logo\/image\/"}}]}},"_links":{"self":[{"href":"https:\/\/www.insel-moen.de\/sv\/wp-json\/wp\/v2\/pages\/6617","targetHints":{"allow":["GET"]}}],"collection":[{"href":"https:\/\/www.insel-moen.de\/sv\/wp-json\/wp\/v2\/pages"}],"about":[{"href":"https:\/\/www.insel-moen.de\/sv\/wp-json\/wp\/v2\/types\/page"}],"author":[{"embeddable":true,"href":"https:\/\/www.insel-moen.de\/sv\/wp-json\/wp\/v2\/users\/3"}],"replies":[{"embeddable":true,"href":"https:\/\/www.insel-moen.de\/sv\/wp-json\/wp\/v2\/comments?post=6617"}],"version-history":[{"count":24,"href":"https:\/\/www.insel-moen.de\/sv\/wp-json\/wp\/v2\/pages\/6617\/revisions"}],"predecessor-version":[{"id":7835,"href":"https:\/\/www.insel-moen.de\/sv\/wp-json\/wp\/v2\/pages\/6617\/revisions\/7835"}],"up":[{"embeddable":true,"href":"https:\/\/www.insel-moen.de\/sv\/wp-json\/wp\/v2\/pages\/954"}],"wp:featuredmedia":[{"embeddable":true,"href":"https:\/\/www.insel-moen.de\/sv\/wp-json\/wp\/v2\/media\/6613"}],"wp:attachment":[{"href":"https:\/\/www.insel-moen.de\/sv\/wp-json\/wp\/v2\/media?parent=6617"}],"curies":[{"name":"wp","href":"https:\/\/api.w.org\/{rel}","templated":true}]}}