{"id":1009,"date":"2022-08-20T06:35:57","date_gmt":"2022-08-20T06:35:57","guid":{"rendered":"https:\/\/www.insel-moen.de\/aktiviteter-pa-on-mon\/fiske-pa-on-mon\/"},"modified":"2024-03-18T16:20:10","modified_gmt":"2024-03-18T16:20:10","slug":"fiske-pa-on-mon","status":"publish","type":"page","link":"https:\/\/www.insel-moen.de\/sv\/aktiviteter-pa-on-mon\/fiske-pa-on-mon\/","title":{"rendered":"Fiske p\u00e5 \u00f6n M\u00f8n"},"content":{"rendered":"\n<p class=\"has-drop-cap\">\u00d6n har vackra vita sandstr\u00e4nder, h\u00f6ga klippor och steniga kuster. I den h\u00e4r bloggen kommer jag att fokusera p\u00e5 fisket p\u00e5 M\u00f8n. Fisket p\u00e5 M\u00f8n \u00e4r mycket popul\u00e4rt bland lokalbefolkningen och turister. Tidigt p\u00e5 morgonen, n\u00e4r vattnet \u00e4r klart, kan du se de f\u00e4rgglada rosa och bl\u00e5 r\u00e4nderna i vattnet. Under de djupa m\u00f6rka n\u00e4tterna g\u00e5r fiskarna ut p\u00e5 vattnet med b\u00e5t och \u00e5terv\u00e4nder timmar senare med f\u00e5ngsten. Fiskbest\u00e5ndet p\u00e5 M\u00f8n \u00e4r fantastiskt. Om du gillar havs\u00f6ring \u00e4r M\u00f8n r\u00e4tt plats f\u00f6r dig. D\u00e4r hittar du vackra, starka havs\u00f6ringsf\u00e5ngster.<\/p>\n\n<figure class=\"wp-block-embed is-type-video is-provider-youtube wp-block-embed-youtube wp-embed-aspect-16-9 wp-has-aspect-ratio\"><div class=\"wp-block-embed__wrapper\">\n<iframe loading=\"lazy\" title=\"Meerforellenangeln in D\u00e4nemark auf M\u00f6n\" width=\"580\" height=\"326\" src=\"https:\/\/www.youtube.com\/embed\/NnhcvGXVGnI?feature=oembed\" frameborder=\"0\" allow=\"accelerometer; autoplay; clipboard-write; encrypted-media; gyroscope; picture-in-picture; web-share\" referrerpolicy=\"strict-origin-when-cross-origin\" allowfullscreen><\/iframe>\n<\/div><figcaption class=\"wp-element-caption\">Fiske efter havs\u00f6ring p\u00e5 \u00f6n M\u00f6n<\/figcaption><\/figure>\n\n<p>Letar du efter det perfekta fiske\u00e4ventyret? D\u00e5 \u00e4r \u00f6n M\u00f6n helt r\u00e4tt f\u00f6r dig! Denna juvel i danska S\u00f6derhavet erbjuder sportfiskare n\u00e4stan allt de kan \u00f6nska sig, fr\u00e5n spektakul\u00e4r natur till en m\u00e4ngd olika fiskarter. H\u00e4r \u00e4r en omfattande guide som visar dig varf\u00f6r M\u00f6n \u00e4r ett paradis f\u00f6r sportfiskare och hur du kan svinga ditt fiskesp\u00f6 d\u00e4r.<\/p>\n\n<h2 class=\"wp-block-heading\">Introduktion: Varf\u00f6r M\u00f6n?<\/h2>\n\n<p>M\u00f6n, som ofta kallas &#8220;lillasyster&#8221; till den tyska \u00f6n R\u00fcgen, delar den imponerande kritkusten och erbjuder ocks\u00e5 unika fiskem\u00f6jligheter. Oavsett om du \u00e4r ute efter havs\u00f6ring, g\u00e4dda, abborre eller sill kommer M\u00f6n att f\u00e5 ditt sportfiskarhj\u00e4rta att sl\u00e5 snabbare.<\/p>\n\n<h2 class=\"wp-block-heading\">Havs\u00f6ring: \u00d6stersj\u00f6ns silverst\u00e4nger<\/h2>\n\n<figure class=\"wp-block-image size-large\"><a href=\"https:\/\/www.insel-moen.de\/wp-content\/uploads\/2024\/03\/A-stunning-high-definition-photo-of-a-sea-trout-known-as-the-silver-bars-of-the-Baltic-Sea-gliding-gracefully-through-crystal-clear-waters-1024x585.webp\"><img loading=\"lazy\" decoding=\"async\" width=\"1024\" height=\"585\" src=\"https:\/\/www.insel-moen.de\/wp-content\/uploads\/2024\/03\/A-stunning-high-definition-photo-of-a-sea-trout-known-as-the-silver-bars-of-the-Baltic-Sea-gliding-gracefully-through-crystal-clear-waters-1024x585.webp\" alt=\"Havs&#xF6;ring i havet framf&#xF6;r kritklipporna p&#xE5; M&#xF6;n.\" class=\"wp-image-6796\" srcset=\"https:\/\/www.insel-moen.de\/wp-content\/uploads\/2024\/03\/A-stunning-high-definition-photo-of-a-sea-trout-known-as-the-silver-bars-of-the-Baltic-Sea-gliding-gracefully-through-crystal-clear-waters-1024x585.webp 1024w, https:\/\/www.insel-moen.de\/wp-content\/uploads\/2024\/03\/A-stunning-high-definition-photo-of-a-sea-trout-known-as-the-silver-bars-of-the-Baltic-Sea-gliding-gracefully-through-crystal-clear-waters-300x171.webp 300w, https:\/\/www.insel-moen.de\/wp-content\/uploads\/2024\/03\/A-stunning-high-definition-photo-of-a-sea-trout-known-as-the-silver-bars-of-the-Baltic-Sea-gliding-gracefully-through-crystal-clear-waters-768x439.webp 768w, https:\/\/www.insel-moen.de\/wp-content\/uploads\/2024\/03\/A-stunning-high-definition-photo-of-a-sea-trout-known-as-the-silver-bars-of-the-Baltic-Sea-gliding-gracefully-through-crystal-clear-waters-1536x878.webp 1536w, https:\/\/www.insel-moen.de\/wp-content\/uploads\/2024\/03\/A-stunning-high-definition-photo-of-a-sea-trout-known-as-the-silver-bars-of-the-Baltic-Sea-gliding-gracefully-through-crystal-clear-waters-810x463.webp 810w, https:\/\/www.insel-moen.de\/wp-content\/uploads\/2024\/03\/A-stunning-high-definition-photo-of-a-sea-trout-known-as-the-silver-bars-of-the-Baltic-Sea-gliding-gracefully-through-crystal-clear-waters-1200x686.webp 1200w, https:\/\/www.insel-moen.de\/wp-content\/uploads\/2024\/03\/A-stunning-high-definition-photo-of-a-sea-trout-known-as-the-silver-bars-of-the-Baltic-Sea-gliding-gracefully-through-crystal-clear-waters.webp 1792w\" sizes=\"auto, (max-width: 1024px) 100vw, 1024px\" \/><\/a><\/figure>\n<p>Att fiska p\u00e5 klipporna vid M\u00f6n anses vara ett av de mest spektakul\u00e4ra fiske\u00e4ventyren i Europa. Kustvattnen \u00e4r ett paradis f\u00f6r havs\u00f6ring, som framf\u00f6r allt finns p\u00e5 kritkusten runt den 128 meter h\u00f6ga M\u00f8ns Klint. Tack vare den l\u00e5ga salthalten i vattnet kan du fiska framg\u00e5ngsrikt efter havs\u00f6ring \u00e5ret runt.<\/p>\n\n<h3 class=\"wp-block-heading\">De b\u00e4sta fiskeplatserna f\u00f6r havs\u00f6ring:<\/h3>\n\n<ul class=\"wp-block-list\">\n<li><strong>M\u00f8ns Fyr<\/strong>: En av de b\u00e4sta platserna med djupt vatten och en stenig botten. Idealisk f\u00f6r l\u00e4tta vindar.<\/li>\n\n\n\n<li><strong>Store Klint<\/strong>: Ber\u00f6mt f\u00f6r sin imponerande natur och chansen att f\u00e5nga torsk vid sidan av havs\u00f6ringen.<\/li>\n\n\n\n<li><strong>Jydelejet (halvm\u00e5ne rev)<\/strong>: En n\u00e5got avl\u00e4gsen plats, men en som bel\u00f6nar dig med vacker havs\u00f6ring.<\/li>\n<\/ul>\n\n<h2 class=\"wp-block-heading\">Rovdjur i br\u00e4ckt vatten: g\u00e4dda och abborre<\/h2>\n\n<figure class=\"wp-block-image size-large\"><a href=\"https:\/\/www.insel-moen.de\/wp-content\/uploads\/2024\/03\/Capture-a-dynamic-high-definition-photo-of-a-pike-and-a-perch-the-predators-of-brackish-waters-in-their-natural-underwater-habitat-1024x585.webp\"><img loading=\"lazy\" decoding=\"async\" width=\"1024\" height=\"585\" src=\"https:\/\/www.insel-moen.de\/wp-content\/uploads\/2024\/03\/Capture-a-dynamic-high-definition-photo-of-a-pike-and-a-perch-the-predators-of-brackish-waters-in-their-natural-underwater-habitat-1024x585.webp\" alt=\"\" class=\"wp-image-6806\" srcset=\"https:\/\/www.insel-moen.de\/wp-content\/uploads\/2024\/03\/Capture-a-dynamic-high-definition-photo-of-a-pike-and-a-perch-the-predators-of-brackish-waters-in-their-natural-underwater-habitat-1024x585.webp 1024w, https:\/\/www.insel-moen.de\/wp-content\/uploads\/2024\/03\/Capture-a-dynamic-high-definition-photo-of-a-pike-and-a-perch-the-predators-of-brackish-waters-in-their-natural-underwater-habitat-300x171.webp 300w, https:\/\/www.insel-moen.de\/wp-content\/uploads\/2024\/03\/Capture-a-dynamic-high-definition-photo-of-a-pike-and-a-perch-the-predators-of-brackish-waters-in-their-natural-underwater-habitat-768x439.webp 768w, https:\/\/www.insel-moen.de\/wp-content\/uploads\/2024\/03\/Capture-a-dynamic-high-definition-photo-of-a-pike-and-a-perch-the-predators-of-brackish-waters-in-their-natural-underwater-habitat-1536x878.webp 1536w, https:\/\/www.insel-moen.de\/wp-content\/uploads\/2024\/03\/Capture-a-dynamic-high-definition-photo-of-a-pike-and-a-perch-the-predators-of-brackish-waters-in-their-natural-underwater-habitat-810x463.webp 810w, https:\/\/www.insel-moen.de\/wp-content\/uploads\/2024\/03\/Capture-a-dynamic-high-definition-photo-of-a-pike-and-a-perch-the-predators-of-brackish-waters-in-their-natural-underwater-habitat-1200x686.webp 1200w, https:\/\/www.insel-moen.de\/wp-content\/uploads\/2024\/03\/Capture-a-dynamic-high-definition-photo-of-a-pike-and-a-perch-the-predators-of-brackish-waters-in-their-natural-underwater-habitat.webp 1792w\" sizes=\"auto, (max-width: 1024px) 100vw, 1024px\" \/><\/a><\/figure>\n<p>F\u00f6rutom havs\u00f6ring erbjuder M\u00f6n utm\u00e4rkta f\u00f6ruts\u00e4ttningar f\u00f6r fiske efter g\u00e4dda och abborre, s\u00e4rskilt i Stege Nor, en brackvattensj\u00f6 i mitten av \u00f6n. De grunda vattenomr\u00e5dena \u00e4r idealiska f\u00f6r flugfiskare som vill fiska efter g\u00e4dda. Observera att strikt f\u00e5ngst- och \u00e5teruts\u00e4ttning g\u00e4ller f\u00f6r g\u00e4dda.<\/p>\n\n<h3 class=\"wp-block-heading\">Andra sp\u00e4nnande fiskeplatser:<\/h3>\n\n<ul class=\"wp-block-list\">\n<li><strong>Stege Havn och Stege Nor<\/strong>: Perfekta f\u00f6r street fishing och k\u00e4nda f\u00f6r stora g\u00e4ddor och abborrar.<\/li>\n\n\n\n<li><strong>Klintholm Havn<\/strong>: K\u00e4nt f\u00f6r bra abborrf\u00e5ngster, s\u00e4rskilt i omr\u00e5det kring b\u00e5thamnen.<\/li>\n<\/ul>\n\n<h2 class=\"wp-block-heading\">Tips och resurser f\u00f6r sportfiskare<\/h2>\n\n<ul class=\"wp-block-list\">\n<li><strong>Tips f\u00f6r s\u00e4songen<\/strong>: V\u00e5r och h\u00f6st \u00e4r de b\u00e4sta tiderna f\u00f6r att landa stora fiskar. Garfish \u00e4r ocks\u00e5 ett intressant byte i maj och juni.<\/li>\n\n\n\n<li><strong>Licenser och regler<\/strong>: Ta reda p\u00e5 mer om lokala best\u00e4mmelser och skydda M\u00f8ns unika natur.<\/li>\n\n\n\n<li><strong>Anv\u00e4ndbara webbplatser<\/strong>: F\u00f6r mer information och fiskeguider bes\u00f6k webbplatser som <a href=\"http:\/\/www.fishingzealand.dk\/\">www.fishingzealand.dk<\/a> och<a href=\"http:\/\/www.visitmoen.dk\">www.visitmoen.dk<\/a><\/li>\n<\/ul>\n\n<h2 class=\"wp-block-heading\">Campingplatser f\u00f6r sportfiskare<\/h2>\n\n<p>F\u00f6r den som vill kombinera sin fisketur med ett camping\u00e4ventyr p\u00e5 den pittoreska \u00f6n M\u00f6n finns ett antal idylliska campingplatser som erbjuder b\u00e5de n\u00e4rhet till naturen och de b\u00e4sta fiskeplatserna. <strong>Camping M\u00f8ns Klint<\/strong><a href=\"http:\/\/www.moensklintresort.dk\/\">(www.moensklintresort.dk<\/a>) p\u00e5 \u00f6stra delen av \u00f6n \u00e4r perfekt f\u00f6r sportfiskare som vill utforska kritkusten. Med sitt l\u00e4ge n\u00e4ra M\u00f8ns Klint erbjuder det en perfekt bas. P\u00e5 norra delen av \u00f6n rekommenderar vi <strong>campingplatsen Ulvshale Strand<\/strong><a href=\"http:\/\/www.ulvscamp.dk\/\">(www.ulvscamp.dk<\/a>), som har ett vackert strandl\u00e4ge. F\u00f6r dem som f\u00f6redrar den v\u00e4stra sidan av \u00f6n \u00e4r <strong>Camping Vestm\u00f8n<\/strong><a href=\"http:\/\/www.camping-vestmoen.dk\/\">(www.camping-vestmoen.dk<\/a>) med sina naturliga omgivningar ett bra val. <strong>Camping M\u00f8nbroen<\/strong><a href=\"http:\/\/www.moenbroen.dk\/\">(www.moenbroen.dk)<\/a> ligger direkt vid Ulvsundsbron och erbjuder bra infrastruktur och tillg\u00e5ng till olika fiskeplatser. <strong>Keldby Camping M\u00f8n<\/strong><a href=\"http:\/\/www.keldbycampingmoen.dk\/\">(www.keldbycampingmoen.dk<\/a>) ligger n\u00e4ra Stege Nors och \u00e4r \u00f6ppen \u00e5ret runt, vilket g\u00f6r den till ett utm\u00e4rkt alternativ \u00e5ret runt.<\/p>\n\n<h2 class=\"wp-block-heading\">Du kan hyra b\u00e5tar h\u00e4r<\/h2>\n\n<p>F\u00f6r sportfiskare som vill utforska vattnen runt M\u00f6n fr\u00e5n en b\u00e5t \u00e4r <strong>M\u00f8nb\u00e5dene B\u00e5dudlejning<\/strong> b\u00e5tuthyrning ett utm\u00e4rkt alternativ. Detta uthyrningsf\u00f6retag \u00e4r baserat i Stege hamn och \u00e4r perfekt f\u00f6r alla som vill fiska g\u00e4dda och abborre p\u00e5 Stege Nor eller i Stege Bay. B\u00e5tarna \u00e4r mellan 14 och 16 fot l\u00e5nga, utrustade med motorer p\u00e5 4 till 6 hk och utlovar ett of\u00f6rgl\u00f6mligt fiske\u00e4ventyr. En b\u00e5t kostar ca 80 euro (600 DKK) per dag inklusive bensin. P\u00e5 grund av den stora efterfr\u00e5gan, s\u00e4rskilt under v\u00e5ren och h\u00f6sten, \u00e4r det tillr\u00e5dligt att boka tidigt f\u00f6r att s\u00e4kerst\u00e4lla att en b\u00e5t finns tillg\u00e4nglig f\u00f6r ditt fiske\u00e4ventyr. Du hittar mer information och bokningar p\u00e5 webbplatsen: <a href=\"http:\/\/www.moenbaadene.dk\/\">www.moenbaadene.dk<\/a> eller s\u00e5 kan du kontakta b\u00e5tuthyrningsf\u00f6retaget direkt via e-post<a>(info@moenbaadene.dk<\/a>) eller telefon (+45 2143 8486).<\/p>\n\n<h2 class=\"wp-block-heading\">Resor f\u00f6r sportfiskare<\/h2>\n\n<p>Resan till M\u00f6n \u00e4r okomplicerad och erbjuder olika alternativ beroende p\u00e5 startpunkt. Fr\u00e5n s\u00f6dra, v\u00e4stra eller norra Tyskland g\u00e5r v\u00e4gen via Hamburg, Flensburg, Kolding p\u00e5 Jylland, via Odense p\u00e5 Fyn till Vordingborg p\u00e5 Sj\u00e4lland. Denna rutt kr\u00e4ver ingen f\u00e4rje\u00f6verfart, men det tillkommer en avgift f\u00f6r bron \u00f6ver Stora B\u00e4lt (mer information p\u00e5 <a href=\"http:\/\/www.storebaelt.dk\/\">www.storebaelt.dk)<\/a>. En alternativ rutt g\u00e5r fr\u00e5n Hamburg till Puttgarden p\u00e5 Fehmarn, varifr\u00e5n du kan ta f\u00e4rjan<a href=\"https:\/\/booking.scandlines.com\/?lang=de&amp;mandator=SAD&amp;provid=219403ed-fa22-4826-b47a-83e5a8924caf\">(www.scandlines.de<\/a>) till R\u00f8dby p\u00e5 Lolland. F\u00f6r resen\u00e4rer fr\u00e5n \u00f6stra Tyskland \u00e4r f\u00e4rjef\u00f6rbindelsen Rostock-Gedser med <a href=\"https:\/\/www.insel-moen.de\/scandlines-schnaeppchen-tickets-ihr-schluessel-zu-einem-unvergleichlichen-sommer-auf-der-insel-moen\/\">Scandlines<\/a> f\u00f6rstahandsvalet. Oavsett vilken v\u00e4g du v\u00e4ljer g\u00f6r de natursk\u00f6na v\u00e4garna och Danmarks v\u00e4lutvecklade infrastruktur resan till M\u00f6n till en trevlig del av semesterupplevelsen.<\/p>\n\n<h2 class=\"wp-block-heading\">Slutsats<\/h2>\n\n<p>M\u00f6n \u00e4r mer \u00e4n bara en fiskedestination; det \u00e4r en plats d\u00e4r natur, \u00e4ventyr och passion m\u00f6ts. Oavsett om du \u00e4r ute efter lugnet vid flugfiske, utmaningen att f\u00e5nga en stor havs\u00f6ring eller adrenalinet i kampen mot en stor g\u00e4dda, har M\u00f6n n\u00e5got f\u00f6r alla sportfiskare. S\u00e5 packa ditt fiskesp\u00f6 och upplev ett of\u00f6rgl\u00f6mligt fiske\u00e4ventyr p\u00e5 den vackra \u00f6n M\u00f6n!<\/p>\n","protected":false},"excerpt":{"rendered":"<p>\u00d6n har vackra vita sandstr\u00e4nder, h\u00f6ga klippor och steniga kuster. I den h\u00e4r bloggen kommer jag att fokusera p\u00e5 fisket p\u00e5 M\u00f8n. Fisket p\u00e5 M\u00f8n \u00e4r mycket popul\u00e4rt bland lokalbefolkningen och turister. Tidigt p\u00e5 morgonen, n\u00e4r vattnet \u00e4r klart, kan du se de f\u00e4rgglada rosa och bl\u00e5 r\u00e4nderna i vattnet. Under de djupa m\u00f6rka n\u00e4tterna [&hellip;]<\/p>\n","protected":false},"author":3,"featured_media":6795,"parent":954,"menu_order":0,"comment_status":"closed","ping_status":"closed","template":"templates\/template-full-width.php","meta":{"footnotes":""},"class_list":["post-1009","page","type-page","status-publish","has-post-thumbnail","hentry"],"yoast_head":"<!-- This site is optimized with the Yoast SEO plugin v24.5 - https:\/\/yoast.com\/wordpress\/plugins\/seo\/ -->\n<title>Fiske p\u00e5 \u00f6n M\u00f8n - Insel M\u00f6n<\/title>\n<meta name=\"description\" content=\"Fiske p\u00e5 M\u00f8n \u00e4r ett popul\u00e4rt tidsf\u00f6rdriv. Tidigt p\u00e5 morgonen, n\u00e4r vattnet \u00e4r klart, kan du se de f\u00e4rgglada rosa och bl\u00e5 r\u00e4nderna i vattnet.\" \/>\n<meta name=\"robots\" content=\"index, follow, max-snippet:-1, max-image-preview:large, max-video-preview:-1\" \/>\n<link rel=\"canonical\" href=\"https:\/\/www.insel-moen.de\/sv\/aktiviteter-pa-on-mon\/fiske-pa-on-mon\/\" \/>\n<meta property=\"og:locale\" content=\"sv_SE\" \/>\n<meta property=\"og:type\" content=\"article\" \/>\n<meta property=\"og:title\" content=\"Fiske p\u00e5 \u00f6n M\u00f8n - Insel M\u00f6n\" \/>\n<meta property=\"og:description\" content=\"Fiske p\u00e5 M\u00f8n \u00e4r ett popul\u00e4rt tidsf\u00f6rdriv. Tidigt p\u00e5 morgonen, n\u00e4r vattnet \u00e4r klart, kan du se de f\u00e4rgglada rosa och bl\u00e5 r\u00e4nderna i vattnet.\" \/>\n<meta property=\"og:url\" content=\"https:\/\/www.insel-moen.de\/sv\/aktiviteter-pa-on-mon\/fiske-pa-on-mon\/\" \/>\n<meta property=\"og:site_name\" content=\"Insel M\u00f6n\" \/>\n<meta property=\"article:modified_time\" content=\"2024-03-18T16:20:10+00:00\" \/>\n<meta property=\"og:image\" content=\"https:\/\/www.insel-moen.de\/wp-content\/uploads\/2024\/03\/Close-up-of-a-fishermans-hands-expertly-handling-a-fishing-rod-with-the-line-casting-into-the-sea-at-dawn.-The-background-features-a-blurred-view-of-Moen-Island.webp\" \/>\n\t<meta property=\"og:image:width\" content=\"1792\" \/>\n\t<meta property=\"og:image:height\" content=\"1024\" \/>\n\t<meta property=\"og:image:type\" content=\"image\/webp\" \/>\n<meta name=\"twitter:card\" content=\"summary_large_image\" \/>\n<meta name=\"twitter:label1\" content=\"Ber\u00e4knad l\u00e4stid\" \/>\n\t<meta name=\"twitter:data1\" content=\"6 minuter\" \/>\n<script type=\"application\/ld+json\" class=\"yoast-schema-graph\">{\"@context\":\"https:\/\/schema.org\",\"@graph\":[{\"@type\":\"WebPage\",\"@id\":\"https:\/\/www.insel-moen.de\/sv\/aktiviteter-pa-on-mon\/fiske-pa-on-mon\/\",\"url\":\"https:\/\/www.insel-moen.de\/sv\/aktiviteter-pa-on-mon\/fiske-pa-on-mon\/\",\"name\":\"Fiske p\u00e5 \u00f6n M\u00f8n - Insel M\u00f6n\",\"isPartOf\":{\"@id\":\"https:\/\/www.insel-moen.de\/sv\/#website\"},\"primaryImageOfPage\":{\"@id\":\"https:\/\/www.insel-moen.de\/sv\/aktiviteter-pa-on-mon\/fiske-pa-on-mon\/#primaryimage\"},\"image\":{\"@id\":\"https:\/\/www.insel-moen.de\/sv\/aktiviteter-pa-on-mon\/fiske-pa-on-mon\/#primaryimage\"},\"thumbnailUrl\":\"https:\/\/www.insel-moen.de\/wp-content\/uploads\/2024\/03\/Close-up-of-a-fishermans-hands-expertly-handling-a-fishing-rod-with-the-line-casting-into-the-sea-at-dawn.-The-background-features-a-blurred-view-of-Moen-Island.webp\",\"datePublished\":\"2022-08-20T06:35:57+00:00\",\"dateModified\":\"2024-03-18T16:20:10+00:00\",\"description\":\"Fiske p\u00e5 M\u00f8n \u00e4r ett popul\u00e4rt tidsf\u00f6rdriv. Tidigt p\u00e5 morgonen, n\u00e4r vattnet \u00e4r klart, kan du se de f\u00e4rgglada rosa och bl\u00e5 r\u00e4nderna i vattnet.\",\"breadcrumb\":{\"@id\":\"https:\/\/www.insel-moen.de\/sv\/aktiviteter-pa-on-mon\/fiske-pa-on-mon\/#breadcrumb\"},\"inLanguage\":\"sv-SE\",\"potentialAction\":[{\"@type\":\"ReadAction\",\"target\":[\"https:\/\/www.insel-moen.de\/sv\/aktiviteter-pa-on-mon\/fiske-pa-on-mon\/\"]}]},{\"@type\":\"ImageObject\",\"inLanguage\":\"sv-SE\",\"@id\":\"https:\/\/www.insel-moen.de\/sv\/aktiviteter-pa-on-mon\/fiske-pa-on-mon\/#primaryimage\",\"url\":\"https:\/\/www.insel-moen.de\/wp-content\/uploads\/2024\/03\/Close-up-of-a-fishermans-hands-expertly-handling-a-fishing-rod-with-the-line-casting-into-the-sea-at-dawn.-The-background-features-a-blurred-view-of-Moen-Island.webp\",\"contentUrl\":\"https:\/\/www.insel-moen.de\/wp-content\/uploads\/2024\/03\/Close-up-of-a-fishermans-hands-expertly-handling-a-fishing-rod-with-the-line-casting-into-the-sea-at-dawn.-The-background-features-a-blurred-view-of-Moen-Island.webp\",\"width\":1792,\"height\":1024,\"caption\":\"Angeln auf M\u00f6n\"},{\"@type\":\"BreadcrumbList\",\"@id\":\"https:\/\/www.insel-moen.de\/sv\/aktiviteter-pa-on-mon\/fiske-pa-on-mon\/#breadcrumb\",\"itemListElement\":[{\"@type\":\"ListItem\",\"position\":1,\"name\":\"Startseite\",\"item\":\"https:\/\/www.insel-moen.de\/sv\/\"},{\"@type\":\"ListItem\",\"position\":2,\"name\":\"Sev\u00e4rdheter och aktiviteter p\u00e5 M\u00f8n\",\"item\":\"https:\/\/www.insel-moen.de\/sv\/aktiviteter-pa-on-mon\/\"},{\"@type\":\"ListItem\",\"position\":3,\"name\":\"Fiske p\u00e5 \u00f6n M\u00f8n\"}]},{\"@type\":\"WebSite\",\"@id\":\"https:\/\/www.insel-moen.de\/sv\/#website\",\"url\":\"https:\/\/www.insel-moen.de\/sv\/\",\"name\":\"Insel M\u00f6n\",\"description\":\"INSEL M\u00d6N - Urlaub in der D\u00e4nischen S\u00fcdsee\",\"publisher\":{\"@id\":\"https:\/\/www.insel-moen.de\/sv\/#organization\"},\"potentialAction\":[{\"@type\":\"SearchAction\",\"target\":{\"@type\":\"EntryPoint\",\"urlTemplate\":\"https:\/\/www.insel-moen.de\/sv\/?s={search_term_string}\"},\"query-input\":{\"@type\":\"PropertyValueSpecification\",\"valueRequired\":true,\"valueName\":\"search_term_string\"}}],\"inLanguage\":\"sv-SE\"},{\"@type\":\"Organization\",\"@id\":\"https:\/\/www.insel-moen.de\/sv\/#organization\",\"name\":\"www.insel-moen.de\",\"url\":\"https:\/\/www.insel-moen.de\/sv\/\",\"logo\":{\"@type\":\"ImageObject\",\"inLanguage\":\"sv-SE\",\"@id\":\"https:\/\/www.insel-moen.de\/sv\/#\/schema\/logo\/image\/\",\"url\":\"https:\/\/www.insel-moen.de\/wp-content\/uploads\/2023\/08\/cropped-daenemark-logo-neu-klein.png\",\"contentUrl\":\"https:\/\/www.insel-moen.de\/wp-content\/uploads\/2023\/08\/cropped-daenemark-logo-neu-klein.png\",\"width\":100,\"height\":101,\"caption\":\"www.insel-moen.de\"},\"image\":{\"@id\":\"https:\/\/www.insel-moen.de\/sv\/#\/schema\/logo\/image\/\"}}]}<\/script>\n<!-- \/ Yoast SEO plugin. -->","yoast_head_json":{"title":"Fiske p\u00e5 \u00f6n M\u00f8n - Insel M\u00f6n","description":"Fiske p\u00e5 M\u00f8n \u00e4r ett popul\u00e4rt tidsf\u00f6rdriv. Tidigt p\u00e5 morgonen, n\u00e4r vattnet \u00e4r klart, kan du se de f\u00e4rgglada rosa och bl\u00e5 r\u00e4nderna i vattnet.","robots":{"index":"index","follow":"follow","max-snippet":"max-snippet:-1","max-image-preview":"max-image-preview:large","max-video-preview":"max-video-preview:-1"},"canonical":"https:\/\/www.insel-moen.de\/sv\/aktiviteter-pa-on-mon\/fiske-pa-on-mon\/","og_locale":"sv_SE","og_type":"article","og_title":"Fiske p\u00e5 \u00f6n M\u00f8n - Insel M\u00f6n","og_description":"Fiske p\u00e5 M\u00f8n \u00e4r ett popul\u00e4rt tidsf\u00f6rdriv. Tidigt p\u00e5 morgonen, n\u00e4r vattnet \u00e4r klart, kan du se de f\u00e4rgglada rosa och bl\u00e5 r\u00e4nderna i vattnet.","og_url":"https:\/\/www.insel-moen.de\/sv\/aktiviteter-pa-on-mon\/fiske-pa-on-mon\/","og_site_name":"Insel M\u00f6n","article_modified_time":"2024-03-18T16:20:10+00:00","og_image":[{"width":1792,"height":1024,"url":"https:\/\/www.insel-moen.de\/wp-content\/uploads\/2024\/03\/Close-up-of-a-fishermans-hands-expertly-handling-a-fishing-rod-with-the-line-casting-into-the-sea-at-dawn.-The-background-features-a-blurred-view-of-Moen-Island.webp","type":"image\/webp"}],"twitter_card":"summary_large_image","twitter_misc":{"Ber\u00e4knad l\u00e4stid":"6 minuter"},"schema":{"@context":"https:\/\/schema.org","@graph":[{"@type":"WebPage","@id":"https:\/\/www.insel-moen.de\/sv\/aktiviteter-pa-on-mon\/fiske-pa-on-mon\/","url":"https:\/\/www.insel-moen.de\/sv\/aktiviteter-pa-on-mon\/fiske-pa-on-mon\/","name":"Fiske p\u00e5 \u00f6n M\u00f8n - Insel M\u00f6n","isPartOf":{"@id":"https:\/\/www.insel-moen.de\/sv\/#website"},"primaryImageOfPage":{"@id":"https:\/\/www.insel-moen.de\/sv\/aktiviteter-pa-on-mon\/fiske-pa-on-mon\/#primaryimage"},"image":{"@id":"https:\/\/www.insel-moen.de\/sv\/aktiviteter-pa-on-mon\/fiske-pa-on-mon\/#primaryimage"},"thumbnailUrl":"https:\/\/www.insel-moen.de\/wp-content\/uploads\/2024\/03\/Close-up-of-a-fishermans-hands-expertly-handling-a-fishing-rod-with-the-line-casting-into-the-sea-at-dawn.-The-background-features-a-blurred-view-of-Moen-Island.webp","datePublished":"2022-08-20T06:35:57+00:00","dateModified":"2024-03-18T16:20:10+00:00","description":"Fiske p\u00e5 M\u00f8n \u00e4r ett popul\u00e4rt tidsf\u00f6rdriv. Tidigt p\u00e5 morgonen, n\u00e4r vattnet \u00e4r klart, kan du se de f\u00e4rgglada rosa och bl\u00e5 r\u00e4nderna i vattnet.","breadcrumb":{"@id":"https:\/\/www.insel-moen.de\/sv\/aktiviteter-pa-on-mon\/fiske-pa-on-mon\/#breadcrumb"},"inLanguage":"sv-SE","potentialAction":[{"@type":"ReadAction","target":["https:\/\/www.insel-moen.de\/sv\/aktiviteter-pa-on-mon\/fiske-pa-on-mon\/"]}]},{"@type":"ImageObject","inLanguage":"sv-SE","@id":"https:\/\/www.insel-moen.de\/sv\/aktiviteter-pa-on-mon\/fiske-pa-on-mon\/#primaryimage","url":"https:\/\/www.insel-moen.de\/wp-content\/uploads\/2024\/03\/Close-up-of-a-fishermans-hands-expertly-handling-a-fishing-rod-with-the-line-casting-into-the-sea-at-dawn.-The-background-features-a-blurred-view-of-Moen-Island.webp","contentUrl":"https:\/\/www.insel-moen.de\/wp-content\/uploads\/2024\/03\/Close-up-of-a-fishermans-hands-expertly-handling-a-fishing-rod-with-the-line-casting-into-the-sea-at-dawn.-The-background-features-a-blurred-view-of-Moen-Island.webp","width":1792,"height":1024,"caption":"Angeln auf M\u00f6n"},{"@type":"BreadcrumbList","@id":"https:\/\/www.insel-moen.de\/sv\/aktiviteter-pa-on-mon\/fiske-pa-on-mon\/#breadcrumb","itemListElement":[{"@type":"ListItem","position":1,"name":"Startseite","item":"https:\/\/www.insel-moen.de\/sv\/"},{"@type":"ListItem","position":2,"name":"Sev\u00e4rdheter och aktiviteter p\u00e5 M\u00f8n","item":"https:\/\/www.insel-moen.de\/sv\/aktiviteter-pa-on-mon\/"},{"@type":"ListItem","position":3,"name":"Fiske p\u00e5 \u00f6n M\u00f8n"}]},{"@type":"WebSite","@id":"https:\/\/www.insel-moen.de\/sv\/#website","url":"https:\/\/www.insel-moen.de\/sv\/","name":"Insel M\u00f6n","description":"INSEL M\u00d6N - Urlaub in der D\u00e4nischen S\u00fcdsee","publisher":{"@id":"https:\/\/www.insel-moen.de\/sv\/#organization"},"potentialAction":[{"@type":"SearchAction","target":{"@type":"EntryPoint","urlTemplate":"https:\/\/www.insel-moen.de\/sv\/?s={search_term_string}"},"query-input":{"@type":"PropertyValueSpecification","valueRequired":true,"valueName":"search_term_string"}}],"inLanguage":"sv-SE"},{"@type":"Organization","@id":"https:\/\/www.insel-moen.de\/sv\/#organization","name":"www.insel-moen.de","url":"https:\/\/www.insel-moen.de\/sv\/","logo":{"@type":"ImageObject","inLanguage":"sv-SE","@id":"https:\/\/www.insel-moen.de\/sv\/#\/schema\/logo\/image\/","url":"https:\/\/www.insel-moen.de\/wp-content\/uploads\/2023\/08\/cropped-daenemark-logo-neu-klein.png","contentUrl":"https:\/\/www.insel-moen.de\/wp-content\/uploads\/2023\/08\/cropped-daenemark-logo-neu-klein.png","width":100,"height":101,"caption":"www.insel-moen.de"},"image":{"@id":"https:\/\/www.insel-moen.de\/sv\/#\/schema\/logo\/image\/"}}]}},"_links":{"self":[{"href":"https:\/\/www.insel-moen.de\/sv\/wp-json\/wp\/v2\/pages\/1009","targetHints":{"allow":["GET"]}}],"collection":[{"href":"https:\/\/www.insel-moen.de\/sv\/wp-json\/wp\/v2\/pages"}],"about":[{"href":"https:\/\/www.insel-moen.de\/sv\/wp-json\/wp\/v2\/types\/page"}],"author":[{"embeddable":true,"href":"https:\/\/www.insel-moen.de\/sv\/wp-json\/wp\/v2\/users\/3"}],"replies":[{"embeddable":true,"href":"https:\/\/www.insel-moen.de\/sv\/wp-json\/wp\/v2\/comments?post=1009"}],"version-history":[{"count":15,"href":"https:\/\/www.insel-moen.de\/sv\/wp-json\/wp\/v2\/pages\/1009\/revisions"}],"predecessor-version":[{"id":7138,"href":"https:\/\/www.insel-moen.de\/sv\/wp-json\/wp\/v2\/pages\/1009\/revisions\/7138"}],"up":[{"embeddable":true,"href":"https:\/\/www.insel-moen.de\/sv\/wp-json\/wp\/v2\/pages\/954"}],"wp:featuredmedia":[{"embeddable":true,"href":"https:\/\/www.insel-moen.de\/sv\/wp-json\/wp\/v2\/media\/6795"}],"wp:attachment":[{"href":"https:\/\/www.insel-moen.de\/sv\/wp-json\/wp\/v2\/media?parent=1009"}],"curies":[{"name":"wp","href":"https:\/\/api.w.org\/{rel}","templated":true}]}}