{"id":1000,"date":"2022-08-20T06:35:55","date_gmt":"2022-08-20T06:35:55","guid":{"rendered":"https:\/\/www.insel-moen.de\/uppgiftsskydd\/"},"modified":"2024-03-24T21:31:29","modified_gmt":"2024-03-24T21:31:29","slug":"uppgiftsskydd","status":"publish","type":"page","link":"https:\/\/www.insel-moen.de\/sv\/uppgiftsskydd\/","title":{"rendered":"Uppgiftsskydd"},"content":{"rendered":"\n<h2 class=\"wp-block-heading\">Vilka vi \u00e4r<\/h2>\n\n<p><em>Adressen till v\u00e5r webbplats \u00e4r: https:\/\/www.insel-moen.de.<\/em><\/p>\n\n<h2 class=\"wp-block-heading\">Vilka personuppgifter vi samlar in<\/h2>\n\n<p><strong>Kommentarer<\/strong><\/p>\n\n<p><em>N\u00e4r bes\u00f6kare skriver kommentarer p\u00e5 webbplatsen samlar vi in de uppgifter som visas i kommentarsformul\u00e4ret samt bes\u00f6karens IP-adress och anv\u00e4ndaragentstr\u00e4ng (identifierar webbl\u00e4saren) f\u00f6r att hj\u00e4lpa till att uppt\u00e4cka skr\u00e4ppost.<\/em><\/p>\n\n<p><em>En anonym str\u00e4ng (\u00e4ven kallad hash) kan skapas fr\u00e5n din e-postadress och skickas till Gravatartj\u00e4nsten f\u00f6r att kontrollera om du anv\u00e4nder den. Gravatar-tj\u00e4nstens sekretesspolicy finns h\u00e4r: https:\/\/automattic.com\/privacy\/. N\u00e4r din kommentar har godk\u00e4nts kommer din profilbild att vara offentligt synlig i samband med din kommentar.<\/em><\/p>\n\n<p><strong>Cookies<\/strong><\/p>\n\n<p>N\u00e4r du skriver en kommentar p\u00e5 v\u00e5r webbplats kan det inneb\u00e4ra att du samtycker till att ditt namn, din e-postadress och din webbplats lagras i cookies. Detta \u00e4r en bekv\u00e4mlighetsfunktion s\u00e5 att du inte beh\u00f6ver ange alla dessa uppgifter p\u00e5 nytt n\u00e4r du skriver en ny kommentar. Dessa cookies lagras i ett \u00e5r.<\/p>\n\n<p>Om du har ett konto och loggar in p\u00e5 den h\u00e4r webbplatsen st\u00e4ller vi in en tillf\u00e4llig cookie f\u00f6r att avg\u00f6ra om din webbl\u00e4sare accepterar cookies. Denna cookie inneh\u00e5ller inga personuppgifter och f\u00f6rsvinner n\u00e4r du st\u00e4nger din webbl\u00e4sare.<\/p>\n\n<p>N\u00e4r du registrerar dig kommer vi att s\u00e4tta upp n\u00e5gra cookies f\u00f6r att lagra din inloggningsinformation och dina visningsalternativ. Inloggningscookies l\u00f6per ut efter tv\u00e5 dagar och cookies f\u00f6r visningsalternativ efter ett \u00e5r. Om du v\u00e4ljer &#8220;Stanna inloggad&#8221; n\u00e4r du registrerar dig, kommer din registrering att bibeh\u00e5llas i tv\u00e5 veckor. N\u00e4r du loggar ut fr\u00e5n ditt konto raderas inloggningscookies.<\/p>\n\n<p>N\u00e4r du redigerar eller publicerar en artikel lagras ytterligare en cookie i din webbl\u00e4sare. Den h\u00e4r cookien inneh\u00e5ller inga personuppgifter och h\u00e4nvisar bara till inl\u00e4ggs-ID f\u00f6r den artikel som du just har redigerat. Cookien upph\u00f6r att g\u00e4lla efter en dag.<\/p>\n\n<p><strong>Inb\u00e4ddat inneh\u00e5ll fr\u00e5n andra webbplatser<\/strong><\/p>\n\n<p>Inl\u00e4gg p\u00e5 denna webbplats kan inneh\u00e5lla inb\u00e4ddat inneh\u00e5ll (t.ex. videor, bilder, artiklar osv.). Inb\u00e4ddat inneh\u00e5ll fr\u00e5n andra webbplatser beter sig precis som om bes\u00f6karen hade bes\u00f6kt den andra webbplatsen.<\/p>\n\n<p>Dessa webbplatser kan samla in information om dig, anv\u00e4nda cookies, b\u00e4dda in ytterligare sp\u00e5rningstj\u00e4nster fr\u00e5n tredje part och registrera din interaktion med detta inb\u00e4ddade inneh\u00e5ll, inklusive din interaktion med det inb\u00e4ddade inneh\u00e5llet om du har ett konto och \u00e4r inloggad p\u00e5 denna webbplats.<\/p>\n\n<p><strong>Vem vi delar dina uppgifter med<\/strong><\/p>\n\n<p>Googe Analytics<\/p>\n\n<p>Vi anv\u00e4nder Google Analytics f\u00f6r att utv\u00e4rdera antalet bes\u00f6kare och p\u00e5 s\u00e5 s\u00e4tt f\u00f6rb\u00e4ttra v\u00e5r webbplats. Google Analytics lagrar inte IP-adresser, e-postadresser eller andra personuppgifter.<\/p>\n\n<a href=\"javascript:gaoo_handle_optout();\" id=\"gaoo-link\" class=\"gaoo-link-deactivate\">Verbiete Google Analytics, mich zu verfolgen<\/a>\n\n<p> <\/p>\n\n<p>Askiment<\/p>\n\n<p>  Vi samlar in information om bes\u00f6kare som l\u00e4mnar kommentarer p\u00e5 webbplatser som anv\u00e4nder v\u00e5r Akismet Anti-Spam Service. M\u00e4ngden information som vi samlar in beror p\u00e5 hur anv\u00e4ndaren har st\u00e4llt in sin webbplats. Dessa uppgifter omfattar vanligtvis anv\u00e4ndarens IP-adress, anv\u00e4ndaragent, h\u00e4nvisare och webbadress (samt den information som anv\u00e4ndaren har angett direkt, t.ex. namn, anv\u00e4ndarnamn, e-postadress och sj\u00e4lva kommentaren).  <\/p>\n\n<p><strong>Meddelande om dataskydd f\u00f6r Microsoft Clarity<\/strong><\/p>\n\n<p>P\u00e5 denna webbplats anv\u00e4nder vi Microsoft Clarity, en webbanalystj\u00e4nst fr\u00e5n Microsoft Corporation (&#8220;Microsoft&#8221;). Microsoft Clarity hj\u00e4lper oss att f\u00f6rst\u00e5 anv\u00e4ndarnas beteende p\u00e5 v\u00e5r webbplats genom att samla in anonymiserade data om musr\u00f6relser, klick och scrollbeteende. Denna information hj\u00e4lper oss att f\u00f6rb\u00e4ttra anv\u00e4ndarupplevelsen p\u00e5 v\u00e5r webbplats, till exempel genom att identifiera vilket inneh\u00e5ll som \u00e4r av s\u00e4rskilt intresse f\u00f6r v\u00e5ra bes\u00f6kare och hur vi kan optimera navigeringen och tillg\u00e4ngligheten p\u00e5 v\u00e5ra sidor.<\/p>\n\n<p>Microsoft Clarity anv\u00e4nder cookies och annan teknik f\u00f6r att samla in data om bes\u00f6karnas beteende p\u00e5 v\u00e5r webbplats. Dessa uppgifter samlas dock in och lagras anonymt s\u00e5 att inga slutsatser kan dras om enskilda anv\u00e4ndare.<\/p>\n\n<p>Anv\u00e4ndningen av Microsoft Clarity \u00e4r av intresse f\u00f6r en kontinuerlig f\u00f6rb\u00e4ttring av v\u00e5r webbplats och ligger d\u00e4rf\u00f6r i v\u00e5rt legitima intresse i enlighet med art. 6 para. 1 lit. f GDPR. 1 lit. f GDPR.<\/p>\n\n<p>F\u00f6r mer information om dataskydd p\u00e5 Microsoft Clarity, se Microsofts integritetspolicy: <a href=\"https:\/\/privacy.microsoft.com\/de-de\/privacystatement\">https:\/\/privacy.microsoft.com\/de-de\/privacystatement<\/a>.<\/p>\n\n<p>Om du inte vill att Microsoft Clarity ska analysera din anv\u00e4ndning av v\u00e5r webbplats kan du n\u00e4r som helst avaktivera cookies i dina webbl\u00e4sarinst\u00e4llningar eller \u00e5terkalla ditt samtycke till anv\u00e4ndningen av cookies p\u00e5 v\u00e5r webbplats. Observera att detta kan f\u00f6rs\u00e4mra webbplatsens funktionalitet.<\/p>\n\n<p><strong>Hur l\u00e4nge vi lagrar uppgifterna<\/strong><\/p>\n\n<p>Om du skriver en kommentar sparas den inklusive metadata under obegr\u00e4nsad tid. P\u00e5 s\u00e5 s\u00e4tt kan vi automatiskt uppt\u00e4cka och godk\u00e4nna uppf\u00f6ljningskommentarer i st\u00e4llet f\u00f6r att h\u00e5lla dem i en k\u00f6 f\u00f6r moderering.<\/p>\n\n<p>F\u00f6r anv\u00e4ndare som registrerar sig p\u00e5 v\u00e5r webbplats lagrar vi dessutom den personliga information som de l\u00e4mnar i sina anv\u00e4ndarprofiler. Alla anv\u00e4ndare kan n\u00e4r som helst se, \u00e4ndra eller radera sin personliga information (anv\u00e4ndarnamnet kan inte \u00e4ndras). Webbplatsens administrat\u00f6rer kan ocks\u00e5 se och \u00e4ndra denna information.<\/p>\n\n<h2 class=\"wp-block-heading\"><strong>Vilka r\u00e4ttigheter du har till dina uppgifter<\/strong><\/h2>\n\n<p><em>Om du har ett konto p\u00e5 den h\u00e4r webbplatsen eller har skrivit kommentarer kan du beg\u00e4ra en export av dina personuppgifter fr\u00e5n oss, inklusive all information som du har l\u00e4mnat till oss. Dessutom kan du beg\u00e4ra att alla personuppgifter som vi har lagrat om dig raderas. Detta omfattar inte uppgifter som vi m\u00e5ste beh\u00e5lla p\u00e5 grund av administrativa, r\u00e4ttsliga eller s\u00e4kerhetsm\u00e4ssiga behov.<\/em><\/p>\n\n<p><\/p>\n","protected":false},"excerpt":{"rendered":"<p>Vilka vi \u00e4r Adressen till v\u00e5r webbplats \u00e4r: https:\/\/www.insel-moen.de. Vilka personuppgifter vi samlar in Kommentarer N\u00e4r bes\u00f6kare skriver kommentarer p\u00e5 webbplatsen samlar vi in de uppgifter som visas i kommentarsformul\u00e4ret samt bes\u00f6karens IP-adress och anv\u00e4ndaragentstr\u00e4ng (identifierar webbl\u00e4saren) f\u00f6r att hj\u00e4lpa till att uppt\u00e4cka skr\u00e4ppost. En anonym str\u00e4ng (\u00e4ven kallad hash) kan skapas fr\u00e5n din e-postadress [&hellip;]<\/p>\n","protected":false},"author":3,"featured_media":0,"parent":0,"menu_order":0,"comment_status":"closed","ping_status":"closed","template":"","meta":{"footnotes":""},"class_list":["post-1000","page","type-page","status-publish","hentry"],"yoast_head":"<!-- This site is optimized with the Yoast SEO plugin v24.5 - https:\/\/yoast.com\/wordpress\/plugins\/seo\/ -->\n<title>Uppgiftsskydd - Insel M\u00f6n<\/title>\n<meta name=\"robots\" content=\"index, follow, max-snippet:-1, max-image-preview:large, max-video-preview:-1\" \/>\n<link rel=\"canonical\" href=\"https:\/\/www.insel-moen.de\/sv\/uppgiftsskydd\/\" \/>\n<meta property=\"og:locale\" content=\"sv_SE\" \/>\n<meta property=\"og:type\" content=\"article\" \/>\n<meta property=\"og:title\" content=\"Uppgiftsskydd - Insel M\u00f6n\" \/>\n<meta property=\"og:description\" content=\"Vilka vi \u00e4r Adressen till v\u00e5r webbplats \u00e4r: https:\/\/www.insel-moen.de. Vilka personuppgifter vi samlar in Kommentarer N\u00e4r bes\u00f6kare skriver kommentarer p\u00e5 webbplatsen samlar vi in de uppgifter som visas i kommentarsformul\u00e4ret samt bes\u00f6karens IP-adress och anv\u00e4ndaragentstr\u00e4ng (identifierar webbl\u00e4saren) f\u00f6r att hj\u00e4lpa till att uppt\u00e4cka skr\u00e4ppost. En anonym str\u00e4ng (\u00e4ven kallad hash) kan skapas fr\u00e5n din e-postadress [&hellip;]\" \/>\n<meta property=\"og:url\" content=\"https:\/\/www.insel-moen.de\/sv\/uppgiftsskydd\/\" \/>\n<meta property=\"og:site_name\" content=\"Insel M\u00f6n\" \/>\n<meta property=\"article:modified_time\" content=\"2024-03-24T21:31:29+00:00\" \/>\n<meta name=\"twitter:card\" content=\"summary_large_image\" \/>\n<meta name=\"twitter:label1\" content=\"Ber\u00e4knad l\u00e4stid\" \/>\n\t<meta name=\"twitter:data1\" content=\"5 minuter\" \/>\n<script type=\"application\/ld+json\" class=\"yoast-schema-graph\">{\"@context\":\"https:\/\/schema.org\",\"@graph\":[{\"@type\":\"WebPage\",\"@id\":\"https:\/\/www.insel-moen.de\/sv\/uppgiftsskydd\/\",\"url\":\"https:\/\/www.insel-moen.de\/sv\/uppgiftsskydd\/\",\"name\":\"Uppgiftsskydd - Insel M\u00f6n\",\"isPartOf\":{\"@id\":\"https:\/\/www.insel-moen.de\/sv\/#website\"},\"datePublished\":\"2022-08-20T06:35:55+00:00\",\"dateModified\":\"2024-03-24T21:31:29+00:00\",\"breadcrumb\":{\"@id\":\"https:\/\/www.insel-moen.de\/sv\/uppgiftsskydd\/#breadcrumb\"},\"inLanguage\":\"sv-SE\",\"potentialAction\":[{\"@type\":\"ReadAction\",\"target\":[\"https:\/\/www.insel-moen.de\/sv\/uppgiftsskydd\/\"]}]},{\"@type\":\"BreadcrumbList\",\"@id\":\"https:\/\/www.insel-moen.de\/sv\/uppgiftsskydd\/#breadcrumb\",\"itemListElement\":[{\"@type\":\"ListItem\",\"position\":1,\"name\":\"Startseite\",\"item\":\"https:\/\/www.insel-moen.de\/sv\/\"},{\"@type\":\"ListItem\",\"position\":2,\"name\":\"Uppgiftsskydd\"}]},{\"@type\":\"WebSite\",\"@id\":\"https:\/\/www.insel-moen.de\/sv\/#website\",\"url\":\"https:\/\/www.insel-moen.de\/sv\/\",\"name\":\"Insel M\u00f6n\",\"description\":\"INSEL M\u00d6N - Urlaub in der D\u00e4nischen S\u00fcdsee\",\"publisher\":{\"@id\":\"https:\/\/www.insel-moen.de\/sv\/#organization\"},\"potentialAction\":[{\"@type\":\"SearchAction\",\"target\":{\"@type\":\"EntryPoint\",\"urlTemplate\":\"https:\/\/www.insel-moen.de\/sv\/?s={search_term_string}\"},\"query-input\":{\"@type\":\"PropertyValueSpecification\",\"valueRequired\":true,\"valueName\":\"search_term_string\"}}],\"inLanguage\":\"sv-SE\"},{\"@type\":\"Organization\",\"@id\":\"https:\/\/www.insel-moen.de\/sv\/#organization\",\"name\":\"www.insel-moen.de\",\"url\":\"https:\/\/www.insel-moen.de\/sv\/\",\"logo\":{\"@type\":\"ImageObject\",\"inLanguage\":\"sv-SE\",\"@id\":\"https:\/\/www.insel-moen.de\/sv\/#\/schema\/logo\/image\/\",\"url\":\"https:\/\/www.insel-moen.de\/wp-content\/uploads\/2023\/08\/cropped-daenemark-logo-neu-klein.png\",\"contentUrl\":\"https:\/\/www.insel-moen.de\/wp-content\/uploads\/2023\/08\/cropped-daenemark-logo-neu-klein.png\",\"width\":100,\"height\":101,\"caption\":\"www.insel-moen.de\"},\"image\":{\"@id\":\"https:\/\/www.insel-moen.de\/sv\/#\/schema\/logo\/image\/\"}}]}<\/script>\n<!-- \/ Yoast SEO plugin. -->","yoast_head_json":{"title":"Uppgiftsskydd - Insel M\u00f6n","robots":{"index":"index","follow":"follow","max-snippet":"max-snippet:-1","max-image-preview":"max-image-preview:large","max-video-preview":"max-video-preview:-1"},"canonical":"https:\/\/www.insel-moen.de\/sv\/uppgiftsskydd\/","og_locale":"sv_SE","og_type":"article","og_title":"Uppgiftsskydd - Insel M\u00f6n","og_description":"Vilka vi \u00e4r Adressen till v\u00e5r webbplats \u00e4r: https:\/\/www.insel-moen.de. Vilka personuppgifter vi samlar in Kommentarer N\u00e4r bes\u00f6kare skriver kommentarer p\u00e5 webbplatsen samlar vi in de uppgifter som visas i kommentarsformul\u00e4ret samt bes\u00f6karens IP-adress och anv\u00e4ndaragentstr\u00e4ng (identifierar webbl\u00e4saren) f\u00f6r att hj\u00e4lpa till att uppt\u00e4cka skr\u00e4ppost. En anonym str\u00e4ng (\u00e4ven kallad hash) kan skapas fr\u00e5n din e-postadress [&hellip;]","og_url":"https:\/\/www.insel-moen.de\/sv\/uppgiftsskydd\/","og_site_name":"Insel M\u00f6n","article_modified_time":"2024-03-24T21:31:29+00:00","twitter_card":"summary_large_image","twitter_misc":{"Ber\u00e4knad l\u00e4stid":"5 minuter"},"schema":{"@context":"https:\/\/schema.org","@graph":[{"@type":"WebPage","@id":"https:\/\/www.insel-moen.de\/sv\/uppgiftsskydd\/","url":"https:\/\/www.insel-moen.de\/sv\/uppgiftsskydd\/","name":"Uppgiftsskydd - Insel M\u00f6n","isPartOf":{"@id":"https:\/\/www.insel-moen.de\/sv\/#website"},"datePublished":"2022-08-20T06:35:55+00:00","dateModified":"2024-03-24T21:31:29+00:00","breadcrumb":{"@id":"https:\/\/www.insel-moen.de\/sv\/uppgiftsskydd\/#breadcrumb"},"inLanguage":"sv-SE","potentialAction":[{"@type":"ReadAction","target":["https:\/\/www.insel-moen.de\/sv\/uppgiftsskydd\/"]}]},{"@type":"BreadcrumbList","@id":"https:\/\/www.insel-moen.de\/sv\/uppgiftsskydd\/#breadcrumb","itemListElement":[{"@type":"ListItem","position":1,"name":"Startseite","item":"https:\/\/www.insel-moen.de\/sv\/"},{"@type":"ListItem","position":2,"name":"Uppgiftsskydd"}]},{"@type":"WebSite","@id":"https:\/\/www.insel-moen.de\/sv\/#website","url":"https:\/\/www.insel-moen.de\/sv\/","name":"Insel M\u00f6n","description":"INSEL M\u00d6N - Urlaub in der D\u00e4nischen S\u00fcdsee","publisher":{"@id":"https:\/\/www.insel-moen.de\/sv\/#organization"},"potentialAction":[{"@type":"SearchAction","target":{"@type":"EntryPoint","urlTemplate":"https:\/\/www.insel-moen.de\/sv\/?s={search_term_string}"},"query-input":{"@type":"PropertyValueSpecification","valueRequired":true,"valueName":"search_term_string"}}],"inLanguage":"sv-SE"},{"@type":"Organization","@id":"https:\/\/www.insel-moen.de\/sv\/#organization","name":"www.insel-moen.de","url":"https:\/\/www.insel-moen.de\/sv\/","logo":{"@type":"ImageObject","inLanguage":"sv-SE","@id":"https:\/\/www.insel-moen.de\/sv\/#\/schema\/logo\/image\/","url":"https:\/\/www.insel-moen.de\/wp-content\/uploads\/2023\/08\/cropped-daenemark-logo-neu-klein.png","contentUrl":"https:\/\/www.insel-moen.de\/wp-content\/uploads\/2023\/08\/cropped-daenemark-logo-neu-klein.png","width":100,"height":101,"caption":"www.insel-moen.de"},"image":{"@id":"https:\/\/www.insel-moen.de\/sv\/#\/schema\/logo\/image\/"}}]}},"_links":{"self":[{"href":"https:\/\/www.insel-moen.de\/sv\/wp-json\/wp\/v2\/pages\/1000","targetHints":{"allow":["GET"]}}],"collection":[{"href":"https:\/\/www.insel-moen.de\/sv\/wp-json\/wp\/v2\/pages"}],"about":[{"href":"https:\/\/www.insel-moen.de\/sv\/wp-json\/wp\/v2\/types\/page"}],"author":[{"embeddable":true,"href":"https:\/\/www.insel-moen.de\/sv\/wp-json\/wp\/v2\/users\/3"}],"replies":[{"embeddable":true,"href":"https:\/\/www.insel-moen.de\/sv\/wp-json\/wp\/v2\/comments?post=1000"}],"version-history":[{"count":2,"href":"https:\/\/www.insel-moen.de\/sv\/wp-json\/wp\/v2\/pages\/1000\/revisions"}],"predecessor-version":[{"id":7328,"href":"https:\/\/www.insel-moen.de\/sv\/wp-json\/wp\/v2\/pages\/1000\/revisions\/7328"}],"wp:attachment":[{"href":"https:\/\/www.insel-moen.de\/sv\/wp-json\/wp\/v2\/media?parent=1000"}],"curies":[{"name":"wp","href":"https:\/\/api.w.org\/{rel}","templated":true}]}}