{"id":8587,"date":"2024-05-16T09:12:50","date_gmt":"2024-05-16T09:12:50","guid":{"rendered":"https:\/\/www.insel-moen.de\/miejsca-na-wyspie-moen\/mosty\/"},"modified":"2024-05-18T09:38:14","modified_gmt":"2024-05-18T09:38:14","slug":"mosty","status":"publish","type":"page","link":"https:\/\/www.insel-moen.de\/pl\/miejsca-na-wyspie-moen\/mosty\/","title":{"rendered":"Mosty"},"content":{"rendered":"\n<p class=\"has-drop-cap\">Je\u015bli nie podr\u00f3\u017cujesz na M\u00f6n w\u0142asnym samochodem, stolica wyspy Stege jest najlepsz\u0105 baz\u0105 wypadow\u0105 do zwiedzania wyspy. M\u00f6n ma po\u0142\u0105czenia autobusowe. Autobus b\u0119dzie czeka\u0142 na Ciebie w pobli\u017cu biura turystycznego, po p\u00f3\u0142nocnej stronie mostu zwodzonego, kt\u00f3ry prowadzi r\u00f3wnie\u017c bezpo\u015brednio do centrum miasta.<\/p>\n\n<p>St\u0105d Stege jest podzielone na dwie cz\u0119\u015bci przez d\u0142ug\u0105 \u015bcie\u017ck\u0119 dla pieszych, Storegarde, kt\u00f3ra prowadzi od portu wzd\u0142u\u017c strzelistego gotyckiego dachu ko\u015bcio\u0142a miejskiego i ko\u0144czy si\u0119 przy \u015bredniowiecznych bramach Molletorten. Nazwa Steges pochodzi od s\u0142owa &#8220;strike&#8221; (uderzenie), gdzie drewniane pale by\u0142y wbijane w zatok\u0119 jako dodatkowa obrona przed naje\u017ad\u017acami.  <\/p>\n\n<figure class=\"wp-block-image size-large\"><a href=\"https:\/\/www.insel-moen.de\/wp-content\/uploads\/2024\/03\/Moen-stege-kaffehuset-moen.jpg\"><img loading=\"lazy\" decoding=\"async\" width=\"1024\" height=\"682\" src=\"https:\/\/www.insel-moen.de\/wp-content\/uploads\/2024\/03\/Moen-stege-kaffehuset-moen-1024x682.jpg\" alt=\"Zdj&#x119;cie przedstawia widok zewn&#x119;trzny &quot;Kaffehuset M&#xF8;n&quot;, palarni w Stege na wyspie M&#xF8;n w Danii. Wej&#x15B;cie do sklepu jest otwarte i zapewnia widok na jasne, nowoczesne wn&#x119;trze, kt&#xF3;re jest wyposa&#x17C;one w drewniane meble i dekoracje wykonane z work&#xF3;w po kawie. Nad wej&#x15B;ciem widnieje napis &quot;Kaffehuset M&#xF8;n Risteri Roastery R&#xF6;sterei&quot;. Ozdobne doniczki stoj&#x105; na starych drewnianych skrzyniach przed sklepem.\" class=\"wp-image-6703\" srcset=\"https:\/\/www.insel-moen.de\/wp-content\/uploads\/2024\/03\/Moen-stege-kaffehuset-moen-1024x682.jpg 1024w, https:\/\/www.insel-moen.de\/wp-content\/uploads\/2024\/03\/Moen-stege-kaffehuset-moen-300x200.jpg 300w, https:\/\/www.insel-moen.de\/wp-content\/uploads\/2024\/03\/Moen-stege-kaffehuset-moen-768x512.jpg 768w, https:\/\/www.insel-moen.de\/wp-content\/uploads\/2024\/03\/Moen-stege-kaffehuset-moen-810x540.jpg 810w, https:\/\/www.insel-moen.de\/wp-content\/uploads\/2024\/03\/Moen-stege-kaffehuset-moen-1200x800.jpg 1200w, https:\/\/www.insel-moen.de\/wp-content\/uploads\/2024\/03\/Moen-stege-kaffehuset-moen.jpg 1280w\" sizes=\"auto, (max-width: 1024px) 100vw, 1024px\" \/><\/a><\/figure>\n<h2 class=\"wp-block-heading\">Interesuj\u0105ce miejsca w Stege<\/h2>\n\n<p>Najpi\u0119kniejsze zabytki w portowym mie\u015bcie Stege obejmuj\u0105 Muzeum M\u00f8ns, w kt\u00f3rym mie\u015bci si\u0119 Empiregaarden i Muzeum Kolekcji Thorsvang. Szczeg\u00f3\u0142owe informacje na temat tych i innych atrakcji mo\u017cna znale\u017a\u0107 tutaj na M\u00f8n.<\/p>\n\n<p>Po\u0142\u0105czone z Molleporten w Empiregarden, Storegarden 75 (wt.-niedz. 10.00-16.00, 30 kr, www.empiregaarden.dk), muzeum miejskie w dawnym domu kupieckim z lat 80. XVII wieku. Kolekcja obejmuje eksponaty archeologiczne i etnograficzne, od skamienia\u0142ych zwierz\u0105t po wype\u0142nione freskami ko\u015bcio\u0142y.<\/p>\n\n<h2 class=\"wp-block-heading\">M\u00f8n Turistbureau Stege<\/h2>\n\n<figure class=\"wp-block-image size-large\"><a href=\"https:\/\/www.insel-moen.de\/wp-content\/uploads\/2024\/05\/Bildschirmfoto-2024-05-18-um-11.34.02-1024x643.png\"><img loading=\"lazy\" decoding=\"async\" width=\"1024\" height=\"643\" src=\"https:\/\/www.insel-moen.de\/wp-content\/uploads\/2024\/05\/Bildschirmfoto-2024-05-18-um-11.34.02-1024x643.png\" alt=\"Zdj&#x119;cie przedstawia centrum informacji turystycznej w Stege na wyspie M&#xF6;n w Danii. Na pierwszym planie stoi du&#x17C;y znak z odleg&#x142;o&#x15B;ciami do r&#xF3;&#x17C;nych miejsc, w tym M&#xF8;ns Klint. Budynek centrum informacji turystycznej jest pomalowany na &#x17C;&#xF3;&#x142;to i znajduje si&#x119; bezpo&#x15B;rednio na nabrze&#x17C;u, gdzie mo&#x17C;na zobaczy&#x107; kilka &#x142;odzi. Ludzie spaceruj&#x105; brukowan&#x105; &#x15B;cie&#x17C;k&#x105; wzd&#x142;u&#x17C; promenady.\" class=\"wp-image-8700\" srcset=\"https:\/\/www.insel-moen.de\/wp-content\/uploads\/2024\/05\/Bildschirmfoto-2024-05-18-um-11.34.02-1024x643.png 1024w, https:\/\/www.insel-moen.de\/wp-content\/uploads\/2024\/05\/Bildschirmfoto-2024-05-18-um-11.34.02-300x188.png 300w, https:\/\/www.insel-moen.de\/wp-content\/uploads\/2024\/05\/Bildschirmfoto-2024-05-18-um-11.34.02-768x482.png 768w, https:\/\/www.insel-moen.de\/wp-content\/uploads\/2024\/05\/Bildschirmfoto-2024-05-18-um-11.34.02-1536x964.png 1536w, https:\/\/www.insel-moen.de\/wp-content\/uploads\/2024\/05\/Bildschirmfoto-2024-05-18-um-11.34.02-810x508.png 810w, https:\/\/www.insel-moen.de\/wp-content\/uploads\/2024\/05\/Bildschirmfoto-2024-05-18-um-11.34.02-1200x753.png 1200w, https:\/\/www.insel-moen.de\/wp-content\/uploads\/2024\/05\/Bildschirmfoto-2024-05-18-um-11.34.02.png 1896w\" sizes=\"auto, (max-width: 1024px) 100vw, 1024px\" \/><\/a><\/figure>\n<p>Biuro turystyczne M\u00f6n znajduje si\u0119 w pobli\u017cu mostu w Stege. Nie mo\u017cna przegapi\u0107 \u017c\u00f3\u0142tego domu. Tutaj mo\u017cna uzyska\u0107 wiele informacji na temat przyrody, zwierz\u0105t i wakacji na wyspie. To miejsce sprzedaje r\u00f3wnie\u017c pami\u0105tki i wynajmuje pokoje w kurortach.<\/p>\n\n<p><strong>Biuro turystyczne M\u00f8n<\/strong><br\/>Storegade 2<br\/>DK &#8211; 4780 Stege<\/p>\n\n<p>Telefon: (+45) 5586 0400<br\/>E-mail:info@visitmoen.com<\/p>\n\n<h2 class=\"wp-block-heading\">Zamek portowy w Stege<\/h2>\n\n<figure class=\"wp-block-image size-full\"><a href=\"https:\/\/www.insel-moen.de\/wp-content\/uploads\/2021\/09\/Hafenschloss-stege-moen.jpg\"><img loading=\"lazy\" decoding=\"async\" width=\"639\" height=\"426\" src=\"https:\/\/www.insel-moen.de\/wp-content\/uploads\/2021\/09\/Hafenschloss-stege-moen.jpg\" alt=\"\" class=\"wp-image-439\" srcset=\"https:\/\/www.insel-moen.de\/wp-content\/uploads\/2021\/09\/Hafenschloss-stege-moen.jpg 639w, https:\/\/www.insel-moen.de\/wp-content\/uploads\/2021\/09\/Hafenschloss-stege-moen-300x200.jpg 300w\" sizes=\"auto, (max-width: 639px) 100vw, 639px\" \/><\/a><figcaption class=\"wp-element-caption\">Model zamku portowego w Stege.<\/figcaption><\/figure>\n<p>Zamek portowy Stege zosta\u0142 zbudowany w 1910 roku i przez wiele lat by\u0142 nieoficjalnym punktem orientacyjnym portu. Budynek sk\u0142ada\u0142 si\u0119 z dw\u00f3ch poczekalni. Jeden dla 1. i jeden dla 2. klasa.<\/p>\n\n<p>Budynek s\u0142u\u017cy\u0142 r\u00f3wnie\u017c jako biuro portowe i rezydencja kapitana portu. Kiedy szko\u0142a w Stege zosta\u0142a odbudowana w 1935 roku, lekcje odbywa\u0142y si\u0119 tutaj.<\/p>\n\n<p>Dolna cz\u0119\u015b\u0107 zamku portowego s\u0142u\u017cy\u0142a p\u00f3\u017aniej jako budynek mieszkalny. Wie\u017ca zosta\u0142a zburzona w 1961 roku i od tego czasu znajduje si\u0119 w muzeum w Stege. Zamek portowy zosta\u0142 nast\u0119pnie zburzony w 1965 roku.<\/p>\n\n<p>Tamy &#8220;Stege&#8221; i &#8220;Codan&#8221; pokonywa\u0142y sta\u0142\u0105 tras\u0119 mi\u0119dzy Stege i Kalvehave. Model zamku portowego mo\u017cna obejrze\u0107 naprzeciwko biura informacji turystycznej.<\/p>\n\n<h2 class=\"wp-block-heading\">Zakupy w Stege<\/h2>\n\n<p>Jak sama nazwa wskazuje, miasteczko Stege jest uroczym miejscem na zakupy. Przez wiele dziesi\u0119cioleci by\u0142 domem dla r\u00f3\u017cnych sklep\u00f3w i firm, a obecnie jest bardzo popularnym miejscem zar\u00f3wno dla mieszka\u0144c\u00f3w, jak i turyst\u00f3w. Je\u015bli szukasz miejsca, w kt\u00f3rym mo\u017cesz sp\u0119dzi\u0107 czas na przegl\u0105daniu r\u00f3\u017cnych sklep\u00f3w i firm, nie zawiedziesz si\u0119, gdy przyjedziesz do Stege. Znajduje si\u0119 tu wiele sklep\u00f3w i mo\u017cliwo\u015bci robienia zakup\u00f3w. Od odzie\u017cy i obuwia po jedzenie (NETTO) i napoje &#8211; ka\u017cdy znajdzie co\u015b dla siebie i na ka\u017cd\u0105 kiesze\u0144.<\/p>\n\n<h2 class=\"wp-block-heading\">Zakwaterowanie w Stege<\/h2>\n\n<p>Jedn\u0105 z rzeczy, kt\u00f3rych nauczy\u0142em si\u0119 podczas podr\u00f3\u017cy, jest to, \u017ce zawsze najlepiej jest zbada\u0107 miejsce docelowe przed wyjazdem. Podczas podr\u00f3\u017cy do Stege on M\u00f8n, wa\u017cne jest, aby zastanowi\u0107 si\u0119, jakiego typu zakwaterowania potrzebujesz. Do wyboru s\u0105 r\u00f3\u017cne rodzaje hoteli, w tym hotele butikowe, zajazdy i pensjonaty. W Stege on M\u00f8n istnieje szeroki wyb\u00f3r zakwaterowania, a wiele hoteli zaspokoi potrzeby podr\u00f3\u017cnych. Odwiedzaj\u0105cy mog\u0105 wybiera\u0107 mi\u0119dzy uroczymi pensjonatami, ma\u0142ymi zajazdami, a nawet wi\u0119kszymi sieciami. Je\u015bli szukasz noclegu typu bed and breakfast, masz do wyboru kilka obiekt\u00f3w.  <\/p>\n\n<p><strong><a href=\"https:\/\/www.booking.com\/searchresults.de.html?city=-2751377&amp;aid=1221650&amp;no_rooms=1&amp;group_adults=2&amp;label=stege\">&gt;&gt;  Tutaj znajdziesz przegl\u0105d zakwaterowania w Stege<\/a><\/strong><\/p>\n\n<h2 class=\"wp-block-heading\">Domy wakacyjne w Stege<\/h2>\n\n<div style=\"width: 100%\" id=\"c24pp-holidayhome_dk-iframe\" data-q=\"Stege\"><\/div><script src=\"https:\/\/files.check24.net\/widgets\/auto\/124552\/c24pp-holidayhome_dk-iframe\/holidayhome-iframe.js\"><\/script>","protected":false},"excerpt":{"rendered":"<p>Je\u015bli nie podr\u00f3\u017cujesz na M\u00f6n w\u0142asnym samochodem, stolica wyspy Stege jest najlepsz\u0105 baz\u0105 wypadow\u0105 do zwiedzania wyspy. M\u00f6n ma po\u0142\u0105czenia autobusowe. Autobus b\u0119dzie czeka\u0142 na Ciebie w pobli\u017cu biura turystycznego, po p\u00f3\u0142nocnej stronie mostu zwodzonego, kt\u00f3ry prowadzi r\u00f3wnie\u017c bezpo\u015brednio do centrum miasta. St\u0105d Stege jest podzielone na dwie cz\u0119\u015bci przez d\u0142ug\u0105 \u015bcie\u017ck\u0119 dla pieszych, Storegarde, [&hellip;]<\/p>\n","protected":false},"author":3,"featured_media":8593,"parent":8552,"menu_order":0,"comment_status":"closed","ping_status":"closed","template":"templates\/template-full-width.php","meta":{"footnotes":""},"class_list":["post-8587","page","type-page","status-publish","has-post-thumbnail","hentry"],"yoast_head":"<!-- This site is optimized with the Yoast SEO plugin v24.5 - https:\/\/yoast.com\/wordpress\/plugins\/seo\/ -->\n<title>Mosty - Insel M\u00f6n<\/title>\n<meta name=\"description\" content=\"Odkryj Stege, bij\u0105ce serce wyspy M\u00f6n. Ciesz si\u0119 malowniczymi drogami, zabytkami i wyj\u0105tkowymi do\u015bwiadczeniami przyrodniczymi. Zaplanuj swoj\u0105 wizyt\u0119 ju\u017c teraz i zanurz si\u0119 w fascynuj\u0105cym \u015bwiecie M\u00f6n!\" \/>\n<meta name=\"robots\" content=\"index, follow, max-snippet:-1, max-image-preview:large, max-video-preview:-1\" \/>\n<link rel=\"canonical\" href=\"https:\/\/www.insel-moen.de\/pl\/miejsca-na-wyspie-moen\/mosty\/\" \/>\n<meta property=\"og:locale\" content=\"pl_PL\" \/>\n<meta property=\"og:type\" content=\"article\" \/>\n<meta property=\"og:title\" content=\"Mosty - Insel M\u00f6n\" \/>\n<meta property=\"og:description\" content=\"Odkryj Stege, bij\u0105ce serce wyspy M\u00f6n. Ciesz si\u0119 malowniczymi drogami, zabytkami i wyj\u0105tkowymi do\u015bwiadczeniami przyrodniczymi. Zaplanuj swoj\u0105 wizyt\u0119 ju\u017c teraz i zanurz si\u0119 w fascynuj\u0105cym \u015bwiecie M\u00f6n!\" \/>\n<meta property=\"og:url\" content=\"https:\/\/www.insel-moen.de\/pl\/miejsca-na-wyspie-moen\/mosty\/\" \/>\n<meta property=\"og:site_name\" content=\"Insel M\u00f6n\" \/>\n<meta property=\"article:modified_time\" content=\"2024-05-18T09:38:14+00:00\" \/>\n<meta property=\"og:image\" content=\"https:\/\/www.insel-moen.de\/wp-content\/uploads\/2021\/09\/stege-inselhauptstadt-von-moen.jpg\" \/>\n\t<meta property=\"og:image:width\" content=\"1600\" \/>\n\t<meta property=\"og:image:height\" content=\"1066\" \/>\n\t<meta property=\"og:image:type\" content=\"image\/jpeg\" \/>\n<meta name=\"twitter:card\" content=\"summary_large_image\" \/>\n<meta name=\"twitter:label1\" content=\"Szacowany czas czytania\" \/>\n\t<meta name=\"twitter:data1\" content=\"3 minuty\" \/>\n<script type=\"application\/ld+json\" class=\"yoast-schema-graph\">{\"@context\":\"https:\/\/schema.org\",\"@graph\":[{\"@type\":\"WebPage\",\"@id\":\"https:\/\/www.insel-moen.de\/pl\/miejsca-na-wyspie-moen\/mosty\/\",\"url\":\"https:\/\/www.insel-moen.de\/pl\/miejsca-na-wyspie-moen\/mosty\/\",\"name\":\"Mosty - Insel M\u00f6n\",\"isPartOf\":{\"@id\":\"https:\/\/www.insel-moen.de\/pl\/#website\"},\"primaryImageOfPage\":{\"@id\":\"https:\/\/www.insel-moen.de\/pl\/miejsca-na-wyspie-moen\/mosty\/#primaryimage\"},\"image\":{\"@id\":\"https:\/\/www.insel-moen.de\/pl\/miejsca-na-wyspie-moen\/mosty\/#primaryimage\"},\"thumbnailUrl\":\"https:\/\/www.insel-moen.de\/wp-content\/uploads\/2021\/09\/stege-inselhauptstadt-von-moen.jpg\",\"datePublished\":\"2024-05-16T09:12:50+00:00\",\"dateModified\":\"2024-05-18T09:38:14+00:00\",\"description\":\"Odkryj Stege, bij\u0105ce serce wyspy M\u00f6n. Ciesz si\u0119 malowniczymi drogami, zabytkami i wyj\u0105tkowymi do\u015bwiadczeniami przyrodniczymi. Zaplanuj swoj\u0105 wizyt\u0119 ju\u017c teraz i zanurz si\u0119 w fascynuj\u0105cym \u015bwiecie M\u00f6n!\",\"breadcrumb\":{\"@id\":\"https:\/\/www.insel-moen.de\/pl\/miejsca-na-wyspie-moen\/mosty\/#breadcrumb\"},\"inLanguage\":\"pl-PL\",\"potentialAction\":[{\"@type\":\"ReadAction\",\"target\":[\"https:\/\/www.insel-moen.de\/pl\/miejsca-na-wyspie-moen\/mosty\/\"]}]},{\"@type\":\"ImageObject\",\"inLanguage\":\"pl-PL\",\"@id\":\"https:\/\/www.insel-moen.de\/pl\/miejsca-na-wyspie-moen\/mosty\/#primaryimage\",\"url\":\"https:\/\/www.insel-moen.de\/wp-content\/uploads\/2021\/09\/stege-inselhauptstadt-von-moen.jpg\",\"contentUrl\":\"https:\/\/www.insel-moen.de\/wp-content\/uploads\/2021\/09\/stege-inselhauptstadt-von-moen.jpg\",\"width\":1600,\"height\":1066},{\"@type\":\"BreadcrumbList\",\"@id\":\"https:\/\/www.insel-moen.de\/pl\/miejsca-na-wyspie-moen\/mosty\/#breadcrumb\",\"itemListElement\":[{\"@type\":\"ListItem\",\"position\":1,\"name\":\"Startseite\",\"item\":\"https:\/\/www.insel-moen.de\/pl\/witamy-na-wyspie-moen\/\"},{\"@type\":\"ListItem\",\"position\":2,\"name\":\"Miejsca na wyspie M\u00f6n\",\"item\":\"https:\/\/www.insel-moen.de\/pl\/miejsca-na-wyspie-moen\/\"},{\"@type\":\"ListItem\",\"position\":3,\"name\":\"Mosty\"}]},{\"@type\":\"WebSite\",\"@id\":\"https:\/\/www.insel-moen.de\/pl\/#website\",\"url\":\"https:\/\/www.insel-moen.de\/pl\/\",\"name\":\"Insel M\u00f6n\",\"description\":\"INSEL M\u00d6N - Urlaub in der D\u00e4nischen S\u00fcdsee\",\"publisher\":{\"@id\":\"https:\/\/www.insel-moen.de\/pl\/#organization\"},\"potentialAction\":[{\"@type\":\"SearchAction\",\"target\":{\"@type\":\"EntryPoint\",\"urlTemplate\":\"https:\/\/www.insel-moen.de\/pl\/?s={search_term_string}\"},\"query-input\":{\"@type\":\"PropertyValueSpecification\",\"valueRequired\":true,\"valueName\":\"search_term_string\"}}],\"inLanguage\":\"pl-PL\"},{\"@type\":\"Organization\",\"@id\":\"https:\/\/www.insel-moen.de\/pl\/#organization\",\"name\":\"www.insel-moen.de\",\"url\":\"https:\/\/www.insel-moen.de\/pl\/\",\"logo\":{\"@type\":\"ImageObject\",\"inLanguage\":\"pl-PL\",\"@id\":\"https:\/\/www.insel-moen.de\/pl\/#\/schema\/logo\/image\/\",\"url\":\"https:\/\/www.insel-moen.de\/wp-content\/uploads\/2023\/08\/cropped-daenemark-logo-neu-klein.png\",\"contentUrl\":\"https:\/\/www.insel-moen.de\/wp-content\/uploads\/2023\/08\/cropped-daenemark-logo-neu-klein.png\",\"width\":100,\"height\":101,\"caption\":\"www.insel-moen.de\"},\"image\":{\"@id\":\"https:\/\/www.insel-moen.de\/pl\/#\/schema\/logo\/image\/\"}}]}<\/script>\n<!-- \/ Yoast SEO plugin. -->","yoast_head_json":{"title":"Mosty - Insel M\u00f6n","description":"Odkryj Stege, bij\u0105ce serce wyspy M\u00f6n. Ciesz si\u0119 malowniczymi drogami, zabytkami i wyj\u0105tkowymi do\u015bwiadczeniami przyrodniczymi. Zaplanuj swoj\u0105 wizyt\u0119 ju\u017c teraz i zanurz si\u0119 w fascynuj\u0105cym \u015bwiecie M\u00f6n!","robots":{"index":"index","follow":"follow","max-snippet":"max-snippet:-1","max-image-preview":"max-image-preview:large","max-video-preview":"max-video-preview:-1"},"canonical":"https:\/\/www.insel-moen.de\/pl\/miejsca-na-wyspie-moen\/mosty\/","og_locale":"pl_PL","og_type":"article","og_title":"Mosty - Insel M\u00f6n","og_description":"Odkryj Stege, bij\u0105ce serce wyspy M\u00f6n. Ciesz si\u0119 malowniczymi drogami, zabytkami i wyj\u0105tkowymi do\u015bwiadczeniami przyrodniczymi. Zaplanuj swoj\u0105 wizyt\u0119 ju\u017c teraz i zanurz si\u0119 w fascynuj\u0105cym \u015bwiecie M\u00f6n!","og_url":"https:\/\/www.insel-moen.de\/pl\/miejsca-na-wyspie-moen\/mosty\/","og_site_name":"Insel M\u00f6n","article_modified_time":"2024-05-18T09:38:14+00:00","og_image":[{"width":1600,"height":1066,"url":"https:\/\/www.insel-moen.de\/wp-content\/uploads\/2021\/09\/stege-inselhauptstadt-von-moen.jpg","type":"image\/jpeg"}],"twitter_card":"summary_large_image","twitter_misc":{"Szacowany czas czytania":"3 minuty"},"schema":{"@context":"https:\/\/schema.org","@graph":[{"@type":"WebPage","@id":"https:\/\/www.insel-moen.de\/pl\/miejsca-na-wyspie-moen\/mosty\/","url":"https:\/\/www.insel-moen.de\/pl\/miejsca-na-wyspie-moen\/mosty\/","name":"Mosty - Insel M\u00f6n","isPartOf":{"@id":"https:\/\/www.insel-moen.de\/pl\/#website"},"primaryImageOfPage":{"@id":"https:\/\/www.insel-moen.de\/pl\/miejsca-na-wyspie-moen\/mosty\/#primaryimage"},"image":{"@id":"https:\/\/www.insel-moen.de\/pl\/miejsca-na-wyspie-moen\/mosty\/#primaryimage"},"thumbnailUrl":"https:\/\/www.insel-moen.de\/wp-content\/uploads\/2021\/09\/stege-inselhauptstadt-von-moen.jpg","datePublished":"2024-05-16T09:12:50+00:00","dateModified":"2024-05-18T09:38:14+00:00","description":"Odkryj Stege, bij\u0105ce serce wyspy M\u00f6n. Ciesz si\u0119 malowniczymi drogami, zabytkami i wyj\u0105tkowymi do\u015bwiadczeniami przyrodniczymi. Zaplanuj swoj\u0105 wizyt\u0119 ju\u017c teraz i zanurz si\u0119 w fascynuj\u0105cym \u015bwiecie M\u00f6n!","breadcrumb":{"@id":"https:\/\/www.insel-moen.de\/pl\/miejsca-na-wyspie-moen\/mosty\/#breadcrumb"},"inLanguage":"pl-PL","potentialAction":[{"@type":"ReadAction","target":["https:\/\/www.insel-moen.de\/pl\/miejsca-na-wyspie-moen\/mosty\/"]}]},{"@type":"ImageObject","inLanguage":"pl-PL","@id":"https:\/\/www.insel-moen.de\/pl\/miejsca-na-wyspie-moen\/mosty\/#primaryimage","url":"https:\/\/www.insel-moen.de\/wp-content\/uploads\/2021\/09\/stege-inselhauptstadt-von-moen.jpg","contentUrl":"https:\/\/www.insel-moen.de\/wp-content\/uploads\/2021\/09\/stege-inselhauptstadt-von-moen.jpg","width":1600,"height":1066},{"@type":"BreadcrumbList","@id":"https:\/\/www.insel-moen.de\/pl\/miejsca-na-wyspie-moen\/mosty\/#breadcrumb","itemListElement":[{"@type":"ListItem","position":1,"name":"Startseite","item":"https:\/\/www.insel-moen.de\/pl\/witamy-na-wyspie-moen\/"},{"@type":"ListItem","position":2,"name":"Miejsca na wyspie M\u00f6n","item":"https:\/\/www.insel-moen.de\/pl\/miejsca-na-wyspie-moen\/"},{"@type":"ListItem","position":3,"name":"Mosty"}]},{"@type":"WebSite","@id":"https:\/\/www.insel-moen.de\/pl\/#website","url":"https:\/\/www.insel-moen.de\/pl\/","name":"Insel M\u00f6n","description":"INSEL M\u00d6N - Urlaub in der D\u00e4nischen S\u00fcdsee","publisher":{"@id":"https:\/\/www.insel-moen.de\/pl\/#organization"},"potentialAction":[{"@type":"SearchAction","target":{"@type":"EntryPoint","urlTemplate":"https:\/\/www.insel-moen.de\/pl\/?s={search_term_string}"},"query-input":{"@type":"PropertyValueSpecification","valueRequired":true,"valueName":"search_term_string"}}],"inLanguage":"pl-PL"},{"@type":"Organization","@id":"https:\/\/www.insel-moen.de\/pl\/#organization","name":"www.insel-moen.de","url":"https:\/\/www.insel-moen.de\/pl\/","logo":{"@type":"ImageObject","inLanguage":"pl-PL","@id":"https:\/\/www.insel-moen.de\/pl\/#\/schema\/logo\/image\/","url":"https:\/\/www.insel-moen.de\/wp-content\/uploads\/2023\/08\/cropped-daenemark-logo-neu-klein.png","contentUrl":"https:\/\/www.insel-moen.de\/wp-content\/uploads\/2023\/08\/cropped-daenemark-logo-neu-klein.png","width":100,"height":101,"caption":"www.insel-moen.de"},"image":{"@id":"https:\/\/www.insel-moen.de\/pl\/#\/schema\/logo\/image\/"}}]}},"_links":{"self":[{"href":"https:\/\/www.insel-moen.de\/pl\/wp-json\/wp\/v2\/pages\/8587","targetHints":{"allow":["GET"]}}],"collection":[{"href":"https:\/\/www.insel-moen.de\/pl\/wp-json\/wp\/v2\/pages"}],"about":[{"href":"https:\/\/www.insel-moen.de\/pl\/wp-json\/wp\/v2\/types\/page"}],"author":[{"embeddable":true,"href":"https:\/\/www.insel-moen.de\/pl\/wp-json\/wp\/v2\/users\/3"}],"replies":[{"embeddable":true,"href":"https:\/\/www.insel-moen.de\/pl\/wp-json\/wp\/v2\/comments?post=8587"}],"version-history":[{"count":6,"href":"https:\/\/www.insel-moen.de\/pl\/wp-json\/wp\/v2\/pages\/8587\/revisions"}],"predecessor-version":[{"id":8752,"href":"https:\/\/www.insel-moen.de\/pl\/wp-json\/wp\/v2\/pages\/8587\/revisions\/8752"}],"up":[{"embeddable":true,"href":"https:\/\/www.insel-moen.de\/pl\/wp-json\/wp\/v2\/pages\/8552"}],"wp:featuredmedia":[{"embeddable":true,"href":"https:\/\/www.insel-moen.de\/pl\/wp-json\/wp\/v2\/media\/8593"}],"wp:attachment":[{"href":"https:\/\/www.insel-moen.de\/pl\/wp-json\/wp\/v2\/media?parent=8587"}],"curies":[{"name":"wp","href":"https:\/\/api.w.org\/{rel}","templated":true}]}}