{"id":8568,"date":"2024-05-16T09:12:46","date_gmt":"2024-05-16T09:12:46","guid":{"rendered":"https:\/\/www.insel-moen.de\/atrakcje-i-atrakcje-na-wyspie-moen\/panoramiczne-trasy-rowerowe\/"},"modified":"2024-05-16T09:12:48","modified_gmt":"2024-05-16T09:12:48","slug":"panoramiczne-trasy-rowerowe","status":"publish","type":"page","link":"https:\/\/www.insel-moen.de\/pl\/atrakcje-i-atrakcje-na-wyspie-moen\/panoramiczne-trasy-rowerowe\/","title":{"rendered":"Panoramiczne trasy rowerowe"},"content":{"rendered":"\n<p>Na wyspie M\u00f6n (du\u0144. M\u00f8n) wytyczono kilka panoramicznych tras rowerowych. Ka\u017cdy z nich ma okre\u015blone motto. Ka\u017cda trasa ma trzycyfrowy numer, kt\u00f3ry mo\u017cna znale\u017a\u0107 na tablicy informacyjnej pod zdj\u0119ciem roweru. S\u0142owo Panoramaroute = po du\u0144sku trasa panoramiczna jest r\u00f3wnie\u017c napisane na drogowskazie. Te trasy panoramiczne zosta\u0142y zaprojektowane jako trasy pier\u015bcieniowe, dzi\u0119ki czemu zawsze mo\u017cna wr\u00f3ci\u0107 do punktu pocz\u0105tkowego. Ich d\u0142ugo\u015b\u0107 wynosi od 20 do 40 kilometr\u00f3w. Rowery mo\u017cna wypo\u017cyczy\u0107 na \u017cyczenie.<\/p>\n<div class=\"wp-block-image\">\n<figure class=\"aligncenter\"><img decoding=\"async\" src=\"https:\/\/www.daenemark-reisen.com\/wp-content\/uploads\/2014\/06\/Panorama-radtour-insel-moen.jpg\" alt=\"Panoramiczna wycieczka rowerowa po wyspie M&#xF6;n\" class=\"wp-image-923\" title=\"Panoramiczna wycieczka rowerowa po wyspie M&#xF6;n\"\/><figcaption class=\"wp-element-caption\">Jazda na rowerze na Moen<\/figcaption><\/figure><\/div>\n<p>Te panoramiczne trasy rowerowe prowadz\u0105 obok interesuj\u0105cych miejsc, do szczeg\u00f3lnie pi\u0119knych punkt\u00f3w widokowych, przez pi\u0119kny krajobraz i oferuj\u0105 wgl\u0105d w dany temat. Na trasie znajduj\u0105 si\u0119 przystanki i miejsca noclegowe.<\/p>\n\n<h2 class=\"wp-block-heading\">S\u0142odka trasa<\/h2>\n\n<p>Trasa ta jest r\u00f3wnie\u017c odpowiednia dla rodzin z dzie\u0107mi. Przez 25 kilometr\u00f3w trasa wspina si\u0119 i zje\u017cd\u017ca ze wzg\u00f3rz po cichych, asfaltowych drogach wiejskich. Maksymalne nachylenie wynosi 2%. Je\u015bli obliczymy pr\u0119dko\u015b\u0107 jazdy 11 km\/h dla osoby doros\u0142ej, czas podr\u00f3\u017cy wynosi oko\u0142o 2 godzin, a dla dzieci odpowiednio d\u0142u\u017cej. Trasa prowadzi przez wioski z muru pruskiego ozdobione malwami. Trasa ta ma numer 423.<\/p>\n\n<figure class=\"wp-block-image size-large is-resized\"><a href=\"https:\/\/www.insel-moen.de\/wp-content\/uploads\/2021\/10\/moen-landscape-cyclists_&#xA9;Daniel-Villadsen-large.jpg\"><img decoding=\"async\" src=\"https:\/\/www.insel-moen.de\/wp-content\/uploads\/2021\/10\/moen-landscape-cyclists_&#xA9;Daniel-Villadsen-large-1024x768.jpg\" alt=\"\" class=\"wp-image-548\" style=\"width:1200px\"\/><\/a><figcaption class=\"wp-element-caption\">Widok o zachodzie s\u0142o\u0144ca na pofa\u0142dowane \u0142\u0105ki M\u00f6n.<\/figcaption><\/figure>\n<p><strong>  Interesuj\u0105ce miejsca na tej trasie  <\/strong><br\/>M\u00f6n Boicher w starej cukrowni jest domem dla fabryki s\u0142odyczy. Dzieci mog\u0105 tu zrobi\u0107 w\u0142asne lizaki, a Ty zaopatrzy\u0107 si\u0119 w s\u0142odycze. Warto r\u00f3wnie\u017c zobaczy\u0107 stare baseny ziemne dawnej cukrowni. Dzi\u015b zawieraj\u0105 one interesuj\u0105ce biotopy.<\/p>\n\n<p>Bodden Stege Nor to przybrze\u017cna laguna o szeroko\u015bci 1,8 km i d\u0142ugo\u015bci 7 km. Powsta\u0142a podczas ostatniej epoki lodowcowej. Mo\u017cna tu obserwowa\u0107 ptaki, najlepiej przez lornetk\u0119.<\/p>\n\n<p>W Svensmarke, wiosce z muru pruskiego ozdobionej malwami, mo\u017cna wypo\u017cyczy\u0107 kajaki lub katamarany i odpocz\u0105\u0107 od jazdy na rowerze na wodzie.<\/p>\n\n<p>W &#8220;niebieskich g\u00f3rach&#8221; w Keldbylille mo\u017cna odwiedzi\u0107 dwie bardzo interesuj\u0105ce, kontrastuj\u0105ce ze sob\u0105 farmy. W historycznym gospodarstwie muzealnym Museumsg\u00e5rden mo\u017cna zanurzy\u0107 si\u0119 w wiejskim \u017cyciu z dawnych czas\u00f3w. Przeciwie\u0144stwem jest nowoczesna farma mleczna.<\/p>\n\n<p>W ko\u015bciele w Keldby, kt\u00f3rego pocz\u0105tki si\u0119gaj\u0105 XIII wieku, mo\u017cna podziwia\u0107 \u015bredniowieczn\u0105 sztuk\u0119, w tym malowid\u0142a wapienne z XV wieku.<\/p>\n\n<p>Stege to ma\u0142e \u015bredniowieczne miasteczko, w kt\u00f3rym warto zobaczy\u0107 bram\u0119 miejsk\u0105 i mury obronne. Znajduje si\u0119 tu r\u00f3wnie\u017c muzeum oraz liczne restauracje, kawiarnie i sklepy. Je\u015bli b\u0119dziesz w Stege w pierwszy weekend wrze\u015bnia, warto wybra\u0107 si\u0119 na du\u017cy targ \u015bledziowy. Jest to bardziej morski festiwal kulturalny ni\u017c zwyk\u0142y targ.<\/p>\n\n<blockquote class=\"wp-block-quote is-layout-flow wp-block-quote-is-layout-flow\">\n<p><a href=\"http:\/\/www.visiteastdenmark.de\/sites\/default\/files\/asp\/visiteastdenmark\/PDF\/den_soede_tur_printde.pdf\">Mapa trasy i opis w formacie PDF<\/a><\/p>\n<\/blockquote>\n\n<h2 class=\"wp-block-heading\">Trasa &#8220;Odkrywcza wycieczka z rodzin\u0105&#8221;<\/h2>\n\n<p>Ta 29-kilometrowa trasa jest r\u00f3wnie\u017c odpowiednia dla rodzin z dzie\u0107mi. Mo\u017cna go r\u00f3wnie\u017c po\u0142\u0105czy\u0107 z &#8220;S\u0142odk\u0105 tras\u0105&#8221;. Prowadzi wzd\u0142u\u017c pla\u017cy, obok d\u0142ugich \u0142\u0105k, przez lasy i do uroczego miasteczka Nyord oraz cichymi wiejskimi drogami. Jest pozbawiona barier i odpowiednia dla rowerzyst\u00f3w r\u0119cznych. Trasa ta jest oznaczona numerem 422.<\/p>\n\n<p><strong>  Interesuj\u0105ce miejsca na tej trasie  <\/strong><br\/>Muzeum M\u00f6ns w Stege oferuje r\u00f3wnie\u017c wystawy czasowe odpowiednie dla dzieci, pi\u0119kny plac zabaw i sklep muzealny. W Stege mo\u017cna r\u00f3wnie\u017c zwiedzi\u0107 \u015bredniowieczn\u0105 bram\u0119 miejsk\u0105 i fortyfikacje.<\/p>\n\n<p>W Ulvshale mo\u017cna przejecha\u0107 obok ulicznych stragan\u00f3w wzd\u0142u\u017c \u015bciany morza i podziwia\u0107 fantastyczny widok na morze. Centrum przyrodnicze Ulvshaleg\u00e5rd znajduje si\u0119 w lesie Ulvshale. \u015acie\u017cka sensoryczna prowadzi obok \u0142\u0105k pla\u017cowych i pas\u0105cego si\u0119 byd\u0142a.<\/p>\n\n<p>Przy Nyord Bridge znajduj\u0105 si\u0119 \u0142\u0105ki pla\u017cowe, kt\u00f3re s\u0105 zalewane kilka razy w roku i stanowi\u0105 du\u017cy rezerwat ptak\u00f3w. Z wie\u017cy dla ptak\u00f3w roztacza si\u0119 dobry widok na krajobraz i zwierz\u0119ta.<\/p>\n\n<p>Nyord Landsby to wioska ze starymi dziedzi\u0144cami, o\u015bmiok\u0105tnym ko\u015bcio\u0142em, najmniejszym muzeum w Danii oraz licznymi sklepami i galeriami.<\/p>\n\n<p>Centrum Przyrody Hyldevang oferuje dost\u0119pny ogr\u00f3d sensoryczny i dost\u0119pn\u0105 platform\u0119 dla ptak\u00f3w, a tak\u017ce przyrodniczy plac zabaw i chat\u0119 piknikow\u0105 z wystawami.<\/p>\n\n<blockquote class=\"wp-block-quote is-layout-flow wp-block-quote-is-layout-flow\">\n<p><a href=\"http:\/\/www.visiteastdenmark.de\/sites\/default\/files\/asp\/visiteastdenmark\/PDF\/paa_opdagelse_med_familien_printde.pdf\">Mapa trasy i opis w formacie PDF<\/a><\/p>\n<\/blockquote>\n\n<h2 class=\"wp-block-heading\">Trasa panoramiczna Na szczycie \u015bwiata<\/h2>\n\n<p>Ta 18-kilometrowa trasa jest przeznaczona wy\u0142\u0105cznie dla do\u015bwiadczonych rowerzyst\u00f3w. Wymaga dobrej kondycji fizycznej, poniewa\u017c raz po raz prowadzi w g\u00f3r\u0119 i w d\u00f3\u0142 wzg\u00f3rz. Ale potem zostajesz nagrodzony fantastycznymi widokami. Jest to trasa numer 421.<\/p>\n\n<p><strong>  Interesuj\u0105ce miejsca na tej trasie  <\/strong><br\/>W parku <a href=\"https:\/\/www.insel-moen.de\/pl\/herregaardenesdag-na-zamku-liselund-zanurzenie-w-romansie-i-historii-20-08-23\/\">Liselund<\/a> znajduj\u0105 si\u0119 jeziora, pomniki, ciekawe domy, cieki wodne i egzotyczne ro\u015bliny.<\/p>\n\n<p>Dolmen S\u00f8markedyssen to o\u015bmiok\u0105tny kamienny grobowiec z licznymi wg\u0142\u0119bieniami w kszta\u0142cie mis, kt\u00f3re s\u0105 magicznymi znakami kultu p\u0142odno\u015bci. Zosta\u0142 zbudowany oko\u0142o 3300 lat p.n.e. Stoi 90 metr\u00f3w nad morzem i roztacza si\u0119 st\u0105d fantastyczny widok na East M\u00f6n.<\/p>\n\n<p>Najstarsza cz\u0119\u015b\u0107 ko\u015bcio\u0142a Magleby zosta\u0142a zbudowana w XIII wieku. W kolejnych wiekach zosta\u0142 on rozbudowany w stylu gotyckim. Wewn\u0105trz znajduje si\u0119 o\u0142tarz z XVI wieku i p\u0142askorze\u017aba przedstawiaj\u0105ca ukrzy\u017cowanie.<\/p>\n\n<p>Posiad\u0142o\u015b\u0107 Klintholm Gods z du\u017cymi obszarami le\u015bnymi i \u0142\u0105kami jest wykorzystywana do cel\u00f3w rolniczych i le\u015bnych.<\/p>\n\n<p>Przy starej przepompowni w Mandemarke znajduje si\u0119 miejsce odpoczynku. St\u0105d trasa biegnie wzd\u0142u\u017c najpi\u0119kniejszej g\u00f3rskiej drogi w Danii, Busenevej. Przeje\u017cd\u017ca si\u0119 tu przez ogromne wzg\u00f3rza, z kt\u00f3rych roztacza si\u0119 pi\u0119kny widok na Morze Ba\u0142tyckie i po\u0142udniowo-wschodnie M\u00f6n. W strefie odpoczynku H\u00f8vblege rasteplads mo\u017cna obserwowa\u0107 rzadkie ro\u015bliny, owady i ptaki.<\/p>\n\n<p>GeoCentrum M\u00f6ns Klint znajduje si\u0119 w lesie Klinteskoven. Pokazuje geologiczn\u0105 histori\u0119 Danii na interaktywnych wystawach.<\/p>\n\n<p>M\u00f6ns Klint, z typowymi kredowymi klifami i skalist\u0105 pla\u017c\u0105, jest jednym z najpi\u0119kniejszych wybrze\u017cy Danii. Najwy\u017cszym punktem jest Dronningenstolen = Krzes\u0142o Kr\u00f3lowej. Le\u017cy 128 metr\u00f3w nad poziomem morza.<\/p>\n\n<blockquote class=\"wp-block-quote is-layout-flow wp-block-quote-is-layout-flow\">\n<p><a href=\"http:\/\/www.visiteastdenmark.de\/sites\/default\/files\/asp\/visiteastdenmark\/PDF\/paa_toppen_af_verden_printde.pdf\">Mapa trasy i opis w formacie PDF<\/a><\/p>\n<\/blockquote>\n\n<p>Motyw nag\u0142\u00f3wka i zach\u00f3d s\u0142o\u0144ca: \u00a9 Daniel Villadsen,<\/p>\n","protected":false},"excerpt":{"rendered":"<p>Na wyspie M\u00f6n (du\u0144. M\u00f8n) wytyczono kilka panoramicznych tras rowerowych. Ka\u017cdy z nich ma okre\u015blone motto. Ka\u017cda trasa ma trzycyfrowy numer, kt\u00f3ry mo\u017cna znale\u017a\u0107 na tablicy informacyjnej pod zdj\u0119ciem roweru. S\u0142owo Panoramaroute = po du\u0144sku trasa panoramiczna jest r\u00f3wnie\u017c napisane na drogowskazie. Te trasy panoramiczne zosta\u0142y zaprojektowane jako trasy pier\u015bcieniowe, dzi\u0119ki czemu zawsze mo\u017cna wr\u00f3ci\u0107 [&hellip;]<\/p>\n","protected":false},"author":3,"featured_media":8572,"parent":8447,"menu_order":0,"comment_status":"closed","ping_status":"closed","template":"templates\/template-full-width.php","meta":{"footnotes":""},"class_list":["post-8568","page","type-page","status-publish","has-post-thumbnail","hentry"],"yoast_head":"<!-- This site is optimized with the Yoast SEO plugin v24.5 - https:\/\/yoast.com\/wordpress\/plugins\/seo\/ -->\n<title>Panoramiczne trasy rowerowe - Insel M\u00f6n<\/title>\n<meta name=\"robots\" content=\"index, follow, max-snippet:-1, max-image-preview:large, max-video-preview:-1\" \/>\n<link rel=\"canonical\" href=\"https:\/\/www.insel-moen.de\/pl\/atrakcje-i-atrakcje-na-wyspie-moen\/panoramiczne-trasy-rowerowe\/\" \/>\n<meta property=\"og:locale\" content=\"pl_PL\" \/>\n<meta property=\"og:type\" content=\"article\" \/>\n<meta property=\"og:title\" content=\"Panoramiczne trasy rowerowe - Insel M\u00f6n\" \/>\n<meta property=\"og:description\" content=\"Na wyspie M\u00f6n (du\u0144. M\u00f8n) wytyczono kilka panoramicznych tras rowerowych. Ka\u017cdy z nich ma okre\u015blone motto. Ka\u017cda trasa ma trzycyfrowy numer, kt\u00f3ry mo\u017cna znale\u017a\u0107 na tablicy informacyjnej pod zdj\u0119ciem roweru. S\u0142owo Panoramaroute = po du\u0144sku trasa panoramiczna jest r\u00f3wnie\u017c napisane na drogowskazie. Te trasy panoramiczne zosta\u0142y zaprojektowane jako trasy pier\u015bcieniowe, dzi\u0119ki czemu zawsze mo\u017cna wr\u00f3ci\u0107 [&hellip;]\" \/>\n<meta property=\"og:url\" content=\"https:\/\/www.insel-moen.de\/pl\/atrakcje-i-atrakcje-na-wyspie-moen\/panoramiczne-trasy-rowerowe\/\" \/>\n<meta property=\"og:site_name\" content=\"Insel M\u00f6n\" \/>\n<meta property=\"article:modified_time\" content=\"2024-05-16T09:12:48+00:00\" \/>\n<meta property=\"og:image\" content=\"https:\/\/www.insel-moen.de\/wp-content\/uploads\/2021\/10\/moens-klint-2_\u00a9Daniel-Villadsen-scaled.jpg\" \/>\n\t<meta property=\"og:image:width\" content=\"2560\" \/>\n\t<meta property=\"og:image:height\" content=\"1920\" \/>\n\t<meta property=\"og:image:type\" content=\"image\/jpeg\" \/>\n<meta name=\"twitter:card\" content=\"summary_large_image\" \/>\n<meta name=\"twitter:label1\" content=\"Szacowany czas czytania\" \/>\n\t<meta name=\"twitter:data1\" content=\"5 minut\" \/>\n<script type=\"application\/ld+json\" class=\"yoast-schema-graph\">{\"@context\":\"https:\/\/schema.org\",\"@graph\":[{\"@type\":\"WebPage\",\"@id\":\"https:\/\/www.insel-moen.de\/pl\/atrakcje-i-atrakcje-na-wyspie-moen\/panoramiczne-trasy-rowerowe\/\",\"url\":\"https:\/\/www.insel-moen.de\/pl\/atrakcje-i-atrakcje-na-wyspie-moen\/panoramiczne-trasy-rowerowe\/\",\"name\":\"Panoramiczne trasy rowerowe - Insel M\u00f6n\",\"isPartOf\":{\"@id\":\"https:\/\/www.insel-moen.de\/pl\/#website\"},\"primaryImageOfPage\":{\"@id\":\"https:\/\/www.insel-moen.de\/pl\/atrakcje-i-atrakcje-na-wyspie-moen\/panoramiczne-trasy-rowerowe\/#primaryimage\"},\"image\":{\"@id\":\"https:\/\/www.insel-moen.de\/pl\/atrakcje-i-atrakcje-na-wyspie-moen\/panoramiczne-trasy-rowerowe\/#primaryimage\"},\"thumbnailUrl\":\"https:\/\/www.insel-moen.de\/wp-content\/uploads\/2021\/10\/moens-klint-2_\u00a9Daniel-Villadsen-scaled.jpg\",\"datePublished\":\"2024-05-16T09:12:46+00:00\",\"dateModified\":\"2024-05-16T09:12:48+00:00\",\"breadcrumb\":{\"@id\":\"https:\/\/www.insel-moen.de\/pl\/atrakcje-i-atrakcje-na-wyspie-moen\/panoramiczne-trasy-rowerowe\/#breadcrumb\"},\"inLanguage\":\"pl-PL\",\"potentialAction\":[{\"@type\":\"ReadAction\",\"target\":[\"https:\/\/www.insel-moen.de\/pl\/atrakcje-i-atrakcje-na-wyspie-moen\/panoramiczne-trasy-rowerowe\/\"]}]},{\"@type\":\"ImageObject\",\"inLanguage\":\"pl-PL\",\"@id\":\"https:\/\/www.insel-moen.de\/pl\/atrakcje-i-atrakcje-na-wyspie-moen\/panoramiczne-trasy-rowerowe\/#primaryimage\",\"url\":\"https:\/\/www.insel-moen.de\/wp-content\/uploads\/2021\/10\/moens-klint-2_\u00a9Daniel-Villadsen-scaled.jpg\",\"contentUrl\":\"https:\/\/www.insel-moen.de\/wp-content\/uploads\/2021\/10\/moens-klint-2_\u00a9Daniel-Villadsen-scaled.jpg\",\"width\":2560,\"height\":1920},{\"@type\":\"BreadcrumbList\",\"@id\":\"https:\/\/www.insel-moen.de\/pl\/atrakcje-i-atrakcje-na-wyspie-moen\/panoramiczne-trasy-rowerowe\/#breadcrumb\",\"itemListElement\":[{\"@type\":\"ListItem\",\"position\":1,\"name\":\"Startseite\",\"item\":\"https:\/\/www.insel-moen.de\/pl\/witamy-na-wyspie-moen\/\"},{\"@type\":\"ListItem\",\"position\":2,\"name\":\"Atrakcje i atrakcje na wyspie M\u00f8n\",\"item\":\"https:\/\/www.insel-moen.de\/pl\/atrakcje-i-atrakcje-na-wyspie-moen\/\"},{\"@type\":\"ListItem\",\"position\":3,\"name\":\"Panoramiczne trasy rowerowe\"}]},{\"@type\":\"WebSite\",\"@id\":\"https:\/\/www.insel-moen.de\/pl\/#website\",\"url\":\"https:\/\/www.insel-moen.de\/pl\/\",\"name\":\"Insel M\u00f6n\",\"description\":\"INSEL M\u00d6N - Urlaub in der D\u00e4nischen S\u00fcdsee\",\"publisher\":{\"@id\":\"https:\/\/www.insel-moen.de\/pl\/#organization\"},\"potentialAction\":[{\"@type\":\"SearchAction\",\"target\":{\"@type\":\"EntryPoint\",\"urlTemplate\":\"https:\/\/www.insel-moen.de\/pl\/?s={search_term_string}\"},\"query-input\":{\"@type\":\"PropertyValueSpecification\",\"valueRequired\":true,\"valueName\":\"search_term_string\"}}],\"inLanguage\":\"pl-PL\"},{\"@type\":\"Organization\",\"@id\":\"https:\/\/www.insel-moen.de\/pl\/#organization\",\"name\":\"www.insel-moen.de\",\"url\":\"https:\/\/www.insel-moen.de\/pl\/\",\"logo\":{\"@type\":\"ImageObject\",\"inLanguage\":\"pl-PL\",\"@id\":\"https:\/\/www.insel-moen.de\/pl\/#\/schema\/logo\/image\/\",\"url\":\"https:\/\/www.insel-moen.de\/wp-content\/uploads\/2023\/08\/cropped-daenemark-logo-neu-klein.png\",\"contentUrl\":\"https:\/\/www.insel-moen.de\/wp-content\/uploads\/2023\/08\/cropped-daenemark-logo-neu-klein.png\",\"width\":100,\"height\":101,\"caption\":\"www.insel-moen.de\"},\"image\":{\"@id\":\"https:\/\/www.insel-moen.de\/pl\/#\/schema\/logo\/image\/\"}}]}<\/script>\n<!-- \/ Yoast SEO plugin. -->","yoast_head_json":{"title":"Panoramiczne trasy rowerowe - Insel M\u00f6n","robots":{"index":"index","follow":"follow","max-snippet":"max-snippet:-1","max-image-preview":"max-image-preview:large","max-video-preview":"max-video-preview:-1"},"canonical":"https:\/\/www.insel-moen.de\/pl\/atrakcje-i-atrakcje-na-wyspie-moen\/panoramiczne-trasy-rowerowe\/","og_locale":"pl_PL","og_type":"article","og_title":"Panoramiczne trasy rowerowe - Insel M\u00f6n","og_description":"Na wyspie M\u00f6n (du\u0144. M\u00f8n) wytyczono kilka panoramicznych tras rowerowych. Ka\u017cdy z nich ma okre\u015blone motto. Ka\u017cda trasa ma trzycyfrowy numer, kt\u00f3ry mo\u017cna znale\u017a\u0107 na tablicy informacyjnej pod zdj\u0119ciem roweru. S\u0142owo Panoramaroute = po du\u0144sku trasa panoramiczna jest r\u00f3wnie\u017c napisane na drogowskazie. Te trasy panoramiczne zosta\u0142y zaprojektowane jako trasy pier\u015bcieniowe, dzi\u0119ki czemu zawsze mo\u017cna wr\u00f3ci\u0107 [&hellip;]","og_url":"https:\/\/www.insel-moen.de\/pl\/atrakcje-i-atrakcje-na-wyspie-moen\/panoramiczne-trasy-rowerowe\/","og_site_name":"Insel M\u00f6n","article_modified_time":"2024-05-16T09:12:48+00:00","og_image":[{"width":2560,"height":1920,"url":"https:\/\/www.insel-moen.de\/wp-content\/uploads\/2021\/10\/moens-klint-2_\u00a9Daniel-Villadsen-scaled.jpg","type":"image\/jpeg"}],"twitter_card":"summary_large_image","twitter_misc":{"Szacowany czas czytania":"5 minut"},"schema":{"@context":"https:\/\/schema.org","@graph":[{"@type":"WebPage","@id":"https:\/\/www.insel-moen.de\/pl\/atrakcje-i-atrakcje-na-wyspie-moen\/panoramiczne-trasy-rowerowe\/","url":"https:\/\/www.insel-moen.de\/pl\/atrakcje-i-atrakcje-na-wyspie-moen\/panoramiczne-trasy-rowerowe\/","name":"Panoramiczne trasy rowerowe - Insel M\u00f6n","isPartOf":{"@id":"https:\/\/www.insel-moen.de\/pl\/#website"},"primaryImageOfPage":{"@id":"https:\/\/www.insel-moen.de\/pl\/atrakcje-i-atrakcje-na-wyspie-moen\/panoramiczne-trasy-rowerowe\/#primaryimage"},"image":{"@id":"https:\/\/www.insel-moen.de\/pl\/atrakcje-i-atrakcje-na-wyspie-moen\/panoramiczne-trasy-rowerowe\/#primaryimage"},"thumbnailUrl":"https:\/\/www.insel-moen.de\/wp-content\/uploads\/2021\/10\/moens-klint-2_\u00a9Daniel-Villadsen-scaled.jpg","datePublished":"2024-05-16T09:12:46+00:00","dateModified":"2024-05-16T09:12:48+00:00","breadcrumb":{"@id":"https:\/\/www.insel-moen.de\/pl\/atrakcje-i-atrakcje-na-wyspie-moen\/panoramiczne-trasy-rowerowe\/#breadcrumb"},"inLanguage":"pl-PL","potentialAction":[{"@type":"ReadAction","target":["https:\/\/www.insel-moen.de\/pl\/atrakcje-i-atrakcje-na-wyspie-moen\/panoramiczne-trasy-rowerowe\/"]}]},{"@type":"ImageObject","inLanguage":"pl-PL","@id":"https:\/\/www.insel-moen.de\/pl\/atrakcje-i-atrakcje-na-wyspie-moen\/panoramiczne-trasy-rowerowe\/#primaryimage","url":"https:\/\/www.insel-moen.de\/wp-content\/uploads\/2021\/10\/moens-klint-2_\u00a9Daniel-Villadsen-scaled.jpg","contentUrl":"https:\/\/www.insel-moen.de\/wp-content\/uploads\/2021\/10\/moens-klint-2_\u00a9Daniel-Villadsen-scaled.jpg","width":2560,"height":1920},{"@type":"BreadcrumbList","@id":"https:\/\/www.insel-moen.de\/pl\/atrakcje-i-atrakcje-na-wyspie-moen\/panoramiczne-trasy-rowerowe\/#breadcrumb","itemListElement":[{"@type":"ListItem","position":1,"name":"Startseite","item":"https:\/\/www.insel-moen.de\/pl\/witamy-na-wyspie-moen\/"},{"@type":"ListItem","position":2,"name":"Atrakcje i atrakcje na wyspie M\u00f8n","item":"https:\/\/www.insel-moen.de\/pl\/atrakcje-i-atrakcje-na-wyspie-moen\/"},{"@type":"ListItem","position":3,"name":"Panoramiczne trasy rowerowe"}]},{"@type":"WebSite","@id":"https:\/\/www.insel-moen.de\/pl\/#website","url":"https:\/\/www.insel-moen.de\/pl\/","name":"Insel M\u00f6n","description":"INSEL M\u00d6N - Urlaub in der D\u00e4nischen S\u00fcdsee","publisher":{"@id":"https:\/\/www.insel-moen.de\/pl\/#organization"},"potentialAction":[{"@type":"SearchAction","target":{"@type":"EntryPoint","urlTemplate":"https:\/\/www.insel-moen.de\/pl\/?s={search_term_string}"},"query-input":{"@type":"PropertyValueSpecification","valueRequired":true,"valueName":"search_term_string"}}],"inLanguage":"pl-PL"},{"@type":"Organization","@id":"https:\/\/www.insel-moen.de\/pl\/#organization","name":"www.insel-moen.de","url":"https:\/\/www.insel-moen.de\/pl\/","logo":{"@type":"ImageObject","inLanguage":"pl-PL","@id":"https:\/\/www.insel-moen.de\/pl\/#\/schema\/logo\/image\/","url":"https:\/\/www.insel-moen.de\/wp-content\/uploads\/2023\/08\/cropped-daenemark-logo-neu-klein.png","contentUrl":"https:\/\/www.insel-moen.de\/wp-content\/uploads\/2023\/08\/cropped-daenemark-logo-neu-klein.png","width":100,"height":101,"caption":"www.insel-moen.de"},"image":{"@id":"https:\/\/www.insel-moen.de\/pl\/#\/schema\/logo\/image\/"}}]}},"_links":{"self":[{"href":"https:\/\/www.insel-moen.de\/pl\/wp-json\/wp\/v2\/pages\/8568","targetHints":{"allow":["GET"]}}],"collection":[{"href":"https:\/\/www.insel-moen.de\/pl\/wp-json\/wp\/v2\/pages"}],"about":[{"href":"https:\/\/www.insel-moen.de\/pl\/wp-json\/wp\/v2\/types\/page"}],"author":[{"embeddable":true,"href":"https:\/\/www.insel-moen.de\/pl\/wp-json\/wp\/v2\/users\/3"}],"replies":[{"embeddable":true,"href":"https:\/\/www.insel-moen.de\/pl\/wp-json\/wp\/v2\/comments?post=8568"}],"version-history":[{"count":1,"href":"https:\/\/www.insel-moen.de\/pl\/wp-json\/wp\/v2\/pages\/8568\/revisions"}],"predecessor-version":[{"id":8573,"href":"https:\/\/www.insel-moen.de\/pl\/wp-json\/wp\/v2\/pages\/8568\/revisions\/8573"}],"up":[{"embeddable":true,"href":"https:\/\/www.insel-moen.de\/pl\/wp-json\/wp\/v2\/pages\/8447"}],"wp:featuredmedia":[{"embeddable":true,"href":"https:\/\/www.insel-moen.de\/pl\/wp-json\/wp\/v2\/media\/8572"}],"wp:attachment":[{"href":"https:\/\/www.insel-moen.de\/pl\/wp-json\/wp\/v2\/media?parent=8568"}],"curies":[{"name":"wp","href":"https:\/\/api.w.org\/{rel}","templated":true}]}}