{"id":8512,"date":"2024-05-16T09:12:39","date_gmt":"2024-05-16T09:12:39","guid":{"rendered":"https:\/\/www.insel-moen.de\/atrakcje-i-atrakcje-na-wyspie-moen\/plywanie-na-wyspie-moen\/"},"modified":"2024-05-16T09:12:40","modified_gmt":"2024-05-16T09:12:40","slug":"plywanie-na-wyspie-moen","status":"publish","type":"page","link":"https:\/\/www.insel-moen.de\/pl\/atrakcje-i-atrakcje-na-wyspie-moen\/plywanie-na-wyspie-moen\/","title":{"rendered":"P\u0142ywanie na wyspie M\u00f6n"},"content":{"rendered":"\n<p>Moen s\u0142ynie z r\u00f3\u017cnorodnych nadmorskich krajobraz\u00f3w (\u0142\u0105cznie 140 kilometr\u00f3w linii brzegowej), a tak\u017ce z pla\u017c. Jest tu kilka bardzo \u0142adnych piaszczystych pla\u017c &#8211; nie tak \u0142adnych jak na Bornholmie, ale podobnych do tych na Rugii. Poka\u017cemy Ci najlepsze pla\u017ce na M\u00f6n.<br\/>W Moen podejmowane s\u0105 wysi\u0142ki w celu zachowania pla\u017c w ich r\u00f3\u017cnorodno\u015bci flory i fauny. Istniej\u0105 pewne udogodnienia sanitarne, a pla\u017ca jest regularnie czyszczona z glon\u00f3w i wymytych \u015bmieci.<\/p>\n\n<h2 class=\"wp-block-heading\">Klintholm Havn  <\/h2>\n\n<p>Wiele si\u0119 tu dzieje. Na drodze jest wielu turyst\u00f3w. Niemniej jednak ka\u017cdy znajdzie tu spokojne miejsce. Wszystkie informacje o pla\u017cy<br\/>Pla\u017ca w Klintholm Havn jest pi\u0119kn\u0105 piaszczyst\u0105 pla\u017c\u0105 i znajduje si\u0119 po obu stronach pi\u0119knego portu rybackiego<br\/>wiele udogodnie\u0144, przysta\u0144, restauracje, sklepy i zakwaterowanie.<br\/>Wideo z pla\u017cy<\/p>\n\n<h2 class=\"wp-block-heading\">S\u00f8hundehavn (FKK)<\/h2>\n\n<p>Pla\u017ca dla naturyst\u00f3w znajduje si\u0119 na wsch\u00f3d od Ulvshale i ma drobny bia\u0142y piasek cukrowy. Nie dzieje si\u0119 tu zbyt wiele. Przy odrobinie szcz\u0119\u015bcia b\u0119dziesz mie\u0107 pla\u017c\u0119 tylko dla siebie. Wszystkie informacje o pla\u017cy<\/p>\n\n<h2 class=\"wp-block-heading\">Ulsvhale (naturysta)<\/h2>\n\n<p>G\u0142\u00f3wna pla\u017ca rozci\u0105ga si\u0119 od <a href=\"https:\/\/www.dansk.de\/mon\/ulvshale\/\" target=\"_blank\" rel=\"noreferrer noopener\">p\u00f3\u0142wyspu Ulvshale<\/a> na kilka kilometr\u00f3w na wsch\u00f3d wzd\u0142u\u017c p\u00f3\u0142nocno-zachodniego wybrze\u017ca. Ten odcinek, o ca\u0142kowitej szeroko\u015bci prawie 450 metr\u00f3w, ma drobnoziarnisty piasek i p\u0142ytkie wej\u015bcie, a tak\u017ce park dla dzieci. Jest uwa\u017cane za doskona\u0142e miejsce do p\u0142ywania, a tak\u017ce idealne do jazdy konnej, kt\u00f3ra przyci\u0105ga t\u0142umy m\u0142odych ludzi.<\/p>\n\n<p>W wiosce jest sporo turyst\u00f3w. Jednak 5-kilometrowa pla\u017ca, kt\u00f3ra zosta\u0142a wyr\u00f3\u017cniona niebiesk\u0105 flag\u0105, nie jest zat\u0142oczona, dzi\u0119ki czemu mo\u017cna tu r\u00f3wnie\u017c p\u0142ywa\u0107 bez przeszk\u00f3d jako naturysta. Ani \u015bladu t\u0142um\u00f3w. S\u0105 tam pi\u0119kne wydmy i drobny bia\u0142y piasek cukrowy. Jest tam r\u00f3wnie\u017c dost\u0119p dla w\u00f3zk\u00f3w inwalidzkich, toaleta i sklepy. Najnowsze wiadomo\u015bci mo\u017cna znale\u017a\u0107 na tablicy informacyjnej na pla\u017cy.<br\/>Pla\u017ca w Ulvshale jest p\u0142ytka i dlatego bardzo przyjazna dzieciom.<\/p>\n\n<h2 class=\"wp-block-heading\">Pla\u017ca Rabylille na po\u0142udniowym wybrze\u017cu M\u00f8n<\/h2>\n\n<p>to pi\u0119kna dzielnica mieszkalna i naturalna pla\u017ca z wieloma ostrogami. Pomi\u0119dzy ostrogami znajduj\u0105 si\u0119 ska\u0142y i glony. Podczas spaceru wzd\u0142u\u017c pla\u017cy mo\u017cna jednak znale\u017a\u0107 kilka dobrych okazji do k\u0105pieli. Mo\u017cna spacerowa\u0107 wzd\u0142u\u017c pla\u017cy a\u017c do Klintholm Havn.<\/p>\n\n<h2 class=\"wp-block-heading\">Pla\u017ca Rytzebaek na Vestm\u00f8n<\/h2>\n\n<p>Pla\u017ca ma dobre miejsca parkingowe bezpo\u015brednio za pla\u017c\u0105, ale nie ma dodatkowych udogodnie\u0144. Jest to naturalna pla\u017ca z piaskiem i kilkoma ska\u0142ami w wodzie. Pla\u017ca doskonale nadaje si\u0119 do spacer\u00f3w, zar\u00f3wno na wsch\u00f3d w kierunku kredowych klif\u00f3w, jak i na zach\u00f3d do lasu Fanefjord z pi\u0119knymi, du\u017cymi bukami. Pi\u0119kna pla\u017ca dla mi\u0142o\u015bnik\u00f3w przyrody.<\/p>\n\n<h2 class=\"wp-block-heading\">Pla\u017ca Harb\u00f8lle to du\u017ca pla\u017ca z wydmami i piaskiem.<\/h2>\n\n<p>Oto kemping tu\u017c przy pla\u017cy. K\u0105pi\u0105cy si\u0119 korzystaj\u0105 z publicznych parking\u00f3w, z kt\u00f3rych \u015bcie\u017cka prowadzi w d\u00f3\u0142 do pla\u017cy. Niedaleko st\u0105d (w kamienio\u0142omie) znajduj\u0105 si\u0119 dobre mo\u017cliwo\u015bci w\u0119dkowania. Jest kiosk, toalety i przytulna atmosfera.<\/p>\n\n<h2 class=\"wp-block-heading\">Pla\u017ca Oddermose<\/h2>\n\n<p>Je\u015bli chcesz ciszy i spokoju na pla\u017cy, zdecydowanie powiniene\u015b uda\u0107 si\u0119 do Oddermose. Pla\u017ca jest r\u00f3wnie\u017c bardzo polecana mi\u0142o\u015bnikom ps\u00f3w. Na parkingu znajduje si\u0119 nawet blok toaletowy, kt\u00f3ry s\u0142u\u017cy jako tymczasowe miejsce do przechowywania du\u017cych kamieni. Sama pla\u017ca jest bardzo kamienista, ale s\u0105 te\u017c dobre piaszczyste obszary. Mo\u017cna tam r\u00f3wnie\u017c znale\u017a\u0107 kuliste g\u0105bki i b\u0142yskawice.<\/p>\n\n<h2 class=\"wp-block-heading\">K\u00f8benhavns L\u00e6rerforenings Kolonier &#8211; \u00d8sters\u00f8en<\/h2>\n\n<p>Naprawd\u0119 dobra pla\u017ca z du\u017c\u0105 ilo\u015bci\u0105 piasku i kamieni. Mo\u017cna tu r\u00f3wnie\u017c co\u015b wypo\u017cyczy\u0107.  <a href=\"https:\/\/kolonierne.dk\/koloni\/oestersoeen\/\">Link<\/a><\/p>\n\n<div class=\"wp-block-cover has-background-dim-10 has-background-dim\"><img loading=\"lazy\" decoding=\"async\" width=\"500\" height=\"279\" class=\"wp-block-cover__image-background wp-image-118\" alt=\"\" src=\"https:\/\/www.insel-moen.de\/wp-content\/uploads\/2019\/04\/straende-auf-moen.jpg\" data-object-fit=\"cover\" srcset=\"https:\/\/www.insel-moen.de\/wp-content\/uploads\/2019\/04\/straende-auf-moen.jpg 500w, https:\/\/www.insel-moen.de\/wp-content\/uploads\/2019\/04\/straende-auf-moen-300x167.jpg 300w, https:\/\/www.insel-moen.de\/wp-content\/uploads\/2019\/04\/straende-auf-moen-120x67.jpg 120w\" sizes=\"auto, (max-width: 500px) 100vw, 500px\" \/><div class=\"wp-block-cover__inner-container is-layout-flow wp-block-cover-is-layout-flow\">\n<p class=\"has-text-align-center has-large-font-size\"><em>K\u0105piel w Morzu Ba\u0142tyckim na M\u00f6n<\/em><\/p>\n<\/div><\/div>\n","protected":false},"excerpt":{"rendered":"<p>Moen s\u0142ynie z r\u00f3\u017cnorodnych nadmorskich krajobraz\u00f3w (\u0142\u0105cznie 140 kilometr\u00f3w linii brzegowej), a tak\u017ce z pla\u017c. Jest tu kilka bardzo \u0142adnych piaszczystych pla\u017c &#8211; nie tak \u0142adnych jak na Bornholmie, ale podobnych do tych na Rugii. Poka\u017cemy Ci najlepsze pla\u017ce na M\u00f6n.W Moen podejmowane s\u0105 wysi\u0142ki w celu zachowania pla\u017c w ich r\u00f3\u017cnorodno\u015bci flory i fauny. [&hellip;]<\/p>\n","protected":false},"author":3,"featured_media":8517,"parent":8447,"menu_order":0,"comment_status":"closed","ping_status":"closed","template":"templates\/template-full-width.php","meta":{"footnotes":""},"class_list":["post-8512","page","type-page","status-publish","has-post-thumbnail","hentry"],"yoast_head":"<!-- This site is optimized with the Yoast SEO plugin v24.5 - https:\/\/yoast.com\/wordpress\/plugins\/seo\/ -->\n<title>P\u0142ywanie na wyspie M\u00f6n<\/title>\n<meta name=\"robots\" content=\"index, follow, max-snippet:-1, max-image-preview:large, max-video-preview:-1\" \/>\n<link rel=\"canonical\" href=\"https:\/\/www.insel-moen.de\/pl\/atrakcje-i-atrakcje-na-wyspie-moen\/plywanie-na-wyspie-moen\/\" \/>\n<meta property=\"og:locale\" content=\"pl_PL\" \/>\n<meta property=\"og:type\" content=\"article\" \/>\n<meta property=\"og:title\" content=\"P\u0142ywanie na wyspie M\u00f6n\" \/>\n<meta property=\"og:description\" content=\"Moen s\u0142ynie z r\u00f3\u017cnorodnych nadmorskich krajobraz\u00f3w (\u0142\u0105cznie 140 kilometr\u00f3w linii brzegowej), a tak\u017ce z pla\u017c. Jest tu kilka bardzo \u0142adnych piaszczystych pla\u017c &#8211; nie tak \u0142adnych jak na Bornholmie, ale podobnych do tych na Rugii. Poka\u017cemy Ci najlepsze pla\u017ce na M\u00f6n.W Moen podejmowane s\u0105 wysi\u0142ki w celu zachowania pla\u017c w ich r\u00f3\u017cnorodno\u015bci flory i fauny. [&hellip;]\" \/>\n<meta property=\"og:url\" content=\"https:\/\/www.insel-moen.de\/pl\/atrakcje-i-atrakcje-na-wyspie-moen\/plywanie-na-wyspie-moen\/\" \/>\n<meta property=\"og:site_name\" content=\"Insel M\u00f6n\" \/>\n<meta property=\"article:modified_time\" content=\"2024-05-16T09:12:40+00:00\" \/>\n<meta property=\"og:image\" content=\"https:\/\/www.insel-moen.de\/wp-content\/uploads\/2021\/10\/Born-leger-pa\u030a-strand_25387-scaled.jpg\" \/>\n\t<meta property=\"og:image:width\" content=\"2560\" \/>\n\t<meta property=\"og:image:height\" content=\"1707\" \/>\n\t<meta property=\"og:image:type\" content=\"image\/jpeg\" \/>\n<meta name=\"twitter:card\" content=\"summary_large_image\" \/>\n<meta name=\"twitter:label1\" content=\"Szacowany czas czytania\" \/>\n\t<meta name=\"twitter:data1\" content=\"3 minuty\" \/>\n<script type=\"application\/ld+json\" class=\"yoast-schema-graph\">{\"@context\":\"https:\/\/schema.org\",\"@graph\":[{\"@type\":\"WebPage\",\"@id\":\"https:\/\/www.insel-moen.de\/pl\/atrakcje-i-atrakcje-na-wyspie-moen\/plywanie-na-wyspie-moen\/\",\"url\":\"https:\/\/www.insel-moen.de\/pl\/atrakcje-i-atrakcje-na-wyspie-moen\/plywanie-na-wyspie-moen\/\",\"name\":\"P\u0142ywanie na wyspie M\u00f6n\",\"isPartOf\":{\"@id\":\"https:\/\/www.insel-moen.de\/pl\/#website\"},\"primaryImageOfPage\":{\"@id\":\"https:\/\/www.insel-moen.de\/pl\/atrakcje-i-atrakcje-na-wyspie-moen\/plywanie-na-wyspie-moen\/#primaryimage\"},\"image\":{\"@id\":\"https:\/\/www.insel-moen.de\/pl\/atrakcje-i-atrakcje-na-wyspie-moen\/plywanie-na-wyspie-moen\/#primaryimage\"},\"thumbnailUrl\":\"https:\/\/www.insel-moen.de\/wp-content\/uploads\/2021\/10\/Born-leger-pa\u030a-strand_25387-scaled.jpg\",\"datePublished\":\"2024-05-16T09:12:39+00:00\",\"dateModified\":\"2024-05-16T09:12:40+00:00\",\"breadcrumb\":{\"@id\":\"https:\/\/www.insel-moen.de\/pl\/atrakcje-i-atrakcje-na-wyspie-moen\/plywanie-na-wyspie-moen\/#breadcrumb\"},\"inLanguage\":\"pl-PL\",\"potentialAction\":[{\"@type\":\"ReadAction\",\"target\":[\"https:\/\/www.insel-moen.de\/pl\/atrakcje-i-atrakcje-na-wyspie-moen\/plywanie-na-wyspie-moen\/\"]}]},{\"@type\":\"ImageObject\",\"inLanguage\":\"pl-PL\",\"@id\":\"https:\/\/www.insel-moen.de\/pl\/atrakcje-i-atrakcje-na-wyspie-moen\/plywanie-na-wyspie-moen\/#primaryimage\",\"url\":\"https:\/\/www.insel-moen.de\/wp-content\/uploads\/2021\/10\/Born-leger-pa\u030a-strand_25387-scaled.jpg\",\"contentUrl\":\"https:\/\/www.insel-moen.de\/wp-content\/uploads\/2021\/10\/Born-leger-pa\u030a-strand_25387-scaled.jpg\",\"width\":2560,\"height\":1707},{\"@type\":\"BreadcrumbList\",\"@id\":\"https:\/\/www.insel-moen.de\/pl\/atrakcje-i-atrakcje-na-wyspie-moen\/plywanie-na-wyspie-moen\/#breadcrumb\",\"itemListElement\":[{\"@type\":\"ListItem\",\"position\":1,\"name\":\"Startseite\",\"item\":\"https:\/\/www.insel-moen.de\/pl\/witamy-na-wyspie-moen\/\"},{\"@type\":\"ListItem\",\"position\":2,\"name\":\"Atrakcje i atrakcje na wyspie M\u00f8n\",\"item\":\"https:\/\/www.insel-moen.de\/pl\/atrakcje-i-atrakcje-na-wyspie-moen\/\"},{\"@type\":\"ListItem\",\"position\":3,\"name\":\"P\u0142ywanie na wyspie M\u00f6n\"}]},{\"@type\":\"WebSite\",\"@id\":\"https:\/\/www.insel-moen.de\/pl\/#website\",\"url\":\"https:\/\/www.insel-moen.de\/pl\/\",\"name\":\"Insel M\u00f6n\",\"description\":\"INSEL M\u00d6N - Urlaub in der D\u00e4nischen S\u00fcdsee\",\"publisher\":{\"@id\":\"https:\/\/www.insel-moen.de\/pl\/#organization\"},\"potentialAction\":[{\"@type\":\"SearchAction\",\"target\":{\"@type\":\"EntryPoint\",\"urlTemplate\":\"https:\/\/www.insel-moen.de\/pl\/?s={search_term_string}\"},\"query-input\":{\"@type\":\"PropertyValueSpecification\",\"valueRequired\":true,\"valueName\":\"search_term_string\"}}],\"inLanguage\":\"pl-PL\"},{\"@type\":\"Organization\",\"@id\":\"https:\/\/www.insel-moen.de\/pl\/#organization\",\"name\":\"www.insel-moen.de\",\"url\":\"https:\/\/www.insel-moen.de\/pl\/\",\"logo\":{\"@type\":\"ImageObject\",\"inLanguage\":\"pl-PL\",\"@id\":\"https:\/\/www.insel-moen.de\/pl\/#\/schema\/logo\/image\/\",\"url\":\"https:\/\/www.insel-moen.de\/wp-content\/uploads\/2023\/08\/cropped-daenemark-logo-neu-klein.png\",\"contentUrl\":\"https:\/\/www.insel-moen.de\/wp-content\/uploads\/2023\/08\/cropped-daenemark-logo-neu-klein.png\",\"width\":100,\"height\":101,\"caption\":\"www.insel-moen.de\"},\"image\":{\"@id\":\"https:\/\/www.insel-moen.de\/pl\/#\/schema\/logo\/image\/\"}}]}<\/script>\n<!-- \/ Yoast SEO plugin. -->","yoast_head_json":{"title":"P\u0142ywanie na wyspie M\u00f6n","robots":{"index":"index","follow":"follow","max-snippet":"max-snippet:-1","max-image-preview":"max-image-preview:large","max-video-preview":"max-video-preview:-1"},"canonical":"https:\/\/www.insel-moen.de\/pl\/atrakcje-i-atrakcje-na-wyspie-moen\/plywanie-na-wyspie-moen\/","og_locale":"pl_PL","og_type":"article","og_title":"P\u0142ywanie na wyspie M\u00f6n","og_description":"Moen s\u0142ynie z r\u00f3\u017cnorodnych nadmorskich krajobraz\u00f3w (\u0142\u0105cznie 140 kilometr\u00f3w linii brzegowej), a tak\u017ce z pla\u017c. Jest tu kilka bardzo \u0142adnych piaszczystych pla\u017c &#8211; nie tak \u0142adnych jak na Bornholmie, ale podobnych do tych na Rugii. Poka\u017cemy Ci najlepsze pla\u017ce na M\u00f6n.W Moen podejmowane s\u0105 wysi\u0142ki w celu zachowania pla\u017c w ich r\u00f3\u017cnorodno\u015bci flory i fauny. [&hellip;]","og_url":"https:\/\/www.insel-moen.de\/pl\/atrakcje-i-atrakcje-na-wyspie-moen\/plywanie-na-wyspie-moen\/","og_site_name":"Insel M\u00f6n","article_modified_time":"2024-05-16T09:12:40+00:00","og_image":[{"width":2560,"height":1707,"url":"https:\/\/www.insel-moen.de\/wp-content\/uploads\/2021\/10\/Born-leger-pa\u030a-strand_25387-scaled.jpg","type":"image\/jpeg"}],"twitter_card":"summary_large_image","twitter_misc":{"Szacowany czas czytania":"3 minuty"},"schema":{"@context":"https:\/\/schema.org","@graph":[{"@type":"WebPage","@id":"https:\/\/www.insel-moen.de\/pl\/atrakcje-i-atrakcje-na-wyspie-moen\/plywanie-na-wyspie-moen\/","url":"https:\/\/www.insel-moen.de\/pl\/atrakcje-i-atrakcje-na-wyspie-moen\/plywanie-na-wyspie-moen\/","name":"P\u0142ywanie na wyspie M\u00f6n","isPartOf":{"@id":"https:\/\/www.insel-moen.de\/pl\/#website"},"primaryImageOfPage":{"@id":"https:\/\/www.insel-moen.de\/pl\/atrakcje-i-atrakcje-na-wyspie-moen\/plywanie-na-wyspie-moen\/#primaryimage"},"image":{"@id":"https:\/\/www.insel-moen.de\/pl\/atrakcje-i-atrakcje-na-wyspie-moen\/plywanie-na-wyspie-moen\/#primaryimage"},"thumbnailUrl":"https:\/\/www.insel-moen.de\/wp-content\/uploads\/2021\/10\/Born-leger-pa\u030a-strand_25387-scaled.jpg","datePublished":"2024-05-16T09:12:39+00:00","dateModified":"2024-05-16T09:12:40+00:00","breadcrumb":{"@id":"https:\/\/www.insel-moen.de\/pl\/atrakcje-i-atrakcje-na-wyspie-moen\/plywanie-na-wyspie-moen\/#breadcrumb"},"inLanguage":"pl-PL","potentialAction":[{"@type":"ReadAction","target":["https:\/\/www.insel-moen.de\/pl\/atrakcje-i-atrakcje-na-wyspie-moen\/plywanie-na-wyspie-moen\/"]}]},{"@type":"ImageObject","inLanguage":"pl-PL","@id":"https:\/\/www.insel-moen.de\/pl\/atrakcje-i-atrakcje-na-wyspie-moen\/plywanie-na-wyspie-moen\/#primaryimage","url":"https:\/\/www.insel-moen.de\/wp-content\/uploads\/2021\/10\/Born-leger-pa\u030a-strand_25387-scaled.jpg","contentUrl":"https:\/\/www.insel-moen.de\/wp-content\/uploads\/2021\/10\/Born-leger-pa\u030a-strand_25387-scaled.jpg","width":2560,"height":1707},{"@type":"BreadcrumbList","@id":"https:\/\/www.insel-moen.de\/pl\/atrakcje-i-atrakcje-na-wyspie-moen\/plywanie-na-wyspie-moen\/#breadcrumb","itemListElement":[{"@type":"ListItem","position":1,"name":"Startseite","item":"https:\/\/www.insel-moen.de\/pl\/witamy-na-wyspie-moen\/"},{"@type":"ListItem","position":2,"name":"Atrakcje i atrakcje na wyspie M\u00f8n","item":"https:\/\/www.insel-moen.de\/pl\/atrakcje-i-atrakcje-na-wyspie-moen\/"},{"@type":"ListItem","position":3,"name":"P\u0142ywanie na wyspie M\u00f6n"}]},{"@type":"WebSite","@id":"https:\/\/www.insel-moen.de\/pl\/#website","url":"https:\/\/www.insel-moen.de\/pl\/","name":"Insel M\u00f6n","description":"INSEL M\u00d6N - Urlaub in der D\u00e4nischen S\u00fcdsee","publisher":{"@id":"https:\/\/www.insel-moen.de\/pl\/#organization"},"potentialAction":[{"@type":"SearchAction","target":{"@type":"EntryPoint","urlTemplate":"https:\/\/www.insel-moen.de\/pl\/?s={search_term_string}"},"query-input":{"@type":"PropertyValueSpecification","valueRequired":true,"valueName":"search_term_string"}}],"inLanguage":"pl-PL"},{"@type":"Organization","@id":"https:\/\/www.insel-moen.de\/pl\/#organization","name":"www.insel-moen.de","url":"https:\/\/www.insel-moen.de\/pl\/","logo":{"@type":"ImageObject","inLanguage":"pl-PL","@id":"https:\/\/www.insel-moen.de\/pl\/#\/schema\/logo\/image\/","url":"https:\/\/www.insel-moen.de\/wp-content\/uploads\/2023\/08\/cropped-daenemark-logo-neu-klein.png","contentUrl":"https:\/\/www.insel-moen.de\/wp-content\/uploads\/2023\/08\/cropped-daenemark-logo-neu-klein.png","width":100,"height":101,"caption":"www.insel-moen.de"},"image":{"@id":"https:\/\/www.insel-moen.de\/pl\/#\/schema\/logo\/image\/"}}]}},"_links":{"self":[{"href":"https:\/\/www.insel-moen.de\/pl\/wp-json\/wp\/v2\/pages\/8512","targetHints":{"allow":["GET"]}}],"collection":[{"href":"https:\/\/www.insel-moen.de\/pl\/wp-json\/wp\/v2\/pages"}],"about":[{"href":"https:\/\/www.insel-moen.de\/pl\/wp-json\/wp\/v2\/types\/page"}],"author":[{"embeddable":true,"href":"https:\/\/www.insel-moen.de\/pl\/wp-json\/wp\/v2\/users\/3"}],"replies":[{"embeddable":true,"href":"https:\/\/www.insel-moen.de\/pl\/wp-json\/wp\/v2\/comments?post=8512"}],"version-history":[{"count":1,"href":"https:\/\/www.insel-moen.de\/pl\/wp-json\/wp\/v2\/pages\/8512\/revisions"}],"predecessor-version":[{"id":8519,"href":"https:\/\/www.insel-moen.de\/pl\/wp-json\/wp\/v2\/pages\/8512\/revisions\/8519"}],"up":[{"embeddable":true,"href":"https:\/\/www.insel-moen.de\/pl\/wp-json\/wp\/v2\/pages\/8447"}],"wp:featuredmedia":[{"embeddable":true,"href":"https:\/\/www.insel-moen.de\/pl\/wp-json\/wp\/v2\/media\/8517"}],"wp:attachment":[{"href":"https:\/\/www.insel-moen.de\/pl\/wp-json\/wp\/v2\/media?parent=8512"}],"curies":[{"name":"wp","href":"https:\/\/api.w.org\/{rel}","templated":true}]}}