{"id":8483,"date":"2024-05-16T09:12:36","date_gmt":"2024-05-16T09:12:36","guid":{"rendered":"https:\/\/www.insel-moen.de\/natura\/zamek-lieselund\/"},"modified":"2024-05-16T09:12:36","modified_gmt":"2024-05-16T09:12:36","slug":"zamek-lieselund","status":"publish","type":"page","link":"https:\/\/www.insel-moen.de\/pl\/natura\/zamek-lieselund\/","title":{"rendered":"Zamek Lieselund"},"content":{"rendered":"<p>Zamek Liselund by\u0142 kiedy\u015b nazywany S\u00f6markegarden i zosta\u0142 nabyty przez rodzin\u0119 Calette w 1783 roku. Nazwa zamek jest w rzeczywisto\u015bci przesad\u0105, poniewa\u017c jest to raczej normalny dom do zamieszkania. Liseslund znajduje si\u0119 bezpo\u015brednio na klifach w parku. Park jest wykorzystywany przez wielu mieszka\u0144c\u00f3w na letnie pikniki w \u015bwi\u0119ta i weekendy. Na miejscu znajduje si\u0119 r\u00f3wnie\u017c bar przek\u0105skowy i sklepy z pami\u0105tkami. Najlepszym sposobem na dotarcie do Liseslund jest spacer wzd\u0142u\u017c klif\u00f3w. Wspania\u0142y widok na Morze Ba\u0142tyckie wynagradza wysi\u0142ki przed dotarciem do zaczarowanego zamku Liselund.<\/p>\n<p><img decoding=\"async\" src=\"https:\/\/www.daenemark-reisen.com\/wp-content\/uploads\/2012\/09\/schloss-liselund-moen.jpg\" alt=\"\"Zdj\u0119cie:\"><\/p>\n<p>Zamek Liselund po\u0142o\u017cony jest w angielskim ogrodzie krajobrazowym w pobli\u017cu kredowych klif\u00f3w M\u00f8ns Klint. Zosta\u0142 zbudowany zgodnie z planami znanego architekta dom\u00f3w wiejskich Andreasa Kirkerupa i klienta Calmette. Zamek zosta\u0142 zbudowany w stylu neoklasycystycznym i jest wielko\u015bci willi lub wiejskiego domu. Zewn\u0119trzna strona Du\u0144skiego Muzeum Narodowego znajduje si\u0119 tutaj.<\/p>\n<p>Na parterze znajduje si\u0119 hol wej\u015bciowy, obok kt\u00f3rego odwiedzaj\u0105cy wchodz\u0105 do pokoju ma\u0142p, nazwanego tak od obrazu ma\u0142py, kt\u00f3ry mo\u017cna zobaczy\u0107 na lustrze \u015bciennym. Pok\u00f3j ten, podobnie jak Czerwona Sypialnia, zosta\u0142 urz\u0105dzony przez Josepha Christiana Lillie. Zaprojektowa\u0142 r\u00f3wnie\u017c niekt\u00f3re meble, kt\u00f3re idealnie pasuj\u0105 do pomieszcze\u0144, z kt\u00f3rych wi\u0119kszo\u015b\u0107 pochodzi z tamtych czas\u00f3w. Najbardziej okaza\u0142ym pomieszczeniem jest jednak jadalnia z pod\u0142og\u0105 pomalowan\u0105 na czarno-bia\u0142o. Du\u017ce drzwi tarasowe prowadz\u0105 bezpo\u015brednio na zewn\u0105trz. Pod dachem krytym strzech\u0105 mie\u015bci si\u0119 dziewi\u0119\u0107 pokoi go\u015bcinnych<\/p>\n<p>Poprzedni budynek, S\u00f8markegaard, sta\u0142 w tym miejscu ju\u017c w \u015bredniowieczu. Szambelan Antoine de la Calmette naby\u0142 ten dom w 1783 roku. Z mi\u0142o\u015bci do swojej \u017cony Anny Cathariny Elisabeth Iselin, S\u00f8markegaard by\u0142 odt\u0105d nazywany Liselund. Stworzenie pi\u0119knego parku w Liselund zaj\u0119\u0142o osiem lat pracy. Niestety, w 1905 roku niekt\u00f3re z atrakcji, takich jak sztuczne ruiny, wodospad i ma\u0142a kaplica z cebulow\u0105 kopu\u0142\u0105, wpad\u0142y do wody, gdy zawali\u0142 si\u0119 klif.<\/p>\n<p>W 1843 roku baronowie Rosenkrantz nabyli <a href=\"https:\/\/www.insel-moen.de\/der-herregaardenesdag-im-liselund-schloss-ein-eintauchen-in-romantik-und-geschichte-20-08-23\/\">Liselund<\/a> wraz z jego posiad\u0142o\u015bci\u0105 po \u015bmierci ostatniego pokolenia Calmette, cho\u0107 wdowa Calmette nadal mieszka\u0142a w zamku a\u017c do \u015bmierci w 1867 roku. Gottlob Rosenkrantz zleci\u0142 budow\u0119 nowego dworu w pobli\u017cu w 1877 roku. Zamek Liselund sta\u0142 si\u0119 fundacj\u0105 w 1938 roku i od tego czasu by\u0142 otwarty dla zwiedzaj\u0105cych.<\/p>\n<p>Muzeum Linselund jest otwarte dla wycieczek z przewodnikiem od 1 maja do 30 wrze\u015bnia w \u015brody i niedziele o 10:30, 11:00, 13:30 i 14:00.<\/p>\n<p><strong>Adres:<\/strong><br \/>\nPark Lisesund<br \/>\nLangebjergvej 4, 4791 Borre<br \/>\nStrona internetowa: <a href=\"http:\/\/liselundslot.dk\/index.php\/de\/\" target=\"_blank\" rel=\"noopener noreferrer\">http:\/\/liselundslot.dk\/index.php\/de\/<\/a><\/p>\n<p>Zdj\u0119cia: <a href=\"http:\/\/www.flickr.com\/people\/wm_archiv\/\">Allie Caulfield<\/a>, Ceer van Roeden<\/p>\n","protected":false},"excerpt":{"rendered":"<p>Zamek Liselund by\u0142 kiedy\u015b nazywany S\u00f6markegarden i zosta\u0142 nabyty przez rodzin\u0119 Calette w 1783 roku. Nazwa zamek jest w rzeczywisto\u015bci przesad\u0105, poniewa\u017c jest to raczej normalny dom do zamieszkania. Liseslund znajduje si\u0119 bezpo\u015brednio na klifach w parku. Park jest wykorzystywany przez wielu mieszka\u0144c\u00f3w na letnie pikniki w \u015bwi\u0119ta i weekendy. Na miejscu znajduje si\u0119 r\u00f3wnie\u017c [&hellip;]<\/p>\n","protected":false},"author":3,"featured_media":0,"parent":8472,"menu_order":0,"comment_status":"closed","ping_status":"closed","template":"","meta":{"footnotes":""},"class_list":["post-8483","page","type-page","status-publish","hentry"],"yoast_head":"<!-- This site is optimized with the Yoast SEO plugin v24.5 - https:\/\/yoast.com\/wordpress\/plugins\/seo\/ -->\n<title>Zamek Lieselund - Insel M\u00f6n<\/title>\n<meta name=\"description\" content=\"Odkryj malowniczy zamek Liselund w idyllicznym parku na klifach. Ciesz si\u0119 wspania\u0142ymi widokami, piknikami i wyj\u0105tkowymi pami\u0105tkami.\" \/>\n<meta name=\"robots\" content=\"index, follow, max-snippet:-1, max-image-preview:large, max-video-preview:-1\" \/>\n<link rel=\"canonical\" href=\"https:\/\/www.insel-moen.de\/pl\/natura\/zamek-lieselund\/\" \/>\n<meta property=\"og:locale\" content=\"pl_PL\" \/>\n<meta property=\"og:type\" content=\"article\" \/>\n<meta property=\"og:title\" content=\"Zamek Lieselund - Insel M\u00f6n\" \/>\n<meta property=\"og:description\" content=\"Odkryj malowniczy zamek Liselund w idyllicznym parku na klifach. Ciesz si\u0119 wspania\u0142ymi widokami, piknikami i wyj\u0105tkowymi pami\u0105tkami.\" \/>\n<meta property=\"og:url\" content=\"https:\/\/www.insel-moen.de\/pl\/natura\/zamek-lieselund\/\" \/>\n<meta property=\"og:site_name\" content=\"Insel M\u00f6n\" \/>\n<meta property=\"og:image\" content=\"https:\/\/www.daenemark-reisen.com\/wp-content\/uploads\/2012\/09\/schloss-liselund-moen.jpg\" \/>\n<meta name=\"twitter:card\" content=\"summary_large_image\" \/>\n<script type=\"application\/ld+json\" class=\"yoast-schema-graph\">{\"@context\":\"https:\/\/schema.org\",\"@graph\":[{\"@type\":\"WebPage\",\"@id\":\"https:\/\/www.insel-moen.de\/pl\/natura\/zamek-lieselund\/\",\"url\":\"https:\/\/www.insel-moen.de\/pl\/natura\/zamek-lieselund\/\",\"name\":\"Zamek Lieselund - Insel M\u00f6n\",\"isPartOf\":{\"@id\":\"https:\/\/www.insel-moen.de\/pl\/#website\"},\"primaryImageOfPage\":{\"@id\":\"https:\/\/www.insel-moen.de\/pl\/natura\/zamek-lieselund\/#primaryimage\"},\"image\":{\"@id\":\"https:\/\/www.insel-moen.de\/pl\/natura\/zamek-lieselund\/#primaryimage\"},\"thumbnailUrl\":\"https:\/\/www.daenemark-reisen.com\/wp-content\/uploads\/2012\/09\/schloss-liselund-moen.jpg\",\"datePublished\":\"2024-05-16T09:12:36+00:00\",\"description\":\"Odkryj malowniczy zamek Liselund w idyllicznym parku na klifach. Ciesz si\u0119 wspania\u0142ymi widokami, piknikami i wyj\u0105tkowymi pami\u0105tkami.\",\"breadcrumb\":{\"@id\":\"https:\/\/www.insel-moen.de\/pl\/natura\/zamek-lieselund\/#breadcrumb\"},\"inLanguage\":\"pl-PL\",\"potentialAction\":[{\"@type\":\"ReadAction\",\"target\":[\"https:\/\/www.insel-moen.de\/pl\/natura\/zamek-lieselund\/\"]}]},{\"@type\":\"ImageObject\",\"inLanguage\":\"pl-PL\",\"@id\":\"https:\/\/www.insel-moen.de\/pl\/natura\/zamek-lieselund\/#primaryimage\",\"url\":\"https:\/\/www.daenemark-reisen.com\/wp-content\/uploads\/2012\/09\/schloss-liselund-moen.jpg\",\"contentUrl\":\"https:\/\/www.daenemark-reisen.com\/wp-content\/uploads\/2012\/09\/schloss-liselund-moen.jpg\"},{\"@type\":\"BreadcrumbList\",\"@id\":\"https:\/\/www.insel-moen.de\/pl\/natura\/zamek-lieselund\/#breadcrumb\",\"itemListElement\":[{\"@type\":\"ListItem\",\"position\":1,\"name\":\"Startseite\",\"item\":\"https:\/\/www.insel-moen.de\/pl\/witamy-na-wyspie-moen\/\"},{\"@type\":\"ListItem\",\"position\":2,\"name\":\"Natura\",\"item\":\"https:\/\/www.insel-moen.de\/pl\/natura\/\"},{\"@type\":\"ListItem\",\"position\":3,\"name\":\"Zamek Lieselund\"}]},{\"@type\":\"WebSite\",\"@id\":\"https:\/\/www.insel-moen.de\/pl\/#website\",\"url\":\"https:\/\/www.insel-moen.de\/pl\/\",\"name\":\"Insel M\u00f6n\",\"description\":\"INSEL M\u00d6N - Urlaub in der D\u00e4nischen S\u00fcdsee\",\"publisher\":{\"@id\":\"https:\/\/www.insel-moen.de\/pl\/#organization\"},\"potentialAction\":[{\"@type\":\"SearchAction\",\"target\":{\"@type\":\"EntryPoint\",\"urlTemplate\":\"https:\/\/www.insel-moen.de\/pl\/?s={search_term_string}\"},\"query-input\":{\"@type\":\"PropertyValueSpecification\",\"valueRequired\":true,\"valueName\":\"search_term_string\"}}],\"inLanguage\":\"pl-PL\"},{\"@type\":\"Organization\",\"@id\":\"https:\/\/www.insel-moen.de\/pl\/#organization\",\"name\":\"www.insel-moen.de\",\"url\":\"https:\/\/www.insel-moen.de\/pl\/\",\"logo\":{\"@type\":\"ImageObject\",\"inLanguage\":\"pl-PL\",\"@id\":\"https:\/\/www.insel-moen.de\/pl\/#\/schema\/logo\/image\/\",\"url\":\"https:\/\/www.insel-moen.de\/wp-content\/uploads\/2023\/08\/cropped-daenemark-logo-neu-klein.png\",\"contentUrl\":\"https:\/\/www.insel-moen.de\/wp-content\/uploads\/2023\/08\/cropped-daenemark-logo-neu-klein.png\",\"width\":100,\"height\":101,\"caption\":\"www.insel-moen.de\"},\"image\":{\"@id\":\"https:\/\/www.insel-moen.de\/pl\/#\/schema\/logo\/image\/\"}}]}<\/script>\n<!-- \/ Yoast SEO plugin. -->","yoast_head_json":{"title":"Zamek Lieselund - Insel M\u00f6n","description":"Odkryj malowniczy zamek Liselund w idyllicznym parku na klifach. Ciesz si\u0119 wspania\u0142ymi widokami, piknikami i wyj\u0105tkowymi pami\u0105tkami.","robots":{"index":"index","follow":"follow","max-snippet":"max-snippet:-1","max-image-preview":"max-image-preview:large","max-video-preview":"max-video-preview:-1"},"canonical":"https:\/\/www.insel-moen.de\/pl\/natura\/zamek-lieselund\/","og_locale":"pl_PL","og_type":"article","og_title":"Zamek Lieselund - Insel M\u00f6n","og_description":"Odkryj malowniczy zamek Liselund w idyllicznym parku na klifach. Ciesz si\u0119 wspania\u0142ymi widokami, piknikami i wyj\u0105tkowymi pami\u0105tkami.","og_url":"https:\/\/www.insel-moen.de\/pl\/natura\/zamek-lieselund\/","og_site_name":"Insel M\u00f6n","og_image":[{"url":"https:\/\/www.daenemark-reisen.com\/wp-content\/uploads\/2012\/09\/schloss-liselund-moen.jpg","type":"","width":"","height":""}],"twitter_card":"summary_large_image","schema":{"@context":"https:\/\/schema.org","@graph":[{"@type":"WebPage","@id":"https:\/\/www.insel-moen.de\/pl\/natura\/zamek-lieselund\/","url":"https:\/\/www.insel-moen.de\/pl\/natura\/zamek-lieselund\/","name":"Zamek Lieselund - Insel M\u00f6n","isPartOf":{"@id":"https:\/\/www.insel-moen.de\/pl\/#website"},"primaryImageOfPage":{"@id":"https:\/\/www.insel-moen.de\/pl\/natura\/zamek-lieselund\/#primaryimage"},"image":{"@id":"https:\/\/www.insel-moen.de\/pl\/natura\/zamek-lieselund\/#primaryimage"},"thumbnailUrl":"https:\/\/www.daenemark-reisen.com\/wp-content\/uploads\/2012\/09\/schloss-liselund-moen.jpg","datePublished":"2024-05-16T09:12:36+00:00","description":"Odkryj malowniczy zamek Liselund w idyllicznym parku na klifach. Ciesz si\u0119 wspania\u0142ymi widokami, piknikami i wyj\u0105tkowymi pami\u0105tkami.","breadcrumb":{"@id":"https:\/\/www.insel-moen.de\/pl\/natura\/zamek-lieselund\/#breadcrumb"},"inLanguage":"pl-PL","potentialAction":[{"@type":"ReadAction","target":["https:\/\/www.insel-moen.de\/pl\/natura\/zamek-lieselund\/"]}]},{"@type":"ImageObject","inLanguage":"pl-PL","@id":"https:\/\/www.insel-moen.de\/pl\/natura\/zamek-lieselund\/#primaryimage","url":"https:\/\/www.daenemark-reisen.com\/wp-content\/uploads\/2012\/09\/schloss-liselund-moen.jpg","contentUrl":"https:\/\/www.daenemark-reisen.com\/wp-content\/uploads\/2012\/09\/schloss-liselund-moen.jpg"},{"@type":"BreadcrumbList","@id":"https:\/\/www.insel-moen.de\/pl\/natura\/zamek-lieselund\/#breadcrumb","itemListElement":[{"@type":"ListItem","position":1,"name":"Startseite","item":"https:\/\/www.insel-moen.de\/pl\/witamy-na-wyspie-moen\/"},{"@type":"ListItem","position":2,"name":"Natura","item":"https:\/\/www.insel-moen.de\/pl\/natura\/"},{"@type":"ListItem","position":3,"name":"Zamek Lieselund"}]},{"@type":"WebSite","@id":"https:\/\/www.insel-moen.de\/pl\/#website","url":"https:\/\/www.insel-moen.de\/pl\/","name":"Insel M\u00f6n","description":"INSEL M\u00d6N - Urlaub in der D\u00e4nischen S\u00fcdsee","publisher":{"@id":"https:\/\/www.insel-moen.de\/pl\/#organization"},"potentialAction":[{"@type":"SearchAction","target":{"@type":"EntryPoint","urlTemplate":"https:\/\/www.insel-moen.de\/pl\/?s={search_term_string}"},"query-input":{"@type":"PropertyValueSpecification","valueRequired":true,"valueName":"search_term_string"}}],"inLanguage":"pl-PL"},{"@type":"Organization","@id":"https:\/\/www.insel-moen.de\/pl\/#organization","name":"www.insel-moen.de","url":"https:\/\/www.insel-moen.de\/pl\/","logo":{"@type":"ImageObject","inLanguage":"pl-PL","@id":"https:\/\/www.insel-moen.de\/pl\/#\/schema\/logo\/image\/","url":"https:\/\/www.insel-moen.de\/wp-content\/uploads\/2023\/08\/cropped-daenemark-logo-neu-klein.png","contentUrl":"https:\/\/www.insel-moen.de\/wp-content\/uploads\/2023\/08\/cropped-daenemark-logo-neu-klein.png","width":100,"height":101,"caption":"www.insel-moen.de"},"image":{"@id":"https:\/\/www.insel-moen.de\/pl\/#\/schema\/logo\/image\/"}}]}},"_links":{"self":[{"href":"https:\/\/www.insel-moen.de\/pl\/wp-json\/wp\/v2\/pages\/8483","targetHints":{"allow":["GET"]}}],"collection":[{"href":"https:\/\/www.insel-moen.de\/pl\/wp-json\/wp\/v2\/pages"}],"about":[{"href":"https:\/\/www.insel-moen.de\/pl\/wp-json\/wp\/v2\/types\/page"}],"author":[{"embeddable":true,"href":"https:\/\/www.insel-moen.de\/pl\/wp-json\/wp\/v2\/users\/3"}],"replies":[{"embeddable":true,"href":"https:\/\/www.insel-moen.de\/pl\/wp-json\/wp\/v2\/comments?post=8483"}],"version-history":[{"count":0,"href":"https:\/\/www.insel-moen.de\/pl\/wp-json\/wp\/v2\/pages\/8483\/revisions"}],"up":[{"embeddable":true,"href":"https:\/\/www.insel-moen.de\/pl\/wp-json\/wp\/v2\/pages\/8472"}],"wp:attachment":[{"href":"https:\/\/www.insel-moen.de\/pl\/wp-json\/wp\/v2\/media?parent=8483"}],"curies":[{"name":"wp","href":"https:\/\/api.w.org\/{rel}","templated":true}]}}