{"id":8472,"date":"2024-05-16T09:12:35","date_gmt":"2024-05-16T09:12:35","guid":{"rendered":"https:\/\/www.insel-moen.de\/natura\/"},"modified":"2024-05-16T09:12:42","modified_gmt":"2024-05-16T09:12:42","slug":"natura","status":"publish","type":"page","link":"https:\/\/www.insel-moen.de\/pl\/natura\/","title":{"rendered":"Natura"},"content":{"rendered":"\n<p class=\"has-drop-cap\">Kilometry piaszczystych pla\u017c zapraszaj\u0105 do spr\u00f3bowania swoich si\u0142 w surfingu i poczucia \u015bwie\u017cej mg\u0142y solnej w nosie i uszach, a mo\u017ce &#8211; tak, mo\u017ce &#8211; nawet jej posmakowania. Mo\u017ce. Ale s\u0105 te\u017c spokojne lasy ze spokojnymi krajobrazami, wsz\u0119dzie du\u017co otwartej przestrzeni&#8230;<\/p>\n\n<p>Las na p\u00f3\u0142nocy wyspy jest cz\u0119sto opisywany przez odwiedzaj\u0105cych jako bajkowy. M\u00f3wi\u0105c o wczasowiczach, wielu z nich uwielbia by\u0107 aktywnymi podczas pobytu na tej wyspie, wi\u0119c ciesz\u0105 si\u0119 odrobin\u0105 rekreacyjnego golfa na niesamowicie wyj\u0105tkowej wyspie z widokami na wiele dni.<\/p>\n\n<p>M\u00f8n to wyspa na po\u0142udniowo-wschodnim wybrze\u017cu P\u00f3\u0142wyspu Skandynawskiego, nale\u017c\u0105ca do regionu Sj\u00e6lland i Danii. Jej sk\u0142ad geologiczny obejmuje kred\u0119 i wapie\u0144 muszlowy ze \u015brodkowego i g\u00f3rnego eocenu, dlatego znana jest r\u00f3wnie\u017c jako siostrzana wyspa Rugii (Niemcy).<\/p>\n\n<p>Klif ten ma 128 metr\u00f3w wysoko\u015bci i 8 km d\u0142ugo\u015bci. Wsz\u0119dzie na pla\u017c\u0119 prowadz\u0105 schody, ale wi\u0105\u017ce si\u0119 to z pewnym ryzykiem ze wzgl\u0119du na niebezpiecze\u0144stwo spadaj\u0105cego wapienia. Pomarszczony wygl\u0105d wybrze\u017ca zmienia si\u0119 regularnie ze wzgl\u0119du na r\u00f3\u017cne warunki pogodowe, takie jak s\u0142o\u0144ce, deszcz, mr\u00f3z i l\u00f3d.<\/p>\n","protected":false},"excerpt":{"rendered":"<p>Kilometry piaszczystych pla\u017c zapraszaj\u0105 do spr\u00f3bowania swoich si\u0142 w surfingu i poczucia \u015bwie\u017cej mg\u0142y solnej w nosie i uszach, a mo\u017ce &#8211; tak, mo\u017ce &#8211; nawet jej posmakowania. Mo\u017ce. Ale s\u0105 te\u017c spokojne lasy ze spokojnymi krajobrazami, wsz\u0119dzie du\u017co otwartej przestrzeni&#8230; Las na p\u00f3\u0142nocy wyspy jest cz\u0119sto opisywany przez odwiedzaj\u0105cych jako bajkowy. M\u00f3wi\u0105c o wczasowiczach, [&hellip;]<\/p>\n","protected":false},"author":3,"featured_media":8478,"parent":0,"menu_order":0,"comment_status":"closed","ping_status":"open","template":"templates\/template-full-width.php","meta":{"footnotes":""},"class_list":["post-8472","page","type-page","status-publish","has-post-thumbnail","hentry"],"yoast_head":"<!-- This site is optimized with the Yoast SEO plugin v24.5 - https:\/\/yoast.com\/wordpress\/plugins\/seo\/ -->\n<title>Natura - Insel M\u00f6n<\/title>\n<meta name=\"robots\" content=\"index, follow, max-snippet:-1, max-image-preview:large, max-video-preview:-1\" \/>\n<link rel=\"canonical\" href=\"https:\/\/www.insel-moen.de\/pl\/natura\/\" \/>\n<meta property=\"og:locale\" content=\"pl_PL\" \/>\n<meta property=\"og:type\" content=\"article\" \/>\n<meta property=\"og:title\" content=\"Natura - Insel M\u00f6n\" \/>\n<meta property=\"og:description\" content=\"Kilometry piaszczystych pla\u017c zapraszaj\u0105 do spr\u00f3bowania swoich si\u0142 w surfingu i poczucia \u015bwie\u017cej mg\u0142y solnej w nosie i uszach, a mo\u017ce &#8211; tak, mo\u017ce &#8211; nawet jej posmakowania. Mo\u017ce. Ale s\u0105 te\u017c spokojne lasy ze spokojnymi krajobrazami, wsz\u0119dzie du\u017co otwartej przestrzeni&#8230; Las na p\u00f3\u0142nocy wyspy jest cz\u0119sto opisywany przez odwiedzaj\u0105cych jako bajkowy. M\u00f3wi\u0105c o wczasowiczach, [&hellip;]\" \/>\n<meta property=\"og:url\" content=\"https:\/\/www.insel-moen.de\/pl\/natura\/\" \/>\n<meta property=\"og:site_name\" content=\"Insel M\u00f6n\" \/>\n<meta property=\"article:modified_time\" content=\"2024-05-16T09:12:42+00:00\" \/>\n<meta property=\"og:image\" content=\"https:\/\/www.insel-moen.de\/wp-content\/uploads\/2021\/09\/berge-und-wasser-auf-moen.jpg\" \/>\n\t<meta property=\"og:image:width\" content=\"1600\" \/>\n\t<meta property=\"og:image:height\" content=\"1067\" \/>\n\t<meta property=\"og:image:type\" content=\"image\/jpeg\" \/>\n<meta name=\"twitter:card\" content=\"summary_large_image\" \/>\n<meta name=\"twitter:label1\" content=\"Szacowany czas czytania\" \/>\n\t<meta name=\"twitter:data1\" content=\"1 minuta\" \/>\n<script type=\"application\/ld+json\" class=\"yoast-schema-graph\">{\"@context\":\"https:\/\/schema.org\",\"@graph\":[{\"@type\":\"WebPage\",\"@id\":\"https:\/\/www.insel-moen.de\/pl\/natura\/\",\"url\":\"https:\/\/www.insel-moen.de\/pl\/natura\/\",\"name\":\"Natura - Insel M\u00f6n\",\"isPartOf\":{\"@id\":\"https:\/\/www.insel-moen.de\/pl\/#website\"},\"primaryImageOfPage\":{\"@id\":\"https:\/\/www.insel-moen.de\/pl\/natura\/#primaryimage\"},\"image\":{\"@id\":\"https:\/\/www.insel-moen.de\/pl\/natura\/#primaryimage\"},\"thumbnailUrl\":\"https:\/\/www.insel-moen.de\/wp-content\/uploads\/2021\/09\/berge-und-wasser-auf-moen.jpg\",\"datePublished\":\"2024-05-16T09:12:35+00:00\",\"dateModified\":\"2024-05-16T09:12:42+00:00\",\"breadcrumb\":{\"@id\":\"https:\/\/www.insel-moen.de\/pl\/natura\/#breadcrumb\"},\"inLanguage\":\"pl-PL\",\"potentialAction\":[{\"@type\":\"ReadAction\",\"target\":[\"https:\/\/www.insel-moen.de\/pl\/natura\/\"]}]},{\"@type\":\"ImageObject\",\"inLanguage\":\"pl-PL\",\"@id\":\"https:\/\/www.insel-moen.de\/pl\/natura\/#primaryimage\",\"url\":\"https:\/\/www.insel-moen.de\/wp-content\/uploads\/2021\/09\/berge-und-wasser-auf-moen.jpg\",\"contentUrl\":\"https:\/\/www.insel-moen.de\/wp-content\/uploads\/2021\/09\/berge-und-wasser-auf-moen.jpg\",\"width\":1600,\"height\":1067},{\"@type\":\"BreadcrumbList\",\"@id\":\"https:\/\/www.insel-moen.de\/pl\/natura\/#breadcrumb\",\"itemListElement\":[{\"@type\":\"ListItem\",\"position\":1,\"name\":\"Startseite\",\"item\":\"https:\/\/www.insel-moen.de\/pl\/witamy-na-wyspie-moen\/\"},{\"@type\":\"ListItem\",\"position\":2,\"name\":\"Natura\"}]},{\"@type\":\"WebSite\",\"@id\":\"https:\/\/www.insel-moen.de\/pl\/#website\",\"url\":\"https:\/\/www.insel-moen.de\/pl\/\",\"name\":\"Insel M\u00f6n\",\"description\":\"INSEL M\u00d6N - Urlaub in der D\u00e4nischen S\u00fcdsee\",\"publisher\":{\"@id\":\"https:\/\/www.insel-moen.de\/pl\/#organization\"},\"potentialAction\":[{\"@type\":\"SearchAction\",\"target\":{\"@type\":\"EntryPoint\",\"urlTemplate\":\"https:\/\/www.insel-moen.de\/pl\/?s={search_term_string}\"},\"query-input\":{\"@type\":\"PropertyValueSpecification\",\"valueRequired\":true,\"valueName\":\"search_term_string\"}}],\"inLanguage\":\"pl-PL\"},{\"@type\":\"Organization\",\"@id\":\"https:\/\/www.insel-moen.de\/pl\/#organization\",\"name\":\"www.insel-moen.de\",\"url\":\"https:\/\/www.insel-moen.de\/pl\/\",\"logo\":{\"@type\":\"ImageObject\",\"inLanguage\":\"pl-PL\",\"@id\":\"https:\/\/www.insel-moen.de\/pl\/#\/schema\/logo\/image\/\",\"url\":\"https:\/\/www.insel-moen.de\/wp-content\/uploads\/2023\/08\/cropped-daenemark-logo-neu-klein.png\",\"contentUrl\":\"https:\/\/www.insel-moen.de\/wp-content\/uploads\/2023\/08\/cropped-daenemark-logo-neu-klein.png\",\"width\":100,\"height\":101,\"caption\":\"www.insel-moen.de\"},\"image\":{\"@id\":\"https:\/\/www.insel-moen.de\/pl\/#\/schema\/logo\/image\/\"}}]}<\/script>\n<!-- \/ Yoast SEO plugin. -->","yoast_head_json":{"title":"Natura - Insel M\u00f6n","robots":{"index":"index","follow":"follow","max-snippet":"max-snippet:-1","max-image-preview":"max-image-preview:large","max-video-preview":"max-video-preview:-1"},"canonical":"https:\/\/www.insel-moen.de\/pl\/natura\/","og_locale":"pl_PL","og_type":"article","og_title":"Natura - Insel M\u00f6n","og_description":"Kilometry piaszczystych pla\u017c zapraszaj\u0105 do spr\u00f3bowania swoich si\u0142 w surfingu i poczucia \u015bwie\u017cej mg\u0142y solnej w nosie i uszach, a mo\u017ce &#8211; tak, mo\u017ce &#8211; nawet jej posmakowania. Mo\u017ce. Ale s\u0105 te\u017c spokojne lasy ze spokojnymi krajobrazami, wsz\u0119dzie du\u017co otwartej przestrzeni&#8230; Las na p\u00f3\u0142nocy wyspy jest cz\u0119sto opisywany przez odwiedzaj\u0105cych jako bajkowy. M\u00f3wi\u0105c o wczasowiczach, [&hellip;]","og_url":"https:\/\/www.insel-moen.de\/pl\/natura\/","og_site_name":"Insel M\u00f6n","article_modified_time":"2024-05-16T09:12:42+00:00","og_image":[{"width":1600,"height":1067,"url":"https:\/\/www.insel-moen.de\/wp-content\/uploads\/2021\/09\/berge-und-wasser-auf-moen.jpg","type":"image\/jpeg"}],"twitter_card":"summary_large_image","twitter_misc":{"Szacowany czas czytania":"1 minuta"},"schema":{"@context":"https:\/\/schema.org","@graph":[{"@type":"WebPage","@id":"https:\/\/www.insel-moen.de\/pl\/natura\/","url":"https:\/\/www.insel-moen.de\/pl\/natura\/","name":"Natura - Insel M\u00f6n","isPartOf":{"@id":"https:\/\/www.insel-moen.de\/pl\/#website"},"primaryImageOfPage":{"@id":"https:\/\/www.insel-moen.de\/pl\/natura\/#primaryimage"},"image":{"@id":"https:\/\/www.insel-moen.de\/pl\/natura\/#primaryimage"},"thumbnailUrl":"https:\/\/www.insel-moen.de\/wp-content\/uploads\/2021\/09\/berge-und-wasser-auf-moen.jpg","datePublished":"2024-05-16T09:12:35+00:00","dateModified":"2024-05-16T09:12:42+00:00","breadcrumb":{"@id":"https:\/\/www.insel-moen.de\/pl\/natura\/#breadcrumb"},"inLanguage":"pl-PL","potentialAction":[{"@type":"ReadAction","target":["https:\/\/www.insel-moen.de\/pl\/natura\/"]}]},{"@type":"ImageObject","inLanguage":"pl-PL","@id":"https:\/\/www.insel-moen.de\/pl\/natura\/#primaryimage","url":"https:\/\/www.insel-moen.de\/wp-content\/uploads\/2021\/09\/berge-und-wasser-auf-moen.jpg","contentUrl":"https:\/\/www.insel-moen.de\/wp-content\/uploads\/2021\/09\/berge-und-wasser-auf-moen.jpg","width":1600,"height":1067},{"@type":"BreadcrumbList","@id":"https:\/\/www.insel-moen.de\/pl\/natura\/#breadcrumb","itemListElement":[{"@type":"ListItem","position":1,"name":"Startseite","item":"https:\/\/www.insel-moen.de\/pl\/witamy-na-wyspie-moen\/"},{"@type":"ListItem","position":2,"name":"Natura"}]},{"@type":"WebSite","@id":"https:\/\/www.insel-moen.de\/pl\/#website","url":"https:\/\/www.insel-moen.de\/pl\/","name":"Insel M\u00f6n","description":"INSEL M\u00d6N - Urlaub in der D\u00e4nischen S\u00fcdsee","publisher":{"@id":"https:\/\/www.insel-moen.de\/pl\/#organization"},"potentialAction":[{"@type":"SearchAction","target":{"@type":"EntryPoint","urlTemplate":"https:\/\/www.insel-moen.de\/pl\/?s={search_term_string}"},"query-input":{"@type":"PropertyValueSpecification","valueRequired":true,"valueName":"search_term_string"}}],"inLanguage":"pl-PL"},{"@type":"Organization","@id":"https:\/\/www.insel-moen.de\/pl\/#organization","name":"www.insel-moen.de","url":"https:\/\/www.insel-moen.de\/pl\/","logo":{"@type":"ImageObject","inLanguage":"pl-PL","@id":"https:\/\/www.insel-moen.de\/pl\/#\/schema\/logo\/image\/","url":"https:\/\/www.insel-moen.de\/wp-content\/uploads\/2023\/08\/cropped-daenemark-logo-neu-klein.png","contentUrl":"https:\/\/www.insel-moen.de\/wp-content\/uploads\/2023\/08\/cropped-daenemark-logo-neu-klein.png","width":100,"height":101,"caption":"www.insel-moen.de"},"image":{"@id":"https:\/\/www.insel-moen.de\/pl\/#\/schema\/logo\/image\/"}}]}},"_links":{"self":[{"href":"https:\/\/www.insel-moen.de\/pl\/wp-json\/wp\/v2\/pages\/8472","targetHints":{"allow":["GET"]}}],"collection":[{"href":"https:\/\/www.insel-moen.de\/pl\/wp-json\/wp\/v2\/pages"}],"about":[{"href":"https:\/\/www.insel-moen.de\/pl\/wp-json\/wp\/v2\/types\/page"}],"author":[{"embeddable":true,"href":"https:\/\/www.insel-moen.de\/pl\/wp-json\/wp\/v2\/users\/3"}],"replies":[{"embeddable":true,"href":"https:\/\/www.insel-moen.de\/pl\/wp-json\/wp\/v2\/comments?post=8472"}],"version-history":[{"count":1,"href":"https:\/\/www.insel-moen.de\/pl\/wp-json\/wp\/v2\/pages\/8472\/revisions"}],"predecessor-version":[{"id":8480,"href":"https:\/\/www.insel-moen.de\/pl\/wp-json\/wp\/v2\/pages\/8472\/revisions\/8480"}],"wp:featuredmedia":[{"embeddable":true,"href":"https:\/\/www.insel-moen.de\/pl\/wp-json\/wp\/v2\/media\/8478"}],"wp:attachment":[{"href":"https:\/\/www.insel-moen.de\/pl\/wp-json\/wp\/v2\/media?parent=8472"}],"curies":[{"name":"wp","href":"https:\/\/api.w.org\/{rel}","templated":true}]}}