{"id":8438,"date":"2024-05-16T08:18:04","date_gmt":"2024-05-16T08:18:04","guid":{"rendered":"https:\/\/www.insel-moen.de\/geologia-moens\/"},"modified":"2024-05-16T08:18:06","modified_gmt":"2024-05-16T08:18:06","slug":"geologia-moens","status":"publish","type":"page","link":"https:\/\/www.insel-moen.de\/pl\/geologia-moens\/","title":{"rendered":"Geologia M\u00f6ns"},"content":{"rendered":"\n<h2 class=\"wp-block-heading\">Fascynuj\u0105ca geologia M\u00f8ns Klint: raj dla nauki i przyrody<\/h2>\n\n<h3 class=\"wp-block-heading\"><strong>Wprowadzenie<\/strong><\/h3>\n\n<p>M\u00f8ns Klint, po\u0142o\u017cony na wschodnim wybrze\u017cu du\u0144skiej wyspy M\u00f8n, jest spektakularnym zjawiskiem naturalnym i prawdziwym skarbem dla geolog\u00f3w i entuzjast\u00f3w przyrody. Ten imponuj\u0105cy kredowy klif co roku przyci\u0105ga przyrodnik\u00f3w i wczasowicz\u00f3w swoimi bia\u0142ymi wapiennymi \u015bcianami o wysoko\u015bci do 128 metr\u00f3w i bogat\u0105 r\u00f3\u017cnorodno\u015bci\u0105 biologiczn\u0105.<\/p>\n\n<h3 class=\"wp-block-heading\"><strong>Historia geologiczna i formowanie si\u0119 kredowych klif\u00f3w<\/strong><\/h3>\n\n<figure class=\"wp-block-image size-full\"><a href=\"https:\/\/www.insel-moen.de\/wp-content\/uploads\/2024\/05\/optimized-kreidefelsen-auf-moen.jpeg\"><img loading=\"lazy\" decoding=\"async\" width=\"1024\" height=\"768\" src=\"https:\/\/www.insel-moen.de\/wp-content\/uploads\/2024\/05\/optimized-kreidefelsen-auf-moen.jpeg\" alt=\"Widok na imponuj&#x105;ce bia&#x142;e kredowe klify na wyspie M&#xF6;n, otoczone g&#x119;st&#x105; zieleni&#x105; i wyra&#x17A;nym widokiem na b&#x142;&#x119;kitne morze ze statkiem w oddali.\" class=\"wp-image-7725\" srcset=\"https:\/\/www.insel-moen.de\/wp-content\/uploads\/2024\/05\/optimized-kreidefelsen-auf-moen.jpeg 1024w, https:\/\/www.insel-moen.de\/wp-content\/uploads\/2024\/05\/optimized-kreidefelsen-auf-moen-300x225.jpeg 300w, https:\/\/www.insel-moen.de\/wp-content\/uploads\/2024\/05\/optimized-kreidefelsen-auf-moen-768x576.jpeg 768w, https:\/\/www.insel-moen.de\/wp-content\/uploads\/2024\/05\/optimized-kreidefelsen-auf-moen-810x608.jpeg 810w\" sizes=\"auto, (max-width: 1024px) 100vw, 1024px\" \/><\/a><\/figure>\n<p>Kredowe klify M\u00f8ns Klint sk\u0142adaj\u0105 si\u0119 g\u0142\u00f3wnie z mikroskopijnych alg wapiennych, tak zwanych kokkolit\u00f3w, kt\u00f3re utworzy\u0142y dno morskie oko\u0142o 70 milion\u00f3w lat temu, w okresie p\u00f3\u017anej kredy. Przez miliony lat szcz\u0105tki te gromadzi\u0142y si\u0119 wraz z innymi osadami na dnie p\u0142ytkiego, tropikalnego morza, kt\u00f3re pokrywa\u0142o w\u00f3wczas du\u017c\u0105 cz\u0119\u015b\u0107 Europy.<\/p>\n\n<p>Podczas ostatniej epoki lodowcowej, kt\u00f3ra zako\u0144czy\u0142a si\u0119 oko\u0142o 11 700 lat temu, obszar ten zosta\u0142 ukszta\u0142towany przez ogromne masy lodowcowe. Lodowce zepchn\u0119\u0142y ze sob\u0105 warstwy kredy i docisn\u0119\u0142y je do g\u00f3ry, tworz\u0105c klify, kt\u00f3re widzimy dzisiaj. Uderzaj\u0105ce czarne warstwy krzemienia, kt\u00f3re mo\u017cna zobaczy\u0107 w kredowych klifach, zosta\u0142y utworzone przez osady materia\u0142u organicznego i okrzemek, kt\u00f3rych krzemowe szkielety zestali\u0142y si\u0119 w krzemie\u0144.<\/p>\n\n<h3 class=\"wp-block-heading\"><strong>Flora i fauna klif\u00f3w kredowych<\/strong><\/h3>\n\n<p>Unikalny sk\u0142ad geologiczny M\u00f8ns Klint tworzy siedliska dla wielu rzadkich ro\u015blin i zwierz\u0105t. Bogata w wapie\u0144 gleba sprzyja wzrostowi oko\u0142o 20 r\u00f3\u017cnych gatunk\u00f3w orchidei, co czyni klify jednym z najwa\u017cniejszych miejsc dla tej grupy ro\u015blin w p\u00f3\u0142nocnej Europie. Stromy klif oferuje r\u00f3wnie\u017c idealne miejsca do gniazdowania dla r\u00f3\u017cnych gatunk\u00f3w ptak\u00f3w, w tym soko\u0142a w\u0119drownego, kt\u00f3ry powr\u00f3ci\u0142 na ten obszar po dziesi\u0119cioleciach nieobecno\u015bci.<\/p>\n\n<h3 class=\"wp-block-heading\"><strong>Ochrona przyrody i zr\u00f3wnowa\u017cona turystyka<\/strong><\/h3>\n\n<figure class=\"wp-block-image size-full\"><a href=\"https:\/\/www.insel-moen.de\/wp-content\/uploads\/2024\/05\/optimized-moen-kreidefelsen-baeume.jpeg\"><img loading=\"lazy\" decoding=\"async\" width=\"1024\" height=\"768\" src=\"https:\/\/www.insel-moen.de\/wp-content\/uploads\/2024\/05\/optimized-moen-kreidefelsen-baeume.jpeg\" alt=\"Wiosenna scena kredowych klif&#xF3;w na M&#xF6;n, otoczona &#x17C;ywymi zielonymi li&#x15B;&#x107;mi i pniami drzew, oferuj&#x105;ca malowniczy widok na turkusowe morze&quot;.\" class=\"wp-image-7734\" srcset=\"https:\/\/www.insel-moen.de\/wp-content\/uploads\/2024\/05\/optimized-moen-kreidefelsen-baeume.jpeg 1024w, https:\/\/www.insel-moen.de\/wp-content\/uploads\/2024\/05\/optimized-moen-kreidefelsen-baeume-300x225.jpeg 300w, https:\/\/www.insel-moen.de\/wp-content\/uploads\/2024\/05\/optimized-moen-kreidefelsen-baeume-768x576.jpeg 768w, https:\/\/www.insel-moen.de\/wp-content\/uploads\/2024\/05\/optimized-moen-kreidefelsen-baeume-810x608.jpeg 810w\" sizes=\"auto, (max-width: 1024px) 100vw, 1024px\" \/><\/a><\/figure>\n<p>Kredowe klify i otaczaj\u0105cy je obszar zosta\u0142y wyznaczone jako obszar chroniony Natura 2000 w celu zachowania r\u00f3\u017cnorodno\u015bci biologicznej i integralno\u015bci geologicznej. Odwiedzaj\u0105cy proszeni s\u0105 o trzymanie si\u0119 wyznaczonych \u015bcie\u017cek i niezak\u0142\u00f3canie przyrody poprzez zrywanie ro\u015blin lub niepokojenie dzikich zwierz\u0105t. GeoCenter M\u00f8ns Klint oferuje kompleksowe informacje i wycieczki z przewodnikiem, kt\u00f3re zapewniaj\u0105 wgl\u0105d w geologi\u0119 i ekologi\u0119 regionu.<\/p>\n\n<h2 class=\"wp-block-heading\"><strong>Wnioski i informacje dla odwiedzaj\u0105cych<\/strong><\/h2>\n\n<figure class=\"wp-block-image size-full\"><a href=\"https:\/\/www.insel-moen.de\/wp-content\/uploads\/2024\/05\/optimized-Bildschirmfoto-2024-05-12-um-13.42.26.png\"><img loading=\"lazy\" decoding=\"async\" width=\"800\" height=\"533\" src=\"https:\/\/www.insel-moen.de\/wp-content\/uploads\/2024\/05\/optimized-Bildschirmfoto-2024-05-12-um-13.42.26.png\" alt=\"Zbli&#x17C;enie na trzymany w d&#x142;oni grzechocz&#x105;cy kamie&#x144;, typowy dla nadmorskiego regionu M&#xF6;n, o chropowatej fakturze i szaro-czarnych odcieniach.\" class=\"wp-image-7743\" srcset=\"https:\/\/www.insel-moen.de\/wp-content\/uploads\/2024\/05\/optimized-Bildschirmfoto-2024-05-12-um-13.42.26.png 800w, https:\/\/www.insel-moen.de\/wp-content\/uploads\/2024\/05\/optimized-Bildschirmfoto-2024-05-12-um-13.42.26-300x200.png 300w, https:\/\/www.insel-moen.de\/wp-content\/uploads\/2024\/05\/optimized-Bildschirmfoto-2024-05-12-um-13.42.26-768x512.png 768w\" sizes=\"auto, (max-width: 800px) 100vw, 800px\" \/><\/a><\/figure>\n<p>Wizyta w M\u00f8ns Klint to nie tylko wycieczka do zapieraj\u0105cego dech w piersiach krajobrazu, ale tak\u017ce g\u0142\u0119boki wgl\u0105d w dynamiczne procesy, kt\u00f3re kszta\u0142tuj\u0105 nasz\u0105 Ziemi\u0119. Jest to miejsce, kt\u00f3re stymuluje zar\u00f3wno umys\u0142, jak i zmys\u0142y oraz zach\u0119ca do zr\u00f3wnowa\u017conego my\u015blenia.<\/p>\n\n<h2 class=\"wp-block-heading\"><strong>FAQ<\/strong><\/h2>\n\n<ul class=\"wp-block-list\">\n<li><strong>Jakie dzia\u0142ania s\u0105 oferowane w pobli\u017cu M\u00f8ns Klint?<\/strong><br\/>Opr\u00f3cz w\u0119dr\u00f3wek po dobrze utrzymanych \u015bcie\u017ckach, obszar ten oferuje mo\u017cliwo\u015bci obserwacji ptak\u00f3w, fotografowania i bada\u0144 naukowych.<\/li>\n\n\n\n<li><strong>Czy organizowane s\u0105 specjalne wydarzenia lub programy dla odwiedzaj\u0105cych?<\/strong><br\/>Tak, <a href=\"https:\/\/www.insel-moen.de\/pl\/odkryj-geocentrum-moens-klint-brame-do-przeszlosci\/\">GeoCenter<\/a> regularnie organizuje warsztaty i wyk\u0142ady na temat geologicznej i biologicznej r\u00f3\u017cnorodno\u015bci kredowych klif\u00f3w.<\/li>\n\n\n\n<li><strong>W jaki spos\u00f3b GeoCentrum przyczynia si\u0119 do ochrony M\u00f8ns Klint?<\/strong><br\/>GeoCentrum nie tylko prowadzi prace badawcze i edukacyjne, ale tak\u017ce wspiera dzia\u0142ania na rzecz zachowania naturalnego krajobrazu i podnoszenia \u015bwiadomo\u015bci spo\u0142ecznej w zakresie ochrony \u015brodowiska.<\/li>\n<\/ul>\n","protected":false},"excerpt":{"rendered":"<p>Fascynuj\u0105ca geologia M\u00f8ns Klint: raj dla nauki i przyrody Wprowadzenie M\u00f8ns Klint, po\u0142o\u017cony na wschodnim wybrze\u017cu du\u0144skiej wyspy M\u00f8n, jest spektakularnym zjawiskiem naturalnym i prawdziwym skarbem dla geolog\u00f3w i entuzjast\u00f3w przyrody. Ten imponuj\u0105cy kredowy klif co roku przyci\u0105ga przyrodnik\u00f3w i wczasowicz\u00f3w swoimi bia\u0142ymi wapiennymi \u015bcianami o wysoko\u015bci do 128 metr\u00f3w i bogat\u0105 r\u00f3\u017cnorodno\u015bci\u0105 biologiczn\u0105. Historia [&hellip;]<\/p>\n","protected":false},"author":3,"featured_media":8442,"parent":0,"menu_order":0,"comment_status":"closed","ping_status":"closed","template":"","meta":{"footnotes":""},"class_list":["post-8438","page","type-page","status-publish","has-post-thumbnail","hentry"],"yoast_head":"<!-- This site is optimized with the Yoast SEO plugin v24.5 - https:\/\/yoast.com\/wordpress\/plugins\/seo\/ -->\n<title>Geologia M\u00f6ns - Insel M\u00f6n<\/title>\n<meta name=\"robots\" content=\"index, follow, max-snippet:-1, max-image-preview:large, max-video-preview:-1\" \/>\n<link rel=\"canonical\" href=\"https:\/\/www.insel-moen.de\/pl\/geologia-moens\/\" \/>\n<meta property=\"og:locale\" content=\"pl_PL\" \/>\n<meta property=\"og:type\" content=\"article\" \/>\n<meta property=\"og:title\" content=\"Geologia M\u00f6ns - Insel M\u00f6n\" \/>\n<meta property=\"og:description\" content=\"Fascynuj\u0105ca geologia M\u00f8ns Klint: raj dla nauki i przyrody Wprowadzenie M\u00f8ns Klint, po\u0142o\u017cony na wschodnim wybrze\u017cu du\u0144skiej wyspy M\u00f8n, jest spektakularnym zjawiskiem naturalnym i prawdziwym skarbem dla geolog\u00f3w i entuzjast\u00f3w przyrody. Ten imponuj\u0105cy kredowy klif co roku przyci\u0105ga przyrodnik\u00f3w i wczasowicz\u00f3w swoimi bia\u0142ymi wapiennymi \u015bcianami o wysoko\u015bci do 128 metr\u00f3w i bogat\u0105 r\u00f3\u017cnorodno\u015bci\u0105 biologiczn\u0105. Historia [&hellip;]\" \/>\n<meta property=\"og:url\" content=\"https:\/\/www.insel-moen.de\/pl\/geologia-moens\/\" \/>\n<meta property=\"og:site_name\" content=\"Insel M\u00f6n\" \/>\n<meta property=\"article:modified_time\" content=\"2024-05-16T08:18:06+00:00\" \/>\n<meta property=\"og:image\" content=\"https:\/\/www.insel-moen.de\/wp-content\/uploads\/2019\/03\/M\u00f8ns-Klint_32411-1024x683.jpg\" \/>\n\t<meta property=\"og:image:width\" content=\"1024\" \/>\n\t<meta property=\"og:image:height\" content=\"683\" \/>\n\t<meta property=\"og:image:type\" content=\"image\/jpeg\" \/>\n<meta name=\"twitter:card\" content=\"summary_large_image\" \/>\n<meta name=\"twitter:label1\" content=\"Szacowany czas czytania\" \/>\n\t<meta name=\"twitter:data1\" content=\"3 minuty\" \/>\n<script type=\"application\/ld+json\" class=\"yoast-schema-graph\">{\"@context\":\"https:\/\/schema.org\",\"@graph\":[{\"@type\":\"WebPage\",\"@id\":\"https:\/\/www.insel-moen.de\/pl\/geologia-moens\/\",\"url\":\"https:\/\/www.insel-moen.de\/pl\/geologia-moens\/\",\"name\":\"Geologia M\u00f6ns - Insel M\u00f6n\",\"isPartOf\":{\"@id\":\"https:\/\/www.insel-moen.de\/pl\/#website\"},\"primaryImageOfPage\":{\"@id\":\"https:\/\/www.insel-moen.de\/pl\/geologia-moens\/#primaryimage\"},\"image\":{\"@id\":\"https:\/\/www.insel-moen.de\/pl\/geologia-moens\/#primaryimage\"},\"thumbnailUrl\":\"https:\/\/www.insel-moen.de\/wp-content\/uploads\/2019\/03\/M\u00f8ns-Klint_32411.jpg\",\"datePublished\":\"2024-05-16T08:18:04+00:00\",\"dateModified\":\"2024-05-16T08:18:06+00:00\",\"breadcrumb\":{\"@id\":\"https:\/\/www.insel-moen.de\/pl\/geologia-moens\/#breadcrumb\"},\"inLanguage\":\"pl-PL\",\"potentialAction\":[{\"@type\":\"ReadAction\",\"target\":[\"https:\/\/www.insel-moen.de\/pl\/geologia-moens\/\"]}]},{\"@type\":\"ImageObject\",\"inLanguage\":\"pl-PL\",\"@id\":\"https:\/\/www.insel-moen.de\/pl\/geologia-moens\/#primaryimage\",\"url\":\"https:\/\/www.insel-moen.de\/wp-content\/uploads\/2019\/03\/M\u00f8ns-Klint_32411.jpg\",\"contentUrl\":\"https:\/\/www.insel-moen.de\/wp-content\/uploads\/2019\/03\/M\u00f8ns-Klint_32411.jpg\",\"width\":5616,\"height\":3744},{\"@type\":\"BreadcrumbList\",\"@id\":\"https:\/\/www.insel-moen.de\/pl\/geologia-moens\/#breadcrumb\",\"itemListElement\":[{\"@type\":\"ListItem\",\"position\":1,\"name\":\"Startseite\",\"item\":\"https:\/\/www.insel-moen.de\/pl\/witamy-na-wyspie-moen\/\"},{\"@type\":\"ListItem\",\"position\":2,\"name\":\"Geologia M\u00f6ns\"}]},{\"@type\":\"WebSite\",\"@id\":\"https:\/\/www.insel-moen.de\/pl\/#website\",\"url\":\"https:\/\/www.insel-moen.de\/pl\/\",\"name\":\"Insel M\u00f6n\",\"description\":\"INSEL M\u00d6N - Urlaub in der D\u00e4nischen S\u00fcdsee\",\"publisher\":{\"@id\":\"https:\/\/www.insel-moen.de\/pl\/#organization\"},\"potentialAction\":[{\"@type\":\"SearchAction\",\"target\":{\"@type\":\"EntryPoint\",\"urlTemplate\":\"https:\/\/www.insel-moen.de\/pl\/?s={search_term_string}\"},\"query-input\":{\"@type\":\"PropertyValueSpecification\",\"valueRequired\":true,\"valueName\":\"search_term_string\"}}],\"inLanguage\":\"pl-PL\"},{\"@type\":\"Organization\",\"@id\":\"https:\/\/www.insel-moen.de\/pl\/#organization\",\"name\":\"www.insel-moen.de\",\"url\":\"https:\/\/www.insel-moen.de\/pl\/\",\"logo\":{\"@type\":\"ImageObject\",\"inLanguage\":\"pl-PL\",\"@id\":\"https:\/\/www.insel-moen.de\/pl\/#\/schema\/logo\/image\/\",\"url\":\"https:\/\/www.insel-moen.de\/wp-content\/uploads\/2023\/08\/cropped-daenemark-logo-neu-klein.png\",\"contentUrl\":\"https:\/\/www.insel-moen.de\/wp-content\/uploads\/2023\/08\/cropped-daenemark-logo-neu-klein.png\",\"width\":100,\"height\":101,\"caption\":\"www.insel-moen.de\"},\"image\":{\"@id\":\"https:\/\/www.insel-moen.de\/pl\/#\/schema\/logo\/image\/\"}}]}<\/script>\n<!-- \/ Yoast SEO plugin. -->","yoast_head_json":{"title":"Geologia M\u00f6ns - Insel M\u00f6n","robots":{"index":"index","follow":"follow","max-snippet":"max-snippet:-1","max-image-preview":"max-image-preview:large","max-video-preview":"max-video-preview:-1"},"canonical":"https:\/\/www.insel-moen.de\/pl\/geologia-moens\/","og_locale":"pl_PL","og_type":"article","og_title":"Geologia M\u00f6ns - Insel M\u00f6n","og_description":"Fascynuj\u0105ca geologia M\u00f8ns Klint: raj dla nauki i przyrody Wprowadzenie M\u00f8ns Klint, po\u0142o\u017cony na wschodnim wybrze\u017cu du\u0144skiej wyspy M\u00f8n, jest spektakularnym zjawiskiem naturalnym i prawdziwym skarbem dla geolog\u00f3w i entuzjast\u00f3w przyrody. Ten imponuj\u0105cy kredowy klif co roku przyci\u0105ga przyrodnik\u00f3w i wczasowicz\u00f3w swoimi bia\u0142ymi wapiennymi \u015bcianami o wysoko\u015bci do 128 metr\u00f3w i bogat\u0105 r\u00f3\u017cnorodno\u015bci\u0105 biologiczn\u0105. Historia [&hellip;]","og_url":"https:\/\/www.insel-moen.de\/pl\/geologia-moens\/","og_site_name":"Insel M\u00f6n","article_modified_time":"2024-05-16T08:18:06+00:00","og_image":[{"width":1024,"height":683,"url":"https:\/\/www.insel-moen.de\/wp-content\/uploads\/2019\/03\/M\u00f8ns-Klint_32411-1024x683.jpg","type":"image\/jpeg"}],"twitter_card":"summary_large_image","twitter_misc":{"Szacowany czas czytania":"3 minuty"},"schema":{"@context":"https:\/\/schema.org","@graph":[{"@type":"WebPage","@id":"https:\/\/www.insel-moen.de\/pl\/geologia-moens\/","url":"https:\/\/www.insel-moen.de\/pl\/geologia-moens\/","name":"Geologia M\u00f6ns - Insel M\u00f6n","isPartOf":{"@id":"https:\/\/www.insel-moen.de\/pl\/#website"},"primaryImageOfPage":{"@id":"https:\/\/www.insel-moen.de\/pl\/geologia-moens\/#primaryimage"},"image":{"@id":"https:\/\/www.insel-moen.de\/pl\/geologia-moens\/#primaryimage"},"thumbnailUrl":"https:\/\/www.insel-moen.de\/wp-content\/uploads\/2019\/03\/M\u00f8ns-Klint_32411.jpg","datePublished":"2024-05-16T08:18:04+00:00","dateModified":"2024-05-16T08:18:06+00:00","breadcrumb":{"@id":"https:\/\/www.insel-moen.de\/pl\/geologia-moens\/#breadcrumb"},"inLanguage":"pl-PL","potentialAction":[{"@type":"ReadAction","target":["https:\/\/www.insel-moen.de\/pl\/geologia-moens\/"]}]},{"@type":"ImageObject","inLanguage":"pl-PL","@id":"https:\/\/www.insel-moen.de\/pl\/geologia-moens\/#primaryimage","url":"https:\/\/www.insel-moen.de\/wp-content\/uploads\/2019\/03\/M\u00f8ns-Klint_32411.jpg","contentUrl":"https:\/\/www.insel-moen.de\/wp-content\/uploads\/2019\/03\/M\u00f8ns-Klint_32411.jpg","width":5616,"height":3744},{"@type":"BreadcrumbList","@id":"https:\/\/www.insel-moen.de\/pl\/geologia-moens\/#breadcrumb","itemListElement":[{"@type":"ListItem","position":1,"name":"Startseite","item":"https:\/\/www.insel-moen.de\/pl\/witamy-na-wyspie-moen\/"},{"@type":"ListItem","position":2,"name":"Geologia M\u00f6ns"}]},{"@type":"WebSite","@id":"https:\/\/www.insel-moen.de\/pl\/#website","url":"https:\/\/www.insel-moen.de\/pl\/","name":"Insel M\u00f6n","description":"INSEL M\u00d6N - Urlaub in der D\u00e4nischen S\u00fcdsee","publisher":{"@id":"https:\/\/www.insel-moen.de\/pl\/#organization"},"potentialAction":[{"@type":"SearchAction","target":{"@type":"EntryPoint","urlTemplate":"https:\/\/www.insel-moen.de\/pl\/?s={search_term_string}"},"query-input":{"@type":"PropertyValueSpecification","valueRequired":true,"valueName":"search_term_string"}}],"inLanguage":"pl-PL"},{"@type":"Organization","@id":"https:\/\/www.insel-moen.de\/pl\/#organization","name":"www.insel-moen.de","url":"https:\/\/www.insel-moen.de\/pl\/","logo":{"@type":"ImageObject","inLanguage":"pl-PL","@id":"https:\/\/www.insel-moen.de\/pl\/#\/schema\/logo\/image\/","url":"https:\/\/www.insel-moen.de\/wp-content\/uploads\/2023\/08\/cropped-daenemark-logo-neu-klein.png","contentUrl":"https:\/\/www.insel-moen.de\/wp-content\/uploads\/2023\/08\/cropped-daenemark-logo-neu-klein.png","width":100,"height":101,"caption":"www.insel-moen.de"},"image":{"@id":"https:\/\/www.insel-moen.de\/pl\/#\/schema\/logo\/image\/"}}]}},"_links":{"self":[{"href":"https:\/\/www.insel-moen.de\/pl\/wp-json\/wp\/v2\/pages\/8438","targetHints":{"allow":["GET"]}}],"collection":[{"href":"https:\/\/www.insel-moen.de\/pl\/wp-json\/wp\/v2\/pages"}],"about":[{"href":"https:\/\/www.insel-moen.de\/pl\/wp-json\/wp\/v2\/types\/page"}],"author":[{"embeddable":true,"href":"https:\/\/www.insel-moen.de\/pl\/wp-json\/wp\/v2\/users\/3"}],"replies":[{"embeddable":true,"href":"https:\/\/www.insel-moen.de\/pl\/wp-json\/wp\/v2\/comments?post=8438"}],"version-history":[{"count":1,"href":"https:\/\/www.insel-moen.de\/pl\/wp-json\/wp\/v2\/pages\/8438\/revisions"}],"predecessor-version":[{"id":8443,"href":"https:\/\/www.insel-moen.de\/pl\/wp-json\/wp\/v2\/pages\/8438\/revisions\/8443"}],"wp:featuredmedia":[{"embeddable":true,"href":"https:\/\/www.insel-moen.de\/pl\/wp-json\/wp\/v2\/media\/8442"}],"wp:attachment":[{"href":"https:\/\/www.insel-moen.de\/pl\/wp-json\/wp\/v2\/media?parent=8438"}],"curies":[{"name":"wp","href":"https:\/\/api.w.org\/{rel}","templated":true}]}}