{"id":8142,"date":"2024-05-16T08:16:44","date_gmt":"2024-05-16T08:16:44","guid":{"rendered":"https:\/\/www.insel-moen.de\/o-nas\/"},"modified":"2024-05-16T08:16:50","modified_gmt":"2024-05-16T08:16:50","slug":"o-nas","status":"publish","type":"page","link":"https:\/\/www.insel-moen.de\/pl\/o-nas\/","title":{"rendered":"O nas"},"content":{"rendered":"\n<p><strong>Tw\u00f3j czas jest cenny. Wykorzystaj go na to, co naprawd\u0119 si\u0119 liczy: Czas z rodzin\u0105, na hobby, dla cia\u0142a i duszy. Czas dla Ciebie. Insel-moen.de to przewodnik po niezapomnianych chwilach na wyspie M\u00f8n.<\/strong><\/p>\n\n<p>Od dzieci\u0144stwa sp\u0119dzonego w Rostocku po zjednoczeniu zawsze ci\u0105gn\u0119\u0142o mnie do Danii. Dorasta\u0142em z opowie\u015bciami o przyjaznym kraju na p\u00f3\u0142nocy i przygodach Gangu Olsena. Moja pierwsza kr\u00f3tka podr\u00f3\u017c do M\u00f8n odby\u0142a si\u0119 20 lat temu i od razu zakocha\u0142em si\u0119 w wyj\u0105tkowym \u015bwietle, kt\u00f3re kreda odbija w wodzie i zaskakuj\u0105cej r\u00f3\u017cnorodno\u015bci krajobraz\u00f3w &#8211; od b\u0142otnistych r\u00f3wnin po faliste wzg\u00f3rza. W Stege odkry\u0142em ma\u0142e, dobre sklepy mi\u0119sne i urocze pensjonaty. Z czasem M\u00f8n sta\u0142o si\u0119 miejscem, kt\u00f3re nie tylko odwiedza\u0142em sam lub z dzieckiem, ale miejscem, kt\u00f3rym chcia\u0142em podzieli\u0107 si\u0119 ze \u015bwiatem.<\/p>\n\n<p><strong>Narodziny Insel-Moen.de<\/strong><\/p>\n\n<p>M\u00f3j entuzjazm dla M\u00f8n i ograniczone mo\u017cliwo\u015bci ma\u0142ej wyspy sk\u0142oni\u0142y mnie do stworzenia Insel-Moen.de. Odpowied\u017a by\u0142a przyt\u0142aczaj\u0105ca. Otrzyma\u0142em wiele zapyta\u0144 o <a href=\"https:\/\/www.insel-moen.de\/bed-breakfast\/\">nocleg<\/a>, kt\u00f3re pocz\u0105tkowo przekaza\u0142em wspania\u0142ej Susanne Noehr, na d\u0142ugo zanim pojawi\u0142y si\u0119 portale rezerwacyjne. Obecnie otrzymuj\u0119 niewielk\u0105 prowizj\u0119 za ka\u017cd\u0105 rezerwacj\u0119 za po\u015brednictwem strony. Nie wzbogac\u0119 si\u0119 na tym &#8211; ale te\u017c nie taki jest cel. Celem jest podzielenie si\u0119 z wami pi\u0119knem M\u00f8n.<\/p>\n\n<p><strong>Insel-Moen.de &#8211; Wi\u0119cej ni\u017c tylko strona internetowa<\/strong><\/p>\n\n<p>Na Insel-Moen.de znajdziesz wszystko, czego dusza zapragnie: od sekretnych szlak\u00f3w turystycznych po najlepsze miejsca piknikowe i skarby kultury. Strona jest wynikiem mojej mi\u0142o\u015bci do wyspy i ch\u0119ci podzielenia si\u0119 t\u0105 mi\u0142o\u015bci\u0105 z wami. Ka\u017cda rekomendacja, ka\u017cda historia to kawa\u0142ek mojego serca.<\/p>\n\n<p><strong>Rezerwacje &#8211; Wsparcie projektu<\/strong><\/p>\n\n<p>Ka\u017cda <a href=\"https:\/\/www.insel-moen.de\/ferienhaus\/ferienhaus-moen-mit-meerblick\/\">rezerwacja<\/a> za po\u015brednictwem Insel-Moen.de pomaga utrzyma\u0107 ten projekt przy \u017cyciu. Wyb\u00f3r mo\u017ce by\u0107 ograniczony, ale to w\u0142a\u015bnie czyni M\u00f8n tak uroczym. Skupiamy si\u0119 na jako\u015bci, a nie na ilo\u015bci, na do\u015bwiadczeniach, kt\u00f3re zostan\u0105 zapami\u0119tane.<\/p>\n\n<p><strong>Podzi\u0119kowania<\/strong><\/p>\n\n<p>Chcia\u0142bym podzi\u0119kowa\u0107 wszystkim, kt\u00f3rzy przyczyniaj\u0105 si\u0119 do kontynuacji i rozwoju Insel-Moen.de poprzez swoje rezerwacje. Moim celem jest, aby ta strona sta\u0142a si\u0119 nie tylko bram\u0105 do M\u00f8n, ale miejscem, w kt\u00f3rym mi\u0142o\u015bnicy tej wyj\u0105tkowej wyspy mog\u0105 si\u0119 spotyka\u0107, wymienia\u0107 pomys\u0142ami i czerpa\u0107 inspiracj\u0119.<\/p>\n\n<p><strong>Witamy w M\u00f8n &#8211; wyspie wyj\u0105tkowych chwil<\/strong><\/p>\n","protected":false},"excerpt":{"rendered":"<p>Tw\u00f3j czas jest cenny. Wykorzystaj go na to, co naprawd\u0119 si\u0119 liczy: Czas z rodzin\u0105, na hobby, dla cia\u0142a i duszy. Czas dla Ciebie. Insel-moen.de to przewodnik po niezapomnianych chwilach na wyspie M\u00f8n. Od dzieci\u0144stwa sp\u0119dzonego w Rostocku po zjednoczeniu zawsze ci\u0105gn\u0119\u0142o mnie do Danii. Dorasta\u0142em z opowie\u015bciami o przyjaznym kraju na p\u00f3\u0142nocy i przygodach [&hellip;]<\/p>\n","protected":false},"author":3,"featured_media":0,"parent":0,"menu_order":0,"comment_status":"closed","ping_status":"closed","template":"","meta":{"footnotes":""},"class_list":["post-8142","page","type-page","status-publish","hentry"],"yoast_head":"<!-- This site is optimized with the Yoast SEO plugin v24.5 - https:\/\/yoast.com\/wordpress\/plugins\/seo\/ -->\n<title>O nas - Insel M\u00f6n<\/title>\n<meta name=\"robots\" content=\"index, follow, max-snippet:-1, max-image-preview:large, max-video-preview:-1\" \/>\n<link rel=\"canonical\" href=\"https:\/\/www.insel-moen.de\/pl\/o-nas\/\" \/>\n<meta property=\"og:locale\" content=\"pl_PL\" \/>\n<meta property=\"og:type\" content=\"article\" \/>\n<meta property=\"og:title\" content=\"O nas - Insel M\u00f6n\" \/>\n<meta property=\"og:description\" content=\"Tw\u00f3j czas jest cenny. Wykorzystaj go na to, co naprawd\u0119 si\u0119 liczy: Czas z rodzin\u0105, na hobby, dla cia\u0142a i duszy. Czas dla Ciebie. Insel-moen.de to przewodnik po niezapomnianych chwilach na wyspie M\u00f8n. Od dzieci\u0144stwa sp\u0119dzonego w Rostocku po zjednoczeniu zawsze ci\u0105gn\u0119\u0142o mnie do Danii. Dorasta\u0142em z opowie\u015bciami o przyjaznym kraju na p\u00f3\u0142nocy i przygodach [&hellip;]\" \/>\n<meta property=\"og:url\" content=\"https:\/\/www.insel-moen.de\/pl\/o-nas\/\" \/>\n<meta property=\"og:site_name\" content=\"Insel M\u00f6n\" \/>\n<meta property=\"article:modified_time\" content=\"2024-05-16T08:16:50+00:00\" \/>\n<meta name=\"twitter:card\" content=\"summary_large_image\" \/>\n<meta name=\"twitter:label1\" content=\"Szacowany czas czytania\" \/>\n\t<meta name=\"twitter:data1\" content=\"2 minuty\" \/>\n<script type=\"application\/ld+json\" class=\"yoast-schema-graph\">{\"@context\":\"https:\/\/schema.org\",\"@graph\":[{\"@type\":\"WebPage\",\"@id\":\"https:\/\/www.insel-moen.de\/pl\/o-nas\/\",\"url\":\"https:\/\/www.insel-moen.de\/pl\/o-nas\/\",\"name\":\"O nas - Insel M\u00f6n\",\"isPartOf\":{\"@id\":\"https:\/\/www.insel-moen.de\/pl\/#website\"},\"datePublished\":\"2024-05-16T08:16:44+00:00\",\"dateModified\":\"2024-05-16T08:16:50+00:00\",\"breadcrumb\":{\"@id\":\"https:\/\/www.insel-moen.de\/pl\/o-nas\/#breadcrumb\"},\"inLanguage\":\"pl-PL\",\"potentialAction\":[{\"@type\":\"ReadAction\",\"target\":[\"https:\/\/www.insel-moen.de\/pl\/o-nas\/\"]}]},{\"@type\":\"BreadcrumbList\",\"@id\":\"https:\/\/www.insel-moen.de\/pl\/o-nas\/#breadcrumb\",\"itemListElement\":[{\"@type\":\"ListItem\",\"position\":1,\"name\":\"Startseite\",\"item\":\"https:\/\/www.insel-moen.de\/pl\/witamy-na-wyspie-moen\/\"},{\"@type\":\"ListItem\",\"position\":2,\"name\":\"O nas\"}]},{\"@type\":\"WebSite\",\"@id\":\"https:\/\/www.insel-moen.de\/pl\/#website\",\"url\":\"https:\/\/www.insel-moen.de\/pl\/\",\"name\":\"Insel M\u00f6n\",\"description\":\"INSEL M\u00d6N - Urlaub in der D\u00e4nischen S\u00fcdsee\",\"publisher\":{\"@id\":\"https:\/\/www.insel-moen.de\/pl\/#organization\"},\"potentialAction\":[{\"@type\":\"SearchAction\",\"target\":{\"@type\":\"EntryPoint\",\"urlTemplate\":\"https:\/\/www.insel-moen.de\/pl\/?s={search_term_string}\"},\"query-input\":{\"@type\":\"PropertyValueSpecification\",\"valueRequired\":true,\"valueName\":\"search_term_string\"}}],\"inLanguage\":\"pl-PL\"},{\"@type\":\"Organization\",\"@id\":\"https:\/\/www.insel-moen.de\/pl\/#organization\",\"name\":\"www.insel-moen.de\",\"url\":\"https:\/\/www.insel-moen.de\/pl\/\",\"logo\":{\"@type\":\"ImageObject\",\"inLanguage\":\"pl-PL\",\"@id\":\"https:\/\/www.insel-moen.de\/pl\/#\/schema\/logo\/image\/\",\"url\":\"https:\/\/www.insel-moen.de\/wp-content\/uploads\/2023\/08\/cropped-daenemark-logo-neu-klein.png\",\"contentUrl\":\"https:\/\/www.insel-moen.de\/wp-content\/uploads\/2023\/08\/cropped-daenemark-logo-neu-klein.png\",\"width\":100,\"height\":101,\"caption\":\"www.insel-moen.de\"},\"image\":{\"@id\":\"https:\/\/www.insel-moen.de\/pl\/#\/schema\/logo\/image\/\"}}]}<\/script>\n<!-- \/ Yoast SEO plugin. -->","yoast_head_json":{"title":"O nas - Insel M\u00f6n","robots":{"index":"index","follow":"follow","max-snippet":"max-snippet:-1","max-image-preview":"max-image-preview:large","max-video-preview":"max-video-preview:-1"},"canonical":"https:\/\/www.insel-moen.de\/pl\/o-nas\/","og_locale":"pl_PL","og_type":"article","og_title":"O nas - Insel M\u00f6n","og_description":"Tw\u00f3j czas jest cenny. Wykorzystaj go na to, co naprawd\u0119 si\u0119 liczy: Czas z rodzin\u0105, na hobby, dla cia\u0142a i duszy. Czas dla Ciebie. Insel-moen.de to przewodnik po niezapomnianych chwilach na wyspie M\u00f8n. Od dzieci\u0144stwa sp\u0119dzonego w Rostocku po zjednoczeniu zawsze ci\u0105gn\u0119\u0142o mnie do Danii. Dorasta\u0142em z opowie\u015bciami o przyjaznym kraju na p\u00f3\u0142nocy i przygodach [&hellip;]","og_url":"https:\/\/www.insel-moen.de\/pl\/o-nas\/","og_site_name":"Insel M\u00f6n","article_modified_time":"2024-05-16T08:16:50+00:00","twitter_card":"summary_large_image","twitter_misc":{"Szacowany czas czytania":"2 minuty"},"schema":{"@context":"https:\/\/schema.org","@graph":[{"@type":"WebPage","@id":"https:\/\/www.insel-moen.de\/pl\/o-nas\/","url":"https:\/\/www.insel-moen.de\/pl\/o-nas\/","name":"O nas - Insel M\u00f6n","isPartOf":{"@id":"https:\/\/www.insel-moen.de\/pl\/#website"},"datePublished":"2024-05-16T08:16:44+00:00","dateModified":"2024-05-16T08:16:50+00:00","breadcrumb":{"@id":"https:\/\/www.insel-moen.de\/pl\/o-nas\/#breadcrumb"},"inLanguage":"pl-PL","potentialAction":[{"@type":"ReadAction","target":["https:\/\/www.insel-moen.de\/pl\/o-nas\/"]}]},{"@type":"BreadcrumbList","@id":"https:\/\/www.insel-moen.de\/pl\/o-nas\/#breadcrumb","itemListElement":[{"@type":"ListItem","position":1,"name":"Startseite","item":"https:\/\/www.insel-moen.de\/pl\/witamy-na-wyspie-moen\/"},{"@type":"ListItem","position":2,"name":"O nas"}]},{"@type":"WebSite","@id":"https:\/\/www.insel-moen.de\/pl\/#website","url":"https:\/\/www.insel-moen.de\/pl\/","name":"Insel M\u00f6n","description":"INSEL M\u00d6N - Urlaub in der D\u00e4nischen S\u00fcdsee","publisher":{"@id":"https:\/\/www.insel-moen.de\/pl\/#organization"},"potentialAction":[{"@type":"SearchAction","target":{"@type":"EntryPoint","urlTemplate":"https:\/\/www.insel-moen.de\/pl\/?s={search_term_string}"},"query-input":{"@type":"PropertyValueSpecification","valueRequired":true,"valueName":"search_term_string"}}],"inLanguage":"pl-PL"},{"@type":"Organization","@id":"https:\/\/www.insel-moen.de\/pl\/#organization","name":"www.insel-moen.de","url":"https:\/\/www.insel-moen.de\/pl\/","logo":{"@type":"ImageObject","inLanguage":"pl-PL","@id":"https:\/\/www.insel-moen.de\/pl\/#\/schema\/logo\/image\/","url":"https:\/\/www.insel-moen.de\/wp-content\/uploads\/2023\/08\/cropped-daenemark-logo-neu-klein.png","contentUrl":"https:\/\/www.insel-moen.de\/wp-content\/uploads\/2023\/08\/cropped-daenemark-logo-neu-klein.png","width":100,"height":101,"caption":"www.insel-moen.de"},"image":{"@id":"https:\/\/www.insel-moen.de\/pl\/#\/schema\/logo\/image\/"}}]}},"_links":{"self":[{"href":"https:\/\/www.insel-moen.de\/pl\/wp-json\/wp\/v2\/pages\/8142","targetHints":{"allow":["GET"]}}],"collection":[{"href":"https:\/\/www.insel-moen.de\/pl\/wp-json\/wp\/v2\/pages"}],"about":[{"href":"https:\/\/www.insel-moen.de\/pl\/wp-json\/wp\/v2\/types\/page"}],"author":[{"embeddable":true,"href":"https:\/\/www.insel-moen.de\/pl\/wp-json\/wp\/v2\/users\/3"}],"replies":[{"embeddable":true,"href":"https:\/\/www.insel-moen.de\/pl\/wp-json\/wp\/v2\/comments?post=8142"}],"version-history":[{"count":3,"href":"https:\/\/www.insel-moen.de\/pl\/wp-json\/wp\/v2\/pages\/8142\/revisions"}],"predecessor-version":[{"id":8192,"href":"https:\/\/www.insel-moen.de\/pl\/wp-json\/wp\/v2\/pages\/8142\/revisions\/8192"}],"wp:attachment":[{"href":"https:\/\/www.insel-moen.de\/pl\/wp-json\/wp\/v2\/media?parent=8142"}],"curies":[{"name":"wp","href":"https:\/\/api.w.org\/{rel}","templated":true}]}}