{"id":7897,"date":"2024-05-16T08:16:21","date_gmt":"2024-05-16T08:16:21","guid":{"rendered":"https:\/\/www.insel-moen.de\/bakkelund-bed-breakfast\/"},"modified":"2024-05-16T08:17:53","modified_gmt":"2024-05-16T08:17:53","slug":"bakkelund-bed-breakfast","status":"publish","type":"page","link":"https:\/\/www.insel-moen.de\/pl\/bed-breakfast-moen-island\/bakkelund-bed-breakfast\/","title":{"rendered":"Bakkelund Bed &amp; Breakfast"},"content":{"rendered":"\n<p>Obiekt Bakkelund Bed &amp; Breakfast po\u0142o\u017cony jest na wyspie Moen w Danii. Wyspa le\u017cy na Morzu Ba\u0142tyckim i jest popularnym miejscem turystycznym. Obiekt Bed &amp; Breakfast po\u0142o\u017cony jest w malowniczej okolicy, w otoczeniu las\u00f3w i p\u00f3l. Jest to idealne miejsce na relaks i podziwianie naturalnego pi\u0119kna wyspy.<\/p>\n\n<p>Bakkelund Bed &amp; Breakfast oferuje r\u00f3\u017cnorodne opcje zakwaterowania na ka\u017cd\u0105 kiesze\u0144. Do dyspozycji Go\u015bci s\u0105 pokoje urz\u0105dzone w tradycyjnym du\u0144skim stylu. Pokoje s\u0105 przestronne i komfortowe, a ka\u017cdy z nich posiada w\u0142asn\u0105 \u0142azienk\u0119.<\/p>\n\n<p>\u015aniadanie w obiekcie Bakkelund Bed &amp; Breakfast nie ma sobie r\u00f3wnych. \u015aniadanie w formie bufetu oferuje szeroki wyb\u00f3r pysznych da\u0144, w tym \u015bwie\u017co upieczone pieczywo, wypieki, owoce i soki. Do wyboru s\u0105 r\u00f3wnie\u017c dania na ciep\u0142o i na zimno.<\/p>\n\n<p>Je\u015bli szukasz Bed &amp; Breakfast na wyspie Moen w Danii, to Bakkelund Bed &amp; Breakfast jest idealnym wyborem. Zakwaterowanie jest na wysokim poziomie, a \u015bniadanie jest wy\u015bmienite. Dzi\u0119ki idyllicznej okolicy i dogodnej lokalizacji, Bakkelund Bed &amp; Breakfast jest idealnym miejscem na kolejny pobyt w Danii.<\/p>\n\n<div class=\"wp-block-buttons is-layout-flex wp-block-buttons-is-layout-flex\">\n<div class=\"wp-block-button\"><a class=\"wp-block-button__link\" href=\"https:\/\/www.booking.com\/hotel\/dk\/bakkelund-bed-breakfast.de.html?aid=356316&amp;label=inselmoen\" target=\"_blank\" rel=\"noreferrer noopener\">Zarezerwuj nocleg w hotelu Bakkelund B&amp;B z Booking.com<\/a><\/div>\n<\/div>\n","protected":false},"excerpt":{"rendered":"<p>Obiekt Bakkelund Bed &amp; Breakfast po\u0142o\u017cony jest na wyspie Moen w Danii. Wyspa le\u017cy na Morzu Ba\u0142tyckim i jest popularnym miejscem turystycznym. Obiekt Bed &amp; Breakfast po\u0142o\u017cony jest w malowniczej okolicy, w otoczeniu las\u00f3w i p\u00f3l. Jest to idealne miejsce na relaks i podziwianie naturalnego pi\u0119kna wyspy. Bakkelund Bed &amp; Breakfast oferuje r\u00f3\u017cnorodne opcje zakwaterowania [&hellip;]<\/p>\n","protected":false},"author":3,"featured_media":7903,"parent":8417,"menu_order":0,"comment_status":"closed","ping_status":"closed","template":"","meta":{"footnotes":""},"class_list":["post-7897","page","type-page","status-publish","has-post-thumbnail","hentry"],"yoast_head":"<!-- This site is optimized with the Yoast SEO plugin v24.5 - https:\/\/yoast.com\/wordpress\/plugins\/seo\/ -->\n<title>Bakkelund Bed &amp; Breakfast - Insel M\u00f6n<\/title>\n<meta name=\"robots\" content=\"index, follow, max-snippet:-1, max-image-preview:large, max-video-preview:-1\" \/>\n<link rel=\"canonical\" href=\"https:\/\/www.insel-moen.de\/pl\/bed-breakfast-moen-island\/bakkelund-bed-breakfast\/\" \/>\n<meta property=\"og:locale\" content=\"pl_PL\" \/>\n<meta property=\"og:type\" content=\"article\" \/>\n<meta property=\"og:title\" content=\"Bakkelund Bed &amp; Breakfast - Insel M\u00f6n\" \/>\n<meta property=\"og:description\" content=\"Obiekt Bakkelund Bed &amp; Breakfast po\u0142o\u017cony jest na wyspie Moen w Danii. Wyspa le\u017cy na Morzu Ba\u0142tyckim i jest popularnym miejscem turystycznym. Obiekt Bed &amp; Breakfast po\u0142o\u017cony jest w malowniczej okolicy, w otoczeniu las\u00f3w i p\u00f3l. Jest to idealne miejsce na relaks i podziwianie naturalnego pi\u0119kna wyspy. Bakkelund Bed &amp; Breakfast oferuje r\u00f3\u017cnorodne opcje zakwaterowania [&hellip;]\" \/>\n<meta property=\"og:url\" content=\"https:\/\/www.insel-moen.de\/pl\/bed-breakfast-moen-island\/bakkelund-bed-breakfast\/\" \/>\n<meta property=\"og:site_name\" content=\"Insel M\u00f6n\" \/>\n<meta property=\"article:modified_time\" content=\"2024-05-16T08:17:53+00:00\" \/>\n<meta property=\"og:image\" content=\"https:\/\/www.insel-moen.de\/wp-content\/uploads\/2022\/08\/bakkelund-Bed-Breakfast-moen.jpg\" \/>\n\t<meta property=\"og:image:width\" content=\"1200\" \/>\n\t<meta property=\"og:image:height\" content=\"900\" \/>\n\t<meta property=\"og:image:type\" content=\"image\/jpeg\" \/>\n<meta name=\"twitter:card\" content=\"summary_large_image\" \/>\n<meta name=\"twitter:label1\" content=\"Szacowany czas czytania\" \/>\n\t<meta name=\"twitter:data1\" content=\"1 minuta\" \/>\n<script type=\"application\/ld+json\" class=\"yoast-schema-graph\">{\"@context\":\"https:\/\/schema.org\",\"@graph\":[{\"@type\":\"WebPage\",\"@id\":\"https:\/\/www.insel-moen.de\/pl\/bed-breakfast-moen-island\/bakkelund-bed-breakfast\/\",\"url\":\"https:\/\/www.insel-moen.de\/pl\/bed-breakfast-moen-island\/bakkelund-bed-breakfast\/\",\"name\":\"Bakkelund Bed &amp; Breakfast - Insel M\u00f6n\",\"isPartOf\":{\"@id\":\"https:\/\/www.insel-moen.de\/pl\/#website\"},\"primaryImageOfPage\":{\"@id\":\"https:\/\/www.insel-moen.de\/pl\/bed-breakfast-moen-island\/bakkelund-bed-breakfast\/#primaryimage\"},\"image\":{\"@id\":\"https:\/\/www.insel-moen.de\/pl\/bed-breakfast-moen-island\/bakkelund-bed-breakfast\/#primaryimage\"},\"thumbnailUrl\":\"https:\/\/www.insel-moen.de\/wp-content\/uploads\/2022\/08\/bakkelund-Bed-Breakfast-moen.jpg\",\"datePublished\":\"2024-05-16T08:16:21+00:00\",\"dateModified\":\"2024-05-16T08:17:53+00:00\",\"breadcrumb\":{\"@id\":\"https:\/\/www.insel-moen.de\/pl\/bed-breakfast-moen-island\/bakkelund-bed-breakfast\/#breadcrumb\"},\"inLanguage\":\"pl-PL\",\"potentialAction\":[{\"@type\":\"ReadAction\",\"target\":[\"https:\/\/www.insel-moen.de\/pl\/bed-breakfast-moen-island\/bakkelund-bed-breakfast\/\"]}]},{\"@type\":\"ImageObject\",\"inLanguage\":\"pl-PL\",\"@id\":\"https:\/\/www.insel-moen.de\/pl\/bed-breakfast-moen-island\/bakkelund-bed-breakfast\/#primaryimage\",\"url\":\"https:\/\/www.insel-moen.de\/wp-content\/uploads\/2022\/08\/bakkelund-Bed-Breakfast-moen.jpg\",\"contentUrl\":\"https:\/\/www.insel-moen.de\/wp-content\/uploads\/2022\/08\/bakkelund-Bed-Breakfast-moen.jpg\",\"width\":1200,\"height\":900},{\"@type\":\"BreadcrumbList\",\"@id\":\"https:\/\/www.insel-moen.de\/pl\/bed-breakfast-moen-island\/bakkelund-bed-breakfast\/#breadcrumb\",\"itemListElement\":[{\"@type\":\"ListItem\",\"position\":1,\"name\":\"Startseite\",\"item\":\"https:\/\/www.insel-moen.de\/pl\/witamy-na-wyspie-moen\/\"},{\"@type\":\"ListItem\",\"position\":2,\"name\":\"Bed &amp; Breakfast M\u00f6n Island\",\"item\":\"https:\/\/www.insel-moen.de\/pl\/bed-breakfast-moen-island\/\"},{\"@type\":\"ListItem\",\"position\":3,\"name\":\"Bakkelund Bed &amp; Breakfast\"}]},{\"@type\":\"WebSite\",\"@id\":\"https:\/\/www.insel-moen.de\/pl\/#website\",\"url\":\"https:\/\/www.insel-moen.de\/pl\/\",\"name\":\"Insel M\u00f6n\",\"description\":\"INSEL M\u00d6N - Urlaub in der D\u00e4nischen S\u00fcdsee\",\"publisher\":{\"@id\":\"https:\/\/www.insel-moen.de\/pl\/#organization\"},\"potentialAction\":[{\"@type\":\"SearchAction\",\"target\":{\"@type\":\"EntryPoint\",\"urlTemplate\":\"https:\/\/www.insel-moen.de\/pl\/?s={search_term_string}\"},\"query-input\":{\"@type\":\"PropertyValueSpecification\",\"valueRequired\":true,\"valueName\":\"search_term_string\"}}],\"inLanguage\":\"pl-PL\"},{\"@type\":\"Organization\",\"@id\":\"https:\/\/www.insel-moen.de\/pl\/#organization\",\"name\":\"www.insel-moen.de\",\"url\":\"https:\/\/www.insel-moen.de\/pl\/\",\"logo\":{\"@type\":\"ImageObject\",\"inLanguage\":\"pl-PL\",\"@id\":\"https:\/\/www.insel-moen.de\/pl\/#\/schema\/logo\/image\/\",\"url\":\"https:\/\/www.insel-moen.de\/wp-content\/uploads\/2023\/08\/cropped-daenemark-logo-neu-klein.png\",\"contentUrl\":\"https:\/\/www.insel-moen.de\/wp-content\/uploads\/2023\/08\/cropped-daenemark-logo-neu-klein.png\",\"width\":100,\"height\":101,\"caption\":\"www.insel-moen.de\"},\"image\":{\"@id\":\"https:\/\/www.insel-moen.de\/pl\/#\/schema\/logo\/image\/\"}}]}<\/script>\n<!-- \/ Yoast SEO plugin. -->","yoast_head_json":{"title":"Bakkelund Bed &amp; Breakfast - Insel M\u00f6n","robots":{"index":"index","follow":"follow","max-snippet":"max-snippet:-1","max-image-preview":"max-image-preview:large","max-video-preview":"max-video-preview:-1"},"canonical":"https:\/\/www.insel-moen.de\/pl\/bed-breakfast-moen-island\/bakkelund-bed-breakfast\/","og_locale":"pl_PL","og_type":"article","og_title":"Bakkelund Bed &amp; Breakfast - Insel M\u00f6n","og_description":"Obiekt Bakkelund Bed &amp; Breakfast po\u0142o\u017cony jest na wyspie Moen w Danii. Wyspa le\u017cy na Morzu Ba\u0142tyckim i jest popularnym miejscem turystycznym. Obiekt Bed &amp; Breakfast po\u0142o\u017cony jest w malowniczej okolicy, w otoczeniu las\u00f3w i p\u00f3l. Jest to idealne miejsce na relaks i podziwianie naturalnego pi\u0119kna wyspy. Bakkelund Bed &amp; Breakfast oferuje r\u00f3\u017cnorodne opcje zakwaterowania [&hellip;]","og_url":"https:\/\/www.insel-moen.de\/pl\/bed-breakfast-moen-island\/bakkelund-bed-breakfast\/","og_site_name":"Insel M\u00f6n","article_modified_time":"2024-05-16T08:17:53+00:00","og_image":[{"width":1200,"height":900,"url":"https:\/\/www.insel-moen.de\/wp-content\/uploads\/2022\/08\/bakkelund-Bed-Breakfast-moen.jpg","type":"image\/jpeg"}],"twitter_card":"summary_large_image","twitter_misc":{"Szacowany czas czytania":"1 minuta"},"schema":{"@context":"https:\/\/schema.org","@graph":[{"@type":"WebPage","@id":"https:\/\/www.insel-moen.de\/pl\/bed-breakfast-moen-island\/bakkelund-bed-breakfast\/","url":"https:\/\/www.insel-moen.de\/pl\/bed-breakfast-moen-island\/bakkelund-bed-breakfast\/","name":"Bakkelund Bed &amp; Breakfast - Insel M\u00f6n","isPartOf":{"@id":"https:\/\/www.insel-moen.de\/pl\/#website"},"primaryImageOfPage":{"@id":"https:\/\/www.insel-moen.de\/pl\/bed-breakfast-moen-island\/bakkelund-bed-breakfast\/#primaryimage"},"image":{"@id":"https:\/\/www.insel-moen.de\/pl\/bed-breakfast-moen-island\/bakkelund-bed-breakfast\/#primaryimage"},"thumbnailUrl":"https:\/\/www.insel-moen.de\/wp-content\/uploads\/2022\/08\/bakkelund-Bed-Breakfast-moen.jpg","datePublished":"2024-05-16T08:16:21+00:00","dateModified":"2024-05-16T08:17:53+00:00","breadcrumb":{"@id":"https:\/\/www.insel-moen.de\/pl\/bed-breakfast-moen-island\/bakkelund-bed-breakfast\/#breadcrumb"},"inLanguage":"pl-PL","potentialAction":[{"@type":"ReadAction","target":["https:\/\/www.insel-moen.de\/pl\/bed-breakfast-moen-island\/bakkelund-bed-breakfast\/"]}]},{"@type":"ImageObject","inLanguage":"pl-PL","@id":"https:\/\/www.insel-moen.de\/pl\/bed-breakfast-moen-island\/bakkelund-bed-breakfast\/#primaryimage","url":"https:\/\/www.insel-moen.de\/wp-content\/uploads\/2022\/08\/bakkelund-Bed-Breakfast-moen.jpg","contentUrl":"https:\/\/www.insel-moen.de\/wp-content\/uploads\/2022\/08\/bakkelund-Bed-Breakfast-moen.jpg","width":1200,"height":900},{"@type":"BreadcrumbList","@id":"https:\/\/www.insel-moen.de\/pl\/bed-breakfast-moen-island\/bakkelund-bed-breakfast\/#breadcrumb","itemListElement":[{"@type":"ListItem","position":1,"name":"Startseite","item":"https:\/\/www.insel-moen.de\/pl\/witamy-na-wyspie-moen\/"},{"@type":"ListItem","position":2,"name":"Bed &amp; Breakfast M\u00f6n Island","item":"https:\/\/www.insel-moen.de\/pl\/bed-breakfast-moen-island\/"},{"@type":"ListItem","position":3,"name":"Bakkelund Bed &amp; Breakfast"}]},{"@type":"WebSite","@id":"https:\/\/www.insel-moen.de\/pl\/#website","url":"https:\/\/www.insel-moen.de\/pl\/","name":"Insel M\u00f6n","description":"INSEL M\u00d6N - Urlaub in der D\u00e4nischen S\u00fcdsee","publisher":{"@id":"https:\/\/www.insel-moen.de\/pl\/#organization"},"potentialAction":[{"@type":"SearchAction","target":{"@type":"EntryPoint","urlTemplate":"https:\/\/www.insel-moen.de\/pl\/?s={search_term_string}"},"query-input":{"@type":"PropertyValueSpecification","valueRequired":true,"valueName":"search_term_string"}}],"inLanguage":"pl-PL"},{"@type":"Organization","@id":"https:\/\/www.insel-moen.de\/pl\/#organization","name":"www.insel-moen.de","url":"https:\/\/www.insel-moen.de\/pl\/","logo":{"@type":"ImageObject","inLanguage":"pl-PL","@id":"https:\/\/www.insel-moen.de\/pl\/#\/schema\/logo\/image\/","url":"https:\/\/www.insel-moen.de\/wp-content\/uploads\/2023\/08\/cropped-daenemark-logo-neu-klein.png","contentUrl":"https:\/\/www.insel-moen.de\/wp-content\/uploads\/2023\/08\/cropped-daenemark-logo-neu-klein.png","width":100,"height":101,"caption":"www.insel-moen.de"},"image":{"@id":"https:\/\/www.insel-moen.de\/pl\/#\/schema\/logo\/image\/"}}]}},"_links":{"self":[{"href":"https:\/\/www.insel-moen.de\/pl\/wp-json\/wp\/v2\/pages\/7897","targetHints":{"allow":["GET"]}}],"collection":[{"href":"https:\/\/www.insel-moen.de\/pl\/wp-json\/wp\/v2\/pages"}],"about":[{"href":"https:\/\/www.insel-moen.de\/pl\/wp-json\/wp\/v2\/types\/page"}],"author":[{"embeddable":true,"href":"https:\/\/www.insel-moen.de\/pl\/wp-json\/wp\/v2\/users\/3"}],"replies":[{"embeddable":true,"href":"https:\/\/www.insel-moen.de\/pl\/wp-json\/wp\/v2\/comments?post=7897"}],"version-history":[{"count":3,"href":"https:\/\/www.insel-moen.de\/pl\/wp-json\/wp\/v2\/pages\/7897\/revisions"}],"predecessor-version":[{"id":8003,"href":"https:\/\/www.insel-moen.de\/pl\/wp-json\/wp\/v2\/pages\/7897\/revisions\/8003"}],"up":[{"embeddable":true,"href":"https:\/\/www.insel-moen.de\/pl\/wp-json\/wp\/v2\/pages\/8417"}],"wp:featuredmedia":[{"embeddable":true,"href":"https:\/\/www.insel-moen.de\/pl\/wp-json\/wp\/v2\/media\/7903"}],"wp:attachment":[{"href":"https:\/\/www.insel-moen.de\/pl\/wp-json\/wp\/v2\/media?parent=7897"}],"curies":[{"name":"wp","href":"https:\/\/api.w.org\/{rel}","templated":true}]}}