{"id":7884,"date":"2024-05-16T08:16:20","date_gmt":"2024-05-16T08:16:20","guid":{"rendered":"https:\/\/www.insel-moen.de\/klintholm-havn\/"},"modified":"2024-05-25T09:01:55","modified_gmt":"2024-05-25T09:01:55","slug":"klintholm-havn","status":"publish","type":"page","link":"https:\/\/www.insel-moen.de\/pl\/miejsca-na-wyspie-moen\/klintholm-havn\/","title":{"rendered":"Klintholm Havn"},"content":{"rendered":"\n<p>Klintholm Havn znajduje si\u0119 niedaleko M\u00f6ns Klint. Jest to ma\u0142e stare miasto na wybrze\u017cu Ba\u0142tyku z portem rybackim i nowoczesn\u0105 marin\u0105. Bezpo\u015brednio na lewo od Klintholm Havn znajduje si\u0119 pi\u0119kna piaszczysta pla\u017ca, kt\u00f3ra doskonale nadaje si\u0119 do p\u0142ywania i opalania. Piasek nie jest ca\u0142kowicie bia\u0142y, ale nadal \u015bwietny.<\/p>\n\n<div style=\"width: 100%\" id=\"c24pp-holidayhome_dk-iframe\" data-q=\"Borre\"><\/div><script src=\"https:\/\/files.check24.net\/widgets\/auto\/124552\/c24pp-holidayhome_dk-iframe\/holidayhome-iframe.js\"><\/script>\n<p>Wielu Niemc\u00f3w korzysta z mariny podczas rejs\u00f3w po Morzu Ba\u0142tyckim lub stacjonuje tu swoje jachty. Na przystani znajduj\u0105 si\u0119 publiczne toalety i prysznice.<\/p>\n\n<p>Port Klintholm jest obecnie aktywnym portem rybackim i popularnym miejscem turystycznym z kilkoma restauracjami i galeriami sztuki. Ma kilka atrakcji, takich jak du\u017ca przysta\u0144, dwie piaszczyste pla\u017ce, supermarket i sklep ze \u015bwie\u017cymi rybami, kt\u00f3ry oferuje dost\u0119p do wszystkich p\u0142yw\u00f3w, nawet przy silnym wietrze.<\/p>\n\n<h2 class=\"wp-block-heading\">\u017bywno\u015b\u0107<\/h2>\n\n<figure class=\"wp-block-image size-full\"><a href=\"https:\/\/www.insel-moen.de\/wp-content\/uploads\/2024\/03\/klintholm-restaurant.jpg\"><img loading=\"lazy\" decoding=\"async\" width=\"1280\" height=\"917\" src=\"https:\/\/www.insel-moen.de\/wp-content\/uploads\/2024\/03\/klintholm-restaurant.jpg\" alt=\"Jedzenie i restauracje w mie&#x15B;cie Klintholm Havn\" class=\"wp-image-7188\" srcset=\"https:\/\/www.insel-moen.de\/wp-content\/uploads\/2024\/03\/klintholm-restaurant.jpg 1280w, https:\/\/www.insel-moen.de\/wp-content\/uploads\/2024\/03\/klintholm-restaurant-300x215.jpg 300w, https:\/\/www.insel-moen.de\/wp-content\/uploads\/2024\/03\/klintholm-restaurant-1024x734.jpg 1024w, https:\/\/www.insel-moen.de\/wp-content\/uploads\/2024\/03\/klintholm-restaurant-768x550.jpg 768w, https:\/\/www.insel-moen.de\/wp-content\/uploads\/2024\/03\/klintholm-restaurant-810x580.jpg 810w, https:\/\/www.insel-moen.de\/wp-content\/uploads\/2024\/03\/klintholm-restaurant-1200x860.jpg 1200w\" sizes=\"auto, (max-width: 1280px) 100vw, 1280px\" \/><\/a><\/figure>\n<p><strong>Restauracja Klintholm Havn<\/strong><\/p>\n\n<p>Restauracja mie\u015bci si\u0119 w przebudowanym XVIII-wiecznym magazynie i dysponuje du\u017cym tarasem z widokiem na port. Menu obejmuje tradycyjne du\u0144skie potrawy, takie jak \u015bled\u017a, w\u0119dzony \u0142oso\u015b i marynowane warzywa, a tak\u017ce r\u00f3\u017cnorodne dania rybne. Restauracja oferuje tak\u017ce du\u017cy wyb\u00f3r win i piw oraz du\u0144skich wypiek\u00f3w i deser\u00f3w.<\/p>\n\n<p>Klintholm Rogeri jest r\u00f3wnie\u017c zalecany. Mo\u017cna tu skosztowa\u0107 \u015bwie\u017co w\u0119dzonych ryb i zimnego piwa Carlsberg. Mo\u017cna tu r\u00f3wnie\u017c urz\u0105dzi\u0107 wspania\u0142y piknik na drewnianych \u0142awkach.<\/p>\n\n<p>Z naszego punktu widzenia nie jest \u017ale wybra\u0107 si\u0119 tu na wakacje, poniewa\u017c marina oferuje \u015bwietne zakwaterowanie tu\u017c nad wod\u0105. G\u0142\u00f3wne zabytki wyspy M\u00f6n r\u00f3wnie\u017c znajduj\u0105 si\u0119 w bezpo\u015brednim s\u0105siedztwie.<\/p>\n\n<h2 class=\"wp-block-heading\">Okolice Klintholm Havn<\/h2>\n\n<p>Ostm\u00f8n to spokojna, pag\u00f3rkowata okolica z mieszanym rolnictwem. Na wschodzie teren wznosi si\u0119 do zalesionego parku przyrody, kt\u00f3ry prowadzi do kredowych klif\u00f3w M\u00f8n. Wyst\u0119puje tu wiele gatunk\u00f3w ptak\u00f3w l\u0105dowych i morskich, zw\u0142aszcza jask\u00f3\u0142ek i \u0142ab\u0119dzi, a w\u015br\u00f3d najcz\u0119\u015bciej spotykanych gatunk\u00f3w s\u0105 dzikie jelenie, wiewi\u00f3rki, zaj\u0105ce i lisy. Przeczytaj artyku\u0142 o M\u00f8ns Klint, aby uzyska\u0107 wi\u0119cej informacji o rzadszych gatunkach, kt\u00f3re mo\u017cna zobaczy\u0107 w okolicy.<\/p>\n\n<h2 class=\"wp-block-heading\">Klimat w Klintholm Havn<\/h2>\n\n<p>M\u00f8n ma stosunkowo \u0142agodny klimat w por\u00f3wnaniu z reszt\u0105 Danii. Dane Du\u0144skiego Instytutu Meteorologicznego[4] pokazuj\u0105, \u017ce \u015brednie wysokie temperatury latem wynosz\u0105 od 19\u00b0C do 26\u00b0C, podczas gdy \u015brednie dzienne temperatury zim\u0105 oscyluj\u0105 wok\u00f3\u0142 punktu zamarzania. Ilo\u015b\u0107 opad\u00f3w rzadko przekracza 10 dni w miesi\u0105cu.<\/p>\n\n<figure class=\"wp-block-embed is-type-video is-provider-youtube wp-block-embed-youtube wp-embed-aspect-16-9 wp-has-aspect-ratio\"><div class=\"wp-block-embed__wrapper\">\n<iframe loading=\"lazy\" title=\"Strand von Klintholm Havn auf der Insel M\u00f6n\" width=\"580\" height=\"326\" src=\"https:\/\/www.youtube.com\/embed\/6ZN96Xosx2A?feature=oembed\" frameborder=\"0\" allow=\"accelerometer; autoplay; clipboard-write; encrypted-media; gyroscope; picture-in-picture; web-share\" referrerpolicy=\"strict-origin-when-cross-origin\" allowfullscreen><\/iframe>\n<\/div><figcaption class=\"wp-element-caption\">Pla\u017ca w Klintholm Kavn<\/figcaption><\/figure>\n\n<p>Letnie dni s\u0105 d\u0142ugie i jasne, z oko\u0142o 17 godzinami \u015bwiat\u0142a dziennego, podczas gdy dni w zimie s\u0105 kr\u00f3tkie i cz\u0119sto do\u015b\u0107 nudne.<\/p>\n\n<p>Ze wzgl\u0119du na niewielk\u0105 g\u0142\u0119boko\u015b\u0107 Morza Ba\u0142tyckiego, temperatura morza mo\u017ce wzrosn\u0105\u0107 do oko\u0142o 20\u00b0C w miesi\u0105cach letnich. A w wyj\u0105tkowo mro\u017ane zimy, cz\u0119\u015bciowo ze wzgl\u0119du na nisk\u0105 zawarto\u015b\u0107 soli w Morzu Ba\u0142tyckim, woda morska r\u00f3wnie\u017c zamarza.<\/p>\n\n<h2 class=\"wp-block-heading\">Koniec II wojny \u015bwiatowej w Klintholm Havn<\/h2>\n\n<p>5 maja 1945 r., w dniu wyzwolenia Danii spod okupacji niemieckiej podczas II wojny \u015bwiatowej, do Klintholm Havn przyby\u0142a barka przewo\u017c\u0105ca 370 wyg\u0142odzonych wi\u0119\u017ani\u00f3w z obozu koncentracyjnego Stutthof niedaleko Gda\u0144ska. Wi\u0119\u017aniowie obozu koncentracyjnego zmusili wi\u0119\u017ani\u00f3w do wej\u015bcia na bark\u0119 i pozwolili im dryfowa\u0107 po Morzu Ba\u0142tyckim. Niemiecki holownik w ko\u0144cu wprowadzi\u0142 bark\u0119 do portu<\/p>\n\n<p><span><br\/><\/span><\/p>\n\n<p>Zdj\u0119cia: Wisdom, \u00a9 Kim Wyon<\/p>\n\n<figure id=\"metaInfo\" class=\"wp-block-table\"><table><tbody><tr><td><\/td><\/tr><\/tbody><\/table><\/figure>","protected":false},"excerpt":{"rendered":"<p>Klintholm Havn znajduje si\u0119 niedaleko M\u00f6ns Klint. Jest to ma\u0142e stare miasto na wybrze\u017cu Ba\u0142tyku z portem rybackim i nowoczesn\u0105 marin\u0105. Bezpo\u015brednio na lewo od Klintholm Havn znajduje si\u0119 pi\u0119kna piaszczysta pla\u017ca, kt\u00f3ra doskonale nadaje si\u0119 do p\u0142ywania i opalania. Piasek nie jest ca\u0142kowicie bia\u0142y, ale nadal \u015bwietny. Wielu Niemc\u00f3w korzysta z mariny podczas rejs\u00f3w [&hellip;]<\/p>\n","protected":false},"author":3,"featured_media":7898,"parent":8552,"menu_order":0,"comment_status":"closed","ping_status":"closed","template":"templates\/template-full-width.php","meta":{"footnotes":""},"class_list":["post-7884","page","type-page","status-publish","has-post-thumbnail","hentry"],"yoast_head":"<!-- This site is optimized with the Yoast SEO plugin v24.5 - https:\/\/yoast.com\/wordpress\/plugins\/seo\/ -->\n<title>Klintholm Havn - Insel M\u00f6n<\/title>\n<meta name=\"description\" content=\"Odwied\u017a Klintholm Havn w pobli\u017cu M\u00f6ns Klint, aby do\u015bwiadczy\u0107 wyj\u0105tkowych wra\u017ce\u0144 nad Morzem Ba\u0142tyckim. Ciesz si\u0119 pi\u0119knymi pla\u017cami, nowoczesn\u0105 przystani\u0105, \u015bwie\u017cymi rybami, sztuk\u0105 i wieloma innymi atrakcjami. Idealny dla \u017ceglarzy i mi\u0142o\u015bnik\u00f3w pla\u017cy.\" \/>\n<meta name=\"robots\" content=\"index, follow, max-snippet:-1, max-image-preview:large, max-video-preview:-1\" \/>\n<link rel=\"canonical\" href=\"https:\/\/www.insel-moen.de\/pl\/miejsca-na-wyspie-moen\/klintholm-havn\/\" \/>\n<meta property=\"og:locale\" content=\"pl_PL\" \/>\n<meta property=\"og:type\" content=\"article\" \/>\n<meta property=\"og:title\" content=\"Klintholm Havn - Insel M\u00f6n\" \/>\n<meta property=\"og:description\" content=\"Odwied\u017a Klintholm Havn w pobli\u017cu M\u00f6ns Klint, aby do\u015bwiadczy\u0107 wyj\u0105tkowych wra\u017ce\u0144 nad Morzem Ba\u0142tyckim. Ciesz si\u0119 pi\u0119knymi pla\u017cami, nowoczesn\u0105 przystani\u0105, \u015bwie\u017cymi rybami, sztuk\u0105 i wieloma innymi atrakcjami. Idealny dla \u017ceglarzy i mi\u0142o\u015bnik\u00f3w pla\u017cy.\" \/>\n<meta property=\"og:url\" content=\"https:\/\/www.insel-moen.de\/pl\/miejsca-na-wyspie-moen\/klintholm-havn\/\" \/>\n<meta property=\"og:site_name\" content=\"Insel M\u00f6n\" \/>\n<meta property=\"article:modified_time\" content=\"2024-05-25T09:01:55+00:00\" \/>\n<meta property=\"og:image\" content=\"https:\/\/www.insel-moen.de\/wp-content\/uploads\/2023\/07\/klintholm-havn.jpg\" \/>\n\t<meta property=\"og:image:width\" content=\"1200\" \/>\n\t<meta property=\"og:image:height\" content=\"800\" \/>\n\t<meta property=\"og:image:type\" content=\"image\/jpeg\" \/>\n<meta name=\"twitter:card\" content=\"summary_large_image\" \/>\n<meta name=\"twitter:label1\" content=\"Szacowany czas czytania\" \/>\n\t<meta name=\"twitter:data1\" content=\"3 minuty\" \/>\n<script type=\"application\/ld+json\" class=\"yoast-schema-graph\">{\"@context\":\"https:\/\/schema.org\",\"@graph\":[{\"@type\":\"WebPage\",\"@id\":\"https:\/\/www.insel-moen.de\/pl\/miejsca-na-wyspie-moen\/klintholm-havn\/\",\"url\":\"https:\/\/www.insel-moen.de\/pl\/miejsca-na-wyspie-moen\/klintholm-havn\/\",\"name\":\"Klintholm Havn - Insel M\u00f6n\",\"isPartOf\":{\"@id\":\"https:\/\/www.insel-moen.de\/pl\/#website\"},\"primaryImageOfPage\":{\"@id\":\"https:\/\/www.insel-moen.de\/pl\/miejsca-na-wyspie-moen\/klintholm-havn\/#primaryimage\"},\"image\":{\"@id\":\"https:\/\/www.insel-moen.de\/pl\/miejsca-na-wyspie-moen\/klintholm-havn\/#primaryimage\"},\"thumbnailUrl\":\"https:\/\/www.insel-moen.de\/wp-content\/uploads\/2023\/07\/klintholm-havn.jpg\",\"datePublished\":\"2024-05-16T08:16:20+00:00\",\"dateModified\":\"2024-05-25T09:01:55+00:00\",\"description\":\"Odwied\u017a Klintholm Havn w pobli\u017cu M\u00f6ns Klint, aby do\u015bwiadczy\u0107 wyj\u0105tkowych wra\u017ce\u0144 nad Morzem Ba\u0142tyckim. Ciesz si\u0119 pi\u0119knymi pla\u017cami, nowoczesn\u0105 przystani\u0105, \u015bwie\u017cymi rybami, sztuk\u0105 i wieloma innymi atrakcjami. Idealny dla \u017ceglarzy i mi\u0142o\u015bnik\u00f3w pla\u017cy.\",\"breadcrumb\":{\"@id\":\"https:\/\/www.insel-moen.de\/pl\/miejsca-na-wyspie-moen\/klintholm-havn\/#breadcrumb\"},\"inLanguage\":\"pl-PL\",\"potentialAction\":[{\"@type\":\"ReadAction\",\"target\":[\"https:\/\/www.insel-moen.de\/pl\/miejsca-na-wyspie-moen\/klintholm-havn\/\"]}]},{\"@type\":\"ImageObject\",\"inLanguage\":\"pl-PL\",\"@id\":\"https:\/\/www.insel-moen.de\/pl\/miejsca-na-wyspie-moen\/klintholm-havn\/#primaryimage\",\"url\":\"https:\/\/www.insel-moen.de\/wp-content\/uploads\/2023\/07\/klintholm-havn.jpg\",\"contentUrl\":\"https:\/\/www.insel-moen.de\/wp-content\/uploads\/2023\/07\/klintholm-havn.jpg\",\"width\":1200,\"height\":800},{\"@type\":\"BreadcrumbList\",\"@id\":\"https:\/\/www.insel-moen.de\/pl\/miejsca-na-wyspie-moen\/klintholm-havn\/#breadcrumb\",\"itemListElement\":[{\"@type\":\"ListItem\",\"position\":1,\"name\":\"Startseite\",\"item\":\"https:\/\/www.insel-moen.de\/pl\/witamy-na-wyspie-moen\/\"},{\"@type\":\"ListItem\",\"position\":2,\"name\":\"Miejsca na wyspie M\u00f6n\",\"item\":\"https:\/\/www.insel-moen.de\/pl\/miejsca-na-wyspie-moen\/\"},{\"@type\":\"ListItem\",\"position\":3,\"name\":\"Klintholm Havn\"}]},{\"@type\":\"WebSite\",\"@id\":\"https:\/\/www.insel-moen.de\/pl\/#website\",\"url\":\"https:\/\/www.insel-moen.de\/pl\/\",\"name\":\"Insel M\u00f6n\",\"description\":\"INSEL M\u00d6N - Urlaub in der D\u00e4nischen S\u00fcdsee\",\"publisher\":{\"@id\":\"https:\/\/www.insel-moen.de\/pl\/#organization\"},\"potentialAction\":[{\"@type\":\"SearchAction\",\"target\":{\"@type\":\"EntryPoint\",\"urlTemplate\":\"https:\/\/www.insel-moen.de\/pl\/?s={search_term_string}\"},\"query-input\":{\"@type\":\"PropertyValueSpecification\",\"valueRequired\":true,\"valueName\":\"search_term_string\"}}],\"inLanguage\":\"pl-PL\"},{\"@type\":\"Organization\",\"@id\":\"https:\/\/www.insel-moen.de\/pl\/#organization\",\"name\":\"www.insel-moen.de\",\"url\":\"https:\/\/www.insel-moen.de\/pl\/\",\"logo\":{\"@type\":\"ImageObject\",\"inLanguage\":\"pl-PL\",\"@id\":\"https:\/\/www.insel-moen.de\/pl\/#\/schema\/logo\/image\/\",\"url\":\"https:\/\/www.insel-moen.de\/wp-content\/uploads\/2023\/08\/cropped-daenemark-logo-neu-klein.png\",\"contentUrl\":\"https:\/\/www.insel-moen.de\/wp-content\/uploads\/2023\/08\/cropped-daenemark-logo-neu-klein.png\",\"width\":100,\"height\":101,\"caption\":\"www.insel-moen.de\"},\"image\":{\"@id\":\"https:\/\/www.insel-moen.de\/pl\/#\/schema\/logo\/image\/\"}}]}<\/script>\n<!-- \/ Yoast SEO plugin. -->","yoast_head_json":{"title":"Klintholm Havn - Insel M\u00f6n","description":"Odwied\u017a Klintholm Havn w pobli\u017cu M\u00f6ns Klint, aby do\u015bwiadczy\u0107 wyj\u0105tkowych wra\u017ce\u0144 nad Morzem Ba\u0142tyckim. Ciesz si\u0119 pi\u0119knymi pla\u017cami, nowoczesn\u0105 przystani\u0105, \u015bwie\u017cymi rybami, sztuk\u0105 i wieloma innymi atrakcjami. Idealny dla \u017ceglarzy i mi\u0142o\u015bnik\u00f3w pla\u017cy.","robots":{"index":"index","follow":"follow","max-snippet":"max-snippet:-1","max-image-preview":"max-image-preview:large","max-video-preview":"max-video-preview:-1"},"canonical":"https:\/\/www.insel-moen.de\/pl\/miejsca-na-wyspie-moen\/klintholm-havn\/","og_locale":"pl_PL","og_type":"article","og_title":"Klintholm Havn - Insel M\u00f6n","og_description":"Odwied\u017a Klintholm Havn w pobli\u017cu M\u00f6ns Klint, aby do\u015bwiadczy\u0107 wyj\u0105tkowych wra\u017ce\u0144 nad Morzem Ba\u0142tyckim. Ciesz si\u0119 pi\u0119knymi pla\u017cami, nowoczesn\u0105 przystani\u0105, \u015bwie\u017cymi rybami, sztuk\u0105 i wieloma innymi atrakcjami. Idealny dla \u017ceglarzy i mi\u0142o\u015bnik\u00f3w pla\u017cy.","og_url":"https:\/\/www.insel-moen.de\/pl\/miejsca-na-wyspie-moen\/klintholm-havn\/","og_site_name":"Insel M\u00f6n","article_modified_time":"2024-05-25T09:01:55+00:00","og_image":[{"width":1200,"height":800,"url":"https:\/\/www.insel-moen.de\/wp-content\/uploads\/2023\/07\/klintholm-havn.jpg","type":"image\/jpeg"}],"twitter_card":"summary_large_image","twitter_misc":{"Szacowany czas czytania":"3 minuty"},"schema":{"@context":"https:\/\/schema.org","@graph":[{"@type":"WebPage","@id":"https:\/\/www.insel-moen.de\/pl\/miejsca-na-wyspie-moen\/klintholm-havn\/","url":"https:\/\/www.insel-moen.de\/pl\/miejsca-na-wyspie-moen\/klintholm-havn\/","name":"Klintholm Havn - Insel M\u00f6n","isPartOf":{"@id":"https:\/\/www.insel-moen.de\/pl\/#website"},"primaryImageOfPage":{"@id":"https:\/\/www.insel-moen.de\/pl\/miejsca-na-wyspie-moen\/klintholm-havn\/#primaryimage"},"image":{"@id":"https:\/\/www.insel-moen.de\/pl\/miejsca-na-wyspie-moen\/klintholm-havn\/#primaryimage"},"thumbnailUrl":"https:\/\/www.insel-moen.de\/wp-content\/uploads\/2023\/07\/klintholm-havn.jpg","datePublished":"2024-05-16T08:16:20+00:00","dateModified":"2024-05-25T09:01:55+00:00","description":"Odwied\u017a Klintholm Havn w pobli\u017cu M\u00f6ns Klint, aby do\u015bwiadczy\u0107 wyj\u0105tkowych wra\u017ce\u0144 nad Morzem Ba\u0142tyckim. Ciesz si\u0119 pi\u0119knymi pla\u017cami, nowoczesn\u0105 przystani\u0105, \u015bwie\u017cymi rybami, sztuk\u0105 i wieloma innymi atrakcjami. Idealny dla \u017ceglarzy i mi\u0142o\u015bnik\u00f3w pla\u017cy.","breadcrumb":{"@id":"https:\/\/www.insel-moen.de\/pl\/miejsca-na-wyspie-moen\/klintholm-havn\/#breadcrumb"},"inLanguage":"pl-PL","potentialAction":[{"@type":"ReadAction","target":["https:\/\/www.insel-moen.de\/pl\/miejsca-na-wyspie-moen\/klintholm-havn\/"]}]},{"@type":"ImageObject","inLanguage":"pl-PL","@id":"https:\/\/www.insel-moen.de\/pl\/miejsca-na-wyspie-moen\/klintholm-havn\/#primaryimage","url":"https:\/\/www.insel-moen.de\/wp-content\/uploads\/2023\/07\/klintholm-havn.jpg","contentUrl":"https:\/\/www.insel-moen.de\/wp-content\/uploads\/2023\/07\/klintholm-havn.jpg","width":1200,"height":800},{"@type":"BreadcrumbList","@id":"https:\/\/www.insel-moen.de\/pl\/miejsca-na-wyspie-moen\/klintholm-havn\/#breadcrumb","itemListElement":[{"@type":"ListItem","position":1,"name":"Startseite","item":"https:\/\/www.insel-moen.de\/pl\/witamy-na-wyspie-moen\/"},{"@type":"ListItem","position":2,"name":"Miejsca na wyspie M\u00f6n","item":"https:\/\/www.insel-moen.de\/pl\/miejsca-na-wyspie-moen\/"},{"@type":"ListItem","position":3,"name":"Klintholm Havn"}]},{"@type":"WebSite","@id":"https:\/\/www.insel-moen.de\/pl\/#website","url":"https:\/\/www.insel-moen.de\/pl\/","name":"Insel M\u00f6n","description":"INSEL M\u00d6N - Urlaub in der D\u00e4nischen S\u00fcdsee","publisher":{"@id":"https:\/\/www.insel-moen.de\/pl\/#organization"},"potentialAction":[{"@type":"SearchAction","target":{"@type":"EntryPoint","urlTemplate":"https:\/\/www.insel-moen.de\/pl\/?s={search_term_string}"},"query-input":{"@type":"PropertyValueSpecification","valueRequired":true,"valueName":"search_term_string"}}],"inLanguage":"pl-PL"},{"@type":"Organization","@id":"https:\/\/www.insel-moen.de\/pl\/#organization","name":"www.insel-moen.de","url":"https:\/\/www.insel-moen.de\/pl\/","logo":{"@type":"ImageObject","inLanguage":"pl-PL","@id":"https:\/\/www.insel-moen.de\/pl\/#\/schema\/logo\/image\/","url":"https:\/\/www.insel-moen.de\/wp-content\/uploads\/2023\/08\/cropped-daenemark-logo-neu-klein.png","contentUrl":"https:\/\/www.insel-moen.de\/wp-content\/uploads\/2023\/08\/cropped-daenemark-logo-neu-klein.png","width":100,"height":101,"caption":"www.insel-moen.de"},"image":{"@id":"https:\/\/www.insel-moen.de\/pl\/#\/schema\/logo\/image\/"}}]}},"_links":{"self":[{"href":"https:\/\/www.insel-moen.de\/pl\/wp-json\/wp\/v2\/pages\/7884","targetHints":{"allow":["GET"]}}],"collection":[{"href":"https:\/\/www.insel-moen.de\/pl\/wp-json\/wp\/v2\/pages"}],"about":[{"href":"https:\/\/www.insel-moen.de\/pl\/wp-json\/wp\/v2\/types\/page"}],"author":[{"embeddable":true,"href":"https:\/\/www.insel-moen.de\/pl\/wp-json\/wp\/v2\/users\/3"}],"replies":[{"embeddable":true,"href":"https:\/\/www.insel-moen.de\/pl\/wp-json\/wp\/v2\/comments?post=7884"}],"version-history":[{"count":9,"href":"https:\/\/www.insel-moen.de\/pl\/wp-json\/wp\/v2\/pages\/7884\/revisions"}],"predecessor-version":[{"id":8809,"href":"https:\/\/www.insel-moen.de\/pl\/wp-json\/wp\/v2\/pages\/7884\/revisions\/8809"}],"up":[{"embeddable":true,"href":"https:\/\/www.insel-moen.de\/pl\/wp-json\/wp\/v2\/pages\/8552"}],"wp:featuredmedia":[{"embeddable":true,"href":"https:\/\/www.insel-moen.de\/pl\/wp-json\/wp\/v2\/media\/7898"}],"wp:attachment":[{"href":"https:\/\/www.insel-moen.de\/pl\/wp-json\/wp\/v2\/media?parent=7884"}],"curies":[{"name":"wp","href":"https:\/\/api.w.org\/{rel}","templated":true}]}}