{"id":7869,"date":"2024-05-16T08:16:15","date_gmt":"2024-05-16T08:16:15","guid":{"rendered":"https:\/\/www.insel-moen.de\/svensmarke\/"},"modified":"2024-05-16T09:12:44","modified_gmt":"2024-05-16T09:12:44","slug":"svensmarke","status":"publish","type":"page","link":"https:\/\/www.insel-moen.de\/pl\/miejsca-na-wyspie-moen\/svensmarke\/","title":{"rendered":"Svensmarke"},"content":{"rendered":"\n<p>Svensmarke na du\u0144skiej wyspie M\u00f8n to ukryty klejnot, kt\u00f3ry czeka na odkrycie. Ta spokojna, malownicza lokalizacja oddaje istot\u0119 du\u0144skiej przyrody i kultury oraz oferuje odwiedzaj\u0105cym r\u00f3\u017cnorodne mo\u017cliwo\u015bci relaksu i odkrywania.<\/p>\n\n<p>Pod wzgl\u0119dem geograficznym Svensmarke znajduje si\u0119 w p\u00f3\u0142nocno-wschodniej cz\u0119\u015bci wyspy M\u00f8n, otoczonej falistymi wzg\u00f3rzami, rozleg\u0142ymi polami i g\u0119stymi lasami. Pobliskie morze z krystalicznie czyst\u0105 wod\u0105 i zach\u0119caj\u0105cymi piaszczystymi pla\u017cami zach\u0119ca do odpoczynku. Pla\u017ca w Svensmarke jest znana ze swojego spokoju i pi\u0119kna, idealnego miejsca na d\u0142ugie spacery, p\u0142ywanie lub po prostu relaks i podziwianie otaczaj\u0105cej przyrody.<\/p>\n\n<p>Oferta kulinarna w Svensmarke mo\u017ce i jest niewielka, ale za to niezwykle smaczna. Lokalne restauracje oferuj\u0105 tradycyjne dania kuchni du\u0144skiej, cz\u0119sto ze sk\u0142adnik\u00f3w pochodz\u0105cych z lokalnych gospodarstw i \u0142owisk. Nie przegap okazji, aby spr\u00f3bowa\u0107 sm\u00f8rrebr\u00f8d, tradycyjnego du\u0144skiego specja\u0142u, kt\u00f3ry jest cz\u0119sto serwowany w lokalnych gospodach.<\/p>\n\n<p>Naturalne pi\u0119kno Svensmarke zapiera dech w piersiach. Lasy s\u0105 bogate w flor\u0119 i faun\u0119 i oferuj\u0105 wiele szlak\u00f3w pieszych i rowerowych, na kt\u00f3rych mo\u017cna cieszy\u0107 si\u0119 spokojn\u0105 atmosfer\u0105 wyspy. Pobliski M\u00f8ns Klint, imponuj\u0105ce kredowe wybrze\u017ce klifowe, jest obowi\u0105zkowym punktem dla ka\u017cdego mi\u0142o\u015bnika przyrody i geologii.<\/p>\n\n<p>Je\u015bli chodzi o zwiedzanie, nie mo\u017cna pomin\u0105\u0107 lokalnych ko\u015bcio\u0142\u00f3w. Na szczeg\u00f3ln\u0105 uwag\u0119 zas\u0142uguje ko\u015bci\u00f3\u0142 w Keldby ze \u015bredniowiecznymi malowid\u0142ami \u015bciennymi. W odleg\u0142o\u015bci kr\u00f3tkiej przeja\u017cd\u017cki samochodem znajduje si\u0119 \u015aredniowieczne Centrum w Nyk\u00f8bing Falster, gdzie odwiedzaj\u0105cy mog\u0105 zanurzy\u0107 si\u0119 w \u017cyciu i kulturze \u015bredniowiecza.<\/p>\n\n<p>Svensmarke to idealne miejsce na spokojne, relaksuj\u0105ce wakacje, kt\u00f3re \u0142\u0105cz\u0105 w sobie pi\u0119kno przyrody i bogat\u0105 du\u0144sk\u0105 kultur\u0119. Dzi\u0119ki idyllicznej lokalizacji, pla\u017cy, restauracjom, zapieraj\u0105cej dech w piersiach przyrodzie i zabytkom, wizyta w Svensmarke z pewno\u015bci\u0105 b\u0119dzie niezapomnianym prze\u017cyciem.<\/p>\n\n<script type=\"text\/javascript\" src=\"https:\/\/p2026.atraveo.com\/index.php?controller=partnerintegration&#038;action=default&#038;art=search&#038;landiso=DK&#038;regionid=123&#038;ortid=533486&#038;lg=de&#038;cur=EUR&#038;versionname=weltfoto\"><\/script>","protected":false},"excerpt":{"rendered":"<p>Svensmarke na du\u0144skiej wyspie M\u00f8n to ukryty klejnot, kt\u00f3ry czeka na odkrycie. Ta spokojna, malownicza lokalizacja oddaje istot\u0119 du\u0144skiej przyrody i kultury oraz oferuje odwiedzaj\u0105cym r\u00f3\u017cnorodne mo\u017cliwo\u015bci relaksu i odkrywania. Pod wzgl\u0119dem geograficznym Svensmarke znajduje si\u0119 w p\u00f3\u0142nocno-wschodniej cz\u0119\u015bci wyspy M\u00f8n, otoczonej falistymi wzg\u00f3rzami, rozleg\u0142ymi polami i g\u0119stymi lasami. Pobliskie morze z krystalicznie czyst\u0105 wod\u0105 [&hellip;]<\/p>\n","protected":false},"author":3,"featured_media":0,"parent":8552,"menu_order":0,"comment_status":"closed","ping_status":"closed","template":"","meta":{"footnotes":""},"class_list":["post-7869","page","type-page","status-publish","hentry"],"yoast_head":"<!-- This site is optimized with the Yoast SEO plugin v24.5 - https:\/\/yoast.com\/wordpress\/plugins\/seo\/ -->\n<title>Svensmarke - Insel M\u00f6n<\/title>\n<meta name=\"robots\" content=\"index, follow, max-snippet:-1, max-image-preview:large, max-video-preview:-1\" \/>\n<link rel=\"canonical\" href=\"https:\/\/www.insel-moen.de\/pl\/miejsca-na-wyspie-moen\/svensmarke\/\" \/>\n<meta property=\"og:locale\" content=\"pl_PL\" \/>\n<meta property=\"og:type\" content=\"article\" \/>\n<meta property=\"og:title\" content=\"Svensmarke - Insel M\u00f6n\" \/>\n<meta property=\"og:description\" content=\"Svensmarke na du\u0144skiej wyspie M\u00f8n to ukryty klejnot, kt\u00f3ry czeka na odkrycie. Ta spokojna, malownicza lokalizacja oddaje istot\u0119 du\u0144skiej przyrody i kultury oraz oferuje odwiedzaj\u0105cym r\u00f3\u017cnorodne mo\u017cliwo\u015bci relaksu i odkrywania. Pod wzgl\u0119dem geograficznym Svensmarke znajduje si\u0119 w p\u00f3\u0142nocno-wschodniej cz\u0119\u015bci wyspy M\u00f8n, otoczonej falistymi wzg\u00f3rzami, rozleg\u0142ymi polami i g\u0119stymi lasami. Pobliskie morze z krystalicznie czyst\u0105 wod\u0105 [&hellip;]\" \/>\n<meta property=\"og:url\" content=\"https:\/\/www.insel-moen.de\/pl\/miejsca-na-wyspie-moen\/svensmarke\/\" \/>\n<meta property=\"og:site_name\" content=\"Insel M\u00f6n\" \/>\n<meta property=\"article:modified_time\" content=\"2024-05-16T09:12:44+00:00\" \/>\n<meta name=\"twitter:card\" content=\"summary_large_image\" \/>\n<meta name=\"twitter:label1\" content=\"Szacowany czas czytania\" \/>\n\t<meta name=\"twitter:data1\" content=\"2 minuty\" \/>\n<script type=\"application\/ld+json\" class=\"yoast-schema-graph\">{\"@context\":\"https:\/\/schema.org\",\"@graph\":[{\"@type\":\"WebPage\",\"@id\":\"https:\/\/www.insel-moen.de\/pl\/miejsca-na-wyspie-moen\/svensmarke\/\",\"url\":\"https:\/\/www.insel-moen.de\/pl\/miejsca-na-wyspie-moen\/svensmarke\/\",\"name\":\"Svensmarke - Insel M\u00f6n\",\"isPartOf\":{\"@id\":\"https:\/\/www.insel-moen.de\/pl\/#website\"},\"datePublished\":\"2024-05-16T08:16:15+00:00\",\"dateModified\":\"2024-05-16T09:12:44+00:00\",\"breadcrumb\":{\"@id\":\"https:\/\/www.insel-moen.de\/pl\/miejsca-na-wyspie-moen\/svensmarke\/#breadcrumb\"},\"inLanguage\":\"pl-PL\",\"potentialAction\":[{\"@type\":\"ReadAction\",\"target\":[\"https:\/\/www.insel-moen.de\/pl\/miejsca-na-wyspie-moen\/svensmarke\/\"]}]},{\"@type\":\"BreadcrumbList\",\"@id\":\"https:\/\/www.insel-moen.de\/pl\/miejsca-na-wyspie-moen\/svensmarke\/#breadcrumb\",\"itemListElement\":[{\"@type\":\"ListItem\",\"position\":1,\"name\":\"Startseite\",\"item\":\"https:\/\/www.insel-moen.de\/pl\/witamy-na-wyspie-moen\/\"},{\"@type\":\"ListItem\",\"position\":2,\"name\":\"Miejsca na wyspie M\u00f6n\",\"item\":\"https:\/\/www.insel-moen.de\/pl\/miejsca-na-wyspie-moen\/\"},{\"@type\":\"ListItem\",\"position\":3,\"name\":\"Svensmarke\"}]},{\"@type\":\"WebSite\",\"@id\":\"https:\/\/www.insel-moen.de\/pl\/#website\",\"url\":\"https:\/\/www.insel-moen.de\/pl\/\",\"name\":\"Insel M\u00f6n\",\"description\":\"INSEL M\u00d6N - Urlaub in der D\u00e4nischen S\u00fcdsee\",\"publisher\":{\"@id\":\"https:\/\/www.insel-moen.de\/pl\/#organization\"},\"potentialAction\":[{\"@type\":\"SearchAction\",\"target\":{\"@type\":\"EntryPoint\",\"urlTemplate\":\"https:\/\/www.insel-moen.de\/pl\/?s={search_term_string}\"},\"query-input\":{\"@type\":\"PropertyValueSpecification\",\"valueRequired\":true,\"valueName\":\"search_term_string\"}}],\"inLanguage\":\"pl-PL\"},{\"@type\":\"Organization\",\"@id\":\"https:\/\/www.insel-moen.de\/pl\/#organization\",\"name\":\"www.insel-moen.de\",\"url\":\"https:\/\/www.insel-moen.de\/pl\/\",\"logo\":{\"@type\":\"ImageObject\",\"inLanguage\":\"pl-PL\",\"@id\":\"https:\/\/www.insel-moen.de\/pl\/#\/schema\/logo\/image\/\",\"url\":\"https:\/\/www.insel-moen.de\/wp-content\/uploads\/2023\/08\/cropped-daenemark-logo-neu-klein.png\",\"contentUrl\":\"https:\/\/www.insel-moen.de\/wp-content\/uploads\/2023\/08\/cropped-daenemark-logo-neu-klein.png\",\"width\":100,\"height\":101,\"caption\":\"www.insel-moen.de\"},\"image\":{\"@id\":\"https:\/\/www.insel-moen.de\/pl\/#\/schema\/logo\/image\/\"}}]}<\/script>\n<!-- \/ Yoast SEO plugin. -->","yoast_head_json":{"title":"Svensmarke - Insel M\u00f6n","robots":{"index":"index","follow":"follow","max-snippet":"max-snippet:-1","max-image-preview":"max-image-preview:large","max-video-preview":"max-video-preview:-1"},"canonical":"https:\/\/www.insel-moen.de\/pl\/miejsca-na-wyspie-moen\/svensmarke\/","og_locale":"pl_PL","og_type":"article","og_title":"Svensmarke - Insel M\u00f6n","og_description":"Svensmarke na du\u0144skiej wyspie M\u00f8n to ukryty klejnot, kt\u00f3ry czeka na odkrycie. Ta spokojna, malownicza lokalizacja oddaje istot\u0119 du\u0144skiej przyrody i kultury oraz oferuje odwiedzaj\u0105cym r\u00f3\u017cnorodne mo\u017cliwo\u015bci relaksu i odkrywania. Pod wzgl\u0119dem geograficznym Svensmarke znajduje si\u0119 w p\u00f3\u0142nocno-wschodniej cz\u0119\u015bci wyspy M\u00f8n, otoczonej falistymi wzg\u00f3rzami, rozleg\u0142ymi polami i g\u0119stymi lasami. Pobliskie morze z krystalicznie czyst\u0105 wod\u0105 [&hellip;]","og_url":"https:\/\/www.insel-moen.de\/pl\/miejsca-na-wyspie-moen\/svensmarke\/","og_site_name":"Insel M\u00f6n","article_modified_time":"2024-05-16T09:12:44+00:00","twitter_card":"summary_large_image","twitter_misc":{"Szacowany czas czytania":"2 minuty"},"schema":{"@context":"https:\/\/schema.org","@graph":[{"@type":"WebPage","@id":"https:\/\/www.insel-moen.de\/pl\/miejsca-na-wyspie-moen\/svensmarke\/","url":"https:\/\/www.insel-moen.de\/pl\/miejsca-na-wyspie-moen\/svensmarke\/","name":"Svensmarke - Insel M\u00f6n","isPartOf":{"@id":"https:\/\/www.insel-moen.de\/pl\/#website"},"datePublished":"2024-05-16T08:16:15+00:00","dateModified":"2024-05-16T09:12:44+00:00","breadcrumb":{"@id":"https:\/\/www.insel-moen.de\/pl\/miejsca-na-wyspie-moen\/svensmarke\/#breadcrumb"},"inLanguage":"pl-PL","potentialAction":[{"@type":"ReadAction","target":["https:\/\/www.insel-moen.de\/pl\/miejsca-na-wyspie-moen\/svensmarke\/"]}]},{"@type":"BreadcrumbList","@id":"https:\/\/www.insel-moen.de\/pl\/miejsca-na-wyspie-moen\/svensmarke\/#breadcrumb","itemListElement":[{"@type":"ListItem","position":1,"name":"Startseite","item":"https:\/\/www.insel-moen.de\/pl\/witamy-na-wyspie-moen\/"},{"@type":"ListItem","position":2,"name":"Miejsca na wyspie M\u00f6n","item":"https:\/\/www.insel-moen.de\/pl\/miejsca-na-wyspie-moen\/"},{"@type":"ListItem","position":3,"name":"Svensmarke"}]},{"@type":"WebSite","@id":"https:\/\/www.insel-moen.de\/pl\/#website","url":"https:\/\/www.insel-moen.de\/pl\/","name":"Insel M\u00f6n","description":"INSEL M\u00d6N - Urlaub in der D\u00e4nischen S\u00fcdsee","publisher":{"@id":"https:\/\/www.insel-moen.de\/pl\/#organization"},"potentialAction":[{"@type":"SearchAction","target":{"@type":"EntryPoint","urlTemplate":"https:\/\/www.insel-moen.de\/pl\/?s={search_term_string}"},"query-input":{"@type":"PropertyValueSpecification","valueRequired":true,"valueName":"search_term_string"}}],"inLanguage":"pl-PL"},{"@type":"Organization","@id":"https:\/\/www.insel-moen.de\/pl\/#organization","name":"www.insel-moen.de","url":"https:\/\/www.insel-moen.de\/pl\/","logo":{"@type":"ImageObject","inLanguage":"pl-PL","@id":"https:\/\/www.insel-moen.de\/pl\/#\/schema\/logo\/image\/","url":"https:\/\/www.insel-moen.de\/wp-content\/uploads\/2023\/08\/cropped-daenemark-logo-neu-klein.png","contentUrl":"https:\/\/www.insel-moen.de\/wp-content\/uploads\/2023\/08\/cropped-daenemark-logo-neu-klein.png","width":100,"height":101,"caption":"www.insel-moen.de"},"image":{"@id":"https:\/\/www.insel-moen.de\/pl\/#\/schema\/logo\/image\/"}}]}},"_links":{"self":[{"href":"https:\/\/www.insel-moen.de\/pl\/wp-json\/wp\/v2\/pages\/7869","targetHints":{"allow":["GET"]}}],"collection":[{"href":"https:\/\/www.insel-moen.de\/pl\/wp-json\/wp\/v2\/pages"}],"about":[{"href":"https:\/\/www.insel-moen.de\/pl\/wp-json\/wp\/v2\/types\/page"}],"author":[{"embeddable":true,"href":"https:\/\/www.insel-moen.de\/pl\/wp-json\/wp\/v2\/users\/3"}],"replies":[{"embeddable":true,"href":"https:\/\/www.insel-moen.de\/pl\/wp-json\/wp\/v2\/comments?post=7869"}],"version-history":[{"count":1,"href":"https:\/\/www.insel-moen.de\/pl\/wp-json\/wp\/v2\/pages\/7869\/revisions"}],"predecessor-version":[{"id":7870,"href":"https:\/\/www.insel-moen.de\/pl\/wp-json\/wp\/v2\/pages\/7869\/revisions\/7870"}],"up":[{"embeddable":true,"href":"https:\/\/www.insel-moen.de\/pl\/wp-json\/wp\/v2\/pages\/8552"}],"wp:attachment":[{"href":"https:\/\/www.insel-moen.de\/pl\/wp-json\/wp\/v2\/media?parent=7869"}],"curies":[{"name":"wp","href":"https:\/\/api.w.org\/{rel}","templated":true}]}}