{"id":8606,"date":"2024-05-16T09:12:53","date_gmt":"2024-05-16T09:12:53","guid":{"rendered":"https:\/\/www.insel-moen.de\/plaatsen-op-het-eiland-moen\/strand-van-rabylle\/"},"modified":"2024-05-16T09:12:56","modified_gmt":"2024-05-16T09:12:56","slug":"strand-van-rabylle","status":"publish","type":"page","link":"https:\/\/www.insel-moen.de\/nl\/plaatsen-op-het-eiland-moen\/strand-van-rabylle\/","title":{"rendered":"Strand van Rabylle"},"content":{"rendered":"\n<p>Rabylle Strand op het Deense eiland M\u00f6n is een ware onontdekte schat die elke bezoeker betovert. Het eiland M\u00f6n ligt in het zuiden van Denemarken en staat bekend om zijn schilderachtige landschappen en de krijtwitte kliffen die de zee horizontaal begrenzen.<\/p>\n\n<p>Rabylle Strand ligt aan de noordwestkust van het eiland en wordt gekenmerkt door brede, gouden zandstranden en frisse zeelucht. Vanaf hier heb je een adembenemend uitzicht op de Baltische Zee, vooral tijdens de zomermaanden wanneer de zon het water in duizend schitterende kleuren verlicht. In de verte kun je de zeilboten en veerboten naar Duitsland en Zweden zien varen.<\/p>\n\n<p>Langs het strand staan de karakteristieke strandhuisjes, die in felle kleuren zijn geschilderd en een interessant contrast vormen met de blauwe zee en het gouden zand. Het is een ideale plek om te zonnebaden, zwemmen en zandkastelen te bouwen. Aan de rand van het strand vind je duinlandschappen die een unieke natuurlijke ervaring bieden en waar veel zeldzame planten en vogels leven.<\/p>\n\n<p>Rabylle Strand zal je niet teleurstellen op het gebied van gastronomie. Er zijn verschillende restaurants en caf\u00e9s, vari\u00ebrend van traditionele Deense gerechten tot internationale specialiteiten. Hier kun je van alles proberen, van verse zeevruchten tot zelfgemaakt gebak.<\/p>\n\n<p>Het charmante dorpje Stege, dat bekend staat om zijn mooie, kleurrijke huizen en historische gebouwen, ligt in de directe omgeving van het strand van Rabylle. Hier kun je door de geplaveide straatjes slenteren en de plaatselijke winkeltjes en ambachtelijke winkels verkennen.<\/p>\n\n<p>Natuur- en wandelliefhebbers kunnen hun hart ophalen bij de indrukwekkende witte krijtrotsen van M\u00f8ns Klint, op slechts een klein eindje rijden van Rabylle Strand. Deze spectaculaire natuurlijke bezienswaardigheid is een absolute must voor elke bezoeker en biedt een adembenemend uitzicht op de Baltische Zee en het omringende landschap.<\/p>\n\n<p>Met zijn rustige sfeer, prachtige natuur en gevarieerde vrijetijdsactiviteiten is Rabylle Strand de perfecte plek voor een ontspannen en onvergetelijke vakantie.<\/p>\n\n<script type=\"text\/javascript\" src=\"https:\/\/p2026.atraveo.com\/index.php?controller=partnerintegration&#038;action=default&#038;art=search&#038;landiso=DK&#038;regionid=123&#038;ortid=153976&#038;lg=de&#038;cur=EUR&#038;versionname=weltfoto\"><\/script>","protected":false},"excerpt":{"rendered":"<p>Rabylle Strand op het Deense eiland M\u00f6n is een ware onontdekte schat die elke bezoeker betovert. Het eiland M\u00f6n ligt in het zuiden van Denemarken en staat bekend om zijn schilderachtige landschappen en de krijtwitte kliffen die de zee horizontaal begrenzen. Rabylle Strand ligt aan de noordwestkust van het eiland en wordt gekenmerkt door brede, [&hellip;]<\/p>\n","protected":false},"author":3,"featured_media":0,"parent":8545,"menu_order":0,"comment_status":"closed","ping_status":"closed","template":"","meta":{"footnotes":""},"class_list":["post-8606","page","type-page","status-publish","hentry"],"yoast_head":"<!-- This site is optimized with the Yoast SEO plugin v24.5 - https:\/\/yoast.com\/wordpress\/plugins\/seo\/ -->\n<title>Strand van Rabylle - Insel M\u00f6n<\/title>\n<meta name=\"robots\" content=\"index, follow, max-snippet:-1, max-image-preview:large, max-video-preview:-1\" \/>\n<link rel=\"canonical\" href=\"https:\/\/www.insel-moen.de\/nl\/plaatsen-op-het-eiland-moen\/strand-van-rabylle\/\" \/>\n<meta property=\"og:locale\" content=\"nl_NL\" \/>\n<meta property=\"og:type\" content=\"article\" \/>\n<meta property=\"og:title\" content=\"Strand van Rabylle - Insel M\u00f6n\" \/>\n<meta property=\"og:description\" content=\"Rabylle Strand op het Deense eiland M\u00f6n is een ware onontdekte schat die elke bezoeker betovert. Het eiland M\u00f6n ligt in het zuiden van Denemarken en staat bekend om zijn schilderachtige landschappen en de krijtwitte kliffen die de zee horizontaal begrenzen. Rabylle Strand ligt aan de noordwestkust van het eiland en wordt gekenmerkt door brede, [&hellip;]\" \/>\n<meta property=\"og:url\" content=\"https:\/\/www.insel-moen.de\/nl\/plaatsen-op-het-eiland-moen\/strand-van-rabylle\/\" \/>\n<meta property=\"og:site_name\" content=\"Insel M\u00f6n\" \/>\n<meta property=\"article:modified_time\" content=\"2024-05-16T09:12:56+00:00\" \/>\n<meta name=\"twitter:card\" content=\"summary_large_image\" \/>\n<meta name=\"twitter:label1\" content=\"Geschatte leestijd\" \/>\n\t<meta name=\"twitter:data1\" content=\"2 minuten\" \/>\n<script type=\"application\/ld+json\" class=\"yoast-schema-graph\">{\"@context\":\"https:\/\/schema.org\",\"@graph\":[{\"@type\":\"WebPage\",\"@id\":\"https:\/\/www.insel-moen.de\/nl\/plaatsen-op-het-eiland-moen\/strand-van-rabylle\/\",\"url\":\"https:\/\/www.insel-moen.de\/nl\/plaatsen-op-het-eiland-moen\/strand-van-rabylle\/\",\"name\":\"Strand van Rabylle - Insel M\u00f6n\",\"isPartOf\":{\"@id\":\"https:\/\/www.insel-moen.de\/nl\/#website\"},\"datePublished\":\"2024-05-16T09:12:53+00:00\",\"dateModified\":\"2024-05-16T09:12:56+00:00\",\"breadcrumb\":{\"@id\":\"https:\/\/www.insel-moen.de\/nl\/plaatsen-op-het-eiland-moen\/strand-van-rabylle\/#breadcrumb\"},\"inLanguage\":\"nl-NL\",\"potentialAction\":[{\"@type\":\"ReadAction\",\"target\":[\"https:\/\/www.insel-moen.de\/nl\/plaatsen-op-het-eiland-moen\/strand-van-rabylle\/\"]}]},{\"@type\":\"BreadcrumbList\",\"@id\":\"https:\/\/www.insel-moen.de\/nl\/plaatsen-op-het-eiland-moen\/strand-van-rabylle\/#breadcrumb\",\"itemListElement\":[{\"@type\":\"ListItem\",\"position\":1,\"name\":\"Startseite\",\"item\":\"https:\/\/www.insel-moen.de\/nl\/welkom-op-het-eiland-moen\/\"},{\"@type\":\"ListItem\",\"position\":2,\"name\":\"Plaatsen op het eiland M\u00f6n\",\"item\":\"https:\/\/www.insel-moen.de\/nl\/plaatsen-op-het-eiland-moen\/\"},{\"@type\":\"ListItem\",\"position\":3,\"name\":\"Strand van Rabylle\"}]},{\"@type\":\"WebSite\",\"@id\":\"https:\/\/www.insel-moen.de\/nl\/#website\",\"url\":\"https:\/\/www.insel-moen.de\/nl\/\",\"name\":\"Insel M\u00f6n\",\"description\":\"INSEL M\u00d6N - Urlaub in der D\u00e4nischen S\u00fcdsee\",\"publisher\":{\"@id\":\"https:\/\/www.insel-moen.de\/nl\/#organization\"},\"potentialAction\":[{\"@type\":\"SearchAction\",\"target\":{\"@type\":\"EntryPoint\",\"urlTemplate\":\"https:\/\/www.insel-moen.de\/nl\/?s={search_term_string}\"},\"query-input\":{\"@type\":\"PropertyValueSpecification\",\"valueRequired\":true,\"valueName\":\"search_term_string\"}}],\"inLanguage\":\"nl-NL\"},{\"@type\":\"Organization\",\"@id\":\"https:\/\/www.insel-moen.de\/nl\/#organization\",\"name\":\"www.insel-moen.de\",\"url\":\"https:\/\/www.insel-moen.de\/nl\/\",\"logo\":{\"@type\":\"ImageObject\",\"inLanguage\":\"nl-NL\",\"@id\":\"https:\/\/www.insel-moen.de\/nl\/#\/schema\/logo\/image\/\",\"url\":\"https:\/\/www.insel-moen.de\/wp-content\/uploads\/2023\/08\/cropped-daenemark-logo-neu-klein.png\",\"contentUrl\":\"https:\/\/www.insel-moen.de\/wp-content\/uploads\/2023\/08\/cropped-daenemark-logo-neu-klein.png\",\"width\":100,\"height\":101,\"caption\":\"www.insel-moen.de\"},\"image\":{\"@id\":\"https:\/\/www.insel-moen.de\/nl\/#\/schema\/logo\/image\/\"}}]}<\/script>\n<!-- \/ Yoast SEO plugin. -->","yoast_head_json":{"title":"Strand van Rabylle - Insel M\u00f6n","robots":{"index":"index","follow":"follow","max-snippet":"max-snippet:-1","max-image-preview":"max-image-preview:large","max-video-preview":"max-video-preview:-1"},"canonical":"https:\/\/www.insel-moen.de\/nl\/plaatsen-op-het-eiland-moen\/strand-van-rabylle\/","og_locale":"nl_NL","og_type":"article","og_title":"Strand van Rabylle - Insel M\u00f6n","og_description":"Rabylle Strand op het Deense eiland M\u00f6n is een ware onontdekte schat die elke bezoeker betovert. Het eiland M\u00f6n ligt in het zuiden van Denemarken en staat bekend om zijn schilderachtige landschappen en de krijtwitte kliffen die de zee horizontaal begrenzen. Rabylle Strand ligt aan de noordwestkust van het eiland en wordt gekenmerkt door brede, [&hellip;]","og_url":"https:\/\/www.insel-moen.de\/nl\/plaatsen-op-het-eiland-moen\/strand-van-rabylle\/","og_site_name":"Insel M\u00f6n","article_modified_time":"2024-05-16T09:12:56+00:00","twitter_card":"summary_large_image","twitter_misc":{"Geschatte leestijd":"2 minuten"},"schema":{"@context":"https:\/\/schema.org","@graph":[{"@type":"WebPage","@id":"https:\/\/www.insel-moen.de\/nl\/plaatsen-op-het-eiland-moen\/strand-van-rabylle\/","url":"https:\/\/www.insel-moen.de\/nl\/plaatsen-op-het-eiland-moen\/strand-van-rabylle\/","name":"Strand van Rabylle - Insel M\u00f6n","isPartOf":{"@id":"https:\/\/www.insel-moen.de\/nl\/#website"},"datePublished":"2024-05-16T09:12:53+00:00","dateModified":"2024-05-16T09:12:56+00:00","breadcrumb":{"@id":"https:\/\/www.insel-moen.de\/nl\/plaatsen-op-het-eiland-moen\/strand-van-rabylle\/#breadcrumb"},"inLanguage":"nl-NL","potentialAction":[{"@type":"ReadAction","target":["https:\/\/www.insel-moen.de\/nl\/plaatsen-op-het-eiland-moen\/strand-van-rabylle\/"]}]},{"@type":"BreadcrumbList","@id":"https:\/\/www.insel-moen.de\/nl\/plaatsen-op-het-eiland-moen\/strand-van-rabylle\/#breadcrumb","itemListElement":[{"@type":"ListItem","position":1,"name":"Startseite","item":"https:\/\/www.insel-moen.de\/nl\/welkom-op-het-eiland-moen\/"},{"@type":"ListItem","position":2,"name":"Plaatsen op het eiland M\u00f6n","item":"https:\/\/www.insel-moen.de\/nl\/plaatsen-op-het-eiland-moen\/"},{"@type":"ListItem","position":3,"name":"Strand van Rabylle"}]},{"@type":"WebSite","@id":"https:\/\/www.insel-moen.de\/nl\/#website","url":"https:\/\/www.insel-moen.de\/nl\/","name":"Insel M\u00f6n","description":"INSEL M\u00d6N - Urlaub in der D\u00e4nischen S\u00fcdsee","publisher":{"@id":"https:\/\/www.insel-moen.de\/nl\/#organization"},"potentialAction":[{"@type":"SearchAction","target":{"@type":"EntryPoint","urlTemplate":"https:\/\/www.insel-moen.de\/nl\/?s={search_term_string}"},"query-input":{"@type":"PropertyValueSpecification","valueRequired":true,"valueName":"search_term_string"}}],"inLanguage":"nl-NL"},{"@type":"Organization","@id":"https:\/\/www.insel-moen.de\/nl\/#organization","name":"www.insel-moen.de","url":"https:\/\/www.insel-moen.de\/nl\/","logo":{"@type":"ImageObject","inLanguage":"nl-NL","@id":"https:\/\/www.insel-moen.de\/nl\/#\/schema\/logo\/image\/","url":"https:\/\/www.insel-moen.de\/wp-content\/uploads\/2023\/08\/cropped-daenemark-logo-neu-klein.png","contentUrl":"https:\/\/www.insel-moen.de\/wp-content\/uploads\/2023\/08\/cropped-daenemark-logo-neu-klein.png","width":100,"height":101,"caption":"www.insel-moen.de"},"image":{"@id":"https:\/\/www.insel-moen.de\/nl\/#\/schema\/logo\/image\/"}}]}},"_links":{"self":[{"href":"https:\/\/www.insel-moen.de\/nl\/wp-json\/wp\/v2\/pages\/8606","targetHints":{"allow":["GET"]}}],"collection":[{"href":"https:\/\/www.insel-moen.de\/nl\/wp-json\/wp\/v2\/pages"}],"about":[{"href":"https:\/\/www.insel-moen.de\/nl\/wp-json\/wp\/v2\/types\/page"}],"author":[{"embeddable":true,"href":"https:\/\/www.insel-moen.de\/nl\/wp-json\/wp\/v2\/users\/3"}],"replies":[{"embeddable":true,"href":"https:\/\/www.insel-moen.de\/nl\/wp-json\/wp\/v2\/comments?post=8606"}],"version-history":[{"count":1,"href":"https:\/\/www.insel-moen.de\/nl\/wp-json\/wp\/v2\/pages\/8606\/revisions"}],"predecessor-version":[{"id":8610,"href":"https:\/\/www.insel-moen.de\/nl\/wp-json\/wp\/v2\/pages\/8606\/revisions\/8610"}],"up":[{"embeddable":true,"href":"https:\/\/www.insel-moen.de\/nl\/wp-json\/wp\/v2\/pages\/8545"}],"wp:attachment":[{"href":"https:\/\/www.insel-moen.de\/nl\/wp-json\/wp\/v2\/media?parent=8606"}],"curies":[{"name":"wp","href":"https:\/\/api.w.org\/{rel}","templated":true}]}}