{"id":8588,"date":"2024-05-16T09:12:50","date_gmt":"2024-05-16T09:12:50","guid":{"rendered":"https:\/\/www.insel-moen.de\/bezienswaardigheden-en-activiteiten-op-moen\/"},"modified":"2024-05-16T09:12:52","modified_gmt":"2024-05-16T09:12:52","slug":"bezienswaardigheden-en-activiteiten-op-moen","status":"publish","type":"page","link":"https:\/\/www.insel-moen.de\/nl\/bezienswaardigheden-en-activiteiten-op-moen\/","title":{"rendered":"Bezienswaardigheden en activiteiten op M\u00f8n"},"content":{"rendered":"\n<h2 class=\"wp-block-heading\">Ontdek de wonderen van M\u00f8n &#8211; Een reisgids met de mooiste bezienswaardigheden<\/h2>\n\n<p>Welkom op M\u00f8n, een eiland dat niet alleen indruk maakt met zijn natuurlijke schoonheid, maar ook met een rijk cultureel erfgoed dat bezoekers van over de hele wereld aantrekt. Hier is elke dag een avontuur en vertelt elke hoek zijn eigen verhaal.<\/p>\n\n<h2 class=\"wp-block-heading\"><strong>GeoCentrum M\u00f8ns Klint<\/strong><\/h2>\n\n<figure class=\"wp-block-image size-large\"><a href=\"https:\/\/www.insel-moen.de\/wp-content\/uploads\/2024\/03\/moens-klint-5_&#xA9;Daniel-Villadsen-medium.jpg\"><img decoding=\"async\" src=\"https:\/\/www.insel-moen.de\/wp-content\/uploads\/2024\/03\/moens-klint-5_&#xA9;Daniel-Villadsen-medium-1024x768.jpg\" alt=\"\" class=\"wp-image-7344\"\/><\/a><\/figure>\n<p>In het hart van de beroemde krijtrotsen van M\u00f8ns Klint ligt het GeoCenter, dat bezoekers een diepgaand inzicht geeft in de vorming en geschiedenis van deze unieke geologische formaties door middel van interactieve tentoonstellingen en rondleidingen. Vanaf de uitkijkplatforms heb je een spectaculair uitzicht op de kliffen, die tot 128 meter hoog zijn en direct in de blauwe zee vallen.<\/p>\n\n<div class=\"wp-block-buttons is-layout-flex wp-block-buttons-is-layout-flex\">\n<div class=\"wp-block-button\"><a class=\"wp-block-button__link wp-element-button\" href=\"https:\/\/www.insel-moen.de\/nl\/ontdek-het-geocentrum-moens-klint-een-poort-naar-het-verleden\/\">meer leren<\/a><\/div>\n<\/div>\n\n<h2 class=\"wp-block-heading\"><strong>Liselund Park en Kasteel<\/strong><\/h2>\n\n<figure class=\"wp-block-image size-full\"><a href=\"https:\/\/www.insel-moen.de\/wp-content\/uploads\/2024\/01\/liselund-schloss-hotel.jpg\"><img loading=\"lazy\" decoding=\"async\" width=\"650\" height=\"433\" src=\"https:\/\/www.insel-moen.de\/wp-content\/uploads\/2024\/01\/liselund-schloss-hotel.jpg\" alt=\"Liselund Park en Kasteel.\" class=\"wp-image-6459\" srcset=\"https:\/\/www.insel-moen.de\/wp-content\/uploads\/2024\/01\/liselund-schloss-hotel.jpg 650w, https:\/\/www.insel-moen.de\/wp-content\/uploads\/2024\/01\/liselund-schloss-hotel-300x200.jpg 300w\" sizes=\"auto, (max-width: 650px) 100vw, 650px\" \/><\/a><\/figure>\n<p>Het schilderachtige Liselund Park met zijn romantische kasteel uit de late 18e eeuw is een voorbeeld bij uitstek van romantische tuinkunst. Met zijn kronkelende paden, idyllische vijvers en dromerige paviljoens biedt Liselund de perfecte omgeving voor een ontspannen middag weg van het alledaagse leven.<\/p>\n\n<div class=\"wp-block-buttons is-layout-flex wp-block-buttons-is-layout-flex\">\n<div class=\"wp-block-button\"><a class=\"wp-block-button__link wp-element-button\" href=\"https:\/\/www.insel-moen.de\/natur\/schloss-lieselund\/\">Meer informatie<\/a><\/div>\n<\/div>\n\n<h2 class=\"wp-block-heading\"><strong>Elmelunde en Keldby kerken<\/strong><\/h2>\n\n<p>De kerken van Elmelunde en Keldby zijn beroemd om hun goed bewaarde fresco&#8217;s, die zowel bijbelse sc\u00e8nes als afbeeldingen van het dagelijks leven in de middeleeuwen laten zien. Deze kunstwerken bieden een fascinerend inzicht in de religieuze en culturele geschiedenis van het eiland.<\/p>\n\n<div class=\"wp-block-buttons is-layout-flex wp-block-buttons-is-layout-flex\">\n<div class=\"wp-block-button\"><a class=\"wp-block-button__link wp-element-button\" href=\"https:\/\/www.insel-moen.de\/aktiv\/elmelunde-kirke-ein-juwel-auf-der-insel-moen\/\">Meer over de kerk van Elmelunde + foto&#8217;s<\/a><\/div>\n<\/div>\n\n<h2 class=\"wp-block-heading\"><strong>Prehistorische dolmens en doorgangsgraven<\/strong><\/h2>\n\n<p>De prehistorische dolmens en doorgangsgraven die over het landschap van M\u00f8n verspreid liggen, zijn stille getuigen van een vervlogen tijdperk. Deze megalithische bouwwerken, die tot de best bewaarde van Denemarken behoren, trekken zowel archeologische liefhebbers als historici aan.<\/p>\n\n<h2 class=\"wp-block-heading\"><strong>Bruggen<\/strong><\/h2>\n\n<figure class=\"wp-block-image size-large\"><a href=\"https:\/\/www.insel-moen.de\/wp-content\/uploads\/2024\/01\/hotel-residens-moen-1024x584.jpg\"><img loading=\"lazy\" decoding=\"async\" width=\"1024\" height=\"584\" src=\"https:\/\/www.insel-moen.de\/wp-content\/uploads\/2024\/01\/hotel-residens-moen-1024x584.jpg\" alt=\"Jetties de hoofdstad van het eiland\" class=\"wp-image-6471\" srcset=\"https:\/\/www.insel-moen.de\/wp-content\/uploads\/2024\/01\/hotel-residens-moen-1024x584.jpg 1024w, https:\/\/www.insel-moen.de\/wp-content\/uploads\/2024\/01\/hotel-residens-moen-300x171.jpg 300w, https:\/\/www.insel-moen.de\/wp-content\/uploads\/2024\/01\/hotel-residens-moen-768x438.jpg 768w, https:\/\/www.insel-moen.de\/wp-content\/uploads\/2024\/01\/hotel-residens-moen-810x462.jpg 810w, https:\/\/www.insel-moen.de\/wp-content\/uploads\/2024\/01\/hotel-residens-moen-1200x684.jpg 1200w, https:\/\/www.insel-moen.de\/wp-content\/uploads\/2024\/01\/hotel-residens-moen.jpg 1280w\" sizes=\"auto, (max-width: 1024px) 100vw, 1024px\" \/><\/a><\/figure>\n<p>Het levendige stadje Stege, het hart van M\u00f8n, staat bekend om zijn marktdag, pittoreske steegjes en historische gebouwen uit de Vikingtijd. Hier kun je heerlijk wandelen, regionale lekkernijen proeven en de plaatselijke kunst en ambachten ontdekken.<\/p>\n\n<div class=\"wp-block-buttons is-layout-flex wp-block-buttons-is-layout-flex\">\n<div class=\"wp-block-button\"><a class=\"wp-block-button__link wp-element-button\" href=\"https:\/\/www.insel-moen.de\/orte-auf-der-insel-moen\/stege\/\">meer leren<\/a><\/div>\n<\/div>\n\n<h2 class=\"wp-block-heading\"><strong>Haven van Klintholm<\/strong><\/h2>\n\n<figure class=\"wp-block-image size-full\"><a href=\"https:\/\/www.insel-moen.de\/wp-content\/uploads\/2019\/06\/klintholm-havn.jpg\"><img loading=\"lazy\" decoding=\"async\" width=\"600\" height=\"382\" src=\"https:\/\/www.insel-moen.de\/wp-content\/uploads\/2019\/06\/klintholm-havn.jpg\" alt=\"Bezienswaardigheden Klintholm Havn\" class=\"wp-image-284\" srcset=\"https:\/\/www.insel-moen.de\/wp-content\/uploads\/2019\/06\/klintholm-havn.jpg 600w, https:\/\/www.insel-moen.de\/wp-content\/uploads\/2019\/06\/klintholm-havn-300x191.jpg 300w, https:\/\/www.insel-moen.de\/wp-content\/uploads\/2019\/06\/klintholm-havn-560x357.jpg 560w, https:\/\/www.insel-moen.de\/wp-content\/uploads\/2019\/06\/klintholm-havn-120x76.jpg 120w\" sizes=\"auto, (max-width: 600px) 100vw, 600px\" \/><\/a><\/figure>\n<p>De haven van Klintholm is het bruisende maritieme hart van het eiland. Hier kunnen bezoekers verse vis direct van de boot kopen, deelnemen aan zeiltochten of gewoon genieten van de ontspannen sfeer aan het water.<\/p>\n\n<div class=\"wp-block-buttons is-layout-flex wp-block-buttons-is-layout-flex\">\n<div class=\"wp-block-button\"><a class=\"wp-block-button__link wp-element-button\" href=\"https:\/\/www.insel-moen.de\/nl\/klintholm-havn\/\">meer leren<\/a><\/div>\n<\/div>\n\n<h2 class=\"wp-block-heading\"><strong>Nyord<\/strong><\/h2>\n\n<figure class=\"wp-block-image size-large\"><a href=\"https:\/\/www.insel-moen.de\/wp-content\/uploads\/2024\/03\/nyord-vom-Wind-und-wiesen-1024x684.jpeg\"><img loading=\"lazy\" decoding=\"async\" width=\"1024\" height=\"684\" src=\"https:\/\/www.insel-moen.de\/wp-content\/uploads\/2024\/03\/nyord-vom-Wind-und-wiesen-1024x684.jpeg\" alt=\"Een prachtig gezicht, vlak land, opgezweept door de wind.\" class=\"wp-image-6890\" srcset=\"https:\/\/www.insel-moen.de\/wp-content\/uploads\/2024\/03\/nyord-vom-Wind-und-wiesen-1024x684.jpeg 1024w, https:\/\/www.insel-moen.de\/wp-content\/uploads\/2024\/03\/nyord-vom-Wind-und-wiesen-300x200.jpeg 300w, https:\/\/www.insel-moen.de\/wp-content\/uploads\/2024\/03\/nyord-vom-Wind-und-wiesen-768x513.jpeg 768w, https:\/\/www.insel-moen.de\/wp-content\/uploads\/2024\/03\/nyord-vom-Wind-und-wiesen-1536x1025.jpeg 1536w, https:\/\/www.insel-moen.de\/wp-content\/uploads\/2024\/03\/nyord-vom-Wind-und-wiesen-810x541.jpeg 810w, https:\/\/www.insel-moen.de\/wp-content\/uploads\/2024\/03\/nyord-vom-Wind-und-wiesen-1200x801.jpeg 1200w, https:\/\/www.insel-moen.de\/wp-content\/uploads\/2024\/03\/nyord-vom-Wind-und-wiesen.jpeg 1600w\" sizes=\"auto, (max-width: 1024px) 100vw, 1024px\" \/><\/a><\/figure>\n<p>Nyord is een klein, autovrij eiland dat bekend staat om zijn ongerepte natuur en rust. Een wandeling door het dorp of langs de kustweiden biedt perfecte momenten om te onthaasten en is ideaal voor natuurliefhebbers.<\/p>\n\n<div class=\"wp-block-buttons is-layout-flex wp-block-buttons-is-layout-flex\">\n<div class=\"wp-block-button\"><a class=\"wp-block-button__link wp-element-button\" href=\"https:\/\/www.insel-moen.de\/nl\/ontdek-nyord-een-idylle-tussen-moen-en-seeland\/\">meer leren<\/a><\/div>\n<\/div>\n\n<h2 class=\"wp-block-heading\"><strong>Dark Sky Park en Dark Sky Reserve M\u00f8ns Klint<\/strong><\/h2>\n\n<figure class=\"wp-block-image size-large\"><a href=\"https:\/\/www.insel-moen.de\/wp-content\/uploads\/2024\/03\/sark-sky-soemarke-dyssen-auf-moen-1024x683.jpeg\"><img loading=\"lazy\" decoding=\"async\" width=\"1024\" height=\"683\" src=\"https:\/\/www.insel-moen.de\/wp-content\/uploads\/2024\/03\/sark-sky-soemarke-dyssen-auf-moen-1024x683.jpeg\" alt=\"Dark Sky Park op M&#xF6;n. Een nieuw gezicht\" class=\"wp-image-7073\" srcset=\"https:\/\/www.insel-moen.de\/wp-content\/uploads\/2024\/03\/sark-sky-soemarke-dyssen-auf-moen-1024x683.jpeg 1024w, https:\/\/www.insel-moen.de\/wp-content\/uploads\/2024\/03\/sark-sky-soemarke-dyssen-auf-moen-300x200.jpeg 300w, https:\/\/www.insel-moen.de\/wp-content\/uploads\/2024\/03\/sark-sky-soemarke-dyssen-auf-moen-768x512.jpeg 768w, https:\/\/www.insel-moen.de\/wp-content\/uploads\/2024\/03\/sark-sky-soemarke-dyssen-auf-moen-1536x1024.jpeg 1536w, https:\/\/www.insel-moen.de\/wp-content\/uploads\/2024\/03\/sark-sky-soemarke-dyssen-auf-moen-810x540.jpeg 810w, https:\/\/www.insel-moen.de\/wp-content\/uploads\/2024\/03\/sark-sky-soemarke-dyssen-auf-moen-1200x800.jpeg 1200w, https:\/\/www.insel-moen.de\/wp-content\/uploads\/2024\/03\/sark-sky-soemarke-dyssen-auf-moen.jpeg 1600w\" sizes=\"auto, (max-width: 1024px) 100vw, 1024px\" \/><\/a><\/figure>\n<p>Als een van de eerste officieel erkende dark sky parken in Europa biedt M\u00f8ns Klint ongelooflijke mogelijkheden om sterren te kijken. De geringe lichtvervuiling maakt het mogelijk om op heldere nachten de Melkweg en ontelbare sterren te bewonderen, wat een bijzonder hoogtepunt is voor liefhebbers van astronomie.<\/p>\n\n<div class=\"wp-block-buttons is-layout-flex wp-block-buttons-is-layout-flex\">\n<div class=\"wp-block-button\"><a class=\"wp-block-button__link wp-element-button\" href=\"https:\/\/www.insel-moen.de\/nl\/het-dark-sky-park-op-moen-en-nyord-een-paradijs-voor-sterrenkijkers\/\">meer leren<\/a><\/div>\n<\/div>\n\n<h2 class=\"wp-block-heading\"><strong>Conclusie<\/strong><\/h2>\n\n<p>M\u00f8n is een eiland dat elke bezoeker betovert met zijn diversiteit, van de diepe geschiedenis tot de indrukwekkende natuur. Of je nu ge\u00efnteresseerd bent in geschiedenis, kunst of natuur, M\u00f8n heeft genoeg schatten om te ontdekken. Plan je volgende vakantie op dit prachtige eiland en ervaar zelf waarom M\u00f8n zo&#8217;n bijzondere plek is.<\/p>\n\n<div class=\"wp-block-columns has-2-columns is-layout-flex wp-container-core-columns-is-layout-9d6595d7 wp-block-columns-is-layout-flex\">\n<div class=\"wp-block-column is-layout-flow wp-block-column-is-layout-flow\">\n<figure class=\"wp-block-image\"><img loading=\"lazy\" decoding=\"async\" width=\"1024\" height=\"683\" src=\"https:\/\/www.insel-moen.de\/wp-content\/uploads\/2019\/07\/baden-auf-moen-1024x683.jpg\" alt=\"\" class=\"wp-image-344\" srcset=\"https:\/\/www.insel-moen.de\/wp-content\/uploads\/2019\/07\/baden-auf-moen-1024x683.jpg 1024w, https:\/\/www.insel-moen.de\/wp-content\/uploads\/2019\/07\/baden-auf-moen-300x200.jpg 300w, https:\/\/www.insel-moen.de\/wp-content\/uploads\/2019\/07\/baden-auf-moen-768x512.jpg 768w, https:\/\/www.insel-moen.de\/wp-content\/uploads\/2019\/07\/baden-auf-moen-810x540.jpg 810w, https:\/\/www.insel-moen.de\/wp-content\/uploads\/2019\/07\/baden-auf-moen-560x373.jpg 560w, https:\/\/www.insel-moen.de\/wp-content\/uploads\/2019\/07\/baden-auf-moen-975x650.jpg 975w, https:\/\/www.insel-moen.de\/wp-content\/uploads\/2019\/07\/baden-auf-moen-120x80.jpg 120w, https:\/\/www.insel-moen.de\/wp-content\/uploads\/2019\/07\/baden-auf-moen.jpg 1920w\" sizes=\"auto, (max-width: 1024px) 100vw, 1024px\" \/><\/figure>\n\n\n<h2 class=\"wp-block-heading\">Zwemmen op het eiland M\u00f6n<\/h2>\n\n\n\n<p>Er zijn geweldige stranden op het eiland M\u00f6n. We laten je er een paar zien.<\/p>\n\n\n\n<div class=\"wp-block-button\"><a class=\"wp-block-button__link wp-element-button\" href=\"https:\/\/www.insel-moen.de\/aktiv\/baden-auf-der-insel-moen\/\">Baden op de M\u00f6n<\/a><\/div>\n<\/div>\n\n\n\n<div class=\"wp-block-column is-layout-flow wp-block-column-is-layout-flow\">\n<div class=\"wp-block-columns has-2-columns is-layout-flex wp-container-core-columns-is-layout-9d6595d7 wp-block-columns-is-layout-flex\">\n<div class=\"wp-block-column is-layout-flow wp-block-column-is-layout-flow\">\n<figure class=\"wp-block-image\"><img loading=\"lazy\" decoding=\"async\" width=\"1024\" height=\"682\" src=\"https:\/\/www.insel-moen.de\/wp-content\/uploads\/2019\/07\/kite-surfen-auf-der-insel-moen-1024x682.jpg\" alt=\"\" class=\"wp-image-347\" srcset=\"https:\/\/www.insel-moen.de\/wp-content\/uploads\/2019\/07\/kite-surfen-auf-der-insel-moen.jpg 1024w, https:\/\/www.insel-moen.de\/wp-content\/uploads\/2019\/07\/kite-surfen-auf-der-insel-moen-300x200.jpg 300w, https:\/\/www.insel-moen.de\/wp-content\/uploads\/2019\/07\/kite-surfen-auf-der-insel-moen-768x512.jpg 768w, https:\/\/www.insel-moen.de\/wp-content\/uploads\/2019\/07\/kite-surfen-auf-der-insel-moen-810x539.jpg 810w, https:\/\/www.insel-moen.de\/wp-content\/uploads\/2019\/07\/kite-surfen-auf-der-insel-moen-560x373.jpg 560w, https:\/\/www.insel-moen.de\/wp-content\/uploads\/2019\/07\/kite-surfen-auf-der-insel-moen-976x650.jpg 976w, https:\/\/www.insel-moen.de\/wp-content\/uploads\/2019\/07\/kite-surfen-auf-der-insel-moen-120x80.jpg 120w\" sizes=\"auto, (max-width: 1024px) 100vw, 1024px\" \/><\/figure>\n\n\n<h2 class=\"wp-block-heading\">Kitesurfen  <\/h2>\n\n\n\n<p>Het eiland is ideaal om te kiten<\/p>\n\n\n\n<div class=\"wp-block-button\"><a class=\"wp-block-button__link wp-element-button\" href=\"https:\/\/www.insel-moen.de\/aktiv\/kite-surfen-auf-der-insel-moen\/\">Vlieger info<\/a><\/div>\n<\/div>\n\n\n\n<div class=\"wp-block-column is-layout-flow wp-block-column-is-layout-flow\">\n<figure class=\"wp-block-image\"><img loading=\"lazy\" decoding=\"async\" width=\"1024\" height=\"683\" src=\"https:\/\/www.insel-moen.de\/wp-content\/uploads\/2019\/07\/rad-fahren-auf-moen-1024x683.jpg\" alt=\"\" class=\"wp-image-351\" srcset=\"https:\/\/www.insel-moen.de\/wp-content\/uploads\/2019\/07\/rad-fahren-auf-moen-1024x683.jpg 1024w, https:\/\/www.insel-moen.de\/wp-content\/uploads\/2019\/07\/rad-fahren-auf-moen-300x200.jpg 300w, https:\/\/www.insel-moen.de\/wp-content\/uploads\/2019\/07\/rad-fahren-auf-moen-768x512.jpg 768w, https:\/\/www.insel-moen.de\/wp-content\/uploads\/2019\/07\/rad-fahren-auf-moen-810x540.jpg 810w, https:\/\/www.insel-moen.de\/wp-content\/uploads\/2019\/07\/rad-fahren-auf-moen-560x373.jpg 560w, https:\/\/www.insel-moen.de\/wp-content\/uploads\/2019\/07\/rad-fahren-auf-moen-975x650.jpg 975w, https:\/\/www.insel-moen.de\/wp-content\/uploads\/2019\/07\/rad-fahren-auf-moen-120x80.jpg 120w, https:\/\/www.insel-moen.de\/wp-content\/uploads\/2019\/07\/rad-fahren-auf-moen.jpg 1920w\" sizes=\"auto, (max-width: 1024px) 100vw, 1024px\" \/><\/figure>\n\n\n<h2 class=\"wp-block-heading\">Fietsen<\/h2>\n\n\n\n<p>Fietsroutes op de M\u00f6n<\/p>\n\n\n\n<div class=\"wp-block-button\"><a class=\"wp-block-button__link wp-element-button\" href=\"https:\/\/www.insel-moen.de\/aktiv\/panorama-radrouten\/\">Fietstips<\/a><\/div>\n<\/div>\n<\/div>\n<\/div>\n<\/div>\n","protected":false},"excerpt":{"rendered":"<p>Ontdek de wonderen van M\u00f8n &#8211; Een reisgids met de mooiste bezienswaardigheden Welkom op M\u00f8n, een eiland dat niet alleen indruk maakt met zijn natuurlijke schoonheid, maar ook met een rijk cultureel erfgoed dat bezoekers van over de hele wereld aantrekt. Hier is elke dag een avontuur en vertelt elke hoek zijn eigen verhaal. GeoCentrum [&hellip;]<\/p>\n","protected":false},"author":3,"featured_media":0,"parent":0,"menu_order":0,"comment_status":"closed","ping_status":"open","template":"templates\/template-full-width.php","meta":{"footnotes":""},"class_list":["post-8588","page","type-page","status-publish","hentry"],"yoast_head":"<!-- This site is optimized with the Yoast SEO plugin v24.5 - https:\/\/yoast.com\/wordpress\/plugins\/seo\/ -->\n<title>Bezienswaardigheden op het eiland M\u00f6n<\/title>\n<meta name=\"robots\" content=\"index, follow, max-snippet:-1, max-image-preview:large, max-video-preview:-1\" \/>\n<link rel=\"canonical\" href=\"https:\/\/www.insel-moen.de\/nl\/bezienswaardigheden-en-activiteiten-op-moen\/\" \/>\n<meta property=\"og:locale\" content=\"nl_NL\" \/>\n<meta property=\"og:type\" content=\"article\" \/>\n<meta property=\"og:title\" content=\"Bezienswaardigheden op het eiland M\u00f6n\" \/>\n<meta property=\"og:description\" content=\"Ontdek de wonderen van M\u00f8n &#8211; Een reisgids met de mooiste bezienswaardigheden Welkom op M\u00f8n, een eiland dat niet alleen indruk maakt met zijn natuurlijke schoonheid, maar ook met een rijk cultureel erfgoed dat bezoekers van over de hele wereld aantrekt. Hier is elke dag een avontuur en vertelt elke hoek zijn eigen verhaal. GeoCentrum [&hellip;]\" \/>\n<meta property=\"og:url\" content=\"https:\/\/www.insel-moen.de\/nl\/bezienswaardigheden-en-activiteiten-op-moen\/\" \/>\n<meta property=\"og:site_name\" content=\"Insel M\u00f6n\" \/>\n<meta property=\"article:modified_time\" content=\"2024-05-16T09:12:52+00:00\" \/>\n<meta property=\"og:image\" content=\"https:\/\/www.insel-moen.de\/wp-content\/uploads\/2024\/03\/moens-klint-5_&#xA9;Daniel-Villadsen-medium-1024x768.jpg\" \/>\n<meta name=\"twitter:card\" content=\"summary_large_image\" \/>\n<meta name=\"twitter:label1\" content=\"Geschatte leestijd\" \/>\n\t<meta name=\"twitter:data1\" content=\"3 minuten\" \/>\n<script type=\"application\/ld+json\" class=\"yoast-schema-graph\">{\"@context\":\"https:\/\/schema.org\",\"@graph\":[{\"@type\":\"WebPage\",\"@id\":\"https:\/\/www.insel-moen.de\/nl\/bezienswaardigheden-en-activiteiten-op-moen\/\",\"url\":\"https:\/\/www.insel-moen.de\/nl\/bezienswaardigheden-en-activiteiten-op-moen\/\",\"name\":\"Bezienswaardigheden op het eiland M\u00f6n\",\"isPartOf\":{\"@id\":\"https:\/\/www.insel-moen.de\/nl\/#website\"},\"primaryImageOfPage\":{\"@id\":\"https:\/\/www.insel-moen.de\/nl\/bezienswaardigheden-en-activiteiten-op-moen\/#primaryimage\"},\"image\":{\"@id\":\"https:\/\/www.insel-moen.de\/nl\/bezienswaardigheden-en-activiteiten-op-moen\/#primaryimage\"},\"thumbnailUrl\":\"https:\/\/www.insel-moen.de\/wp-content\/uploads\/2024\/03\/moens-klint-5_&#xA9;Daniel-Villadsen-medium-1024x768.jpg\",\"datePublished\":\"2024-05-16T09:12:50+00:00\",\"dateModified\":\"2024-05-16T09:12:52+00:00\",\"breadcrumb\":{\"@id\":\"https:\/\/www.insel-moen.de\/nl\/bezienswaardigheden-en-activiteiten-op-moen\/#breadcrumb\"},\"inLanguage\":\"nl-NL\",\"potentialAction\":[{\"@type\":\"ReadAction\",\"target\":[\"https:\/\/www.insel-moen.de\/nl\/bezienswaardigheden-en-activiteiten-op-moen\/\"]}]},{\"@type\":\"ImageObject\",\"inLanguage\":\"nl-NL\",\"@id\":\"https:\/\/www.insel-moen.de\/nl\/bezienswaardigheden-en-activiteiten-op-moen\/#primaryimage\",\"url\":\"https:\/\/www.insel-moen.de\/wp-content\/uploads\/2024\/03\/moens-klint-5_&#xA9;Daniel-Villadsen-medium-1024x768.jpg\",\"contentUrl\":\"https:\/\/www.insel-moen.de\/wp-content\/uploads\/2024\/03\/moens-klint-5_&#xA9;Daniel-Villadsen-medium-1024x768.jpg\"},{\"@type\":\"BreadcrumbList\",\"@id\":\"https:\/\/www.insel-moen.de\/nl\/bezienswaardigheden-en-activiteiten-op-moen\/#breadcrumb\",\"itemListElement\":[{\"@type\":\"ListItem\",\"position\":1,\"name\":\"Startseite\",\"item\":\"https:\/\/www.insel-moen.de\/nl\/welkom-op-het-eiland-moen\/\"},{\"@type\":\"ListItem\",\"position\":2,\"name\":\"Bezienswaardigheden en activiteiten op M\u00f8n\"}]},{\"@type\":\"WebSite\",\"@id\":\"https:\/\/www.insel-moen.de\/nl\/#website\",\"url\":\"https:\/\/www.insel-moen.de\/nl\/\",\"name\":\"Insel M\u00f6n\",\"description\":\"INSEL M\u00d6N - Urlaub in der D\u00e4nischen S\u00fcdsee\",\"publisher\":{\"@id\":\"https:\/\/www.insel-moen.de\/nl\/#organization\"},\"potentialAction\":[{\"@type\":\"SearchAction\",\"target\":{\"@type\":\"EntryPoint\",\"urlTemplate\":\"https:\/\/www.insel-moen.de\/nl\/?s={search_term_string}\"},\"query-input\":{\"@type\":\"PropertyValueSpecification\",\"valueRequired\":true,\"valueName\":\"search_term_string\"}}],\"inLanguage\":\"nl-NL\"},{\"@type\":\"Organization\",\"@id\":\"https:\/\/www.insel-moen.de\/nl\/#organization\",\"name\":\"www.insel-moen.de\",\"url\":\"https:\/\/www.insel-moen.de\/nl\/\",\"logo\":{\"@type\":\"ImageObject\",\"inLanguage\":\"nl-NL\",\"@id\":\"https:\/\/www.insel-moen.de\/nl\/#\/schema\/logo\/image\/\",\"url\":\"https:\/\/www.insel-moen.de\/wp-content\/uploads\/2023\/08\/cropped-daenemark-logo-neu-klein.png\",\"contentUrl\":\"https:\/\/www.insel-moen.de\/wp-content\/uploads\/2023\/08\/cropped-daenemark-logo-neu-klein.png\",\"width\":100,\"height\":101,\"caption\":\"www.insel-moen.de\"},\"image\":{\"@id\":\"https:\/\/www.insel-moen.de\/nl\/#\/schema\/logo\/image\/\"}}]}<\/script>\n<!-- \/ Yoast SEO plugin. -->","yoast_head_json":{"title":"Bezienswaardigheden op het eiland M\u00f6n","robots":{"index":"index","follow":"follow","max-snippet":"max-snippet:-1","max-image-preview":"max-image-preview:large","max-video-preview":"max-video-preview:-1"},"canonical":"https:\/\/www.insel-moen.de\/nl\/bezienswaardigheden-en-activiteiten-op-moen\/","og_locale":"nl_NL","og_type":"article","og_title":"Bezienswaardigheden op het eiland M\u00f6n","og_description":"Ontdek de wonderen van M\u00f8n &#8211; Een reisgids met de mooiste bezienswaardigheden Welkom op M\u00f8n, een eiland dat niet alleen indruk maakt met zijn natuurlijke schoonheid, maar ook met een rijk cultureel erfgoed dat bezoekers van over de hele wereld aantrekt. Hier is elke dag een avontuur en vertelt elke hoek zijn eigen verhaal. GeoCentrum [&hellip;]","og_url":"https:\/\/www.insel-moen.de\/nl\/bezienswaardigheden-en-activiteiten-op-moen\/","og_site_name":"Insel M\u00f6n","article_modified_time":"2024-05-16T09:12:52+00:00","og_image":[{"url":"https:\/\/www.insel-moen.de\/wp-content\/uploads\/2024\/03\/moens-klint-5_&#xA9;Daniel-Villadsen-medium-1024x768.jpg","type":"","width":"","height":""}],"twitter_card":"summary_large_image","twitter_misc":{"Geschatte leestijd":"3 minuten"},"schema":{"@context":"https:\/\/schema.org","@graph":[{"@type":"WebPage","@id":"https:\/\/www.insel-moen.de\/nl\/bezienswaardigheden-en-activiteiten-op-moen\/","url":"https:\/\/www.insel-moen.de\/nl\/bezienswaardigheden-en-activiteiten-op-moen\/","name":"Bezienswaardigheden op het eiland M\u00f6n","isPartOf":{"@id":"https:\/\/www.insel-moen.de\/nl\/#website"},"primaryImageOfPage":{"@id":"https:\/\/www.insel-moen.de\/nl\/bezienswaardigheden-en-activiteiten-op-moen\/#primaryimage"},"image":{"@id":"https:\/\/www.insel-moen.de\/nl\/bezienswaardigheden-en-activiteiten-op-moen\/#primaryimage"},"thumbnailUrl":"https:\/\/www.insel-moen.de\/wp-content\/uploads\/2024\/03\/moens-klint-5_&#xA9;Daniel-Villadsen-medium-1024x768.jpg","datePublished":"2024-05-16T09:12:50+00:00","dateModified":"2024-05-16T09:12:52+00:00","breadcrumb":{"@id":"https:\/\/www.insel-moen.de\/nl\/bezienswaardigheden-en-activiteiten-op-moen\/#breadcrumb"},"inLanguage":"nl-NL","potentialAction":[{"@type":"ReadAction","target":["https:\/\/www.insel-moen.de\/nl\/bezienswaardigheden-en-activiteiten-op-moen\/"]}]},{"@type":"ImageObject","inLanguage":"nl-NL","@id":"https:\/\/www.insel-moen.de\/nl\/bezienswaardigheden-en-activiteiten-op-moen\/#primaryimage","url":"https:\/\/www.insel-moen.de\/wp-content\/uploads\/2024\/03\/moens-klint-5_&#xA9;Daniel-Villadsen-medium-1024x768.jpg","contentUrl":"https:\/\/www.insel-moen.de\/wp-content\/uploads\/2024\/03\/moens-klint-5_&#xA9;Daniel-Villadsen-medium-1024x768.jpg"},{"@type":"BreadcrumbList","@id":"https:\/\/www.insel-moen.de\/nl\/bezienswaardigheden-en-activiteiten-op-moen\/#breadcrumb","itemListElement":[{"@type":"ListItem","position":1,"name":"Startseite","item":"https:\/\/www.insel-moen.de\/nl\/welkom-op-het-eiland-moen\/"},{"@type":"ListItem","position":2,"name":"Bezienswaardigheden en activiteiten op M\u00f8n"}]},{"@type":"WebSite","@id":"https:\/\/www.insel-moen.de\/nl\/#website","url":"https:\/\/www.insel-moen.de\/nl\/","name":"Insel M\u00f6n","description":"INSEL M\u00d6N - Urlaub in der D\u00e4nischen S\u00fcdsee","publisher":{"@id":"https:\/\/www.insel-moen.de\/nl\/#organization"},"potentialAction":[{"@type":"SearchAction","target":{"@type":"EntryPoint","urlTemplate":"https:\/\/www.insel-moen.de\/nl\/?s={search_term_string}"},"query-input":{"@type":"PropertyValueSpecification","valueRequired":true,"valueName":"search_term_string"}}],"inLanguage":"nl-NL"},{"@type":"Organization","@id":"https:\/\/www.insel-moen.de\/nl\/#organization","name":"www.insel-moen.de","url":"https:\/\/www.insel-moen.de\/nl\/","logo":{"@type":"ImageObject","inLanguage":"nl-NL","@id":"https:\/\/www.insel-moen.de\/nl\/#\/schema\/logo\/image\/","url":"https:\/\/www.insel-moen.de\/wp-content\/uploads\/2023\/08\/cropped-daenemark-logo-neu-klein.png","contentUrl":"https:\/\/www.insel-moen.de\/wp-content\/uploads\/2023\/08\/cropped-daenemark-logo-neu-klein.png","width":100,"height":101,"caption":"www.insel-moen.de"},"image":{"@id":"https:\/\/www.insel-moen.de\/nl\/#\/schema\/logo\/image\/"}}]}},"_links":{"self":[{"href":"https:\/\/www.insel-moen.de\/nl\/wp-json\/wp\/v2\/pages\/8588","targetHints":{"allow":["GET"]}}],"collection":[{"href":"https:\/\/www.insel-moen.de\/nl\/wp-json\/wp\/v2\/pages"}],"about":[{"href":"https:\/\/www.insel-moen.de\/nl\/wp-json\/wp\/v2\/types\/page"}],"author":[{"embeddable":true,"href":"https:\/\/www.insel-moen.de\/nl\/wp-json\/wp\/v2\/users\/3"}],"replies":[{"embeddable":true,"href":"https:\/\/www.insel-moen.de\/nl\/wp-json\/wp\/v2\/comments?post=8588"}],"version-history":[{"count":1,"href":"https:\/\/www.insel-moen.de\/nl\/wp-json\/wp\/v2\/pages\/8588\/revisions"}],"predecessor-version":[{"id":8597,"href":"https:\/\/www.insel-moen.de\/nl\/wp-json\/wp\/v2\/pages\/8588\/revisions\/8597"}],"wp:attachment":[{"href":"https:\/\/www.insel-moen.de\/nl\/wp-json\/wp\/v2\/media?parent=8588"}],"curies":[{"name":"wp","href":"https:\/\/api.w.org\/{rel}","templated":true}]}}