{"id":8522,"date":"2024-05-16T09:12:40","date_gmt":"2024-05-16T09:12:40","guid":{"rendered":"https:\/\/www.insel-moen.de\/vakantiehuizen-op-het-eiland-moen\/vakantiehuis-op-moen-met-hond\/"},"modified":"2024-05-16T09:12:42","modified_gmt":"2024-05-16T09:12:42","slug":"vakantiehuis-op-moen-met-hond","status":"publish","type":"page","link":"https:\/\/www.insel-moen.de\/nl\/vakantiehuizen-op-het-eiland-moen\/vakantiehuis-op-moen-met-hond\/","title":{"rendered":"Vakantiehuis op M\u00f6n met hond"},"content":{"rendered":"<div style=\"width: 100%\" id=\"c24pp-holidayhome-iframe\" data-q=\"M\u00f8n\" region_id=\"71\" data-animals_maximum_min=\"1\"><\/div>\n<p><script src=\"https:\/\/files.check24.net\/widgets\/auto\/124552\/c24pp-holidayhome-iframe\/holidayhome-iframe.js\"><\/script><\/p>\n\n<h2 class=\"wp-block-heading\">Met de hond naar M\u00f6n<\/h2>\n\n<p>  Het eiland M\u00f6n is ideaal voor een vakantie met je hond. We hebben in deze vakantieregio tal van vakantiehuizen met een huisdierenvergunning in ons programma die het mogelijk maken om je hond mee te nemen en die hier ook op zijn ingericht. Het strand van M\u00f6n biedt je trouwe viervoeter voldoende beweging.  <\/p>\n\n<h2 class=\"wp-block-heading\"><strong>Vakantiehuizen op M\u00f6n met uw hond<\/strong><\/h2>\n\n<h3 class=\"wp-block-heading\">Overnachting op de M\u00f6n met hond toegestaan &#8211; zonder extra kosten.<br\/><\/h3>\n\n<p>Vakantietijd is familietijd en je huisdier is een belangrijk lid van de familie! Net als zijn &#8220;mensen&#8221; houdt de hond van lange wandelingen, gezellige speelmomenten, ontspannende uren in de schaduw of &#8220;watersporten&#8221; op het strand. Het maakt deel uit van het beeld van een harmonieuze gezinsvakantie.<\/p>\n\n<p>Op Atraveo kun je je huisdier meenemen naar veel vakantiehuizen. Als je op zoek bent naar een vakantiehuis waar je hond is toegestaan, hoef je alleen maar het zoekcriterium &#8220;Huisdieren toegestaan&#8221; te selecteren en dit aan te vinken met &#8220;Ja&#8221;. Dan krijg je alle vakantiehuizen waar vakantiegangers met vier poten welkom zijn.<br\/><\/p>\n\n<h3 class=\"wp-block-heading\"><strong>Het is gemakkelijk en handig om je hond mee te nemen op vakantie in een huisje<\/strong><\/h3>\n\n<p>Beide huiscategorie\u00ebn staan max. 2 dieren van de soort: hond, kat, konijn, cavia, hamster en schildpad. Als je bijvoorbeeld je hond meeneemt naar een vakantiehuis, hoef je je geen zorgen te maken over extra schoonmaakkosten. Het is helemaal gratis om je hond mee te nemen naar een vakantiehuis van Novasol. Vergeet niet om de hond schoon te maken en schoon te maken zoals gewoonlijk wanneer je weggaat. Je kunt natuurlijk ook kiezen voor een eindschoonmaak, dan zwaaien we de stofzuiger naar de hut.<br\/><\/p>\n\n<h3 class=\"wp-block-heading\"><strong>Bij het boeken van je vakantiehuis op M\u00f6n is het altijd raadzaam om aan te geven of je huisdieren meeneemt.<\/strong><\/h3>\n\n<p><strong>In alle vakantiehuizen met het symbool op de hond zijn alle viervoetige vakantiegangers welkom bij M\u00f6n.<\/strong><\/p>\n\n<p>Je mag max. 2 huisdieren zijn toegestaan tijdens het verblijf, tenzij anders vermeld volgens M\u00f6n.<\/p>\n\n<p>Als je meer wilt weten over de regels voor het reizen met een hond in het wild, kun je ze vinden op Forest and Nature Agency.<br\/><\/p>\n\n<h3 class=\"wp-block-heading\">Hondenbossen in Denemarken<\/h3>\n\n<p><\/p>\n\n<p>Er zijn veel hondenbossen in Denemarken waar je met een loslopende hond moet reizen. Op deze pagina vind je een overzicht van de bossen in Denemarken:  <\/p>\n\n<p><a href=\"http:\/\/www.naturstyrelsen.dk\/Udgivelser\/Foldere\/Hunde\/hund.htm\">http:\/\/www.naturstyrelsen.dk\/Udgivelser\/Foldere\/Hunde\/hund.htm<\/a><\/p>\n\n<figure class=\"wp-block-embed\"><div class=\"wp-block-embed__wrapper\">\nhttps:\/\/dyr.dk\/hundeskove\n<\/div><\/figure>\n\n<p>Zwemmen in zee stimuleert de bloedsomloop en brengt je hond in beweging. Het gevarieerde landschap van het eiland M\u00f6n met M\u00f6ns Klint of het nabijgelegen safaripark biedt je hond volop nieuwe avonturen. Honden zijn ook toegestaan op de veerboot naar Denemarken (Rostock-&gt;Gedser op Falster) &#8211; er zijn drinkbakken beschikbaar. Trakteer jezelf en je hond dus op een vakantie op het Deense eiland M\u00f6n. We raden Ulvshale, Bog\u00f6 of de hoofdstad van het eiland Stege aan.  <\/p>\n","protected":false},"excerpt":{"rendered":"<p>Met de hond naar M\u00f6n Het eiland M\u00f6n is ideaal voor een vakantie met je hond. We hebben in deze vakantieregio tal van vakantiehuizen met een huisdierenvergunning in ons programma die het mogelijk maken om je hond mee te nemen en die hier ook op zijn ingericht. Het strand van M\u00f6n biedt je trouwe viervoeter [&hellip;]<\/p>\n","protected":false},"author":3,"featured_media":8526,"parent":8471,"menu_order":0,"comment_status":"closed","ping_status":"open","template":"","meta":{"footnotes":""},"class_list":["post-8522","page","type-page","status-publish","has-post-thumbnail","hentry"],"yoast_head":"<!-- This site is optimized with the Yoast SEO plugin v24.5 - https:\/\/yoast.com\/wordpress\/plugins\/seo\/ -->\n<title>Vakantiehuis op M\u00f6n met hond - Insel M\u00f6n<\/title>\n<meta name=\"robots\" content=\"index, follow, max-snippet:-1, max-image-preview:large, max-video-preview:-1\" \/>\n<link rel=\"canonical\" href=\"https:\/\/www.insel-moen.de\/nl\/vakantiehuizen-op-het-eiland-moen\/vakantiehuis-op-moen-met-hond\/\" \/>\n<meta property=\"og:locale\" content=\"nl_NL\" \/>\n<meta property=\"og:type\" content=\"article\" \/>\n<meta property=\"og:title\" content=\"Vakantiehuis op M\u00f6n met hond - Insel M\u00f6n\" \/>\n<meta property=\"og:description\" content=\"Met de hond naar M\u00f6n Het eiland M\u00f6n is ideaal voor een vakantie met je hond. We hebben in deze vakantieregio tal van vakantiehuizen met een huisdierenvergunning in ons programma die het mogelijk maken om je hond mee te nemen en die hier ook op zijn ingericht. Het strand van M\u00f6n biedt je trouwe viervoeter [&hellip;]\" \/>\n<meta property=\"og:url\" content=\"https:\/\/www.insel-moen.de\/nl\/vakantiehuizen-op-het-eiland-moen\/vakantiehuis-op-moen-met-hond\/\" \/>\n<meta property=\"og:site_name\" content=\"Insel M\u00f6n\" \/>\n<meta property=\"article:modified_time\" content=\"2024-05-16T09:12:42+00:00\" \/>\n<meta property=\"og:image\" content=\"https:\/\/www.insel-moen.de\/wp-content\/uploads\/2019\/06\/L\u00f8kken_32275-large.jpg\" \/>\n\t<meta property=\"og:image:width\" content=\"1920\" \/>\n\t<meta property=\"og:image:height\" content=\"1281\" \/>\n\t<meta property=\"og:image:type\" content=\"image\/jpeg\" \/>\n<meta name=\"twitter:card\" content=\"summary_large_image\" \/>\n<meta name=\"twitter:label1\" content=\"Geschatte leestijd\" \/>\n\t<meta name=\"twitter:data1\" content=\"2 minuten\" \/>\n<script type=\"application\/ld+json\" class=\"yoast-schema-graph\">{\"@context\":\"https:\/\/schema.org\",\"@graph\":[{\"@type\":\"WebPage\",\"@id\":\"https:\/\/www.insel-moen.de\/nl\/vakantiehuizen-op-het-eiland-moen\/vakantiehuis-op-moen-met-hond\/\",\"url\":\"https:\/\/www.insel-moen.de\/nl\/vakantiehuizen-op-het-eiland-moen\/vakantiehuis-op-moen-met-hond\/\",\"name\":\"Vakantiehuis op M\u00f6n met hond - Insel M\u00f6n\",\"isPartOf\":{\"@id\":\"https:\/\/www.insel-moen.de\/nl\/#website\"},\"primaryImageOfPage\":{\"@id\":\"https:\/\/www.insel-moen.de\/nl\/vakantiehuizen-op-het-eiland-moen\/vakantiehuis-op-moen-met-hond\/#primaryimage\"},\"image\":{\"@id\":\"https:\/\/www.insel-moen.de\/nl\/vakantiehuizen-op-het-eiland-moen\/vakantiehuis-op-moen-met-hond\/#primaryimage\"},\"thumbnailUrl\":\"https:\/\/www.insel-moen.de\/wp-content\/uploads\/2019\/06\/L\u00f8kken_32275-large.jpg\",\"datePublished\":\"2024-05-16T09:12:40+00:00\",\"dateModified\":\"2024-05-16T09:12:42+00:00\",\"breadcrumb\":{\"@id\":\"https:\/\/www.insel-moen.de\/nl\/vakantiehuizen-op-het-eiland-moen\/vakantiehuis-op-moen-met-hond\/#breadcrumb\"},\"inLanguage\":\"nl-NL\",\"potentialAction\":[{\"@type\":\"ReadAction\",\"target\":[\"https:\/\/www.insel-moen.de\/nl\/vakantiehuizen-op-het-eiland-moen\/vakantiehuis-op-moen-met-hond\/\"]}]},{\"@type\":\"ImageObject\",\"inLanguage\":\"nl-NL\",\"@id\":\"https:\/\/www.insel-moen.de\/nl\/vakantiehuizen-op-het-eiland-moen\/vakantiehuis-op-moen-met-hond\/#primaryimage\",\"url\":\"https:\/\/www.insel-moen.de\/wp-content\/uploads\/2019\/06\/L\u00f8kken_32275-large.jpg\",\"contentUrl\":\"https:\/\/www.insel-moen.de\/wp-content\/uploads\/2019\/06\/L\u00f8kken_32275-large.jpg\",\"width\":1920,\"height\":1281},{\"@type\":\"BreadcrumbList\",\"@id\":\"https:\/\/www.insel-moen.de\/nl\/vakantiehuizen-op-het-eiland-moen\/vakantiehuis-op-moen-met-hond\/#breadcrumb\",\"itemListElement\":[{\"@type\":\"ListItem\",\"position\":1,\"name\":\"Startseite\",\"item\":\"https:\/\/www.insel-moen.de\/nl\/welkom-op-het-eiland-moen\/\"},{\"@type\":\"ListItem\",\"position\":2,\"name\":\"Vakantiehuizen op het eiland M\u00f6n\",\"item\":\"https:\/\/www.insel-moen.de\/nl\/vakantiehuizen-op-het-eiland-moen\/\"},{\"@type\":\"ListItem\",\"position\":3,\"name\":\"Vakantiehuis op M\u00f6n met hond\"}]},{\"@type\":\"WebSite\",\"@id\":\"https:\/\/www.insel-moen.de\/nl\/#website\",\"url\":\"https:\/\/www.insel-moen.de\/nl\/\",\"name\":\"Insel M\u00f6n\",\"description\":\"INSEL M\u00d6N - Urlaub in der D\u00e4nischen S\u00fcdsee\",\"publisher\":{\"@id\":\"https:\/\/www.insel-moen.de\/nl\/#organization\"},\"potentialAction\":[{\"@type\":\"SearchAction\",\"target\":{\"@type\":\"EntryPoint\",\"urlTemplate\":\"https:\/\/www.insel-moen.de\/nl\/?s={search_term_string}\"},\"query-input\":{\"@type\":\"PropertyValueSpecification\",\"valueRequired\":true,\"valueName\":\"search_term_string\"}}],\"inLanguage\":\"nl-NL\"},{\"@type\":\"Organization\",\"@id\":\"https:\/\/www.insel-moen.de\/nl\/#organization\",\"name\":\"www.insel-moen.de\",\"url\":\"https:\/\/www.insel-moen.de\/nl\/\",\"logo\":{\"@type\":\"ImageObject\",\"inLanguage\":\"nl-NL\",\"@id\":\"https:\/\/www.insel-moen.de\/nl\/#\/schema\/logo\/image\/\",\"url\":\"https:\/\/www.insel-moen.de\/wp-content\/uploads\/2023\/08\/cropped-daenemark-logo-neu-klein.png\",\"contentUrl\":\"https:\/\/www.insel-moen.de\/wp-content\/uploads\/2023\/08\/cropped-daenemark-logo-neu-klein.png\",\"width\":100,\"height\":101,\"caption\":\"www.insel-moen.de\"},\"image\":{\"@id\":\"https:\/\/www.insel-moen.de\/nl\/#\/schema\/logo\/image\/\"}}]}<\/script>\n<!-- \/ Yoast SEO plugin. -->","yoast_head_json":{"title":"Vakantiehuis op M\u00f6n met hond - Insel M\u00f6n","robots":{"index":"index","follow":"follow","max-snippet":"max-snippet:-1","max-image-preview":"max-image-preview:large","max-video-preview":"max-video-preview:-1"},"canonical":"https:\/\/www.insel-moen.de\/nl\/vakantiehuizen-op-het-eiland-moen\/vakantiehuis-op-moen-met-hond\/","og_locale":"nl_NL","og_type":"article","og_title":"Vakantiehuis op M\u00f6n met hond - Insel M\u00f6n","og_description":"Met de hond naar M\u00f6n Het eiland M\u00f6n is ideaal voor een vakantie met je hond. We hebben in deze vakantieregio tal van vakantiehuizen met een huisdierenvergunning in ons programma die het mogelijk maken om je hond mee te nemen en die hier ook op zijn ingericht. Het strand van M\u00f6n biedt je trouwe viervoeter [&hellip;]","og_url":"https:\/\/www.insel-moen.de\/nl\/vakantiehuizen-op-het-eiland-moen\/vakantiehuis-op-moen-met-hond\/","og_site_name":"Insel M\u00f6n","article_modified_time":"2024-05-16T09:12:42+00:00","og_image":[{"width":1920,"height":1281,"url":"https:\/\/www.insel-moen.de\/wp-content\/uploads\/2019\/06\/L\u00f8kken_32275-large.jpg","type":"image\/jpeg"}],"twitter_card":"summary_large_image","twitter_misc":{"Geschatte leestijd":"2 minuten"},"schema":{"@context":"https:\/\/schema.org","@graph":[{"@type":"WebPage","@id":"https:\/\/www.insel-moen.de\/nl\/vakantiehuizen-op-het-eiland-moen\/vakantiehuis-op-moen-met-hond\/","url":"https:\/\/www.insel-moen.de\/nl\/vakantiehuizen-op-het-eiland-moen\/vakantiehuis-op-moen-met-hond\/","name":"Vakantiehuis op M\u00f6n met hond - Insel M\u00f6n","isPartOf":{"@id":"https:\/\/www.insel-moen.de\/nl\/#website"},"primaryImageOfPage":{"@id":"https:\/\/www.insel-moen.de\/nl\/vakantiehuizen-op-het-eiland-moen\/vakantiehuis-op-moen-met-hond\/#primaryimage"},"image":{"@id":"https:\/\/www.insel-moen.de\/nl\/vakantiehuizen-op-het-eiland-moen\/vakantiehuis-op-moen-met-hond\/#primaryimage"},"thumbnailUrl":"https:\/\/www.insel-moen.de\/wp-content\/uploads\/2019\/06\/L\u00f8kken_32275-large.jpg","datePublished":"2024-05-16T09:12:40+00:00","dateModified":"2024-05-16T09:12:42+00:00","breadcrumb":{"@id":"https:\/\/www.insel-moen.de\/nl\/vakantiehuizen-op-het-eiland-moen\/vakantiehuis-op-moen-met-hond\/#breadcrumb"},"inLanguage":"nl-NL","potentialAction":[{"@type":"ReadAction","target":["https:\/\/www.insel-moen.de\/nl\/vakantiehuizen-op-het-eiland-moen\/vakantiehuis-op-moen-met-hond\/"]}]},{"@type":"ImageObject","inLanguage":"nl-NL","@id":"https:\/\/www.insel-moen.de\/nl\/vakantiehuizen-op-het-eiland-moen\/vakantiehuis-op-moen-met-hond\/#primaryimage","url":"https:\/\/www.insel-moen.de\/wp-content\/uploads\/2019\/06\/L\u00f8kken_32275-large.jpg","contentUrl":"https:\/\/www.insel-moen.de\/wp-content\/uploads\/2019\/06\/L\u00f8kken_32275-large.jpg","width":1920,"height":1281},{"@type":"BreadcrumbList","@id":"https:\/\/www.insel-moen.de\/nl\/vakantiehuizen-op-het-eiland-moen\/vakantiehuis-op-moen-met-hond\/#breadcrumb","itemListElement":[{"@type":"ListItem","position":1,"name":"Startseite","item":"https:\/\/www.insel-moen.de\/nl\/welkom-op-het-eiland-moen\/"},{"@type":"ListItem","position":2,"name":"Vakantiehuizen op het eiland M\u00f6n","item":"https:\/\/www.insel-moen.de\/nl\/vakantiehuizen-op-het-eiland-moen\/"},{"@type":"ListItem","position":3,"name":"Vakantiehuis op M\u00f6n met hond"}]},{"@type":"WebSite","@id":"https:\/\/www.insel-moen.de\/nl\/#website","url":"https:\/\/www.insel-moen.de\/nl\/","name":"Insel M\u00f6n","description":"INSEL M\u00d6N - Urlaub in der D\u00e4nischen S\u00fcdsee","publisher":{"@id":"https:\/\/www.insel-moen.de\/nl\/#organization"},"potentialAction":[{"@type":"SearchAction","target":{"@type":"EntryPoint","urlTemplate":"https:\/\/www.insel-moen.de\/nl\/?s={search_term_string}"},"query-input":{"@type":"PropertyValueSpecification","valueRequired":true,"valueName":"search_term_string"}}],"inLanguage":"nl-NL"},{"@type":"Organization","@id":"https:\/\/www.insel-moen.de\/nl\/#organization","name":"www.insel-moen.de","url":"https:\/\/www.insel-moen.de\/nl\/","logo":{"@type":"ImageObject","inLanguage":"nl-NL","@id":"https:\/\/www.insel-moen.de\/nl\/#\/schema\/logo\/image\/","url":"https:\/\/www.insel-moen.de\/wp-content\/uploads\/2023\/08\/cropped-daenemark-logo-neu-klein.png","contentUrl":"https:\/\/www.insel-moen.de\/wp-content\/uploads\/2023\/08\/cropped-daenemark-logo-neu-klein.png","width":100,"height":101,"caption":"www.insel-moen.de"},"image":{"@id":"https:\/\/www.insel-moen.de\/nl\/#\/schema\/logo\/image\/"}}]}},"_links":{"self":[{"href":"https:\/\/www.insel-moen.de\/nl\/wp-json\/wp\/v2\/pages\/8522","targetHints":{"allow":["GET"]}}],"collection":[{"href":"https:\/\/www.insel-moen.de\/nl\/wp-json\/wp\/v2\/pages"}],"about":[{"href":"https:\/\/www.insel-moen.de\/nl\/wp-json\/wp\/v2\/types\/page"}],"author":[{"embeddable":true,"href":"https:\/\/www.insel-moen.de\/nl\/wp-json\/wp\/v2\/users\/3"}],"replies":[{"embeddable":true,"href":"https:\/\/www.insel-moen.de\/nl\/wp-json\/wp\/v2\/comments?post=8522"}],"version-history":[{"count":1,"href":"https:\/\/www.insel-moen.de\/nl\/wp-json\/wp\/v2\/pages\/8522\/revisions"}],"predecessor-version":[{"id":8532,"href":"https:\/\/www.insel-moen.de\/nl\/wp-json\/wp\/v2\/pages\/8522\/revisions\/8532"}],"up":[{"embeddable":true,"href":"https:\/\/www.insel-moen.de\/nl\/wp-json\/wp\/v2\/pages\/8471"}],"wp:featuredmedia":[{"embeddable":true,"href":"https:\/\/www.insel-moen.de\/nl\/wp-json\/wp\/v2\/media\/8526"}],"wp:attachment":[{"href":"https:\/\/www.insel-moen.de\/nl\/wp-json\/wp\/v2\/media?parent=8522"}],"curies":[{"name":"wp","href":"https:\/\/api.w.org\/{rel}","templated":true}]}}