{"id":8107,"date":"2024-05-16T08:16:41","date_gmt":"2024-05-16T08:16:41","guid":{"rendered":"https:\/\/www.insel-moen.de\/over-ons\/"},"modified":"2024-05-16T08:16:54","modified_gmt":"2024-05-16T08:16:54","slug":"over-ons","status":"publish","type":"page","link":"https:\/\/www.insel-moen.de\/nl\/over-ons\/","title":{"rendered":"Over ons"},"content":{"rendered":"\n<p><strong>Uw tijd is kostbaar. Gebruik het voor wat echt telt: Tijd met het gezin, voor hobby&#8217;s, voor lichaam en geest. Tijd voor jou. Insel-moen.de is uw gids voor onvergetelijke momenten op het eiland M\u00f8n.<\/strong><\/p>\n\n<p>Sinds mijn jeugd in Rostock na de hereniging voel ik me altijd aangetrokken tot Denemarken. Ik ben opgegroeid met verhalen over het vriendelijke land in het noorden en de avonturen van de Olsenbende. Mijn eerste korte reis naar M\u00f8n was 20 jaar geleden en ik werd meteen verliefd op het bijzondere licht dat het krijt weerspiegelt in het water en de verrassende verscheidenheid aan landschappen &#8211; van het wad tot de glooiende heuvels. In Stege ontdekte ik de kleine, fijne slagerijen en charmante B&amp;B&#8217;s. Na verloop van tijd werd M\u00f8n een plek die ik niet alleen alleen of met mijn kind bezocht, maar een plek die ik met de wereld wilde delen.<\/p>\n\n<p><strong>De geboorte van Insel-Moen.de<\/strong><\/p>\n\n<p>Mijn enthousiasme voor M\u00f8n en de beperkte capaciteit van het kleine eiland brachten me ertoe Insel-Moen.de op te richten. De respons was overweldigend. Ik kreeg veel aanvragen voor <a href=\"https:\/\/www.insel-moen.de\/bed-breakfast\/\">overnachtingen<\/a>, die ik in eerste instantie doorgaf aan de geweldige Susanne Noehr, lang voordat er boekingsportals waren. Vandaag ontvang ik een kleine commissie voor elke boeking die via de site wordt gemaakt. Ik zal er niet rijk van worden &#8211; maar dat is ook niet het doel. Het doel is om de schoonheid van M\u00f8n met je te delen.<\/p>\n\n<p><strong>Insel-Moen.de &#8211; Meer dan alleen een website<\/strong><\/p>\n\n<p>Op Insel-Moen.de vind je alles wat je hartje begeert: van geheime wandelroutes tot de beste picknickplekken en cultuurschatten. De site is het resultaat van mijn liefde voor het eiland en de wens om deze liefde met jullie te delen. Elke aanbeveling, elk verhaal is een stukje van mijn hart.<\/p>\n\n<p><strong>Boekingen &#8211; Steun het project<\/strong><\/p>\n\n<p>Elke <a href=\"https:\/\/www.insel-moen.de\/ferienhaus\/ferienhaus-moen-mit-meerblick\/\">boeking<\/a> via Insel-Moen.de helpt om dit project levend te houden. De keuze is misschien beperkt, maar dat maakt M\u00f8n zo charmant. We richten ons op kwaliteit in plaats van kwantiteit, op ervaringen die worden herinnerd.<\/p>\n\n<p><strong>Een bedankje<\/strong><\/p>\n\n<p>Ik wil iedereen bedanken die met hun boekingen bijdraagt aan de voortzetting en uitbreiding van Insel-Moen.de. Mijn doel is dat deze site niet alleen een toegangspoort tot M\u00f8n wordt, maar een plek waar liefhebbers van dit unieke eiland elkaar kunnen ontmoeten, idee\u00ebn kunnen uitwisselen en inspiratie kunnen opdoen.<\/p>\n\n<p><strong>Welkom op M\u00f8n &#8211; uw eiland voor speciale momenten<\/strong><\/p>\n","protected":false},"excerpt":{"rendered":"<p>Uw tijd is kostbaar. Gebruik het voor wat echt telt: Tijd met het gezin, voor hobby&#8217;s, voor lichaam en geest. Tijd voor jou. Insel-moen.de is uw gids voor onvergetelijke momenten op het eiland M\u00f8n. Sinds mijn jeugd in Rostock na de hereniging voel ik me altijd aangetrokken tot Denemarken. Ik ben opgegroeid met verhalen over [&hellip;]<\/p>\n","protected":false},"author":3,"featured_media":0,"parent":0,"menu_order":0,"comment_status":"closed","ping_status":"closed","template":"","meta":{"footnotes":""},"class_list":["post-8107","page","type-page","status-publish","hentry"],"yoast_head":"<!-- This site is optimized with the Yoast SEO plugin v24.5 - https:\/\/yoast.com\/wordpress\/plugins\/seo\/ -->\n<title>Over ons - Insel M\u00f6n<\/title>\n<meta name=\"robots\" content=\"index, follow, max-snippet:-1, max-image-preview:large, max-video-preview:-1\" \/>\n<link rel=\"canonical\" href=\"https:\/\/www.insel-moen.de\/nl\/over-ons\/\" \/>\n<meta property=\"og:locale\" content=\"nl_NL\" \/>\n<meta property=\"og:type\" content=\"article\" \/>\n<meta property=\"og:title\" content=\"Over ons - Insel M\u00f6n\" \/>\n<meta property=\"og:description\" content=\"Uw tijd is kostbaar. Gebruik het voor wat echt telt: Tijd met het gezin, voor hobby&#8217;s, voor lichaam en geest. Tijd voor jou. Insel-moen.de is uw gids voor onvergetelijke momenten op het eiland M\u00f8n. Sinds mijn jeugd in Rostock na de hereniging voel ik me altijd aangetrokken tot Denemarken. Ik ben opgegroeid met verhalen over [&hellip;]\" \/>\n<meta property=\"og:url\" content=\"https:\/\/www.insel-moen.de\/nl\/over-ons\/\" \/>\n<meta property=\"og:site_name\" content=\"Insel M\u00f6n\" \/>\n<meta property=\"article:modified_time\" content=\"2024-05-16T08:16:54+00:00\" \/>\n<meta name=\"twitter:card\" content=\"summary_large_image\" \/>\n<meta name=\"twitter:label1\" content=\"Geschatte leestijd\" \/>\n\t<meta name=\"twitter:data1\" content=\"2 minuten\" \/>\n<script type=\"application\/ld+json\" class=\"yoast-schema-graph\">{\"@context\":\"https:\/\/schema.org\",\"@graph\":[{\"@type\":\"WebPage\",\"@id\":\"https:\/\/www.insel-moen.de\/nl\/over-ons\/\",\"url\":\"https:\/\/www.insel-moen.de\/nl\/over-ons\/\",\"name\":\"Over ons - Insel M\u00f6n\",\"isPartOf\":{\"@id\":\"https:\/\/www.insel-moen.de\/nl\/#website\"},\"datePublished\":\"2024-05-16T08:16:41+00:00\",\"dateModified\":\"2024-05-16T08:16:54+00:00\",\"breadcrumb\":{\"@id\":\"https:\/\/www.insel-moen.de\/nl\/over-ons\/#breadcrumb\"},\"inLanguage\":\"nl-NL\",\"potentialAction\":[{\"@type\":\"ReadAction\",\"target\":[\"https:\/\/www.insel-moen.de\/nl\/over-ons\/\"]}]},{\"@type\":\"BreadcrumbList\",\"@id\":\"https:\/\/www.insel-moen.de\/nl\/over-ons\/#breadcrumb\",\"itemListElement\":[{\"@type\":\"ListItem\",\"position\":1,\"name\":\"Startseite\",\"item\":\"https:\/\/www.insel-moen.de\/nl\/welkom-op-het-eiland-moen\/\"},{\"@type\":\"ListItem\",\"position\":2,\"name\":\"Over ons\"}]},{\"@type\":\"WebSite\",\"@id\":\"https:\/\/www.insel-moen.de\/nl\/#website\",\"url\":\"https:\/\/www.insel-moen.de\/nl\/\",\"name\":\"Insel M\u00f6n\",\"description\":\"INSEL M\u00d6N - Urlaub in der D\u00e4nischen S\u00fcdsee\",\"publisher\":{\"@id\":\"https:\/\/www.insel-moen.de\/nl\/#organization\"},\"potentialAction\":[{\"@type\":\"SearchAction\",\"target\":{\"@type\":\"EntryPoint\",\"urlTemplate\":\"https:\/\/www.insel-moen.de\/nl\/?s={search_term_string}\"},\"query-input\":{\"@type\":\"PropertyValueSpecification\",\"valueRequired\":true,\"valueName\":\"search_term_string\"}}],\"inLanguage\":\"nl-NL\"},{\"@type\":\"Organization\",\"@id\":\"https:\/\/www.insel-moen.de\/nl\/#organization\",\"name\":\"www.insel-moen.de\",\"url\":\"https:\/\/www.insel-moen.de\/nl\/\",\"logo\":{\"@type\":\"ImageObject\",\"inLanguage\":\"nl-NL\",\"@id\":\"https:\/\/www.insel-moen.de\/nl\/#\/schema\/logo\/image\/\",\"url\":\"https:\/\/www.insel-moen.de\/wp-content\/uploads\/2023\/08\/cropped-daenemark-logo-neu-klein.png\",\"contentUrl\":\"https:\/\/www.insel-moen.de\/wp-content\/uploads\/2023\/08\/cropped-daenemark-logo-neu-klein.png\",\"width\":100,\"height\":101,\"caption\":\"www.insel-moen.de\"},\"image\":{\"@id\":\"https:\/\/www.insel-moen.de\/nl\/#\/schema\/logo\/image\/\"}}]}<\/script>\n<!-- \/ Yoast SEO plugin. -->","yoast_head_json":{"title":"Over ons - Insel M\u00f6n","robots":{"index":"index","follow":"follow","max-snippet":"max-snippet:-1","max-image-preview":"max-image-preview:large","max-video-preview":"max-video-preview:-1"},"canonical":"https:\/\/www.insel-moen.de\/nl\/over-ons\/","og_locale":"nl_NL","og_type":"article","og_title":"Over ons - Insel M\u00f6n","og_description":"Uw tijd is kostbaar. Gebruik het voor wat echt telt: Tijd met het gezin, voor hobby&#8217;s, voor lichaam en geest. Tijd voor jou. Insel-moen.de is uw gids voor onvergetelijke momenten op het eiland M\u00f8n. Sinds mijn jeugd in Rostock na de hereniging voel ik me altijd aangetrokken tot Denemarken. Ik ben opgegroeid met verhalen over [&hellip;]","og_url":"https:\/\/www.insel-moen.de\/nl\/over-ons\/","og_site_name":"Insel M\u00f6n","article_modified_time":"2024-05-16T08:16:54+00:00","twitter_card":"summary_large_image","twitter_misc":{"Geschatte leestijd":"2 minuten"},"schema":{"@context":"https:\/\/schema.org","@graph":[{"@type":"WebPage","@id":"https:\/\/www.insel-moen.de\/nl\/over-ons\/","url":"https:\/\/www.insel-moen.de\/nl\/over-ons\/","name":"Over ons - Insel M\u00f6n","isPartOf":{"@id":"https:\/\/www.insel-moen.de\/nl\/#website"},"datePublished":"2024-05-16T08:16:41+00:00","dateModified":"2024-05-16T08:16:54+00:00","breadcrumb":{"@id":"https:\/\/www.insel-moen.de\/nl\/over-ons\/#breadcrumb"},"inLanguage":"nl-NL","potentialAction":[{"@type":"ReadAction","target":["https:\/\/www.insel-moen.de\/nl\/over-ons\/"]}]},{"@type":"BreadcrumbList","@id":"https:\/\/www.insel-moen.de\/nl\/over-ons\/#breadcrumb","itemListElement":[{"@type":"ListItem","position":1,"name":"Startseite","item":"https:\/\/www.insel-moen.de\/nl\/welkom-op-het-eiland-moen\/"},{"@type":"ListItem","position":2,"name":"Over ons"}]},{"@type":"WebSite","@id":"https:\/\/www.insel-moen.de\/nl\/#website","url":"https:\/\/www.insel-moen.de\/nl\/","name":"Insel M\u00f6n","description":"INSEL M\u00d6N - Urlaub in der D\u00e4nischen S\u00fcdsee","publisher":{"@id":"https:\/\/www.insel-moen.de\/nl\/#organization"},"potentialAction":[{"@type":"SearchAction","target":{"@type":"EntryPoint","urlTemplate":"https:\/\/www.insel-moen.de\/nl\/?s={search_term_string}"},"query-input":{"@type":"PropertyValueSpecification","valueRequired":true,"valueName":"search_term_string"}}],"inLanguage":"nl-NL"},{"@type":"Organization","@id":"https:\/\/www.insel-moen.de\/nl\/#organization","name":"www.insel-moen.de","url":"https:\/\/www.insel-moen.de\/nl\/","logo":{"@type":"ImageObject","inLanguage":"nl-NL","@id":"https:\/\/www.insel-moen.de\/nl\/#\/schema\/logo\/image\/","url":"https:\/\/www.insel-moen.de\/wp-content\/uploads\/2023\/08\/cropped-daenemark-logo-neu-klein.png","contentUrl":"https:\/\/www.insel-moen.de\/wp-content\/uploads\/2023\/08\/cropped-daenemark-logo-neu-klein.png","width":100,"height":101,"caption":"www.insel-moen.de"},"image":{"@id":"https:\/\/www.insel-moen.de\/nl\/#\/schema\/logo\/image\/"}}]}},"_links":{"self":[{"href":"https:\/\/www.insel-moen.de\/nl\/wp-json\/wp\/v2\/pages\/8107","targetHints":{"allow":["GET"]}}],"collection":[{"href":"https:\/\/www.insel-moen.de\/nl\/wp-json\/wp\/v2\/pages"}],"about":[{"href":"https:\/\/www.insel-moen.de\/nl\/wp-json\/wp\/v2\/types\/page"}],"author":[{"embeddable":true,"href":"https:\/\/www.insel-moen.de\/nl\/wp-json\/wp\/v2\/users\/3"}],"replies":[{"embeddable":true,"href":"https:\/\/www.insel-moen.de\/nl\/wp-json\/wp\/v2\/comments?post=8107"}],"version-history":[{"count":3,"href":"https:\/\/www.insel-moen.de\/nl\/wp-json\/wp\/v2\/pages\/8107\/revisions"}],"predecessor-version":[{"id":8212,"href":"https:\/\/www.insel-moen.de\/nl\/wp-json\/wp\/v2\/pages\/8107\/revisions\/8212"}],"wp:attachment":[{"href":"https:\/\/www.insel-moen.de\/nl\/wp-json\/wp\/v2\/media?parent=8107"}],"curies":[{"name":"wp","href":"https:\/\/api.w.org\/{rel}","templated":true}]}}