{"id":7945,"date":"2024-05-16T08:16:24","date_gmt":"2024-05-16T08:16:24","guid":{"rendered":"https:\/\/www.insel-moen.de\/vakantiehuis-met-hond-op-moen\/"},"modified":"2025-03-07T08:41:19","modified_gmt":"2025-03-07T08:41:19","slug":"vakantiehuis-met-hond-op-moen","status":"publish","type":"page","link":"https:\/\/www.insel-moen.de\/nl\/vakantiehuizen-op-het-eiland-moen\/vakantiehuis-met-hond-op-moen\/","title":{"rendered":"Vakantiehuis met hond op M\u00f8n"},"content":{"rendered":"\n<p class=\"has-drop-cap\">We weten dat een vakantiehuis met hond vaak een goede keuze is voor dierenliefhebbers. Ten eerste is het geweldig om je huisdier tijdens je vakantie bij je te hebben, en het is ook goed voor de dieren om nieuwe omgevingen te ervaren. Sommige vakantiehuizen zijn beter dan andere, dus het is belangrijk om goed onderzoek te doen.  <\/p>\n\n<script type=\"text\/javascript\" src=\"https:\/\/p2026.atraveo.com\/index.php?controller=partnerintegration&#038;action=default&#038;art=search&#038;landiso=DK&#038;regionid=123&#038;haustier=1&#038;lg=de&#038;cur=EUR&#038;versionname=weltfoto\"><\/script>\n<p class=\"has-drop-cap\">Wie zegt dat je hond niet mee mag op vakantie naar M\u00f8n? Je hebt je misschien gerealiseerd dat je hond meer is dan alleen een huisdier: hij is een lid van het gezin. En aangezien we het niet over zomaar een vakantie hebben, maar een vakantie die de geschiedenis zal ingaan als een van de populairste en meest gedenkwaardige reizen aller tijden, waarom neem je de hele bende niet mee naar het vakantiehuis op M\u00f8n? Er kunnen miljoenen redenen zijn om je hond niet mee te nemen op vakantie. Maar er zijn ook een miljoen redenen om het wel te doen, en we zullen er een paar doornemen om je te helpen beslissen.<\/p>\n\n<h2 class=\"wp-block-heading\">Het hondenbos op de M\u00f6n<\/h2>\n\n<p class=\"has-drop-cap\">Als je een vakantie met je hond overweegt op M\u00f8n, mag je jezelf en je hond een bezoek aan Stege Hundeskov niet onthouden.<\/p>\n\n<p>Het heeft fijnmazige hekken en er zijn vijf stevige zelfsluitende poorten naar het hondenbos.<\/p>\n\n<p>Hundeskoven ligt in Stege, op Kobbelvej, recht tegenover Pilevej. Houd er rekening mee dat de Kobbelvej is afgesloten voor doorgaand verkeer vanuit het centrum. Je kunt dus kiezen of je van Katedralvej naar Kobbelvej wilt gaan.<\/p>\n\n<p>Let op: de adressen van het hondenbos en de parkeerplaats zijn de dichtstbijzijnde postadressen en de GPS-co\u00f6rdinaten geven de exacte positie aan.<\/p>\n\n<p><strong>Je kunt hier parkeren:<\/strong> Kobbelvej 28, 4780 Stege, Denemarken<\/p>\n\n<h2 class=\"wp-block-heading\">Zwemmen in de zee<\/h2>\n\n<p><meta charset=\"utf-8\"\/>Zwemmen in zee stimuleert de bloedsomloop en brengt je hond in beweging. Het gevarieerde landschap van het eiland M\u00f6n met M\u00f6ns Klint of het nabijgelegen safaripark biedt je hond volop nieuwe avonturen. Honden zijn ook toegestaan op de veerboot naar Denemarken (Rostock-&gt;Gedser op Falster) &#8211; drinkbakken zijn beschikbaar. Trakteer jezelf en je hond dus op een vakantie op het Deense eiland M\u00f6n. We raden Ulvshale, Bog\u00f6 of de hoofdstad van het eiland Stege aan.  <\/p>\n\n<p class=\"has-drop-cap\">We gaan binnenkort ook op vakantie naar M\u00f8n. We kijken ernaar uit om van de natuur te genieten, het landschap te bewonderen en een aantal historische plaatsen te bezoeken. We kijken er ook naar uit om onze hond mee te nemen op vakantie. Het is belangrijk voor ons om onze hond mee te nemen naar het eiland omdat hij een belangrijk deel van ons gezin is en gewend is om in verschillende landen te reizen. We zijn van plan om met ze te gaan wandelen, hardlopen, naar het strand te gaan, bossen te bezoeken, historische plaatsen op M\u00f8n te bezoeken. Het wordt geweldig.<\/p>\n\n<p><\/p>\n\n<p>\u00a9 Foto: Mette Johnsen<\/p>\n","protected":false},"excerpt":{"rendered":"<p>We weten dat een vakantiehuis met hond vaak een goede keuze is voor dierenliefhebbers. Ten eerste is het geweldig om je huisdier tijdens je vakantie bij je te hebben, en het is ook goed voor de dieren om nieuwe omgevingen te ervaren. Sommige vakantiehuizen zijn beter dan andere, dus het is belangrijk om goed onderzoek [&hellip;]<\/p>\n","protected":false},"author":3,"featured_media":7951,"parent":8471,"menu_order":0,"comment_status":"closed","ping_status":"closed","template":"templates\/template-full-width.php","meta":{"footnotes":""},"class_list":["post-7945","page","type-page","status-publish","has-post-thumbnail","hentry"],"yoast_head":"<!-- This site is optimized with the Yoast SEO plugin v24.5 - https:\/\/yoast.com\/wordpress\/plugins\/seo\/ -->\n<title>Vakantiehuis met hond op M\u00f8n: Tips voor een onvergetelijke vakantie<\/title>\n<meta name=\"description\" content=\"Vakantiehuisvakantie op het eiland M\u00f6n met je hond. Een geweldige tijd voor iedereen natuurlijk. Deze vakantiehuizen zijn bijzonder geschikt.\" \/>\n<meta name=\"robots\" content=\"index, follow, max-snippet:-1, max-image-preview:large, max-video-preview:-1\" \/>\n<link rel=\"canonical\" href=\"https:\/\/www.insel-moen.de\/nl\/vakantiehuizen-op-het-eiland-moen\/vakantiehuis-met-hond-op-moen\/\" \/>\n<meta property=\"og:locale\" content=\"nl_NL\" \/>\n<meta property=\"og:type\" content=\"article\" \/>\n<meta property=\"og:title\" content=\"Vakantiehuis met hond op M\u00f8n: Tips voor een onvergetelijke vakantie\" \/>\n<meta property=\"og:description\" content=\"Vakantiehuisvakantie op het eiland M\u00f6n met je hond. Een geweldige tijd voor iedereen natuurlijk. Deze vakantiehuizen zijn bijzonder geschikt.\" \/>\n<meta property=\"og:url\" content=\"https:\/\/www.insel-moen.de\/nl\/vakantiehuizen-op-het-eiland-moen\/vakantiehuis-met-hond-op-moen\/\" \/>\n<meta property=\"og:site_name\" content=\"Insel M\u00f6n\" \/>\n<meta property=\"article:modified_time\" content=\"2025-03-07T08:41:19+00:00\" \/>\n<meta property=\"og:image\" content=\"https:\/\/www.insel-moen.de\/wp-content\/uploads\/2021\/10\/mit-dem-hund-auf-der-insel-moen.jpg\" \/>\n\t<meta property=\"og:image:width\" content=\"1280\" \/>\n\t<meta property=\"og:image:height\" content=\"854\" \/>\n\t<meta property=\"og:image:type\" content=\"image\/jpeg\" \/>\n<meta name=\"twitter:card\" content=\"summary_large_image\" \/>\n<meta name=\"twitter:label1\" content=\"Geschatte leestijd\" \/>\n\t<meta name=\"twitter:data1\" content=\"2 minuten\" \/>\n<script type=\"application\/ld+json\" class=\"yoast-schema-graph\">{\"@context\":\"https:\/\/schema.org\",\"@graph\":[{\"@type\":\"WebPage\",\"@id\":\"https:\/\/www.insel-moen.de\/nl\/vakantiehuizen-op-het-eiland-moen\/vakantiehuis-met-hond-op-moen\/\",\"url\":\"https:\/\/www.insel-moen.de\/nl\/vakantiehuizen-op-het-eiland-moen\/vakantiehuis-met-hond-op-moen\/\",\"name\":\"Vakantiehuis met hond op M\u00f8n: Tips voor een onvergetelijke vakantie\",\"isPartOf\":{\"@id\":\"https:\/\/www.insel-moen.de\/nl\/#website\"},\"primaryImageOfPage\":{\"@id\":\"https:\/\/www.insel-moen.de\/nl\/vakantiehuizen-op-het-eiland-moen\/vakantiehuis-met-hond-op-moen\/#primaryimage\"},\"image\":{\"@id\":\"https:\/\/www.insel-moen.de\/nl\/vakantiehuizen-op-het-eiland-moen\/vakantiehuis-met-hond-op-moen\/#primaryimage\"},\"thumbnailUrl\":\"https:\/\/www.insel-moen.de\/wp-content\/uploads\/2021\/10\/mit-dem-hund-auf-der-insel-moen.jpg\",\"datePublished\":\"2024-05-16T08:16:24+00:00\",\"dateModified\":\"2025-03-07T08:41:19+00:00\",\"description\":\"Vakantiehuisvakantie op het eiland M\u00f6n met je hond. Een geweldige tijd voor iedereen natuurlijk. Deze vakantiehuizen zijn bijzonder geschikt.\",\"breadcrumb\":{\"@id\":\"https:\/\/www.insel-moen.de\/nl\/vakantiehuizen-op-het-eiland-moen\/vakantiehuis-met-hond-op-moen\/#breadcrumb\"},\"inLanguage\":\"nl-NL\",\"potentialAction\":[{\"@type\":\"ReadAction\",\"target\":[\"https:\/\/www.insel-moen.de\/nl\/vakantiehuizen-op-het-eiland-moen\/vakantiehuis-met-hond-op-moen\/\"]}]},{\"@type\":\"ImageObject\",\"inLanguage\":\"nl-NL\",\"@id\":\"https:\/\/www.insel-moen.de\/nl\/vakantiehuizen-op-het-eiland-moen\/vakantiehuis-met-hond-op-moen\/#primaryimage\",\"url\":\"https:\/\/www.insel-moen.de\/wp-content\/uploads\/2021\/10\/mit-dem-hund-auf-der-insel-moen.jpg\",\"contentUrl\":\"https:\/\/www.insel-moen.de\/wp-content\/uploads\/2021\/10\/mit-dem-hund-auf-der-insel-moen.jpg\",\"width\":1280,\"height\":854,\"caption\":\"Toben mit dem Hund am Strand von M\u00f6n. Mit einem Ferienhaus auf M\u00f6n ist das m\u00f6glich.\"},{\"@type\":\"BreadcrumbList\",\"@id\":\"https:\/\/www.insel-moen.de\/nl\/vakantiehuizen-op-het-eiland-moen\/vakantiehuis-met-hond-op-moen\/#breadcrumb\",\"itemListElement\":[{\"@type\":\"ListItem\",\"position\":1,\"name\":\"Startseite\",\"item\":\"https:\/\/www.insel-moen.de\/nl\/welkom-op-het-eiland-moen\/\"},{\"@type\":\"ListItem\",\"position\":2,\"name\":\"Vakantiehuizen op het eiland M\u00f6n\",\"item\":\"https:\/\/www.insel-moen.de\/nl\/vakantiehuizen-op-het-eiland-moen\/\"},{\"@type\":\"ListItem\",\"position\":3,\"name\":\"Vakantiehuis met hond op M\u00f8n\"}]},{\"@type\":\"WebSite\",\"@id\":\"https:\/\/www.insel-moen.de\/nl\/#website\",\"url\":\"https:\/\/www.insel-moen.de\/nl\/\",\"name\":\"Insel M\u00f6n\",\"description\":\"INSEL M\u00d6N - Urlaub in der D\u00e4nischen S\u00fcdsee\",\"publisher\":{\"@id\":\"https:\/\/www.insel-moen.de\/nl\/#organization\"},\"potentialAction\":[{\"@type\":\"SearchAction\",\"target\":{\"@type\":\"EntryPoint\",\"urlTemplate\":\"https:\/\/www.insel-moen.de\/nl\/?s={search_term_string}\"},\"query-input\":{\"@type\":\"PropertyValueSpecification\",\"valueRequired\":true,\"valueName\":\"search_term_string\"}}],\"inLanguage\":\"nl-NL\"},{\"@type\":\"Organization\",\"@id\":\"https:\/\/www.insel-moen.de\/nl\/#organization\",\"name\":\"www.insel-moen.de\",\"url\":\"https:\/\/www.insel-moen.de\/nl\/\",\"logo\":{\"@type\":\"ImageObject\",\"inLanguage\":\"nl-NL\",\"@id\":\"https:\/\/www.insel-moen.de\/nl\/#\/schema\/logo\/image\/\",\"url\":\"https:\/\/www.insel-moen.de\/wp-content\/uploads\/2023\/08\/cropped-daenemark-logo-neu-klein.png\",\"contentUrl\":\"https:\/\/www.insel-moen.de\/wp-content\/uploads\/2023\/08\/cropped-daenemark-logo-neu-klein.png\",\"width\":100,\"height\":101,\"caption\":\"www.insel-moen.de\"},\"image\":{\"@id\":\"https:\/\/www.insel-moen.de\/nl\/#\/schema\/logo\/image\/\"}}]}<\/script>\n<!-- \/ Yoast SEO plugin. -->","yoast_head_json":{"title":"Vakantiehuis met hond op M\u00f8n: Tips voor een onvergetelijke vakantie","description":"Vakantiehuisvakantie op het eiland M\u00f6n met je hond. Een geweldige tijd voor iedereen natuurlijk. Deze vakantiehuizen zijn bijzonder geschikt.","robots":{"index":"index","follow":"follow","max-snippet":"max-snippet:-1","max-image-preview":"max-image-preview:large","max-video-preview":"max-video-preview:-1"},"canonical":"https:\/\/www.insel-moen.de\/nl\/vakantiehuizen-op-het-eiland-moen\/vakantiehuis-met-hond-op-moen\/","og_locale":"nl_NL","og_type":"article","og_title":"Vakantiehuis met hond op M\u00f8n: Tips voor een onvergetelijke vakantie","og_description":"Vakantiehuisvakantie op het eiland M\u00f6n met je hond. Een geweldige tijd voor iedereen natuurlijk. Deze vakantiehuizen zijn bijzonder geschikt.","og_url":"https:\/\/www.insel-moen.de\/nl\/vakantiehuizen-op-het-eiland-moen\/vakantiehuis-met-hond-op-moen\/","og_site_name":"Insel M\u00f6n","article_modified_time":"2025-03-07T08:41:19+00:00","og_image":[{"width":1280,"height":854,"url":"https:\/\/www.insel-moen.de\/wp-content\/uploads\/2021\/10\/mit-dem-hund-auf-der-insel-moen.jpg","type":"image\/jpeg"}],"twitter_card":"summary_large_image","twitter_misc":{"Geschatte leestijd":"2 minuten"},"schema":{"@context":"https:\/\/schema.org","@graph":[{"@type":"WebPage","@id":"https:\/\/www.insel-moen.de\/nl\/vakantiehuizen-op-het-eiland-moen\/vakantiehuis-met-hond-op-moen\/","url":"https:\/\/www.insel-moen.de\/nl\/vakantiehuizen-op-het-eiland-moen\/vakantiehuis-met-hond-op-moen\/","name":"Vakantiehuis met hond op M\u00f8n: Tips voor een onvergetelijke vakantie","isPartOf":{"@id":"https:\/\/www.insel-moen.de\/nl\/#website"},"primaryImageOfPage":{"@id":"https:\/\/www.insel-moen.de\/nl\/vakantiehuizen-op-het-eiland-moen\/vakantiehuis-met-hond-op-moen\/#primaryimage"},"image":{"@id":"https:\/\/www.insel-moen.de\/nl\/vakantiehuizen-op-het-eiland-moen\/vakantiehuis-met-hond-op-moen\/#primaryimage"},"thumbnailUrl":"https:\/\/www.insel-moen.de\/wp-content\/uploads\/2021\/10\/mit-dem-hund-auf-der-insel-moen.jpg","datePublished":"2024-05-16T08:16:24+00:00","dateModified":"2025-03-07T08:41:19+00:00","description":"Vakantiehuisvakantie op het eiland M\u00f6n met je hond. Een geweldige tijd voor iedereen natuurlijk. Deze vakantiehuizen zijn bijzonder geschikt.","breadcrumb":{"@id":"https:\/\/www.insel-moen.de\/nl\/vakantiehuizen-op-het-eiland-moen\/vakantiehuis-met-hond-op-moen\/#breadcrumb"},"inLanguage":"nl-NL","potentialAction":[{"@type":"ReadAction","target":["https:\/\/www.insel-moen.de\/nl\/vakantiehuizen-op-het-eiland-moen\/vakantiehuis-met-hond-op-moen\/"]}]},{"@type":"ImageObject","inLanguage":"nl-NL","@id":"https:\/\/www.insel-moen.de\/nl\/vakantiehuizen-op-het-eiland-moen\/vakantiehuis-met-hond-op-moen\/#primaryimage","url":"https:\/\/www.insel-moen.de\/wp-content\/uploads\/2021\/10\/mit-dem-hund-auf-der-insel-moen.jpg","contentUrl":"https:\/\/www.insel-moen.de\/wp-content\/uploads\/2021\/10\/mit-dem-hund-auf-der-insel-moen.jpg","width":1280,"height":854,"caption":"Toben mit dem Hund am Strand von M\u00f6n. Mit einem Ferienhaus auf M\u00f6n ist das m\u00f6glich."},{"@type":"BreadcrumbList","@id":"https:\/\/www.insel-moen.de\/nl\/vakantiehuizen-op-het-eiland-moen\/vakantiehuis-met-hond-op-moen\/#breadcrumb","itemListElement":[{"@type":"ListItem","position":1,"name":"Startseite","item":"https:\/\/www.insel-moen.de\/nl\/welkom-op-het-eiland-moen\/"},{"@type":"ListItem","position":2,"name":"Vakantiehuizen op het eiland M\u00f6n","item":"https:\/\/www.insel-moen.de\/nl\/vakantiehuizen-op-het-eiland-moen\/"},{"@type":"ListItem","position":3,"name":"Vakantiehuis met hond op M\u00f8n"}]},{"@type":"WebSite","@id":"https:\/\/www.insel-moen.de\/nl\/#website","url":"https:\/\/www.insel-moen.de\/nl\/","name":"Insel M\u00f6n","description":"INSEL M\u00d6N - Urlaub in der D\u00e4nischen S\u00fcdsee","publisher":{"@id":"https:\/\/www.insel-moen.de\/nl\/#organization"},"potentialAction":[{"@type":"SearchAction","target":{"@type":"EntryPoint","urlTemplate":"https:\/\/www.insel-moen.de\/nl\/?s={search_term_string}"},"query-input":{"@type":"PropertyValueSpecification","valueRequired":true,"valueName":"search_term_string"}}],"inLanguage":"nl-NL"},{"@type":"Organization","@id":"https:\/\/www.insel-moen.de\/nl\/#organization","name":"www.insel-moen.de","url":"https:\/\/www.insel-moen.de\/nl\/","logo":{"@type":"ImageObject","inLanguage":"nl-NL","@id":"https:\/\/www.insel-moen.de\/nl\/#\/schema\/logo\/image\/","url":"https:\/\/www.insel-moen.de\/wp-content\/uploads\/2023\/08\/cropped-daenemark-logo-neu-klein.png","contentUrl":"https:\/\/www.insel-moen.de\/wp-content\/uploads\/2023\/08\/cropped-daenemark-logo-neu-klein.png","width":100,"height":101,"caption":"www.insel-moen.de"},"image":{"@id":"https:\/\/www.insel-moen.de\/nl\/#\/schema\/logo\/image\/"}}]}},"_links":{"self":[{"href":"https:\/\/www.insel-moen.de\/nl\/wp-json\/wp\/v2\/pages\/7945","targetHints":{"allow":["GET"]}}],"collection":[{"href":"https:\/\/www.insel-moen.de\/nl\/wp-json\/wp\/v2\/pages"}],"about":[{"href":"https:\/\/www.insel-moen.de\/nl\/wp-json\/wp\/v2\/types\/page"}],"author":[{"embeddable":true,"href":"https:\/\/www.insel-moen.de\/nl\/wp-json\/wp\/v2\/users\/3"}],"replies":[{"embeddable":true,"href":"https:\/\/www.insel-moen.de\/nl\/wp-json\/wp\/v2\/comments?post=7945"}],"version-history":[{"count":4,"href":"https:\/\/www.insel-moen.de\/nl\/wp-json\/wp\/v2\/pages\/7945\/revisions"}],"predecessor-version":[{"id":8972,"href":"https:\/\/www.insel-moen.de\/nl\/wp-json\/wp\/v2\/pages\/7945\/revisions\/8972"}],"up":[{"embeddable":true,"href":"https:\/\/www.insel-moen.de\/nl\/wp-json\/wp\/v2\/pages\/8471"}],"wp:featuredmedia":[{"embeddable":true,"href":"https:\/\/www.insel-moen.de\/nl\/wp-json\/wp\/v2\/media\/7951"}],"wp:attachment":[{"href":"https:\/\/www.insel-moen.de\/nl\/wp-json\/wp\/v2\/media?parent=7945"}],"curies":[{"name":"wp","href":"https:\/\/api.w.org\/{rel}","templated":true}]}}