{"id":7849,"date":"2024-05-16T08:16:05","date_gmt":"2024-05-16T08:16:05","guid":{"rendered":"https:\/\/www.insel-moen.de\/oddermosis\/"},"modified":"2024-05-16T09:12:42","modified_gmt":"2024-05-16T09:12:42","slug":"oddermosis","status":"publish","type":"page","link":"https:\/\/www.insel-moen.de\/nl\/plaatsen-op-het-eiland-moen\/oddermosis\/","title":{"rendered":"Oddermosis"},"content":{"rendered":"\n<p>Oddermose is een schilderachtig juweeltje op het adembenemende eiland M\u00f8n in Denemarken. Deze fascinerende plek straalt een betoverende rust uit, ingebed in het natuurlijke groen van het eiland en met een panoramisch uitzicht op de Baltische Zee dat bezoekers onmiddellijk betovert.<\/p>\n\n<p>Oddermose ligt geografisch gezien in het oosten van het eiland M\u00f8n en is zeer goed gelegen door de nabijheid van Stege en andere lokale attracties. Een bijzondere attractie van Oddermose is ongetwijfeld het strand. Een lange strook fijn, goudkleurig zand ontmoet het heldere, kalme water van de Baltische Zee. Deze plek is ideaal voor gezinnen met kinderen, maar ook voor iedereen die gewoon wil genieten van de schoonheid van de natuur. Het strand is meestal niet overvol, dus je kunt gemakkelijk een rustig plekje voor jezelf vinden.<\/p>\n\n<p>Er zijn een aantal uitstekende restaurants in de buurt van Oddermose, waar voornamelijk regionale en traditionele Deense gerechten worden geserveerd. Verse vis en zeevruchten zijn een absolute must. Maar er zijn ook genoeg opties voor vegetari\u00ebrs en veganisten.<\/p>\n\n<p>De omringende natuur is een oase van rust en schoonheid die uitnodigt tot wandelingen. In het noorden en westen wordt Oddermose omringd door groene weiden en velden, terwijl in het zuiden en oosten het strand en de zee domineren.<\/p>\n\n<p>Bovendien liggen enkele van de beroemdste bezienswaardigheden van M\u00f8n in de buurt. Hieronder vallen de krijtrotsen van M\u00f8ns Klint, het M\u00f8ns Klint Geocentrum, de oude kerk van Elmelunde en het middeleeuwse dorp Stege. Ze liggen allemaal binnen handbereik van Oddermose en bieden volop mogelijkheden voor verkenning en ontdekking.<\/p>\n\n<p>Al met al biedt Oddermose op M\u00f8n een unieke combinatie van natuurschoon en cultureel erfgoed. Het is een plek die uitnodigt tot zowel ontspanning als activiteit, met voor elk wat wils.<\/p>\n","protected":false},"excerpt":{"rendered":"<p>Oddermose is een schilderachtig juweeltje op het adembenemende eiland M\u00f8n in Denemarken. Deze fascinerende plek straalt een betoverende rust uit, ingebed in het natuurlijke groen van het eiland en met een panoramisch uitzicht op de Baltische Zee dat bezoekers onmiddellijk betovert. Oddermose ligt geografisch gezien in het oosten van het eiland M\u00f8n en is zeer [&hellip;]<\/p>\n","protected":false},"author":3,"featured_media":0,"parent":8545,"menu_order":0,"comment_status":"closed","ping_status":"closed","template":"","meta":{"footnotes":""},"class_list":["post-7849","page","type-page","status-publish","hentry"],"yoast_head":"<!-- This site is optimized with the Yoast SEO plugin v24.5 - https:\/\/yoast.com\/wordpress\/plugins\/seo\/ -->\n<title>Oddermosis - Insel M\u00f6n<\/title>\n<meta name=\"robots\" content=\"index, follow, max-snippet:-1, max-image-preview:large, max-video-preview:-1\" \/>\n<link rel=\"canonical\" href=\"https:\/\/www.insel-moen.de\/nl\/plaatsen-op-het-eiland-moen\/oddermosis\/\" \/>\n<meta property=\"og:locale\" content=\"nl_NL\" \/>\n<meta property=\"og:type\" content=\"article\" \/>\n<meta property=\"og:title\" content=\"Oddermosis - Insel M\u00f6n\" \/>\n<meta property=\"og:description\" content=\"Oddermose is een schilderachtig juweeltje op het adembenemende eiland M\u00f8n in Denemarken. Deze fascinerende plek straalt een betoverende rust uit, ingebed in het natuurlijke groen van het eiland en met een panoramisch uitzicht op de Baltische Zee dat bezoekers onmiddellijk betovert. Oddermose ligt geografisch gezien in het oosten van het eiland M\u00f8n en is zeer [&hellip;]\" \/>\n<meta property=\"og:url\" content=\"https:\/\/www.insel-moen.de\/nl\/plaatsen-op-het-eiland-moen\/oddermosis\/\" \/>\n<meta property=\"og:site_name\" content=\"Insel M\u00f6n\" \/>\n<meta property=\"article:modified_time\" content=\"2024-05-16T09:12:42+00:00\" \/>\n<meta name=\"twitter:card\" content=\"summary_large_image\" \/>\n<meta name=\"twitter:label1\" content=\"Geschatte leestijd\" \/>\n\t<meta name=\"twitter:data1\" content=\"1 minuut\" \/>\n<script type=\"application\/ld+json\" class=\"yoast-schema-graph\">{\"@context\":\"https:\/\/schema.org\",\"@graph\":[{\"@type\":\"WebPage\",\"@id\":\"https:\/\/www.insel-moen.de\/nl\/plaatsen-op-het-eiland-moen\/oddermosis\/\",\"url\":\"https:\/\/www.insel-moen.de\/nl\/plaatsen-op-het-eiland-moen\/oddermosis\/\",\"name\":\"Oddermosis - Insel M\u00f6n\",\"isPartOf\":{\"@id\":\"https:\/\/www.insel-moen.de\/nl\/#website\"},\"datePublished\":\"2024-05-16T08:16:05+00:00\",\"dateModified\":\"2024-05-16T09:12:42+00:00\",\"breadcrumb\":{\"@id\":\"https:\/\/www.insel-moen.de\/nl\/plaatsen-op-het-eiland-moen\/oddermosis\/#breadcrumb\"},\"inLanguage\":\"nl-NL\",\"potentialAction\":[{\"@type\":\"ReadAction\",\"target\":[\"https:\/\/www.insel-moen.de\/nl\/plaatsen-op-het-eiland-moen\/oddermosis\/\"]}]},{\"@type\":\"BreadcrumbList\",\"@id\":\"https:\/\/www.insel-moen.de\/nl\/plaatsen-op-het-eiland-moen\/oddermosis\/#breadcrumb\",\"itemListElement\":[{\"@type\":\"ListItem\",\"position\":1,\"name\":\"Startseite\",\"item\":\"https:\/\/www.insel-moen.de\/nl\/welkom-op-het-eiland-moen\/\"},{\"@type\":\"ListItem\",\"position\":2,\"name\":\"Plaatsen op het eiland M\u00f6n\",\"item\":\"https:\/\/www.insel-moen.de\/nl\/plaatsen-op-het-eiland-moen\/\"},{\"@type\":\"ListItem\",\"position\":3,\"name\":\"Oddermosis\"}]},{\"@type\":\"WebSite\",\"@id\":\"https:\/\/www.insel-moen.de\/nl\/#website\",\"url\":\"https:\/\/www.insel-moen.de\/nl\/\",\"name\":\"Insel M\u00f6n\",\"description\":\"INSEL M\u00d6N - Urlaub in der D\u00e4nischen S\u00fcdsee\",\"publisher\":{\"@id\":\"https:\/\/www.insel-moen.de\/nl\/#organization\"},\"potentialAction\":[{\"@type\":\"SearchAction\",\"target\":{\"@type\":\"EntryPoint\",\"urlTemplate\":\"https:\/\/www.insel-moen.de\/nl\/?s={search_term_string}\"},\"query-input\":{\"@type\":\"PropertyValueSpecification\",\"valueRequired\":true,\"valueName\":\"search_term_string\"}}],\"inLanguage\":\"nl-NL\"},{\"@type\":\"Organization\",\"@id\":\"https:\/\/www.insel-moen.de\/nl\/#organization\",\"name\":\"www.insel-moen.de\",\"url\":\"https:\/\/www.insel-moen.de\/nl\/\",\"logo\":{\"@type\":\"ImageObject\",\"inLanguage\":\"nl-NL\",\"@id\":\"https:\/\/www.insel-moen.de\/nl\/#\/schema\/logo\/image\/\",\"url\":\"https:\/\/www.insel-moen.de\/wp-content\/uploads\/2023\/08\/cropped-daenemark-logo-neu-klein.png\",\"contentUrl\":\"https:\/\/www.insel-moen.de\/wp-content\/uploads\/2023\/08\/cropped-daenemark-logo-neu-klein.png\",\"width\":100,\"height\":101,\"caption\":\"www.insel-moen.de\"},\"image\":{\"@id\":\"https:\/\/www.insel-moen.de\/nl\/#\/schema\/logo\/image\/\"}}]}<\/script>\n<!-- \/ Yoast SEO plugin. -->","yoast_head_json":{"title":"Oddermosis - Insel M\u00f6n","robots":{"index":"index","follow":"follow","max-snippet":"max-snippet:-1","max-image-preview":"max-image-preview:large","max-video-preview":"max-video-preview:-1"},"canonical":"https:\/\/www.insel-moen.de\/nl\/plaatsen-op-het-eiland-moen\/oddermosis\/","og_locale":"nl_NL","og_type":"article","og_title":"Oddermosis - Insel M\u00f6n","og_description":"Oddermose is een schilderachtig juweeltje op het adembenemende eiland M\u00f8n in Denemarken. Deze fascinerende plek straalt een betoverende rust uit, ingebed in het natuurlijke groen van het eiland en met een panoramisch uitzicht op de Baltische Zee dat bezoekers onmiddellijk betovert. Oddermose ligt geografisch gezien in het oosten van het eiland M\u00f8n en is zeer [&hellip;]","og_url":"https:\/\/www.insel-moen.de\/nl\/plaatsen-op-het-eiland-moen\/oddermosis\/","og_site_name":"Insel M\u00f6n","article_modified_time":"2024-05-16T09:12:42+00:00","twitter_card":"summary_large_image","twitter_misc":{"Geschatte leestijd":"1 minuut"},"schema":{"@context":"https:\/\/schema.org","@graph":[{"@type":"WebPage","@id":"https:\/\/www.insel-moen.de\/nl\/plaatsen-op-het-eiland-moen\/oddermosis\/","url":"https:\/\/www.insel-moen.de\/nl\/plaatsen-op-het-eiland-moen\/oddermosis\/","name":"Oddermosis - Insel M\u00f6n","isPartOf":{"@id":"https:\/\/www.insel-moen.de\/nl\/#website"},"datePublished":"2024-05-16T08:16:05+00:00","dateModified":"2024-05-16T09:12:42+00:00","breadcrumb":{"@id":"https:\/\/www.insel-moen.de\/nl\/plaatsen-op-het-eiland-moen\/oddermosis\/#breadcrumb"},"inLanguage":"nl-NL","potentialAction":[{"@type":"ReadAction","target":["https:\/\/www.insel-moen.de\/nl\/plaatsen-op-het-eiland-moen\/oddermosis\/"]}]},{"@type":"BreadcrumbList","@id":"https:\/\/www.insel-moen.de\/nl\/plaatsen-op-het-eiland-moen\/oddermosis\/#breadcrumb","itemListElement":[{"@type":"ListItem","position":1,"name":"Startseite","item":"https:\/\/www.insel-moen.de\/nl\/welkom-op-het-eiland-moen\/"},{"@type":"ListItem","position":2,"name":"Plaatsen op het eiland M\u00f6n","item":"https:\/\/www.insel-moen.de\/nl\/plaatsen-op-het-eiland-moen\/"},{"@type":"ListItem","position":3,"name":"Oddermosis"}]},{"@type":"WebSite","@id":"https:\/\/www.insel-moen.de\/nl\/#website","url":"https:\/\/www.insel-moen.de\/nl\/","name":"Insel M\u00f6n","description":"INSEL M\u00d6N - Urlaub in der D\u00e4nischen S\u00fcdsee","publisher":{"@id":"https:\/\/www.insel-moen.de\/nl\/#organization"},"potentialAction":[{"@type":"SearchAction","target":{"@type":"EntryPoint","urlTemplate":"https:\/\/www.insel-moen.de\/nl\/?s={search_term_string}"},"query-input":{"@type":"PropertyValueSpecification","valueRequired":true,"valueName":"search_term_string"}}],"inLanguage":"nl-NL"},{"@type":"Organization","@id":"https:\/\/www.insel-moen.de\/nl\/#organization","name":"www.insel-moen.de","url":"https:\/\/www.insel-moen.de\/nl\/","logo":{"@type":"ImageObject","inLanguage":"nl-NL","@id":"https:\/\/www.insel-moen.de\/nl\/#\/schema\/logo\/image\/","url":"https:\/\/www.insel-moen.de\/wp-content\/uploads\/2023\/08\/cropped-daenemark-logo-neu-klein.png","contentUrl":"https:\/\/www.insel-moen.de\/wp-content\/uploads\/2023\/08\/cropped-daenemark-logo-neu-klein.png","width":100,"height":101,"caption":"www.insel-moen.de"},"image":{"@id":"https:\/\/www.insel-moen.de\/nl\/#\/schema\/logo\/image\/"}}]}},"_links":{"self":[{"href":"https:\/\/www.insel-moen.de\/nl\/wp-json\/wp\/v2\/pages\/7849","targetHints":{"allow":["GET"]}}],"collection":[{"href":"https:\/\/www.insel-moen.de\/nl\/wp-json\/wp\/v2\/pages"}],"about":[{"href":"https:\/\/www.insel-moen.de\/nl\/wp-json\/wp\/v2\/types\/page"}],"author":[{"embeddable":true,"href":"https:\/\/www.insel-moen.de\/nl\/wp-json\/wp\/v2\/users\/3"}],"replies":[{"embeddable":true,"href":"https:\/\/www.insel-moen.de\/nl\/wp-json\/wp\/v2\/comments?post=7849"}],"version-history":[{"count":1,"href":"https:\/\/www.insel-moen.de\/nl\/wp-json\/wp\/v2\/pages\/7849\/revisions"}],"predecessor-version":[{"id":7850,"href":"https:\/\/www.insel-moen.de\/nl\/wp-json\/wp\/v2\/pages\/7849\/revisions\/7850"}],"up":[{"embeddable":true,"href":"https:\/\/www.insel-moen.de\/nl\/wp-json\/wp\/v2\/pages\/8545"}],"wp:attachment":[{"href":"https:\/\/www.insel-moen.de\/nl\/wp-json\/wp\/v2\/media?parent=7849"}],"curies":[{"name":"wp","href":"https:\/\/api.w.org\/{rel}","templated":true}]}}