{"id":8608,"date":"2024-05-16T09:12:53","date_gmt":"2024-05-16T09:12:53","guid":{"rendered":"https:\/\/www.insel-moen.de\/protection-des-donnees\/"},"modified":"2024-05-16T09:12:57","modified_gmt":"2024-05-16T09:12:57","slug":"protection-des-donnees","status":"publish","type":"page","link":"https:\/\/www.insel-moen.de\/fr\/protection-des-donnees\/","title":{"rendered":"Protection des donn\u00e9es"},"content":{"rendered":"\n<h2 class=\"wp-block-heading\">Qui sommes-nous ?<\/h2>\n\n<p><em>L&#8217;adresse de notre site web est : https:\/\/www.insel-moen.de.<\/em><\/p>\n\n<h2 class=\"wp-block-heading\">Quelles donn\u00e9es personnelles collectons-nous ?<\/h2>\n\n<p><strong>Commentaires<\/strong><\/p>\n\n<p><em>Lorsque les visiteurs \u00e9crivent des commentaires sur le site, nous collectons les donn\u00e9es affich\u00e9es dans le formulaire de commentaire, ainsi que l&#8217;adresse IP du visiteur et la cha\u00eene de l&#8217;agent utilisateur (qui permet d&#8217;identifier le navigateur) afin d&#8217;aider \u00e0 la d\u00e9tection des spams.<\/em><\/p>\n\n<p><em>Une cha\u00eene de caract\u00e8res anonymis\u00e9e (\u00e9galement appel\u00e9e hash) peut \u00eatre cr\u00e9\u00e9e \u00e0 partir de votre adresse e-mail et transmise au service Gravatar afin de v\u00e9rifier si vous l&#8217;utilisez. Vous pouvez consulter la politique de confidentialit\u00e9 du service Gravatar ici : https:\/\/automattic.com\/privacy\/. Une fois votre commentaire approuv\u00e9, votre photo de profil sera visible publiquement dans le contexte de votre commentaire.<\/em><\/p>\n\n<p><strong>Cookies<\/strong><\/p>\n\n<p>Si vous \u00e9crivez un commentaire sur notre site web, cela peut constituer un consentement pour que votre nom, votre adresse e-mail et votre site web soient enregistr\u00e9s dans des cookies. Il s&#8217;agit d&#8217;une fonction de confort qui vous \u00e9vite de devoir saisir \u00e0 nouveau toutes ces donn\u00e9es lorsque vous \u00e9crivez un autre commentaire. Ces cookies sont conserv\u00e9s pendant un an.<\/p>\n\n<p>Si vous avez un compte et que vous vous connectez \u00e0 ce site, nous placerons un cookie temporaire afin de d\u00e9terminer si votre navigateur accepte les cookies. Ce cookie ne contient aucune donn\u00e9e personnelle et est d\u00e9truit lorsque vous fermez votre navigateur.<\/p>\n\n<p>Lorsque vous vous inscrivez, nous configurons certains cookies pour stocker vos informations de connexion et vos options d&#8217;affichage. Les cookies de connexion expirent apr\u00e8s deux jours et les cookies des options d&#8217;affichage apr\u00e8s un an. Si vous choisissez de &#8220;rester connect\u00e9&#8221; lors de votre inscription, votre inscription sera maintenue pendant deux semaines. Lorsque vous vous d\u00e9connectez de votre compte, les cookies de connexion sont supprim\u00e9s.<\/p>\n\n<p>Lorsque vous modifiez ou publiez un article, un cookie suppl\u00e9mentaire est enregistr\u00e9 dans votre navigateur. Ce cookie ne contient aucune information personnelle et ne fait r\u00e9f\u00e9rence qu&#8217;\u00e0 l&#8217;identifiant de publication de l&#8217;article que vous venez de modifier. Le cookie expire au bout d&#8217;un jour.<\/p>\n\n<p><strong>Contenu int\u00e9gr\u00e9 d&#8217;autres sites web<\/strong><\/p>\n\n<p>Les contributions sur ce site peuvent inclure du contenu int\u00e9gr\u00e9 (par exemple, des vid\u00e9os, des images, des messages, etc.) Le contenu int\u00e9gr\u00e9 d&#8217;autres sites se comporte exactement comme si le visiteur avait visit\u00e9 l&#8217;autre site.<\/p>\n\n<p>Ces sites peuvent collecter des informations sur vous, utiliser des cookies, int\u00e9grer des services de suivi suppl\u00e9mentaires de tiers et enregistrer votre interaction avec ce contenu int\u00e9gr\u00e9, y compris votre interaction avec le contenu int\u00e9gr\u00e9 si vous avez un compte et \u00eates connect\u00e9 \u00e0 ce site.<\/p>\n\n<p><strong>Avec qui nous partageons vos donn\u00e9es<\/strong><\/p>\n\n<p>Googe Analytics<\/p>\n\n<p>Nous utilisons Google Analytics pour \u00e9valuer le nombre de visites et ainsi am\u00e9liorer notre site web. Google Analytics n&#8217;enregistre pas l&#8217;adresse IP, l&#8217;adresse e-mail ou toute autre donn\u00e9e personnelle.<\/p>\n\n<a href=\"javascript:gaoo_handle_optout();\" id=\"gaoo-link\" class=\"gaoo-link-deactivate\">Verbiete Google Analytics, mich zu verfolgen<\/a>\n\n<p> <\/p>\n\n<p>Askiment<\/p>\n\n<p>  Nous collectons des informations sur les visiteurs qui laissent des commentaires sur les sites utilisant notre service anti-spam Akismet. La quantit\u00e9 d&#8217;informations que nous collectons d\u00e9pend de la mani\u00e8re dont l&#8217;utilisateur a configur\u00e9 son site. En g\u00e9n\u00e9ral, ces donn\u00e9es comprennent l&#8217;adresse IP de l&#8217;utilisateur, l&#8217;agent utilisateur, le r\u00e9f\u00e9rent et l&#8217;URL du site (ainsi que les informations que l&#8217;utilisateur a saisies directement, comme son nom, son nom d&#8217;utilisateur, son adresse e-mail et le commentaire lui-m\u00eame).  <\/p>\n\n<p><strong>Avis de confidentialit\u00e9 sur Microsoft Clarity<\/strong><\/p>\n\n<p>Sur ce site web, nous utilisons Microsoft Clarity, un service d&#8217;analyse web de Microsoft Corporation (&#8220;Microsoft&#8221;). Microsoft Clarity nous permet de comprendre le comportement des utilisateurs sur notre site web en collectant des donn\u00e9es anonymes sur les mouvements de la souris, les clics et les comportements de d\u00e9filement. Ces informations nous aident \u00e0 am\u00e9liorer l&#8217;exp\u00e9rience utilisateur sur notre site, par exemple en identifiant le contenu qui int\u00e9resse le plus nos visiteurs et en nous aidant \u00e0 optimiser la navigation et l&#8217;accessibilit\u00e9 de nos pages.<\/p>\n\n<p>Microsoft Clarity utilise des cookies et d&#8217;autres technologies pour collecter des donn\u00e9es sur le comportement des visiteurs de notre site. Ces donn\u00e9es sont toutefois collect\u00e9es et stock\u00e9es de mani\u00e8re anonyme, de sorte qu&#8217;aucune conclusion ne peut \u00eatre tir\u00e9e sur les utilisateurs individuels.<\/p>\n\n<p>L&#8217;utilisation de Microsoft Clarity se fait dans l&#8217;int\u00e9r\u00eat d&#8217;une am\u00e9lioration continue de notre site web et rel\u00e8ve donc de notre int\u00e9r\u00eat l\u00e9gitime selon l&#8217;article 6, paragraphe 1. 1 lit. f du RGPD.<\/p>\n\n<p>Pour plus d&#8217;informations sur la protection des donn\u00e9es avec Microsoft Clarity, nous vous renvoyons \u00e0 la d\u00e9claration de confidentialit\u00e9 de Microsoft <a href=\"https:\/\/privacy.microsoft.com\/de-de\/privacystatement\">: https:\/\/privacy.microsoft.com\/de-de\/privacystatement.<\/a><\/p>\n\n<p>Si vous ne souhaitez pas que Microsoft Clarity analyse votre utilisation de notre site Web, vous pouvez \u00e0 tout moment d\u00e9sactiver les cookies dans les param\u00e8tres de votre navigateur ou r\u00e9voquer votre consentement \u00e0 l&#8217;utilisation des cookies sur notre site Web. Veuillez noter que cela peut affecter la fonctionnalit\u00e9 du site.<\/p>\n\n<p><strong>Combien de temps nous conservons les donn\u00e9es<\/strong><\/p>\n\n<p>Lorsque vous \u00e9crivez un commentaire, celui-ci, y compris les m\u00e9tadonn\u00e9es, est enregistr\u00e9 pour une dur\u00e9e illimit\u00e9e. De cette fa\u00e7on, nous pouvons d\u00e9tecter et approuver automatiquement les commentaires de suivi au lieu de les garder dans une file d&#8217;attente de mod\u00e9ration.<\/p>\n\n<p>Pour les utilisateurs qui s&#8217;inscrivent sur notre site, nous conservons \u00e9galement les informations personnelles qu&#8217;ils fournissent dans leur profil d&#8217;utilisateur. Tous les utilisateurs peuvent consulter, modifier ou supprimer leurs informations personnelles \u00e0 tout moment (le nom d&#8217;utilisateur ne peut pas \u00eatre modifi\u00e9). Les administrateurs du site peuvent \u00e9galement consulter et modifier ces informations.<\/p>\n\n<h2 class=\"wp-block-heading\"><strong>Quels sont vos droits sur vos donn\u00e9es ?<\/strong><\/h2>\n\n<p><em>Si vous avez un compte sur ce site ou si vous avez \u00e9crit des commentaires, vous pouvez nous demander d&#8217;exporter vos donn\u00e9es personnelles, y compris toutes les donn\u00e9es que vous nous avez fournies. En outre, vous pouvez demander la suppression de toutes les donn\u00e9es personnelles que nous d\u00e9tenons \u00e0 votre sujet. Cela ne comprend pas les donn\u00e9es que nous devons conserver en raison de n\u00e9cessit\u00e9s administratives, juridiques ou de s\u00e9curit\u00e9.<\/em><\/p>\n\n<p><\/p>\n","protected":false},"excerpt":{"rendered":"<p>Qui sommes-nous ? L&#8217;adresse de notre site web est : https:\/\/www.insel-moen.de. Quelles donn\u00e9es personnelles collectons-nous ? Commentaires Lorsque les visiteurs \u00e9crivent des commentaires sur le site, nous collectons les donn\u00e9es affich\u00e9es dans le formulaire de commentaire, ainsi que l&#8217;adresse IP du visiteur et la cha\u00eene de l&#8217;agent utilisateur (qui permet d&#8217;identifier le navigateur) afin d&#8217;aider [&hellip;]<\/p>\n","protected":false},"author":3,"featured_media":0,"parent":0,"menu_order":0,"comment_status":"closed","ping_status":"closed","template":"","meta":{"footnotes":""},"class_list":["post-8608","page","type-page","status-publish","hentry"],"yoast_head":"<!-- This site is optimized with the Yoast SEO plugin v24.5 - https:\/\/yoast.com\/wordpress\/plugins\/seo\/ -->\n<title>Protection des donn\u00e9es - Insel M\u00f6n<\/title>\n<meta name=\"robots\" content=\"index, follow, max-snippet:-1, max-image-preview:large, max-video-preview:-1\" \/>\n<link rel=\"canonical\" href=\"https:\/\/www.insel-moen.de\/fr\/protection-des-donnees\/\" \/>\n<meta property=\"og:locale\" content=\"fr_FR\" \/>\n<meta property=\"og:type\" content=\"article\" \/>\n<meta property=\"og:title\" content=\"Protection des donn\u00e9es - Insel M\u00f6n\" \/>\n<meta property=\"og:description\" content=\"Qui sommes-nous ? L&#8217;adresse de notre site web est : https:\/\/www.insel-moen.de. Quelles donn\u00e9es personnelles collectons-nous ? Commentaires Lorsque les visiteurs \u00e9crivent des commentaires sur le site, nous collectons les donn\u00e9es affich\u00e9es dans le formulaire de commentaire, ainsi que l&#8217;adresse IP du visiteur et la cha\u00eene de l&#8217;agent utilisateur (qui permet d&#8217;identifier le navigateur) afin d&#8217;aider [&hellip;]\" \/>\n<meta property=\"og:url\" content=\"https:\/\/www.insel-moen.de\/fr\/protection-des-donnees\/\" \/>\n<meta property=\"og:site_name\" content=\"Insel M\u00f6n\" \/>\n<meta property=\"article:modified_time\" content=\"2024-05-16T09:12:57+00:00\" \/>\n<meta name=\"twitter:card\" content=\"summary_large_image\" \/>\n<meta name=\"twitter:label1\" content=\"Dur\u00e9e de lecture estim\u00e9e\" \/>\n\t<meta name=\"twitter:data1\" content=\"5 minutes\" \/>\n<script type=\"application\/ld+json\" class=\"yoast-schema-graph\">{\"@context\":\"https:\/\/schema.org\",\"@graph\":[{\"@type\":\"WebPage\",\"@id\":\"https:\/\/www.insel-moen.de\/fr\/protection-des-donnees\/\",\"url\":\"https:\/\/www.insel-moen.de\/fr\/protection-des-donnees\/\",\"name\":\"Protection des donn\u00e9es - Insel M\u00f6n\",\"isPartOf\":{\"@id\":\"https:\/\/www.insel-moen.de\/fr\/#website\"},\"datePublished\":\"2024-05-16T09:12:53+00:00\",\"dateModified\":\"2024-05-16T09:12:57+00:00\",\"breadcrumb\":{\"@id\":\"https:\/\/www.insel-moen.de\/fr\/protection-des-donnees\/#breadcrumb\"},\"inLanguage\":\"fr-FR\",\"potentialAction\":[{\"@type\":\"ReadAction\",\"target\":[\"https:\/\/www.insel-moen.de\/fr\/protection-des-donnees\/\"]}]},{\"@type\":\"BreadcrumbList\",\"@id\":\"https:\/\/www.insel-moen.de\/fr\/protection-des-donnees\/#breadcrumb\",\"itemListElement\":[{\"@type\":\"ListItem\",\"position\":1,\"name\":\"Startseite\",\"item\":\"https:\/\/www.insel-moen.de\/fr\/bienvenue-sur-lile-de-moen\/\"},{\"@type\":\"ListItem\",\"position\":2,\"name\":\"Protection des donn\u00e9es\"}]},{\"@type\":\"WebSite\",\"@id\":\"https:\/\/www.insel-moen.de\/fr\/#website\",\"url\":\"https:\/\/www.insel-moen.de\/fr\/\",\"name\":\"Insel M\u00f6n\",\"description\":\"INSEL M\u00d6N - Urlaub in der D\u00e4nischen S\u00fcdsee\",\"publisher\":{\"@id\":\"https:\/\/www.insel-moen.de\/fr\/#organization\"},\"potentialAction\":[{\"@type\":\"SearchAction\",\"target\":{\"@type\":\"EntryPoint\",\"urlTemplate\":\"https:\/\/www.insel-moen.de\/fr\/?s={search_term_string}\"},\"query-input\":{\"@type\":\"PropertyValueSpecification\",\"valueRequired\":true,\"valueName\":\"search_term_string\"}}],\"inLanguage\":\"fr-FR\"},{\"@type\":\"Organization\",\"@id\":\"https:\/\/www.insel-moen.de\/fr\/#organization\",\"name\":\"www.insel-moen.de\",\"url\":\"https:\/\/www.insel-moen.de\/fr\/\",\"logo\":{\"@type\":\"ImageObject\",\"inLanguage\":\"fr-FR\",\"@id\":\"https:\/\/www.insel-moen.de\/fr\/#\/schema\/logo\/image\/\",\"url\":\"https:\/\/www.insel-moen.de\/wp-content\/uploads\/2023\/08\/cropped-daenemark-logo-neu-klein.png\",\"contentUrl\":\"https:\/\/www.insel-moen.de\/wp-content\/uploads\/2023\/08\/cropped-daenemark-logo-neu-klein.png\",\"width\":100,\"height\":101,\"caption\":\"www.insel-moen.de\"},\"image\":{\"@id\":\"https:\/\/www.insel-moen.de\/fr\/#\/schema\/logo\/image\/\"}}]}<\/script>\n<!-- \/ Yoast SEO plugin. -->","yoast_head_json":{"title":"Protection des donn\u00e9es - Insel M\u00f6n","robots":{"index":"index","follow":"follow","max-snippet":"max-snippet:-1","max-image-preview":"max-image-preview:large","max-video-preview":"max-video-preview:-1"},"canonical":"https:\/\/www.insel-moen.de\/fr\/protection-des-donnees\/","og_locale":"fr_FR","og_type":"article","og_title":"Protection des donn\u00e9es - Insel M\u00f6n","og_description":"Qui sommes-nous ? L&#8217;adresse de notre site web est : https:\/\/www.insel-moen.de. Quelles donn\u00e9es personnelles collectons-nous ? Commentaires Lorsque les visiteurs \u00e9crivent des commentaires sur le site, nous collectons les donn\u00e9es affich\u00e9es dans le formulaire de commentaire, ainsi que l&#8217;adresse IP du visiteur et la cha\u00eene de l&#8217;agent utilisateur (qui permet d&#8217;identifier le navigateur) afin d&#8217;aider [&hellip;]","og_url":"https:\/\/www.insel-moen.de\/fr\/protection-des-donnees\/","og_site_name":"Insel M\u00f6n","article_modified_time":"2024-05-16T09:12:57+00:00","twitter_card":"summary_large_image","twitter_misc":{"Dur\u00e9e de lecture estim\u00e9e":"5 minutes"},"schema":{"@context":"https:\/\/schema.org","@graph":[{"@type":"WebPage","@id":"https:\/\/www.insel-moen.de\/fr\/protection-des-donnees\/","url":"https:\/\/www.insel-moen.de\/fr\/protection-des-donnees\/","name":"Protection des donn\u00e9es - Insel M\u00f6n","isPartOf":{"@id":"https:\/\/www.insel-moen.de\/fr\/#website"},"datePublished":"2024-05-16T09:12:53+00:00","dateModified":"2024-05-16T09:12:57+00:00","breadcrumb":{"@id":"https:\/\/www.insel-moen.de\/fr\/protection-des-donnees\/#breadcrumb"},"inLanguage":"fr-FR","potentialAction":[{"@type":"ReadAction","target":["https:\/\/www.insel-moen.de\/fr\/protection-des-donnees\/"]}]},{"@type":"BreadcrumbList","@id":"https:\/\/www.insel-moen.de\/fr\/protection-des-donnees\/#breadcrumb","itemListElement":[{"@type":"ListItem","position":1,"name":"Startseite","item":"https:\/\/www.insel-moen.de\/fr\/bienvenue-sur-lile-de-moen\/"},{"@type":"ListItem","position":2,"name":"Protection des donn\u00e9es"}]},{"@type":"WebSite","@id":"https:\/\/www.insel-moen.de\/fr\/#website","url":"https:\/\/www.insel-moen.de\/fr\/","name":"Insel M\u00f6n","description":"INSEL M\u00d6N - Urlaub in der D\u00e4nischen S\u00fcdsee","publisher":{"@id":"https:\/\/www.insel-moen.de\/fr\/#organization"},"potentialAction":[{"@type":"SearchAction","target":{"@type":"EntryPoint","urlTemplate":"https:\/\/www.insel-moen.de\/fr\/?s={search_term_string}"},"query-input":{"@type":"PropertyValueSpecification","valueRequired":true,"valueName":"search_term_string"}}],"inLanguage":"fr-FR"},{"@type":"Organization","@id":"https:\/\/www.insel-moen.de\/fr\/#organization","name":"www.insel-moen.de","url":"https:\/\/www.insel-moen.de\/fr\/","logo":{"@type":"ImageObject","inLanguage":"fr-FR","@id":"https:\/\/www.insel-moen.de\/fr\/#\/schema\/logo\/image\/","url":"https:\/\/www.insel-moen.de\/wp-content\/uploads\/2023\/08\/cropped-daenemark-logo-neu-klein.png","contentUrl":"https:\/\/www.insel-moen.de\/wp-content\/uploads\/2023\/08\/cropped-daenemark-logo-neu-klein.png","width":100,"height":101,"caption":"www.insel-moen.de"},"image":{"@id":"https:\/\/www.insel-moen.de\/fr\/#\/schema\/logo\/image\/"}}]}},"_links":{"self":[{"href":"https:\/\/www.insel-moen.de\/fr\/wp-json\/wp\/v2\/pages\/8608","targetHints":{"allow":["GET"]}}],"collection":[{"href":"https:\/\/www.insel-moen.de\/fr\/wp-json\/wp\/v2\/pages"}],"about":[{"href":"https:\/\/www.insel-moen.de\/fr\/wp-json\/wp\/v2\/types\/page"}],"author":[{"embeddable":true,"href":"https:\/\/www.insel-moen.de\/fr\/wp-json\/wp\/v2\/users\/3"}],"replies":[{"embeddable":true,"href":"https:\/\/www.insel-moen.de\/fr\/wp-json\/wp\/v2\/comments?post=8608"}],"version-history":[{"count":1,"href":"https:\/\/www.insel-moen.de\/fr\/wp-json\/wp\/v2\/pages\/8608\/revisions"}],"predecessor-version":[{"id":8614,"href":"https:\/\/www.insel-moen.de\/fr\/wp-json\/wp\/v2\/pages\/8608\/revisions\/8614"}],"wp:attachment":[{"href":"https:\/\/www.insel-moen.de\/fr\/wp-json\/wp\/v2\/media?parent=8608"}],"curies":[{"name":"wp","href":"https:\/\/api.w.org\/{rel}","templated":true}]}}