{"id":8574,"date":"2024-05-16T09:12:47","date_gmt":"2024-05-16T09:12:47","guid":{"rendered":"https:\/\/www.insel-moen.de\/passerelles\/"},"modified":"2024-05-18T09:38:14","modified_gmt":"2024-05-18T09:38:14","slug":"passerelles","status":"publish","type":"page","link":"https:\/\/www.insel-moen.de\/fr\/lieux-sur-lile-de-moen\/passerelles\/","title":{"rendered":"Passerelles"},"content":{"rendered":"\n<p class=\"has-drop-cap\">Si vous ne venez pas \u00e0 Moen avec votre propre voiture, Stege, la capitale de l&#8217;\u00eele, est le meilleur point de d\u00e9part pour explorer l&#8217;\u00eele. Moen dispose en effet d&#8217;un service de bus. Le bus vous attend pr\u00e8s de l&#8217;office du tourisme, du c\u00f4t\u00e9 nord du pont-levis, qui m\u00e8ne aussi directement au centre-ville.<\/p>\n\n<p>De l\u00e0, Stege est divis\u00e9e en deux par son long chemin pi\u00e9tonnier, le Storegarde, qui part du port, longe le toit gothique de l&#8217;\u00e9glise de la ville qui s&#8217;\u00e9l\u00e8ve et se termine par les portes m\u00e9di\u00e9vales Molletorten. Le nom de Steges vient du mot &#8220;Strike&#8221;, qui d\u00e9signe des poteaux de bois enfonc\u00e9s dans un bras de mer comme d\u00e9fense suppl\u00e9mentaire contre les envahisseurs.  <\/p>\n\n<figure class=\"wp-block-image size-large\"><a href=\"https:\/\/www.insel-moen.de\/wp-content\/uploads\/2024\/03\/Moen-stege-kaffehuset-moen.jpg\"><img loading=\"lazy\" decoding=\"async\" width=\"1024\" height=\"682\" src=\"https:\/\/www.insel-moen.de\/wp-content\/uploads\/2024\/03\/Moen-stege-kaffehuset-moen-1024x682.jpg\" alt=\"L'image montre l'ext&#xE9;rieur de &quot;Kaffehuset M&#xF8;n&quot;, un torr&#xE9;facteur situ&#xE9; &#xE0; Stege sur l'&#xEE;le de M&#xF8;n, au Danemark. L'entr&#xE9;e du magasin est ouverte et donne sur un int&#xE9;rieur lumineux et moderne, avec des meubles en bois et des d&#xE9;corations en sacs de caf&#xE9;. Au-dessus de l'entr&#xE9;e, un panneau indique &quot;Kaffehuset M&#xF8;n Risteri Roastery Roastery&quot;. Devant le magasin, des pots de fleurs d&#xE9;coratifs sont pos&#xE9;s sur de vieilles caisses en bois.\" class=\"wp-image-6703\" srcset=\"https:\/\/www.insel-moen.de\/wp-content\/uploads\/2024\/03\/Moen-stege-kaffehuset-moen-1024x682.jpg 1024w, https:\/\/www.insel-moen.de\/wp-content\/uploads\/2024\/03\/Moen-stege-kaffehuset-moen-300x200.jpg 300w, https:\/\/www.insel-moen.de\/wp-content\/uploads\/2024\/03\/Moen-stege-kaffehuset-moen-768x512.jpg 768w, https:\/\/www.insel-moen.de\/wp-content\/uploads\/2024\/03\/Moen-stege-kaffehuset-moen-810x540.jpg 810w, https:\/\/www.insel-moen.de\/wp-content\/uploads\/2024\/03\/Moen-stege-kaffehuset-moen-1200x800.jpg 1200w, https:\/\/www.insel-moen.de\/wp-content\/uploads\/2024\/03\/Moen-stege-kaffehuset-moen.jpg 1280w\" sizes=\"auto, (max-width: 1024px) 100vw, 1024px\" \/><\/a><\/figure>\n<h2 class=\"wp-block-heading\">Choses \u00e0 voir \u00e0 Stege<\/h2>\n\n<p>Parmi les plus belles attractions de la ville portuaire de Stege, citons le M\u00f8ns Museum, qui abrite l&#8217;Empiregaarden et le Thorsvang Collection Museum. Vous trouverez des informations d\u00e9taill\u00e9es sur ces attractions et d&#8217;autres ici \u00e0 M\u00f8n.<\/p>\n\n<p>Reli\u00e9 aux Molleporten \u00e0 Empiregarden, Storegarden 75 (mar-dim 10h-16h, 30 Kr, www.empiregaarden.dk), un mus\u00e9e municipal situ\u00e9 dans une ancienne maison de marchand des ann\u00e9es 1780. La collection comprend des pi\u00e8ces arch\u00e9ologiques et ethnographiques allant de la faune fossile aux \u00e9glises remplies de fresques.<\/p>\n\n<h2 class=\"wp-block-heading\">M\u00f8n Turistbureau Stege<\/h2>\n\n<figure class=\"wp-block-image size-large\"><a href=\"https:\/\/www.insel-moen.de\/wp-content\/uploads\/2024\/05\/Bildschirmfoto-2024-05-18-um-11.34.02-1024x643.png\"><img loading=\"lazy\" decoding=\"async\" width=\"1024\" height=\"643\" src=\"https:\/\/www.insel-moen.de\/wp-content\/uploads\/2024\/05\/Bildschirmfoto-2024-05-18-um-11.34.02-1024x643.png\" alt=\"Photo montrant l'office de tourisme de Stege sur l'&#xEE;le de M&#xF6;n, Danemark. Un grand panneau indiquant les distances vers diff&#xE9;rents lieux, dont M&#xF8;ns Klint, se trouve au premier plan. Le b&#xE2;timent de l'office de tourisme est peint en jaune et se trouve au bord de l'eau, o&#xF9; l'on peut voir quelques bateaux. Des gens se prom&#xE8;nent sur le chemin pav&#xE9; qui longe le front de mer.\" class=\"wp-image-8700\" srcset=\"https:\/\/www.insel-moen.de\/wp-content\/uploads\/2024\/05\/Bildschirmfoto-2024-05-18-um-11.34.02-1024x643.png 1024w, https:\/\/www.insel-moen.de\/wp-content\/uploads\/2024\/05\/Bildschirmfoto-2024-05-18-um-11.34.02-300x188.png 300w, https:\/\/www.insel-moen.de\/wp-content\/uploads\/2024\/05\/Bildschirmfoto-2024-05-18-um-11.34.02-768x482.png 768w, https:\/\/www.insel-moen.de\/wp-content\/uploads\/2024\/05\/Bildschirmfoto-2024-05-18-um-11.34.02-1536x964.png 1536w, https:\/\/www.insel-moen.de\/wp-content\/uploads\/2024\/05\/Bildschirmfoto-2024-05-18-um-11.34.02-810x508.png 810w, https:\/\/www.insel-moen.de\/wp-content\/uploads\/2024\/05\/Bildschirmfoto-2024-05-18-um-11.34.02-1200x753.png 1200w, https:\/\/www.insel-moen.de\/wp-content\/uploads\/2024\/05\/Bildschirmfoto-2024-05-18-um-11.34.02.png 1896w\" sizes=\"auto, (max-width: 1024px) 100vw, 1024px\" \/><\/a><\/figure>\n<p>L&#8217;office du tourisme de M\u00f6n se trouve pr\u00e8s du pont de Stege. Vous ne pouvez pas manquer une maison jaune. Ici, vous pouvez obtenir beaucoup d&#8217;informations sur la nature, les animaux et les voyages nature \u00eele. Cet endroit vend \u00e9galement des souvenirs et loue des chambres dans des complexes h\u00f4teliers.<\/p>\n\n<p><strong>Office du tourisme de M\u00f8n<\/strong><br\/>Storegade 2<br\/>DK &#8211; 4780 Stege<\/p>\n\n<p>Tlf : (+45) 5586 0400<br\/>E-mail:info@visitmoen.com<\/p>\n\n<h2 class=\"wp-block-heading\">Le ch\u00e2teau du port \u00e0 Stege<\/h2>\n\n<figure class=\"wp-block-image size-full\"><a href=\"https:\/\/www.insel-moen.de\/wp-content\/uploads\/2021\/09\/Hafenschloss-stege-moen.jpg\"><img loading=\"lazy\" decoding=\"async\" width=\"639\" height=\"426\" src=\"https:\/\/www.insel-moen.de\/wp-content\/uploads\/2021\/09\/Hafenschloss-stege-moen.jpg\" alt=\"\" class=\"wp-image-439\" srcset=\"https:\/\/www.insel-moen.de\/wp-content\/uploads\/2021\/09\/Hafenschloss-stege-moen.jpg 639w, https:\/\/www.insel-moen.de\/wp-content\/uploads\/2021\/09\/Hafenschloss-stege-moen-300x200.jpg 300w\" sizes=\"auto, (max-width: 639px) 100vw, 639px\" \/><\/a><figcaption class=\"wp-element-caption\">Mod\u00e8le du ch\u00e2teau du port \u00e0 Stege.<\/figcaption><\/figure>\n<p>Le ch\u00e2teau du port de Stege a \u00e9t\u00e9 construit en 1910 et a \u00e9t\u00e9 pendant de nombreuses ann\u00e9es l&#8217;embl\u00e8me officieux du port. Le b\u00e2timent comprenait deux salles d&#8217;attente. Un pour les 1. et un pour les 2\u00e8me classe.<\/p>\n\n<p>En outre, le b\u00e2timent servait de bureau portuaire et de r\u00e9sidence du ma\u00eetre de port. Lorsque l&#8217;\u00e9cole de Stege a \u00e9t\u00e9 reconstruite en 1935, les cours ont eu lieu ici.<\/p>\n\n<p>La partie inf\u00e9rieure du ch\u00e2teau du port a ensuite servi d&#8217;habitation. La tour a \u00e9t\u00e9 d\u00e9mont\u00e9e en 1961 et se trouve depuis lors au mus\u00e9e de Stege. En 1965, le ch\u00e2teau du port a \u00e9t\u00e9 d\u00e9moli.<\/p>\n\n<p>Les Damper &#8220;Stege&#8221; et &#8220;Codan&#8221; suivaient une route fixe entre Stege et Kalvehave. Vous pouvez voir la maquette du ch\u00e2teau du port en face du bureau d&#8217;information touristique.<\/p>\n\n<h2 class=\"wp-block-heading\">Faire ses courses \u00e0 Stege<\/h2>\n\n<p>Comme son nom l&#8217;indique, la ville de Stege est un joli petit endroit pour faire du shopping. Depuis de nombreuses d\u00e9cennies, elle accueille une multitude de commerces et d&#8217;entreprises et est aujourd&#8217;hui un lieu tr\u00e8s pris\u00e9 des locaux comme des touristes. Si vous recherchez un endroit o\u00f9 vous pouvez passer du temps \u00e0 parcourir une multitude de magasins et d&#8217;entreprises, vous ne serez pas d\u00e9\u00e7u si vous passez par Stege. Vous y trouverez de nombreux magasins et possibilit\u00e9s de faire du shopping. Des v\u00eatements et des chaussures aux produits alimentaires (NETTO) et aux boissons, il y en a pour tous les go\u00fbts et toutes les bourses.<\/p>\n\n<h2 class=\"wp-block-heading\">Logements \u00e0 Stege<\/h2>\n\n<p>L&#8217;une des choses que j&#8217;ai apprises lors de mes voyages est qu&#8217;il est toujours pr\u00e9f\u00e9rable de se renseigner sur la destination avant de partir. Si vous vous rendez \u00e0 Stege sur l&#8217;\u00eele de M\u00f8n, il est important que vous r\u00e9fl\u00e9chissiez au type d&#8217;h\u00e9bergement que vous souhaitez. Il existe plusieurs types d&#8217;h\u00f4tels au choix, notamment des h\u00f4tels-boutiques, des auberges et des chambres d&#8217;h\u00f4tes. Le choix d&#8217;h\u00e9bergement \u00e0 Stege sur l&#8217;\u00eele de M\u00f8n est vaste, et il existe de nombreux h\u00f4tels qui r\u00e9pondent aux besoins des voyageurs. Les visiteurs peuvent choisir entre de charmantes chambres d&#8217;h\u00f4tes, de petites auberges et m\u00eame de plus grandes cha\u00eenes pour leur s\u00e9jour. Si vous \u00eates \u00e0 la recherche d&#8217;un bed and breakfast, vous avez le choix entre plusieurs h\u00e9bergements.  <\/p>\n\n<p><strong><a href=\"https:\/\/www.booking.com\/searchresults.de.html?city=-2751377&amp;aid=1221650&amp;no_rooms=1&amp;group_adults=2&amp;label=stege\">&gt;&gt;  Ici vous trouverez un aper\u00e7u des logements \u00e0 Stege<\/a><\/strong><\/p>\n\n<h2 class=\"wp-block-heading\">Maisons de vacances \u00e0 Stege<\/h2>\n\n<div style=\"width: 100%\" id=\"c24pp-holidayhome_dk-iframe\" data-q=\"Stege\"><\/div><script src=\"https:\/\/files.check24.net\/widgets\/auto\/124552\/c24pp-holidayhome_dk-iframe\/holidayhome-iframe.js\"><\/script>","protected":false},"excerpt":{"rendered":"<p>Si vous ne venez pas \u00e0 Moen avec votre propre voiture, Stege, la capitale de l&#8217;\u00eele, est le meilleur point de d\u00e9part pour explorer l&#8217;\u00eele. Moen dispose en effet d&#8217;un service de bus. Le bus vous attend pr\u00e8s de l&#8217;office du tourisme, du c\u00f4t\u00e9 nord du pont-levis, qui m\u00e8ne aussi directement au centre-ville. De l\u00e0, [&hellip;]<\/p>\n","protected":false},"author":3,"featured_media":8576,"parent":8575,"menu_order":0,"comment_status":"closed","ping_status":"closed","template":"templates\/template-full-width.php","meta":{"footnotes":""},"class_list":["post-8574","page","type-page","status-publish","has-post-thumbnail","hentry"],"yoast_head":"<!-- This site is optimized with the Yoast SEO plugin v24.5 - https:\/\/yoast.com\/wordpress\/plugins\/seo\/ -->\n<title>Passerelles - Insel M\u00f6n<\/title>\n<meta name=\"description\" content=\"D\u00e9couvrez Stege, le c\u0153ur palpitant de l&#039;\u00eele de Moen. Profitez de routes pittoresques, de sites historiques et d&#039;exp\u00e9riences naturelles uniques. Planifiez votre visite d\u00e8s maintenant et plongez dans le monde fascinant de Moen !\" \/>\n<meta name=\"robots\" content=\"index, follow, max-snippet:-1, max-image-preview:large, max-video-preview:-1\" \/>\n<link rel=\"canonical\" href=\"https:\/\/www.insel-moen.de\/fr\/lieux-sur-lile-de-moen\/passerelles\/\" \/>\n<meta property=\"og:locale\" content=\"fr_FR\" \/>\n<meta property=\"og:type\" content=\"article\" \/>\n<meta property=\"og:title\" content=\"Passerelles - Insel M\u00f6n\" \/>\n<meta property=\"og:description\" content=\"D\u00e9couvrez Stege, le c\u0153ur palpitant de l&#039;\u00eele de Moen. Profitez de routes pittoresques, de sites historiques et d&#039;exp\u00e9riences naturelles uniques. Planifiez votre visite d\u00e8s maintenant et plongez dans le monde fascinant de Moen !\" \/>\n<meta property=\"og:url\" content=\"https:\/\/www.insel-moen.de\/fr\/lieux-sur-lile-de-moen\/passerelles\/\" \/>\n<meta property=\"og:site_name\" content=\"Insel M\u00f6n\" \/>\n<meta property=\"article:modified_time\" content=\"2024-05-18T09:38:14+00:00\" \/>\n<meta property=\"og:image\" content=\"https:\/\/www.insel-moen.de\/wp-content\/uploads\/2021\/09\/stege-inselhauptstadt-von-moen.jpg\" \/>\n\t<meta property=\"og:image:width\" content=\"1600\" \/>\n\t<meta property=\"og:image:height\" content=\"1066\" \/>\n\t<meta property=\"og:image:type\" content=\"image\/jpeg\" \/>\n<meta name=\"twitter:card\" content=\"summary_large_image\" \/>\n<meta name=\"twitter:label1\" content=\"Dur\u00e9e de lecture estim\u00e9e\" \/>\n\t<meta name=\"twitter:data1\" content=\"4 minutes\" \/>\n<script type=\"application\/ld+json\" class=\"yoast-schema-graph\">{\"@context\":\"https:\/\/schema.org\",\"@graph\":[{\"@type\":\"WebPage\",\"@id\":\"https:\/\/www.insel-moen.de\/fr\/lieux-sur-lile-de-moen\/passerelles\/\",\"url\":\"https:\/\/www.insel-moen.de\/fr\/lieux-sur-lile-de-moen\/passerelles\/\",\"name\":\"Passerelles - Insel M\u00f6n\",\"isPartOf\":{\"@id\":\"https:\/\/www.insel-moen.de\/fr\/#website\"},\"primaryImageOfPage\":{\"@id\":\"https:\/\/www.insel-moen.de\/fr\/lieux-sur-lile-de-moen\/passerelles\/#primaryimage\"},\"image\":{\"@id\":\"https:\/\/www.insel-moen.de\/fr\/lieux-sur-lile-de-moen\/passerelles\/#primaryimage\"},\"thumbnailUrl\":\"https:\/\/www.insel-moen.de\/wp-content\/uploads\/2021\/09\/stege-inselhauptstadt-von-moen.jpg\",\"datePublished\":\"2024-05-16T09:12:47+00:00\",\"dateModified\":\"2024-05-18T09:38:14+00:00\",\"description\":\"D\u00e9couvrez Stege, le c\u0153ur palpitant de l'\u00eele de Moen. Profitez de routes pittoresques, de sites historiques et d'exp\u00e9riences naturelles uniques. Planifiez votre visite d\u00e8s maintenant et plongez dans le monde fascinant de Moen !\",\"breadcrumb\":{\"@id\":\"https:\/\/www.insel-moen.de\/fr\/lieux-sur-lile-de-moen\/passerelles\/#breadcrumb\"},\"inLanguage\":\"fr-FR\",\"potentialAction\":[{\"@type\":\"ReadAction\",\"target\":[\"https:\/\/www.insel-moen.de\/fr\/lieux-sur-lile-de-moen\/passerelles\/\"]}]},{\"@type\":\"ImageObject\",\"inLanguage\":\"fr-FR\",\"@id\":\"https:\/\/www.insel-moen.de\/fr\/lieux-sur-lile-de-moen\/passerelles\/#primaryimage\",\"url\":\"https:\/\/www.insel-moen.de\/wp-content\/uploads\/2021\/09\/stege-inselhauptstadt-von-moen.jpg\",\"contentUrl\":\"https:\/\/www.insel-moen.de\/wp-content\/uploads\/2021\/09\/stege-inselhauptstadt-von-moen.jpg\",\"width\":1600,\"height\":1066},{\"@type\":\"BreadcrumbList\",\"@id\":\"https:\/\/www.insel-moen.de\/fr\/lieux-sur-lile-de-moen\/passerelles\/#breadcrumb\",\"itemListElement\":[{\"@type\":\"ListItem\",\"position\":1,\"name\":\"Startseite\",\"item\":\"https:\/\/www.insel-moen.de\/fr\/bienvenue-sur-lile-de-moen\/\"},{\"@type\":\"ListItem\",\"position\":2,\"name\":\"Lieux sur l&#8217;\u00eele de M\u00f6n\",\"item\":\"https:\/\/www.insel-moen.de\/fr\/lieux-sur-lile-de-moen\/\"},{\"@type\":\"ListItem\",\"position\":3,\"name\":\"Passerelles\"}]},{\"@type\":\"WebSite\",\"@id\":\"https:\/\/www.insel-moen.de\/fr\/#website\",\"url\":\"https:\/\/www.insel-moen.de\/fr\/\",\"name\":\"Insel M\u00f6n\",\"description\":\"INSEL M\u00d6N - Urlaub in der D\u00e4nischen S\u00fcdsee\",\"publisher\":{\"@id\":\"https:\/\/www.insel-moen.de\/fr\/#organization\"},\"potentialAction\":[{\"@type\":\"SearchAction\",\"target\":{\"@type\":\"EntryPoint\",\"urlTemplate\":\"https:\/\/www.insel-moen.de\/fr\/?s={search_term_string}\"},\"query-input\":{\"@type\":\"PropertyValueSpecification\",\"valueRequired\":true,\"valueName\":\"search_term_string\"}}],\"inLanguage\":\"fr-FR\"},{\"@type\":\"Organization\",\"@id\":\"https:\/\/www.insel-moen.de\/fr\/#organization\",\"name\":\"www.insel-moen.de\",\"url\":\"https:\/\/www.insel-moen.de\/fr\/\",\"logo\":{\"@type\":\"ImageObject\",\"inLanguage\":\"fr-FR\",\"@id\":\"https:\/\/www.insel-moen.de\/fr\/#\/schema\/logo\/image\/\",\"url\":\"https:\/\/www.insel-moen.de\/wp-content\/uploads\/2023\/08\/cropped-daenemark-logo-neu-klein.png\",\"contentUrl\":\"https:\/\/www.insel-moen.de\/wp-content\/uploads\/2023\/08\/cropped-daenemark-logo-neu-klein.png\",\"width\":100,\"height\":101,\"caption\":\"www.insel-moen.de\"},\"image\":{\"@id\":\"https:\/\/www.insel-moen.de\/fr\/#\/schema\/logo\/image\/\"}}]}<\/script>\n<!-- \/ Yoast SEO plugin. -->","yoast_head_json":{"title":"Passerelles - Insel M\u00f6n","description":"D\u00e9couvrez Stege, le c\u0153ur palpitant de l'\u00eele de Moen. Profitez de routes pittoresques, de sites historiques et d'exp\u00e9riences naturelles uniques. Planifiez votre visite d\u00e8s maintenant et plongez dans le monde fascinant de Moen !","robots":{"index":"index","follow":"follow","max-snippet":"max-snippet:-1","max-image-preview":"max-image-preview:large","max-video-preview":"max-video-preview:-1"},"canonical":"https:\/\/www.insel-moen.de\/fr\/lieux-sur-lile-de-moen\/passerelles\/","og_locale":"fr_FR","og_type":"article","og_title":"Passerelles - Insel M\u00f6n","og_description":"D\u00e9couvrez Stege, le c\u0153ur palpitant de l'\u00eele de Moen. Profitez de routes pittoresques, de sites historiques et d'exp\u00e9riences naturelles uniques. Planifiez votre visite d\u00e8s maintenant et plongez dans le monde fascinant de Moen !","og_url":"https:\/\/www.insel-moen.de\/fr\/lieux-sur-lile-de-moen\/passerelles\/","og_site_name":"Insel M\u00f6n","article_modified_time":"2024-05-18T09:38:14+00:00","og_image":[{"width":1600,"height":1066,"url":"https:\/\/www.insel-moen.de\/wp-content\/uploads\/2021\/09\/stege-inselhauptstadt-von-moen.jpg","type":"image\/jpeg"}],"twitter_card":"summary_large_image","twitter_misc":{"Dur\u00e9e de lecture estim\u00e9e":"4 minutes"},"schema":{"@context":"https:\/\/schema.org","@graph":[{"@type":"WebPage","@id":"https:\/\/www.insel-moen.de\/fr\/lieux-sur-lile-de-moen\/passerelles\/","url":"https:\/\/www.insel-moen.de\/fr\/lieux-sur-lile-de-moen\/passerelles\/","name":"Passerelles - Insel M\u00f6n","isPartOf":{"@id":"https:\/\/www.insel-moen.de\/fr\/#website"},"primaryImageOfPage":{"@id":"https:\/\/www.insel-moen.de\/fr\/lieux-sur-lile-de-moen\/passerelles\/#primaryimage"},"image":{"@id":"https:\/\/www.insel-moen.de\/fr\/lieux-sur-lile-de-moen\/passerelles\/#primaryimage"},"thumbnailUrl":"https:\/\/www.insel-moen.de\/wp-content\/uploads\/2021\/09\/stege-inselhauptstadt-von-moen.jpg","datePublished":"2024-05-16T09:12:47+00:00","dateModified":"2024-05-18T09:38:14+00:00","description":"D\u00e9couvrez Stege, le c\u0153ur palpitant de l'\u00eele de Moen. Profitez de routes pittoresques, de sites historiques et d'exp\u00e9riences naturelles uniques. Planifiez votre visite d\u00e8s maintenant et plongez dans le monde fascinant de Moen !","breadcrumb":{"@id":"https:\/\/www.insel-moen.de\/fr\/lieux-sur-lile-de-moen\/passerelles\/#breadcrumb"},"inLanguage":"fr-FR","potentialAction":[{"@type":"ReadAction","target":["https:\/\/www.insel-moen.de\/fr\/lieux-sur-lile-de-moen\/passerelles\/"]}]},{"@type":"ImageObject","inLanguage":"fr-FR","@id":"https:\/\/www.insel-moen.de\/fr\/lieux-sur-lile-de-moen\/passerelles\/#primaryimage","url":"https:\/\/www.insel-moen.de\/wp-content\/uploads\/2021\/09\/stege-inselhauptstadt-von-moen.jpg","contentUrl":"https:\/\/www.insel-moen.de\/wp-content\/uploads\/2021\/09\/stege-inselhauptstadt-von-moen.jpg","width":1600,"height":1066},{"@type":"BreadcrumbList","@id":"https:\/\/www.insel-moen.de\/fr\/lieux-sur-lile-de-moen\/passerelles\/#breadcrumb","itemListElement":[{"@type":"ListItem","position":1,"name":"Startseite","item":"https:\/\/www.insel-moen.de\/fr\/bienvenue-sur-lile-de-moen\/"},{"@type":"ListItem","position":2,"name":"Lieux sur l&#8217;\u00eele de M\u00f6n","item":"https:\/\/www.insel-moen.de\/fr\/lieux-sur-lile-de-moen\/"},{"@type":"ListItem","position":3,"name":"Passerelles"}]},{"@type":"WebSite","@id":"https:\/\/www.insel-moen.de\/fr\/#website","url":"https:\/\/www.insel-moen.de\/fr\/","name":"Insel M\u00f6n","description":"INSEL M\u00d6N - Urlaub in der D\u00e4nischen S\u00fcdsee","publisher":{"@id":"https:\/\/www.insel-moen.de\/fr\/#organization"},"potentialAction":[{"@type":"SearchAction","target":{"@type":"EntryPoint","urlTemplate":"https:\/\/www.insel-moen.de\/fr\/?s={search_term_string}"},"query-input":{"@type":"PropertyValueSpecification","valueRequired":true,"valueName":"search_term_string"}}],"inLanguage":"fr-FR"},{"@type":"Organization","@id":"https:\/\/www.insel-moen.de\/fr\/#organization","name":"www.insel-moen.de","url":"https:\/\/www.insel-moen.de\/fr\/","logo":{"@type":"ImageObject","inLanguage":"fr-FR","@id":"https:\/\/www.insel-moen.de\/fr\/#\/schema\/logo\/image\/","url":"https:\/\/www.insel-moen.de\/wp-content\/uploads\/2023\/08\/cropped-daenemark-logo-neu-klein.png","contentUrl":"https:\/\/www.insel-moen.de\/wp-content\/uploads\/2023\/08\/cropped-daenemark-logo-neu-klein.png","width":100,"height":101,"caption":"www.insel-moen.de"},"image":{"@id":"https:\/\/www.insel-moen.de\/fr\/#\/schema\/logo\/image\/"}}]}},"_links":{"self":[{"href":"https:\/\/www.insel-moen.de\/fr\/wp-json\/wp\/v2\/pages\/8574","targetHints":{"allow":["GET"]}}],"collection":[{"href":"https:\/\/www.insel-moen.de\/fr\/wp-json\/wp\/v2\/pages"}],"about":[{"href":"https:\/\/www.insel-moen.de\/fr\/wp-json\/wp\/v2\/types\/page"}],"author":[{"embeddable":true,"href":"https:\/\/www.insel-moen.de\/fr\/wp-json\/wp\/v2\/users\/3"}],"replies":[{"embeddable":true,"href":"https:\/\/www.insel-moen.de\/fr\/wp-json\/wp\/v2\/comments?post=8574"}],"version-history":[{"count":8,"href":"https:\/\/www.insel-moen.de\/fr\/wp-json\/wp\/v2\/pages\/8574\/revisions"}],"predecessor-version":[{"id":8750,"href":"https:\/\/www.insel-moen.de\/fr\/wp-json\/wp\/v2\/pages\/8574\/revisions\/8750"}],"up":[{"embeddable":true,"href":"https:\/\/www.insel-moen.de\/fr\/wp-json\/wp\/v2\/pages\/8575"}],"wp:featuredmedia":[{"embeddable":true,"href":"https:\/\/www.insel-moen.de\/fr\/wp-json\/wp\/v2\/media\/8576"}],"wp:attachment":[{"href":"https:\/\/www.insel-moen.de\/fr\/wp-json\/wp\/v2\/media?parent=8574"}],"curies":[{"name":"wp","href":"https:\/\/api.w.org\/{rel}","templated":true}]}}