{"id":8548,"date":"2024-05-16T09:12:43","date_gmt":"2024-05-16T09:12:43","guid":{"rendered":"https:\/\/www.insel-moen.de\/a-voir-et-a-faire-a-moen\/kite-surf-sur-lile-de-moen\/"},"modified":"2024-05-16T09:12:43","modified_gmt":"2024-05-16T09:12:43","slug":"kite-surf-sur-lile-de-moen","status":"publish","type":"page","link":"https:\/\/www.insel-moen.de\/fr\/a-voir-et-a-faire-a-moen\/kite-surf-sur-lile-de-moen\/","title":{"rendered":"Kite surf sur l&#8217;\u00eele de Moen"},"content":{"rendered":"<p><img decoding=\"async\" src=\"https:\/\/www.daenemark-reisen.com\/wp-content\/uploads\/2013\/11\/kite-surfen-daenemark-moen-1024x682.jpg\" alt=\"Kite surf \u00e0 Moen Danemark\" title=\"Kite surf \u00e0 Moen Danemark\" width=\"510px\" class=\"aligncenter size-large wp-image-900\"><br \/>\nL&#8217;\u00eele de M\u00f6n est situ\u00e9e entre la pointe sud de Seeland et la pointe est de Falster dans la partie danoise de la mer Baltique et est connue pour sa belle c\u00f4te de craie. C&#8217;est pourquoi elle est \u00e9galement consid\u00e9r\u00e9e comme l&#8217;\u00eele s\u0153ur de R\u00fcgen.<\/p>\n<p>D&#8217;un point de vue purement juridique, il n&#8217;y a gu\u00e8re de limites \u00e0 ce que l&#8217;on peut faire pour pratiquer le kitesurf au Moen. Selon l&#8217;office du tourisme, le kitesurf est autoris\u00e9 sur toutes les parties de la c\u00f4te de Moen. Seul le lac \u00e0 l&#8217;int\u00e9rieur des terres est interdit au kitesurf. Malheureusement, M\u00e8re Nature vous met souvent des b\u00e2tons dans les roues, car les plus belles zones c\u00f4ti\u00e8res ne sont malheureusement pas adapt\u00e9es au kitesurf. Il s&#8217;agit de plages de r\u00eave aux couleurs des Cara\u00efbes, dont les falaises de craie rendent le kitesurf totalement impossible. En plus de la p\u00e9nibilit\u00e9 du remorquage, les plages devant les falaises sont g\u00e9n\u00e9ralement trop \u00e9troites et rendent le kite assez risqu\u00e9, surtout par vent de terre.<br \/>\n<!--more--><br \/>\nMis \u00e0 part ce petit b\u00e9mol, il existe tout de m\u00eame de tr\u00e8s beaux spots pour pratiquer le kitesurf \u00e0 M\u00f6n.<br \/>\nLa plage de Klintholm Havn m\u00e9rite une mention particuli\u00e8re. Klintholm Havn est le spot le plus connu pour le kitesurf \u00e0 M\u00f6n et dispose d&#8217;une plage de sable qui s&#8217;enfonce assez peu dans l&#8217;eau et permet un bon d\u00e9part. Il est important de se faire aider par un assistant de d\u00e9part, car il n&#8217;y en a g\u00e9n\u00e9ralement pas sur place.<\/p>\n<p>La digue de Far\u00f6, consid\u00e9r\u00e9e comme l&#8217;un des meilleurs spots en eau peu profonde, est un v\u00e9ritable coup de c\u0153ur. D&#8217;autres belles plages pour le kite sont Stege, la plage d&#8217;Oddermose plus bas dans la baie de Hjelm et le camping Vestm\u00f6n, qui est tr\u00e8s accessible en voiture mais ne doit pas \u00eatre visit\u00e9 du c\u00f4t\u00e9 de la mer.<br \/>\nSi vous ne souhaitez pas faire du kite tous les jours, vous pouvez \u00e9galement visiter de nombreuses attractions touristiques ou simplement profiter de la vue magnifique des falaises de craie au coucher du soleil.<\/p>\n<p>Si vous souhaitez faire du kitesurf, il est \u00e9galement tr\u00e8s important de choisir la bonne saison pour que les conditions climatiques rendent le kitesurf possible.<\/p>\n<p>Le temps \u00e0 M\u00f6n ne conna\u00eet pas d&#8217;extr\u00eames, car le climat est d\u00e9termin\u00e9 par la rencontre de la mer Baltique et de la mer du Nord, ainsi que par le Gulf Stream. Il est donc rare qu&#8217;il fasse extr\u00eamement chaud ou vraiment froid. Si vous aimez les temp\u00e9ratures chaudes, \u00e9vitez absolument M\u00f6n au premier et au quatri\u00e8me trimestre de l&#8217;ann\u00e9e, car les temp\u00e9ratures ne d\u00e9passent g\u00e9n\u00e9ralement pas 4 \u00e0 5 degr\u00e9s Celsius. C&#8217;est entre juillet et septembre qu&#8217;il fait le plus chaud \u00e0 Moen, avec une moyenne d&#8217;environ 11 \u00e0 22 degr\u00e9s Celsius. Mais m\u00eame au printemps, les temp\u00e9ratures peuvent atteindre 19 degr\u00e9s Celsius. C&#8217;est de mai \u00e0 juillet que les kitesurfeurs b\u00e9n\u00e9ficient du meilleur temps \u00e0 M\u00f6n. Durant cette p\u00e9riode, on peut compter sur environ 8 heures de soleil par jour et les pr\u00e9cipitations sont les plus faibles avec une moyenne de 11 jours.<\/p>\n<p>La temp\u00e9rature de l&#8217;eau est bien s\u00fbr tout aussi importante que la m\u00e9t\u00e9o. Le m\u00eame principe que pour les temp\u00e9ratures s&#8217;applique ici. C&#8217;est au troisi\u00e8me trimestre que l&#8217;eau est la plus chaude, avec une temp\u00e9rature pouvant atteindre 16 degr\u00e9s Celsius. Mais m\u00eame au printemps, la temp\u00e9rature moyenne de l&#8217;eau est de 14 degr\u00e9s. Au d\u00e9but et \u00e0 la fin de l&#8217;ann\u00e9e, l&#8217;eau se refroidit ensuite consid\u00e9rablement pour atteindre environ 2 degr\u00e9s Celsius.<\/p>\n<p>Il est particuli\u00e8rement recommand\u00e9 de visiter M\u00f6n entre fin mai et mi-juin, car il fait d\u00e9j\u00e0 assez chaud avec des temp\u00e9ratures d&#8217;eau agr\u00e9ables et peu de pr\u00e9cipitations. De plus, c&#8217;est encore l&#8217;avant-saison et les plages sont bien vides, mais les prix sont aussi beaucoup plus bas.<br \/>\nDans l&#8217;ensemble, il faut reconna\u00eetre que Moen et toute la r\u00e9gion danoise de la mer Baltique offrent moins de bons spots de kitesurf que la r\u00e9gion danoise de la mer du Nord. Les kitesurfeurs exp\u00e9riment\u00e9s pr\u00e9f\u00e8rent g\u00e9n\u00e9ralement la r\u00e9gion du Jutland, sur la mer du Nord, car les conditions de vent y sont plus stables. On y trouve \u00e9galement de nombreuses plages offrant des conditions parfaites pour la pratique du kitesurf, gr\u00e2ce \u00e0 des plages de sable naturellement en pente douce et de belles vagues.<br \/>\nMais si vous voulez vous faire une id\u00e9e des meilleurs spots du Moen et du Danemark, visitez le site <a href=\"http:\/\/www.Kitemekka.net\" rel=\"nofollow\">www.Kitemekka.net<\/a>. Vous trouverez ici une vue d&#8217;ensemble des meilleurs endroits pour faire du kitesurf, avec une \u00e9valuation correspondante.<\/p>\n","protected":false},"excerpt":{"rendered":"<p>L&#8217;\u00eele de M\u00f6n est situ\u00e9e entre la pointe sud de Seeland et la pointe est de Falster dans la partie danoise de la mer Baltique et est connue pour sa belle c\u00f4te de craie. C&#8217;est pourquoi elle est \u00e9galement consid\u00e9r\u00e9e comme l&#8217;\u00eele s\u0153ur de R\u00fcgen. D&#8217;un point de vue purement juridique, il n&#8217;y a gu\u00e8re [&hellip;]<\/p>\n","protected":false},"author":3,"featured_media":0,"parent":8396,"menu_order":0,"comment_status":"closed","ping_status":"closed","template":"","meta":{"footnotes":""},"class_list":["post-8548","page","type-page","status-publish","hentry"],"yoast_head":"<!-- This site is optimized with the Yoast SEO plugin v24.5 - https:\/\/yoast.com\/wordpress\/plugins\/seo\/ -->\n<title>Kite surf sur l&#039;\u00eele de Moen - Insel M\u00f6n<\/title>\n<meta name=\"robots\" content=\"index, follow, max-snippet:-1, max-image-preview:large, max-video-preview:-1\" \/>\n<link rel=\"canonical\" href=\"https:\/\/www.insel-moen.de\/fr\/a-voir-et-a-faire-a-moen\/kite-surf-sur-lile-de-moen\/\" \/>\n<meta property=\"og:locale\" content=\"fr_FR\" \/>\n<meta property=\"og:type\" content=\"article\" \/>\n<meta property=\"og:title\" content=\"Kite surf sur l&#039;\u00eele de Moen - Insel M\u00f6n\" \/>\n<meta property=\"og:description\" content=\"L&#8217;\u00eele de M\u00f6n est situ\u00e9e entre la pointe sud de Seeland et la pointe est de Falster dans la partie danoise de la mer Baltique et est connue pour sa belle c\u00f4te de craie. C&#8217;est pourquoi elle est \u00e9galement consid\u00e9r\u00e9e comme l&#8217;\u00eele s\u0153ur de R\u00fcgen. D&#8217;un point de vue purement juridique, il n&#8217;y a gu\u00e8re [&hellip;]\" \/>\n<meta property=\"og:url\" content=\"https:\/\/www.insel-moen.de\/fr\/a-voir-et-a-faire-a-moen\/kite-surf-sur-lile-de-moen\/\" \/>\n<meta property=\"og:site_name\" content=\"Insel M\u00f6n\" \/>\n<meta property=\"og:image\" content=\"https:\/\/www.daenemark-reisen.com\/wp-content\/uploads\/2013\/11\/kite-surfen-daenemark-moen-1024x682.jpg\" \/>\n<meta name=\"twitter:card\" content=\"summary_large_image\" \/>\n<meta name=\"twitter:label1\" content=\"Dur\u00e9e de lecture estim\u00e9e\" \/>\n\t<meta name=\"twitter:data1\" content=\"4 minutes\" \/>\n<script type=\"application\/ld+json\" class=\"yoast-schema-graph\">{\"@context\":\"https:\/\/schema.org\",\"@graph\":[{\"@type\":\"WebPage\",\"@id\":\"https:\/\/www.insel-moen.de\/fr\/a-voir-et-a-faire-a-moen\/kite-surf-sur-lile-de-moen\/\",\"url\":\"https:\/\/www.insel-moen.de\/fr\/a-voir-et-a-faire-a-moen\/kite-surf-sur-lile-de-moen\/\",\"name\":\"Kite surf sur l'\u00eele de Moen - Insel M\u00f6n\",\"isPartOf\":{\"@id\":\"https:\/\/www.insel-moen.de\/fr\/#website\"},\"primaryImageOfPage\":{\"@id\":\"https:\/\/www.insel-moen.de\/fr\/a-voir-et-a-faire-a-moen\/kite-surf-sur-lile-de-moen\/#primaryimage\"},\"image\":{\"@id\":\"https:\/\/www.insel-moen.de\/fr\/a-voir-et-a-faire-a-moen\/kite-surf-sur-lile-de-moen\/#primaryimage\"},\"thumbnailUrl\":\"https:\/\/www.daenemark-reisen.com\/wp-content\/uploads\/2013\/11\/kite-surfen-daenemark-moen-1024x682.jpg\",\"datePublished\":\"2024-05-16T09:12:43+00:00\",\"breadcrumb\":{\"@id\":\"https:\/\/www.insel-moen.de\/fr\/a-voir-et-a-faire-a-moen\/kite-surf-sur-lile-de-moen\/#breadcrumb\"},\"inLanguage\":\"fr-FR\",\"potentialAction\":[{\"@type\":\"ReadAction\",\"target\":[\"https:\/\/www.insel-moen.de\/fr\/a-voir-et-a-faire-a-moen\/kite-surf-sur-lile-de-moen\/\"]}]},{\"@type\":\"ImageObject\",\"inLanguage\":\"fr-FR\",\"@id\":\"https:\/\/www.insel-moen.de\/fr\/a-voir-et-a-faire-a-moen\/kite-surf-sur-lile-de-moen\/#primaryimage\",\"url\":\"https:\/\/www.daenemark-reisen.com\/wp-content\/uploads\/2013\/11\/kite-surfen-daenemark-moen-1024x682.jpg\",\"contentUrl\":\"https:\/\/www.daenemark-reisen.com\/wp-content\/uploads\/2013\/11\/kite-surfen-daenemark-moen-1024x682.jpg\"},{\"@type\":\"BreadcrumbList\",\"@id\":\"https:\/\/www.insel-moen.de\/fr\/a-voir-et-a-faire-a-moen\/kite-surf-sur-lile-de-moen\/#breadcrumb\",\"itemListElement\":[{\"@type\":\"ListItem\",\"position\":1,\"name\":\"Startseite\",\"item\":\"https:\/\/www.insel-moen.de\/fr\/bienvenue-sur-lile-de-moen\/\"},{\"@type\":\"ListItem\",\"position\":2,\"name\":\"A voir et \u00e0 faire \u00e0 M\u00f8n\",\"item\":\"https:\/\/www.insel-moen.de\/fr\/a-voir-et-a-faire-a-moen\/\"},{\"@type\":\"ListItem\",\"position\":3,\"name\":\"Kite surf sur l&#8217;\u00eele de Moen\"}]},{\"@type\":\"WebSite\",\"@id\":\"https:\/\/www.insel-moen.de\/fr\/#website\",\"url\":\"https:\/\/www.insel-moen.de\/fr\/\",\"name\":\"Insel M\u00f6n\",\"description\":\"INSEL M\u00d6N - Urlaub in der D\u00e4nischen S\u00fcdsee\",\"publisher\":{\"@id\":\"https:\/\/www.insel-moen.de\/fr\/#organization\"},\"potentialAction\":[{\"@type\":\"SearchAction\",\"target\":{\"@type\":\"EntryPoint\",\"urlTemplate\":\"https:\/\/www.insel-moen.de\/fr\/?s={search_term_string}\"},\"query-input\":{\"@type\":\"PropertyValueSpecification\",\"valueRequired\":true,\"valueName\":\"search_term_string\"}}],\"inLanguage\":\"fr-FR\"},{\"@type\":\"Organization\",\"@id\":\"https:\/\/www.insel-moen.de\/fr\/#organization\",\"name\":\"www.insel-moen.de\",\"url\":\"https:\/\/www.insel-moen.de\/fr\/\",\"logo\":{\"@type\":\"ImageObject\",\"inLanguage\":\"fr-FR\",\"@id\":\"https:\/\/www.insel-moen.de\/fr\/#\/schema\/logo\/image\/\",\"url\":\"https:\/\/www.insel-moen.de\/wp-content\/uploads\/2023\/08\/cropped-daenemark-logo-neu-klein.png\",\"contentUrl\":\"https:\/\/www.insel-moen.de\/wp-content\/uploads\/2023\/08\/cropped-daenemark-logo-neu-klein.png\",\"width\":100,\"height\":101,\"caption\":\"www.insel-moen.de\"},\"image\":{\"@id\":\"https:\/\/www.insel-moen.de\/fr\/#\/schema\/logo\/image\/\"}}]}<\/script>\n<!-- \/ Yoast SEO plugin. -->","yoast_head_json":{"title":"Kite surf sur l'\u00eele de Moen - Insel M\u00f6n","robots":{"index":"index","follow":"follow","max-snippet":"max-snippet:-1","max-image-preview":"max-image-preview:large","max-video-preview":"max-video-preview:-1"},"canonical":"https:\/\/www.insel-moen.de\/fr\/a-voir-et-a-faire-a-moen\/kite-surf-sur-lile-de-moen\/","og_locale":"fr_FR","og_type":"article","og_title":"Kite surf sur l'\u00eele de Moen - Insel M\u00f6n","og_description":"L&#8217;\u00eele de M\u00f6n est situ\u00e9e entre la pointe sud de Seeland et la pointe est de Falster dans la partie danoise de la mer Baltique et est connue pour sa belle c\u00f4te de craie. C&#8217;est pourquoi elle est \u00e9galement consid\u00e9r\u00e9e comme l&#8217;\u00eele s\u0153ur de R\u00fcgen. D&#8217;un point de vue purement juridique, il n&#8217;y a gu\u00e8re [&hellip;]","og_url":"https:\/\/www.insel-moen.de\/fr\/a-voir-et-a-faire-a-moen\/kite-surf-sur-lile-de-moen\/","og_site_name":"Insel M\u00f6n","og_image":[{"url":"https:\/\/www.daenemark-reisen.com\/wp-content\/uploads\/2013\/11\/kite-surfen-daenemark-moen-1024x682.jpg","type":"","width":"","height":""}],"twitter_card":"summary_large_image","twitter_misc":{"Dur\u00e9e de lecture estim\u00e9e":"4 minutes"},"schema":{"@context":"https:\/\/schema.org","@graph":[{"@type":"WebPage","@id":"https:\/\/www.insel-moen.de\/fr\/a-voir-et-a-faire-a-moen\/kite-surf-sur-lile-de-moen\/","url":"https:\/\/www.insel-moen.de\/fr\/a-voir-et-a-faire-a-moen\/kite-surf-sur-lile-de-moen\/","name":"Kite surf sur l'\u00eele de Moen - Insel M\u00f6n","isPartOf":{"@id":"https:\/\/www.insel-moen.de\/fr\/#website"},"primaryImageOfPage":{"@id":"https:\/\/www.insel-moen.de\/fr\/a-voir-et-a-faire-a-moen\/kite-surf-sur-lile-de-moen\/#primaryimage"},"image":{"@id":"https:\/\/www.insel-moen.de\/fr\/a-voir-et-a-faire-a-moen\/kite-surf-sur-lile-de-moen\/#primaryimage"},"thumbnailUrl":"https:\/\/www.daenemark-reisen.com\/wp-content\/uploads\/2013\/11\/kite-surfen-daenemark-moen-1024x682.jpg","datePublished":"2024-05-16T09:12:43+00:00","breadcrumb":{"@id":"https:\/\/www.insel-moen.de\/fr\/a-voir-et-a-faire-a-moen\/kite-surf-sur-lile-de-moen\/#breadcrumb"},"inLanguage":"fr-FR","potentialAction":[{"@type":"ReadAction","target":["https:\/\/www.insel-moen.de\/fr\/a-voir-et-a-faire-a-moen\/kite-surf-sur-lile-de-moen\/"]}]},{"@type":"ImageObject","inLanguage":"fr-FR","@id":"https:\/\/www.insel-moen.de\/fr\/a-voir-et-a-faire-a-moen\/kite-surf-sur-lile-de-moen\/#primaryimage","url":"https:\/\/www.daenemark-reisen.com\/wp-content\/uploads\/2013\/11\/kite-surfen-daenemark-moen-1024x682.jpg","contentUrl":"https:\/\/www.daenemark-reisen.com\/wp-content\/uploads\/2013\/11\/kite-surfen-daenemark-moen-1024x682.jpg"},{"@type":"BreadcrumbList","@id":"https:\/\/www.insel-moen.de\/fr\/a-voir-et-a-faire-a-moen\/kite-surf-sur-lile-de-moen\/#breadcrumb","itemListElement":[{"@type":"ListItem","position":1,"name":"Startseite","item":"https:\/\/www.insel-moen.de\/fr\/bienvenue-sur-lile-de-moen\/"},{"@type":"ListItem","position":2,"name":"A voir et \u00e0 faire \u00e0 M\u00f8n","item":"https:\/\/www.insel-moen.de\/fr\/a-voir-et-a-faire-a-moen\/"},{"@type":"ListItem","position":3,"name":"Kite surf sur l&#8217;\u00eele de Moen"}]},{"@type":"WebSite","@id":"https:\/\/www.insel-moen.de\/fr\/#website","url":"https:\/\/www.insel-moen.de\/fr\/","name":"Insel M\u00f6n","description":"INSEL M\u00d6N - Urlaub in der D\u00e4nischen S\u00fcdsee","publisher":{"@id":"https:\/\/www.insel-moen.de\/fr\/#organization"},"potentialAction":[{"@type":"SearchAction","target":{"@type":"EntryPoint","urlTemplate":"https:\/\/www.insel-moen.de\/fr\/?s={search_term_string}"},"query-input":{"@type":"PropertyValueSpecification","valueRequired":true,"valueName":"search_term_string"}}],"inLanguage":"fr-FR"},{"@type":"Organization","@id":"https:\/\/www.insel-moen.de\/fr\/#organization","name":"www.insel-moen.de","url":"https:\/\/www.insel-moen.de\/fr\/","logo":{"@type":"ImageObject","inLanguage":"fr-FR","@id":"https:\/\/www.insel-moen.de\/fr\/#\/schema\/logo\/image\/","url":"https:\/\/www.insel-moen.de\/wp-content\/uploads\/2023\/08\/cropped-daenemark-logo-neu-klein.png","contentUrl":"https:\/\/www.insel-moen.de\/wp-content\/uploads\/2023\/08\/cropped-daenemark-logo-neu-klein.png","width":100,"height":101,"caption":"www.insel-moen.de"},"image":{"@id":"https:\/\/www.insel-moen.de\/fr\/#\/schema\/logo\/image\/"}}]}},"_links":{"self":[{"href":"https:\/\/www.insel-moen.de\/fr\/wp-json\/wp\/v2\/pages\/8548","targetHints":{"allow":["GET"]}}],"collection":[{"href":"https:\/\/www.insel-moen.de\/fr\/wp-json\/wp\/v2\/pages"}],"about":[{"href":"https:\/\/www.insel-moen.de\/fr\/wp-json\/wp\/v2\/types\/page"}],"author":[{"embeddable":true,"href":"https:\/\/www.insel-moen.de\/fr\/wp-json\/wp\/v2\/users\/3"}],"replies":[{"embeddable":true,"href":"https:\/\/www.insel-moen.de\/fr\/wp-json\/wp\/v2\/comments?post=8548"}],"version-history":[{"count":0,"href":"https:\/\/www.insel-moen.de\/fr\/wp-json\/wp\/v2\/pages\/8548\/revisions"}],"up":[{"embeddable":true,"href":"https:\/\/www.insel-moen.de\/fr\/wp-json\/wp\/v2\/pages\/8396"}],"wp:attachment":[{"href":"https:\/\/www.insel-moen.de\/fr\/wp-json\/wp\/v2\/media?parent=8548"}],"curies":[{"name":"wp","href":"https:\/\/api.w.org\/{rel}","templated":true}]}}