{"id":8529,"date":"2024-05-16T09:12:40","date_gmt":"2024-05-16T09:12:40","guid":{"rendered":"https:\/\/www.insel-moen.de\/maisons-de-vacances-sur-lile-de-moen\/"},"modified":"2024-05-16T09:12:41","modified_gmt":"2024-05-16T09:12:41","slug":"maisons-de-vacances-sur-lile-de-moen","status":"publish","type":"page","link":"https:\/\/www.insel-moen.de\/fr\/maisons-de-vacances-sur-lile-de-moen\/","title":{"rendered":"Maisons de vacances sur l&#8217;\u00eele de M\u00f6n"},"content":{"rendered":"\n<div class=\"wp-block-columns has-2-columns is-layout-flex wp-container-core-columns-is-layout-9d6595d7 wp-block-columns-is-layout-flex\">\n<div class=\"wp-block-column is-layout-flow wp-block-column-is-layout-flow\">\n<figure class=\"wp-block-image\"><img loading=\"lazy\" decoding=\"async\" width=\"600\" height=\"400\" src=\"https:\/\/www.insel-moen.de\/wp-content\/uploads\/2019\/05\/Ferienhaeuser-in-Stege-auf-Moen.jpg\" alt=\"\" class=\"wp-image-199\" srcset=\"https:\/\/www.insel-moen.de\/wp-content\/uploads\/2019\/05\/Ferienhaeuser-in-Stege-auf-Moen.jpg 600w, https:\/\/www.insel-moen.de\/wp-content\/uploads\/2019\/05\/Ferienhaeuser-in-Stege-auf-Moen-300x200.jpg 300w, https:\/\/www.insel-moen.de\/wp-content\/uploads\/2019\/05\/Ferienhaeuser-in-Stege-auf-Moen-560x373.jpg 560w, https:\/\/www.insel-moen.de\/wp-content\/uploads\/2019\/05\/Ferienhaeuser-in-Stege-auf-Moen-120x80.jpg 120w\" sizes=\"auto, (max-width: 600px) 100vw, 600px\" \/><\/figure>\n\n\n<div class=\"wp-block-button\"><a class=\"wp-block-button__link has-very-dark-gray-color has-luminous-vivid-amber-background-color has-text-color has-background wp-element-button\" href=\"https:\/\/www.insel-moen.de\/orte-auf-der-insel-moen\/stege\/\">Maisons de vacances \u00e0 Stege<\/a><\/div>\n<\/div>\n\n\n\n<div class=\"wp-block-column is-layout-flow wp-block-column-is-layout-flow\">\n<figure class=\"wp-block-image\"><img loading=\"lazy\" decoding=\"async\" width=\"600\" height=\"400\" src=\"https:\/\/www.insel-moen.de\/wp-content\/uploads\/2019\/05\/ferienhaeuser-in-klintholm-havn-auf-moen-daenemark.jpg\" alt=\"\" class=\"wp-image-200\" srcset=\"https:\/\/www.insel-moen.de\/wp-content\/uploads\/2019\/05\/ferienhaeuser-in-klintholm-havn-auf-moen-daenemark.jpg 600w, https:\/\/www.insel-moen.de\/wp-content\/uploads\/2019\/05\/ferienhaeuser-in-klintholm-havn-auf-moen-daenemark-300x200.jpg 300w, https:\/\/www.insel-moen.de\/wp-content\/uploads\/2019\/05\/ferienhaeuser-in-klintholm-havn-auf-moen-daenemark-560x373.jpg 560w, https:\/\/www.insel-moen.de\/wp-content\/uploads\/2019\/05\/ferienhaeuser-in-klintholm-havn-auf-moen-daenemark-120x80.jpg 120w\" sizes=\"auto, (max-width: 600px) 100vw, 600px\" \/><\/figure>\n\n\n<div class=\"wp-block-button\"><a class=\"wp-block-button__link has-very-dark-gray-color has-luminous-vivid-amber-background-color has-text-color has-background wp-element-button\" href=\"https:\/\/www.insel-moen.de\/fr\/klintholm-havn\/\">Maisons de vacances \u00e0 Klintholm Havn<\/a><\/div>\n<\/div>\n<\/div>\n\n<div style=\"width: 100%\" id=\"c24pp-holidayhome-iframe\" data-q=\"m\u00f8n\" data-tid=\"moen-de-ferienhaus\"><\/div>\n<script src=\"https:\/\/files.check24.net\/widgets\/auto\/124552\/c24pp-holidayhome-iframe\/holidayhome-iframe.js\"><\/script>\n<div class=\"wp-block-buttons is-horizontal is-content-justification-center is-layout-flex wp-container-core-buttons-is-layout-499968f5 wp-block-buttons-is-layout-flex\">\n<div class=\"wp-block-button\"><a class=\"wp-block-button__link wp-element-button\" href=\"https:\/\/a.check24.net\/misc\/click.php?pid=124552&amp;aid=18&amp;cat=12\">Voir toutes les maisons de vacances libres<\/a><\/div>\n<\/div>\n\n<h2 class=\"wp-block-heading\">Vue d&#8217;ensemble de la maison de vacances M\u00f6n<\/h2>\n\n<p>La petite \u00eele de M\u00f6n, situ\u00e9e dans la mer du Sud danoise, est un endroit formidable pour passer des vacances dans une maison de vacances. Dans toutes les parties de l&#8217;\u00eele, on trouve des maisons de vacances pour presque tous les go\u00fbts. Certaines de ces maisons de vacances se trouvent directement sur la plage. La plage de M\u00f6n est en partie sableuse et en partie rocheuse. Selon que vous voyagez en famille, en couple ou seul, les exigences concernant une maison de vacances \u00e0 M\u00f6n sont diff\u00e9rentes.<\/p>\n\n<h2 class=\"wp-block-heading\">Lieux de vill\u00e9giature populaires sur l&#8217;\u00eele de M\u00f6n<\/h2>\n\n<p>Les maisons de vacances \u00e0 Ulvshale, Stege, Stevns Klint, Borre, Oddermose et Klintholm Havn sont particuli\u00e8rement populaires. Si vous pr\u00e9f\u00e9rez une ambiance plus turbulente, r\u00e9servez une maison de vacances directement \u00e0 Stege, la capitale de l&#8217;\u00eele.<\/p>\n\n<h2 class=\"wp-block-heading\">R\u00e9servez votre maison de vacances \u00e0 M\u00f6n \u00e0 temps<\/h2>\n\n<p>Il n&#8217;y a qu&#8217;environ 300 maisons de vacances sur M\u00f6n. C&#8217;est pourquoi, surtout si vous pr\u00e9voyez de longues vacances en haute saison, vous devez r\u00e9server \u00e0 l&#8217;avance. Les meilleures maisons de vacances \u00e0 M\u00f6n sont rapidement r\u00e9serv\u00e9es.<br\/>Profitez de la nature, des montagnes, de la c\u00f4te rocheuse \/ des falaises de craie et de l&#8217;eau en passant une nuit \u00e0 M\u00f6n.<\/p>\n\n<h2 class=\"wp-block-heading\"><strong>Partenaires de vacances M\u00f8n<\/strong><\/h2>\n\n<p>Les maisons de vacances sur l&#8217;\u00eele de M\u00f6n sont en grande partie g\u00e9r\u00e9es par <strong>Feriepartner M\u00f8n<\/strong>. Feriepartner M\u00f6n est synonyme de qualit\u00e9 exquise, de normes et de services fiables.<\/p>\n\n<div class=\"wp-block-columns has-2-columns is-layout-flex wp-container-core-columns-is-layout-9d6595d7 wp-block-columns-is-layout-flex\">\n<div class=\"wp-block-column is-layout-flow wp-block-column-is-layout-flow\">\n<figure class=\"wp-block-image\"><img loading=\"lazy\" decoding=\"async\" width=\"600\" height=\"400\" src=\"https:\/\/www.insel-moen.de\/wp-content\/uploads\/2019\/05\/ferienhaeuser-in-ulvshale-auf-moen-daenemark.jpg\" alt=\"\" class=\"wp-image-207\" srcset=\"https:\/\/www.insel-moen.de\/wp-content\/uploads\/2019\/05\/ferienhaeuser-in-ulvshale-auf-moen-daenemark.jpg 600w, https:\/\/www.insel-moen.de\/wp-content\/uploads\/2019\/05\/ferienhaeuser-in-ulvshale-auf-moen-daenemark-300x200.jpg 300w, https:\/\/www.insel-moen.de\/wp-content\/uploads\/2019\/05\/ferienhaeuser-in-ulvshale-auf-moen-daenemark-560x373.jpg 560w, https:\/\/www.insel-moen.de\/wp-content\/uploads\/2019\/05\/ferienhaeuser-in-ulvshale-auf-moen-daenemark-120x80.jpg 120w\" sizes=\"auto, (max-width: 600px) 100vw, 600px\" \/><\/figure>\n\n\n<div class=\"wp-block-button\"><a class=\"wp-block-button__link has-very-dark-gray-color has-luminous-vivid-amber-background-color has-text-color has-background wp-element-button\" href=\"https:\/\/www.insel-moen.de\/orte-auf-der-insel-moen\/ulvshale\/\">Maisons de vacances \u00e0 Ulvshale<\/a><\/div>\n<\/div>\n\n\n\n<div class=\"wp-block-column is-layout-flow wp-block-column-is-layout-flow\">\n<figure class=\"wp-block-image\"><img loading=\"lazy\" decoding=\"async\" width=\"600\" height=\"400\" src=\"https:\/\/www.insel-moen.de\/wp-content\/uploads\/2019\/05\/Ferienhaus-in-Harbolle-auf-der-insel-moen-in-harbolle.jpg\" alt=\"\" class=\"wp-image-205\" srcset=\"https:\/\/www.insel-moen.de\/wp-content\/uploads\/2019\/05\/Ferienhaus-in-Harbolle-auf-der-insel-moen-in-harbolle.jpg 600w, https:\/\/www.insel-moen.de\/wp-content\/uploads\/2019\/05\/Ferienhaus-in-Harbolle-auf-der-insel-moen-in-harbolle-300x200.jpg 300w, https:\/\/www.insel-moen.de\/wp-content\/uploads\/2019\/05\/Ferienhaus-in-Harbolle-auf-der-insel-moen-in-harbolle-560x373.jpg 560w, https:\/\/www.insel-moen.de\/wp-content\/uploads\/2019\/05\/Ferienhaus-in-Harbolle-auf-der-insel-moen-in-harbolle-120x80.jpg 120w\" sizes=\"auto, (max-width: 600px) 100vw, 600px\" \/><\/figure>\n\n\n<div class=\"wp-block-button\"><a class=\"wp-block-button__link has-very-dark-gray-color has-luminous-vivid-amber-background-color has-text-color has-background wp-element-button\" href=\"https:\/\/www.insel-moen.de\/orte-auf-der-insel-moen\/harbolle\/\">Maisons de vacances \u00e0 Harbolle<\/a><\/div>\n<\/div>\n<\/div>\n","protected":false},"excerpt":{"rendered":"<p>Vue d&#8217;ensemble de la maison de vacances M\u00f6n La petite \u00eele de M\u00f6n, situ\u00e9e dans la mer du Sud danoise, est un endroit formidable pour passer des vacances dans une maison de vacances. Dans toutes les parties de l&#8217;\u00eele, on trouve des maisons de vacances pour presque tous les go\u00fbts. Certaines de ces maisons de [&hellip;]<\/p>\n","protected":false},"author":3,"featured_media":0,"parent":0,"menu_order":0,"comment_status":"closed","ping_status":"closed","template":"templates\/template-full-width.php","meta":{"footnotes":""},"class_list":["post-8529","page","type-page","status-publish","hentry"],"yoast_head":"<!-- This site is optimized with the Yoast SEO plugin v24.5 - https:\/\/yoast.com\/wordpress\/plugins\/seo\/ -->\n<title>Maisons de vacances sur l&#039;\u00eele de M\u00f6n<\/title>\n<meta name=\"robots\" content=\"index, follow, max-snippet:-1, max-image-preview:large, max-video-preview:-1\" \/>\n<link rel=\"canonical\" href=\"https:\/\/www.insel-moen.de\/fr\/maisons-de-vacances-sur-lile-de-moen\/\" \/>\n<meta property=\"og:locale\" content=\"fr_FR\" \/>\n<meta property=\"og:type\" content=\"article\" \/>\n<meta property=\"og:title\" content=\"Maisons de vacances sur l&#039;\u00eele de M\u00f6n\" \/>\n<meta property=\"og:description\" content=\"Vue d&#8217;ensemble de la maison de vacances M\u00f6n La petite \u00eele de M\u00f6n, situ\u00e9e dans la mer du Sud danoise, est un endroit formidable pour passer des vacances dans une maison de vacances. Dans toutes les parties de l&#8217;\u00eele, on trouve des maisons de vacances pour presque tous les go\u00fbts. Certaines de ces maisons de [&hellip;]\" \/>\n<meta property=\"og:url\" content=\"https:\/\/www.insel-moen.de\/fr\/maisons-de-vacances-sur-lile-de-moen\/\" \/>\n<meta property=\"og:site_name\" content=\"Insel M\u00f6n\" \/>\n<meta property=\"article:modified_time\" content=\"2024-05-16T09:12:41+00:00\" \/>\n<meta property=\"og:image\" content=\"https:\/\/www.insel-moen.de\/wp-content\/uploads\/2019\/05\/Ferienhaeuser-in-Stege-auf-Moen.jpg\" \/>\n<meta name=\"twitter:card\" content=\"summary_large_image\" \/>\n<meta name=\"twitter:label1\" content=\"Dur\u00e9e de lecture estim\u00e9e\" \/>\n\t<meta name=\"twitter:data1\" content=\"1 minute\" \/>\n<script type=\"application\/ld+json\" class=\"yoast-schema-graph\">{\"@context\":\"https:\/\/schema.org\",\"@graph\":[{\"@type\":\"WebPage\",\"@id\":\"https:\/\/www.insel-moen.de\/fr\/maisons-de-vacances-sur-lile-de-moen\/\",\"url\":\"https:\/\/www.insel-moen.de\/fr\/maisons-de-vacances-sur-lile-de-moen\/\",\"name\":\"Maisons de vacances sur l'\u00eele de M\u00f6n\",\"isPartOf\":{\"@id\":\"https:\/\/www.insel-moen.de\/fr\/#website\"},\"primaryImageOfPage\":{\"@id\":\"https:\/\/www.insel-moen.de\/fr\/maisons-de-vacances-sur-lile-de-moen\/#primaryimage\"},\"image\":{\"@id\":\"https:\/\/www.insel-moen.de\/fr\/maisons-de-vacances-sur-lile-de-moen\/#primaryimage\"},\"thumbnailUrl\":\"https:\/\/www.insel-moen.de\/wp-content\/uploads\/2019\/05\/Ferienhaeuser-in-Stege-auf-Moen.jpg\",\"datePublished\":\"2024-05-16T09:12:40+00:00\",\"dateModified\":\"2024-05-16T09:12:41+00:00\",\"breadcrumb\":{\"@id\":\"https:\/\/www.insel-moen.de\/fr\/maisons-de-vacances-sur-lile-de-moen\/#breadcrumb\"},\"inLanguage\":\"fr-FR\",\"potentialAction\":[{\"@type\":\"ReadAction\",\"target\":[\"https:\/\/www.insel-moen.de\/fr\/maisons-de-vacances-sur-lile-de-moen\/\"]}]},{\"@type\":\"ImageObject\",\"inLanguage\":\"fr-FR\",\"@id\":\"https:\/\/www.insel-moen.de\/fr\/maisons-de-vacances-sur-lile-de-moen\/#primaryimage\",\"url\":\"https:\/\/www.insel-moen.de\/wp-content\/uploads\/2019\/05\/Ferienhaeuser-in-Stege-auf-Moen.jpg\",\"contentUrl\":\"https:\/\/www.insel-moen.de\/wp-content\/uploads\/2019\/05\/Ferienhaeuser-in-Stege-auf-Moen.jpg\"},{\"@type\":\"BreadcrumbList\",\"@id\":\"https:\/\/www.insel-moen.de\/fr\/maisons-de-vacances-sur-lile-de-moen\/#breadcrumb\",\"itemListElement\":[{\"@type\":\"ListItem\",\"position\":1,\"name\":\"Startseite\",\"item\":\"https:\/\/www.insel-moen.de\/fr\/bienvenue-sur-lile-de-moen\/\"},{\"@type\":\"ListItem\",\"position\":2,\"name\":\"Maisons de vacances sur l&#8217;\u00eele de M\u00f6n\"}]},{\"@type\":\"WebSite\",\"@id\":\"https:\/\/www.insel-moen.de\/fr\/#website\",\"url\":\"https:\/\/www.insel-moen.de\/fr\/\",\"name\":\"Insel M\u00f6n\",\"description\":\"INSEL M\u00d6N - Urlaub in der D\u00e4nischen S\u00fcdsee\",\"publisher\":{\"@id\":\"https:\/\/www.insel-moen.de\/fr\/#organization\"},\"potentialAction\":[{\"@type\":\"SearchAction\",\"target\":{\"@type\":\"EntryPoint\",\"urlTemplate\":\"https:\/\/www.insel-moen.de\/fr\/?s={search_term_string}\"},\"query-input\":{\"@type\":\"PropertyValueSpecification\",\"valueRequired\":true,\"valueName\":\"search_term_string\"}}],\"inLanguage\":\"fr-FR\"},{\"@type\":\"Organization\",\"@id\":\"https:\/\/www.insel-moen.de\/fr\/#organization\",\"name\":\"www.insel-moen.de\",\"url\":\"https:\/\/www.insel-moen.de\/fr\/\",\"logo\":{\"@type\":\"ImageObject\",\"inLanguage\":\"fr-FR\",\"@id\":\"https:\/\/www.insel-moen.de\/fr\/#\/schema\/logo\/image\/\",\"url\":\"https:\/\/www.insel-moen.de\/wp-content\/uploads\/2023\/08\/cropped-daenemark-logo-neu-klein.png\",\"contentUrl\":\"https:\/\/www.insel-moen.de\/wp-content\/uploads\/2023\/08\/cropped-daenemark-logo-neu-klein.png\",\"width\":100,\"height\":101,\"caption\":\"www.insel-moen.de\"},\"image\":{\"@id\":\"https:\/\/www.insel-moen.de\/fr\/#\/schema\/logo\/image\/\"}}]}<\/script>\n<!-- \/ Yoast SEO plugin. -->","yoast_head_json":{"title":"Maisons de vacances sur l'\u00eele de M\u00f6n","robots":{"index":"index","follow":"follow","max-snippet":"max-snippet:-1","max-image-preview":"max-image-preview:large","max-video-preview":"max-video-preview:-1"},"canonical":"https:\/\/www.insel-moen.de\/fr\/maisons-de-vacances-sur-lile-de-moen\/","og_locale":"fr_FR","og_type":"article","og_title":"Maisons de vacances sur l'\u00eele de M\u00f6n","og_description":"Vue d&#8217;ensemble de la maison de vacances M\u00f6n La petite \u00eele de M\u00f6n, situ\u00e9e dans la mer du Sud danoise, est un endroit formidable pour passer des vacances dans une maison de vacances. Dans toutes les parties de l&#8217;\u00eele, on trouve des maisons de vacances pour presque tous les go\u00fbts. Certaines de ces maisons de [&hellip;]","og_url":"https:\/\/www.insel-moen.de\/fr\/maisons-de-vacances-sur-lile-de-moen\/","og_site_name":"Insel M\u00f6n","article_modified_time":"2024-05-16T09:12:41+00:00","og_image":[{"url":"https:\/\/www.insel-moen.de\/wp-content\/uploads\/2019\/05\/Ferienhaeuser-in-Stege-auf-Moen.jpg","type":"","width":"","height":""}],"twitter_card":"summary_large_image","twitter_misc":{"Dur\u00e9e de lecture estim\u00e9e":"1 minute"},"schema":{"@context":"https:\/\/schema.org","@graph":[{"@type":"WebPage","@id":"https:\/\/www.insel-moen.de\/fr\/maisons-de-vacances-sur-lile-de-moen\/","url":"https:\/\/www.insel-moen.de\/fr\/maisons-de-vacances-sur-lile-de-moen\/","name":"Maisons de vacances sur l'\u00eele de M\u00f6n","isPartOf":{"@id":"https:\/\/www.insel-moen.de\/fr\/#website"},"primaryImageOfPage":{"@id":"https:\/\/www.insel-moen.de\/fr\/maisons-de-vacances-sur-lile-de-moen\/#primaryimage"},"image":{"@id":"https:\/\/www.insel-moen.de\/fr\/maisons-de-vacances-sur-lile-de-moen\/#primaryimage"},"thumbnailUrl":"https:\/\/www.insel-moen.de\/wp-content\/uploads\/2019\/05\/Ferienhaeuser-in-Stege-auf-Moen.jpg","datePublished":"2024-05-16T09:12:40+00:00","dateModified":"2024-05-16T09:12:41+00:00","breadcrumb":{"@id":"https:\/\/www.insel-moen.de\/fr\/maisons-de-vacances-sur-lile-de-moen\/#breadcrumb"},"inLanguage":"fr-FR","potentialAction":[{"@type":"ReadAction","target":["https:\/\/www.insel-moen.de\/fr\/maisons-de-vacances-sur-lile-de-moen\/"]}]},{"@type":"ImageObject","inLanguage":"fr-FR","@id":"https:\/\/www.insel-moen.de\/fr\/maisons-de-vacances-sur-lile-de-moen\/#primaryimage","url":"https:\/\/www.insel-moen.de\/wp-content\/uploads\/2019\/05\/Ferienhaeuser-in-Stege-auf-Moen.jpg","contentUrl":"https:\/\/www.insel-moen.de\/wp-content\/uploads\/2019\/05\/Ferienhaeuser-in-Stege-auf-Moen.jpg"},{"@type":"BreadcrumbList","@id":"https:\/\/www.insel-moen.de\/fr\/maisons-de-vacances-sur-lile-de-moen\/#breadcrumb","itemListElement":[{"@type":"ListItem","position":1,"name":"Startseite","item":"https:\/\/www.insel-moen.de\/fr\/bienvenue-sur-lile-de-moen\/"},{"@type":"ListItem","position":2,"name":"Maisons de vacances sur l&#8217;\u00eele de M\u00f6n"}]},{"@type":"WebSite","@id":"https:\/\/www.insel-moen.de\/fr\/#website","url":"https:\/\/www.insel-moen.de\/fr\/","name":"Insel M\u00f6n","description":"INSEL M\u00d6N - Urlaub in der D\u00e4nischen S\u00fcdsee","publisher":{"@id":"https:\/\/www.insel-moen.de\/fr\/#organization"},"potentialAction":[{"@type":"SearchAction","target":{"@type":"EntryPoint","urlTemplate":"https:\/\/www.insel-moen.de\/fr\/?s={search_term_string}"},"query-input":{"@type":"PropertyValueSpecification","valueRequired":true,"valueName":"search_term_string"}}],"inLanguage":"fr-FR"},{"@type":"Organization","@id":"https:\/\/www.insel-moen.de\/fr\/#organization","name":"www.insel-moen.de","url":"https:\/\/www.insel-moen.de\/fr\/","logo":{"@type":"ImageObject","inLanguage":"fr-FR","@id":"https:\/\/www.insel-moen.de\/fr\/#\/schema\/logo\/image\/","url":"https:\/\/www.insel-moen.de\/wp-content\/uploads\/2023\/08\/cropped-daenemark-logo-neu-klein.png","contentUrl":"https:\/\/www.insel-moen.de\/wp-content\/uploads\/2023\/08\/cropped-daenemark-logo-neu-klein.png","width":100,"height":101,"caption":"www.insel-moen.de"},"image":{"@id":"https:\/\/www.insel-moen.de\/fr\/#\/schema\/logo\/image\/"}}]}},"_links":{"self":[{"href":"https:\/\/www.insel-moen.de\/fr\/wp-json\/wp\/v2\/pages\/8529","targetHints":{"allow":["GET"]}}],"collection":[{"href":"https:\/\/www.insel-moen.de\/fr\/wp-json\/wp\/v2\/pages"}],"about":[{"href":"https:\/\/www.insel-moen.de\/fr\/wp-json\/wp\/v2\/types\/page"}],"author":[{"embeddable":true,"href":"https:\/\/www.insel-moen.de\/fr\/wp-json\/wp\/v2\/users\/3"}],"replies":[{"embeddable":true,"href":"https:\/\/www.insel-moen.de\/fr\/wp-json\/wp\/v2\/comments?post=8529"}],"version-history":[{"count":1,"href":"https:\/\/www.insel-moen.de\/fr\/wp-json\/wp\/v2\/pages\/8529\/revisions"}],"predecessor-version":[{"id":8538,"href":"https:\/\/www.insel-moen.de\/fr\/wp-json\/wp\/v2\/pages\/8529\/revisions\/8538"}],"wp:attachment":[{"href":"https:\/\/www.insel-moen.de\/fr\/wp-json\/wp\/v2\/media?parent=8529"}],"curies":[{"name":"wp","href":"https:\/\/api.w.org\/{rel}","templated":true}]}}