{"id":8356,"date":"2024-05-16T08:17:25","date_gmt":"2024-05-16T08:17:25","guid":{"rendered":"https:\/\/www.insel-moen.de\/bienvenue-sur-lile-de-moen\/"},"modified":"2024-05-16T08:17:26","modified_gmt":"2024-05-16T08:17:26","slug":"bienvenue-sur-lile-de-moen","status":"publish","type":"page","link":"https:\/\/www.insel-moen.de\/fr\/","title":{"rendered":"Bienvenue sur l&#8217;\u00eele de M\u00f8n"},"content":{"rendered":"\n<div class=\"wp-block-buttons is-content-justification-center is-layout-flex wp-container-core-buttons-is-layout-16018d1d wp-block-buttons-is-layout-flex\">\n<div class=\"wp-block-button\"><a class=\"wp-block-button__link wp-element-button\" href=\"https:\/\/www.insel-moen.de\/ferienhaus\/ferienhaus-moen-mit-meerblick\/\">Maisons de vacances<\/a><\/div>\n\n\n\n<div class=\"wp-block-button\"><a class=\"wp-block-button__link wp-element-button\" href=\"https:\/\/www.insel-moen.de\/bed-breakfast\/\">Chambres d&#8217;h\u00f4tes<\/a><\/div>\n\n\n\n<div class=\"wp-block-button\"><a class=\"wp-block-button__link wp-element-button\" href=\"https:\/\/www.insel-moen.de\/anreise-zur-insel-moen\/\">Arriv\u00e9e<\/a><\/div>\n<\/div>\n\n<p>L&#8217;\u00eele de M\u00f6n est situ\u00e9e dans la mer Baltique danoise, \u00e0 proximit\u00e9 imm\u00e9diate de Falster, et compte environ dix mille habitants. Gr\u00e2ce \u00e0 sa situation dans la mer Baltique, l&#8217;\u00eele b\u00e9n\u00e9ficie d&#8217;un climat \u00e9quilibr\u00e9 et convient aux personnes qui souhaitent \u00e9chapper aux grandes chaleurs estivales en Allemagne.<\/p>\n\n<h2 class=\"wp-block-heading\">R\u00e9servez maintenant votre billet de ferry pour M\u00f6n<\/h2>\n\n<p><strong>R\u00e9servez d\u00e8s maintenant vos vacances de r\u00eave et faites des \u00e9conomies<\/strong><\/p>\n\n<p>Vous pr\u00e9voyez un voyage sur l&#8217;\u00eele de Moen ? Alors profitez de notre offre sp\u00e9ciale de r\u00e9servation anticip\u00e9e et \u00e9conomisez jusqu&#8217;\u00e0 50% par rapport au prix normal \u00e0 la caisse du port. Vous pouvez profiter de cette fantastique r\u00e9duction, en particulier sur les travers\u00e9es en soir\u00e9e et de nuit, si vous r\u00e9servez au moins 15 jours \u00e0 l&#8217;avance.<\/p>\n\n<p>Alors n&#8217;attendez plus &#8211; r\u00e9servez votre travers\u00e9e d\u00e8s maintenant pour seulement 62 EUR. D\u00e9couvrez la nature \u00e9poustouflante et la culture unique de Moen d&#8217;une mani\u00e8re particuli\u00e8rement avantageuse.<\/p>\n\n<div class=\"wp-block-buttons is-layout-flex wp-block-buttons-is-layout-flex\">\n<div class=\"wp-block-button\"><a class=\"wp-block-button__link wp-element-button\" href=\"https:\/\/booking.scandlines.com\/?lang=de&amp;mandator=SAD&amp;provid=219403ed-fa22-4826-b47a-83e5a8924caf\">Vous trouverez ici les offres de ferry au d\u00e9part de Puttgarden (Fehmarn) et Rostock<\/a><\/div>\n<\/div>\n\n<h2 class=\"wp-block-heading\">Moen a de nombreuses caract\u00e9ristiques et avantages<\/h2>\n\n<p>Vous y trouverez Moens Klint, la plus haute falaise de craie d&#8217;Europe. Caspar David Friedrich s&#8217;est entra\u00een\u00e9 ici avant de peindre les falaises de craie de R\u00fcgen.<\/p>\n\n<p>Sur M\u00f6n, vous trouverez un \u00e9clairage particulier. Il est certain que les falaises de craie et la mer Baltique sont la raison d&#8217;une lueur tr\u00e8s particuli\u00e8re, surtout le soir.<\/p>\n\n<p>Moen a un paysage extr\u00eamement attrayant. <strong>Presque tous les <a href=\"https:\/\/www.insel-moen.de\/fr\/les-falaises-de-craie-de-moen\/\">paysages d&#8217;Europe<\/a> sont r\u00e9unis <a href=\"https:\/\/www.insel-moen.de\/fr\/les-falaises-de-craie-de-moen\/\">sur une petite \u00eele<\/a>.<\/strong> Vous pouvez explorer le paysage \u00e0 pied ou \u00e0 v\u00e9lo, depuis les prairies plates et horizontales jusqu&#8217;aux collines rocheuses et bois\u00e9es.<\/p>\n\n<p>De nombreuses petites pensions et maisons de vacances offrent un h\u00e9bergement pour tous les besoins et tous les budgets.<\/p>\n\n<p><\/p>\n\n<figure class=\"wp-block-embed is-type-video is-provider-youtube wp-block-embed-youtube wp-embed-aspect-16-9 wp-has-aspect-ratio\"><div class=\"wp-block-embed__wrapper\">\n<iframe loading=\"lazy\" title=\"Insel M\u00f6n - unglaubliche Impressionen von der D\u00e4nischen Insel\" width=\"580\" height=\"326\" src=\"https:\/\/www.youtube.com\/embed\/UQKhth_uh4U?feature=oembed\" frameborder=\"0\" allow=\"accelerometer; autoplay; clipboard-write; encrypted-media; gyroscope; picture-in-picture; web-share\" referrerpolicy=\"strict-origin-when-cross-origin\" allowfullscreen><\/iframe>\n<\/div><\/figure>\n\n<div class=\"wp-block-columns has-2-columns is-layout-flex wp-container-core-columns-is-layout-9d6595d7 wp-block-columns-is-layout-flex\">\n<div class=\"wp-block-column is-layout-flow wp-block-column-is-layout-flow\">\n<figure class=\"wp-block-image\"><a href=\"https:\/\/www.insel-moen.de\/bed-breakfast\/\"><img loading=\"lazy\" decoding=\"async\" width=\"700\" height=\"525\" src=\"https:\/\/www.insel-moen.de\/wp-content\/uploads\/2019\/06\/bakkelund-bed-and-breakfast.jpg\" alt=\"\" class=\"wp-image-225\" srcset=\"https:\/\/www.insel-moen.de\/wp-content\/uploads\/2019\/06\/bakkelund-bed-and-breakfast.jpg 700w, https:\/\/www.insel-moen.de\/wp-content\/uploads\/2019\/06\/bakkelund-bed-and-breakfast-300x225.jpg 300w, https:\/\/www.insel-moen.de\/wp-content\/uploads\/2019\/06\/bakkelund-bed-and-breakfast-560x420.jpg 560w, https:\/\/www.insel-moen.de\/wp-content\/uploads\/2019\/06\/bakkelund-bed-and-breakfast-120x90.jpg 120w\" sizes=\"auto, (max-width: 700px) 100vw, 700px\" \/><\/a><\/figure>\n\n\n<h2 class=\"wp-block-heading\">Chambres d&#8217;h\u00f4tes<\/h2>\n\n\n\n<p>L&#8217;\u00eele de M\u00f6n est une \u00eele de Bed &amp; Breakfast. De nombreuses petites pensions, par exemple dans d&#8217;anciennes fermes, vous invitent \u00e0 passer de courtes vacances.<\/p>\n\n\n\n<div class=\"wp-block-button\"><a class=\"wp-block-button__link wp-element-button\" href=\"https:\/\/www.insel-moen.de\/bed-breakfast\/\">\u00cele de M\u00f6n Bed &amp; Breakfast<\/a><\/div>\n<\/div>\n\n\n\n<div class=\"wp-block-column is-layout-flow wp-block-column-is-layout-flow\">\n<figure class=\"wp-block-image\"><img loading=\"lazy\" decoding=\"async\" width=\"600\" height=\"382\" src=\"https:\/\/www.insel-moen.de\/wp-content\/uploads\/2019\/06\/klintholm-havn.jpg\" alt=\"\" class=\"wp-image-284\" srcset=\"https:\/\/www.insel-moen.de\/wp-content\/uploads\/2019\/06\/klintholm-havn.jpg 600w, https:\/\/www.insel-moen.de\/wp-content\/uploads\/2019\/06\/klintholm-havn-300x191.jpg 300w, https:\/\/www.insel-moen.de\/wp-content\/uploads\/2019\/06\/klintholm-havn-560x357.jpg 560w, https:\/\/www.insel-moen.de\/wp-content\/uploads\/2019\/06\/klintholm-havn-120x76.jpg 120w\" sizes=\"auto, (max-width: 600px) 100vw, 600px\" \/><\/figure>\n\n\n<h2 class=\"wp-block-heading\">Lieux sur M\u00f6n<\/h2>\n\n\n\n<p>Toutes les informations sur les lieux de l&#8217;\u00eele de Moen avec des conseils d&#8217;initi\u00e9s. Laissez-vous inspirer.<\/p>\n\n\n\n<div class=\"wp-block-button\"><a class=\"wp-block-button__link wp-element-button\" href=\"https:\/\/www.insel-moen.de\/orte-auf-der-insel-moen\/\">Lieux sur l&#8217;\u00eele de M\u00f6n<\/a><\/div>\n<\/div>\n<\/div>\n\n<div class=\"wp-block-columns has-2-columns is-layout-flex wp-container-core-columns-is-layout-9d6595d7 wp-block-columns-is-layout-flex\">\n<div class=\"wp-block-column is-layout-flow wp-block-column-is-layout-flow\">\n<figure class=\"wp-block-image\"><a href=\"https:\/\/www.insel-moen.de\/ferienhaus\/\"><img loading=\"lazy\" decoding=\"async\" width=\"600\" height=\"400\" src=\"https:\/\/www.insel-moen.de\/wp-content\/uploads\/2019\/05\/Ferienhaeuser-in-Stege-auf-Moen.jpg\" alt=\"Maisons de vacances &#xE0; M&#xF6;n\" class=\"wp-image-199\" srcset=\"https:\/\/www.insel-moen.de\/wp-content\/uploads\/2019\/05\/Ferienhaeuser-in-Stege-auf-Moen.jpg 600w, https:\/\/www.insel-moen.de\/wp-content\/uploads\/2019\/05\/Ferienhaeuser-in-Stege-auf-Moen-300x200.jpg 300w, https:\/\/www.insel-moen.de\/wp-content\/uploads\/2019\/05\/Ferienhaeuser-in-Stege-auf-Moen-560x373.jpg 560w, https:\/\/www.insel-moen.de\/wp-content\/uploads\/2019\/05\/Ferienhaeuser-in-Stege-auf-Moen-120x80.jpg 120w\" sizes=\"auto, (max-width: 600px) 100vw, 600px\" \/><\/a><\/figure>\n\n\n<h2 class=\"wp-block-heading\">Maisons de vacances<\/h2>\n\n\n\n<p>Il y a environ 250 maisons de vacances sur M\u00f6n. Nous avons s\u00e9lectionn\u00e9 les plus belles maisons en collaboration avec Atraveo.<\/p>\n\n\n\n<div class=\"wp-block-button\"><a class=\"wp-block-button__link wp-element-button\" href=\"https:\/\/www.insel-moen.de\/ferienhaus\/\">\u00cele de M\u00f6n Maisons de vacances<\/a><\/div>\n<\/div>\n\n\n\n<div class=\"wp-block-column is-layout-flow wp-block-column-is-layout-flow\">\n<figure class=\"wp-block-image\"><a href=\"https:\/\/www.insel-moen.de\/anreise-zur-insel-moen\/\"><img loading=\"lazy\" decoding=\"async\" width=\"909\" height=\"803\" src=\"https:\/\/www.insel-moen.de\/wp-content\/uploads\/2019\/04\/Anreise-Faehrtermina-Rostock-Gedser.png\" alt=\"\" class=\"wp-image-168\" srcset=\"https:\/\/www.insel-moen.de\/wp-content\/uploads\/2019\/04\/Anreise-Faehrtermina-Rostock-Gedser.png 909w, https:\/\/www.insel-moen.de\/wp-content\/uploads\/2019\/04\/Anreise-Faehrtermina-Rostock-Gedser-300x265.png 300w, https:\/\/www.insel-moen.de\/wp-content\/uploads\/2019\/04\/Anreise-Faehrtermina-Rostock-Gedser-768x678.png 768w, https:\/\/www.insel-moen.de\/wp-content\/uploads\/2019\/04\/Anreise-Faehrtermina-Rostock-Gedser-810x716.png 810w, https:\/\/www.insel-moen.de\/wp-content\/uploads\/2019\/04\/Anreise-Faehrtermina-Rostock-Gedser-560x495.png 560w, https:\/\/www.insel-moen.de\/wp-content\/uploads\/2019\/04\/Anreise-Faehrtermina-Rostock-Gedser-736x650.png 736w, https:\/\/www.insel-moen.de\/wp-content\/uploads\/2019\/04\/Anreise-Faehrtermina-Rostock-Gedser-102x90.png 102w, https:\/\/www.insel-moen.de\/wp-content\/uploads\/2019\/04\/Anreise-Faehrtermina-Rostock-Gedser-600x530.png 600w\" sizes=\"auto, (max-width: 909px) 100vw, 909px\" \/><\/a><\/figure>\n\n\n<h2 class=\"wp-block-heading\">Arriv\u00e9e<\/h2>\n\n\n\n<p>Se rendre sur l&#8217;\u00eele de M\u00f6n est tr\u00e8s simple. Nous vous montrons comment vous rendre sur l&#8217;\u00eele rapidement et \u00e0 moindre co\u00fbt.<\/p>\n\n\n\n<div class=\"wp-block-button\"><a class=\"wp-block-button__link wp-element-button\" href=\"https:\/\/www.insel-moen.de\/anreise\/\">\u00cele de M\u00f6n Arriv\u00e9e<\/a><\/div>\n<\/div>\n<\/div>\n\n<div class=\"wp-block-columns has-2-columns is-layout-flex wp-container-core-columns-is-layout-9d6595d7 wp-block-columns-is-layout-flex\">\n<div class=\"wp-block-column is-layout-flow wp-block-column-is-layout-flow\">\n<figure class=\"wp-block-image\"><img decoding=\"async\" src=\"https:\/\/www.insel-moen.de\/wp-content\/uploads\/2019\/03\/M&#xF8;ns-Klint_32411-1024x683.jpg\" alt=\"\" class=\"wp-image-40\"\/><\/figure>\n\n\n<h2 class=\"wp-block-heading\">Les falaises de craie de M\u00f6n<\/h2>\n\n\n\n<p>Les falaises de craie de M\u00f6n sont une sensation mondiale. Plus hautes que sur R\u00fcgen, elles sont l&#8217;embl\u00e8me de l&#8217;\u00eele.<\/p>\n\n\n\n<div class=\"wp-block-button\"><a class=\"wp-block-button__link wp-element-button\" href=\"https:\/\/www.insel-moen.de\/moens-geologie\/\">Les falaises de craie de M\u00f6n<\/a><\/div>\n<\/div>\n\n\n\n<div class=\"wp-block-column is-layout-flow wp-block-column-is-layout-flow\"><\/div>\n<\/div>\n\n<h2 class=\"wp-block-heading\">\u00cele de M\u00f6n Compact<\/h2>\n\n<p><br\/>\nL&#8217;\u00eele de M\u00f8n, dans la mer Baltique danoise, est l&#8217;endroit id\u00e9al pour des vacances en famille r\u00e9ussies. Elle offre des paysages naturels luxuriants et des possibilit\u00e9s de logement adapt\u00e9es aux familles. Variation et d\u00e9tente sont \u00e9quilibr\u00e9es \u00e0 M\u00f8n.<\/p>\n\n<p><strong>Les trois meilleures fa\u00e7ons de se rendre \u00e0 M\u00f8n<\/strong><\/p>\n\n<ul class=\"wp-block-list\">\n<li>Possibilit\u00e9 1 : aller en voiture \u00e0 Puttgarden ; de Puttgarden prendre le car-ferry pour R\u00f8dby (Lolland) ; de R\u00f8dby en voiture encore 1 heure (il y a des ponts pour M\u00f8n).<\/li>\n\n\n\n<li>Possibilit\u00e9 2 : de Rostock, prendre le ferry pour Gedser, \u00eele de Falster ; de Gedser, encore 1 heure pour M\u00f8n.<\/li>\n\n\n\n<li>Possibilit\u00e9 3 : En train jusqu&#8217;\u00e0 Vordingborg, puis en bus jusqu&#8217;\u00e0 Stege.<\/li>\n<\/ul>\n\n<h2 class=\"wp-block-heading\">Vivre \u00e0 M\u00f8n<\/h2>\n\n<p>Les vacances en camping promettent un souffle de libert\u00e9 et d&#8217;aventure. M\u00f8n compte 6 campings, tous situ\u00e9s pr\u00e8s de la plage : Ulvshale Camping \u00e0 Stege, Camping VestM\u00f8n pr\u00e8s d&#8217;Askeby\/Harb\u00f6lle, Camping M\u00f8nbroen pr\u00e8s de Stege, Camping M\u00f8ns Klint (pr\u00e8s des falaises de calcaire), Keldby Camping et Stege Camping.<\/p>\n\n<p><strong>H\u00f4tels<\/strong><br\/>  Sur l&#8217;\u00eele de M\u00f8n, les familles passent leurs vacances dans des appartements ou des maisons de vacances. N\u00e9anmoins, il existe un petit nombre de petits h\u00f4tels et auberges avec beaucoup de cachet, par exemple l&#8217;h\u00f4tel M\u00f8n. Deux pensions promettent de vivre dans le style de l&#8217;\u00eele, la pension Elmehoj<a href=\"https:\/\/www.booking.com\/searchresults.en.html?region=3861&amp;aid=2199813&amp;no_rooms=1&amp;group_adults=2\">(www.elmehoj.dk)<\/a> et la pension Bakkegarden<a href=\"https:\/\/www.booking.com\/searchresults.en.html?region=3861&amp;aid=2199813&amp;no_rooms=1&amp;group_adults=2\">(www.bakkegaarden64.dk)<\/a>.<\/p>\n\n<p><strong>Maisons de vacances<\/strong><br\/>  Un grand choix de maisons de vacances, dont la plupart sont situ\u00e9es pr\u00e8s de la plage, offre aux familles un confort de vie agr\u00e9able. On trouve des appartements de vacances partout sur l&#8217;\u00eele.<\/p>\n\n<div class=\"wp-block-buttons is-layout-flex wp-block-buttons-is-layout-flex\">\n<div class=\"wp-block-button\"><a class=\"wp-block-button__link wp-element-button\" href=\"https:\/\/www.insel-moen.de\/ferienhaus\/\">Voir les maisons d&#8217;h\u00f4tes libres sur M\u00f6n<\/a><\/div>\n<\/div>\n\n<h2 class=\"wp-block-heading\">Choses \u00e0 voir sur l&#8217;\u00eele de M\u00f8n<\/h2>\n\n<p><strong>Le clint<\/strong><br\/>\nVous trouverez des paysages naturels impressionnants partout sur M\u00f8n. La falaise de 130 m\u00e8tres de haut et ses falaises de craie blanche (M\u00f6ns Klint), dans l&#8217;est de l&#8217;\u00eele, constituent un spectacle naturel de premier ordre qui fait la r\u00e9putation de M\u00f8n. Derri\u00e8re la falaise commence le Klintenwald, avec des sentiers de randonn\u00e9e num\u00e9rot\u00e9s et bien balis\u00e9s, sur lesquels vous pourrez faire de nombreuses d\u00e9couvertes.<\/p>\n\n<p><strong>Le phare<\/strong><br\/>\nUne excursion au phare de M\u00f8n, au bout de la falaise, dont les feux sont encore visibles par temps clair sur l&#8217;\u00eele de R\u00fcgen, \u00e0 une soixantaine de kilom\u00e8tres, vaut le d\u00e9tour.<\/p>\n\n<p><strong>Mus\u00e9es<\/strong><br\/>\nLes mus\u00e9es \u00e9gayent une journ\u00e9e de mauvais temps. Le mus\u00e9e de M\u00f8n pr\u00e9sente des expositions temporaires th\u00e9matiques, ainsi que des pierres de craie, des outils en pierre et des objets anciens. Un petit mus\u00e9e du th\u00e9\u00e2tre \u00e0 Westm\u00f8n, avec son exposition sc\u00e9nique unique, offre une ambiance culturelle.<\/p>\n\n<p>En plus de ce r\u00e9sum\u00e9, vous trouverez de pr\u00e9cieuses informations suppl\u00e9mentaires sur l&#8217;\u00eele sur notre site web ici<\/p>\n","protected":false},"excerpt":{"rendered":"<p>L&#8217;\u00eele de M\u00f6n est situ\u00e9e dans la mer Baltique danoise, \u00e0 proximit\u00e9 imm\u00e9diate de Falster, et compte environ dix mille habitants. Gr\u00e2ce \u00e0 sa situation dans la mer Baltique, l&#8217;\u00eele b\u00e9n\u00e9ficie d&#8217;un climat \u00e9quilibr\u00e9 et convient aux personnes qui souhaitent \u00e9chapper aux grandes chaleurs estivales en Allemagne. R\u00e9servez maintenant votre billet de ferry pour M\u00f6n [&hellip;]<\/p>\n","protected":false},"author":3,"featured_media":8358,"parent":0,"menu_order":0,"comment_status":"closed","ping_status":"closed","template":"templates\/template-full-width.php","meta":{"footnotes":""},"class_list":["post-8356","page","type-page","status-publish","has-post-thumbnail","hentry"],"yoast_head":"<!-- This site is optimized with the Yoast SEO plugin v24.5 - https:\/\/yoast.com\/wordpress\/plugins\/seo\/ -->\n<title>\u00cele de M\u00f6n Danemark - Maisons de vacances, h\u00f4tels, camping et conseils pratiques<\/title>\n<meta name=\"description\" content=\"Le Danemark en miniature - L&#039;\u00eele de M\u00f6n a tout pour plaire - des eaux azur\u00e9es - des rochers, des for\u00eats et de superbes offres culinaires. Moins \u00e0 v\u00e9lo, \u00e0 pied et sur l&#039;eau.\" \/>\n<meta name=\"robots\" content=\"index, follow, max-snippet:-1, max-image-preview:large, max-video-preview:-1\" \/>\n<link rel=\"canonical\" href=\"https:\/\/www.insel-moen.de\/fr\/\" \/>\n<meta property=\"og:locale\" content=\"fr_FR\" \/>\n<meta property=\"og:type\" content=\"article\" \/>\n<meta property=\"og:title\" content=\"\u00cele de M\u00f6n Danemark - Maisons de vacances, h\u00f4tels, camping et conseils pratiques\" \/>\n<meta property=\"og:description\" content=\"Le Danemark en miniature - L&#039;\u00eele de M\u00f6n a tout pour plaire - des eaux azur\u00e9es - des rochers, des for\u00eats et de superbes offres culinaires. Moins \u00e0 v\u00e9lo, \u00e0 pied et sur l&#039;eau.\" \/>\n<meta property=\"og:url\" content=\"https:\/\/www.insel-moen.de\/fr\/\" \/>\n<meta property=\"og:site_name\" content=\"Insel M\u00f6n\" \/>\n<meta property=\"article:modified_time\" content=\"2024-05-16T08:17:26+00:00\" \/>\n<meta property=\"og:image\" content=\"https:\/\/www.insel-moen.de\/wp-content\/uploads\/2024\/05\/kreidefelsen-2024-3_resized.jpeg\" \/>\n\t<meta property=\"og:image:width\" content=\"1920\" \/>\n\t<meta property=\"og:image:height\" content=\"1118\" \/>\n\t<meta property=\"og:image:type\" content=\"image\/jpeg\" \/>\n<meta name=\"twitter:card\" content=\"summary_large_image\" \/>\n<meta name=\"twitter:label1\" content=\"Dur\u00e9e de lecture estim\u00e9e\" \/>\n\t<meta name=\"twitter:data1\" content=\"5 minutes\" \/>\n<script type=\"application\/ld+json\" class=\"yoast-schema-graph\">{\"@context\":\"https:\/\/schema.org\",\"@graph\":[{\"@type\":\"WebPage\",\"@id\":\"https:\/\/www.insel-moen.de\/fr\/\",\"url\":\"https:\/\/www.insel-moen.de\/fr\/\",\"name\":\"\u00cele de M\u00f6n Danemark - Maisons de vacances, h\u00f4tels, camping et conseils pratiques\",\"isPartOf\":{\"@id\":\"https:\/\/www.insel-moen.de\/fr\/#website\"},\"primaryImageOfPage\":{\"@id\":\"https:\/\/www.insel-moen.de\/fr\/#primaryimage\"},\"image\":{\"@id\":\"https:\/\/www.insel-moen.de\/fr\/#primaryimage\"},\"thumbnailUrl\":\"https:\/\/www.insel-moen.de\/wp-content\/uploads\/2024\/05\/kreidefelsen-2024-3_resized.jpeg\",\"datePublished\":\"2024-05-16T08:17:25+00:00\",\"dateModified\":\"2024-05-16T08:17:26+00:00\",\"description\":\"Le Danemark en miniature - L'\u00eele de M\u00f6n a tout pour plaire - des eaux azur\u00e9es - des rochers, des for\u00eats et de superbes offres culinaires. Moins \u00e0 v\u00e9lo, \u00e0 pied et sur l'eau.\",\"breadcrumb\":{\"@id\":\"https:\/\/www.insel-moen.de\/fr\/#breadcrumb\"},\"inLanguage\":\"fr-FR\",\"potentialAction\":[{\"@type\":\"ReadAction\",\"target\":[\"https:\/\/www.insel-moen.de\/fr\/\"]}]},{\"@type\":\"ImageObject\",\"inLanguage\":\"fr-FR\",\"@id\":\"https:\/\/www.insel-moen.de\/fr\/#primaryimage\",\"url\":\"https:\/\/www.insel-moen.de\/wp-content\/uploads\/2024\/05\/kreidefelsen-2024-3_resized.jpeg\",\"contentUrl\":\"https:\/\/www.insel-moen.de\/wp-content\/uploads\/2024\/05\/kreidefelsen-2024-3_resized.jpeg\",\"width\":1920,\"height\":1118},{\"@type\":\"BreadcrumbList\",\"@id\":\"https:\/\/www.insel-moen.de\/fr\/#breadcrumb\",\"itemListElement\":[{\"@type\":\"ListItem\",\"position\":1,\"name\":\"Startseite\",\"item\":\"https:\/\/www.insel-moen.de\/fr\/bienvenue-sur-lile-de-moen\/\"},{\"@type\":\"ListItem\",\"position\":2,\"name\":\"Bienvenue sur l&#8217;\u00eele de M\u00f8n\"}]},{\"@type\":\"WebSite\",\"@id\":\"https:\/\/www.insel-moen.de\/fr\/#website\",\"url\":\"https:\/\/www.insel-moen.de\/fr\/\",\"name\":\"Insel M\u00f6n\",\"description\":\"INSEL M\u00d6N - Urlaub in der D\u00e4nischen S\u00fcdsee\",\"publisher\":{\"@id\":\"https:\/\/www.insel-moen.de\/fr\/#organization\"},\"potentialAction\":[{\"@type\":\"SearchAction\",\"target\":{\"@type\":\"EntryPoint\",\"urlTemplate\":\"https:\/\/www.insel-moen.de\/fr\/?s={search_term_string}\"},\"query-input\":{\"@type\":\"PropertyValueSpecification\",\"valueRequired\":true,\"valueName\":\"search_term_string\"}}],\"inLanguage\":\"fr-FR\"},{\"@type\":\"Organization\",\"@id\":\"https:\/\/www.insel-moen.de\/fr\/#organization\",\"name\":\"www.insel-moen.de\",\"url\":\"https:\/\/www.insel-moen.de\/fr\/\",\"logo\":{\"@type\":\"ImageObject\",\"inLanguage\":\"fr-FR\",\"@id\":\"https:\/\/www.insel-moen.de\/fr\/#\/schema\/logo\/image\/\",\"url\":\"https:\/\/www.insel-moen.de\/wp-content\/uploads\/2023\/08\/cropped-daenemark-logo-neu-klein.png\",\"contentUrl\":\"https:\/\/www.insel-moen.de\/wp-content\/uploads\/2023\/08\/cropped-daenemark-logo-neu-klein.png\",\"width\":100,\"height\":101,\"caption\":\"www.insel-moen.de\"},\"image\":{\"@id\":\"https:\/\/www.insel-moen.de\/fr\/#\/schema\/logo\/image\/\"}}]}<\/script>\n<!-- \/ Yoast SEO plugin. -->","yoast_head_json":{"title":"\u00cele de M\u00f6n Danemark - Maisons de vacances, h\u00f4tels, camping et conseils pratiques","description":"Le Danemark en miniature - L'\u00eele de M\u00f6n a tout pour plaire - des eaux azur\u00e9es - des rochers, des for\u00eats et de superbes offres culinaires. Moins \u00e0 v\u00e9lo, \u00e0 pied et sur l'eau.","robots":{"index":"index","follow":"follow","max-snippet":"max-snippet:-1","max-image-preview":"max-image-preview:large","max-video-preview":"max-video-preview:-1"},"canonical":"https:\/\/www.insel-moen.de\/fr\/","og_locale":"fr_FR","og_type":"article","og_title":"\u00cele de M\u00f6n Danemark - Maisons de vacances, h\u00f4tels, camping et conseils pratiques","og_description":"Le Danemark en miniature - L'\u00eele de M\u00f6n a tout pour plaire - des eaux azur\u00e9es - des rochers, des for\u00eats et de superbes offres culinaires. Moins \u00e0 v\u00e9lo, \u00e0 pied et sur l'eau.","og_url":"https:\/\/www.insel-moen.de\/fr\/","og_site_name":"Insel M\u00f6n","article_modified_time":"2024-05-16T08:17:26+00:00","og_image":[{"width":1920,"height":1118,"url":"https:\/\/www.insel-moen.de\/wp-content\/uploads\/2024\/05\/kreidefelsen-2024-3_resized.jpeg","type":"image\/jpeg"}],"twitter_card":"summary_large_image","twitter_misc":{"Dur\u00e9e de lecture estim\u00e9e":"5 minutes"},"schema":{"@context":"https:\/\/schema.org","@graph":[{"@type":"WebPage","@id":"https:\/\/www.insel-moen.de\/fr\/","url":"https:\/\/www.insel-moen.de\/fr\/","name":"\u00cele de M\u00f6n Danemark - Maisons de vacances, h\u00f4tels, camping et conseils pratiques","isPartOf":{"@id":"https:\/\/www.insel-moen.de\/fr\/#website"},"primaryImageOfPage":{"@id":"https:\/\/www.insel-moen.de\/fr\/#primaryimage"},"image":{"@id":"https:\/\/www.insel-moen.de\/fr\/#primaryimage"},"thumbnailUrl":"https:\/\/www.insel-moen.de\/wp-content\/uploads\/2024\/05\/kreidefelsen-2024-3_resized.jpeg","datePublished":"2024-05-16T08:17:25+00:00","dateModified":"2024-05-16T08:17:26+00:00","description":"Le Danemark en miniature - L'\u00eele de M\u00f6n a tout pour plaire - des eaux azur\u00e9es - des rochers, des for\u00eats et de superbes offres culinaires. Moins \u00e0 v\u00e9lo, \u00e0 pied et sur l'eau.","breadcrumb":{"@id":"https:\/\/www.insel-moen.de\/fr\/#breadcrumb"},"inLanguage":"fr-FR","potentialAction":[{"@type":"ReadAction","target":["https:\/\/www.insel-moen.de\/fr\/"]}]},{"@type":"ImageObject","inLanguage":"fr-FR","@id":"https:\/\/www.insel-moen.de\/fr\/#primaryimage","url":"https:\/\/www.insel-moen.de\/wp-content\/uploads\/2024\/05\/kreidefelsen-2024-3_resized.jpeg","contentUrl":"https:\/\/www.insel-moen.de\/wp-content\/uploads\/2024\/05\/kreidefelsen-2024-3_resized.jpeg","width":1920,"height":1118},{"@type":"BreadcrumbList","@id":"https:\/\/www.insel-moen.de\/fr\/#breadcrumb","itemListElement":[{"@type":"ListItem","position":1,"name":"Startseite","item":"https:\/\/www.insel-moen.de\/fr\/bienvenue-sur-lile-de-moen\/"},{"@type":"ListItem","position":2,"name":"Bienvenue sur l&#8217;\u00eele de M\u00f8n"}]},{"@type":"WebSite","@id":"https:\/\/www.insel-moen.de\/fr\/#website","url":"https:\/\/www.insel-moen.de\/fr\/","name":"Insel M\u00f6n","description":"INSEL M\u00d6N - Urlaub in der D\u00e4nischen S\u00fcdsee","publisher":{"@id":"https:\/\/www.insel-moen.de\/fr\/#organization"},"potentialAction":[{"@type":"SearchAction","target":{"@type":"EntryPoint","urlTemplate":"https:\/\/www.insel-moen.de\/fr\/?s={search_term_string}"},"query-input":{"@type":"PropertyValueSpecification","valueRequired":true,"valueName":"search_term_string"}}],"inLanguage":"fr-FR"},{"@type":"Organization","@id":"https:\/\/www.insel-moen.de\/fr\/#organization","name":"www.insel-moen.de","url":"https:\/\/www.insel-moen.de\/fr\/","logo":{"@type":"ImageObject","inLanguage":"fr-FR","@id":"https:\/\/www.insel-moen.de\/fr\/#\/schema\/logo\/image\/","url":"https:\/\/www.insel-moen.de\/wp-content\/uploads\/2023\/08\/cropped-daenemark-logo-neu-klein.png","contentUrl":"https:\/\/www.insel-moen.de\/wp-content\/uploads\/2023\/08\/cropped-daenemark-logo-neu-klein.png","width":100,"height":101,"caption":"www.insel-moen.de"},"image":{"@id":"https:\/\/www.insel-moen.de\/fr\/#\/schema\/logo\/image\/"}}]}},"_links":{"self":[{"href":"https:\/\/www.insel-moen.de\/fr\/wp-json\/wp\/v2\/pages\/8356","targetHints":{"allow":["GET"]}}],"collection":[{"href":"https:\/\/www.insel-moen.de\/fr\/wp-json\/wp\/v2\/pages"}],"about":[{"href":"https:\/\/www.insel-moen.de\/fr\/wp-json\/wp\/v2\/types\/page"}],"author":[{"embeddable":true,"href":"https:\/\/www.insel-moen.de\/fr\/wp-json\/wp\/v2\/users\/3"}],"replies":[{"embeddable":true,"href":"https:\/\/www.insel-moen.de\/fr\/wp-json\/wp\/v2\/comments?post=8356"}],"version-history":[{"count":1,"href":"https:\/\/www.insel-moen.de\/fr\/wp-json\/wp\/v2\/pages\/8356\/revisions"}],"predecessor-version":[{"id":8360,"href":"https:\/\/www.insel-moen.de\/fr\/wp-json\/wp\/v2\/pages\/8356\/revisions\/8360"}],"wp:featuredmedia":[{"embeddable":true,"href":"https:\/\/www.insel-moen.de\/fr\/wp-json\/wp\/v2\/media\/8358"}],"wp:attachment":[{"href":"https:\/\/www.insel-moen.de\/fr\/wp-json\/wp\/v2\/media?parent=8356"}],"curies":[{"name":"wp","href":"https:\/\/api.w.org\/{rel}","templated":true}]}}