{"id":8148,"date":"2024-05-16T08:16:44","date_gmt":"2024-05-16T08:16:44","guid":{"rendered":"https:\/\/www.insel-moen.de\/cooperation\/"},"modified":"2024-05-16T08:16:56","modified_gmt":"2024-05-16T08:16:56","slug":"cooperation","status":"publish","type":"page","link":"https:\/\/www.insel-moen.de\/fr\/cooperation\/","title":{"rendered":"Coop\u00e9ration"},"content":{"rendered":"\n<h3 class=\"wp-block-heading\"><strong>Notre mission<\/strong><\/h3>\n\n<p>Soyez les bienvenus ! Chez <a href=\"http:\/\/www.insel-moen.de\/\">www.insel-moen.de<\/a>, nous partageons une passion pour l&#8217;\u00eele de M\u00f6n, un joyau du Danemark qui se distingue par ses falaises de craie \u00e0 couper le souffle, sa riche histoire et ses paysages naturels vari\u00e9s. Notre site web sert de guide complet pour aider les visiteurs \u00e0 d\u00e9couvrir et \u00e0 vivre la beaut\u00e9 et la diversit\u00e9 de Moen.<\/p>\n\n<h3 class=\"wp-block-heading\"><strong>Qui nous rend visite ?<\/strong><\/h3>\n\n<p>Nos visiteurs sont des Allemands en qu\u00eate d&#8217;aventure, de nature et de culture, \u00e0 la recherche d&#8217;une exp\u00e9rience de vacances unique. Ils font confiance \u00e0 nos recommandations en mati\u00e8re d&#8217;h\u00e9bergement, d&#8217;activit\u00e9s et de bons plans locaux.<\/p>\n\n<h3 class=\"wp-block-heading\"><strong>Pourquoi un partenariat ?<\/strong><\/h3>\n\n<p><strong>Port\u00e9e et engagement :<\/strong> avec des milliers de visiteurs mensuels et d&#8217;excellents classements SEO, <a href=\"http:\/\/www.insel-moen.de\/\">www.insel-moen.de<\/a> est l&#8217;endroit id\u00e9al pour pr\u00e9senter votre marque ou votre offre \u00e0 un public int\u00e9ress\u00e9.<\/p>\n\n<p><strong>Des histoires de r\u00e9ussite :<\/strong> Nos partenaires font \u00e9tat d&#8217;une augmentation du nombre de r\u00e9servations, d&#8217;une visibilit\u00e9 accrue et de commentaires positifs suite \u00e0 nos campagnes communes. Rejoignez cette histoire \u00e0 succ\u00e8s.<\/p>\n\n<h3 class=\"wp-block-heading\"><strong>Opportunit\u00e9s de partenariat<\/strong><\/h3>\n\n<ul class=\"wp-block-list\">\n<li><strong>Liens d&#8217;affiliation :<\/strong> Augmentez vos ventes gr\u00e2ce \u00e0 des recommandations cibl\u00e9es sur notre site.<\/li>\n\n\n\n<li><strong>Contenu sponsoris\u00e9 :<\/strong> Racontez votre histoire gr\u00e2ce \u00e0 des posts sur mesure que nos lecteurs vont adorer.<\/li>\n\n\n\n<li><strong>Actions de marketing :<\/strong> Concevons ensemble des campagnes cr\u00e9atives qui attirent l&#8217;attention.<\/li>\n<\/ul>\n\n<h3 class=\"wp-block-heading\"><strong>Engageons la conversation<\/strong><\/h3>\n\n<p>Int\u00e9ress\u00e9(e) ? Nous sommes impatients d&#8217;en savoir plus sur vos id\u00e9es et vos conceptions. Il vous suffit de nous contacter \u00e0 l&#8217;adresse <a href=\"mailto:marketing@insel-moen.de\">marketing@insel-moen.de<\/a> pour faire le premier pas vers un partenariat fructueux.<\/p>\n\n<h3 class=\"wp-block-heading\"><strong>Foire aux questions<\/strong><\/h3>\n\n<ul class=\"wp-block-list\">\n<li><strong>Comment les liens d&#8217;affiliation sont-ils suivis ?<\/strong>\n<ul class=\"wp-block-list\">\n<li>Nous utilisons un syst\u00e8me de suivi transparent et fiable pour nous assurer que toutes les redirections et r\u00e9servations sont correctement enregistr\u00e9es.<\/li>\n<\/ul>\n<\/li>\n\n\n\n<li><strong>Quel type de contenu sponsoris\u00e9 fonctionne le mieux ?<\/strong>\n<ul class=\"wp-block-list\">\n<li>Des r\u00e9cits d&#8217;exp\u00e9riences authentiques, des guides d\u00e9taill\u00e9s et des histoires inspirantes autour de l&#8217;\u00eele de Moen obtiennent le meilleur \u00e9cho aupr\u00e8s de nos lecteurs.<\/li>\n<\/ul>\n<\/li>\n<\/ul>\n\n<h3 class=\"wp-block-heading\"><strong>Votre prochaine \u00e9tape<\/strong><\/h3>\n\n<p>Pr\u00eat \u00e0 jeter un pont vers de nouvelles opportunit\u00e9s ? Contactez-nous d\u00e8s aujourd&#8217;hui pour d\u00e9couvrir comment nous pouvons cr\u00e9er de la valeur ensemble.  <a href=\"mailto:marketing@insel-moen.de\">Contactez-nous<\/a><\/p>\n","protected":false},"excerpt":{"rendered":"<p>Notre mission Soyez les bienvenus ! Chez www.insel-moen.de, nous partageons une passion pour l&#8217;\u00eele de M\u00f6n, un joyau du Danemark qui se distingue par ses falaises de craie \u00e0 couper le souffle, sa riche histoire et ses paysages naturels vari\u00e9s. Notre site web sert de guide complet pour aider les visiteurs \u00e0 d\u00e9couvrir et \u00e0 [&hellip;]<\/p>\n","protected":false},"author":3,"featured_media":0,"parent":0,"menu_order":0,"comment_status":"closed","ping_status":"closed","template":"","meta":{"footnotes":""},"class_list":["post-8148","page","type-page","status-publish","hentry"],"yoast_head":"<!-- This site is optimized with the Yoast SEO plugin v24.5 - https:\/\/yoast.com\/wordpress\/plugins\/seo\/ -->\n<title>Coop\u00e9ration - Insel M\u00f6n<\/title>\n<meta name=\"robots\" content=\"index, follow, max-snippet:-1, max-image-preview:large, max-video-preview:-1\" \/>\n<link rel=\"canonical\" href=\"https:\/\/www.insel-moen.de\/fr\/cooperation\/\" \/>\n<meta property=\"og:locale\" content=\"fr_FR\" \/>\n<meta property=\"og:type\" content=\"article\" \/>\n<meta property=\"og:title\" content=\"Coop\u00e9ration - Insel M\u00f6n\" \/>\n<meta property=\"og:description\" content=\"Notre mission Soyez les bienvenus ! Chez www.insel-moen.de, nous partageons une passion pour l&#8217;\u00eele de M\u00f6n, un joyau du Danemark qui se distingue par ses falaises de craie \u00e0 couper le souffle, sa riche histoire et ses paysages naturels vari\u00e9s. Notre site web sert de guide complet pour aider les visiteurs \u00e0 d\u00e9couvrir et \u00e0 [&hellip;]\" \/>\n<meta property=\"og:url\" content=\"https:\/\/www.insel-moen.de\/fr\/cooperation\/\" \/>\n<meta property=\"og:site_name\" content=\"Insel M\u00f6n\" \/>\n<meta property=\"article:modified_time\" content=\"2024-05-16T08:16:56+00:00\" \/>\n<meta name=\"twitter:card\" content=\"summary_large_image\" \/>\n<meta name=\"twitter:label1\" content=\"Dur\u00e9e de lecture estim\u00e9e\" \/>\n\t<meta name=\"twitter:data1\" content=\"2 minutes\" \/>\n<script type=\"application\/ld+json\" class=\"yoast-schema-graph\">{\"@context\":\"https:\/\/schema.org\",\"@graph\":[{\"@type\":\"WebPage\",\"@id\":\"https:\/\/www.insel-moen.de\/fr\/cooperation\/\",\"url\":\"https:\/\/www.insel-moen.de\/fr\/cooperation\/\",\"name\":\"Coop\u00e9ration - Insel M\u00f6n\",\"isPartOf\":{\"@id\":\"https:\/\/www.insel-moen.de\/fr\/#website\"},\"datePublished\":\"2024-05-16T08:16:44+00:00\",\"dateModified\":\"2024-05-16T08:16:56+00:00\",\"breadcrumb\":{\"@id\":\"https:\/\/www.insel-moen.de\/fr\/cooperation\/#breadcrumb\"},\"inLanguage\":\"fr-FR\",\"potentialAction\":[{\"@type\":\"ReadAction\",\"target\":[\"https:\/\/www.insel-moen.de\/fr\/cooperation\/\"]}]},{\"@type\":\"BreadcrumbList\",\"@id\":\"https:\/\/www.insel-moen.de\/fr\/cooperation\/#breadcrumb\",\"itemListElement\":[{\"@type\":\"ListItem\",\"position\":1,\"name\":\"Startseite\",\"item\":\"https:\/\/www.insel-moen.de\/fr\/bienvenue-sur-lile-de-moen\/\"},{\"@type\":\"ListItem\",\"position\":2,\"name\":\"Coop\u00e9ration\"}]},{\"@type\":\"WebSite\",\"@id\":\"https:\/\/www.insel-moen.de\/fr\/#website\",\"url\":\"https:\/\/www.insel-moen.de\/fr\/\",\"name\":\"Insel M\u00f6n\",\"description\":\"INSEL M\u00d6N - Urlaub in der D\u00e4nischen S\u00fcdsee\",\"publisher\":{\"@id\":\"https:\/\/www.insel-moen.de\/fr\/#organization\"},\"potentialAction\":[{\"@type\":\"SearchAction\",\"target\":{\"@type\":\"EntryPoint\",\"urlTemplate\":\"https:\/\/www.insel-moen.de\/fr\/?s={search_term_string}\"},\"query-input\":{\"@type\":\"PropertyValueSpecification\",\"valueRequired\":true,\"valueName\":\"search_term_string\"}}],\"inLanguage\":\"fr-FR\"},{\"@type\":\"Organization\",\"@id\":\"https:\/\/www.insel-moen.de\/fr\/#organization\",\"name\":\"www.insel-moen.de\",\"url\":\"https:\/\/www.insel-moen.de\/fr\/\",\"logo\":{\"@type\":\"ImageObject\",\"inLanguage\":\"fr-FR\",\"@id\":\"https:\/\/www.insel-moen.de\/fr\/#\/schema\/logo\/image\/\",\"url\":\"https:\/\/www.insel-moen.de\/wp-content\/uploads\/2023\/08\/cropped-daenemark-logo-neu-klein.png\",\"contentUrl\":\"https:\/\/www.insel-moen.de\/wp-content\/uploads\/2023\/08\/cropped-daenemark-logo-neu-klein.png\",\"width\":100,\"height\":101,\"caption\":\"www.insel-moen.de\"},\"image\":{\"@id\":\"https:\/\/www.insel-moen.de\/fr\/#\/schema\/logo\/image\/\"}}]}<\/script>\n<!-- \/ Yoast SEO plugin. -->","yoast_head_json":{"title":"Coop\u00e9ration - Insel M\u00f6n","robots":{"index":"index","follow":"follow","max-snippet":"max-snippet:-1","max-image-preview":"max-image-preview:large","max-video-preview":"max-video-preview:-1"},"canonical":"https:\/\/www.insel-moen.de\/fr\/cooperation\/","og_locale":"fr_FR","og_type":"article","og_title":"Coop\u00e9ration - Insel M\u00f6n","og_description":"Notre mission Soyez les bienvenus ! Chez www.insel-moen.de, nous partageons une passion pour l&#8217;\u00eele de M\u00f6n, un joyau du Danemark qui se distingue par ses falaises de craie \u00e0 couper le souffle, sa riche histoire et ses paysages naturels vari\u00e9s. Notre site web sert de guide complet pour aider les visiteurs \u00e0 d\u00e9couvrir et \u00e0 [&hellip;]","og_url":"https:\/\/www.insel-moen.de\/fr\/cooperation\/","og_site_name":"Insel M\u00f6n","article_modified_time":"2024-05-16T08:16:56+00:00","twitter_card":"summary_large_image","twitter_misc":{"Dur\u00e9e de lecture estim\u00e9e":"2 minutes"},"schema":{"@context":"https:\/\/schema.org","@graph":[{"@type":"WebPage","@id":"https:\/\/www.insel-moen.de\/fr\/cooperation\/","url":"https:\/\/www.insel-moen.de\/fr\/cooperation\/","name":"Coop\u00e9ration - Insel M\u00f6n","isPartOf":{"@id":"https:\/\/www.insel-moen.de\/fr\/#website"},"datePublished":"2024-05-16T08:16:44+00:00","dateModified":"2024-05-16T08:16:56+00:00","breadcrumb":{"@id":"https:\/\/www.insel-moen.de\/fr\/cooperation\/#breadcrumb"},"inLanguage":"fr-FR","potentialAction":[{"@type":"ReadAction","target":["https:\/\/www.insel-moen.de\/fr\/cooperation\/"]}]},{"@type":"BreadcrumbList","@id":"https:\/\/www.insel-moen.de\/fr\/cooperation\/#breadcrumb","itemListElement":[{"@type":"ListItem","position":1,"name":"Startseite","item":"https:\/\/www.insel-moen.de\/fr\/bienvenue-sur-lile-de-moen\/"},{"@type":"ListItem","position":2,"name":"Coop\u00e9ration"}]},{"@type":"WebSite","@id":"https:\/\/www.insel-moen.de\/fr\/#website","url":"https:\/\/www.insel-moen.de\/fr\/","name":"Insel M\u00f6n","description":"INSEL M\u00d6N - Urlaub in der D\u00e4nischen S\u00fcdsee","publisher":{"@id":"https:\/\/www.insel-moen.de\/fr\/#organization"},"potentialAction":[{"@type":"SearchAction","target":{"@type":"EntryPoint","urlTemplate":"https:\/\/www.insel-moen.de\/fr\/?s={search_term_string}"},"query-input":{"@type":"PropertyValueSpecification","valueRequired":true,"valueName":"search_term_string"}}],"inLanguage":"fr-FR"},{"@type":"Organization","@id":"https:\/\/www.insel-moen.de\/fr\/#organization","name":"www.insel-moen.de","url":"https:\/\/www.insel-moen.de\/fr\/","logo":{"@type":"ImageObject","inLanguage":"fr-FR","@id":"https:\/\/www.insel-moen.de\/fr\/#\/schema\/logo\/image\/","url":"https:\/\/www.insel-moen.de\/wp-content\/uploads\/2023\/08\/cropped-daenemark-logo-neu-klein.png","contentUrl":"https:\/\/www.insel-moen.de\/wp-content\/uploads\/2023\/08\/cropped-daenemark-logo-neu-klein.png","width":100,"height":101,"caption":"www.insel-moen.de"},"image":{"@id":"https:\/\/www.insel-moen.de\/fr\/#\/schema\/logo\/image\/"}}]}},"_links":{"self":[{"href":"https:\/\/www.insel-moen.de\/fr\/wp-json\/wp\/v2\/pages\/8148","targetHints":{"allow":["GET"]}}],"collection":[{"href":"https:\/\/www.insel-moen.de\/fr\/wp-json\/wp\/v2\/pages"}],"about":[{"href":"https:\/\/www.insel-moen.de\/fr\/wp-json\/wp\/v2\/types\/page"}],"author":[{"embeddable":true,"href":"https:\/\/www.insel-moen.de\/fr\/wp-json\/wp\/v2\/users\/3"}],"replies":[{"embeddable":true,"href":"https:\/\/www.insel-moen.de\/fr\/wp-json\/wp\/v2\/comments?post=8148"}],"version-history":[{"count":3,"href":"https:\/\/www.insel-moen.de\/fr\/wp-json\/wp\/v2\/pages\/8148\/revisions"}],"predecessor-version":[{"id":8221,"href":"https:\/\/www.insel-moen.de\/fr\/wp-json\/wp\/v2\/pages\/8148\/revisions\/8221"}],"wp:attachment":[{"href":"https:\/\/www.insel-moen.de\/fr\/wp-json\/wp\/v2\/media?parent=8148"}],"curies":[{"name":"wp","href":"https:\/\/api.w.org\/{rel}","templated":true}]}}