{"id":7874,"date":"2024-05-16T08:16:19","date_gmt":"2024-05-16T08:16:19","guid":{"rendered":"https:\/\/www.insel-moen.de\/camping-a-moen\/"},"modified":"2024-05-16T08:16:52","modified_gmt":"2024-05-16T08:16:52","slug":"camping-a-moen","status":"publish","type":"page","link":"https:\/\/www.insel-moen.de\/fr\/camping-a-moen\/","title":{"rendered":"Camping \u00e0 M\u00f6n"},"content":{"rendered":"\n<p class=\"has-drop-cap\">Le camping est l&#8217;un des modes de vacances les plus populaires. Ce mode \u00e9conomique et simple attire de nombreuses personnes dans les campings du monde entier.<\/p>\n\n<p>Ainsi, l&#8217;\u00eele danoise de M\u00f6n est \u00e9galement une destination riche en exp\u00e9riences pour tous les amateurs de camping. Cette \u00eele de seulement 218 km\u00b2, situ\u00e9e au milieu de la mer Baltique, se distingue par son choix d&#8217;excellents campings.<\/p>\n\n<h2 class=\"wp-block-heading\"><meta charset=\"utf-8\"\/>Camping Kreidefelsen M\u00f6n (Moens Klint)<\/h2>\n\n<p>L&#8217;un des plus beaux endroits pour s&#8217;arr\u00eater et se d\u00e9tendre est le Camping Kreidefelsen M\u00f6n, \u00e9galement appel\u00e9 Camping Klint ou en danois : <strong>\n  <a href=\"https:\/\/campmoensklint.dk\/\">M\u00f8ns Klint Camping<\/a>\n<\/strong>. Non loin de la principale attraction de l&#8217;\u00eele de M\u00f6n, M\u00f6ns Klint, 400 emplacements permettent de planter sa tente ou sa caravane. La particularit\u00e9 ici est la conception naturelle de la place et l&#8217;int\u00e9gration naturelle dans le paysage.<\/p>\n\n<div class=\"wp-block-buttons is-layout-flex wp-block-buttons-is-layout-flex\">\n<div class=\"wp-block-button\"><a class=\"wp-block-button__link wp-element-button\" href=\"https:\/\/www.awin1.com\/cread.php?awinmid=44063&amp;awinaffid=1312181&amp;ued=https%3A%2F%2Fwww.camping.info%2Fda%2Fcampinggrund%2Fcamping-mns-klint\" target=\"_blank\" rel=\"noreferrer noopener\">Infos &amp; demande de r\u00e9servation<\/a><\/div>\n<\/div>\n\n<figure class=\"wp-block-image size-large is-resized\"><a href=\"https:\/\/www.insel-moen.de\/wp-content\/uploads\/2021\/10\/camp-mons-klint-dark-sky_&#xA9;Daniel-Villadsen-scaled.jpg\"><img decoding=\"async\" src=\"https:\/\/www.insel-moen.de\/wp-content\/uploads\/2021\/10\/camp-mons-klint-dark-sky_&#xA9;Daniel-Villadsen-768x1024.jpg\" alt=\"\" class=\"wp-image-553\" style=\"width:1200px\"\/><\/a><figcaption class=\"wp-element-caption\">La nuit au camping de M\u00f8ns Klint, le long de la route cyclable N8.<\/figcaption><\/figure>\n<h2 class=\"wp-block-heading\">Camping Keldby<\/h2>\n\n<p class=\"has-drop-cap\">Alors que le camping Klint se trouve \u00e0 proximit\u00e9 de la plage, le <a href=\"http:\/\/www.keldbycampingmoen.dk\/zuhause\/\">camping Keldby<\/a>, situ\u00e9 \u00e0 15 km, se trouve au milieu de l&#8217;\u00eele de M\u00f6n.<br\/>Ce camping familial et canin est entour\u00e9 d&#8217;arbres, d&#8217;arbustes et de plantes vivaces. Outre les emplacements obligatoires pour vos propres tentes et caravanes, vous y trouverez des cabanes, des maisons d&#8217;\u00e9t\u00e9 et des caravanes de camping pour des vacances sans souci, \u00e9quip\u00e9es de tout le confort imaginable, comme un r\u00e9frig\u00e9rateur, une cuisini\u00e8re, parfois une t\u00e9l\u00e9vision, des oreillers et des couvertures.<br\/>Les familles avec de jeunes enfants sont \u00e9galement prises en compte. Ainsi, des lits d&#8217;enfant, des poussettes et des chaises hautes peuvent \u00eatre lou\u00e9s si n\u00e9cessaire.<\/p>\n\n<div class=\"wp-block-buttons is-layout-flex wp-block-buttons-is-layout-flex\">\n<div class=\"wp-block-button\"><a class=\"wp-block-button__link wp-element-button\" href=\"https:\/\/www.awin1.com\/cread.php?awinmid=44063&amp;awinaffid=1312181&amp;ued=https%3A%2F%2Fwww.camping.info%2Fda%2Fcampinggrund%2Fkeldby-camping-mn\" target=\"_blank\" rel=\"noreferrer noopener\">Infos &amp; demande de r\u00e9servation<\/a><\/div>\n<\/div>\n\n<h2 class=\"wp-block-heading\">Camping Ulvshale<\/h2>\n\n<p class=\"has-drop-cap\">Mais le camping Keldby n&#8217;est pas le seul \u00e0 privil\u00e9gier la famille et la d\u00e9tente. Au nord de l&#8217;\u00eele de Moen, le <a href=\"https:\/\/www.moenstrandcamping.dk\/de\/\">camping Ulvshale<\/a> est situ\u00e9 \u00e0 proximit\u00e9 de la plage sur la p\u00e9ninsule d&#8217;Ulvshale, et l\u00e0 encore, les familles y trouveront leur compte. La belle et vaste plage est id\u00e9ale pour les enfants, car l&#8217;eau peu profonde invite \u00e0 patauger et \u00e0 jouer. En revanche, les vacanciers qui aiment le sport sont \u00e9galement les bienvenus. En effet, la r\u00e9gion se pr\u00eate parfaitement \u00e0 la pratique de la planche \u00e0 voile et de la p\u00eache sportive.<br\/>Le site naturel se caract\u00e9rise par un paysage de for\u00eats, de marais et de landes. Il offre un petit nombre d&#8217;emplacements et, pour les vacanciers qui ne poss\u00e8dent pas de tente ou de camping-car, un choix de caravanes sur place.<\/p>\n\n<div class=\"wp-block-buttons is-layout-flex wp-block-buttons-is-layout-flex\">\n<div class=\"wp-block-button\"><a class=\"wp-block-button__link wp-element-button\" href=\"https:\/\/www.awin1.com\/cread.php?awinmid=44063&amp;awinaffid=1312181&amp;ued=https%3A%2F%2Fwww.camping.info%2Fda%2Fcampinggrund%2Fmn-strandcamping-ulvshale\" target=\"_blank\" rel=\"noreferrer noopener\">Infos &amp; demande de r\u00e9servation<\/a><\/div>\n<\/div>\n\n<h2 class=\"wp-block-heading\">Camping \u00e0 Stege<\/h2>\n\n<p>\u00c0 environ 7 km du camping Ulvshale se trouve la ville principale de l&#8217;\u00eele de M\u00f6n, Stege. Vous trouverez ici l&#8217;un des plus petits campings du Danemark. Au c\u0153ur de cette ville de pr\u00e8s de 4000 habitants, le terrain est \u00e9quip\u00e9 de 30 emplacements et de 3 cabanes. Il est int\u00e9ressant de noter la pr\u00e9sence d&#8217;un syst\u00e8me de d\u00e9fense m\u00e9di\u00e9val dans les environs imm\u00e9diats.<\/p>\n\n<p>Si Stege n&#8217;est pas assez calme, le camping Vestm\u00f6n vous comblera. En venant de Bog\u00f6, le site se trouve au d\u00e9but de l&#8217;\u00eele de M\u00f6n. L&#8217;un des plus beaux sites naturels du Danemark est situ\u00e9 au bord de l&#8217;eau et invite \u00e0 la d\u00e9tente et au repos. Avec 70 emplacements, le camping Vestm\u00f6n fait partie des plus petits campings, ce qui lui conf\u00e8re un caract\u00e8re familial.<\/p>\n\n<h2 class=\"wp-block-heading\">Camping Moenbroen<\/h2>\n\n<p>Un camping tout aussi grand, avec une vue fantastique sur l&#8217;Ulsund, est le camping <a href=\"http:\/\/www.moenbroen.dk\">M\u00f6nbroen<\/a>. Les kayakistes appr\u00e9cient tout particuli\u00e8rement l&#8217;excellente situation du site et s&#8217;enthousiasment pour ce point de d\u00e9part id\u00e9al pour des excursions en kayak de diff\u00e9rents niveaux de difficult\u00e9.<\/p>\n\n<p>Pour tous les amateurs de camping, l&#8217;\u00eele de M\u00f6n est un endroit id\u00e9al pour se ressourcer.<\/p>\n\n<p>Les campings sont ouverts d&#8217;avril jusqu&#8217;au d\u00e9but de l&#8217;automne et vous invitent \u00e0 passer des vacances int\u00e9ressantes dans un cadre naturel unique.<\/p>\n\n<div class=\"wp-block-buttons is-layout-flex wp-block-buttons-is-layout-flex\">\n<div class=\"wp-block-button\"><a class=\"wp-block-button__link wp-element-button\" href=\"https:\/\/www.awin1.com\/cread.php?awinmid=44063&amp;awinaffid=1312181&amp;ued=https%3A%2F%2Fwww.camping.info%2Fda%2Fcampinggrund%2Fcamping-mnbroen\" target=\"_blank\" rel=\"noreferrer noopener\">Infos &amp; demande de r\u00e9servation<\/a><\/div>\n<\/div>\n\n<figure class=\"wp-block-image size-full\"><a href=\"https:\/\/www.insel-moen.de\/wp-content\/uploads\/2021\/09\/karte-camping-auf-der-insel-moen.png\"><img loading=\"lazy\" decoding=\"async\" width=\"640\" height=\"613\" src=\"https:\/\/www.insel-moen.de\/wp-content\/uploads\/2021\/09\/karte-camping-auf-der-insel-moen.png\" alt=\"\" class=\"wp-image-451\" srcset=\"https:\/\/www.insel-moen.de\/wp-content\/uploads\/2021\/09\/karte-camping-auf-der-insel-moen.png 640w, https:\/\/www.insel-moen.de\/wp-content\/uploads\/2021\/09\/karte-camping-auf-der-insel-moen-300x287.png 300w\" sizes=\"auto, (max-width: 640px) 100vw, 640px\" \/><\/a><figcaption class=\"wp-element-caption\">Carte Campings sur l&#8217;\u00eele de M\u00f6n<\/figcaption><\/figure>\n<p>Photo : \u00a9 Daniel Villadsen<\/p>\n","protected":false},"excerpt":{"rendered":"<p>Le camping est l&#8217;un des modes de vacances les plus populaires. Ce mode \u00e9conomique et simple attire de nombreuses personnes dans les campings du monde entier. Ainsi, l&#8217;\u00eele danoise de M\u00f6n est \u00e9galement une destination riche en exp\u00e9riences pour tous les amateurs de camping. Cette \u00eele de seulement 218 km\u00b2, situ\u00e9e au milieu de la [&hellip;]<\/p>\n","protected":false},"author":3,"featured_media":7881,"parent":0,"menu_order":0,"comment_status":"closed","ping_status":"closed","template":"templates\/template-full-width.php","meta":{"footnotes":""},"class_list":["post-7874","page","type-page","status-publish","has-post-thumbnail","hentry"],"yoast_head":"<!-- This site is optimized with the Yoast SEO plugin v24.5 - https:\/\/yoast.com\/wordpress\/plugins\/seo\/ -->\n<title>Camping \u00e0 M\u00f6n - Insel M\u00f6n<\/title>\n<meta name=\"description\" content=\"D\u00e9couvrez des campings idylliques sur M\u00f6n pour des vacances en plein air parfaites au Danemark. Profitez de la nature, du calme et de l&#039;aventure sur l&#039;\u00eele des falaises de craie. Id\u00e9al pour les familles, les randonneurs et les amoureux de la nature.\" \/>\n<meta name=\"robots\" content=\"index, follow, max-snippet:-1, max-image-preview:large, max-video-preview:-1\" \/>\n<link rel=\"canonical\" href=\"https:\/\/www.insel-moen.de\/fr\/camping-a-moen\/\" \/>\n<meta property=\"og:locale\" content=\"fr_FR\" \/>\n<meta property=\"og:type\" content=\"article\" \/>\n<meta property=\"og:title\" content=\"Camping \u00e0 M\u00f6n - Insel M\u00f6n\" \/>\n<meta property=\"og:description\" content=\"D\u00e9couvrez des campings idylliques sur M\u00f6n pour des vacances en plein air parfaites au Danemark. Profitez de la nature, du calme et de l&#039;aventure sur l&#039;\u00eele des falaises de craie. Id\u00e9al pour les familles, les randonneurs et les amoureux de la nature.\" \/>\n<meta property=\"og:url\" content=\"https:\/\/www.insel-moen.de\/fr\/camping-a-moen\/\" \/>\n<meta property=\"og:site_name\" content=\"Insel M\u00f6n\" \/>\n<meta property=\"article:modified_time\" content=\"2024-05-16T08:16:52+00:00\" \/>\n<meta property=\"og:image\" content=\"https:\/\/www.insel-moen.de\/wp-content\/uploads\/2021\/09\/camp-moens-klint-1_\u00a9Daniel-Villadsen-scaled.jpg\" \/>\n\t<meta property=\"og:image:width\" content=\"2560\" \/>\n\t<meta property=\"og:image:height\" content=\"1920\" \/>\n\t<meta property=\"og:image:type\" content=\"image\/jpeg\" \/>\n<meta name=\"twitter:card\" content=\"summary_large_image\" \/>\n<meta name=\"twitter:label1\" content=\"Dur\u00e9e de lecture estim\u00e9e\" \/>\n\t<meta name=\"twitter:data1\" content=\"3 minutes\" \/>\n<script type=\"application\/ld+json\" class=\"yoast-schema-graph\">{\"@context\":\"https:\/\/schema.org\",\"@graph\":[{\"@type\":\"WebPage\",\"@id\":\"https:\/\/www.insel-moen.de\/fr\/camping-a-moen\/\",\"url\":\"https:\/\/www.insel-moen.de\/fr\/camping-a-moen\/\",\"name\":\"Camping \u00e0 M\u00f6n - Insel M\u00f6n\",\"isPartOf\":{\"@id\":\"https:\/\/www.insel-moen.de\/fr\/#website\"},\"primaryImageOfPage\":{\"@id\":\"https:\/\/www.insel-moen.de\/fr\/camping-a-moen\/#primaryimage\"},\"image\":{\"@id\":\"https:\/\/www.insel-moen.de\/fr\/camping-a-moen\/#primaryimage\"},\"thumbnailUrl\":\"https:\/\/www.insel-moen.de\/wp-content\/uploads\/2021\/09\/camp-moens-klint-1_\u00a9Daniel-Villadsen-scaled.jpg\",\"datePublished\":\"2024-05-16T08:16:19+00:00\",\"dateModified\":\"2024-05-16T08:16:52+00:00\",\"description\":\"D\u00e9couvrez des campings idylliques sur M\u00f6n pour des vacances en plein air parfaites au Danemark. Profitez de la nature, du calme et de l'aventure sur l'\u00eele des falaises de craie. Id\u00e9al pour les familles, les randonneurs et les amoureux de la nature.\",\"breadcrumb\":{\"@id\":\"https:\/\/www.insel-moen.de\/fr\/camping-a-moen\/#breadcrumb\"},\"inLanguage\":\"fr-FR\",\"potentialAction\":[{\"@type\":\"ReadAction\",\"target\":[\"https:\/\/www.insel-moen.de\/fr\/camping-a-moen\/\"]}]},{\"@type\":\"ImageObject\",\"inLanguage\":\"fr-FR\",\"@id\":\"https:\/\/www.insel-moen.de\/fr\/camping-a-moen\/#primaryimage\",\"url\":\"https:\/\/www.insel-moen.de\/wp-content\/uploads\/2021\/09\/camp-moens-klint-1_\u00a9Daniel-Villadsen-scaled.jpg\",\"contentUrl\":\"https:\/\/www.insel-moen.de\/wp-content\/uploads\/2021\/09\/camp-moens-klint-1_\u00a9Daniel-Villadsen-scaled.jpg\",\"width\":2560,\"height\":1920},{\"@type\":\"BreadcrumbList\",\"@id\":\"https:\/\/www.insel-moen.de\/fr\/camping-a-moen\/#breadcrumb\",\"itemListElement\":[{\"@type\":\"ListItem\",\"position\":1,\"name\":\"Startseite\",\"item\":\"https:\/\/www.insel-moen.de\/fr\/bienvenue-sur-lile-de-moen\/\"},{\"@type\":\"ListItem\",\"position\":2,\"name\":\"Camping \u00e0 M\u00f6n\"}]},{\"@type\":\"WebSite\",\"@id\":\"https:\/\/www.insel-moen.de\/fr\/#website\",\"url\":\"https:\/\/www.insel-moen.de\/fr\/\",\"name\":\"Insel M\u00f6n\",\"description\":\"INSEL M\u00d6N - Urlaub in der D\u00e4nischen S\u00fcdsee\",\"publisher\":{\"@id\":\"https:\/\/www.insel-moen.de\/fr\/#organization\"},\"potentialAction\":[{\"@type\":\"SearchAction\",\"target\":{\"@type\":\"EntryPoint\",\"urlTemplate\":\"https:\/\/www.insel-moen.de\/fr\/?s={search_term_string}\"},\"query-input\":{\"@type\":\"PropertyValueSpecification\",\"valueRequired\":true,\"valueName\":\"search_term_string\"}}],\"inLanguage\":\"fr-FR\"},{\"@type\":\"Organization\",\"@id\":\"https:\/\/www.insel-moen.de\/fr\/#organization\",\"name\":\"www.insel-moen.de\",\"url\":\"https:\/\/www.insel-moen.de\/fr\/\",\"logo\":{\"@type\":\"ImageObject\",\"inLanguage\":\"fr-FR\",\"@id\":\"https:\/\/www.insel-moen.de\/fr\/#\/schema\/logo\/image\/\",\"url\":\"https:\/\/www.insel-moen.de\/wp-content\/uploads\/2023\/08\/cropped-daenemark-logo-neu-klein.png\",\"contentUrl\":\"https:\/\/www.insel-moen.de\/wp-content\/uploads\/2023\/08\/cropped-daenemark-logo-neu-klein.png\",\"width\":100,\"height\":101,\"caption\":\"www.insel-moen.de\"},\"image\":{\"@id\":\"https:\/\/www.insel-moen.de\/fr\/#\/schema\/logo\/image\/\"}}]}<\/script>\n<!-- \/ Yoast SEO plugin. -->","yoast_head_json":{"title":"Camping \u00e0 M\u00f6n - Insel M\u00f6n","description":"D\u00e9couvrez des campings idylliques sur M\u00f6n pour des vacances en plein air parfaites au Danemark. Profitez de la nature, du calme et de l'aventure sur l'\u00eele des falaises de craie. Id\u00e9al pour les familles, les randonneurs et les amoureux de la nature.","robots":{"index":"index","follow":"follow","max-snippet":"max-snippet:-1","max-image-preview":"max-image-preview:large","max-video-preview":"max-video-preview:-1"},"canonical":"https:\/\/www.insel-moen.de\/fr\/camping-a-moen\/","og_locale":"fr_FR","og_type":"article","og_title":"Camping \u00e0 M\u00f6n - Insel M\u00f6n","og_description":"D\u00e9couvrez des campings idylliques sur M\u00f6n pour des vacances en plein air parfaites au Danemark. Profitez de la nature, du calme et de l'aventure sur l'\u00eele des falaises de craie. Id\u00e9al pour les familles, les randonneurs et les amoureux de la nature.","og_url":"https:\/\/www.insel-moen.de\/fr\/camping-a-moen\/","og_site_name":"Insel M\u00f6n","article_modified_time":"2024-05-16T08:16:52+00:00","og_image":[{"width":2560,"height":1920,"url":"https:\/\/www.insel-moen.de\/wp-content\/uploads\/2021\/09\/camp-moens-klint-1_\u00a9Daniel-Villadsen-scaled.jpg","type":"image\/jpeg"}],"twitter_card":"summary_large_image","twitter_misc":{"Dur\u00e9e de lecture estim\u00e9e":"3 minutes"},"schema":{"@context":"https:\/\/schema.org","@graph":[{"@type":"WebPage","@id":"https:\/\/www.insel-moen.de\/fr\/camping-a-moen\/","url":"https:\/\/www.insel-moen.de\/fr\/camping-a-moen\/","name":"Camping \u00e0 M\u00f6n - Insel M\u00f6n","isPartOf":{"@id":"https:\/\/www.insel-moen.de\/fr\/#website"},"primaryImageOfPage":{"@id":"https:\/\/www.insel-moen.de\/fr\/camping-a-moen\/#primaryimage"},"image":{"@id":"https:\/\/www.insel-moen.de\/fr\/camping-a-moen\/#primaryimage"},"thumbnailUrl":"https:\/\/www.insel-moen.de\/wp-content\/uploads\/2021\/09\/camp-moens-klint-1_\u00a9Daniel-Villadsen-scaled.jpg","datePublished":"2024-05-16T08:16:19+00:00","dateModified":"2024-05-16T08:16:52+00:00","description":"D\u00e9couvrez des campings idylliques sur M\u00f6n pour des vacances en plein air parfaites au Danemark. Profitez de la nature, du calme et de l'aventure sur l'\u00eele des falaises de craie. Id\u00e9al pour les familles, les randonneurs et les amoureux de la nature.","breadcrumb":{"@id":"https:\/\/www.insel-moen.de\/fr\/camping-a-moen\/#breadcrumb"},"inLanguage":"fr-FR","potentialAction":[{"@type":"ReadAction","target":["https:\/\/www.insel-moen.de\/fr\/camping-a-moen\/"]}]},{"@type":"ImageObject","inLanguage":"fr-FR","@id":"https:\/\/www.insel-moen.de\/fr\/camping-a-moen\/#primaryimage","url":"https:\/\/www.insel-moen.de\/wp-content\/uploads\/2021\/09\/camp-moens-klint-1_\u00a9Daniel-Villadsen-scaled.jpg","contentUrl":"https:\/\/www.insel-moen.de\/wp-content\/uploads\/2021\/09\/camp-moens-klint-1_\u00a9Daniel-Villadsen-scaled.jpg","width":2560,"height":1920},{"@type":"BreadcrumbList","@id":"https:\/\/www.insel-moen.de\/fr\/camping-a-moen\/#breadcrumb","itemListElement":[{"@type":"ListItem","position":1,"name":"Startseite","item":"https:\/\/www.insel-moen.de\/fr\/bienvenue-sur-lile-de-moen\/"},{"@type":"ListItem","position":2,"name":"Camping \u00e0 M\u00f6n"}]},{"@type":"WebSite","@id":"https:\/\/www.insel-moen.de\/fr\/#website","url":"https:\/\/www.insel-moen.de\/fr\/","name":"Insel M\u00f6n","description":"INSEL M\u00d6N - Urlaub in der D\u00e4nischen S\u00fcdsee","publisher":{"@id":"https:\/\/www.insel-moen.de\/fr\/#organization"},"potentialAction":[{"@type":"SearchAction","target":{"@type":"EntryPoint","urlTemplate":"https:\/\/www.insel-moen.de\/fr\/?s={search_term_string}"},"query-input":{"@type":"PropertyValueSpecification","valueRequired":true,"valueName":"search_term_string"}}],"inLanguage":"fr-FR"},{"@type":"Organization","@id":"https:\/\/www.insel-moen.de\/fr\/#organization","name":"www.insel-moen.de","url":"https:\/\/www.insel-moen.de\/fr\/","logo":{"@type":"ImageObject","inLanguage":"fr-FR","@id":"https:\/\/www.insel-moen.de\/fr\/#\/schema\/logo\/image\/","url":"https:\/\/www.insel-moen.de\/wp-content\/uploads\/2023\/08\/cropped-daenemark-logo-neu-klein.png","contentUrl":"https:\/\/www.insel-moen.de\/wp-content\/uploads\/2023\/08\/cropped-daenemark-logo-neu-klein.png","width":100,"height":101,"caption":"www.insel-moen.de"},"image":{"@id":"https:\/\/www.insel-moen.de\/fr\/#\/schema\/logo\/image\/"}}]}},"_links":{"self":[{"href":"https:\/\/www.insel-moen.de\/fr\/wp-json\/wp\/v2\/pages\/7874","targetHints":{"allow":["GET"]}}],"collection":[{"href":"https:\/\/www.insel-moen.de\/fr\/wp-json\/wp\/v2\/pages"}],"about":[{"href":"https:\/\/www.insel-moen.de\/fr\/wp-json\/wp\/v2\/types\/page"}],"author":[{"embeddable":true,"href":"https:\/\/www.insel-moen.de\/fr\/wp-json\/wp\/v2\/users\/3"}],"replies":[{"embeddable":true,"href":"https:\/\/www.insel-moen.de\/fr\/wp-json\/wp\/v2\/comments?post=7874"}],"version-history":[{"count":3,"href":"https:\/\/www.insel-moen.de\/fr\/wp-json\/wp\/v2\/pages\/7874\/revisions"}],"predecessor-version":[{"id":8200,"href":"https:\/\/www.insel-moen.de\/fr\/wp-json\/wp\/v2\/pages\/7874\/revisions\/8200"}],"wp:featuredmedia":[{"embeddable":true,"href":"https:\/\/www.insel-moen.de\/fr\/wp-json\/wp\/v2\/media\/7881"}],"wp:attachment":[{"href":"https:\/\/www.insel-moen.de\/fr\/wp-json\/wp\/v2\/media?parent=7874"}],"curies":[{"name":"wp","href":"https:\/\/api.w.org\/{rel}","templated":true}]}}