{"id":7873,"date":"2024-05-16T08:16:19","date_gmt":"2024-05-16T08:16:19","guid":{"rendered":"https:\/\/www.insel-moen.de\/bakkelund-bed-breakfast\/"},"modified":"2024-05-16T08:17:49","modified_gmt":"2024-05-16T08:17:49","slug":"bakkelund-bed-breakfast","status":"publish","type":"page","link":"https:\/\/www.insel-moen.de\/fr\/chambres-dhotes-ile-de-moen\/bakkelund-bed-breakfast\/","title":{"rendered":"Bakkelund Bed &amp; Breakfast"},"content":{"rendered":"\n<p>Bakkelund Bed &amp; Breakfast est situ\u00e9 sur l&#8217;\u00eele de Moen au Danemark. Situ\u00e9e dans la mer Baltique, l&#8217;\u00eele est une destination touristique tr\u00e8s pris\u00e9e. Ce Bed &amp; Breakfast est situ\u00e9 dans un cadre pittoresque, entour\u00e9 de for\u00eats et de champs. C&#8217;est l&#8217;endroit id\u00e9al pour se d\u00e9tendre et profiter de la beaut\u00e9 naturelle de l&#8217;\u00eele.<\/p>\n\n<p>Le Bakkelund Bed &amp; Breakfast offre une vari\u00e9t\u00e9 d&#8217;options d&#8217;h\u00e9bergement pour tous les budgets. Un certain nombre de chambres sont disponibles, toutes d\u00e9cor\u00e9es dans un style danois traditionnel. Les chambres sont spacieuses et confortables et chacune dispose d&#8217;une salle de bain priv\u00e9e.<\/p>\n\n<p>Le petit d\u00e9jeuner du Bakkelund Bed &amp; Breakfast est in\u00e9gal\u00e9. Le petit d\u00e9jeuner buffet offre une grande vari\u00e9t\u00e9 de plats d\u00e9licieux, y compris du pain fra\u00eechement cuit, des p\u00e2tisseries, des fruits et des jus de fruits. Il y a \u00e9galement un choix de plats chauds et froids.<\/p>\n\n<p>Si vous cherchez un bed &amp; breakfast sur l&#8217;\u00eele de Moen au Danemark, Bakkelund Bed &amp; Breakfast est le choix parfait. L&#8217;h\u00e9bergement est de haut niveau et le petit-d\u00e9jeuner est excellent. Avec son cadre idyllique et son emplacement pratique, Bakkelund Bed &amp; Breakfast est l&#8217;endroit id\u00e9al pour votre prochain s\u00e9jour au Danemark.<\/p>\n\n<div class=\"wp-block-buttons is-layout-flex wp-block-buttons-is-layout-flex\">\n<div class=\"wp-block-button\"><a class=\"wp-block-button__link\" href=\"https:\/\/www.booking.com\/hotel\/dk\/bakkelund-bed-breakfast.de.html?aid=356316&amp;label=inselmoen\" target=\"_blank\" rel=\"noreferrer noopener\">R\u00e9server Bakkelund B&amp;B sur Booking.com<\/a><\/div>\n<\/div>\n","protected":false},"excerpt":{"rendered":"<p>Bakkelund Bed &amp; Breakfast est situ\u00e9 sur l&#8217;\u00eele de Moen au Danemark. Situ\u00e9e dans la mer Baltique, l&#8217;\u00eele est une destination touristique tr\u00e8s pris\u00e9e. Ce Bed &amp; Breakfast est situ\u00e9 dans un cadre pittoresque, entour\u00e9 de for\u00eats et de champs. C&#8217;est l&#8217;endroit id\u00e9al pour se d\u00e9tendre et profiter de la beaut\u00e9 naturelle de l&#8217;\u00eele. Le [&hellip;]<\/p>\n","protected":false},"author":3,"featured_media":7886,"parent":8407,"menu_order":0,"comment_status":"closed","ping_status":"closed","template":"","meta":{"footnotes":""},"class_list":["post-7873","page","type-page","status-publish","has-post-thumbnail","hentry"],"yoast_head":"<!-- This site is optimized with the Yoast SEO plugin v24.5 - https:\/\/yoast.com\/wordpress\/plugins\/seo\/ -->\n<title>Bakkelund Bed &amp; Breakfast - Insel M\u00f6n<\/title>\n<meta name=\"robots\" content=\"index, follow, max-snippet:-1, max-image-preview:large, max-video-preview:-1\" \/>\n<link rel=\"canonical\" href=\"https:\/\/www.insel-moen.de\/fr\/chambres-dhotes-ile-de-moen\/bakkelund-bed-breakfast\/\" \/>\n<meta property=\"og:locale\" content=\"fr_FR\" \/>\n<meta property=\"og:type\" content=\"article\" \/>\n<meta property=\"og:title\" content=\"Bakkelund Bed &amp; Breakfast - Insel M\u00f6n\" \/>\n<meta property=\"og:description\" content=\"Bakkelund Bed &amp; Breakfast est situ\u00e9 sur l&#8217;\u00eele de Moen au Danemark. Situ\u00e9e dans la mer Baltique, l&#8217;\u00eele est une destination touristique tr\u00e8s pris\u00e9e. Ce Bed &amp; Breakfast est situ\u00e9 dans un cadre pittoresque, entour\u00e9 de for\u00eats et de champs. C&#8217;est l&#8217;endroit id\u00e9al pour se d\u00e9tendre et profiter de la beaut\u00e9 naturelle de l&#8217;\u00eele. Le [&hellip;]\" \/>\n<meta property=\"og:url\" content=\"https:\/\/www.insel-moen.de\/fr\/chambres-dhotes-ile-de-moen\/bakkelund-bed-breakfast\/\" \/>\n<meta property=\"og:site_name\" content=\"Insel M\u00f6n\" \/>\n<meta property=\"article:modified_time\" content=\"2024-05-16T08:17:49+00:00\" \/>\n<meta property=\"og:image\" content=\"https:\/\/www.insel-moen.de\/wp-content\/uploads\/2022\/08\/bakkelund-Bed-Breakfast-moen.jpg\" \/>\n\t<meta property=\"og:image:width\" content=\"1200\" \/>\n\t<meta property=\"og:image:height\" content=\"900\" \/>\n\t<meta property=\"og:image:type\" content=\"image\/jpeg\" \/>\n<meta name=\"twitter:card\" content=\"summary_large_image\" \/>\n<meta name=\"twitter:label1\" content=\"Dur\u00e9e de lecture estim\u00e9e\" \/>\n\t<meta name=\"twitter:data1\" content=\"1 minute\" \/>\n<script type=\"application\/ld+json\" class=\"yoast-schema-graph\">{\"@context\":\"https:\/\/schema.org\",\"@graph\":[{\"@type\":\"WebPage\",\"@id\":\"https:\/\/www.insel-moen.de\/fr\/chambres-dhotes-ile-de-moen\/bakkelund-bed-breakfast\/\",\"url\":\"https:\/\/www.insel-moen.de\/fr\/chambres-dhotes-ile-de-moen\/bakkelund-bed-breakfast\/\",\"name\":\"Bakkelund Bed &amp; Breakfast - Insel M\u00f6n\",\"isPartOf\":{\"@id\":\"https:\/\/www.insel-moen.de\/fr\/#website\"},\"primaryImageOfPage\":{\"@id\":\"https:\/\/www.insel-moen.de\/fr\/chambres-dhotes-ile-de-moen\/bakkelund-bed-breakfast\/#primaryimage\"},\"image\":{\"@id\":\"https:\/\/www.insel-moen.de\/fr\/chambres-dhotes-ile-de-moen\/bakkelund-bed-breakfast\/#primaryimage\"},\"thumbnailUrl\":\"https:\/\/www.insel-moen.de\/wp-content\/uploads\/2022\/08\/bakkelund-Bed-Breakfast-moen.jpg\",\"datePublished\":\"2024-05-16T08:16:19+00:00\",\"dateModified\":\"2024-05-16T08:17:49+00:00\",\"breadcrumb\":{\"@id\":\"https:\/\/www.insel-moen.de\/fr\/chambres-dhotes-ile-de-moen\/bakkelund-bed-breakfast\/#breadcrumb\"},\"inLanguage\":\"fr-FR\",\"potentialAction\":[{\"@type\":\"ReadAction\",\"target\":[\"https:\/\/www.insel-moen.de\/fr\/chambres-dhotes-ile-de-moen\/bakkelund-bed-breakfast\/\"]}]},{\"@type\":\"ImageObject\",\"inLanguage\":\"fr-FR\",\"@id\":\"https:\/\/www.insel-moen.de\/fr\/chambres-dhotes-ile-de-moen\/bakkelund-bed-breakfast\/#primaryimage\",\"url\":\"https:\/\/www.insel-moen.de\/wp-content\/uploads\/2022\/08\/bakkelund-Bed-Breakfast-moen.jpg\",\"contentUrl\":\"https:\/\/www.insel-moen.de\/wp-content\/uploads\/2022\/08\/bakkelund-Bed-Breakfast-moen.jpg\",\"width\":1200,\"height\":900},{\"@type\":\"BreadcrumbList\",\"@id\":\"https:\/\/www.insel-moen.de\/fr\/chambres-dhotes-ile-de-moen\/bakkelund-bed-breakfast\/#breadcrumb\",\"itemListElement\":[{\"@type\":\"ListItem\",\"position\":1,\"name\":\"Startseite\",\"item\":\"https:\/\/www.insel-moen.de\/fr\/bienvenue-sur-lile-de-moen\/\"},{\"@type\":\"ListItem\",\"position\":2,\"name\":\"Chambres d&#8217;h\u00f4tes \u00cele de M\u00f6n\",\"item\":\"https:\/\/www.insel-moen.de\/fr\/chambres-dhotes-ile-de-moen\/\"},{\"@type\":\"ListItem\",\"position\":3,\"name\":\"Bakkelund Bed &amp; Breakfast\"}]},{\"@type\":\"WebSite\",\"@id\":\"https:\/\/www.insel-moen.de\/fr\/#website\",\"url\":\"https:\/\/www.insel-moen.de\/fr\/\",\"name\":\"Insel M\u00f6n\",\"description\":\"INSEL M\u00d6N - Urlaub in der D\u00e4nischen S\u00fcdsee\",\"publisher\":{\"@id\":\"https:\/\/www.insel-moen.de\/fr\/#organization\"},\"potentialAction\":[{\"@type\":\"SearchAction\",\"target\":{\"@type\":\"EntryPoint\",\"urlTemplate\":\"https:\/\/www.insel-moen.de\/fr\/?s={search_term_string}\"},\"query-input\":{\"@type\":\"PropertyValueSpecification\",\"valueRequired\":true,\"valueName\":\"search_term_string\"}}],\"inLanguage\":\"fr-FR\"},{\"@type\":\"Organization\",\"@id\":\"https:\/\/www.insel-moen.de\/fr\/#organization\",\"name\":\"www.insel-moen.de\",\"url\":\"https:\/\/www.insel-moen.de\/fr\/\",\"logo\":{\"@type\":\"ImageObject\",\"inLanguage\":\"fr-FR\",\"@id\":\"https:\/\/www.insel-moen.de\/fr\/#\/schema\/logo\/image\/\",\"url\":\"https:\/\/www.insel-moen.de\/wp-content\/uploads\/2023\/08\/cropped-daenemark-logo-neu-klein.png\",\"contentUrl\":\"https:\/\/www.insel-moen.de\/wp-content\/uploads\/2023\/08\/cropped-daenemark-logo-neu-klein.png\",\"width\":100,\"height\":101,\"caption\":\"www.insel-moen.de\"},\"image\":{\"@id\":\"https:\/\/www.insel-moen.de\/fr\/#\/schema\/logo\/image\/\"}}]}<\/script>\n<!-- \/ Yoast SEO plugin. -->","yoast_head_json":{"title":"Bakkelund Bed &amp; Breakfast - Insel M\u00f6n","robots":{"index":"index","follow":"follow","max-snippet":"max-snippet:-1","max-image-preview":"max-image-preview:large","max-video-preview":"max-video-preview:-1"},"canonical":"https:\/\/www.insel-moen.de\/fr\/chambres-dhotes-ile-de-moen\/bakkelund-bed-breakfast\/","og_locale":"fr_FR","og_type":"article","og_title":"Bakkelund Bed &amp; Breakfast - Insel M\u00f6n","og_description":"Bakkelund Bed &amp; Breakfast est situ\u00e9 sur l&#8217;\u00eele de Moen au Danemark. Situ\u00e9e dans la mer Baltique, l&#8217;\u00eele est une destination touristique tr\u00e8s pris\u00e9e. Ce Bed &amp; Breakfast est situ\u00e9 dans un cadre pittoresque, entour\u00e9 de for\u00eats et de champs. C&#8217;est l&#8217;endroit id\u00e9al pour se d\u00e9tendre et profiter de la beaut\u00e9 naturelle de l&#8217;\u00eele. Le [&hellip;]","og_url":"https:\/\/www.insel-moen.de\/fr\/chambres-dhotes-ile-de-moen\/bakkelund-bed-breakfast\/","og_site_name":"Insel M\u00f6n","article_modified_time":"2024-05-16T08:17:49+00:00","og_image":[{"width":1200,"height":900,"url":"https:\/\/www.insel-moen.de\/wp-content\/uploads\/2022\/08\/bakkelund-Bed-Breakfast-moen.jpg","type":"image\/jpeg"}],"twitter_card":"summary_large_image","twitter_misc":{"Dur\u00e9e de lecture estim\u00e9e":"1 minute"},"schema":{"@context":"https:\/\/schema.org","@graph":[{"@type":"WebPage","@id":"https:\/\/www.insel-moen.de\/fr\/chambres-dhotes-ile-de-moen\/bakkelund-bed-breakfast\/","url":"https:\/\/www.insel-moen.de\/fr\/chambres-dhotes-ile-de-moen\/bakkelund-bed-breakfast\/","name":"Bakkelund Bed &amp; Breakfast - Insel M\u00f6n","isPartOf":{"@id":"https:\/\/www.insel-moen.de\/fr\/#website"},"primaryImageOfPage":{"@id":"https:\/\/www.insel-moen.de\/fr\/chambres-dhotes-ile-de-moen\/bakkelund-bed-breakfast\/#primaryimage"},"image":{"@id":"https:\/\/www.insel-moen.de\/fr\/chambres-dhotes-ile-de-moen\/bakkelund-bed-breakfast\/#primaryimage"},"thumbnailUrl":"https:\/\/www.insel-moen.de\/wp-content\/uploads\/2022\/08\/bakkelund-Bed-Breakfast-moen.jpg","datePublished":"2024-05-16T08:16:19+00:00","dateModified":"2024-05-16T08:17:49+00:00","breadcrumb":{"@id":"https:\/\/www.insel-moen.de\/fr\/chambres-dhotes-ile-de-moen\/bakkelund-bed-breakfast\/#breadcrumb"},"inLanguage":"fr-FR","potentialAction":[{"@type":"ReadAction","target":["https:\/\/www.insel-moen.de\/fr\/chambres-dhotes-ile-de-moen\/bakkelund-bed-breakfast\/"]}]},{"@type":"ImageObject","inLanguage":"fr-FR","@id":"https:\/\/www.insel-moen.de\/fr\/chambres-dhotes-ile-de-moen\/bakkelund-bed-breakfast\/#primaryimage","url":"https:\/\/www.insel-moen.de\/wp-content\/uploads\/2022\/08\/bakkelund-Bed-Breakfast-moen.jpg","contentUrl":"https:\/\/www.insel-moen.de\/wp-content\/uploads\/2022\/08\/bakkelund-Bed-Breakfast-moen.jpg","width":1200,"height":900},{"@type":"BreadcrumbList","@id":"https:\/\/www.insel-moen.de\/fr\/chambres-dhotes-ile-de-moen\/bakkelund-bed-breakfast\/#breadcrumb","itemListElement":[{"@type":"ListItem","position":1,"name":"Startseite","item":"https:\/\/www.insel-moen.de\/fr\/bienvenue-sur-lile-de-moen\/"},{"@type":"ListItem","position":2,"name":"Chambres d&#8217;h\u00f4tes \u00cele de M\u00f6n","item":"https:\/\/www.insel-moen.de\/fr\/chambres-dhotes-ile-de-moen\/"},{"@type":"ListItem","position":3,"name":"Bakkelund Bed &amp; Breakfast"}]},{"@type":"WebSite","@id":"https:\/\/www.insel-moen.de\/fr\/#website","url":"https:\/\/www.insel-moen.de\/fr\/","name":"Insel M\u00f6n","description":"INSEL M\u00d6N - Urlaub in der D\u00e4nischen S\u00fcdsee","publisher":{"@id":"https:\/\/www.insel-moen.de\/fr\/#organization"},"potentialAction":[{"@type":"SearchAction","target":{"@type":"EntryPoint","urlTemplate":"https:\/\/www.insel-moen.de\/fr\/?s={search_term_string}"},"query-input":{"@type":"PropertyValueSpecification","valueRequired":true,"valueName":"search_term_string"}}],"inLanguage":"fr-FR"},{"@type":"Organization","@id":"https:\/\/www.insel-moen.de\/fr\/#organization","name":"www.insel-moen.de","url":"https:\/\/www.insel-moen.de\/fr\/","logo":{"@type":"ImageObject","inLanguage":"fr-FR","@id":"https:\/\/www.insel-moen.de\/fr\/#\/schema\/logo\/image\/","url":"https:\/\/www.insel-moen.de\/wp-content\/uploads\/2023\/08\/cropped-daenemark-logo-neu-klein.png","contentUrl":"https:\/\/www.insel-moen.de\/wp-content\/uploads\/2023\/08\/cropped-daenemark-logo-neu-klein.png","width":100,"height":101,"caption":"www.insel-moen.de"},"image":{"@id":"https:\/\/www.insel-moen.de\/fr\/#\/schema\/logo\/image\/"}}]}},"_links":{"self":[{"href":"https:\/\/www.insel-moen.de\/fr\/wp-json\/wp\/v2\/pages\/7873","targetHints":{"allow":["GET"]}}],"collection":[{"href":"https:\/\/www.insel-moen.de\/fr\/wp-json\/wp\/v2\/pages"}],"about":[{"href":"https:\/\/www.insel-moen.de\/fr\/wp-json\/wp\/v2\/types\/page"}],"author":[{"embeddable":true,"href":"https:\/\/www.insel-moen.de\/fr\/wp-json\/wp\/v2\/users\/3"}],"replies":[{"embeddable":true,"href":"https:\/\/www.insel-moen.de\/fr\/wp-json\/wp\/v2\/comments?post=7873"}],"version-history":[{"count":3,"href":"https:\/\/www.insel-moen.de\/fr\/wp-json\/wp\/v2\/pages\/7873\/revisions"}],"predecessor-version":[{"id":8202,"href":"https:\/\/www.insel-moen.de\/fr\/wp-json\/wp\/v2\/pages\/7873\/revisions\/8202"}],"up":[{"embeddable":true,"href":"https:\/\/www.insel-moen.de\/fr\/wp-json\/wp\/v2\/pages\/8407"}],"wp:featuredmedia":[{"embeddable":true,"href":"https:\/\/www.insel-moen.de\/fr\/wp-json\/wp\/v2\/media\/7886"}],"wp:attachment":[{"href":"https:\/\/www.insel-moen.de\/fr\/wp-json\/wp\/v2\/media?parent=7873"}],"curies":[{"name":"wp","href":"https:\/\/api.w.org\/{rel}","templated":true}]}}