{"id":7847,"date":"2024-05-16T08:16:03","date_gmt":"2024-05-16T08:16:03","guid":{"rendered":"https:\/\/www.insel-moen.de\/oddermose\/"},"modified":"2024-05-16T09:12:47","modified_gmt":"2024-05-16T09:12:47","slug":"oddermose","status":"publish","type":"page","link":"https:\/\/www.insel-moen.de\/fr\/lieux-sur-lile-de-moen\/oddermose\/","title":{"rendered":"Oddermose"},"content":{"rendered":"\n<p>Oddermose est un joyau pittoresque situ\u00e9 sur l&#8217;\u00e9tonnante \u00eele de M\u00f8n au Danemark. Ce lieu fascinant d\u00e9gage une tranquillit\u00e9 envo\u00fbtante, nich\u00e9 dans la verdure naturelle de l&#8217;\u00eele et offrant une vue panoramique sur la mer Baltique qui captive imm\u00e9diatement le visiteur.<\/p>\n\n<p>G\u00e9ographiquement, Oddermose se trouve \u00e0 l&#8217;est de l&#8217;\u00eele de M\u00f8n et est tr\u00e8s bien situ\u00e9 gr\u00e2ce \u00e0 sa proximit\u00e9 avec Stege et d&#8217;autres attractions locales. L&#8217;une des principales attractions d&#8217;Oddermose est sans aucun doute la plage. Une longue bande de sable fin et dor\u00e9 y rencontre les eaux claires et calmes de la mer Baltique. Cet endroit est id\u00e9al pour les familles avec enfants, mais aussi pour tous ceux qui veulent simplement profiter de la beaut\u00e9 de la nature. La plage n&#8217;est g\u00e9n\u00e9ralement pas bond\u00e9e, ce qui permet de trouver un endroit calme pour soi.<\/p>\n\n<p>Il y a un certain nombre d&#8217;excellents restaurants \u00e0 proximit\u00e9 d&#8217;Oddermose, qui servent principalement des plats r\u00e9gionaux et traditionnels danois. Le poisson frais et les fruits de mer sont des incontournables. Mais il existe \u00e9galement suffisamment d&#8217;options pour les v\u00e9g\u00e9tariens et les v\u00e9g\u00e9taliens.<\/p>\n\n<p>La nature environnante est un havre de paix et de beaut\u00e9 qui invite \u00e0 la randonn\u00e9e et \u00e0 la promenade. Au nord et \u00e0 l&#8217;ouest, Oddermose est entour\u00e9e de prairies et de champs verdoyants, tandis qu&#8217;au sud et \u00e0 l&#8217;est, la plage et la mer dominent.<\/p>\n\n<p>En outre, certains des sites les plus connus de M\u00f8n se trouvent \u00e0 proximit\u00e9. Il s&#8217;agit notamment des falaises de craie de M\u00f8ns Klint, du Geocenter M\u00f8ns Klint, de la vieille \u00e9glise d&#8217;Elmelunde et du village m\u00e9di\u00e9val de Stege. Ils sont tous facilement accessibles depuis Oddermose et offrent une multitude de possibilit\u00e9s d&#8217;exploration et de d\u00e9couverte.<\/p>\n\n<p>Dans l&#8217;ensemble, Oddermose sur M\u00f8n offre une combinaison unique de beaut\u00e9 naturelle et de patrimoine culturel. C&#8217;est un lieu qui invite \u00e0 la fois \u00e0 la d\u00e9tente et \u00e0 l&#8217;activit\u00e9, ce qui permet de satisfaire tous les go\u00fbts.<\/p>\n","protected":false},"excerpt":{"rendered":"<p>Oddermose est un joyau pittoresque situ\u00e9 sur l&#8217;\u00e9tonnante \u00eele de M\u00f8n au Danemark. Ce lieu fascinant d\u00e9gage une tranquillit\u00e9 envo\u00fbtante, nich\u00e9 dans la verdure naturelle de l&#8217;\u00eele et offrant une vue panoramique sur la mer Baltique qui captive imm\u00e9diatement le visiteur. G\u00e9ographiquement, Oddermose se trouve \u00e0 l&#8217;est de l&#8217;\u00eele de M\u00f8n et est tr\u00e8s bien [&hellip;]<\/p>\n","protected":false},"author":3,"featured_media":0,"parent":8575,"menu_order":0,"comment_status":"closed","ping_status":"closed","template":"","meta":{"footnotes":""},"class_list":["post-7847","page","type-page","status-publish","hentry"],"yoast_head":"<!-- This site is optimized with the Yoast SEO plugin v24.5 - https:\/\/yoast.com\/wordpress\/plugins\/seo\/ -->\n<title>Oddermose - Insel M\u00f6n<\/title>\n<meta name=\"robots\" content=\"index, follow, max-snippet:-1, max-image-preview:large, max-video-preview:-1\" \/>\n<link rel=\"canonical\" href=\"https:\/\/www.insel-moen.de\/fr\/lieux-sur-lile-de-moen\/oddermose\/\" \/>\n<meta property=\"og:locale\" content=\"fr_FR\" \/>\n<meta property=\"og:type\" content=\"article\" \/>\n<meta property=\"og:title\" content=\"Oddermose - Insel M\u00f6n\" \/>\n<meta property=\"og:description\" content=\"Oddermose est un joyau pittoresque situ\u00e9 sur l&#8217;\u00e9tonnante \u00eele de M\u00f8n au Danemark. Ce lieu fascinant d\u00e9gage une tranquillit\u00e9 envo\u00fbtante, nich\u00e9 dans la verdure naturelle de l&#8217;\u00eele et offrant une vue panoramique sur la mer Baltique qui captive imm\u00e9diatement le visiteur. G\u00e9ographiquement, Oddermose se trouve \u00e0 l&#8217;est de l&#8217;\u00eele de M\u00f8n et est tr\u00e8s bien [&hellip;]\" \/>\n<meta property=\"og:url\" content=\"https:\/\/www.insel-moen.de\/fr\/lieux-sur-lile-de-moen\/oddermose\/\" \/>\n<meta property=\"og:site_name\" content=\"Insel M\u00f6n\" \/>\n<meta property=\"article:modified_time\" content=\"2024-05-16T09:12:47+00:00\" \/>\n<meta name=\"twitter:card\" content=\"summary_large_image\" \/>\n<meta name=\"twitter:label1\" content=\"Dur\u00e9e de lecture estim\u00e9e\" \/>\n\t<meta name=\"twitter:data1\" content=\"2 minutes\" \/>\n<script type=\"application\/ld+json\" class=\"yoast-schema-graph\">{\"@context\":\"https:\/\/schema.org\",\"@graph\":[{\"@type\":\"WebPage\",\"@id\":\"https:\/\/www.insel-moen.de\/fr\/lieux-sur-lile-de-moen\/oddermose\/\",\"url\":\"https:\/\/www.insel-moen.de\/fr\/lieux-sur-lile-de-moen\/oddermose\/\",\"name\":\"Oddermose - Insel M\u00f6n\",\"isPartOf\":{\"@id\":\"https:\/\/www.insel-moen.de\/fr\/#website\"},\"datePublished\":\"2024-05-16T08:16:03+00:00\",\"dateModified\":\"2024-05-16T09:12:47+00:00\",\"breadcrumb\":{\"@id\":\"https:\/\/www.insel-moen.de\/fr\/lieux-sur-lile-de-moen\/oddermose\/#breadcrumb\"},\"inLanguage\":\"fr-FR\",\"potentialAction\":[{\"@type\":\"ReadAction\",\"target\":[\"https:\/\/www.insel-moen.de\/fr\/lieux-sur-lile-de-moen\/oddermose\/\"]}]},{\"@type\":\"BreadcrumbList\",\"@id\":\"https:\/\/www.insel-moen.de\/fr\/lieux-sur-lile-de-moen\/oddermose\/#breadcrumb\",\"itemListElement\":[{\"@type\":\"ListItem\",\"position\":1,\"name\":\"Startseite\",\"item\":\"https:\/\/www.insel-moen.de\/fr\/bienvenue-sur-lile-de-moen\/\"},{\"@type\":\"ListItem\",\"position\":2,\"name\":\"Lieux sur l&#8217;\u00eele de M\u00f6n\",\"item\":\"https:\/\/www.insel-moen.de\/fr\/lieux-sur-lile-de-moen\/\"},{\"@type\":\"ListItem\",\"position\":3,\"name\":\"Oddermose\"}]},{\"@type\":\"WebSite\",\"@id\":\"https:\/\/www.insel-moen.de\/fr\/#website\",\"url\":\"https:\/\/www.insel-moen.de\/fr\/\",\"name\":\"Insel M\u00f6n\",\"description\":\"INSEL M\u00d6N - Urlaub in der D\u00e4nischen S\u00fcdsee\",\"publisher\":{\"@id\":\"https:\/\/www.insel-moen.de\/fr\/#organization\"},\"potentialAction\":[{\"@type\":\"SearchAction\",\"target\":{\"@type\":\"EntryPoint\",\"urlTemplate\":\"https:\/\/www.insel-moen.de\/fr\/?s={search_term_string}\"},\"query-input\":{\"@type\":\"PropertyValueSpecification\",\"valueRequired\":true,\"valueName\":\"search_term_string\"}}],\"inLanguage\":\"fr-FR\"},{\"@type\":\"Organization\",\"@id\":\"https:\/\/www.insel-moen.de\/fr\/#organization\",\"name\":\"www.insel-moen.de\",\"url\":\"https:\/\/www.insel-moen.de\/fr\/\",\"logo\":{\"@type\":\"ImageObject\",\"inLanguage\":\"fr-FR\",\"@id\":\"https:\/\/www.insel-moen.de\/fr\/#\/schema\/logo\/image\/\",\"url\":\"https:\/\/www.insel-moen.de\/wp-content\/uploads\/2023\/08\/cropped-daenemark-logo-neu-klein.png\",\"contentUrl\":\"https:\/\/www.insel-moen.de\/wp-content\/uploads\/2023\/08\/cropped-daenemark-logo-neu-klein.png\",\"width\":100,\"height\":101,\"caption\":\"www.insel-moen.de\"},\"image\":{\"@id\":\"https:\/\/www.insel-moen.de\/fr\/#\/schema\/logo\/image\/\"}}]}<\/script>\n<!-- \/ Yoast SEO plugin. -->","yoast_head_json":{"title":"Oddermose - Insel M\u00f6n","robots":{"index":"index","follow":"follow","max-snippet":"max-snippet:-1","max-image-preview":"max-image-preview:large","max-video-preview":"max-video-preview:-1"},"canonical":"https:\/\/www.insel-moen.de\/fr\/lieux-sur-lile-de-moen\/oddermose\/","og_locale":"fr_FR","og_type":"article","og_title":"Oddermose - Insel M\u00f6n","og_description":"Oddermose est un joyau pittoresque situ\u00e9 sur l&#8217;\u00e9tonnante \u00eele de M\u00f8n au Danemark. Ce lieu fascinant d\u00e9gage une tranquillit\u00e9 envo\u00fbtante, nich\u00e9 dans la verdure naturelle de l&#8217;\u00eele et offrant une vue panoramique sur la mer Baltique qui captive imm\u00e9diatement le visiteur. G\u00e9ographiquement, Oddermose se trouve \u00e0 l&#8217;est de l&#8217;\u00eele de M\u00f8n et est tr\u00e8s bien [&hellip;]","og_url":"https:\/\/www.insel-moen.de\/fr\/lieux-sur-lile-de-moen\/oddermose\/","og_site_name":"Insel M\u00f6n","article_modified_time":"2024-05-16T09:12:47+00:00","twitter_card":"summary_large_image","twitter_misc":{"Dur\u00e9e de lecture estim\u00e9e":"2 minutes"},"schema":{"@context":"https:\/\/schema.org","@graph":[{"@type":"WebPage","@id":"https:\/\/www.insel-moen.de\/fr\/lieux-sur-lile-de-moen\/oddermose\/","url":"https:\/\/www.insel-moen.de\/fr\/lieux-sur-lile-de-moen\/oddermose\/","name":"Oddermose - Insel M\u00f6n","isPartOf":{"@id":"https:\/\/www.insel-moen.de\/fr\/#website"},"datePublished":"2024-05-16T08:16:03+00:00","dateModified":"2024-05-16T09:12:47+00:00","breadcrumb":{"@id":"https:\/\/www.insel-moen.de\/fr\/lieux-sur-lile-de-moen\/oddermose\/#breadcrumb"},"inLanguage":"fr-FR","potentialAction":[{"@type":"ReadAction","target":["https:\/\/www.insel-moen.de\/fr\/lieux-sur-lile-de-moen\/oddermose\/"]}]},{"@type":"BreadcrumbList","@id":"https:\/\/www.insel-moen.de\/fr\/lieux-sur-lile-de-moen\/oddermose\/#breadcrumb","itemListElement":[{"@type":"ListItem","position":1,"name":"Startseite","item":"https:\/\/www.insel-moen.de\/fr\/bienvenue-sur-lile-de-moen\/"},{"@type":"ListItem","position":2,"name":"Lieux sur l&#8217;\u00eele de M\u00f6n","item":"https:\/\/www.insel-moen.de\/fr\/lieux-sur-lile-de-moen\/"},{"@type":"ListItem","position":3,"name":"Oddermose"}]},{"@type":"WebSite","@id":"https:\/\/www.insel-moen.de\/fr\/#website","url":"https:\/\/www.insel-moen.de\/fr\/","name":"Insel M\u00f6n","description":"INSEL M\u00d6N - Urlaub in der D\u00e4nischen S\u00fcdsee","publisher":{"@id":"https:\/\/www.insel-moen.de\/fr\/#organization"},"potentialAction":[{"@type":"SearchAction","target":{"@type":"EntryPoint","urlTemplate":"https:\/\/www.insel-moen.de\/fr\/?s={search_term_string}"},"query-input":{"@type":"PropertyValueSpecification","valueRequired":true,"valueName":"search_term_string"}}],"inLanguage":"fr-FR"},{"@type":"Organization","@id":"https:\/\/www.insel-moen.de\/fr\/#organization","name":"www.insel-moen.de","url":"https:\/\/www.insel-moen.de\/fr\/","logo":{"@type":"ImageObject","inLanguage":"fr-FR","@id":"https:\/\/www.insel-moen.de\/fr\/#\/schema\/logo\/image\/","url":"https:\/\/www.insel-moen.de\/wp-content\/uploads\/2023\/08\/cropped-daenemark-logo-neu-klein.png","contentUrl":"https:\/\/www.insel-moen.de\/wp-content\/uploads\/2023\/08\/cropped-daenemark-logo-neu-klein.png","width":100,"height":101,"caption":"www.insel-moen.de"},"image":{"@id":"https:\/\/www.insel-moen.de\/fr\/#\/schema\/logo\/image\/"}}]}},"_links":{"self":[{"href":"https:\/\/www.insel-moen.de\/fr\/wp-json\/wp\/v2\/pages\/7847","targetHints":{"allow":["GET"]}}],"collection":[{"href":"https:\/\/www.insel-moen.de\/fr\/wp-json\/wp\/v2\/pages"}],"about":[{"href":"https:\/\/www.insel-moen.de\/fr\/wp-json\/wp\/v2\/types\/page"}],"author":[{"embeddable":true,"href":"https:\/\/www.insel-moen.de\/fr\/wp-json\/wp\/v2\/users\/3"}],"replies":[{"embeddable":true,"href":"https:\/\/www.insel-moen.de\/fr\/wp-json\/wp\/v2\/comments?post=7847"}],"version-history":[{"count":1,"href":"https:\/\/www.insel-moen.de\/fr\/wp-json\/wp\/v2\/pages\/7847\/revisions"}],"predecessor-version":[{"id":7848,"href":"https:\/\/www.insel-moen.de\/fr\/wp-json\/wp\/v2\/pages\/7847\/revisions\/7848"}],"up":[{"embeddable":true,"href":"https:\/\/www.insel-moen.de\/fr\/wp-json\/wp\/v2\/pages\/8575"}],"wp:attachment":[{"href":"https:\/\/www.insel-moen.de\/fr\/wp-json\/wp\/v2\/media?parent=7847"}],"curies":[{"name":"wp","href":"https:\/\/api.w.org\/{rel}","templated":true}]}}