{"id":7245,"date":"2024-03-24T06:02:45","date_gmt":"2024-03-24T06:02:45","guid":{"rendered":"https:\/\/www.insel-moen.de\/cooperation\/"},"modified":"2026-04-11T06:45:19","modified_gmt":"2026-04-11T06:45:19","slug":"cooperation","status":"publish","type":"page","link":"https:\/\/www.insel-moen.de\/en\/cooperation\/","title":{"rendered":"Cooperation"},"content":{"rendered":"\n<h3 class=\"wp-block-heading\"><strong>Our mission<\/strong><\/h3>\n\n<p>A warm welcome to you! At <a href=\"http:\/\/www.insel-moen.de\/\">www.insel-moen.de<\/a> we share a passion for the island of M\u00f6n, a jewel of Denmark with its breathtaking chalk cliffs, rich history and diverse natural landscapes. Our website serves as a comprehensive guide to help visitors discover and experience the beauty and diversity of M\u00f6n.<\/p>\n\n<h3 class=\"wp-block-heading\"><strong>Who is visiting us?<\/strong><\/h3>\n\n<p>Our visitors are adventure seekers, nature enthusiasts and culture lovers from Germany who are looking for a unique vacation experience. You can rely on our recommendations for accommodation, activities and local insider tips.<\/p>\n\n<h3 class=\"wp-block-heading\"><strong>Why a partnership?<\/strong><\/h3>\n\n<p><strong>Reach and engagement:<\/strong> With thousands of monthly visitors and excellent SEO rankings, <a href=\"http:\/\/www.insel-moen.de\/\">www.insel-moen.de<\/a> is the ideal place to present your brand or offer to an interested target group.<\/p>\n\n<p><strong>Success stories:<\/strong> Our partners report increased booking figures, increased visibility and positive feedback from our joint campaigns. Become part of this success story.<\/p>\n\n<h3 class=\"wp-block-heading\"><strong>Partnership opportunities<\/strong><\/h3>\n\n<ul class=\"wp-block-list\">\n<li><strong>Affiliate links:<\/strong> Increase your sales through targeted recommendations on our site.<\/li>\n\n\n\n<li><strong>Sponsored content:<\/strong> Tell your story through customized posts that our readers will love.<\/li>\n\n\n\n<li><strong>Marketing campaigns:<\/strong> Let&#8217;s work together to develop creative campaigns that attract attention.<\/li>\n<\/ul>\n\n<h3 class=\"wp-block-heading\"><strong>Let&#8217;s get into conversation<\/strong><\/h3>\n\n<p>Interested? We look forward to hearing more about your ideas and concepts. Simply contact us at <a href=\"mailto:marketing@insel-moen.de\">marketing@insel-moen.de<\/a> to take the first step towards a fruitful partnership.<\/p>\n\n<h3 class=\"wp-block-heading\"><strong>Frequently asked questions<\/strong><\/h3>\n\n<ul class=\"wp-block-list\">\n<li><strong>How are the affiliate links tracked?<\/strong>\n<ul class=\"wp-block-list\">\n<li>We use a transparent and reliable tracking system to ensure that all referrals and bookings are recorded correctly.<\/li>\n<\/ul>\n<\/li>\n\n\n\n<li><strong>What type of sponsored content works best?<\/strong>\n<ul class=\"wp-block-list\">\n<li>Authentic experience reports, detailed guides and inspiring stories about the island of M\u00f6n get the best response from our readers.<\/li>\n<\/ul>\n<\/li>\n<\/ul>\n\n<h3 class=\"wp-block-heading\"><strong>Your next step<\/strong><\/h3>\n\n<p>Ready to build a bridge to new possibilities? Contact us today to find out how we can create added value together.  <a href=\"mailto:marketing@insel-moen.de\">Get in touch with us<\/a><\/p>\n\n\n\n<hr class=\"wp-block-separator has-alpha-channel-opacity\"\/>\n\n\n\n<h2 class=\"wp-block-heading\">Send a Cooperation Inquiry<\/h2>\n\n\n\n<p>Fill out the form below and we will get back to you shortly:<\/p>\n\n\n\n<div class=\"wpcf7 no-js\" id=\"wpcf7-f9060-o1\" lang=\"de-DE\" dir=\"ltr\" data-wpcf7-id=\"9060\">\n<div class=\"screen-reader-response\"><p role=\"status\" aria-live=\"polite\" aria-atomic=\"true\"><\/p> <ul><\/ul><\/div>\n<form action=\"\/en\/wp-json\/wp\/v2\/pages\/7245#wpcf7-f9060-o1\" method=\"post\" class=\"wpcf7-form init\" aria-label=\"Kontaktformular\" novalidate=\"novalidate\" data-status=\"init\">\n<fieldset class=\"hidden-fields-container\"><input type=\"hidden\" name=\"_wpcf7\" value=\"9060\" \/><input type=\"hidden\" name=\"_wpcf7_version\" value=\"6.1.1\" \/><input type=\"hidden\" name=\"_wpcf7_locale\" value=\"de_DE\" \/><input type=\"hidden\" name=\"_wpcf7_unit_tag\" value=\"wpcf7-f9060-o1\" \/><input type=\"hidden\" name=\"_wpcf7_container_post\" value=\"0\" \/><input type=\"hidden\" name=\"_wpcf7_posted_data_hash\" value=\"\" \/>\n<\/fieldset>\n<div class=\"cooperation-form\">\n\t<p><label> Ihr Name \/ Your Name<br \/>\n<span class=\"wpcf7-form-control-wrap\" data-name=\"your-name\"><input size=\"40\" maxlength=\"400\" class=\"wpcf7-form-control wpcf7-text wpcf7-validates-as-required\" autocomplete=\"name\" aria-required=\"true\" aria-invalid=\"false\" placeholder=\"Max Mustermann\" value=\"\" type=\"text\" name=\"your-name\" \/><\/span> <\/label>\n\t<\/p>\n\t<p><label> E-Mail-Adresse \/ Email<br \/>\n<span class=\"wpcf7-form-control-wrap\" data-name=\"your-email\"><input size=\"40\" maxlength=\"400\" class=\"wpcf7-form-control wpcf7-email wpcf7-validates-as-required wpcf7-text wpcf7-validates-as-email\" autocomplete=\"email\" aria-required=\"true\" aria-invalid=\"false\" placeholder=\"name@firma.de\" value=\"\" type=\"email\" name=\"your-email\" \/><\/span> <\/label>\n\t<\/p>\n\t<p><label> Unternehmen \/ Company<br \/>\n<span class=\"wpcf7-form-control-wrap\" data-name=\"company\"><input size=\"40\" maxlength=\"400\" class=\"wpcf7-form-control wpcf7-text wpcf7-validates-as-required\" aria-required=\"true\" aria-invalid=\"false\" placeholder=\"Firmenname\" value=\"\" type=\"text\" name=\"company\" \/><\/span> <\/label>\n\t<\/p>\n\t<p><label> Website<br \/>\n<span class=\"wpcf7-form-control-wrap\" data-name=\"your-website\"><input size=\"40\" maxlength=\"400\" class=\"wpcf7-form-control wpcf7-url wpcf7-text wpcf7-validates-as-url\" aria-invalid=\"false\" placeholder=\"https:\/\/www.example.com\" value=\"\" type=\"url\" name=\"your-website\" \/><\/span> <\/label>\n\t<\/p>\n\t<p><label> Art der Kooperation \/ Type of Cooperation<br \/>\n<span class=\"wpcf7-form-control-wrap\" data-name=\"cooperation-type\"><select class=\"wpcf7-form-control wpcf7-select wpcf7-validates-as-required\" aria-required=\"true\" aria-invalid=\"false\" name=\"cooperation-type\"><option value=\"Affiliate-Partnerschaft \/ Affiliate Partnership\">Affiliate-Partnerschaft \/ Affiliate Partnership<\/option><option value=\"Sponsored Content\">Sponsored Content<\/option><option value=\"Gemeinsame Marketingkampagne \/ Joint Marketing Campaign\">Gemeinsame Marketingkampagne \/ Joint Marketing Campaign<\/option><option value=\"Werbung \/ Advertising\">Werbung \/ Advertising<\/option><option value=\"Sonstiges \/ Other\">Sonstiges \/ Other<\/option><\/select><\/span> <\/label>\n\t<\/p>\n\t<p><label> Ihre Nachricht \/ Your Message<br \/>\n<span class=\"wpcf7-form-control-wrap\" data-name=\"your-message\"><textarea cols=\"40\" rows=\"10\" maxlength=\"2000\" class=\"wpcf7-form-control wpcf7-textarea wpcf7-validates-as-required\" aria-required=\"true\" aria-invalid=\"false\" placeholder=\"Beschreiben Sie Ihre Kooperationsidee...\" name=\"your-message\"><\/textarea><\/span> <\/label>\n\t<\/p>\n\t<p><label><br \/>\n<span class=\"wpcf7-form-control-wrap\" data-name=\"privacy-policy\"><span class=\"wpcf7-form-control wpcf7-acceptance\"><span class=\"wpcf7-list-item\"><label><input type=\"checkbox\" name=\"privacy-policy\" value=\"1\" aria-invalid=\"false\" \/><span class=\"wpcf7-list-item-label\">Ich stimme der <a href=\"\/datenschutz\/\" target=\"_blank\">Datenschutzerkl\u00e4rung<\/a> zu. \/ I agree to the <a href=\"\/datenschutz\/\" target=\"_blank\">privacy policy<\/a>.<\/span><\/label><\/span><\/span><\/span> <\/label>\n\t<\/p>\n\t<p><input class=\"wpcf7-form-control wpcf7-submit has-spinner\" type=\"submit\" value=\"Anfrage senden \/ Send Inquiry\" \/>\n\t<\/p>\n<\/div><p style=\"display: none !important;\" class=\"akismet-fields-container\" data-prefix=\"_wpcf7_ak_\"><label>&#916;<textarea name=\"_wpcf7_ak_hp_textarea\" cols=\"45\" rows=\"8\" maxlength=\"100\"><\/textarea><\/label><input type=\"hidden\" id=\"ak_js_1\" name=\"_wpcf7_ak_js\" value=\"31\"\/><script>document.getElementById( \"ak_js_1\" ).setAttribute( \"value\", ( new Date() ).getTime() );<\/script><\/p><div class=\"wpcf7-response-output\" aria-hidden=\"true\"><\/div>\n<\/form>\n<\/div>\n\n","protected":false},"excerpt":{"rendered":"<p>Our mission A warm welcome to you! At www.insel-moen.de we share a passion for the island of M\u00f6n, a jewel of Denmark with its breathtaking chalk cliffs, rich history and diverse natural landscapes. Our website serves as a comprehensive guide to help visitors discover and experience the beauty and diversity of M\u00f6n. Who is visiting [&hellip;]<\/p>\n","protected":false},"author":3,"featured_media":0,"parent":0,"menu_order":0,"comment_status":"closed","ping_status":"closed","template":"","meta":{"footnotes":""},"class_list":["post-7245","page","type-page","status-publish","hentry"],"yoast_head":"<!-- This site is optimized with the Yoast SEO plugin v24.5 - https:\/\/yoast.com\/wordpress\/plugins\/seo\/ -->\n<title>Cooperation - Insel M\u00f6n<\/title>\n<meta name=\"robots\" content=\"index, follow, max-snippet:-1, max-image-preview:large, max-video-preview:-1\" \/>\n<link rel=\"canonical\" href=\"https:\/\/www.insel-moen.de\/en\/cooperation\/\" \/>\n<meta property=\"og:locale\" content=\"en_US\" \/>\n<meta property=\"og:type\" content=\"article\" \/>\n<meta property=\"og:title\" content=\"Cooperation - Insel M\u00f6n\" \/>\n<meta property=\"og:description\" content=\"Our mission A warm welcome to you! At www.insel-moen.de we share a passion for the island of M\u00f6n, a jewel of Denmark with its breathtaking chalk cliffs, rich history and diverse natural landscapes. Our website serves as a comprehensive guide to help visitors discover and experience the beauty and diversity of M\u00f6n. Who is visiting [&hellip;]\" \/>\n<meta property=\"og:url\" content=\"https:\/\/www.insel-moen.de\/en\/cooperation\/\" \/>\n<meta property=\"og:site_name\" content=\"Insel M\u00f6n\" \/>\n<meta property=\"article:modified_time\" content=\"2026-04-11T06:45:19+00:00\" \/>\n<meta name=\"twitter:card\" content=\"summary_large_image\" \/>\n<meta name=\"twitter:label1\" content=\"Est. reading time\" \/>\n\t<meta name=\"twitter:data1\" content=\"2 minutes\" \/>\n<script type=\"application\/ld+json\" class=\"yoast-schema-graph\">{\"@context\":\"https:\/\/schema.org\",\"@graph\":[{\"@type\":\"WebPage\",\"@id\":\"https:\/\/www.insel-moen.de\/en\/cooperation\/\",\"url\":\"https:\/\/www.insel-moen.de\/en\/cooperation\/\",\"name\":\"Cooperation - Insel M\u00f6n\",\"isPartOf\":{\"@id\":\"https:\/\/www.insel-moen.de\/en\/#website\"},\"datePublished\":\"2024-03-24T06:02:45+00:00\",\"dateModified\":\"2026-04-11T06:45:19+00:00\",\"breadcrumb\":{\"@id\":\"https:\/\/www.insel-moen.de\/en\/cooperation\/#breadcrumb\"},\"inLanguage\":\"en-US\",\"potentialAction\":[{\"@type\":\"ReadAction\",\"target\":[\"https:\/\/www.insel-moen.de\/en\/cooperation\/\"]}]},{\"@type\":\"BreadcrumbList\",\"@id\":\"https:\/\/www.insel-moen.de\/en\/cooperation\/#breadcrumb\",\"itemListElement\":[{\"@type\":\"ListItem\",\"position\":1,\"name\":\"Startseite\",\"item\":\"https:\/\/www.insel-moen.de\/en\/\"},{\"@type\":\"ListItem\",\"position\":2,\"name\":\"Cooperation\"}]},{\"@type\":\"WebSite\",\"@id\":\"https:\/\/www.insel-moen.de\/en\/#website\",\"url\":\"https:\/\/www.insel-moen.de\/en\/\",\"name\":\"Insel M\u00f6n\",\"description\":\"INSEL M\u00d6N - Urlaub in der D\u00e4nischen S\u00fcdsee\",\"publisher\":{\"@id\":\"https:\/\/www.insel-moen.de\/en\/#organization\"},\"potentialAction\":[{\"@type\":\"SearchAction\",\"target\":{\"@type\":\"EntryPoint\",\"urlTemplate\":\"https:\/\/www.insel-moen.de\/en\/?s={search_term_string}\"},\"query-input\":{\"@type\":\"PropertyValueSpecification\",\"valueRequired\":true,\"valueName\":\"search_term_string\"}}],\"inLanguage\":\"en-US\"},{\"@type\":\"Organization\",\"@id\":\"https:\/\/www.insel-moen.de\/en\/#organization\",\"name\":\"www.insel-moen.de\",\"url\":\"https:\/\/www.insel-moen.de\/en\/\",\"logo\":{\"@type\":\"ImageObject\",\"inLanguage\":\"en-US\",\"@id\":\"https:\/\/www.insel-moen.de\/en\/#\/schema\/logo\/image\/\",\"url\":\"https:\/\/www.insel-moen.de\/wp-content\/uploads\/2023\/08\/cropped-daenemark-logo-neu-klein.png\",\"contentUrl\":\"https:\/\/www.insel-moen.de\/wp-content\/uploads\/2023\/08\/cropped-daenemark-logo-neu-klein.png\",\"width\":100,\"height\":101,\"caption\":\"www.insel-moen.de\"},\"image\":{\"@id\":\"https:\/\/www.insel-moen.de\/en\/#\/schema\/logo\/image\/\"}}]}<\/script>\n<!-- \/ Yoast SEO plugin. -->","yoast_head_json":{"title":"Cooperation - Insel M\u00f6n","robots":{"index":"index","follow":"follow","max-snippet":"max-snippet:-1","max-image-preview":"max-image-preview:large","max-video-preview":"max-video-preview:-1"},"canonical":"https:\/\/www.insel-moen.de\/en\/cooperation\/","og_locale":"en_US","og_type":"article","og_title":"Cooperation - Insel M\u00f6n","og_description":"Our mission A warm welcome to you! At www.insel-moen.de we share a passion for the island of M\u00f6n, a jewel of Denmark with its breathtaking chalk cliffs, rich history and diverse natural landscapes. Our website serves as a comprehensive guide to help visitors discover and experience the beauty and diversity of M\u00f6n. Who is visiting [&hellip;]","og_url":"https:\/\/www.insel-moen.de\/en\/cooperation\/","og_site_name":"Insel M\u00f6n","article_modified_time":"2026-04-11T06:45:19+00:00","twitter_card":"summary_large_image","twitter_misc":{"Est. reading time":"2 minutes"},"schema":{"@context":"https:\/\/schema.org","@graph":[{"@type":"WebPage","@id":"https:\/\/www.insel-moen.de\/en\/cooperation\/","url":"https:\/\/www.insel-moen.de\/en\/cooperation\/","name":"Cooperation - Insel M\u00f6n","isPartOf":{"@id":"https:\/\/www.insel-moen.de\/en\/#website"},"datePublished":"2024-03-24T06:02:45+00:00","dateModified":"2026-04-11T06:45:19+00:00","breadcrumb":{"@id":"https:\/\/www.insel-moen.de\/en\/cooperation\/#breadcrumb"},"inLanguage":"en-US","potentialAction":[{"@type":"ReadAction","target":["https:\/\/www.insel-moen.de\/en\/cooperation\/"]}]},{"@type":"BreadcrumbList","@id":"https:\/\/www.insel-moen.de\/en\/cooperation\/#breadcrumb","itemListElement":[{"@type":"ListItem","position":1,"name":"Startseite","item":"https:\/\/www.insel-moen.de\/en\/"},{"@type":"ListItem","position":2,"name":"Cooperation"}]},{"@type":"WebSite","@id":"https:\/\/www.insel-moen.de\/en\/#website","url":"https:\/\/www.insel-moen.de\/en\/","name":"Insel M\u00f6n","description":"INSEL M\u00d6N - Urlaub in der D\u00e4nischen S\u00fcdsee","publisher":{"@id":"https:\/\/www.insel-moen.de\/en\/#organization"},"potentialAction":[{"@type":"SearchAction","target":{"@type":"EntryPoint","urlTemplate":"https:\/\/www.insel-moen.de\/en\/?s={search_term_string}"},"query-input":{"@type":"PropertyValueSpecification","valueRequired":true,"valueName":"search_term_string"}}],"inLanguage":"en-US"},{"@type":"Organization","@id":"https:\/\/www.insel-moen.de\/en\/#organization","name":"www.insel-moen.de","url":"https:\/\/www.insel-moen.de\/en\/","logo":{"@type":"ImageObject","inLanguage":"en-US","@id":"https:\/\/www.insel-moen.de\/en\/#\/schema\/logo\/image\/","url":"https:\/\/www.insel-moen.de\/wp-content\/uploads\/2023\/08\/cropped-daenemark-logo-neu-klein.png","contentUrl":"https:\/\/www.insel-moen.de\/wp-content\/uploads\/2023\/08\/cropped-daenemark-logo-neu-klein.png","width":100,"height":101,"caption":"www.insel-moen.de"},"image":{"@id":"https:\/\/www.insel-moen.de\/en\/#\/schema\/logo\/image\/"}}]}},"_links":{"self":[{"href":"https:\/\/www.insel-moen.de\/en\/wp-json\/wp\/v2\/pages\/7245","targetHints":{"allow":["GET"]}}],"collection":[{"href":"https:\/\/www.insel-moen.de\/en\/wp-json\/wp\/v2\/pages"}],"about":[{"href":"https:\/\/www.insel-moen.de\/en\/wp-json\/wp\/v2\/types\/page"}],"author":[{"embeddable":true,"href":"https:\/\/www.insel-moen.de\/en\/wp-json\/wp\/v2\/users\/3"}],"replies":[{"embeddable":true,"href":"https:\/\/www.insel-moen.de\/en\/wp-json\/wp\/v2\/comments?post=7245"}],"version-history":[{"count":13,"href":"https:\/\/www.insel-moen.de\/en\/wp-json\/wp\/v2\/pages\/7245\/revisions"}],"predecessor-version":[{"id":9063,"href":"https:\/\/www.insel-moen.de\/en\/wp-json\/wp\/v2\/pages\/7245\/revisions\/9063"}],"wp:attachment":[{"href":"https:\/\/www.insel-moen.de\/en\/wp-json\/wp\/v2\/media?parent=7245"}],"curies":[{"name":"wp","href":"https:\/\/api.w.org\/{rel}","templated":true}]}}