{"id":645,"date":"2021-10-23T06:51:27","date_gmt":"2021-10-23T06:51:27","guid":{"rendered":"https:\/\/www.insel-moen.de\/activities-on-the-island-of-moen\/kite-surfing-on-the-island-of-moen\/"},"modified":"2024-04-29T16:20:41","modified_gmt":"2024-04-29T16:20:41","slug":"kite-surfing-on-the-island-of-moen","status":"publish","type":"page","link":"https:\/\/www.insel-moen.de\/en\/activities-on-the-island-of-moen\/kite-surfing-on-the-island-of-moen\/","title":{"rendered":"Kite surfing on the island of M\u00f6n"},"content":{"rendered":"<p><img decoding=\"async\" src=\"https:\/\/www.daenemark-reisen.com\/wp-content\/uploads\/2013\/11\/kite-surfen-daenemark-moen-1024x682.jpg\" alt=\"Kite Surfen auf Moen D\u00e4nemark\" title=\"Kite Surfen auf Moen D\u00e4nemark\" width=\"510px\" class=\"aligncenter size-large wp-image-900\"><br \/>\nThe island of M\u00f6n is located between the southern tip of Zealand and the eastern tip of Falster in the Danish part of the Baltic Sea and is known for its beautiful chalk coast. That is why it is also considered the sister island of R\u00fcgen.<\/p>\n<p>If you want to go kiting in M\u00f6n, there are hardly any legal limits. According to the tourist information, kiting is allowed on every stretch of the coast in M\u00f6n. Only on the lake inland, kitesurfing is not permitted. Unfortunately, Mother Nature often throws a spanner in the works because the most beautiful coastal areas are unfortunately not suitable for kiting. These are the beautiful beaches with their Caribbean colors, which make kiting completely impossible due to the steep coast of the chalk cliffs. Apart from the laborious haulage, the beaches in front of the cliffs are usually much too narrow and make kiting a rather risky undertaking, especially in onshore winds.<br \/>\n<!--more--><br \/>\nApart from this little downer, there are still some very nice spots for kitesurfing on M\u00f6n.<br \/>\nThe beach at Klintholm Havn deserves a special mention here. Klintholm Havn is the most famous spot for kite surfers on M\u00f6n and has a sandy beach that runs into the water quite flat and enables a good start. But you should definitely take a starter with you, because there are usually none on site.<\/p>\n<p>A real insider tip is the Far\u00f6 dam, which is considered to be one of the best shallow water spots. Other beautiful beaches for kiting are jetties, Oddermose Beach deeper in Hjelm Bay and Camping Vestm\u00f6n, which can be easily reached by car but should not be approached from the lake.<br \/>\nIf you don&#8217;t want to kite every day, you can visit a lot of sights or simply enjoy the wonderful sight of the chalk cliffs at sunset.<\/p>\n<p>If you want to go kiting on M\u00f6n, it is also very important to choose the right season so that the climatic conditions make kitesurfing possible at all.<\/p>\n<p>The weather on M\u00f6n knows no extremes, as the climate is determined by the meeting of the Baltic Sea and North Sea as well as the Gulf Stream. So it&#8217;s rarely extremely warm or really cold. If you like warm temperatures, you should definitely avoid M\u00f6n in the first and fourth quarters of the year, as the temperatures are usually only around 4 to 5 degrees Celsius. It is warmest in M\u00f6n from July to September with an average of around 11 to 22 degrees Celsius. But temperatures of up to 19 degrees Celsius can also be reached in spring. The best weather awaits a kite surfer on M\u00f6n from May to July. During this period, you can expect about 8 hours of sunshine a day and the amount of precipitation is the lowest with an average of 11 days.<\/p>\n<p>The water temperatures are of course just as important as the weather. The same principle applies here as for the temperatures. In the third quarter the water is warmest at up to 16 degrees Celsius. But even in spring you get an average of 14 degrees water temperature. At the beginning and end of the year, the water cools down significantly to around 2 degrees Celsius.<\/p>\n<p>It is particularly recommended to visit M\u00f6n in the period from the end of May to the middle of June, as it is already quite warm with pleasant water temperatures and little rainfall. In addition, it is the pre-season and the beaches are nice and empty, but the prices are also much cheaper.<br \/>\nAll in all, you have to admit that M\u00f6n and the entire Danish Baltic Sea area offer less good kite spots than the North Sea area of Denmark. Experienced kite surfers usually prefer the area around Jutland on the North Sea, as the wind conditions are more stable here. There are also numerous beaches with perfect conditions for kiting, as there are naturally gently sloping sandy beaches with beautiful waves.<br \/>\nBut if you want to get an idea of the best spots in M\u00f6n and Denmark for yourself, you should visit the website<a href=\"http:\/\/www.Kitemekka.net\" rel=\"nofollow\"> www.Kitemekka.net<\/a> to visit. Here you get an overview of the best places for kiting with a corresponding rating.<\/p>\n","protected":false},"excerpt":{"rendered":"<p>The island of M\u00f6n is located between the southern tip of Zealand and the eastern tip of Falster in the Danish part of the Baltic Sea and is known for its beautiful chalk coast. That is why it is also considered the sister island of R\u00fcgen. If you want to go kiting in M\u00f6n, there [&hellip;]<\/p>\n","protected":false},"author":3,"featured_media":0,"parent":624,"menu_order":0,"comment_status":"closed","ping_status":"closed","template":"","meta":{"footnotes":""},"class_list":["post-645","page","type-page","status-publish","hentry"],"yoast_head":"<!-- This site is optimized with the Yoast SEO plugin v24.5 - https:\/\/yoast.com\/wordpress\/plugins\/seo\/ -->\n<title>Kite surfing on the island of M\u00f6n<\/title>\n<meta name=\"robots\" content=\"index, follow, max-snippet:-1, max-image-preview:large, max-video-preview:-1\" \/>\n<link rel=\"canonical\" href=\"https:\/\/www.insel-moen.de\/en\/activities-on-the-island-of-moen\/kite-surfing-on-the-island-of-moen\/\" \/>\n<meta property=\"og:locale\" content=\"en_US\" \/>\n<meta property=\"og:type\" content=\"article\" \/>\n<meta property=\"og:title\" content=\"Kite surfing on the island of M\u00f6n\" \/>\n<meta property=\"og:description\" content=\"The island of M\u00f6n is located between the southern tip of Zealand and the eastern tip of Falster in the Danish part of the Baltic Sea and is known for its beautiful chalk coast. That is why it is also considered the sister island of R\u00fcgen. If you want to go kiting in M\u00f6n, there [&hellip;]\" \/>\n<meta property=\"og:url\" content=\"https:\/\/www.insel-moen.de\/en\/activities-on-the-island-of-moen\/kite-surfing-on-the-island-of-moen\/\" \/>\n<meta property=\"og:site_name\" content=\"Insel M\u00f6n\" \/>\n<meta property=\"article:modified_time\" content=\"2024-04-29T16:20:41+00:00\" \/>\n<meta property=\"og:image\" content=\"https:\/\/www.daenemark-reisen.com\/wp-content\/uploads\/2013\/11\/kite-surfen-daenemark-moen-1024x682.jpg\" \/>\n<meta name=\"twitter:card\" content=\"summary_large_image\" \/>\n<meta name=\"twitter:label1\" content=\"Est. reading time\" \/>\n\t<meta name=\"twitter:data1\" content=\"5 minutes\" \/>\n<script type=\"application\/ld+json\" class=\"yoast-schema-graph\">{\"@context\":\"https:\/\/schema.org\",\"@graph\":[{\"@type\":\"WebPage\",\"@id\":\"https:\/\/www.insel-moen.de\/en\/activities-on-the-island-of-moen\/kite-surfing-on-the-island-of-moen\/\",\"url\":\"https:\/\/www.insel-moen.de\/en\/activities-on-the-island-of-moen\/kite-surfing-on-the-island-of-moen\/\",\"name\":\"Kite surfing on the island of M\u00f6n\",\"isPartOf\":{\"@id\":\"https:\/\/www.insel-moen.de\/en\/#website\"},\"primaryImageOfPage\":{\"@id\":\"https:\/\/www.insel-moen.de\/en\/activities-on-the-island-of-moen\/kite-surfing-on-the-island-of-moen\/#primaryimage\"},\"image\":{\"@id\":\"https:\/\/www.insel-moen.de\/en\/activities-on-the-island-of-moen\/kite-surfing-on-the-island-of-moen\/#primaryimage\"},\"thumbnailUrl\":\"https:\/\/www.daenemark-reisen.com\/wp-content\/uploads\/2013\/11\/kite-surfen-daenemark-moen-1024x682.jpg\",\"datePublished\":\"2021-10-23T06:51:27+00:00\",\"dateModified\":\"2024-04-29T16:20:41+00:00\",\"breadcrumb\":{\"@id\":\"https:\/\/www.insel-moen.de\/en\/activities-on-the-island-of-moen\/kite-surfing-on-the-island-of-moen\/#breadcrumb\"},\"inLanguage\":\"en-US\",\"potentialAction\":[{\"@type\":\"ReadAction\",\"target\":[\"https:\/\/www.insel-moen.de\/en\/activities-on-the-island-of-moen\/kite-surfing-on-the-island-of-moen\/\"]}]},{\"@type\":\"ImageObject\",\"inLanguage\":\"en-US\",\"@id\":\"https:\/\/www.insel-moen.de\/en\/activities-on-the-island-of-moen\/kite-surfing-on-the-island-of-moen\/#primaryimage\",\"url\":\"https:\/\/www.daenemark-reisen.com\/wp-content\/uploads\/2013\/11\/kite-surfen-daenemark-moen-1024x682.jpg\",\"contentUrl\":\"https:\/\/www.daenemark-reisen.com\/wp-content\/uploads\/2013\/11\/kite-surfen-daenemark-moen-1024x682.jpg\"},{\"@type\":\"BreadcrumbList\",\"@id\":\"https:\/\/www.insel-moen.de\/en\/activities-on-the-island-of-moen\/kite-surfing-on-the-island-of-moen\/#breadcrumb\",\"itemListElement\":[{\"@type\":\"ListItem\",\"position\":1,\"name\":\"Startseite\",\"item\":\"https:\/\/www.insel-moen.de\/en\/\"},{\"@type\":\"ListItem\",\"position\":2,\"name\":\"Sights and activities on M\u00f8n\",\"item\":\"https:\/\/www.insel-moen.de\/en\/activities-on-the-island-of-moen\/\"},{\"@type\":\"ListItem\",\"position\":3,\"name\":\"Kite surfing on the island of M\u00f6n\"}]},{\"@type\":\"WebSite\",\"@id\":\"https:\/\/www.insel-moen.de\/en\/#website\",\"url\":\"https:\/\/www.insel-moen.de\/en\/\",\"name\":\"Insel M\u00f6n\",\"description\":\"INSEL M\u00d6N - Urlaub in der D\u00e4nischen S\u00fcdsee\",\"publisher\":{\"@id\":\"https:\/\/www.insel-moen.de\/en\/#organization\"},\"potentialAction\":[{\"@type\":\"SearchAction\",\"target\":{\"@type\":\"EntryPoint\",\"urlTemplate\":\"https:\/\/www.insel-moen.de\/en\/?s={search_term_string}\"},\"query-input\":{\"@type\":\"PropertyValueSpecification\",\"valueRequired\":true,\"valueName\":\"search_term_string\"}}],\"inLanguage\":\"en-US\"},{\"@type\":\"Organization\",\"@id\":\"https:\/\/www.insel-moen.de\/en\/#organization\",\"name\":\"www.insel-moen.de\",\"url\":\"https:\/\/www.insel-moen.de\/en\/\",\"logo\":{\"@type\":\"ImageObject\",\"inLanguage\":\"en-US\",\"@id\":\"https:\/\/www.insel-moen.de\/en\/#\/schema\/logo\/image\/\",\"url\":\"https:\/\/www.insel-moen.de\/wp-content\/uploads\/2023\/08\/cropped-daenemark-logo-neu-klein.png\",\"contentUrl\":\"https:\/\/www.insel-moen.de\/wp-content\/uploads\/2023\/08\/cropped-daenemark-logo-neu-klein.png\",\"width\":100,\"height\":101,\"caption\":\"www.insel-moen.de\"},\"image\":{\"@id\":\"https:\/\/www.insel-moen.de\/en\/#\/schema\/logo\/image\/\"}}]}<\/script>\n<!-- \/ Yoast SEO plugin. -->","yoast_head_json":{"title":"Kite surfing on the island of M\u00f6n","robots":{"index":"index","follow":"follow","max-snippet":"max-snippet:-1","max-image-preview":"max-image-preview:large","max-video-preview":"max-video-preview:-1"},"canonical":"https:\/\/www.insel-moen.de\/en\/activities-on-the-island-of-moen\/kite-surfing-on-the-island-of-moen\/","og_locale":"en_US","og_type":"article","og_title":"Kite surfing on the island of M\u00f6n","og_description":"The island of M\u00f6n is located between the southern tip of Zealand and the eastern tip of Falster in the Danish part of the Baltic Sea and is known for its beautiful chalk coast. That is why it is also considered the sister island of R\u00fcgen. If you want to go kiting in M\u00f6n, there [&hellip;]","og_url":"https:\/\/www.insel-moen.de\/en\/activities-on-the-island-of-moen\/kite-surfing-on-the-island-of-moen\/","og_site_name":"Insel M\u00f6n","article_modified_time":"2024-04-29T16:20:41+00:00","og_image":[{"url":"https:\/\/www.daenemark-reisen.com\/wp-content\/uploads\/2013\/11\/kite-surfen-daenemark-moen-1024x682.jpg","type":"","width":"","height":""}],"twitter_card":"summary_large_image","twitter_misc":{"Est. reading time":"5 minutes"},"schema":{"@context":"https:\/\/schema.org","@graph":[{"@type":"WebPage","@id":"https:\/\/www.insel-moen.de\/en\/activities-on-the-island-of-moen\/kite-surfing-on-the-island-of-moen\/","url":"https:\/\/www.insel-moen.de\/en\/activities-on-the-island-of-moen\/kite-surfing-on-the-island-of-moen\/","name":"Kite surfing on the island of M\u00f6n","isPartOf":{"@id":"https:\/\/www.insel-moen.de\/en\/#website"},"primaryImageOfPage":{"@id":"https:\/\/www.insel-moen.de\/en\/activities-on-the-island-of-moen\/kite-surfing-on-the-island-of-moen\/#primaryimage"},"image":{"@id":"https:\/\/www.insel-moen.de\/en\/activities-on-the-island-of-moen\/kite-surfing-on-the-island-of-moen\/#primaryimage"},"thumbnailUrl":"https:\/\/www.daenemark-reisen.com\/wp-content\/uploads\/2013\/11\/kite-surfen-daenemark-moen-1024x682.jpg","datePublished":"2021-10-23T06:51:27+00:00","dateModified":"2024-04-29T16:20:41+00:00","breadcrumb":{"@id":"https:\/\/www.insel-moen.de\/en\/activities-on-the-island-of-moen\/kite-surfing-on-the-island-of-moen\/#breadcrumb"},"inLanguage":"en-US","potentialAction":[{"@type":"ReadAction","target":["https:\/\/www.insel-moen.de\/en\/activities-on-the-island-of-moen\/kite-surfing-on-the-island-of-moen\/"]}]},{"@type":"ImageObject","inLanguage":"en-US","@id":"https:\/\/www.insel-moen.de\/en\/activities-on-the-island-of-moen\/kite-surfing-on-the-island-of-moen\/#primaryimage","url":"https:\/\/www.daenemark-reisen.com\/wp-content\/uploads\/2013\/11\/kite-surfen-daenemark-moen-1024x682.jpg","contentUrl":"https:\/\/www.daenemark-reisen.com\/wp-content\/uploads\/2013\/11\/kite-surfen-daenemark-moen-1024x682.jpg"},{"@type":"BreadcrumbList","@id":"https:\/\/www.insel-moen.de\/en\/activities-on-the-island-of-moen\/kite-surfing-on-the-island-of-moen\/#breadcrumb","itemListElement":[{"@type":"ListItem","position":1,"name":"Startseite","item":"https:\/\/www.insel-moen.de\/en\/"},{"@type":"ListItem","position":2,"name":"Sights and activities on M\u00f8n","item":"https:\/\/www.insel-moen.de\/en\/activities-on-the-island-of-moen\/"},{"@type":"ListItem","position":3,"name":"Kite surfing on the island of M\u00f6n"}]},{"@type":"WebSite","@id":"https:\/\/www.insel-moen.de\/en\/#website","url":"https:\/\/www.insel-moen.de\/en\/","name":"Insel M\u00f6n","description":"INSEL M\u00d6N - Urlaub in der D\u00e4nischen S\u00fcdsee","publisher":{"@id":"https:\/\/www.insel-moen.de\/en\/#organization"},"potentialAction":[{"@type":"SearchAction","target":{"@type":"EntryPoint","urlTemplate":"https:\/\/www.insel-moen.de\/en\/?s={search_term_string}"},"query-input":{"@type":"PropertyValueSpecification","valueRequired":true,"valueName":"search_term_string"}}],"inLanguage":"en-US"},{"@type":"Organization","@id":"https:\/\/www.insel-moen.de\/en\/#organization","name":"www.insel-moen.de","url":"https:\/\/www.insel-moen.de\/en\/","logo":{"@type":"ImageObject","inLanguage":"en-US","@id":"https:\/\/www.insel-moen.de\/en\/#\/schema\/logo\/image\/","url":"https:\/\/www.insel-moen.de\/wp-content\/uploads\/2023\/08\/cropped-daenemark-logo-neu-klein.png","contentUrl":"https:\/\/www.insel-moen.de\/wp-content\/uploads\/2023\/08\/cropped-daenemark-logo-neu-klein.png","width":100,"height":101,"caption":"www.insel-moen.de"},"image":{"@id":"https:\/\/www.insel-moen.de\/en\/#\/schema\/logo\/image\/"}}]}},"_links":{"self":[{"href":"https:\/\/www.insel-moen.de\/en\/wp-json\/wp\/v2\/pages\/645","targetHints":{"allow":["GET"]}}],"collection":[{"href":"https:\/\/www.insel-moen.de\/en\/wp-json\/wp\/v2\/pages"}],"about":[{"href":"https:\/\/www.insel-moen.de\/en\/wp-json\/wp\/v2\/types\/page"}],"author":[{"embeddable":true,"href":"https:\/\/www.insel-moen.de\/en\/wp-json\/wp\/v2\/users\/3"}],"replies":[{"embeddable":true,"href":"https:\/\/www.insel-moen.de\/en\/wp-json\/wp\/v2\/comments?post=645"}],"version-history":[{"count":1,"href":"https:\/\/www.insel-moen.de\/en\/wp-json\/wp\/v2\/pages\/645\/revisions"}],"predecessor-version":[{"id":7640,"href":"https:\/\/www.insel-moen.de\/en\/wp-json\/wp\/v2\/pages\/645\/revisions\/7640"}],"up":[{"embeddable":true,"href":"https:\/\/www.insel-moen.de\/en\/wp-json\/wp\/v2\/pages\/624"}],"wp:attachment":[{"href":"https:\/\/www.insel-moen.de\/en\/wp-json\/wp\/v2\/media?parent=645"}],"curies":[{"name":"wp","href":"https:\/\/api.w.org\/{rel}","templated":true}]}}