{"id":643,"date":"2021-10-23T06:51:27","date_gmt":"2021-10-23T06:51:27","guid":{"rendered":"https:\/\/www.insel-moen.de\/camping-on-moen\/"},"modified":"2024-04-03T08:44:56","modified_gmt":"2024-04-03T08:44:56","slug":"camping-on-moen","status":"publish","type":"page","link":"https:\/\/www.insel-moen.de\/en\/camping-on-moen\/","title":{"rendered":"Camping on M\u00f6n"},"content":{"rendered":"\n<p class=\"has-drop-cap\">Camping is one of the most popular types of vacation. The inexpensive and simple type draws many people to campsites around the world.<\/p>\n\n<p>The Danish island of M\u00f6n is an eventful destination for all camping enthusiasts. The only 218 km\u00b2 large island, which lies in the middle of the Baltic Sea, impresses with its selection of excellent campsites.<\/p>\n\n<h2 class=\"wp-block-heading\"><meta charset=\"utf-8\"\/>Camp Chalk Cliffs M\u00f6n (Moens Klint)<\/h2>\n\n<p>One of the most beautiful places to stay and relax is the campsite Kreidefelsen M\u00f6n, also known as Camping Klint in Danish: <strong>\n  <a href=\"https:\/\/campmoensklint.dk\/\">M\u00f8ns Klint Camping<\/a>\n<\/strong>. Not far from the main attraction of the island of M\u00f6n, the M\u00f6ns Klint, tents or caravans can be set up on 400 pitches. The special feature here is the natural design of the course and the natural embedding in the landscape.<\/p>\n\n<div class=\"wp-block-buttons is-layout-flex wp-block-buttons-is-layout-flex\">\n<div class=\"wp-block-button\"><a class=\"wp-block-button__link wp-element-button\" href=\"https:\/\/www.awin1.com\/cread.php?awinmid=44063&amp;awinaffid=1312181&amp;ued=https%3A%2F%2Fwww.camping.info%2Fda%2Fcampinggrund%2Fcamping-mns-klint\" target=\"_blank\" rel=\"noreferrer noopener\">Info &amp; booking request<\/a><\/div>\n<\/div>\n\n<figure class=\"wp-block-image size-large is-resized\"><a href=\"https:\/\/www.insel-moen.de\/wp-content\/uploads\/2021\/10\/camp-mons-klint-dark-sky_&#xA9;Daniel-Villadsen-scaled.jpg\"><img decoding=\"async\" src=\"https:\/\/www.insel-moen.de\/wp-content\/uploads\/2021\/10\/camp-mons-klint-dark-sky_&#xA9;Daniel-Villadsen-768x1024.jpg\" alt=\"\" class=\"wp-image-553\" style=\"width:1200px\"\/><\/a><figcaption class=\"wp-element-caption\">At night at M\u00f8ns Klint campsite, along the N8 bicycle route.<\/figcaption><\/figure>\n<h2 class=\"wp-block-heading\">Keldby campsite<\/h2>\n\n<p class=\"has-drop-cap\">While the Klint campsite is in the immediate vicinity of the beach, it is 15km away<a href=\"http:\/\/www.keldbycampingmoen.dk\/zuhause\/\"> Keldby campsite<\/a> in the middle of the island of M\u00f6n.<br\/>The family and dog-friendly campsite enchants with its lovingly laid out space, surrounded by trees, bushes and many perennials. In addition to the mandatory parking spaces for your own tents and caravans, huts, summer houses and campers are offered here for a carefree holiday and are equipped with every imaginable comfort, such as refrigerator, stove, some with TV, pillows and blankets.<br\/>We also think about families with small children. If necessary, cots, strollers and high chairs can be borrowed.<\/p>\n\n<div class=\"wp-block-buttons is-layout-flex wp-block-buttons-is-layout-flex\">\n<div class=\"wp-block-button\"><a class=\"wp-block-button__link wp-element-button\" href=\"https:\/\/www.awin1.com\/cread.php?awinmid=44063&amp;awinaffid=1312181&amp;ued=https%3A%2F%2Fwww.camping.info%2Fda%2Fcampinggrund%2Fkeldby-camping-mn\" target=\"_blank\" rel=\"noreferrer noopener\">Info &amp; booking request<\/a><\/div>\n<\/div>\n\n<h2 class=\"wp-block-heading\">Ulvshale campsite<\/h2>\n\n<p class=\"has-drop-cap\">But family-friendliness and relaxation are not only important at Camping Keldby. In the north of the island of M\u00f6n the beach is close to the beach<a href=\"https:\/\/www.moenstrandcamping.dk\/de\/\"> Ulvshale campsite<\/a> on the Ulvshale peninsula and here, too, there is a lot on offer for families. The beautiful and spacious beach is ideal for children, because the shallow water invites you to splash around and play. In contrast, sports enthusiasts are also very welcome. Because the area is ideal for windsurfers and sports anglers.<br\/>The natural site is characterized by a landscape of forest, moorland and heathland. It offers a small number of pitches and a selection of caravans on site for holidaymakers without tents and mobile homes.<\/p>\n\n<div class=\"wp-block-buttons is-layout-flex wp-block-buttons-is-layout-flex\">\n<div class=\"wp-block-button\"><a class=\"wp-block-button__link wp-element-button\" href=\"https:\/\/www.awin1.com\/cread.php?awinmid=44063&amp;awinaffid=1312181&amp;ued=https%3A%2F%2Fwww.camping.info%2Fda%2Fcampinggrund%2Fmn-strandcamping-ulvshale\" target=\"_blank\" rel=\"noreferrer noopener\">Info &amp; booking request<\/a><\/div>\n<\/div>\n\n<h2 class=\"wp-block-heading\">Campsite in Stege<\/h2>\n\n<p>About 7 km from the Ulvshale campsite is the main town on the island of M\u00f6n, Stege. One of the smallest campsites in Denmark is located here. In the heart of the almost 4,000 inhabitants, the site is equipped with 30 parking spaces and 3 huts. The medieval defense system in the immediate vicinity is interesting.<\/p>\n\n<p>If Stege is not quiet enough for you, you will get your money&#8217;s worth at the Vestm\u00f6n campsite. Coming from Bog\u00f6, the place is at the beginning of the island of M\u00f6n. One of the most beautiful natural spots in Denmark is right on the water and invites you to relax and unwind. With 70 pitches, the Vestm\u00f6n campsite is one of the smaller campsites and is therefore familiar.<\/p>\n\n<h2 class=\"wp-block-heading\">Campsite Moenbroen<\/h2>\n\n<p>A similarly large campsite, with a fantastic view of the Ulsund, is the campsite<a href=\"http:\/\/www.moenbroen.dk\"> M\u00f6nbroen<\/a> . Kayakers in particular appreciate the excellent location of the site and rave about the very good starting point for kayak excursions of various levels of difficulty.<\/p>\n\n<p>For all camping lovers, the island of M\u00f6n is an ideal place to unwind.<\/p>\n\n<p>The campsites are open from April to early autumn and invite you to enjoy an interesting holiday in a unique landscape.<\/p>\n\n<div class=\"wp-block-buttons is-layout-flex wp-block-buttons-is-layout-flex\">\n<div class=\"wp-block-button\"><a class=\"wp-block-button__link wp-element-button\" href=\"https:\/\/www.awin1.com\/cread.php?awinmid=44063&amp;awinaffid=1312181&amp;ued=https%3A%2F%2Fwww.camping.info%2Fda%2Fcampinggrund%2Fcamping-mnbroen\" target=\"_blank\" rel=\"noreferrer noopener\">Info &amp; booking request<\/a><\/div>\n<\/div>\n\n<figure class=\"wp-block-image size-full\"><a href=\"https:\/\/www.insel-moen.de\/wp-content\/uploads\/2021\/09\/karte-camping-auf-der-insel-moen.png\"><img loading=\"lazy\" decoding=\"async\" width=\"640\" height=\"613\" src=\"https:\/\/www.insel-moen.de\/wp-content\/uploads\/2021\/09\/karte-camping-auf-der-insel-moen.png\" alt=\"\" class=\"wp-image-451\" srcset=\"https:\/\/www.insel-moen.de\/wp-content\/uploads\/2021\/09\/karte-camping-auf-der-insel-moen.png 640w, https:\/\/www.insel-moen.de\/wp-content\/uploads\/2021\/09\/karte-camping-auf-der-insel-moen-300x287.png 300w\" sizes=\"auto, (max-width: 640px) 100vw, 640px\" \/><\/a><figcaption class=\"wp-element-caption\">Map campsites on the island of M\u00f6n<\/figcaption><\/figure>\n<p>Photo: \u00a9 Daniel Villadsen<\/p>\n","protected":false},"excerpt":{"rendered":"<p>Camping is one of the most popular types of vacation. The inexpensive and simple type draws many people to campsites around the world. The Danish island of M\u00f6n is an eventful destination for all camping enthusiasts. The only 218 km\u00b2 large island, which lies in the middle of the Baltic Sea, impresses with its selection [&hellip;]<\/p>\n","protected":false},"author":3,"featured_media":601,"parent":0,"menu_order":0,"comment_status":"closed","ping_status":"closed","template":"templates\/template-full-width.php","meta":{"footnotes":""},"class_list":["post-643","page","type-page","status-publish","has-post-thumbnail","hentry"],"yoast_head":"<!-- This site is optimized with the Yoast SEO plugin v24.5 - https:\/\/yoast.com\/wordpress\/plugins\/seo\/ -->\n<title>Camping on M\u00f6n - Insel M\u00f6n<\/title>\n<meta name=\"description\" content=\"Discover idyllic campsites on M\u00f6n for the perfect outdoor vacation in Denmark. Enjoy nature, peace and adventure on the island of chalk cliffs. Ideal for families, hikers and nature lovers.\" \/>\n<meta name=\"robots\" content=\"index, follow, max-snippet:-1, max-image-preview:large, max-video-preview:-1\" \/>\n<link rel=\"canonical\" href=\"https:\/\/www.insel-moen.de\/en\/camping-on-moen\/\" \/>\n<meta property=\"og:locale\" content=\"en_US\" \/>\n<meta property=\"og:type\" content=\"article\" \/>\n<meta property=\"og:title\" content=\"Camping on M\u00f6n - Insel M\u00f6n\" \/>\n<meta property=\"og:description\" content=\"Discover idyllic campsites on M\u00f6n for the perfect outdoor vacation in Denmark. Enjoy nature, peace and adventure on the island of chalk cliffs. Ideal for families, hikers and nature lovers.\" \/>\n<meta property=\"og:url\" content=\"https:\/\/www.insel-moen.de\/en\/camping-on-moen\/\" \/>\n<meta property=\"og:site_name\" content=\"Insel M\u00f6n\" \/>\n<meta property=\"article:modified_time\" content=\"2024-04-03T08:44:56+00:00\" \/>\n<meta property=\"og:image\" content=\"https:\/\/www.insel-moen.de\/wp-content\/uploads\/2021\/09\/camp-moens-klint-1_\u00a9Daniel-Villadsen-scaled.jpg\" \/>\n\t<meta property=\"og:image:width\" content=\"2560\" \/>\n\t<meta property=\"og:image:height\" content=\"1920\" \/>\n\t<meta property=\"og:image:type\" content=\"image\/jpeg\" \/>\n<meta name=\"twitter:card\" content=\"summary_large_image\" \/>\n<meta name=\"twitter:label1\" content=\"Est. reading time\" \/>\n\t<meta name=\"twitter:data1\" content=\"3 minutes\" \/>\n<script type=\"application\/ld+json\" class=\"yoast-schema-graph\">{\"@context\":\"https:\/\/schema.org\",\"@graph\":[{\"@type\":\"WebPage\",\"@id\":\"https:\/\/www.insel-moen.de\/en\/camping-on-moen\/\",\"url\":\"https:\/\/www.insel-moen.de\/en\/camping-on-moen\/\",\"name\":\"Camping on M\u00f6n - Insel M\u00f6n\",\"isPartOf\":{\"@id\":\"https:\/\/www.insel-moen.de\/en\/#website\"},\"primaryImageOfPage\":{\"@id\":\"https:\/\/www.insel-moen.de\/en\/camping-on-moen\/#primaryimage\"},\"image\":{\"@id\":\"https:\/\/www.insel-moen.de\/en\/camping-on-moen\/#primaryimage\"},\"thumbnailUrl\":\"https:\/\/www.insel-moen.de\/wp-content\/uploads\/2021\/09\/camp-moens-klint-1_\u00a9Daniel-Villadsen-scaled.jpg\",\"datePublished\":\"2021-10-23T06:51:27+00:00\",\"dateModified\":\"2024-04-03T08:44:56+00:00\",\"description\":\"Discover idyllic campsites on M\u00f6n for the perfect outdoor vacation in Denmark. Enjoy nature, peace and adventure on the island of chalk cliffs. Ideal for families, hikers and nature lovers.\",\"breadcrumb\":{\"@id\":\"https:\/\/www.insel-moen.de\/en\/camping-on-moen\/#breadcrumb\"},\"inLanguage\":\"en-US\",\"potentialAction\":[{\"@type\":\"ReadAction\",\"target\":[\"https:\/\/www.insel-moen.de\/en\/camping-on-moen\/\"]}]},{\"@type\":\"ImageObject\",\"inLanguage\":\"en-US\",\"@id\":\"https:\/\/www.insel-moen.de\/en\/camping-on-moen\/#primaryimage\",\"url\":\"https:\/\/www.insel-moen.de\/wp-content\/uploads\/2021\/09\/camp-moens-klint-1_\u00a9Daniel-Villadsen-scaled.jpg\",\"contentUrl\":\"https:\/\/www.insel-moen.de\/wp-content\/uploads\/2021\/09\/camp-moens-klint-1_\u00a9Daniel-Villadsen-scaled.jpg\",\"width\":2560,\"height\":1920,\"caption\":\"Camping Moens Klint\"},{\"@type\":\"BreadcrumbList\",\"@id\":\"https:\/\/www.insel-moen.de\/en\/camping-on-moen\/#breadcrumb\",\"itemListElement\":[{\"@type\":\"ListItem\",\"position\":1,\"name\":\"Startseite\",\"item\":\"https:\/\/www.insel-moen.de\/en\/\"},{\"@type\":\"ListItem\",\"position\":2,\"name\":\"Camping on M\u00f6n\"}]},{\"@type\":\"WebSite\",\"@id\":\"https:\/\/www.insel-moen.de\/en\/#website\",\"url\":\"https:\/\/www.insel-moen.de\/en\/\",\"name\":\"Insel M\u00f6n\",\"description\":\"INSEL M\u00d6N - Urlaub in der D\u00e4nischen S\u00fcdsee\",\"publisher\":{\"@id\":\"https:\/\/www.insel-moen.de\/en\/#organization\"},\"potentialAction\":[{\"@type\":\"SearchAction\",\"target\":{\"@type\":\"EntryPoint\",\"urlTemplate\":\"https:\/\/www.insel-moen.de\/en\/?s={search_term_string}\"},\"query-input\":{\"@type\":\"PropertyValueSpecification\",\"valueRequired\":true,\"valueName\":\"search_term_string\"}}],\"inLanguage\":\"en-US\"},{\"@type\":\"Organization\",\"@id\":\"https:\/\/www.insel-moen.de\/en\/#organization\",\"name\":\"www.insel-moen.de\",\"url\":\"https:\/\/www.insel-moen.de\/en\/\",\"logo\":{\"@type\":\"ImageObject\",\"inLanguage\":\"en-US\",\"@id\":\"https:\/\/www.insel-moen.de\/en\/#\/schema\/logo\/image\/\",\"url\":\"https:\/\/www.insel-moen.de\/wp-content\/uploads\/2023\/08\/cropped-daenemark-logo-neu-klein.png\",\"contentUrl\":\"https:\/\/www.insel-moen.de\/wp-content\/uploads\/2023\/08\/cropped-daenemark-logo-neu-klein.png\",\"width\":100,\"height\":101,\"caption\":\"www.insel-moen.de\"},\"image\":{\"@id\":\"https:\/\/www.insel-moen.de\/en\/#\/schema\/logo\/image\/\"}}]}<\/script>\n<!-- \/ Yoast SEO plugin. -->","yoast_head_json":{"title":"Camping on M\u00f6n - Insel M\u00f6n","description":"Discover idyllic campsites on M\u00f6n for the perfect outdoor vacation in Denmark. Enjoy nature, peace and adventure on the island of chalk cliffs. Ideal for families, hikers and nature lovers.","robots":{"index":"index","follow":"follow","max-snippet":"max-snippet:-1","max-image-preview":"max-image-preview:large","max-video-preview":"max-video-preview:-1"},"canonical":"https:\/\/www.insel-moen.de\/en\/camping-on-moen\/","og_locale":"en_US","og_type":"article","og_title":"Camping on M\u00f6n - Insel M\u00f6n","og_description":"Discover idyllic campsites on M\u00f6n for the perfect outdoor vacation in Denmark. Enjoy nature, peace and adventure on the island of chalk cliffs. Ideal for families, hikers and nature lovers.","og_url":"https:\/\/www.insel-moen.de\/en\/camping-on-moen\/","og_site_name":"Insel M\u00f6n","article_modified_time":"2024-04-03T08:44:56+00:00","og_image":[{"width":2560,"height":1920,"url":"https:\/\/www.insel-moen.de\/wp-content\/uploads\/2021\/09\/camp-moens-klint-1_\u00a9Daniel-Villadsen-scaled.jpg","type":"image\/jpeg"}],"twitter_card":"summary_large_image","twitter_misc":{"Est. reading time":"3 minutes"},"schema":{"@context":"https:\/\/schema.org","@graph":[{"@type":"WebPage","@id":"https:\/\/www.insel-moen.de\/en\/camping-on-moen\/","url":"https:\/\/www.insel-moen.de\/en\/camping-on-moen\/","name":"Camping on M\u00f6n - Insel M\u00f6n","isPartOf":{"@id":"https:\/\/www.insel-moen.de\/en\/#website"},"primaryImageOfPage":{"@id":"https:\/\/www.insel-moen.de\/en\/camping-on-moen\/#primaryimage"},"image":{"@id":"https:\/\/www.insel-moen.de\/en\/camping-on-moen\/#primaryimage"},"thumbnailUrl":"https:\/\/www.insel-moen.de\/wp-content\/uploads\/2021\/09\/camp-moens-klint-1_\u00a9Daniel-Villadsen-scaled.jpg","datePublished":"2021-10-23T06:51:27+00:00","dateModified":"2024-04-03T08:44:56+00:00","description":"Discover idyllic campsites on M\u00f6n for the perfect outdoor vacation in Denmark. Enjoy nature, peace and adventure on the island of chalk cliffs. Ideal for families, hikers and nature lovers.","breadcrumb":{"@id":"https:\/\/www.insel-moen.de\/en\/camping-on-moen\/#breadcrumb"},"inLanguage":"en-US","potentialAction":[{"@type":"ReadAction","target":["https:\/\/www.insel-moen.de\/en\/camping-on-moen\/"]}]},{"@type":"ImageObject","inLanguage":"en-US","@id":"https:\/\/www.insel-moen.de\/en\/camping-on-moen\/#primaryimage","url":"https:\/\/www.insel-moen.de\/wp-content\/uploads\/2021\/09\/camp-moens-klint-1_\u00a9Daniel-Villadsen-scaled.jpg","contentUrl":"https:\/\/www.insel-moen.de\/wp-content\/uploads\/2021\/09\/camp-moens-klint-1_\u00a9Daniel-Villadsen-scaled.jpg","width":2560,"height":1920,"caption":"Camping Moens Klint"},{"@type":"BreadcrumbList","@id":"https:\/\/www.insel-moen.de\/en\/camping-on-moen\/#breadcrumb","itemListElement":[{"@type":"ListItem","position":1,"name":"Startseite","item":"https:\/\/www.insel-moen.de\/en\/"},{"@type":"ListItem","position":2,"name":"Camping on M\u00f6n"}]},{"@type":"WebSite","@id":"https:\/\/www.insel-moen.de\/en\/#website","url":"https:\/\/www.insel-moen.de\/en\/","name":"Insel M\u00f6n","description":"INSEL M\u00d6N - Urlaub in der D\u00e4nischen S\u00fcdsee","publisher":{"@id":"https:\/\/www.insel-moen.de\/en\/#organization"},"potentialAction":[{"@type":"SearchAction","target":{"@type":"EntryPoint","urlTemplate":"https:\/\/www.insel-moen.de\/en\/?s={search_term_string}"},"query-input":{"@type":"PropertyValueSpecification","valueRequired":true,"valueName":"search_term_string"}}],"inLanguage":"en-US"},{"@type":"Organization","@id":"https:\/\/www.insel-moen.de\/en\/#organization","name":"www.insel-moen.de","url":"https:\/\/www.insel-moen.de\/en\/","logo":{"@type":"ImageObject","inLanguage":"en-US","@id":"https:\/\/www.insel-moen.de\/en\/#\/schema\/logo\/image\/","url":"https:\/\/www.insel-moen.de\/wp-content\/uploads\/2023\/08\/cropped-daenemark-logo-neu-klein.png","contentUrl":"https:\/\/www.insel-moen.de\/wp-content\/uploads\/2023\/08\/cropped-daenemark-logo-neu-klein.png","width":100,"height":101,"caption":"www.insel-moen.de"},"image":{"@id":"https:\/\/www.insel-moen.de\/en\/#\/schema\/logo\/image\/"}}]}},"_links":{"self":[{"href":"https:\/\/www.insel-moen.de\/en\/wp-json\/wp\/v2\/pages\/643","targetHints":{"allow":["GET"]}}],"collection":[{"href":"https:\/\/www.insel-moen.de\/en\/wp-json\/wp\/v2\/pages"}],"about":[{"href":"https:\/\/www.insel-moen.de\/en\/wp-json\/wp\/v2\/types\/page"}],"author":[{"embeddable":true,"href":"https:\/\/www.insel-moen.de\/en\/wp-json\/wp\/v2\/users\/3"}],"replies":[{"embeddable":true,"href":"https:\/\/www.insel-moen.de\/en\/wp-json\/wp\/v2\/comments?post=643"}],"version-history":[{"count":13,"href":"https:\/\/www.insel-moen.de\/en\/wp-json\/wp\/v2\/pages\/643\/revisions"}],"predecessor-version":[{"id":7577,"href":"https:\/\/www.insel-moen.de\/en\/wp-json\/wp\/v2\/pages\/643\/revisions\/7577"}],"wp:featuredmedia":[{"embeddable":true,"href":"https:\/\/www.insel-moen.de\/en\/wp-json\/wp\/v2\/media\/601"}],"wp:attachment":[{"href":"https:\/\/www.insel-moen.de\/en\/wp-json\/wp\/v2\/media?parent=643"}],"curies":[{"name":"wp","href":"https:\/\/api.w.org\/{rel}","templated":true}]}}