{"id":641,"date":"2021-10-23T06:51:27","date_gmt":"2021-10-23T06:51:27","guid":{"rendered":"https:\/\/www.insel-moen.de\/welcome-to-the-island-of-moen\/"},"modified":"2024-05-16T08:17:22","modified_gmt":"2024-05-16T08:17:22","slug":"welcome-to-the-island-of-moen","status":"publish","type":"page","link":"https:\/\/www.insel-moen.de\/en\/","title":{"rendered":"Welcome to the island of M\u00f8n"},"content":{"rendered":"\n<div class=\"wp-block-buttons is-content-justification-center is-layout-flex wp-container-core-buttons-is-layout-16018d1d wp-block-buttons-is-layout-flex\">\n<div class=\"wp-block-button\"><a class=\"wp-block-button__link wp-element-button\" href=\"https:\/\/www.insel-moen.de\/en\/holiday-homes-on-the-island-of-moen\/holiday-house-moen-with-sea-view\/\">Vacation homes<\/a><\/div>\n\n\n\n<div class=\"wp-block-button\"><a class=\"wp-block-button__link wp-element-button\" href=\"https:\/\/www.insel-moen.de\/en\/bed-breakfast-island-of-moen\/\">Bed &amp; breakfast<\/a><\/div>\n\n\n\n<div class=\"wp-block-button\"><a class=\"wp-block-button__link wp-element-button\" href=\"https:\/\/www.insel-moen.de\/en\/arrival-to-the-island-of-moen\/\">getting there<\/a><\/div>\n<\/div>\n\n<p>The island of M\u00f6n is located in the Danish Baltic Sea, directly on Falster and has about ten thousand inhabitants. Due to its location in the Baltic Sea, the island has a balanced climate and is suitable for people who want to escape the great summer heat in Germany.<\/p>\n\n<h2 class=\"wp-block-heading\">Book your ferry ticket to M\u00f6n now<\/h2>\n\n<p><strong>Secure your dream vacation now and save money at the same time<\/strong><\/p>\n\n<p>Are you planning a trip to the island of M\u00f6n? Then take advantage of our special early booking offer and save up to 50% compared to the regular price at the port cash desk. You can enjoy this fantastic discount, especially on evening and night crossings, if you book at least 15 days in advance.<\/p>\n\n<p>So don&#8217;t wait any longer &#8211; secure your crossing now from just EUR 62. Discover the breathtaking nature and unique culture of M\u00f6n in a particularly affordable way.<\/p>\n\n<div class=\"wp-block-buttons is-layout-flex wp-block-buttons-is-layout-flex\">\n<div class=\"wp-block-button\"><a class=\"wp-block-button__link wp-element-button\" href=\"https:\/\/booking.scandlines.com\/?lang=de&amp;mandator=SAD&amp;provid=219403ed-fa22-4826-b47a-83e5a8924caf\">Here you will find the ferry offers from Puttgarden (Fehmarn) and Rostock<\/a><\/div>\n<\/div>\n\n<h2 class=\"wp-block-heading\">M\u00f6n has many special features and advantages<\/h2>\n\n<p>With Moens Klint you will find the highest chalk cliffs in Europe. Caspar David Friedrich practiced here before painting the chalk cliffs of R\u00fcgen.<\/p>\n\n<p>You will find a special light on M\u00f6n. The chalk cliffs and the Baltic Sea are certainly the reason for a very special glow, especially in the evening.<\/p>\n\n<p>M\u00f6n has an extremely attractive landscape. <strong>Almost all of <a href=\"https:\/\/www.insel-moen.de\/en\/the-chalk-cliffs-of-moen\/\">Europe&#8217;s landscapes<\/a> come together here on <a href=\"https:\/\/www.insel-moen.de\/en\/the-chalk-cliffs-of-moen\/\">one small island<\/a>.<\/strong> From flat and even meadows to rocky, wooded ridges, you can explore the landscape on foot or by bike.<\/p>\n\n<p>Many small pensions and holiday homes offer accommodation for every requirement and budget.<\/p>\n\n<p><\/p>\n\n<figure class=\"wp-block-embed is-type-video is-provider-youtube wp-block-embed-youtube wp-embed-aspect-16-9 wp-has-aspect-ratio\"><div class=\"wp-block-embed__wrapper\">\n<iframe loading=\"lazy\" title=\"Insel M\u00f6n - unglaubliche Impressionen von der D\u00e4nischen Insel\" width=\"580\" height=\"326\" src=\"https:\/\/www.youtube.com\/embed\/UQKhth_uh4U?feature=oembed\" frameborder=\"0\" allow=\"accelerometer; autoplay; clipboard-write; encrypted-media; gyroscope; picture-in-picture; web-share\" referrerpolicy=\"strict-origin-when-cross-origin\" allowfullscreen><\/iframe>\n<\/div><\/figure>\n\n<div class=\"wp-block-columns has-2-columns is-layout-flex wp-container-core-columns-is-layout-9d6595d7 wp-block-columns-is-layout-flex\">\n<div class=\"wp-block-column is-layout-flow wp-block-column-is-layout-flow\">\n<figure class=\"wp-block-image\"><a href=\"https:\/\/www.insel-moen.de\/en\/bed-breakfast-island-of-moen\/\"><img loading=\"lazy\" decoding=\"async\" width=\"700\" height=\"525\" src=\"https:\/\/www.insel-moen.de\/wp-content\/uploads\/2019\/06\/bakkelund-bed-and-breakfast.jpg\" alt=\"\" class=\"wp-image-225\" srcset=\"https:\/\/www.insel-moen.de\/wp-content\/uploads\/2019\/06\/bakkelund-bed-and-breakfast.jpg 700w, https:\/\/www.insel-moen.de\/wp-content\/uploads\/2019\/06\/bakkelund-bed-and-breakfast-300x225.jpg 300w, https:\/\/www.insel-moen.de\/wp-content\/uploads\/2019\/06\/bakkelund-bed-and-breakfast-560x420.jpg 560w, https:\/\/www.insel-moen.de\/wp-content\/uploads\/2019\/06\/bakkelund-bed-and-breakfast-120x90.jpg 120w\" sizes=\"auto, (max-width: 700px) 100vw, 700px\" \/><\/a><\/figure>\n\n\n<h2 class=\"wp-block-heading\">Bed &amp; Breakfast<\/h2>\n\n\n\n<p>M\u00f6n island is a Bed &amp; \/ Breakfast island. Many small pensions, for example in old farms, invite you to take a short break.<\/p>\n\n\n\n<div class=\"wp-block-button\"><a class=\"wp-block-button__link wp-element-button\" href=\"https:\/\/www.insel-moen.de\/en\/bed-breakfast-island-of-moen\/\">M\u00f6n Island Bed &amp; Breakfast<\/a><\/div>\n<\/div>\n\n\n\n<div class=\"wp-block-column is-layout-flow wp-block-column-is-layout-flow\">\n<figure class=\"wp-block-image\"><img loading=\"lazy\" decoding=\"async\" width=\"600\" height=\"382\" src=\"https:\/\/www.insel-moen.de\/wp-content\/uploads\/2019\/06\/klintholm-havn.jpg\" alt=\"\" class=\"wp-image-284\" srcset=\"https:\/\/www.insel-moen.de\/wp-content\/uploads\/2019\/06\/klintholm-havn.jpg 600w, https:\/\/www.insel-moen.de\/wp-content\/uploads\/2019\/06\/klintholm-havn-300x191.jpg 300w, https:\/\/www.insel-moen.de\/wp-content\/uploads\/2019\/06\/klintholm-havn-560x357.jpg 560w, https:\/\/www.insel-moen.de\/wp-content\/uploads\/2019\/06\/klintholm-havn-120x76.jpg 120w\" sizes=\"auto, (max-width: 600px) 100vw, 600px\" \/><\/figure>\n\n\n<h2 class=\"wp-block-heading\">Places on M\u00f6n<\/h2>\n\n\n\n<p>All information about the places on the island of M\u00f6n with insider tips. Let yourself be inspired.<\/p>\n\n\n\n<div class=\"wp-block-button\"><a class=\"wp-block-button__link wp-element-button\" href=\"https:\/\/www.insel-moen.de\/en\/places-on-the-island-of-moen\/\">Places on the island of M\u00f6n<\/a><\/div>\n<\/div>\n<\/div>\n\n<div class=\"wp-block-columns has-2-columns is-layout-flex wp-container-core-columns-is-layout-9d6595d7 wp-block-columns-is-layout-flex\">\n<div class=\"wp-block-column is-layout-flow wp-block-column-is-layout-flow\">\n<figure class=\"wp-block-image\"><a href=\"https:\/\/www.insel-moen.de\/en\/holiday-homes-on-the-island-of-moen\/\"><img loading=\"lazy\" decoding=\"async\" width=\"600\" height=\"400\" src=\"https:\/\/www.insel-moen.de\/wp-content\/uploads\/2019\/05\/Ferienhaeuser-in-Stege-auf-Moen.jpg\" alt=\"Vacation Homes on M&#xF6;n\" class=\"wp-image-199\" srcset=\"https:\/\/www.insel-moen.de\/wp-content\/uploads\/2019\/05\/Ferienhaeuser-in-Stege-auf-Moen.jpg 600w, https:\/\/www.insel-moen.de\/wp-content\/uploads\/2019\/05\/Ferienhaeuser-in-Stege-auf-Moen-300x200.jpg 300w, https:\/\/www.insel-moen.de\/wp-content\/uploads\/2019\/05\/Ferienhaeuser-in-Stege-auf-Moen-560x373.jpg 560w, https:\/\/www.insel-moen.de\/wp-content\/uploads\/2019\/05\/Ferienhaeuser-in-Stege-auf-Moen-120x80.jpg 120w\" sizes=\"auto, (max-width: 600px) 100vw, 600px\" \/><\/a><\/figure>\n\n\n<h2 class=\"wp-block-heading\">Vacation homes<\/h2>\n\n\n\n<p>There are around 250 holiday homes on M\u00f6n. Together with Atraveo, we have selected the most beautiful houses.<\/p>\n\n\n\n<div class=\"wp-block-button\"><a class=\"wp-block-button__link wp-element-button\" href=\"https:\/\/www.insel-moen.de\/en\/holiday-homes-on-the-island-of-moen\/\">M\u00f6n Island holiday houses<\/a><\/div>\n<\/div>\n\n\n\n<div class=\"wp-block-column is-layout-flow wp-block-column-is-layout-flow\">\n<figure class=\"wp-block-image\"><a href=\"https:\/\/www.insel-moen.de\/en\/arrival-to-the-island-of-moen\/\"><img loading=\"lazy\" decoding=\"async\" width=\"909\" height=\"803\" src=\"https:\/\/www.insel-moen.de\/wp-content\/uploads\/2019\/04\/Anreise-Faehrtermina-Rostock-Gedser.png\" alt=\"\" class=\"wp-image-168\" srcset=\"https:\/\/www.insel-moen.de\/wp-content\/uploads\/2019\/04\/Anreise-Faehrtermina-Rostock-Gedser.png 909w, https:\/\/www.insel-moen.de\/wp-content\/uploads\/2019\/04\/Anreise-Faehrtermina-Rostock-Gedser-300x265.png 300w, https:\/\/www.insel-moen.de\/wp-content\/uploads\/2019\/04\/Anreise-Faehrtermina-Rostock-Gedser-768x678.png 768w, https:\/\/www.insel-moen.de\/wp-content\/uploads\/2019\/04\/Anreise-Faehrtermina-Rostock-Gedser-810x716.png 810w, https:\/\/www.insel-moen.de\/wp-content\/uploads\/2019\/04\/Anreise-Faehrtermina-Rostock-Gedser-560x495.png 560w, https:\/\/www.insel-moen.de\/wp-content\/uploads\/2019\/04\/Anreise-Faehrtermina-Rostock-Gedser-736x650.png 736w, https:\/\/www.insel-moen.de\/wp-content\/uploads\/2019\/04\/Anreise-Faehrtermina-Rostock-Gedser-102x90.png 102w, https:\/\/www.insel-moen.de\/wp-content\/uploads\/2019\/04\/Anreise-Faehrtermina-Rostock-Gedser-600x530.png 600w\" sizes=\"auto, (max-width: 909px) 100vw, 909px\" \/><\/a><\/figure>\n\n\n<h2 class=\"wp-block-heading\">getting there<\/h2>\n\n\n\n<p>Getting to the island of M\u00f6n is very easy. We&#8217;ll show you how to get to the island quickly and cheaply.<\/p>\n\n\n\n<div class=\"wp-block-button\"><a class=\"wp-block-button__link wp-element-button\" href=\"https:\/\/www.insel-moen.de\/anreise\/\">Mon island arrival<\/a><\/div>\n<\/div>\n<\/div>\n\n<div class=\"wp-block-columns has-2-columns is-layout-flex wp-container-core-columns-is-layout-9d6595d7 wp-block-columns-is-layout-flex\">\n<div class=\"wp-block-column is-layout-flow wp-block-column-is-layout-flow\">\n<figure class=\"wp-block-image\"><img decoding=\"async\" src=\"https:\/\/www.insel-moen.de\/wp-content\/uploads\/2019\/03\/M&#xF8;ns-Klint_32411-1024x683.jpg\" alt=\"\" class=\"wp-image-40\"\/><\/figure>\n\n\n<h2 class=\"wp-block-heading\">Chalk cliffs on M\u00f6n<\/h2>\n\n\n\n<p>The chalk cliffs of M\u00f6n are a world sensation. Higher than on R\u00fcgen, they are the island&#8217;s landmark.<\/p>\n\n\n\n<div class=\"wp-block-button\"><a class=\"wp-block-button__link wp-element-button\" href=\"https:\/\/www.insel-moen.de\/en\/moens-geology\/\">The chalk cliffs of M\u00f6n<\/a><\/div>\n<\/div>\n\n\n\n<div class=\"wp-block-column is-layout-flow wp-block-column-is-layout-flow\"><\/div>\n<\/div>\n\n<h2 class=\"wp-block-heading\">M\u00f6n compact island<\/h2>\n\n<p><br\/>\nThe island of M\u00f8n in the Danish Baltic Sea, the ideal place for a successful family vacation, offers lush natural landscapes and family-friendly living options. Variety and relaxation are balanced on M\u00f8n.<\/p>\n\n<p><strong>The three best ways to get to M\u00f8n<\/strong><\/p>\n\n<ul class=\"wp-block-list\">\n<li>Option 1: drive to Puttgarden; from Puttgarden with the car ferry to R\u00f8dby (Lolland); 1 hour by car from R\u00f8dby (there are bridges to M\u00f8n).<\/li>\n\n\n\n<li>Option 2: From Rostock by ferry to Gedser, Falster Island; 1 hour from Gedser to M\u00f8n.<\/li>\n\n\n\n<li>Option 3: By train to Vordingborg, from there by bus to Stege.<\/li>\n<\/ul>\n\n<h2 class=\"wp-block-heading\">Living on M\u00f8n<\/h2>\n\n<p>Camping holidays promise a touch of freedom and adventure. There are 6 campsites on M\u00f8n, all near the beach: Ulvshale Camping in Stege, Camping VestM\u00f8n near Askeby \/ Harb\u00f6lle, Camping M\u00f8nbroen near Stege, Camping M\u00f8ns Klint (near the limestone cliffs), Keldby Camping and Stege Camping.<\/p>\n\n<p><strong>Hotels<\/strong><br\/>  On the island of M\u00f8n families spend their vacations in vacation apartments or houses. Nevertheless, there are a small number of smaller hotels and inns with a lot of flair, for example Hotel M\u00f8n. Two pensions promise island-style living, Pension Elmehoj (<a href=\"https:\/\/www.booking.com\/searchresults.en.html?region=3861&amp;aid=2199813&amp;no_rooms=1&amp;group_adults=2\"> www.elmehoj.dk<\/a> ) and the Pension Bakkegarden (<a href=\"https:\/\/www.booking.com\/searchresults.en.html?region=3861&amp;aid=2199813&amp;no_rooms=1&amp;group_adults=2\"> www.bakkegaarden64.dk<\/a> ).<\/p>\n\n<p><strong>Vacation homes<\/strong><br\/>  A huge selection of vacation homes, most of them near the beach, offers families pleasant living comfort. Apartments can be found all over the island.<\/p>\n\n<div class=\"wp-block-buttons is-layout-flex wp-block-buttons-is-layout-flex\">\n<div class=\"wp-block-button\"><a class=\"wp-block-button__link wp-element-button\" href=\"https:\/\/www.insel-moen.de\/en\/holiday-homes-on-the-island-of-moen\/\">View free FErien houses on M\u00f6n<\/a><\/div>\n<\/div>\n\n<h2 class=\"wp-block-heading\">Sights on the island of M\u00f8n<\/h2>\n\n<p><strong>The Klint<\/strong><br\/>\nYou will find impressive natural landscapes all over M\u00f8n. A natural spectacle in a class of its own, for which M\u00f8n is famous, is the 130 meter high cliff with its snow-white chalk cliffs (M\u00f6ns Klint) in the popular east of the island. Behind the cliffs, the Klintenwald begins with numbered and well-signposted hiking trails, on the routes of which you can discover a lot.<\/p>\n\n<p><strong>The lighthouse<\/strong><br\/>\nA trip to M\u00f8n&#8217;s lighthouse at the end of the cliff, whose fire can still be seen on the island of R\u00fcgen about 60 kilometers away, when the weather is clear, is worthwhile.<\/p>\n\n<p><strong>Museums<\/strong><br\/>\nMuseums sweeten a bad weather day. In addition to chalk stone, stone tools and ancient objects, the M\u00f8n Museum also shows themed changing exhibitions. A small theater museum in Westm\u00f8n with its unique stage exhibition offers cultural flair.<\/p>\n\n<p>In addition to this summary, you will find valuable additional information about the island here on our website<\/p>\n","protected":false},"excerpt":{"rendered":"<p>The island of M\u00f6n is located in the Danish Baltic Sea, directly on Falster and has about ten thousand inhabitants. Due to its location in the Baltic Sea, the island has a balanced climate and is suitable for people who want to escape the great summer heat in Germany. Book your ferry ticket to M\u00f6n [&hellip;]<\/p>\n","protected":false},"author":3,"featured_media":7700,"parent":0,"menu_order":0,"comment_status":"closed","ping_status":"closed","template":"templates\/template-full-width.php","meta":{"footnotes":""},"class_list":["post-641","page","type-page","status-publish","has-post-thumbnail","hentry"],"yoast_head":"<!-- This site is optimized with the Yoast SEO plugin v24.5 - https:\/\/yoast.com\/wordpress\/plugins\/seo\/ -->\n<title>M\u00f6n island Denmark - holiday houses, hotels, camping and insider tips<\/title>\n<meta name=\"description\" content=\"Denmark in Small - The island of M\u00f6n has it all - azure blue water - rocks, forests and great culinary offers. M\u00f6n by bike, on foot and on the water.\" \/>\n<meta name=\"robots\" content=\"index, follow, max-snippet:-1, max-image-preview:large, max-video-preview:-1\" \/>\n<link rel=\"canonical\" href=\"https:\/\/www.insel-moen.de\/en\/\" \/>\n<meta property=\"og:locale\" content=\"en_US\" \/>\n<meta property=\"og:type\" content=\"article\" \/>\n<meta property=\"og:title\" content=\"M\u00f6n island Denmark - holiday houses, hotels, camping and insider tips\" \/>\n<meta property=\"og:description\" content=\"Denmark in Small - The island of M\u00f6n has it all - azure blue water - rocks, forests and great culinary offers. M\u00f6n by bike, on foot and on the water.\" \/>\n<meta property=\"og:url\" content=\"https:\/\/www.insel-moen.de\/en\/\" \/>\n<meta property=\"og:site_name\" content=\"Insel M\u00f6n\" \/>\n<meta property=\"article:modified_time\" content=\"2024-05-16T08:17:22+00:00\" \/>\n<meta property=\"og:image\" content=\"https:\/\/www.insel-moen.de\/wp-content\/uploads\/2024\/05\/kreidefelsen-2024-3_resized.jpeg\" \/>\n\t<meta property=\"og:image:width\" content=\"1920\" \/>\n\t<meta property=\"og:image:height\" content=\"1118\" \/>\n\t<meta property=\"og:image:type\" content=\"image\/jpeg\" \/>\n<meta name=\"twitter:card\" content=\"summary_large_image\" \/>\n<meta name=\"twitter:label1\" content=\"Est. reading time\" \/>\n\t<meta name=\"twitter:data1\" content=\"4 minutes\" \/>\n<script type=\"application\/ld+json\" class=\"yoast-schema-graph\">{\"@context\":\"https:\/\/schema.org\",\"@graph\":[{\"@type\":\"WebPage\",\"@id\":\"https:\/\/www.insel-moen.de\/en\/\",\"url\":\"https:\/\/www.insel-moen.de\/en\/\",\"name\":\"M\u00f6n island Denmark - holiday houses, hotels, camping and insider tips\",\"isPartOf\":{\"@id\":\"https:\/\/www.insel-moen.de\/en\/#website\"},\"primaryImageOfPage\":{\"@id\":\"https:\/\/www.insel-moen.de\/en\/#primaryimage\"},\"image\":{\"@id\":\"https:\/\/www.insel-moen.de\/en\/#primaryimage\"},\"thumbnailUrl\":\"https:\/\/www.insel-moen.de\/wp-content\/uploads\/2024\/05\/kreidefelsen-2024-3_resized.jpeg\",\"datePublished\":\"2021-10-23T06:51:27+00:00\",\"dateModified\":\"2024-05-16T08:17:22+00:00\",\"description\":\"Denmark in Small - The island of M\u00f6n has it all - azure blue water - rocks, forests and great culinary offers. M\u00f6n by bike, on foot and on the water.\",\"breadcrumb\":{\"@id\":\"https:\/\/www.insel-moen.de\/en\/#breadcrumb\"},\"inLanguage\":\"en-US\",\"potentialAction\":[{\"@type\":\"ReadAction\",\"target\":[\"https:\/\/www.insel-moen.de\/en\/\"]}]},{\"@type\":\"ImageObject\",\"inLanguage\":\"en-US\",\"@id\":\"https:\/\/www.insel-moen.de\/en\/#primaryimage\",\"url\":\"https:\/\/www.insel-moen.de\/wp-content\/uploads\/2024\/05\/kreidefelsen-2024-3_resized.jpeg\",\"contentUrl\":\"https:\/\/www.insel-moen.de\/wp-content\/uploads\/2024\/05\/kreidefelsen-2024-3_resized.jpeg\",\"width\":1920,\"height\":1118},{\"@type\":\"BreadcrumbList\",\"@id\":\"https:\/\/www.insel-moen.de\/en\/#breadcrumb\",\"itemListElement\":[{\"@type\":\"ListItem\",\"position\":1,\"name\":\"Startseite\",\"item\":\"https:\/\/www.insel-moen.de\/en\/\"},{\"@type\":\"ListItem\",\"position\":2,\"name\":\"Welcome to the island of M\u00f8n\"}]},{\"@type\":\"WebSite\",\"@id\":\"https:\/\/www.insel-moen.de\/en\/#website\",\"url\":\"https:\/\/www.insel-moen.de\/en\/\",\"name\":\"Insel M\u00f6n\",\"description\":\"INSEL M\u00d6N - Urlaub in der D\u00e4nischen S\u00fcdsee\",\"publisher\":{\"@id\":\"https:\/\/www.insel-moen.de\/en\/#organization\"},\"potentialAction\":[{\"@type\":\"SearchAction\",\"target\":{\"@type\":\"EntryPoint\",\"urlTemplate\":\"https:\/\/www.insel-moen.de\/en\/?s={search_term_string}\"},\"query-input\":{\"@type\":\"PropertyValueSpecification\",\"valueRequired\":true,\"valueName\":\"search_term_string\"}}],\"inLanguage\":\"en-US\"},{\"@type\":\"Organization\",\"@id\":\"https:\/\/www.insel-moen.de\/en\/#organization\",\"name\":\"www.insel-moen.de\",\"url\":\"https:\/\/www.insel-moen.de\/en\/\",\"logo\":{\"@type\":\"ImageObject\",\"inLanguage\":\"en-US\",\"@id\":\"https:\/\/www.insel-moen.de\/en\/#\/schema\/logo\/image\/\",\"url\":\"https:\/\/www.insel-moen.de\/wp-content\/uploads\/2023\/08\/cropped-daenemark-logo-neu-klein.png\",\"contentUrl\":\"https:\/\/www.insel-moen.de\/wp-content\/uploads\/2023\/08\/cropped-daenemark-logo-neu-klein.png\",\"width\":100,\"height\":101,\"caption\":\"www.insel-moen.de\"},\"image\":{\"@id\":\"https:\/\/www.insel-moen.de\/en\/#\/schema\/logo\/image\/\"}}]}<\/script>\n<!-- \/ Yoast SEO plugin. -->","yoast_head_json":{"title":"M\u00f6n island Denmark - holiday houses, hotels, camping and insider tips","description":"Denmark in Small - The island of M\u00f6n has it all - azure blue water - rocks, forests and great culinary offers. M\u00f6n by bike, on foot and on the water.","robots":{"index":"index","follow":"follow","max-snippet":"max-snippet:-1","max-image-preview":"max-image-preview:large","max-video-preview":"max-video-preview:-1"},"canonical":"https:\/\/www.insel-moen.de\/en\/","og_locale":"en_US","og_type":"article","og_title":"M\u00f6n island Denmark - holiday houses, hotels, camping and insider tips","og_description":"Denmark in Small - The island of M\u00f6n has it all - azure blue water - rocks, forests and great culinary offers. M\u00f6n by bike, on foot and on the water.","og_url":"https:\/\/www.insel-moen.de\/en\/","og_site_name":"Insel M\u00f6n","article_modified_time":"2024-05-16T08:17:22+00:00","og_image":[{"width":1920,"height":1118,"url":"https:\/\/www.insel-moen.de\/wp-content\/uploads\/2024\/05\/kreidefelsen-2024-3_resized.jpeg","type":"image\/jpeg"}],"twitter_card":"summary_large_image","twitter_misc":{"Est. reading time":"4 minutes"},"schema":{"@context":"https:\/\/schema.org","@graph":[{"@type":"WebPage","@id":"https:\/\/www.insel-moen.de\/en\/","url":"https:\/\/www.insel-moen.de\/en\/","name":"M\u00f6n island Denmark - holiday houses, hotels, camping and insider tips","isPartOf":{"@id":"https:\/\/www.insel-moen.de\/en\/#website"},"primaryImageOfPage":{"@id":"https:\/\/www.insel-moen.de\/en\/#primaryimage"},"image":{"@id":"https:\/\/www.insel-moen.de\/en\/#primaryimage"},"thumbnailUrl":"https:\/\/www.insel-moen.de\/wp-content\/uploads\/2024\/05\/kreidefelsen-2024-3_resized.jpeg","datePublished":"2021-10-23T06:51:27+00:00","dateModified":"2024-05-16T08:17:22+00:00","description":"Denmark in Small - The island of M\u00f6n has it all - azure blue water - rocks, forests and great culinary offers. M\u00f6n by bike, on foot and on the water.","breadcrumb":{"@id":"https:\/\/www.insel-moen.de\/en\/#breadcrumb"},"inLanguage":"en-US","potentialAction":[{"@type":"ReadAction","target":["https:\/\/www.insel-moen.de\/en\/"]}]},{"@type":"ImageObject","inLanguage":"en-US","@id":"https:\/\/www.insel-moen.de\/en\/#primaryimage","url":"https:\/\/www.insel-moen.de\/wp-content\/uploads\/2024\/05\/kreidefelsen-2024-3_resized.jpeg","contentUrl":"https:\/\/www.insel-moen.de\/wp-content\/uploads\/2024\/05\/kreidefelsen-2024-3_resized.jpeg","width":1920,"height":1118},{"@type":"BreadcrumbList","@id":"https:\/\/www.insel-moen.de\/en\/#breadcrumb","itemListElement":[{"@type":"ListItem","position":1,"name":"Startseite","item":"https:\/\/www.insel-moen.de\/en\/"},{"@type":"ListItem","position":2,"name":"Welcome to the island of M\u00f8n"}]},{"@type":"WebSite","@id":"https:\/\/www.insel-moen.de\/en\/#website","url":"https:\/\/www.insel-moen.de\/en\/","name":"Insel M\u00f6n","description":"INSEL M\u00d6N - Urlaub in der D\u00e4nischen S\u00fcdsee","publisher":{"@id":"https:\/\/www.insel-moen.de\/en\/#organization"},"potentialAction":[{"@type":"SearchAction","target":{"@type":"EntryPoint","urlTemplate":"https:\/\/www.insel-moen.de\/en\/?s={search_term_string}"},"query-input":{"@type":"PropertyValueSpecification","valueRequired":true,"valueName":"search_term_string"}}],"inLanguage":"en-US"},{"@type":"Organization","@id":"https:\/\/www.insel-moen.de\/en\/#organization","name":"www.insel-moen.de","url":"https:\/\/www.insel-moen.de\/en\/","logo":{"@type":"ImageObject","inLanguage":"en-US","@id":"https:\/\/www.insel-moen.de\/en\/#\/schema\/logo\/image\/","url":"https:\/\/www.insel-moen.de\/wp-content\/uploads\/2023\/08\/cropped-daenemark-logo-neu-klein.png","contentUrl":"https:\/\/www.insel-moen.de\/wp-content\/uploads\/2023\/08\/cropped-daenemark-logo-neu-klein.png","width":100,"height":101,"caption":"www.insel-moen.de"},"image":{"@id":"https:\/\/www.insel-moen.de\/en\/#\/schema\/logo\/image\/"}}]}},"_links":{"self":[{"href":"https:\/\/www.insel-moen.de\/en\/wp-json\/wp\/v2\/pages\/641","targetHints":{"allow":["GET"]}}],"collection":[{"href":"https:\/\/www.insel-moen.de\/en\/wp-json\/wp\/v2\/pages"}],"about":[{"href":"https:\/\/www.insel-moen.de\/en\/wp-json\/wp\/v2\/types\/page"}],"author":[{"embeddable":true,"href":"https:\/\/www.insel-moen.de\/en\/wp-json\/wp\/v2\/users\/3"}],"replies":[{"embeddable":true,"href":"https:\/\/www.insel-moen.de\/en\/wp-json\/wp\/v2\/comments?post=641"}],"version-history":[{"count":25,"href":"https:\/\/www.insel-moen.de\/en\/wp-json\/wp\/v2\/pages\/641\/revisions"}],"predecessor-version":[{"id":8347,"href":"https:\/\/www.insel-moen.de\/en\/wp-json\/wp\/v2\/pages\/641\/revisions\/8347"}],"wp:featuredmedia":[{"embeddable":true,"href":"https:\/\/www.insel-moen.de\/en\/wp-json\/wp\/v2\/media\/7700"}],"wp:attachment":[{"href":"https:\/\/www.insel-moen.de\/en\/wp-json\/wp\/v2\/media?parent=641"}],"curies":[{"name":"wp","href":"https:\/\/api.w.org\/{rel}","templated":true}]}}