{"id":639,"date":"2021-10-23T06:51:26","date_gmt":"2021-10-23T06:51:26","guid":{"rendered":"https:\/\/www.insel-moen.de\/activities-on-the-island-of-moen\/riding-on-the-island-of-moen\/"},"modified":"2024-03-18T16:14:34","modified_gmt":"2024-03-18T16:14:34","slug":"riding-on-the-island-of-moen","status":"publish","type":"page","link":"https:\/\/www.insel-moen.de\/en\/activities-on-the-island-of-moen\/riding-on-the-island-of-moen\/","title":{"rendered":"Riding on the island of M\u00f6n"},"content":{"rendered":"\n<p><strong>Who offers horse riding?<\/strong><br\/>The now almost 10,000 inhabitants of the almost 218 km\u00b2 large island of M\u00f8n in the Danish South Zealand recognized early on that the use of horses not only in agriculture fits in well with the natural landscape conditions of their homeland, but that guests, holidaymakers and visitors to the idyllic island too You could really enjoy exploring the countless forest paths, flowering meadows, rolling hills and small villages and of course the imposing chalk cliffs of M\u00f8ns Klint on the backs of noble thoroughbreds and half-bloods.<br\/><br\/>Two proven and well-known addresses for this are, for example, the M\u00f8ns Klint Resort at Klintevej 544 in DK-479 Borre, not far from the eastern cliffs, the spacious establishment not only offers the already award-winning campsite and very cozy holiday homes, you can also take guided tours there participate or even professionally accommodate your own horse during your vacation. The resort works closely with the nationally renowned \u00e2 \u20ac \u0153M\u00f8n Isl\u00c3\u00a6ndercenter\u00e2 \u20ac as well as another horse rental company (\u00e2 \u20ac \u0153Rent a Horse\u00e2 \u20ac), who are happy to assist guests with Icelandic horses, which are perfectly adapted to the terrain, as well as local guides and companions available for the rides. Also recommended is the Stenagergad horse pension in Klintevej 161 in DK-4780 Stege. The house offers a 20 by 60 meter long outdoor riding arena, the indoor riding arena (20 by 40 meters) that can be rented hourly, daily, monthly or semi-annually, the 40 by 80 meter jumping and grass field, the cross-country course with jumping opportunities in its own private forest, a truck for horse transport as well as a convenient location near the beach and forest and a bus stop right in front of the farm.<\/p>\n\n<!--more-->\n\n<h2 class=\"wp-block-heading\">What is offered for riders?<\/h2>\n\n<p>These two providers, as well as many other private accommodation providers on M\u00f8n with riding offers for children, beginners and advanced riders, for example in Askeby or Elmelund, naturally concentrate primarily on the scenically impressive rides with magnificent panoramic views, such as on the long sandy beach Klinteskoven below the chalk cliffs, in the  <a href=\"https:\/\/www.insel-moen.de\/en\/herregaardenesdag-at-liselund-castle-an-immersion-in-romance-and-history-20-08-23\/\">Liselund Park,<\/a> to Jydelejet, Havrelukke, Klintholm and H\u00f8vblege, and many of the hiking trails on M\u00f8n can also be used by riders and their horses as a matter of course. If you don&#8217;t want to spend a whole riding holiday, but maybe just a morning or afternoon in the saddle on a stallion or mare, the rider packages offered by the tourist office in Storegade 2 in DK-4780 Stege are most likely to come into question include a few hours of riding. Therapeutic riding under expert and professional guidance, on the other hand, can also be used with a clear conscience in the aforementioned \u00e2 \u20ac \u0153M\u00f8n Isl\u00c3\u00a6ndercenter\u00e2 \u20ac in Borre Use of horses.<\/p>\n\n<h2 class=\"wp-block-heading\">What are the conditions like for riding on M\u00f6n?<\/h2>\n\n<p>As it should have already become apparent from what has been written so far, the conditions for a riding holiday on M\u00f8n are almost ideal. In addition to the briefly outlined infrastructure and offer structure, it should also be noted that it is on the island &#8211; with the possible exception of the main summer season \u201cThere is relatively little private car traffic, car traffic is not allowed at all on the small neighboring island of Nyord, which is accessible via a dam and is known for its bird sanctuary. Riders do not have to worry about endangering themselves or their animals, and horses are generally accepted and highly respected on the island, as for centuries they were the most important and indispensable agricultural tools of the mostly rural population at the time. In 2013, for the first time in 45 years, one of the previously very frequent dog hunts on horseback will take place, which is organized by the M\u00f8ns Reitklub, the Storstr\u00f8ms Hunting Riding Club and the Hamburg Drag Hunting Club in cooperation with the three estates Nordfeld, Liselund and Klintholm . This is also just a so-called hunt for a track that has been laid, live game is of course not harmed. New registrations from interested participants are unfortunately no longer possible due to the upcoming event (September 7, 2013), but spectators and those interested in future hunts are of course welcome.<\/p>\n<div class=\"wp-block-image\">\n<figure class=\"aligncenter\"><img decoding=\"async\" src=\"https:\/\/www.daenemark-reisen.com\/wp-content\/uploads\/2013\/09\/reiten-auf-der-insel-moen.jpg\" alt=\"Riding on vacation on the island of M&#xF6;n\" class=\"wp-image-875\" title=\"Riding on vacation on the island of M&#xF6;n\"\/><\/figure><\/div>\n<h2 class=\"wp-block-heading\">Where can you book and can you recommend riding holidays on the island of M\u00f6n?<\/h2>\n\n<p>You can book directly or obtain information about the exact booking formalities, dates and special offers at all of the above facilities, which can also be reached online and maintain a detailed network presence. If you have your own Danish language skills, you can also find out more about special events for horse lovers on M\u00f8n and the surrounding area on the homepage of the Danish Ride Forbund or from its local member, the M\u00f8ns Sportsrideklub in Stege. But even without relevant competitions and races, the island of M\u00f8n is unreservedly and warmly recommended for a horse-riding holiday without further ado for horse lovers of all ages.<\/p>\n\n<p>Photos: \u00a9 Niclas Jessen<\/p>\n","protected":false},"excerpt":{"rendered":"<p>Who offers horse riding?The now almost 10,000 inhabitants of the almost 218 km\u00b2 large island of M\u00f8n in the Danish South Zealand recognized early on that the use of horses not only in agriculture fits in well with the natural landscape conditions of their homeland, but that guests, holidaymakers and visitors to the idyllic island [&hellip;]<\/p>\n","protected":false},"author":3,"featured_media":610,"parent":624,"menu_order":0,"comment_status":"closed","ping_status":"closed","template":"templates\/template-full-width.php","meta":{"footnotes":""},"class_list":["post-639","page","type-page","status-publish","has-post-thumbnail","hentry"],"yoast_head":"<!-- This site is optimized with the Yoast SEO plugin v24.5 - https:\/\/yoast.com\/wordpress\/plugins\/seo\/ -->\n<title>Riding on the island of M\u00f6n - Insel M\u00f6n<\/title>\n<meta name=\"robots\" content=\"index, follow, max-snippet:-1, max-image-preview:large, max-video-preview:-1\" \/>\n<link rel=\"canonical\" href=\"https:\/\/www.insel-moen.de\/en\/activities-on-the-island-of-moen\/riding-on-the-island-of-moen\/\" \/>\n<meta property=\"og:locale\" content=\"en_US\" \/>\n<meta property=\"og:type\" content=\"article\" \/>\n<meta property=\"og:title\" content=\"Riding on the island of M\u00f6n - Insel M\u00f6n\" \/>\n<meta property=\"og:description\" content=\"Who offers horse riding?The now almost 10,000 inhabitants of the almost 218 km\u00b2 large island of M\u00f8n in the Danish South Zealand recognized early on that the use of horses not only in agriculture fits in well with the natural landscape conditions of their homeland, but that guests, holidaymakers and visitors to the idyllic island [&hellip;]\" \/>\n<meta property=\"og:url\" content=\"https:\/\/www.insel-moen.de\/en\/activities-on-the-island-of-moen\/riding-on-the-island-of-moen\/\" \/>\n<meta property=\"og:site_name\" content=\"Insel M\u00f6n\" \/>\n<meta property=\"article:modified_time\" content=\"2024-03-18T16:14:34+00:00\" \/>\n<meta property=\"og:image\" content=\"https:\/\/www.insel-moen.de\/wp-content\/uploads\/2021\/10\/To-born-med-en-hest_3529-scaled.jpg\" \/>\n\t<meta property=\"og:image:width\" content=\"2560\" \/>\n\t<meta property=\"og:image:height\" content=\"1810\" \/>\n\t<meta property=\"og:image:type\" content=\"image\/jpeg\" \/>\n<meta name=\"twitter:card\" content=\"summary_large_image\" \/>\n<meta name=\"twitter:label1\" content=\"Est. reading time\" \/>\n\t<meta name=\"twitter:data1\" content=\"4 minutes\" \/>\n<script type=\"application\/ld+json\" class=\"yoast-schema-graph\">{\"@context\":\"https:\/\/schema.org\",\"@graph\":[{\"@type\":\"WebPage\",\"@id\":\"https:\/\/www.insel-moen.de\/en\/activities-on-the-island-of-moen\/riding-on-the-island-of-moen\/\",\"url\":\"https:\/\/www.insel-moen.de\/en\/activities-on-the-island-of-moen\/riding-on-the-island-of-moen\/\",\"name\":\"Riding on the island of M\u00f6n - Insel M\u00f6n\",\"isPartOf\":{\"@id\":\"https:\/\/www.insel-moen.de\/en\/#website\"},\"primaryImageOfPage\":{\"@id\":\"https:\/\/www.insel-moen.de\/en\/activities-on-the-island-of-moen\/riding-on-the-island-of-moen\/#primaryimage\"},\"image\":{\"@id\":\"https:\/\/www.insel-moen.de\/en\/activities-on-the-island-of-moen\/riding-on-the-island-of-moen\/#primaryimage\"},\"thumbnailUrl\":\"https:\/\/www.insel-moen.de\/wp-content\/uploads\/2021\/10\/To-born-med-en-hest_3529-scaled.jpg\",\"datePublished\":\"2021-10-23T06:51:26+00:00\",\"dateModified\":\"2024-03-18T16:14:34+00:00\",\"breadcrumb\":{\"@id\":\"https:\/\/www.insel-moen.de\/en\/activities-on-the-island-of-moen\/riding-on-the-island-of-moen\/#breadcrumb\"},\"inLanguage\":\"en-US\",\"potentialAction\":[{\"@type\":\"ReadAction\",\"target\":[\"https:\/\/www.insel-moen.de\/en\/activities-on-the-island-of-moen\/riding-on-the-island-of-moen\/\"]}]},{\"@type\":\"ImageObject\",\"inLanguage\":\"en-US\",\"@id\":\"https:\/\/www.insel-moen.de\/en\/activities-on-the-island-of-moen\/riding-on-the-island-of-moen\/#primaryimage\",\"url\":\"https:\/\/www.insel-moen.de\/wp-content\/uploads\/2021\/10\/To-born-med-en-hest_3529-scaled.jpg\",\"contentUrl\":\"https:\/\/www.insel-moen.de\/wp-content\/uploads\/2021\/10\/To-born-med-en-hest_3529-scaled.jpg\",\"width\":2560,\"height\":1810},{\"@type\":\"BreadcrumbList\",\"@id\":\"https:\/\/www.insel-moen.de\/en\/activities-on-the-island-of-moen\/riding-on-the-island-of-moen\/#breadcrumb\",\"itemListElement\":[{\"@type\":\"ListItem\",\"position\":1,\"name\":\"Startseite\",\"item\":\"https:\/\/www.insel-moen.de\/en\/\"},{\"@type\":\"ListItem\",\"position\":2,\"name\":\"Sights and activities on M\u00f8n\",\"item\":\"https:\/\/www.insel-moen.de\/en\/activities-on-the-island-of-moen\/\"},{\"@type\":\"ListItem\",\"position\":3,\"name\":\"Riding on the island of M\u00f6n\"}]},{\"@type\":\"WebSite\",\"@id\":\"https:\/\/www.insel-moen.de\/en\/#website\",\"url\":\"https:\/\/www.insel-moen.de\/en\/\",\"name\":\"Insel M\u00f6n\",\"description\":\"INSEL M\u00d6N - Urlaub in der D\u00e4nischen S\u00fcdsee\",\"publisher\":{\"@id\":\"https:\/\/www.insel-moen.de\/en\/#organization\"},\"potentialAction\":[{\"@type\":\"SearchAction\",\"target\":{\"@type\":\"EntryPoint\",\"urlTemplate\":\"https:\/\/www.insel-moen.de\/en\/?s={search_term_string}\"},\"query-input\":{\"@type\":\"PropertyValueSpecification\",\"valueRequired\":true,\"valueName\":\"search_term_string\"}}],\"inLanguage\":\"en-US\"},{\"@type\":\"Organization\",\"@id\":\"https:\/\/www.insel-moen.de\/en\/#organization\",\"name\":\"www.insel-moen.de\",\"url\":\"https:\/\/www.insel-moen.de\/en\/\",\"logo\":{\"@type\":\"ImageObject\",\"inLanguage\":\"en-US\",\"@id\":\"https:\/\/www.insel-moen.de\/en\/#\/schema\/logo\/image\/\",\"url\":\"https:\/\/www.insel-moen.de\/wp-content\/uploads\/2023\/08\/cropped-daenemark-logo-neu-klein.png\",\"contentUrl\":\"https:\/\/www.insel-moen.de\/wp-content\/uploads\/2023\/08\/cropped-daenemark-logo-neu-klein.png\",\"width\":100,\"height\":101,\"caption\":\"www.insel-moen.de\"},\"image\":{\"@id\":\"https:\/\/www.insel-moen.de\/en\/#\/schema\/logo\/image\/\"}}]}<\/script>\n<!-- \/ Yoast SEO plugin. -->","yoast_head_json":{"title":"Riding on the island of M\u00f6n - Insel M\u00f6n","robots":{"index":"index","follow":"follow","max-snippet":"max-snippet:-1","max-image-preview":"max-image-preview:large","max-video-preview":"max-video-preview:-1"},"canonical":"https:\/\/www.insel-moen.de\/en\/activities-on-the-island-of-moen\/riding-on-the-island-of-moen\/","og_locale":"en_US","og_type":"article","og_title":"Riding on the island of M\u00f6n - Insel M\u00f6n","og_description":"Who offers horse riding?The now almost 10,000 inhabitants of the almost 218 km\u00b2 large island of M\u00f8n in the Danish South Zealand recognized early on that the use of horses not only in agriculture fits in well with the natural landscape conditions of their homeland, but that guests, holidaymakers and visitors to the idyllic island [&hellip;]","og_url":"https:\/\/www.insel-moen.de\/en\/activities-on-the-island-of-moen\/riding-on-the-island-of-moen\/","og_site_name":"Insel M\u00f6n","article_modified_time":"2024-03-18T16:14:34+00:00","og_image":[{"width":2560,"height":1810,"url":"https:\/\/www.insel-moen.de\/wp-content\/uploads\/2021\/10\/To-born-med-en-hest_3529-scaled.jpg","type":"image\/jpeg"}],"twitter_card":"summary_large_image","twitter_misc":{"Est. reading time":"4 minutes"},"schema":{"@context":"https:\/\/schema.org","@graph":[{"@type":"WebPage","@id":"https:\/\/www.insel-moen.de\/en\/activities-on-the-island-of-moen\/riding-on-the-island-of-moen\/","url":"https:\/\/www.insel-moen.de\/en\/activities-on-the-island-of-moen\/riding-on-the-island-of-moen\/","name":"Riding on the island of M\u00f6n - Insel M\u00f6n","isPartOf":{"@id":"https:\/\/www.insel-moen.de\/en\/#website"},"primaryImageOfPage":{"@id":"https:\/\/www.insel-moen.de\/en\/activities-on-the-island-of-moen\/riding-on-the-island-of-moen\/#primaryimage"},"image":{"@id":"https:\/\/www.insel-moen.de\/en\/activities-on-the-island-of-moen\/riding-on-the-island-of-moen\/#primaryimage"},"thumbnailUrl":"https:\/\/www.insel-moen.de\/wp-content\/uploads\/2021\/10\/To-born-med-en-hest_3529-scaled.jpg","datePublished":"2021-10-23T06:51:26+00:00","dateModified":"2024-03-18T16:14:34+00:00","breadcrumb":{"@id":"https:\/\/www.insel-moen.de\/en\/activities-on-the-island-of-moen\/riding-on-the-island-of-moen\/#breadcrumb"},"inLanguage":"en-US","potentialAction":[{"@type":"ReadAction","target":["https:\/\/www.insel-moen.de\/en\/activities-on-the-island-of-moen\/riding-on-the-island-of-moen\/"]}]},{"@type":"ImageObject","inLanguage":"en-US","@id":"https:\/\/www.insel-moen.de\/en\/activities-on-the-island-of-moen\/riding-on-the-island-of-moen\/#primaryimage","url":"https:\/\/www.insel-moen.de\/wp-content\/uploads\/2021\/10\/To-born-med-en-hest_3529-scaled.jpg","contentUrl":"https:\/\/www.insel-moen.de\/wp-content\/uploads\/2021\/10\/To-born-med-en-hest_3529-scaled.jpg","width":2560,"height":1810},{"@type":"BreadcrumbList","@id":"https:\/\/www.insel-moen.de\/en\/activities-on-the-island-of-moen\/riding-on-the-island-of-moen\/#breadcrumb","itemListElement":[{"@type":"ListItem","position":1,"name":"Startseite","item":"https:\/\/www.insel-moen.de\/en\/"},{"@type":"ListItem","position":2,"name":"Sights and activities on M\u00f8n","item":"https:\/\/www.insel-moen.de\/en\/activities-on-the-island-of-moen\/"},{"@type":"ListItem","position":3,"name":"Riding on the island of M\u00f6n"}]},{"@type":"WebSite","@id":"https:\/\/www.insel-moen.de\/en\/#website","url":"https:\/\/www.insel-moen.de\/en\/","name":"Insel M\u00f6n","description":"INSEL M\u00d6N - Urlaub in der D\u00e4nischen S\u00fcdsee","publisher":{"@id":"https:\/\/www.insel-moen.de\/en\/#organization"},"potentialAction":[{"@type":"SearchAction","target":{"@type":"EntryPoint","urlTemplate":"https:\/\/www.insel-moen.de\/en\/?s={search_term_string}"},"query-input":{"@type":"PropertyValueSpecification","valueRequired":true,"valueName":"search_term_string"}}],"inLanguage":"en-US"},{"@type":"Organization","@id":"https:\/\/www.insel-moen.de\/en\/#organization","name":"www.insel-moen.de","url":"https:\/\/www.insel-moen.de\/en\/","logo":{"@type":"ImageObject","inLanguage":"en-US","@id":"https:\/\/www.insel-moen.de\/en\/#\/schema\/logo\/image\/","url":"https:\/\/www.insel-moen.de\/wp-content\/uploads\/2023\/08\/cropped-daenemark-logo-neu-klein.png","contentUrl":"https:\/\/www.insel-moen.de\/wp-content\/uploads\/2023\/08\/cropped-daenemark-logo-neu-klein.png","width":100,"height":101,"caption":"www.insel-moen.de"},"image":{"@id":"https:\/\/www.insel-moen.de\/en\/#\/schema\/logo\/image\/"}}]}},"_links":{"self":[{"href":"https:\/\/www.insel-moen.de\/en\/wp-json\/wp\/v2\/pages\/639","targetHints":{"allow":["GET"]}}],"collection":[{"href":"https:\/\/www.insel-moen.de\/en\/wp-json\/wp\/v2\/pages"}],"about":[{"href":"https:\/\/www.insel-moen.de\/en\/wp-json\/wp\/v2\/types\/page"}],"author":[{"embeddable":true,"href":"https:\/\/www.insel-moen.de\/en\/wp-json\/wp\/v2\/users\/3"}],"replies":[{"embeddable":true,"href":"https:\/\/www.insel-moen.de\/en\/wp-json\/wp\/v2\/comments?post=639"}],"version-history":[{"count":2,"href":"https:\/\/www.insel-moen.de\/en\/wp-json\/wp\/v2\/pages\/639\/revisions"}],"predecessor-version":[{"id":7111,"href":"https:\/\/www.insel-moen.de\/en\/wp-json\/wp\/v2\/pages\/639\/revisions\/7111"}],"up":[{"embeddable":true,"href":"https:\/\/www.insel-moen.de\/en\/wp-json\/wp\/v2\/pages\/624"}],"wp:featuredmedia":[{"embeddable":true,"href":"https:\/\/www.insel-moen.de\/en\/wp-json\/wp\/v2\/media\/610"}],"wp:attachment":[{"href":"https:\/\/www.insel-moen.de\/en\/wp-json\/wp\/v2\/media?parent=639"}],"curies":[{"name":"wp","href":"https:\/\/api.w.org\/{rel}","templated":true}]}}