{"id":632,"date":"2021-10-23T06:51:26","date_gmt":"2021-10-23T06:51:26","guid":{"rendered":"https:\/\/www.insel-moen.de\/nature\/lieselund-castle\/"},"modified":"2024-03-20T04:49:19","modified_gmt":"2024-03-20T04:49:19","slug":"lieselund-castle","status":"publish","type":"page","link":"https:\/\/www.insel-moen.de\/en\/nature\/lieselund-castle\/","title":{"rendered":"Lieselund Castle"},"content":{"rendered":"<p>Liselund Castle was formerly called S\u00f6markegarden and was acquired by the Calette family in 1783. The term castle is basically an exaggeration, as it is a rather normal house to live in. Liseslund is located directly on the cliff in a park. The park is used by many locals for picnics in the summer on public holidays and on weekends. There are also food and souvenir sales outlets. It is best to always hike along the steep coast to Liseslund. A wonderful view over the Baltic Sea rewards your efforts before you reach the enchanted Liselund Castle.<\/p>\n<p><img decoding=\"async\" src=\"https:\/\/www.daenemark-reisen.com\/wp-content\/uploads\/2012\/09\/schloss-liselund-moen.jpg\" alt=\"\"Photo:\"><\/p>\n<p>Liselund Castle is located in an English landscape garden near the chalk cliffs of M\u00f8ns Klint. It was created according to the plans of the well-known country house architect Andreas Kirkerup and the client Calmette. The castle was built in the classical style and is just about the size of a villa or a country house. The external location of the Danish National Museum is housed here.<\/p>\n<p>On the ground floor there is a vestibule, next to it the visitor enters the monkey room, named after the picture of a monkey that can be seen on the wall mirror. This room, like the red bedroom, was furnished by Joseph Christian Lillie. Some pieces of furniture were also designed by him, these fit perfectly into the rooms, most of them still come from that time. The most splendid room, however, is the dining room with its floor painted in black and white. Large patio doors lead directly to the outside. Nine guest rooms are housed under the thatched roof<\/p>\n<p>The previous building, S\u00f8markegaard, stood here as early as the Middle Ages. The chamberlain Antoine de la Calmette bought this house in 1783. Out of love for his wife Anna Catharina Elisabeth Iselin, S\u00f8markegaard was called Liselund from then on. The beautiful park of Liselund was created over eight years of work. Unfortunately, in 1905 some gems, such as artificial ruins, a waterfall and a small chapel with an onion dome, fell into the water when the cliff erupted.<\/p>\n<p>In 1843, Baron Rosenkrantz acquired <a href=\"https:\/\/www.insel-moen.de\/en\/herregaardenesdag-at-liselund-castle-an-immersion-in-romance-and-history-20-08-23\/\">Liselund<\/a> together with his estate after the last generation of Calmette had died, although the widow Calmette continued to live in the castle until she died in 1867. Gottlob Rosenkrantz had a new manor built nearby in 1877. In 1938, Liselund Palace became a foundation and was open to visitors from then on.<\/p>\n<p>The Linselund Museum is only open for guided tours, from May 1st to September 30th, Wednesdays to Sundays at 10:30 a.m., 11:00 a.m., 1:30 p.m. and 2:00 p.m.<\/p>\n<p><strong>Address:<\/strong><br \/>\nLisesund Park<br \/>\nLangebjergvej 4, 4791 Borre<br \/>\nWebsite:<a href=\"http:\/\/liselundslot.dk\/index.php\/de\/\" target=\"_blank\" rel=\"noopener noreferrer\"> http:\/\/liselundslot.dk\/index.php\/de\/<\/a><\/p>\n<p>Photos:<a href=\"http:\/\/www.flickr.com\/people\/wm_archiv\/\"> Allie Caulfield<\/a> , Ceer van Roeden<\/p>\n","protected":false},"excerpt":{"rendered":"<p>Liselund Castle was formerly called S\u00f6markegarden and was acquired by the Calette family in 1783. The term castle is basically an exaggeration, as it is a rather normal house to live in. Liseslund is located directly on the cliff in a park. The park is used by many locals for picnics in the summer on [&hellip;]<\/p>\n","protected":false},"author":3,"featured_media":0,"parent":620,"menu_order":0,"comment_status":"closed","ping_status":"closed","template":"","meta":{"footnotes":""},"class_list":["post-632","page","type-page","status-publish","hentry"],"yoast_head":"<!-- This site is optimized with the Yoast SEO plugin v24.5 - https:\/\/yoast.com\/wordpress\/plugins\/seo\/ -->\n<title>Lieselund Castle - Insel M\u00f6n<\/title>\n<meta name=\"description\" content=\"Discover the picturesque Liselund Castle in its idyllic park on the cliffs. Enjoy wonderful views, picnics and unique souvenirs.\" \/>\n<meta name=\"robots\" content=\"index, follow, max-snippet:-1, max-image-preview:large, max-video-preview:-1\" \/>\n<link rel=\"canonical\" href=\"https:\/\/www.insel-moen.de\/en\/nature\/lieselund-castle\/\" \/>\n<meta property=\"og:locale\" content=\"en_US\" \/>\n<meta property=\"og:type\" content=\"article\" \/>\n<meta property=\"og:title\" content=\"Lieselund Castle - Insel M\u00f6n\" \/>\n<meta property=\"og:description\" content=\"Discover the picturesque Liselund Castle in its idyllic park on the cliffs. Enjoy wonderful views, picnics and unique souvenirs.\" \/>\n<meta property=\"og:url\" content=\"https:\/\/www.insel-moen.de\/en\/nature\/lieselund-castle\/\" \/>\n<meta property=\"og:site_name\" content=\"Insel M\u00f6n\" \/>\n<meta property=\"article:modified_time\" content=\"2024-03-20T04:49:19+00:00\" \/>\n<meta property=\"og:image\" content=\"https:\/\/www.daenemark-reisen.com\/wp-content\/uploads\/2012\/09\/schloss-liselund-moen.jpg\" \/>\n<meta name=\"twitter:card\" content=\"summary_large_image\" \/>\n<script type=\"application\/ld+json\" class=\"yoast-schema-graph\">{\"@context\":\"https:\/\/schema.org\",\"@graph\":[{\"@type\":\"WebPage\",\"@id\":\"https:\/\/www.insel-moen.de\/en\/nature\/lieselund-castle\/\",\"url\":\"https:\/\/www.insel-moen.de\/en\/nature\/lieselund-castle\/\",\"name\":\"Lieselund Castle - Insel M\u00f6n\",\"isPartOf\":{\"@id\":\"https:\/\/www.insel-moen.de\/en\/#website\"},\"primaryImageOfPage\":{\"@id\":\"https:\/\/www.insel-moen.de\/en\/nature\/lieselund-castle\/#primaryimage\"},\"image\":{\"@id\":\"https:\/\/www.insel-moen.de\/en\/nature\/lieselund-castle\/#primaryimage\"},\"thumbnailUrl\":\"https:\/\/www.daenemark-reisen.com\/wp-content\/uploads\/2012\/09\/schloss-liselund-moen.jpg\",\"datePublished\":\"2021-10-23T06:51:26+00:00\",\"dateModified\":\"2024-03-20T04:49:19+00:00\",\"description\":\"Discover the picturesque Liselund Castle in its idyllic park on the cliffs. Enjoy wonderful views, picnics and unique souvenirs.\",\"breadcrumb\":{\"@id\":\"https:\/\/www.insel-moen.de\/en\/nature\/lieselund-castle\/#breadcrumb\"},\"inLanguage\":\"en-US\",\"potentialAction\":[{\"@type\":\"ReadAction\",\"target\":[\"https:\/\/www.insel-moen.de\/en\/nature\/lieselund-castle\/\"]}]},{\"@type\":\"ImageObject\",\"inLanguage\":\"en-US\",\"@id\":\"https:\/\/www.insel-moen.de\/en\/nature\/lieselund-castle\/#primaryimage\",\"url\":\"https:\/\/www.daenemark-reisen.com\/wp-content\/uploads\/2012\/09\/schloss-liselund-moen.jpg\",\"contentUrl\":\"https:\/\/www.daenemark-reisen.com\/wp-content\/uploads\/2012\/09\/schloss-liselund-moen.jpg\"},{\"@type\":\"BreadcrumbList\",\"@id\":\"https:\/\/www.insel-moen.de\/en\/nature\/lieselund-castle\/#breadcrumb\",\"itemListElement\":[{\"@type\":\"ListItem\",\"position\":1,\"name\":\"Startseite\",\"item\":\"https:\/\/www.insel-moen.de\/en\/\"},{\"@type\":\"ListItem\",\"position\":2,\"name\":\"nature\",\"item\":\"https:\/\/www.insel-moen.de\/en\/natur\/\"},{\"@type\":\"ListItem\",\"position\":3,\"name\":\"Lieselund Castle\"}]},{\"@type\":\"WebSite\",\"@id\":\"https:\/\/www.insel-moen.de\/en\/#website\",\"url\":\"https:\/\/www.insel-moen.de\/en\/\",\"name\":\"Insel M\u00f6n\",\"description\":\"INSEL M\u00d6N - Urlaub in der D\u00e4nischen S\u00fcdsee\",\"publisher\":{\"@id\":\"https:\/\/www.insel-moen.de\/en\/#organization\"},\"potentialAction\":[{\"@type\":\"SearchAction\",\"target\":{\"@type\":\"EntryPoint\",\"urlTemplate\":\"https:\/\/www.insel-moen.de\/en\/?s={search_term_string}\"},\"query-input\":{\"@type\":\"PropertyValueSpecification\",\"valueRequired\":true,\"valueName\":\"search_term_string\"}}],\"inLanguage\":\"en-US\"},{\"@type\":\"Organization\",\"@id\":\"https:\/\/www.insel-moen.de\/en\/#organization\",\"name\":\"www.insel-moen.de\",\"url\":\"https:\/\/www.insel-moen.de\/en\/\",\"logo\":{\"@type\":\"ImageObject\",\"inLanguage\":\"en-US\",\"@id\":\"https:\/\/www.insel-moen.de\/en\/#\/schema\/logo\/image\/\",\"url\":\"https:\/\/www.insel-moen.de\/wp-content\/uploads\/2023\/08\/cropped-daenemark-logo-neu-klein.png\",\"contentUrl\":\"https:\/\/www.insel-moen.de\/wp-content\/uploads\/2023\/08\/cropped-daenemark-logo-neu-klein.png\",\"width\":100,\"height\":101,\"caption\":\"www.insel-moen.de\"},\"image\":{\"@id\":\"https:\/\/www.insel-moen.de\/en\/#\/schema\/logo\/image\/\"}}]}<\/script>\n<!-- \/ Yoast SEO plugin. -->","yoast_head_json":{"title":"Lieselund Castle - Insel M\u00f6n","description":"Discover the picturesque Liselund Castle in its idyllic park on the cliffs. Enjoy wonderful views, picnics and unique souvenirs.","robots":{"index":"index","follow":"follow","max-snippet":"max-snippet:-1","max-image-preview":"max-image-preview:large","max-video-preview":"max-video-preview:-1"},"canonical":"https:\/\/www.insel-moen.de\/en\/nature\/lieselund-castle\/","og_locale":"en_US","og_type":"article","og_title":"Lieselund Castle - Insel M\u00f6n","og_description":"Discover the picturesque Liselund Castle in its idyllic park on the cliffs. Enjoy wonderful views, picnics and unique souvenirs.","og_url":"https:\/\/www.insel-moen.de\/en\/nature\/lieselund-castle\/","og_site_name":"Insel M\u00f6n","article_modified_time":"2024-03-20T04:49:19+00:00","og_image":[{"url":"https:\/\/www.daenemark-reisen.com\/wp-content\/uploads\/2012\/09\/schloss-liselund-moen.jpg","type":"","width":"","height":""}],"twitter_card":"summary_large_image","schema":{"@context":"https:\/\/schema.org","@graph":[{"@type":"WebPage","@id":"https:\/\/www.insel-moen.de\/en\/nature\/lieselund-castle\/","url":"https:\/\/www.insel-moen.de\/en\/nature\/lieselund-castle\/","name":"Lieselund Castle - Insel M\u00f6n","isPartOf":{"@id":"https:\/\/www.insel-moen.de\/en\/#website"},"primaryImageOfPage":{"@id":"https:\/\/www.insel-moen.de\/en\/nature\/lieselund-castle\/#primaryimage"},"image":{"@id":"https:\/\/www.insel-moen.de\/en\/nature\/lieselund-castle\/#primaryimage"},"thumbnailUrl":"https:\/\/www.daenemark-reisen.com\/wp-content\/uploads\/2012\/09\/schloss-liselund-moen.jpg","datePublished":"2021-10-23T06:51:26+00:00","dateModified":"2024-03-20T04:49:19+00:00","description":"Discover the picturesque Liselund Castle in its idyllic park on the cliffs. Enjoy wonderful views, picnics and unique souvenirs.","breadcrumb":{"@id":"https:\/\/www.insel-moen.de\/en\/nature\/lieselund-castle\/#breadcrumb"},"inLanguage":"en-US","potentialAction":[{"@type":"ReadAction","target":["https:\/\/www.insel-moen.de\/en\/nature\/lieselund-castle\/"]}]},{"@type":"ImageObject","inLanguage":"en-US","@id":"https:\/\/www.insel-moen.de\/en\/nature\/lieselund-castle\/#primaryimage","url":"https:\/\/www.daenemark-reisen.com\/wp-content\/uploads\/2012\/09\/schloss-liselund-moen.jpg","contentUrl":"https:\/\/www.daenemark-reisen.com\/wp-content\/uploads\/2012\/09\/schloss-liselund-moen.jpg"},{"@type":"BreadcrumbList","@id":"https:\/\/www.insel-moen.de\/en\/nature\/lieselund-castle\/#breadcrumb","itemListElement":[{"@type":"ListItem","position":1,"name":"Startseite","item":"https:\/\/www.insel-moen.de\/en\/"},{"@type":"ListItem","position":2,"name":"nature","item":"https:\/\/www.insel-moen.de\/en\/natur\/"},{"@type":"ListItem","position":3,"name":"Lieselund Castle"}]},{"@type":"WebSite","@id":"https:\/\/www.insel-moen.de\/en\/#website","url":"https:\/\/www.insel-moen.de\/en\/","name":"Insel M\u00f6n","description":"INSEL M\u00d6N - Urlaub in der D\u00e4nischen S\u00fcdsee","publisher":{"@id":"https:\/\/www.insel-moen.de\/en\/#organization"},"potentialAction":[{"@type":"SearchAction","target":{"@type":"EntryPoint","urlTemplate":"https:\/\/www.insel-moen.de\/en\/?s={search_term_string}"},"query-input":{"@type":"PropertyValueSpecification","valueRequired":true,"valueName":"search_term_string"}}],"inLanguage":"en-US"},{"@type":"Organization","@id":"https:\/\/www.insel-moen.de\/en\/#organization","name":"www.insel-moen.de","url":"https:\/\/www.insel-moen.de\/en\/","logo":{"@type":"ImageObject","inLanguage":"en-US","@id":"https:\/\/www.insel-moen.de\/en\/#\/schema\/logo\/image\/","url":"https:\/\/www.insel-moen.de\/wp-content\/uploads\/2023\/08\/cropped-daenemark-logo-neu-klein.png","contentUrl":"https:\/\/www.insel-moen.de\/wp-content\/uploads\/2023\/08\/cropped-daenemark-logo-neu-klein.png","width":100,"height":101,"caption":"www.insel-moen.de"},"image":{"@id":"https:\/\/www.insel-moen.de\/en\/#\/schema\/logo\/image\/"}}]}},"_links":{"self":[{"href":"https:\/\/www.insel-moen.de\/en\/wp-json\/wp\/v2\/pages\/632","targetHints":{"allow":["GET"]}}],"collection":[{"href":"https:\/\/www.insel-moen.de\/en\/wp-json\/wp\/v2\/pages"}],"about":[{"href":"https:\/\/www.insel-moen.de\/en\/wp-json\/wp\/v2\/types\/page"}],"author":[{"embeddable":true,"href":"https:\/\/www.insel-moen.de\/en\/wp-json\/wp\/v2\/users\/3"}],"replies":[{"embeddable":true,"href":"https:\/\/www.insel-moen.de\/en\/wp-json\/wp\/v2\/comments?post=632"}],"version-history":[{"count":2,"href":"https:\/\/www.insel-moen.de\/en\/wp-json\/wp\/v2\/pages\/632\/revisions"}],"predecessor-version":[{"id":7145,"href":"https:\/\/www.insel-moen.de\/en\/wp-json\/wp\/v2\/pages\/632\/revisions\/7145"}],"up":[{"embeddable":true,"href":"https:\/\/www.insel-moen.de\/en\/wp-json\/wp\/v2\/pages\/620"}],"wp:attachment":[{"href":"https:\/\/www.insel-moen.de\/en\/wp-json\/wp\/v2\/media?parent=632"}],"curies":[{"name":"wp","href":"https:\/\/api.w.org\/{rel}","templated":true}]}}