{"id":621,"date":"2021-10-23T06:51:04","date_gmt":"2021-10-23T06:51:04","guid":{"rendered":"https:\/\/www.insel-moen.de\/places-on-the-island-of-moen\/harbolle\/"},"modified":"2024-02-02T07:25:48","modified_gmt":"2024-02-02T07:25:48","slug":"harbolle","status":"publish","type":"page","link":"https:\/\/www.insel-moen.de\/en\/places-on-the-island-of-moen\/harbolle\/","title":{"rendered":"Harbolle"},"content":{"rendered":"\n<p>Harbolle is a charming little village on the north-east coast of the island of M\u00f8n in Denmark. It is located on the shores of Pr\u00e6st\u00f8 Fjord, which is known for its breathtaking scenery and wide range of water sports. Harbolle itself is an idyllic place that promises a relaxing vacation with its picturesque streets and Danish country houses.<\/p>\n\n<p>Beach lovers will be pleased to know that Harbolle has a beautiful sandy beach. Whether you want to spend a day in the sun, swim in the clear, cool water or simply enjoy the peace and quiet, Harbolle beach is the perfect place. The calm waters of the fjord are also ideal for families with small children.<\/p>\n\n<p>As far as restaurants are concerned, Harbolle doesn&#8217;t have much on offer, but the nearby town of Stege, just 15 minutes away by car, offers a variety of culinary experiences. From traditional Danish cuisine to modern, international dishes, Stege will tantalize all palates. Don&#8217;t forget to try the famous Danish sm\u00f8rrebr\u00f8d or fresh fish from the region!<\/p>\n\n<p>The nature around Harbolle is simply breathtaking. The island of M\u00f8n is famous for its white chalk cliffs, the M\u00f8ns Klint, which you simply have to see. They are just a short drive from Harbolle and offer breathtaking views of the Baltic Sea. The area around Harbolle also offers excellent opportunities for hiking, cycling and birdwatching.<\/p>\n\n<p>In terms of sights, the island of M\u00f8n offers numerous attractions. Visit the M\u00f8ns Museum in Stege to learn more about the island&#8217;s history and culture. Or explore the many historic churches on the island, including the impressive Elmelunde Kirke with its famous frescoes.<\/p>\n\n<p>Harbolle therefore offers a perfect mix of relaxation, nature and culture. It is the ideal place for anyone who wants to discover the beauty of Denmark off the beaten track.<\/p>\n\n<div style=\"width: 100%\" id=\"c24pp-holidayhome_dk-iframe\" data-q=\"Askeby\"><\/div><script src=\"https:\/\/files.check24.net\/widgets\/auto\/124552\/c24pp-holidayhome_dk-iframe\/holidayhome-iframe.js\"><\/script>","protected":false},"excerpt":{"rendered":"<p>Harbolle is a charming little village on the north-east coast of the island of M\u00f8n in Denmark. It is located on the shores of Pr\u00e6st\u00f8 Fjord, which is known for its breathtaking scenery and wide range of water sports. Harbolle itself is an idyllic place that promises a relaxing vacation with its picturesque streets and [&hellip;]<\/p>\n","protected":false},"author":3,"featured_media":0,"parent":612,"menu_order":0,"comment_status":"closed","ping_status":"closed","template":"templates\/template-full-width.php","meta":{"footnotes":""},"class_list":["post-621","page","type-page","status-publish","hentry"],"yoast_head":"<!-- This site is optimized with the Yoast SEO plugin v24.5 - https:\/\/yoast.com\/wordpress\/plugins\/seo\/ -->\n<title>Harbolle - Insel M\u00f6n<\/title>\n<meta name=\"robots\" content=\"index, follow, max-snippet:-1, max-image-preview:large, max-video-preview:-1\" \/>\n<link rel=\"canonical\" href=\"https:\/\/www.insel-moen.de\/en\/places-on-the-island-of-moen\/harbolle\/\" \/>\n<meta property=\"og:locale\" content=\"en_US\" \/>\n<meta property=\"og:type\" content=\"article\" \/>\n<meta property=\"og:title\" content=\"Harbolle - Insel M\u00f6n\" \/>\n<meta property=\"og:description\" content=\"Harbolle is a charming little village on the north-east coast of the island of M\u00f8n in Denmark. It is located on the shores of Pr\u00e6st\u00f8 Fjord, which is known for its breathtaking scenery and wide range of water sports. Harbolle itself is an idyllic place that promises a relaxing vacation with its picturesque streets and [&hellip;]\" \/>\n<meta property=\"og:url\" content=\"https:\/\/www.insel-moen.de\/en\/places-on-the-island-of-moen\/harbolle\/\" \/>\n<meta property=\"og:site_name\" content=\"Insel M\u00f6n\" \/>\n<meta property=\"article:modified_time\" content=\"2024-02-02T07:25:48+00:00\" \/>\n<meta name=\"twitter:card\" content=\"summary_large_image\" \/>\n<meta name=\"twitter:label1\" content=\"Est. reading time\" \/>\n\t<meta name=\"twitter:data1\" content=\"2 minutes\" \/>\n<script type=\"application\/ld+json\" class=\"yoast-schema-graph\">{\"@context\":\"https:\/\/schema.org\",\"@graph\":[{\"@type\":\"WebPage\",\"@id\":\"https:\/\/www.insel-moen.de\/en\/places-on-the-island-of-moen\/harbolle\/\",\"url\":\"https:\/\/www.insel-moen.de\/en\/places-on-the-island-of-moen\/harbolle\/\",\"name\":\"Harbolle - Insel M\u00f6n\",\"isPartOf\":{\"@id\":\"https:\/\/www.insel-moen.de\/en\/#website\"},\"datePublished\":\"2021-10-23T06:51:04+00:00\",\"dateModified\":\"2024-02-02T07:25:48+00:00\",\"breadcrumb\":{\"@id\":\"https:\/\/www.insel-moen.de\/en\/places-on-the-island-of-moen\/harbolle\/#breadcrumb\"},\"inLanguage\":\"en-US\",\"potentialAction\":[{\"@type\":\"ReadAction\",\"target\":[\"https:\/\/www.insel-moen.de\/en\/places-on-the-island-of-moen\/harbolle\/\"]}]},{\"@type\":\"BreadcrumbList\",\"@id\":\"https:\/\/www.insel-moen.de\/en\/places-on-the-island-of-moen\/harbolle\/#breadcrumb\",\"itemListElement\":[{\"@type\":\"ListItem\",\"position\":1,\"name\":\"Startseite\",\"item\":\"https:\/\/www.insel-moen.de\/en\/\"},{\"@type\":\"ListItem\",\"position\":2,\"name\":\"Places on the island of M\u00f6n\",\"item\":\"https:\/\/www.insel-moen.de\/en\/places-on-the-island-of-moen\/\"},{\"@type\":\"ListItem\",\"position\":3,\"name\":\"Harbolle\"}]},{\"@type\":\"WebSite\",\"@id\":\"https:\/\/www.insel-moen.de\/en\/#website\",\"url\":\"https:\/\/www.insel-moen.de\/en\/\",\"name\":\"Insel M\u00f6n\",\"description\":\"INSEL M\u00d6N - Urlaub in der D\u00e4nischen S\u00fcdsee\",\"publisher\":{\"@id\":\"https:\/\/www.insel-moen.de\/en\/#organization\"},\"potentialAction\":[{\"@type\":\"SearchAction\",\"target\":{\"@type\":\"EntryPoint\",\"urlTemplate\":\"https:\/\/www.insel-moen.de\/en\/?s={search_term_string}\"},\"query-input\":{\"@type\":\"PropertyValueSpecification\",\"valueRequired\":true,\"valueName\":\"search_term_string\"}}],\"inLanguage\":\"en-US\"},{\"@type\":\"Organization\",\"@id\":\"https:\/\/www.insel-moen.de\/en\/#organization\",\"name\":\"www.insel-moen.de\",\"url\":\"https:\/\/www.insel-moen.de\/en\/\",\"logo\":{\"@type\":\"ImageObject\",\"inLanguage\":\"en-US\",\"@id\":\"https:\/\/www.insel-moen.de\/en\/#\/schema\/logo\/image\/\",\"url\":\"https:\/\/www.insel-moen.de\/wp-content\/uploads\/2023\/08\/cropped-daenemark-logo-neu-klein.png\",\"contentUrl\":\"https:\/\/www.insel-moen.de\/wp-content\/uploads\/2023\/08\/cropped-daenemark-logo-neu-klein.png\",\"width\":100,\"height\":101,\"caption\":\"www.insel-moen.de\"},\"image\":{\"@id\":\"https:\/\/www.insel-moen.de\/en\/#\/schema\/logo\/image\/\"}}]}<\/script>\n<!-- \/ Yoast SEO plugin. -->","yoast_head_json":{"title":"Harbolle - Insel M\u00f6n","robots":{"index":"index","follow":"follow","max-snippet":"max-snippet:-1","max-image-preview":"max-image-preview:large","max-video-preview":"max-video-preview:-1"},"canonical":"https:\/\/www.insel-moen.de\/en\/places-on-the-island-of-moen\/harbolle\/","og_locale":"en_US","og_type":"article","og_title":"Harbolle - Insel M\u00f6n","og_description":"Harbolle is a charming little village on the north-east coast of the island of M\u00f8n in Denmark. It is located on the shores of Pr\u00e6st\u00f8 Fjord, which is known for its breathtaking scenery and wide range of water sports. Harbolle itself is an idyllic place that promises a relaxing vacation with its picturesque streets and [&hellip;]","og_url":"https:\/\/www.insel-moen.de\/en\/places-on-the-island-of-moen\/harbolle\/","og_site_name":"Insel M\u00f6n","article_modified_time":"2024-02-02T07:25:48+00:00","twitter_card":"summary_large_image","twitter_misc":{"Est. reading time":"2 minutes"},"schema":{"@context":"https:\/\/schema.org","@graph":[{"@type":"WebPage","@id":"https:\/\/www.insel-moen.de\/en\/places-on-the-island-of-moen\/harbolle\/","url":"https:\/\/www.insel-moen.de\/en\/places-on-the-island-of-moen\/harbolle\/","name":"Harbolle - Insel M\u00f6n","isPartOf":{"@id":"https:\/\/www.insel-moen.de\/en\/#website"},"datePublished":"2021-10-23T06:51:04+00:00","dateModified":"2024-02-02T07:25:48+00:00","breadcrumb":{"@id":"https:\/\/www.insel-moen.de\/en\/places-on-the-island-of-moen\/harbolle\/#breadcrumb"},"inLanguage":"en-US","potentialAction":[{"@type":"ReadAction","target":["https:\/\/www.insel-moen.de\/en\/places-on-the-island-of-moen\/harbolle\/"]}]},{"@type":"BreadcrumbList","@id":"https:\/\/www.insel-moen.de\/en\/places-on-the-island-of-moen\/harbolle\/#breadcrumb","itemListElement":[{"@type":"ListItem","position":1,"name":"Startseite","item":"https:\/\/www.insel-moen.de\/en\/"},{"@type":"ListItem","position":2,"name":"Places on the island of M\u00f6n","item":"https:\/\/www.insel-moen.de\/en\/places-on-the-island-of-moen\/"},{"@type":"ListItem","position":3,"name":"Harbolle"}]},{"@type":"WebSite","@id":"https:\/\/www.insel-moen.de\/en\/#website","url":"https:\/\/www.insel-moen.de\/en\/","name":"Insel M\u00f6n","description":"INSEL M\u00d6N - Urlaub in der D\u00e4nischen S\u00fcdsee","publisher":{"@id":"https:\/\/www.insel-moen.de\/en\/#organization"},"potentialAction":[{"@type":"SearchAction","target":{"@type":"EntryPoint","urlTemplate":"https:\/\/www.insel-moen.de\/en\/?s={search_term_string}"},"query-input":{"@type":"PropertyValueSpecification","valueRequired":true,"valueName":"search_term_string"}}],"inLanguage":"en-US"},{"@type":"Organization","@id":"https:\/\/www.insel-moen.de\/en\/#organization","name":"www.insel-moen.de","url":"https:\/\/www.insel-moen.de\/en\/","logo":{"@type":"ImageObject","inLanguage":"en-US","@id":"https:\/\/www.insel-moen.de\/en\/#\/schema\/logo\/image\/","url":"https:\/\/www.insel-moen.de\/wp-content\/uploads\/2023\/08\/cropped-daenemark-logo-neu-klein.png","contentUrl":"https:\/\/www.insel-moen.de\/wp-content\/uploads\/2023\/08\/cropped-daenemark-logo-neu-klein.png","width":100,"height":101,"caption":"www.insel-moen.de"},"image":{"@id":"https:\/\/www.insel-moen.de\/en\/#\/schema\/logo\/image\/"}}]}},"_links":{"self":[{"href":"https:\/\/www.insel-moen.de\/en\/wp-json\/wp\/v2\/pages\/621","targetHints":{"allow":["GET"]}}],"collection":[{"href":"https:\/\/www.insel-moen.de\/en\/wp-json\/wp\/v2\/pages"}],"about":[{"href":"https:\/\/www.insel-moen.de\/en\/wp-json\/wp\/v2\/types\/page"}],"author":[{"embeddable":true,"href":"https:\/\/www.insel-moen.de\/en\/wp-json\/wp\/v2\/users\/3"}],"replies":[{"embeddable":true,"href":"https:\/\/www.insel-moen.de\/en\/wp-json\/wp\/v2\/comments?post=621"}],"version-history":[{"count":2,"href":"https:\/\/www.insel-moen.de\/en\/wp-json\/wp\/v2\/pages\/621\/revisions"}],"predecessor-version":[{"id":6496,"href":"https:\/\/www.insel-moen.de\/en\/wp-json\/wp\/v2\/pages\/621\/revisions\/6496"}],"up":[{"embeddable":true,"href":"https:\/\/www.insel-moen.de\/en\/wp-json\/wp\/v2\/pages\/612"}],"wp:attachment":[{"href":"https:\/\/www.insel-moen.de\/en\/wp-json\/wp\/v2\/media?parent=621"}],"curies":[{"name":"wp","href":"https:\/\/api.w.org\/{rel}","templated":true}]}}