{"id":620,"date":"2021-10-23T06:51:04","date_gmt":"2021-10-23T06:51:04","guid":{"rendered":"https:\/\/www.insel-moen.de\/nature\/"},"modified":"2021-10-23T06:51:05","modified_gmt":"2021-10-23T06:51:05","slug":"nature","status":"publish","type":"page","link":"https:\/\/www.insel-moen.de\/en\/nature\/","title":{"rendered":"nature"},"content":{"rendered":"\n<p class=\"has-drop-cap\">Miles of sandy beaches invite you to try your hand at surfing and feel the fresh salt spray on and in your nose and ears and maybe &#8211; yes maybe &#8211; even taste it. Maybe. But there are also peaceful forests with calm landscapes, lots of open air everywhere &#8230;<\/p>\n\n<p>The forest in the north of the island is often described by visitors as a fairytale forest. Speaking of vacationers, many love to be active while on this island, so they enjoy a little recreational golf on an incredibly unique island with views for days.<\/p>\n\n<p>M\u00f8n is an island on the southeastern coast of the Scandinavian Peninsula and belongs to the Sj\u00e6lland region and Denmark. Its geological composition includes chalk and shell limestone from the middle and upper Eocene, which is why it is also known as the sister island of R\u00fcgen (Germany).<\/p>\n\n<p>This cliff is 128 meters high and 8 km long. Everywhere there are stairs leading down to the beach, but this is associated with a certain risk due to the danger of falling limestones. The wrinkled appearance of the coast changes regularly due to different weather conditions, such as sun, rain, frost and ice.<\/p>\n","protected":false},"excerpt":{"rendered":"<p>Miles of sandy beaches invite you to try your hand at surfing and feel the fresh salt spray on and in your nose and ears and maybe &#8211; yes maybe &#8211; even taste it. Maybe. But there are also peaceful forests with calm landscapes, lots of open air everywhere &#8230; The forest in the north [&hellip;]<\/p>\n","protected":false},"author":3,"featured_media":596,"parent":0,"menu_order":0,"comment_status":"closed","ping_status":"closed","template":"templates\/template-full-width.php","meta":{"footnotes":""},"class_list":["post-620","page","type-page","status-publish","has-post-thumbnail","hentry"],"yoast_head":"<!-- This site is optimized with the Yoast SEO plugin v24.5 - https:\/\/yoast.com\/wordpress\/plugins\/seo\/ -->\n<title>nature - Insel M\u00f6n<\/title>\n<meta name=\"robots\" content=\"index, follow, max-snippet:-1, max-image-preview:large, max-video-preview:-1\" \/>\n<link rel=\"canonical\" href=\"https:\/\/www.insel-moen.de\/en\/nature\/\" \/>\n<meta property=\"og:locale\" content=\"en_US\" \/>\n<meta property=\"og:type\" content=\"article\" \/>\n<meta property=\"og:title\" content=\"nature - Insel M\u00f6n\" \/>\n<meta property=\"og:description\" content=\"Miles of sandy beaches invite you to try your hand at surfing and feel the fresh salt spray on and in your nose and ears and maybe &#8211; yes maybe &#8211; even taste it. Maybe. But there are also peaceful forests with calm landscapes, lots of open air everywhere &#8230; The forest in the north [&hellip;]\" \/>\n<meta property=\"og:url\" content=\"https:\/\/www.insel-moen.de\/en\/nature\/\" \/>\n<meta property=\"og:site_name\" content=\"Insel M\u00f6n\" \/>\n<meta property=\"article:modified_time\" content=\"2021-10-23T06:51:05+00:00\" \/>\n<meta property=\"og:image\" content=\"https:\/\/www.insel-moen.de\/wp-content\/uploads\/2021\/09\/berge-und-wasser-auf-moen.jpg\" \/>\n\t<meta property=\"og:image:width\" content=\"1600\" \/>\n\t<meta property=\"og:image:height\" content=\"1067\" \/>\n\t<meta property=\"og:image:type\" content=\"image\/jpeg\" \/>\n<meta name=\"twitter:card\" content=\"summary_large_image\" \/>\n<meta name=\"twitter:label1\" content=\"Est. reading time\" \/>\n\t<meta name=\"twitter:data1\" content=\"1 minute\" \/>\n<script type=\"application\/ld+json\" class=\"yoast-schema-graph\">{\"@context\":\"https:\/\/schema.org\",\"@graph\":[{\"@type\":\"WebPage\",\"@id\":\"https:\/\/www.insel-moen.de\/en\/nature\/\",\"url\":\"https:\/\/www.insel-moen.de\/en\/nature\/\",\"name\":\"nature - Insel M\u00f6n\",\"isPartOf\":{\"@id\":\"https:\/\/www.insel-moen.de\/en\/#website\"},\"primaryImageOfPage\":{\"@id\":\"https:\/\/www.insel-moen.de\/en\/nature\/#primaryimage\"},\"image\":{\"@id\":\"https:\/\/www.insel-moen.de\/en\/nature\/#primaryimage\"},\"thumbnailUrl\":\"https:\/\/www.insel-moen.de\/wp-content\/uploads\/2021\/09\/berge-und-wasser-auf-moen.jpg\",\"datePublished\":\"2021-10-23T06:51:04+00:00\",\"dateModified\":\"2021-10-23T06:51:05+00:00\",\"breadcrumb\":{\"@id\":\"https:\/\/www.insel-moen.de\/en\/nature\/#breadcrumb\"},\"inLanguage\":\"en-US\",\"potentialAction\":[{\"@type\":\"ReadAction\",\"target\":[\"https:\/\/www.insel-moen.de\/en\/nature\/\"]}]},{\"@type\":\"ImageObject\",\"inLanguage\":\"en-US\",\"@id\":\"https:\/\/www.insel-moen.de\/en\/nature\/#primaryimage\",\"url\":\"https:\/\/www.insel-moen.de\/wp-content\/uploads\/2021\/09\/berge-und-wasser-auf-moen.jpg\",\"contentUrl\":\"https:\/\/www.insel-moen.de\/wp-content\/uploads\/2021\/09\/berge-und-wasser-auf-moen.jpg\",\"width\":1600,\"height\":1067,\"caption\":\"Landscape of the island of M\u00f6n\"},{\"@type\":\"BreadcrumbList\",\"@id\":\"https:\/\/www.insel-moen.de\/en\/nature\/#breadcrumb\",\"itemListElement\":[{\"@type\":\"ListItem\",\"position\":1,\"name\":\"Startseite\",\"item\":\"https:\/\/www.insel-moen.de\/en\/\"},{\"@type\":\"ListItem\",\"position\":2,\"name\":\"nature\"}]},{\"@type\":\"WebSite\",\"@id\":\"https:\/\/www.insel-moen.de\/en\/#website\",\"url\":\"https:\/\/www.insel-moen.de\/en\/\",\"name\":\"Insel M\u00f6n\",\"description\":\"INSEL M\u00d6N - Urlaub in der D\u00e4nischen S\u00fcdsee\",\"publisher\":{\"@id\":\"https:\/\/www.insel-moen.de\/en\/#organization\"},\"potentialAction\":[{\"@type\":\"SearchAction\",\"target\":{\"@type\":\"EntryPoint\",\"urlTemplate\":\"https:\/\/www.insel-moen.de\/en\/?s={search_term_string}\"},\"query-input\":{\"@type\":\"PropertyValueSpecification\",\"valueRequired\":true,\"valueName\":\"search_term_string\"}}],\"inLanguage\":\"en-US\"},{\"@type\":\"Organization\",\"@id\":\"https:\/\/www.insel-moen.de\/en\/#organization\",\"name\":\"www.insel-moen.de\",\"url\":\"https:\/\/www.insel-moen.de\/en\/\",\"logo\":{\"@type\":\"ImageObject\",\"inLanguage\":\"en-US\",\"@id\":\"https:\/\/www.insel-moen.de\/en\/#\/schema\/logo\/image\/\",\"url\":\"https:\/\/www.insel-moen.de\/wp-content\/uploads\/2023\/08\/cropped-daenemark-logo-neu-klein.png\",\"contentUrl\":\"https:\/\/www.insel-moen.de\/wp-content\/uploads\/2023\/08\/cropped-daenemark-logo-neu-klein.png\",\"width\":100,\"height\":101,\"caption\":\"www.insel-moen.de\"},\"image\":{\"@id\":\"https:\/\/www.insel-moen.de\/en\/#\/schema\/logo\/image\/\"}}]}<\/script>\n<!-- \/ Yoast SEO plugin. -->","yoast_head_json":{"title":"nature - Insel M\u00f6n","robots":{"index":"index","follow":"follow","max-snippet":"max-snippet:-1","max-image-preview":"max-image-preview:large","max-video-preview":"max-video-preview:-1"},"canonical":"https:\/\/www.insel-moen.de\/en\/nature\/","og_locale":"en_US","og_type":"article","og_title":"nature - Insel M\u00f6n","og_description":"Miles of sandy beaches invite you to try your hand at surfing and feel the fresh salt spray on and in your nose and ears and maybe &#8211; yes maybe &#8211; even taste it. Maybe. But there are also peaceful forests with calm landscapes, lots of open air everywhere &#8230; The forest in the north [&hellip;]","og_url":"https:\/\/www.insel-moen.de\/en\/nature\/","og_site_name":"Insel M\u00f6n","article_modified_time":"2021-10-23T06:51:05+00:00","og_image":[{"width":1600,"height":1067,"url":"https:\/\/www.insel-moen.de\/wp-content\/uploads\/2021\/09\/berge-und-wasser-auf-moen.jpg","type":"image\/jpeg"}],"twitter_card":"summary_large_image","twitter_misc":{"Est. reading time":"1 minute"},"schema":{"@context":"https:\/\/schema.org","@graph":[{"@type":"WebPage","@id":"https:\/\/www.insel-moen.de\/en\/nature\/","url":"https:\/\/www.insel-moen.de\/en\/nature\/","name":"nature - Insel M\u00f6n","isPartOf":{"@id":"https:\/\/www.insel-moen.de\/en\/#website"},"primaryImageOfPage":{"@id":"https:\/\/www.insel-moen.de\/en\/nature\/#primaryimage"},"image":{"@id":"https:\/\/www.insel-moen.de\/en\/nature\/#primaryimage"},"thumbnailUrl":"https:\/\/www.insel-moen.de\/wp-content\/uploads\/2021\/09\/berge-und-wasser-auf-moen.jpg","datePublished":"2021-10-23T06:51:04+00:00","dateModified":"2021-10-23T06:51:05+00:00","breadcrumb":{"@id":"https:\/\/www.insel-moen.de\/en\/nature\/#breadcrumb"},"inLanguage":"en-US","potentialAction":[{"@type":"ReadAction","target":["https:\/\/www.insel-moen.de\/en\/nature\/"]}]},{"@type":"ImageObject","inLanguage":"en-US","@id":"https:\/\/www.insel-moen.de\/en\/nature\/#primaryimage","url":"https:\/\/www.insel-moen.de\/wp-content\/uploads\/2021\/09\/berge-und-wasser-auf-moen.jpg","contentUrl":"https:\/\/www.insel-moen.de\/wp-content\/uploads\/2021\/09\/berge-und-wasser-auf-moen.jpg","width":1600,"height":1067,"caption":"Landscape of the island of M\u00f6n"},{"@type":"BreadcrumbList","@id":"https:\/\/www.insel-moen.de\/en\/nature\/#breadcrumb","itemListElement":[{"@type":"ListItem","position":1,"name":"Startseite","item":"https:\/\/www.insel-moen.de\/en\/"},{"@type":"ListItem","position":2,"name":"nature"}]},{"@type":"WebSite","@id":"https:\/\/www.insel-moen.de\/en\/#website","url":"https:\/\/www.insel-moen.de\/en\/","name":"Insel M\u00f6n","description":"INSEL M\u00d6N - Urlaub in der D\u00e4nischen S\u00fcdsee","publisher":{"@id":"https:\/\/www.insel-moen.de\/en\/#organization"},"potentialAction":[{"@type":"SearchAction","target":{"@type":"EntryPoint","urlTemplate":"https:\/\/www.insel-moen.de\/en\/?s={search_term_string}"},"query-input":{"@type":"PropertyValueSpecification","valueRequired":true,"valueName":"search_term_string"}}],"inLanguage":"en-US"},{"@type":"Organization","@id":"https:\/\/www.insel-moen.de\/en\/#organization","name":"www.insel-moen.de","url":"https:\/\/www.insel-moen.de\/en\/","logo":{"@type":"ImageObject","inLanguage":"en-US","@id":"https:\/\/www.insel-moen.de\/en\/#\/schema\/logo\/image\/","url":"https:\/\/www.insel-moen.de\/wp-content\/uploads\/2023\/08\/cropped-daenemark-logo-neu-klein.png","contentUrl":"https:\/\/www.insel-moen.de\/wp-content\/uploads\/2023\/08\/cropped-daenemark-logo-neu-klein.png","width":100,"height":101,"caption":"www.insel-moen.de"},"image":{"@id":"https:\/\/www.insel-moen.de\/en\/#\/schema\/logo\/image\/"}}]}},"_links":{"self":[{"href":"https:\/\/www.insel-moen.de\/en\/wp-json\/wp\/v2\/pages\/620","targetHints":{"allow":["GET"]}}],"collection":[{"href":"https:\/\/www.insel-moen.de\/en\/wp-json\/wp\/v2\/pages"}],"about":[{"href":"https:\/\/www.insel-moen.de\/en\/wp-json\/wp\/v2\/types\/page"}],"author":[{"embeddable":true,"href":"https:\/\/www.insel-moen.de\/en\/wp-json\/wp\/v2\/users\/3"}],"replies":[{"embeddable":true,"href":"https:\/\/www.insel-moen.de\/en\/wp-json\/wp\/v2\/comments?post=620"}],"version-history":[{"count":1,"href":"https:\/\/www.insel-moen.de\/en\/wp-json\/wp\/v2\/pages\/620\/revisions"}],"predecessor-version":[{"id":622,"href":"https:\/\/www.insel-moen.de\/en\/wp-json\/wp\/v2\/pages\/620\/revisions\/622"}],"wp:featuredmedia":[{"embeddable":true,"href":"https:\/\/www.insel-moen.de\/en\/wp-json\/wp\/v2\/media\/596"}],"wp:attachment":[{"href":"https:\/\/www.insel-moen.de\/en\/wp-json\/wp\/v2\/media?parent=620"}],"curies":[{"name":"wp","href":"https:\/\/api.w.org\/{rel}","templated":true}]}}