{"id":614,"date":"2021-10-23T06:51:03","date_gmt":"2021-10-23T06:51:03","guid":{"rendered":"https:\/\/www.insel-moen.de\/holiday-homes-on-the-island-of-moen\/"},"modified":"2024-05-16T08:15:44","modified_gmt":"2024-05-16T08:15:44","slug":"holiday-homes-on-the-island-of-moen","status":"publish","type":"page","link":"https:\/\/www.insel-moen.de\/en\/holiday-homes-on-the-island-of-moen\/","title":{"rendered":"Holiday homes on the island of M\u00f6n"},"content":{"rendered":"\n<div class=\"wp-block-columns has-2-columns is-layout-flex wp-container-core-columns-is-layout-9d6595d7 wp-block-columns-is-layout-flex\">\n<div class=\"wp-block-column is-layout-flow wp-block-column-is-layout-flow\">\n<figure class=\"wp-block-image\"><img loading=\"lazy\" decoding=\"async\" width=\"600\" height=\"400\" src=\"https:\/\/www.insel-moen.de\/wp-content\/uploads\/2019\/05\/Ferienhaeuser-in-Stege-auf-Moen.jpg\" alt=\"\" class=\"wp-image-199\" srcset=\"https:\/\/www.insel-moen.de\/wp-content\/uploads\/2019\/05\/Ferienhaeuser-in-Stege-auf-Moen.jpg 600w, https:\/\/www.insel-moen.de\/wp-content\/uploads\/2019\/05\/Ferienhaeuser-in-Stege-auf-Moen-300x200.jpg 300w, https:\/\/www.insel-moen.de\/wp-content\/uploads\/2019\/05\/Ferienhaeuser-in-Stege-auf-Moen-560x373.jpg 560w, https:\/\/www.insel-moen.de\/wp-content\/uploads\/2019\/05\/Ferienhaeuser-in-Stege-auf-Moen-120x80.jpg 120w\" sizes=\"auto, (max-width: 600px) 100vw, 600px\" \/><\/figure>\n\n\n<div class=\"wp-block-button\"><a class=\"wp-block-button__link has-very-dark-gray-color has-luminous-vivid-amber-background-color has-text-color has-background wp-element-button\" href=\"https:\/\/www.insel-moen.de\/en\/places-on-the-island-of-moen\/bridges\/\">Vacation homes in Stege<\/a><\/div>\n<\/div>\n\n\n\n<div class=\"wp-block-column is-layout-flow wp-block-column-is-layout-flow\">\n<figure class=\"wp-block-image\"><img loading=\"lazy\" decoding=\"async\" width=\"600\" height=\"400\" src=\"https:\/\/www.insel-moen.de\/wp-content\/uploads\/2019\/05\/ferienhaeuser-in-klintholm-havn-auf-moen-daenemark.jpg\" alt=\"\" class=\"wp-image-200\" srcset=\"https:\/\/www.insel-moen.de\/wp-content\/uploads\/2019\/05\/ferienhaeuser-in-klintholm-havn-auf-moen-daenemark.jpg 600w, https:\/\/www.insel-moen.de\/wp-content\/uploads\/2019\/05\/ferienhaeuser-in-klintholm-havn-auf-moen-daenemark-300x200.jpg 300w, https:\/\/www.insel-moen.de\/wp-content\/uploads\/2019\/05\/ferienhaeuser-in-klintholm-havn-auf-moen-daenemark-560x373.jpg 560w, https:\/\/www.insel-moen.de\/wp-content\/uploads\/2019\/05\/ferienhaeuser-in-klintholm-havn-auf-moen-daenemark-120x80.jpg 120w\" sizes=\"auto, (max-width: 600px) 100vw, 600px\" \/><\/figure>\n\n\n<div class=\"wp-block-button\"><a class=\"wp-block-button__link has-very-dark-gray-color has-luminous-vivid-amber-background-color has-text-color has-background wp-element-button\" href=\"https:\/\/www.insel-moen.de\/en\/places-on-the-island-of-moen\/klintholm-havn\/\">Holiday homes in Klintholm Havn<\/a><\/div>\n<\/div>\n<\/div>\n\n<div style=\"width: 100%\" id=\"c24pp-holidayhome-iframe\" data-q=\"m\u00f8n\" data-tid=\"moen-de-ferienhaus\"><\/div>\n<script src=\"https:\/\/files.check24.net\/widgets\/auto\/124552\/c24pp-holidayhome-iframe\/holidayhome-iframe.js\"><\/script>\n<div class=\"wp-block-buttons is-horizontal is-content-justification-center is-layout-flex wp-container-core-buttons-is-layout-499968f5 wp-block-buttons-is-layout-flex\">\n<div class=\"wp-block-button\"><a class=\"wp-block-button__link wp-element-button\" href=\"https:\/\/a.check24.net\/misc\/click.php?pid=124552&amp;aid=18&amp;cat=12\">View all available holiday homes<\/a><\/div>\n<\/div>\n\n<h2 class=\"wp-block-heading\">Holiday house M\u00f6n overview<\/h2>\n\n<p>The small island of M\u00f6n, located in the Danish South Pacific, is a great area for vacationing in a holiday home. There are holiday homes for almost every taste in all parts of the island. Some of these holiday homes are located directly on the beach. The beach on M\u00f6n is partly sandy, partly rocky. Depending on whether you are traveling with your family, as a couple or alone, there are different requirements for a holiday home on M\u00f6n.<\/p>\n\n<h2 class=\"wp-block-heading\">Popular holiday home locations on the island of M\u00f6n<\/h2>\n\n<p>Holiday homes in Ulvshale, Stege, Stevns Klint, Borre, Oddermose and Klintholm Havn are particularly popular. Those who love things more turbulent can book a holiday home directly in Stege, the island&#8217;s capital.<\/p>\n\n<h2 class=\"wp-block-heading\">Book your holiday home on M\u00f6n in good time<\/h2>\n\n<p>There are only about 300 holiday homes on M\u00f6n. Therefore, you should book well in advance, especially if you are planning a longer vacation in the main season. The best holiday homes on M\u00f6nch are booked up quickly.<br\/>Enjoy the nature, the mountains, the Steikueste \/ chalk cliffs and the water with an overnight stay on M\u00f6n.<\/p>\n\n<h2 class=\"wp-block-heading\"><strong>Feriepartner M\u00f8n<\/strong><\/h2>\n\n<p>The cottages on the island of M\u00f6n are largely managed by <strong>Feriepartner M\u00f8n<\/strong>. Feriepartner M\u00f6n stands for the exquisite quality and a reliable standard and service.<\/p>\n\n<div class=\"wp-block-columns has-2-columns is-layout-flex wp-container-core-columns-is-layout-9d6595d7 wp-block-columns-is-layout-flex\">\n<div class=\"wp-block-column is-layout-flow wp-block-column-is-layout-flow\">\n<figure class=\"wp-block-image\"><img loading=\"lazy\" decoding=\"async\" width=\"600\" height=\"400\" src=\"https:\/\/www.insel-moen.de\/wp-content\/uploads\/2019\/05\/ferienhaeuser-in-ulvshale-auf-moen-daenemark.jpg\" alt=\"\" class=\"wp-image-207\" srcset=\"https:\/\/www.insel-moen.de\/wp-content\/uploads\/2019\/05\/ferienhaeuser-in-ulvshale-auf-moen-daenemark.jpg 600w, https:\/\/www.insel-moen.de\/wp-content\/uploads\/2019\/05\/ferienhaeuser-in-ulvshale-auf-moen-daenemark-300x200.jpg 300w, https:\/\/www.insel-moen.de\/wp-content\/uploads\/2019\/05\/ferienhaeuser-in-ulvshale-auf-moen-daenemark-560x373.jpg 560w, https:\/\/www.insel-moen.de\/wp-content\/uploads\/2019\/05\/ferienhaeuser-in-ulvshale-auf-moen-daenemark-120x80.jpg 120w\" sizes=\"auto, (max-width: 600px) 100vw, 600px\" \/><\/figure>\n\n\n<div class=\"wp-block-button\"><a class=\"wp-block-button__link has-very-dark-gray-color has-luminous-vivid-amber-background-color has-text-color has-background wp-element-button\" href=\"https:\/\/www.insel-moen.de\/en\/places-on-the-island-of-moen\/ulvshale-holiday-homes\/\">Holiday homes in Ulvshale<\/a><\/div>\n<\/div>\n\n\n\n<div class=\"wp-block-column is-layout-flow wp-block-column-is-layout-flow\">\n<figure class=\"wp-block-image\"><img loading=\"lazy\" decoding=\"async\" width=\"600\" height=\"400\" src=\"https:\/\/www.insel-moen.de\/wp-content\/uploads\/2019\/05\/Ferienhaus-in-Harbolle-auf-der-insel-moen-in-harbolle.jpg\" alt=\"\" class=\"wp-image-205\" srcset=\"https:\/\/www.insel-moen.de\/wp-content\/uploads\/2019\/05\/Ferienhaus-in-Harbolle-auf-der-insel-moen-in-harbolle.jpg 600w, https:\/\/www.insel-moen.de\/wp-content\/uploads\/2019\/05\/Ferienhaus-in-Harbolle-auf-der-insel-moen-in-harbolle-300x200.jpg 300w, https:\/\/www.insel-moen.de\/wp-content\/uploads\/2019\/05\/Ferienhaus-in-Harbolle-auf-der-insel-moen-in-harbolle-560x373.jpg 560w, https:\/\/www.insel-moen.de\/wp-content\/uploads\/2019\/05\/Ferienhaus-in-Harbolle-auf-der-insel-moen-in-harbolle-120x80.jpg 120w\" sizes=\"auto, (max-width: 600px) 100vw, 600px\" \/><\/figure>\n\n\n<div class=\"wp-block-button\"><a class=\"wp-block-button__link has-very-dark-gray-color has-luminous-vivid-amber-background-color has-text-color has-background wp-element-button\" href=\"https:\/\/www.insel-moen.de\/en\/places-on-the-island-of-moen\/harbolle\/\">Holiday homes in Harbolle<\/a><\/div>\n<\/div>\n<\/div>\n","protected":false},"excerpt":{"rendered":"<p>Holiday house M\u00f6n overview The small island of M\u00f6n, located in the Danish South Pacific, is a great area for vacationing in a holiday home. There are holiday homes for almost every taste in all parts of the island. Some of these holiday homes are located directly on the beach. The beach on M\u00f6n is [&hellip;]<\/p>\n","protected":false},"author":3,"featured_media":0,"parent":0,"menu_order":0,"comment_status":"closed","ping_status":"closed","template":"templates\/template-full-width.php","meta":{"footnotes":""},"class_list":["post-614","page","type-page","status-publish","hentry"],"yoast_head":"<!-- This site is optimized with the Yoast SEO plugin v24.5 - https:\/\/yoast.com\/wordpress\/plugins\/seo\/ -->\n<title>Holiday homes on the island of M\u00f6n<\/title>\n<meta name=\"robots\" content=\"index, follow, max-snippet:-1, max-image-preview:large, max-video-preview:-1\" \/>\n<link rel=\"canonical\" href=\"https:\/\/www.insel-moen.de\/en\/holiday-homes-on-the-island-of-moen\/\" \/>\n<meta property=\"og:locale\" content=\"en_US\" \/>\n<meta property=\"og:type\" content=\"article\" \/>\n<meta property=\"og:title\" content=\"Holiday homes on the island of M\u00f6n\" \/>\n<meta property=\"og:description\" content=\"Holiday house M\u00f6n overview The small island of M\u00f6n, located in the Danish South Pacific, is a great area for vacationing in a holiday home. There are holiday homes for almost every taste in all parts of the island. Some of these holiday homes are located directly on the beach. The beach on M\u00f6n is [&hellip;]\" \/>\n<meta property=\"og:url\" content=\"https:\/\/www.insel-moen.de\/en\/holiday-homes-on-the-island-of-moen\/\" \/>\n<meta property=\"og:site_name\" content=\"Insel M\u00f6n\" \/>\n<meta property=\"article:modified_time\" content=\"2024-05-16T08:15:44+00:00\" \/>\n<meta property=\"og:image\" content=\"https:\/\/www.insel-moen.de\/wp-content\/uploads\/2019\/05\/Ferienhaeuser-in-Stege-auf-Moen.jpg\" \/>\n<meta name=\"twitter:card\" content=\"summary_large_image\" \/>\n<meta name=\"twitter:label1\" content=\"Est. reading time\" \/>\n\t<meta name=\"twitter:data1\" content=\"1 minute\" \/>\n<script type=\"application\/ld+json\" class=\"yoast-schema-graph\">{\"@context\":\"https:\/\/schema.org\",\"@graph\":[{\"@type\":\"WebPage\",\"@id\":\"https:\/\/www.insel-moen.de\/en\/holiday-homes-on-the-island-of-moen\/\",\"url\":\"https:\/\/www.insel-moen.de\/en\/holiday-homes-on-the-island-of-moen\/\",\"name\":\"Holiday homes on the island of M\u00f6n\",\"isPartOf\":{\"@id\":\"https:\/\/www.insel-moen.de\/en\/#website\"},\"primaryImageOfPage\":{\"@id\":\"https:\/\/www.insel-moen.de\/en\/holiday-homes-on-the-island-of-moen\/#primaryimage\"},\"image\":{\"@id\":\"https:\/\/www.insel-moen.de\/en\/holiday-homes-on-the-island-of-moen\/#primaryimage\"},\"thumbnailUrl\":\"https:\/\/www.insel-moen.de\/wp-content\/uploads\/2019\/05\/Ferienhaeuser-in-Stege-auf-Moen.jpg\",\"datePublished\":\"2021-10-23T06:51:03+00:00\",\"dateModified\":\"2024-05-16T08:15:44+00:00\",\"breadcrumb\":{\"@id\":\"https:\/\/www.insel-moen.de\/en\/holiday-homes-on-the-island-of-moen\/#breadcrumb\"},\"inLanguage\":\"en-US\",\"potentialAction\":[{\"@type\":\"ReadAction\",\"target\":[\"https:\/\/www.insel-moen.de\/en\/holiday-homes-on-the-island-of-moen\/\"]}]},{\"@type\":\"ImageObject\",\"inLanguage\":\"en-US\",\"@id\":\"https:\/\/www.insel-moen.de\/en\/holiday-homes-on-the-island-of-moen\/#primaryimage\",\"url\":\"https:\/\/www.insel-moen.de\/wp-content\/uploads\/2019\/05\/Ferienhaeuser-in-Stege-auf-Moen.jpg\",\"contentUrl\":\"https:\/\/www.insel-moen.de\/wp-content\/uploads\/2019\/05\/Ferienhaeuser-in-Stege-auf-Moen.jpg\"},{\"@type\":\"BreadcrumbList\",\"@id\":\"https:\/\/www.insel-moen.de\/en\/holiday-homes-on-the-island-of-moen\/#breadcrumb\",\"itemListElement\":[{\"@type\":\"ListItem\",\"position\":1,\"name\":\"Startseite\",\"item\":\"https:\/\/www.insel-moen.de\/en\/\"},{\"@type\":\"ListItem\",\"position\":2,\"name\":\"Holiday homes on the island of M\u00f6n\"}]},{\"@type\":\"WebSite\",\"@id\":\"https:\/\/www.insel-moen.de\/en\/#website\",\"url\":\"https:\/\/www.insel-moen.de\/en\/\",\"name\":\"Insel M\u00f6n\",\"description\":\"INSEL M\u00d6N - Urlaub in der D\u00e4nischen S\u00fcdsee\",\"publisher\":{\"@id\":\"https:\/\/www.insel-moen.de\/en\/#organization\"},\"potentialAction\":[{\"@type\":\"SearchAction\",\"target\":{\"@type\":\"EntryPoint\",\"urlTemplate\":\"https:\/\/www.insel-moen.de\/en\/?s={search_term_string}\"},\"query-input\":{\"@type\":\"PropertyValueSpecification\",\"valueRequired\":true,\"valueName\":\"search_term_string\"}}],\"inLanguage\":\"en-US\"},{\"@type\":\"Organization\",\"@id\":\"https:\/\/www.insel-moen.de\/en\/#organization\",\"name\":\"www.insel-moen.de\",\"url\":\"https:\/\/www.insel-moen.de\/en\/\",\"logo\":{\"@type\":\"ImageObject\",\"inLanguage\":\"en-US\",\"@id\":\"https:\/\/www.insel-moen.de\/en\/#\/schema\/logo\/image\/\",\"url\":\"https:\/\/www.insel-moen.de\/wp-content\/uploads\/2023\/08\/cropped-daenemark-logo-neu-klein.png\",\"contentUrl\":\"https:\/\/www.insel-moen.de\/wp-content\/uploads\/2023\/08\/cropped-daenemark-logo-neu-klein.png\",\"width\":100,\"height\":101,\"caption\":\"www.insel-moen.de\"},\"image\":{\"@id\":\"https:\/\/www.insel-moen.de\/en\/#\/schema\/logo\/image\/\"}}]}<\/script>\n<!-- \/ Yoast SEO plugin. -->","yoast_head_json":{"title":"Holiday homes on the island of M\u00f6n","robots":{"index":"index","follow":"follow","max-snippet":"max-snippet:-1","max-image-preview":"max-image-preview:large","max-video-preview":"max-video-preview:-1"},"canonical":"https:\/\/www.insel-moen.de\/en\/holiday-homes-on-the-island-of-moen\/","og_locale":"en_US","og_type":"article","og_title":"Holiday homes on the island of M\u00f6n","og_description":"Holiday house M\u00f6n overview The small island of M\u00f6n, located in the Danish South Pacific, is a great area for vacationing in a holiday home. There are holiday homes for almost every taste in all parts of the island. Some of these holiday homes are located directly on the beach. The beach on M\u00f6n is [&hellip;]","og_url":"https:\/\/www.insel-moen.de\/en\/holiday-homes-on-the-island-of-moen\/","og_site_name":"Insel M\u00f6n","article_modified_time":"2024-05-16T08:15:44+00:00","og_image":[{"url":"https:\/\/www.insel-moen.de\/wp-content\/uploads\/2019\/05\/Ferienhaeuser-in-Stege-auf-Moen.jpg","type":"","width":"","height":""}],"twitter_card":"summary_large_image","twitter_misc":{"Est. reading time":"1 minute"},"schema":{"@context":"https:\/\/schema.org","@graph":[{"@type":"WebPage","@id":"https:\/\/www.insel-moen.de\/en\/holiday-homes-on-the-island-of-moen\/","url":"https:\/\/www.insel-moen.de\/en\/holiday-homes-on-the-island-of-moen\/","name":"Holiday homes on the island of M\u00f6n","isPartOf":{"@id":"https:\/\/www.insel-moen.de\/en\/#website"},"primaryImageOfPage":{"@id":"https:\/\/www.insel-moen.de\/en\/holiday-homes-on-the-island-of-moen\/#primaryimage"},"image":{"@id":"https:\/\/www.insel-moen.de\/en\/holiday-homes-on-the-island-of-moen\/#primaryimage"},"thumbnailUrl":"https:\/\/www.insel-moen.de\/wp-content\/uploads\/2019\/05\/Ferienhaeuser-in-Stege-auf-Moen.jpg","datePublished":"2021-10-23T06:51:03+00:00","dateModified":"2024-05-16T08:15:44+00:00","breadcrumb":{"@id":"https:\/\/www.insel-moen.de\/en\/holiday-homes-on-the-island-of-moen\/#breadcrumb"},"inLanguage":"en-US","potentialAction":[{"@type":"ReadAction","target":["https:\/\/www.insel-moen.de\/en\/holiday-homes-on-the-island-of-moen\/"]}]},{"@type":"ImageObject","inLanguage":"en-US","@id":"https:\/\/www.insel-moen.de\/en\/holiday-homes-on-the-island-of-moen\/#primaryimage","url":"https:\/\/www.insel-moen.de\/wp-content\/uploads\/2019\/05\/Ferienhaeuser-in-Stege-auf-Moen.jpg","contentUrl":"https:\/\/www.insel-moen.de\/wp-content\/uploads\/2019\/05\/Ferienhaeuser-in-Stege-auf-Moen.jpg"},{"@type":"BreadcrumbList","@id":"https:\/\/www.insel-moen.de\/en\/holiday-homes-on-the-island-of-moen\/#breadcrumb","itemListElement":[{"@type":"ListItem","position":1,"name":"Startseite","item":"https:\/\/www.insel-moen.de\/en\/"},{"@type":"ListItem","position":2,"name":"Holiday homes on the island of M\u00f6n"}]},{"@type":"WebSite","@id":"https:\/\/www.insel-moen.de\/en\/#website","url":"https:\/\/www.insel-moen.de\/en\/","name":"Insel M\u00f6n","description":"INSEL M\u00d6N - Urlaub in der D\u00e4nischen S\u00fcdsee","publisher":{"@id":"https:\/\/www.insel-moen.de\/en\/#organization"},"potentialAction":[{"@type":"SearchAction","target":{"@type":"EntryPoint","urlTemplate":"https:\/\/www.insel-moen.de\/en\/?s={search_term_string}"},"query-input":{"@type":"PropertyValueSpecification","valueRequired":true,"valueName":"search_term_string"}}],"inLanguage":"en-US"},{"@type":"Organization","@id":"https:\/\/www.insel-moen.de\/en\/#organization","name":"www.insel-moen.de","url":"https:\/\/www.insel-moen.de\/en\/","logo":{"@type":"ImageObject","inLanguage":"en-US","@id":"https:\/\/www.insel-moen.de\/en\/#\/schema\/logo\/image\/","url":"https:\/\/www.insel-moen.de\/wp-content\/uploads\/2023\/08\/cropped-daenemark-logo-neu-klein.png","contentUrl":"https:\/\/www.insel-moen.de\/wp-content\/uploads\/2023\/08\/cropped-daenemark-logo-neu-klein.png","width":100,"height":101,"caption":"www.insel-moen.de"},"image":{"@id":"https:\/\/www.insel-moen.de\/en\/#\/schema\/logo\/image\/"}}]}},"_links":{"self":[{"href":"https:\/\/www.insel-moen.de\/en\/wp-json\/wp\/v2\/pages\/614","targetHints":{"allow":["GET"]}}],"collection":[{"href":"https:\/\/www.insel-moen.de\/en\/wp-json\/wp\/v2\/pages"}],"about":[{"href":"https:\/\/www.insel-moen.de\/en\/wp-json\/wp\/v2\/types\/page"}],"author":[{"embeddable":true,"href":"https:\/\/www.insel-moen.de\/en\/wp-json\/wp\/v2\/users\/3"}],"replies":[{"embeddable":true,"href":"https:\/\/www.insel-moen.de\/en\/wp-json\/wp\/v2\/comments?post=614"}],"version-history":[{"count":34,"href":"https:\/\/www.insel-moen.de\/en\/wp-json\/wp\/v2\/pages\/614\/revisions"}],"predecessor-version":[{"id":6604,"href":"https:\/\/www.insel-moen.de\/en\/wp-json\/wp\/v2\/pages\/614\/revisions\/6604"}],"wp:attachment":[{"href":"https:\/\/www.insel-moen.de\/en\/wp-json\/wp\/v2\/media?parent=614"}],"curies":[{"name":"wp","href":"https:\/\/api.w.org\/{rel}","templated":true}]}}