{"id":613,"date":"2021-10-23T06:51:03","date_gmt":"2021-10-23T06:51:03","guid":{"rendered":"https:\/\/www.insel-moen.de\/places-on-the-island-of-moen\/svensmarke\/"},"modified":"2021-10-23T06:51:03","modified_gmt":"2021-10-23T06:51:03","slug":"svensmarke","status":"publish","type":"page","link":"https:\/\/www.insel-moen.de\/en\/places-on-the-island-of-moen\/svensmarke\/","title":{"rendered":"Svensmarke"},"content":{"rendered":"\n<script type=\"text\/javascript\" src=\"https:\/\/p2026.atraveo.com\/index.php?controller=partnerintegration&#038;action=default&#038;art=search&#038;landiso=DK&#038;regionid=123&#038;ortid=533486&#038;lg=de&#038;cur=EUR&#038;versionname=weltfoto\"><\/script>","protected":false},"excerpt":{"rendered":"","protected":false},"author":3,"featured_media":0,"parent":612,"menu_order":0,"comment_status":"closed","ping_status":"closed","template":"","meta":{"footnotes":""},"class_list":["post-613","page","type-page","status-publish","hentry"],"yoast_head":"<!-- This site is optimized with the Yoast SEO plugin v24.5 - https:\/\/yoast.com\/wordpress\/plugins\/seo\/ -->\n<title>Svensmarke - Insel M\u00f6n<\/title>\n<meta name=\"robots\" content=\"index, follow, max-snippet:-1, max-image-preview:large, max-video-preview:-1\" \/>\n<link rel=\"canonical\" href=\"https:\/\/www.insel-moen.de\/en\/places-on-the-island-of-moen\/svensmarke\/\" \/>\n<meta property=\"og:locale\" content=\"en_US\" \/>\n<meta property=\"og:type\" content=\"article\" \/>\n<meta property=\"og:title\" content=\"Svensmarke - Insel M\u00f6n\" \/>\n<meta property=\"og:url\" content=\"https:\/\/www.insel-moen.de\/en\/places-on-the-island-of-moen\/svensmarke\/\" \/>\n<meta property=\"og:site_name\" content=\"Insel M\u00f6n\" \/>\n<meta name=\"twitter:card\" content=\"summary_large_image\" \/>\n<script type=\"application\/ld+json\" class=\"yoast-schema-graph\">{\"@context\":\"https:\/\/schema.org\",\"@graph\":[{\"@type\":\"WebPage\",\"@id\":\"https:\/\/www.insel-moen.de\/en\/places-on-the-island-of-moen\/svensmarke\/\",\"url\":\"https:\/\/www.insel-moen.de\/en\/places-on-the-island-of-moen\/svensmarke\/\",\"name\":\"Svensmarke - Insel M\u00f6n\",\"isPartOf\":{\"@id\":\"https:\/\/www.insel-moen.de\/en\/#website\"},\"datePublished\":\"2021-10-23T06:51:03+00:00\",\"breadcrumb\":{\"@id\":\"https:\/\/www.insel-moen.de\/en\/places-on-the-island-of-moen\/svensmarke\/#breadcrumb\"},\"inLanguage\":\"en-US\",\"potentialAction\":[{\"@type\":\"ReadAction\",\"target\":[\"https:\/\/www.insel-moen.de\/en\/places-on-the-island-of-moen\/svensmarke\/\"]}]},{\"@type\":\"BreadcrumbList\",\"@id\":\"https:\/\/www.insel-moen.de\/en\/places-on-the-island-of-moen\/svensmarke\/#breadcrumb\",\"itemListElement\":[{\"@type\":\"ListItem\",\"position\":1,\"name\":\"Startseite\",\"item\":\"https:\/\/www.insel-moen.de\/en\/\"},{\"@type\":\"ListItem\",\"position\":2,\"name\":\"Places on the island of M\u00f6n\",\"item\":\"https:\/\/www.insel-moen.de\/en\/places-on-the-island-of-moen\/\"},{\"@type\":\"ListItem\",\"position\":3,\"name\":\"Svensmarke\"}]},{\"@type\":\"WebSite\",\"@id\":\"https:\/\/www.insel-moen.de\/en\/#website\",\"url\":\"https:\/\/www.insel-moen.de\/en\/\",\"name\":\"Insel M\u00f6n\",\"description\":\"INSEL M\u00d6N - Urlaub in der D\u00e4nischen S\u00fcdsee\",\"publisher\":{\"@id\":\"https:\/\/www.insel-moen.de\/en\/#organization\"},\"potentialAction\":[{\"@type\":\"SearchAction\",\"target\":{\"@type\":\"EntryPoint\",\"urlTemplate\":\"https:\/\/www.insel-moen.de\/en\/?s={search_term_string}\"},\"query-input\":{\"@type\":\"PropertyValueSpecification\",\"valueRequired\":true,\"valueName\":\"search_term_string\"}}],\"inLanguage\":\"en-US\"},{\"@type\":\"Organization\",\"@id\":\"https:\/\/www.insel-moen.de\/en\/#organization\",\"name\":\"www.insel-moen.de\",\"url\":\"https:\/\/www.insel-moen.de\/en\/\",\"logo\":{\"@type\":\"ImageObject\",\"inLanguage\":\"en-US\",\"@id\":\"https:\/\/www.insel-moen.de\/en\/#\/schema\/logo\/image\/\",\"url\":\"https:\/\/www.insel-moen.de\/wp-content\/uploads\/2023\/08\/cropped-daenemark-logo-neu-klein.png\",\"contentUrl\":\"https:\/\/www.insel-moen.de\/wp-content\/uploads\/2023\/08\/cropped-daenemark-logo-neu-klein.png\",\"width\":100,\"height\":101,\"caption\":\"www.insel-moen.de\"},\"image\":{\"@id\":\"https:\/\/www.insel-moen.de\/en\/#\/schema\/logo\/image\/\"}}]}<\/script>\n<!-- \/ Yoast SEO plugin. -->","yoast_head_json":{"title":"Svensmarke - Insel M\u00f6n","robots":{"index":"index","follow":"follow","max-snippet":"max-snippet:-1","max-image-preview":"max-image-preview:large","max-video-preview":"max-video-preview:-1"},"canonical":"https:\/\/www.insel-moen.de\/en\/places-on-the-island-of-moen\/svensmarke\/","og_locale":"en_US","og_type":"article","og_title":"Svensmarke - Insel M\u00f6n","og_url":"https:\/\/www.insel-moen.de\/en\/places-on-the-island-of-moen\/svensmarke\/","og_site_name":"Insel M\u00f6n","twitter_card":"summary_large_image","schema":{"@context":"https:\/\/schema.org","@graph":[{"@type":"WebPage","@id":"https:\/\/www.insel-moen.de\/en\/places-on-the-island-of-moen\/svensmarke\/","url":"https:\/\/www.insel-moen.de\/en\/places-on-the-island-of-moen\/svensmarke\/","name":"Svensmarke - Insel M\u00f6n","isPartOf":{"@id":"https:\/\/www.insel-moen.de\/en\/#website"},"datePublished":"2021-10-23T06:51:03+00:00","breadcrumb":{"@id":"https:\/\/www.insel-moen.de\/en\/places-on-the-island-of-moen\/svensmarke\/#breadcrumb"},"inLanguage":"en-US","potentialAction":[{"@type":"ReadAction","target":["https:\/\/www.insel-moen.de\/en\/places-on-the-island-of-moen\/svensmarke\/"]}]},{"@type":"BreadcrumbList","@id":"https:\/\/www.insel-moen.de\/en\/places-on-the-island-of-moen\/svensmarke\/#breadcrumb","itemListElement":[{"@type":"ListItem","position":1,"name":"Startseite","item":"https:\/\/www.insel-moen.de\/en\/"},{"@type":"ListItem","position":2,"name":"Places on the island of M\u00f6n","item":"https:\/\/www.insel-moen.de\/en\/places-on-the-island-of-moen\/"},{"@type":"ListItem","position":3,"name":"Svensmarke"}]},{"@type":"WebSite","@id":"https:\/\/www.insel-moen.de\/en\/#website","url":"https:\/\/www.insel-moen.de\/en\/","name":"Insel M\u00f6n","description":"INSEL M\u00d6N - Urlaub in der D\u00e4nischen S\u00fcdsee","publisher":{"@id":"https:\/\/www.insel-moen.de\/en\/#organization"},"potentialAction":[{"@type":"SearchAction","target":{"@type":"EntryPoint","urlTemplate":"https:\/\/www.insel-moen.de\/en\/?s={search_term_string}"},"query-input":{"@type":"PropertyValueSpecification","valueRequired":true,"valueName":"search_term_string"}}],"inLanguage":"en-US"},{"@type":"Organization","@id":"https:\/\/www.insel-moen.de\/en\/#organization","name":"www.insel-moen.de","url":"https:\/\/www.insel-moen.de\/en\/","logo":{"@type":"ImageObject","inLanguage":"en-US","@id":"https:\/\/www.insel-moen.de\/en\/#\/schema\/logo\/image\/","url":"https:\/\/www.insel-moen.de\/wp-content\/uploads\/2023\/08\/cropped-daenemark-logo-neu-klein.png","contentUrl":"https:\/\/www.insel-moen.de\/wp-content\/uploads\/2023\/08\/cropped-daenemark-logo-neu-klein.png","width":100,"height":101,"caption":"www.insel-moen.de"},"image":{"@id":"https:\/\/www.insel-moen.de\/en\/#\/schema\/logo\/image\/"}}]}},"_links":{"self":[{"href":"https:\/\/www.insel-moen.de\/en\/wp-json\/wp\/v2\/pages\/613","targetHints":{"allow":["GET"]}}],"collection":[{"href":"https:\/\/www.insel-moen.de\/en\/wp-json\/wp\/v2\/pages"}],"about":[{"href":"https:\/\/www.insel-moen.de\/en\/wp-json\/wp\/v2\/types\/page"}],"author":[{"embeddable":true,"href":"https:\/\/www.insel-moen.de\/en\/wp-json\/wp\/v2\/users\/3"}],"replies":[{"embeddable":true,"href":"https:\/\/www.insel-moen.de\/en\/wp-json\/wp\/v2\/comments?post=613"}],"version-history":[{"count":1,"href":"https:\/\/www.insel-moen.de\/en\/wp-json\/wp\/v2\/pages\/613\/revisions"}],"predecessor-version":[{"id":615,"href":"https:\/\/www.insel-moen.de\/en\/wp-json\/wp\/v2\/pages\/613\/revisions\/615"}],"up":[{"embeddable":true,"href":"https:\/\/www.insel-moen.de\/en\/wp-json\/wp\/v2\/pages\/612"}],"wp:attachment":[{"href":"https:\/\/www.insel-moen.de\/en\/wp-json\/wp\/v2\/media?parent=613"}],"curies":[{"name":"wp","href":"https:\/\/api.w.org\/{rel}","templated":true}]}}