{"id":891,"date":"2022-08-16T14:00:09","date_gmt":"2022-08-16T14:00:09","guid":{"rendered":"https:\/\/www.insel-moen.de\/aktiviteter-paa-oeen-moen\/ridning-paa-oeen-moen\/"},"modified":"2024-03-18T16:14:33","modified_gmt":"2024-03-18T16:14:33","slug":"ridning-paa-oeen-moen","status":"publish","type":"page","link":"https:\/\/www.insel-moen.de\/da\/aktiviteter-paa-oeen-moen\/ridning-paa-oeen-moen\/","title":{"rendered":"Ridning p\u00e5 \u00f8en M\u00f6n"},"content":{"rendered":"\n<p><strong>Hvem tilbyder ridning?<\/strong><br\/>De knap 10.000 indbyggere p\u00e5 den knap 218 kvadratkilometer store \u00f8 M\u00f8n p\u00e5 Sydsj\u00e6lland inds\u00e5 tidligt, at brugen af heste ikke blot passer perfekt til de naturlige landskabsforhold i deres hjemland, men at g\u00e6ster, ferieg\u00e6ster og bes\u00f8gende p\u00e5 den idylliske \u00f8 ogs\u00e5 kunne finde stor gl\u00e6de i at udforske de utallige skovstier, blomstrende enge, blide bakker og sm\u00e5 landsbyer samt naturligvis de imponerende kridtklinter p\u00e5 M\u00f8ns Klint p\u00e5 ryggen af de \u00e6dle fuldblodsheste og halvblodsheste.<br\/><br\/>To velkendte og velkendte adresser er f.eks. M\u00f8ns Klint Resort p\u00e5 Klintevej 544 i DK-479 Borre, der ligger ikke langt fra de \u00f8stlige klipper. Det rummelige anl\u00e6g byder ikke kun p\u00e5 den allerede prisbel\u00f8nnede campingplads og meget hyggelige ferieboliger, men du kan ogs\u00e5 deltage i guidede ture eller endda professionelt huse din egen hest under din ferie. Resortet arbejder t\u00e6t sammen med det nationalt anerkendte &#8220;M\u00f8n Isl\u00c3\u00a6ndercenter&#8221; samt et andet hesteudlejningsfirma (&#8220;Rent a Horse&#8221;), og de islandske heste, som er perfekt tilpasset terr\u00e6net, samt guider og ledsagere, der kender omr\u00e5det, hj\u00e6lper gerne g\u00e6sterne p\u00e5 deres rideture. Hestepensionen Stenagergad p\u00e5 Klintevej 161 i DK-4780 Stege kan ogs\u00e5 anbefales. Huset tilbyder en udend\u00f8rs ridebane p\u00e5 20 x 60 meter, den indend\u00f8rs ridebane (20 x 40 meter), som kan lejes pr. time, dag, m\u00e5ned eller halv\u00e5r, den 40 x 80 meter store spring- og gr\u00e6sbane, terr\u00e6nbanen med springfaciliteter i vores egen private skov, en lastbil til hestetransport samt en bekvem beliggenhed t\u00e6t p\u00e5 stranden og skoven og et busstoppested lige foran g\u00e5rden.<\/p>\n\n<!--more-->\n\n<h2 class=\"wp-block-heading\">Hvad tilbydes ryttere?<\/h2>\n\n<p>Disse to udbydere, samt mange andre private overnatningssteder p\u00e5 M\u00f8n med ridetilbud til b\u00f8rn, begyndere og \u00f8vede, for eksempel i Askeby eller Elmelund, fokuserer naturligvis prim\u00e6rt p\u00e5 de landskabeligt imponerende rideture med storsl\u00e5et panoramaudsigt, som for eksempel p\u00e5 den lange sandstrand Klinteskoven nedenfor kridtklinterne, i  <a href=\"https:\/\/www.insel-moen.de\/der-herregaardenesdag-im-liselund-schloss-ein-eintauchen-in-romantik-und-geschichte-20-08-23\/\">Liselund Park,<\/a> til Jydelejet, Havrelukke, Klintholm og H\u00f8vblege, og mange af vandrestierne p\u00e5 M\u00f8n kan ogs\u00e5 bruges af ryttere og deres heste som en selvf\u00f8lge. Hvis du ikke \u00f8nsker at tilbringe en hel rideferie, men m\u00e5ske blot en formiddag eller eftermiddag i sadlen p\u00e5 en hingst eller hoppe, er den mest sandsynlige l\u00f8sning de ridepakker, som Turistbureau i Storegade 2 i DK-4780 Stege tilbyder, og som omfatter et par timers ridning. Terapeutisk ridning under kyndig og professionel vejledning kan man derimod ogs\u00e5 med god samvittighed tage p\u00e5 det allerede n\u00e6vnte &#8220;M\u00f8n Isl\u00e6ndercenter&#8221; i Borre, hvor uddannet og specialuddannet personale har stor erfaring med underst\u00f8ttende behandling af traumer og psykoser ved hj\u00e6lp af heste.<\/p>\n\n<h2 class=\"wp-block-heading\">Hvad er betingelserne for at ride p\u00e5 Mon?<\/h2>\n\n<p>Som det burde fremg\u00e5 af det hidtil skrevne, er forholdene for en rideferie p\u00e5 M\u00f8n n\u00e6sten ideelle. Ud over den kort skitserede infrastruktur og tilbudsstruktur skal det ogs\u00e5 bem\u00e6rkes, at der er relativt lidt privat biltrafik p\u00e5 \u00f8en &#8211; m\u00e5ske med undtagelse af sommerens h\u00f8js\u00e6son &#8211; p\u00e5 den lille nabo\u00f8 Nyord, som kan n\u00e5s via en d\u00e6mning og er kendt for sit fuglereservat, er biltrafik slet ikke tilladt. Ryttere beh\u00f8ver derfor ikke at bekymre sig om at bringe sig selv eller deres dyr i fare, og heste er generelt accepteret og h\u00f8jt respekteret p\u00e5 \u00f8en, da de i \u00e5rhundreder var de vigtigste og mest uundv\u00e6rlige landbrugsredskaber for den dav\u00e6rende befolkning, der for det meste var b\u00f8nder. I 2013 vil der for f\u00f8rste gang i 45 \u00e5r ogs\u00e5 blive afholdt en af de tidligere meget hyppige jagthundejagter til hest, som arrangeres af M\u00f8ns Reitklub, Storstr\u00f8ms Jagdreitverein og Hamburger Schleppjagd-Verein i samarbejde med de tre godser Nordfeld, Liselund og Klintholm. Dette er ogs\u00e5 kun en s\u00e5kaldt jagt p\u00e5 et udlagt spor, levende vildt bliver naturligvis ikke skadet. Desv\u00e6rre er det ikke l\u00e6ngere muligt at foretage nye tilmeldinger fra interesserede deltagere p\u00e5 grund af den n\u00e6rt forest\u00e5ende dato for begivenheden (7. september 2013), men tilskuere og interesserede i fremtidige jagter er naturligvis velkomne.<\/p>\n<div class=\"wp-block-image\">\n<figure class=\"aligncenter\"><img decoding=\"async\" src=\"https:\/\/www.daenemark-reisen.com\/wp-content\/uploads\/2013\/09\/reiten-auf-der-insel-moen.jpg\" alt=\"Ridning p&#xE5; ferie p&#xE5; &#xF8;en Mon\" class=\"wp-image-875\" title=\"Ridning p&#xE5; ferie p&#xE5; &#xF8;en Mon\"\/><\/figure><\/div>\n<h2 class=\"wp-block-heading\">Hvor kan man booke og kan du anbefale en rideferie p\u00e5 \u00f8en Mon?<\/h2>\n\n<p>Du kan bestille direkte eller f\u00e5 oplysninger om de n\u00f8jagtige reservationsformaliteter, datoer og s\u00e6rlige tilbud hos alle ovenn\u00e6vnte institutioner, som ogs\u00e5 er tilg\u00e6ngelige online og har detaljerede websteder. Hvis du har dine egne danskkundskaber, kan du ogs\u00e5 finde oplysninger om s\u00e6rlige arrangementer for hesteelskere p\u00e5 M\u00f8n og omegn p\u00e5 Dansk Ride Forbunds hjemmeside eller hos det lokale medlem, M\u00f8ns Sportsrideklub i Stege. Men selv uden relevante konkurrencer og l\u00f8b kan \u00f8en M\u00f8n uforbeholdent og varmt anbefales til en rideferie for hesteelskere i alle aldre.<\/p>\n\n<p>Billeder: \u00a9 Niclas Jessen<\/p>\n","protected":false},"excerpt":{"rendered":"<p>Hvem tilbyder ridning?De knap 10.000 indbyggere p\u00e5 den knap 218 kvadratkilometer store \u00f8 M\u00f8n p\u00e5 Sydsj\u00e6lland inds\u00e5 tidligt, at brugen af heste ikke blot passer perfekt til de naturlige landskabsforhold i deres hjemland, men at g\u00e6ster, ferieg\u00e6ster og bes\u00f8gende p\u00e5 den idylliske \u00f8 ogs\u00e5 kunne finde stor gl\u00e6de i at udforske de utallige skovstier, blomstrende [&hellip;]<\/p>\n","protected":false},"author":3,"featured_media":817,"parent":825,"menu_order":0,"comment_status":"closed","ping_status":"closed","template":"templates\/template-full-width.php","meta":{"footnotes":""},"class_list":["post-891","page","type-page","status-publish","has-post-thumbnail","hentry"],"yoast_head":"<!-- This site is optimized with the Yoast SEO plugin v24.5 - https:\/\/yoast.com\/wordpress\/plugins\/seo\/ -->\n<title>Ridning p\u00e5 \u00f8en M\u00f6n - Insel M\u00f6n<\/title>\n<meta name=\"robots\" content=\"index, follow, max-snippet:-1, max-image-preview:large, max-video-preview:-1\" \/>\n<link rel=\"canonical\" href=\"https:\/\/www.insel-moen.de\/da\/aktiviteter-paa-oeen-moen\/ridning-paa-oeen-moen\/\" \/>\n<meta property=\"og:locale\" content=\"da_DK\" \/>\n<meta property=\"og:type\" content=\"article\" \/>\n<meta property=\"og:title\" content=\"Ridning p\u00e5 \u00f8en M\u00f6n - Insel M\u00f6n\" \/>\n<meta property=\"og:description\" content=\"Hvem tilbyder ridning?De knap 10.000 indbyggere p\u00e5 den knap 218 kvadratkilometer store \u00f8 M\u00f8n p\u00e5 Sydsj\u00e6lland inds\u00e5 tidligt, at brugen af heste ikke blot passer perfekt til de naturlige landskabsforhold i deres hjemland, men at g\u00e6ster, ferieg\u00e6ster og bes\u00f8gende p\u00e5 den idylliske \u00f8 ogs\u00e5 kunne finde stor gl\u00e6de i at udforske de utallige skovstier, blomstrende [&hellip;]\" \/>\n<meta property=\"og:url\" content=\"https:\/\/www.insel-moen.de\/da\/aktiviteter-paa-oeen-moen\/ridning-paa-oeen-moen\/\" \/>\n<meta property=\"og:site_name\" content=\"Insel M\u00f6n\" \/>\n<meta property=\"article:modified_time\" content=\"2024-03-18T16:14:33+00:00\" \/>\n<meta property=\"og:image\" content=\"https:\/\/www.insel-moen.de\/wp-content\/uploads\/2021\/10\/To-born-med-en-hest_3529-scaled.jpg\" \/>\n\t<meta property=\"og:image:width\" content=\"2560\" \/>\n\t<meta property=\"og:image:height\" content=\"1810\" \/>\n\t<meta property=\"og:image:type\" content=\"image\/jpeg\" \/>\n<meta name=\"twitter:card\" content=\"summary_large_image\" \/>\n<meta name=\"twitter:label1\" content=\"Estimeret l\u00e6setid\" \/>\n\t<meta name=\"twitter:data1\" content=\"4 minutter\" \/>\n<script type=\"application\/ld+json\" class=\"yoast-schema-graph\">{\"@context\":\"https:\/\/schema.org\",\"@graph\":[{\"@type\":\"WebPage\",\"@id\":\"https:\/\/www.insel-moen.de\/da\/aktiviteter-paa-oeen-moen\/ridning-paa-oeen-moen\/\",\"url\":\"https:\/\/www.insel-moen.de\/da\/aktiviteter-paa-oeen-moen\/ridning-paa-oeen-moen\/\",\"name\":\"Ridning p\u00e5 \u00f8en M\u00f6n - Insel M\u00f6n\",\"isPartOf\":{\"@id\":\"https:\/\/www.insel-moen.de\/da\/#website\"},\"primaryImageOfPage\":{\"@id\":\"https:\/\/www.insel-moen.de\/da\/aktiviteter-paa-oeen-moen\/ridning-paa-oeen-moen\/#primaryimage\"},\"image\":{\"@id\":\"https:\/\/www.insel-moen.de\/da\/aktiviteter-paa-oeen-moen\/ridning-paa-oeen-moen\/#primaryimage\"},\"thumbnailUrl\":\"https:\/\/www.insel-moen.de\/wp-content\/uploads\/2021\/10\/To-born-med-en-hest_3529-scaled.jpg\",\"datePublished\":\"2022-08-16T14:00:09+00:00\",\"dateModified\":\"2024-03-18T16:14:33+00:00\",\"breadcrumb\":{\"@id\":\"https:\/\/www.insel-moen.de\/da\/aktiviteter-paa-oeen-moen\/ridning-paa-oeen-moen\/#breadcrumb\"},\"inLanguage\":\"da-DK\",\"potentialAction\":[{\"@type\":\"ReadAction\",\"target\":[\"https:\/\/www.insel-moen.de\/da\/aktiviteter-paa-oeen-moen\/ridning-paa-oeen-moen\/\"]}]},{\"@type\":\"ImageObject\",\"inLanguage\":\"da-DK\",\"@id\":\"https:\/\/www.insel-moen.de\/da\/aktiviteter-paa-oeen-moen\/ridning-paa-oeen-moen\/#primaryimage\",\"url\":\"https:\/\/www.insel-moen.de\/wp-content\/uploads\/2021\/10\/To-born-med-en-hest_3529-scaled.jpg\",\"contentUrl\":\"https:\/\/www.insel-moen.de\/wp-content\/uploads\/2021\/10\/To-born-med-en-hest_3529-scaled.jpg\",\"width\":2560,\"height\":1810},{\"@type\":\"BreadcrumbList\",\"@id\":\"https:\/\/www.insel-moen.de\/da\/aktiviteter-paa-oeen-moen\/ridning-paa-oeen-moen\/#breadcrumb\",\"itemListElement\":[{\"@type\":\"ListItem\",\"position\":1,\"name\":\"Startseite\",\"item\":\"https:\/\/www.insel-moen.de\/da\/\"},{\"@type\":\"ListItem\",\"position\":2,\"name\":\"Sev\u00e6rdigheder og aktiviteter p\u00e5 M\u00f8n\",\"item\":\"https:\/\/www.insel-moen.de\/da\/aktiviteter-paa-oeen-moen\/\"},{\"@type\":\"ListItem\",\"position\":3,\"name\":\"Ridning p\u00e5 \u00f8en M\u00f6n\"}]},{\"@type\":\"WebSite\",\"@id\":\"https:\/\/www.insel-moen.de\/da\/#website\",\"url\":\"https:\/\/www.insel-moen.de\/da\/\",\"name\":\"Insel M\u00f6n\",\"description\":\"INSEL M\u00d6N - Urlaub in der D\u00e4nischen S\u00fcdsee\",\"publisher\":{\"@id\":\"https:\/\/www.insel-moen.de\/da\/#organization\"},\"potentialAction\":[{\"@type\":\"SearchAction\",\"target\":{\"@type\":\"EntryPoint\",\"urlTemplate\":\"https:\/\/www.insel-moen.de\/da\/?s={search_term_string}\"},\"query-input\":{\"@type\":\"PropertyValueSpecification\",\"valueRequired\":true,\"valueName\":\"search_term_string\"}}],\"inLanguage\":\"da-DK\"},{\"@type\":\"Organization\",\"@id\":\"https:\/\/www.insel-moen.de\/da\/#organization\",\"name\":\"www.insel-moen.de\",\"url\":\"https:\/\/www.insel-moen.de\/da\/\",\"logo\":{\"@type\":\"ImageObject\",\"inLanguage\":\"da-DK\",\"@id\":\"https:\/\/www.insel-moen.de\/da\/#\/schema\/logo\/image\/\",\"url\":\"https:\/\/www.insel-moen.de\/wp-content\/uploads\/2023\/08\/cropped-daenemark-logo-neu-klein.png\",\"contentUrl\":\"https:\/\/www.insel-moen.de\/wp-content\/uploads\/2023\/08\/cropped-daenemark-logo-neu-klein.png\",\"width\":100,\"height\":101,\"caption\":\"www.insel-moen.de\"},\"image\":{\"@id\":\"https:\/\/www.insel-moen.de\/da\/#\/schema\/logo\/image\/\"}}]}<\/script>\n<!-- \/ Yoast SEO plugin. -->","yoast_head_json":{"title":"Ridning p\u00e5 \u00f8en M\u00f6n - Insel M\u00f6n","robots":{"index":"index","follow":"follow","max-snippet":"max-snippet:-1","max-image-preview":"max-image-preview:large","max-video-preview":"max-video-preview:-1"},"canonical":"https:\/\/www.insel-moen.de\/da\/aktiviteter-paa-oeen-moen\/ridning-paa-oeen-moen\/","og_locale":"da_DK","og_type":"article","og_title":"Ridning p\u00e5 \u00f8en M\u00f6n - Insel M\u00f6n","og_description":"Hvem tilbyder ridning?De knap 10.000 indbyggere p\u00e5 den knap 218 kvadratkilometer store \u00f8 M\u00f8n p\u00e5 Sydsj\u00e6lland inds\u00e5 tidligt, at brugen af heste ikke blot passer perfekt til de naturlige landskabsforhold i deres hjemland, men at g\u00e6ster, ferieg\u00e6ster og bes\u00f8gende p\u00e5 den idylliske \u00f8 ogs\u00e5 kunne finde stor gl\u00e6de i at udforske de utallige skovstier, blomstrende [&hellip;]","og_url":"https:\/\/www.insel-moen.de\/da\/aktiviteter-paa-oeen-moen\/ridning-paa-oeen-moen\/","og_site_name":"Insel M\u00f6n","article_modified_time":"2024-03-18T16:14:33+00:00","og_image":[{"width":2560,"height":1810,"url":"https:\/\/www.insel-moen.de\/wp-content\/uploads\/2021\/10\/To-born-med-en-hest_3529-scaled.jpg","type":"image\/jpeg"}],"twitter_card":"summary_large_image","twitter_misc":{"Estimeret l\u00e6setid":"4 minutter"},"schema":{"@context":"https:\/\/schema.org","@graph":[{"@type":"WebPage","@id":"https:\/\/www.insel-moen.de\/da\/aktiviteter-paa-oeen-moen\/ridning-paa-oeen-moen\/","url":"https:\/\/www.insel-moen.de\/da\/aktiviteter-paa-oeen-moen\/ridning-paa-oeen-moen\/","name":"Ridning p\u00e5 \u00f8en M\u00f6n - Insel M\u00f6n","isPartOf":{"@id":"https:\/\/www.insel-moen.de\/da\/#website"},"primaryImageOfPage":{"@id":"https:\/\/www.insel-moen.de\/da\/aktiviteter-paa-oeen-moen\/ridning-paa-oeen-moen\/#primaryimage"},"image":{"@id":"https:\/\/www.insel-moen.de\/da\/aktiviteter-paa-oeen-moen\/ridning-paa-oeen-moen\/#primaryimage"},"thumbnailUrl":"https:\/\/www.insel-moen.de\/wp-content\/uploads\/2021\/10\/To-born-med-en-hest_3529-scaled.jpg","datePublished":"2022-08-16T14:00:09+00:00","dateModified":"2024-03-18T16:14:33+00:00","breadcrumb":{"@id":"https:\/\/www.insel-moen.de\/da\/aktiviteter-paa-oeen-moen\/ridning-paa-oeen-moen\/#breadcrumb"},"inLanguage":"da-DK","potentialAction":[{"@type":"ReadAction","target":["https:\/\/www.insel-moen.de\/da\/aktiviteter-paa-oeen-moen\/ridning-paa-oeen-moen\/"]}]},{"@type":"ImageObject","inLanguage":"da-DK","@id":"https:\/\/www.insel-moen.de\/da\/aktiviteter-paa-oeen-moen\/ridning-paa-oeen-moen\/#primaryimage","url":"https:\/\/www.insel-moen.de\/wp-content\/uploads\/2021\/10\/To-born-med-en-hest_3529-scaled.jpg","contentUrl":"https:\/\/www.insel-moen.de\/wp-content\/uploads\/2021\/10\/To-born-med-en-hest_3529-scaled.jpg","width":2560,"height":1810},{"@type":"BreadcrumbList","@id":"https:\/\/www.insel-moen.de\/da\/aktiviteter-paa-oeen-moen\/ridning-paa-oeen-moen\/#breadcrumb","itemListElement":[{"@type":"ListItem","position":1,"name":"Startseite","item":"https:\/\/www.insel-moen.de\/da\/"},{"@type":"ListItem","position":2,"name":"Sev\u00e6rdigheder og aktiviteter p\u00e5 M\u00f8n","item":"https:\/\/www.insel-moen.de\/da\/aktiviteter-paa-oeen-moen\/"},{"@type":"ListItem","position":3,"name":"Ridning p\u00e5 \u00f8en M\u00f6n"}]},{"@type":"WebSite","@id":"https:\/\/www.insel-moen.de\/da\/#website","url":"https:\/\/www.insel-moen.de\/da\/","name":"Insel M\u00f6n","description":"INSEL M\u00d6N - Urlaub in der D\u00e4nischen S\u00fcdsee","publisher":{"@id":"https:\/\/www.insel-moen.de\/da\/#organization"},"potentialAction":[{"@type":"SearchAction","target":{"@type":"EntryPoint","urlTemplate":"https:\/\/www.insel-moen.de\/da\/?s={search_term_string}"},"query-input":{"@type":"PropertyValueSpecification","valueRequired":true,"valueName":"search_term_string"}}],"inLanguage":"da-DK"},{"@type":"Organization","@id":"https:\/\/www.insel-moen.de\/da\/#organization","name":"www.insel-moen.de","url":"https:\/\/www.insel-moen.de\/da\/","logo":{"@type":"ImageObject","inLanguage":"da-DK","@id":"https:\/\/www.insel-moen.de\/da\/#\/schema\/logo\/image\/","url":"https:\/\/www.insel-moen.de\/wp-content\/uploads\/2023\/08\/cropped-daenemark-logo-neu-klein.png","contentUrl":"https:\/\/www.insel-moen.de\/wp-content\/uploads\/2023\/08\/cropped-daenemark-logo-neu-klein.png","width":100,"height":101,"caption":"www.insel-moen.de"},"image":{"@id":"https:\/\/www.insel-moen.de\/da\/#\/schema\/logo\/image\/"}}]}},"_links":{"self":[{"href":"https:\/\/www.insel-moen.de\/da\/wp-json\/wp\/v2\/pages\/891","targetHints":{"allow":["GET"]}}],"collection":[{"href":"https:\/\/www.insel-moen.de\/da\/wp-json\/wp\/v2\/pages"}],"about":[{"href":"https:\/\/www.insel-moen.de\/da\/wp-json\/wp\/v2\/types\/page"}],"author":[{"embeddable":true,"href":"https:\/\/www.insel-moen.de\/da\/wp-json\/wp\/v2\/users\/3"}],"replies":[{"embeddable":true,"href":"https:\/\/www.insel-moen.de\/da\/wp-json\/wp\/v2\/comments?post=891"}],"version-history":[{"count":2,"href":"https:\/\/www.insel-moen.de\/da\/wp-json\/wp\/v2\/pages\/891\/revisions"}],"predecessor-version":[{"id":7110,"href":"https:\/\/www.insel-moen.de\/da\/wp-json\/wp\/v2\/pages\/891\/revisions\/7110"}],"up":[{"embeddable":true,"href":"https:\/\/www.insel-moen.de\/da\/wp-json\/wp\/v2\/pages\/825"}],"wp:featuredmedia":[{"embeddable":true,"href":"https:\/\/www.insel-moen.de\/da\/wp-json\/wp\/v2\/media\/817"}],"wp:attachment":[{"href":"https:\/\/www.insel-moen.de\/da\/wp-json\/wp\/v2\/media?parent=891"}],"curies":[{"name":"wp","href":"https:\/\/api.w.org\/{rel}","templated":true}]}}