{"id":887,"date":"2022-08-16T14:00:08","date_gmt":"2022-08-16T14:00:08","guid":{"rendered":"https:\/\/www.insel-moen.de\/guenter-grass-om-mandag\/"},"modified":"2022-08-16T14:00:12","modified_gmt":"2022-08-16T14:00:12","slug":"guenter-grass-om-mandag","status":"publish","type":"page","link":"https:\/\/www.insel-moen.de\/da\/guenter-grass-om-mandag\/","title":{"rendered":"G\u00fcnter Grass om mandag"},"content":{"rendered":"\n<p>Nobelprismodtager G\u00fcnter Grass tilbragte det meste af sin sommerferie i Ulfshale. Han d\u00f8de i 2015 i en alder af 87 \u00e5r.<\/p>\n\n<p>Den kontroversielle nobelprismodtager G\u00fcnter Grass d\u00f8de mandag morgen i en alder af 87 \u00e5r. Han d\u00f8de i sin hjemby L\u00fcbeck.<\/p>\n\n<p>Men forfatteren havde ogs\u00e5 t\u00e6tte b\u00e5nd til Danmark, hvor han brugte sit liv p\u00e5 at samle kr\u00e6fter i sommerferien i Ulvshale p\u00e5 M\u00f8n. Her lejede han sig ind i et gammelt bondehus p\u00e5 stedet og var n\u00e5digt fri for offentlig opm\u00e6rksomhed.<\/p>\n\n<p>Det bet\u00f8d bl.a., at han kunne lide at tage til steder, hvor han vidste, at der ikke var s\u00e5 mange mennesker.<\/p>\n\n<p>Som f.eks. k\u00f8bmandsbutikken &#8220;Sommerbutikken&#8221; p\u00e5 Ulvshale Strand campingplads n\u00e6r den gamle g\u00e5rd.<\/p>\n\n<ul class=\"wp-block-list\"><li>Vi vidste, hvem han var. Og han kom og spillede i de seks \u00e5r, jeg har v\u00e6ret her, siger ejer Vivi H\u00f8jklint.<\/li><\/ul>\n<p>En af de f\u00e5 danske journalister, der fik lov til at interviewe G\u00fcnter Grass under en ferie i Danmark, er Jens Martin Roelsgaard, Stege, der har arbejdet p\u00e5 M\u00f8ns Tidendes Steges redaktion siden 1999.<\/p>\n\n<ul class=\"wp-block-list\"><li>Vi \u00f8nskede at markedsf\u00f8re M\u00f8n som et sted. Min redakt\u00f8r og jeg talte om at lave et interview med ham, da vi fik at vide, at han var til stede. Det var der, jeg gik ud, siger Jens Martin Roelsgaard.<\/li><li>Mit tysk var under al kritik, men vi forstod hinanden alligevel, forts\u00e6tter Jens Martin Roelsgaard.<\/li><\/ul>\n<h2 class=\"wp-block-heading\"><strong>Havde en hemmelighed om svampe<\/strong><\/h2>\n\n<figure class=\"wp-block-image size-full\"><a href=\"https:\/\/www.insel-moen.de\/wp-content\/uploads\/2022\/01\/gg11.png\"><img loading=\"lazy\" decoding=\"async\" width=\"800\" height=\"592\" src=\"https:\/\/www.insel-moen.de\/wp-content\/uploads\/2022\/01\/gg11.png\" alt=\"\" class=\"wp-image-824\" srcset=\"https:\/\/www.insel-moen.de\/wp-content\/uploads\/2022\/01\/gg11.png 800w, https:\/\/www.insel-moen.de\/wp-content\/uploads\/2022\/01\/gg11-300x222.png 300w, https:\/\/www.insel-moen.de\/wp-content\/uploads\/2022\/01\/gg11-768x568.png 768w\" sizes=\"auto, (max-width: 800px) 100vw, 800px\" \/><\/a><\/figure>\n<p>Under interviewet opdagede Roelsgaard manden Grass, som viste sig at v\u00e6re glad for svampe. Han kom gerne til M\u00f8n, n\u00e5r svampes\u00e6sonen var p\u00e5 sit h\u00f8jeste, og Karl Johan og kantareller var hans favoritter.<\/p>\n\n<ul class=\"wp-block-list\"><li>Han fortalte os, at han kendte et rigtig godt sted, men han ville ikke sige pr\u00e6cis hvor, fort\u00e6ller redakt\u00f8r Svend Klarskov.<\/li><\/ul>\n<p>Dette er i h\u00f8j grad i overensstemmelse med Vivi H\u00f8jklints synspunkt.<\/p>\n\n<ul class=\"wp-block-list\"><li>Han passede p\u00e5 sig selv og n\u00f8d naturen, siger hun.<\/li><\/ul>\n<p>Kun f\u00e5 gange gjorde han sig bem\u00e6rket offentligt under ferien i Danmark. F.eks. i 2000, hvor han var med til at s\u00e6tte sommerarrangementet &#8220;Verdenslitteratur p\u00e5 M\u00f8n&#8221; op p\u00e5 Teaterh\u00f8jskolen R\u00f8dkilde.<\/p>\n\n<p>Her l\u00e6ste Grass bl.a. noget af sin litteratur og kunne vise de lokale, at han forstod godt dansk.<\/p>\n\n<p>Noget, som han var autodidakt, og som han formentlig ville holde sig ajour, mens han var p\u00e5 ferie.<\/p>\n\n<ul class=\"wp-block-list\"><li>Han k\u00f8bte sine aviser. Og de var danske. Vi har ingen tyske aviser, siger Vivi H\u00f8jklint, som ogs\u00e5 fort\u00e6ller, at G\u00fcnter Grass altid kom og handlede alene.<\/li><\/ul>\n<p>I 2007 besluttede Grass ogs\u00e5 at gribe offentligt ind, da Stege Bio viste filmatiseringen af Bliktrommen &#8211; G\u00fcnter Grass&#8217; mest ber\u00f8mte roman &#8211; p\u00e5 Stege Bio. Han fortalte om tilblivelsen af filmen, som han var meget aktivt involveret i.<\/p>\n\n<ul class=\"wp-block-list\"><li>Jeg fors\u00f8gte at interviewe ham, men fordi jeg n\u00e6vnte hans fortid i SS, n\u00e6gtede han at tale med mig. Det var \u00e6rgerligt, for Grass var en stor VIP p\u00e5 M\u00f8n, forklarer Svend Klarskov.<\/li><\/ul>\n<h2 class=\"wp-block-heading\">M\u00f8n til minde om<\/h2>\n\n<p>I sin erindringsbog &#8220;Kassen&#8221; fortalte Grass om sine mange ferieoplevelser p\u00e5 M\u00f8n og gengav en sjov anekdote, der p\u00e5 sin vis viste hans interesse for Danmarkshistorien, og hvorfor han kunne lide Danmark og danskerne.<\/p>\n\n<p>Det var fra tiden omkring K\u00f8benhavns belejring, hvor et britisk krigsskib ogs\u00e5 besk\u00f8d M\u00f8ns hovedby, Stege, som resolut blev forsvaret af de lokale med kun \u00e9n kanon i ugevis, indtil fjenden forsvandt.<\/p>\n\n<p>Der var imidlertid opst\u00e5et dette problem, skrev Grass, at kaptajnen for patruljerne skulle holde bryllupsceremoni for sin datter. Med et hvidt flag i st\u00e6vnen roede de til den britiske p\u00f8lse og fortalte dem, at de ikke kunne besvare kanonsalget n\u00e6ste s\u00f8ndag.<\/p>\n\n<p>Efter en aftalt v\u00e5benhvile p\u00e5 en enkelt dag fortsatte den gensidige beskydning.<\/p>\n\n<p>Grass var en af de vigtigste forfattere i det moderne Tyskland.<\/p>\n\n<p>I 1959 skrev han sin f\u00f8rste roman, den internationalt anerkendte &#8220;Leinwand&#8221;.<\/p>\n\n<p>&#8220;Udgivelsen af Tin Room markerede den tyske romantiks genf\u00f8dsel i det 20. \u00e5rhundrede&#8221;, sagde Nobelkomit\u00e9en 40 \u00e5r senere, da den uddelte Grass&#8217; litteraturpris i 1999.<\/p>\n\n<h2 class=\"wp-block-heading\">Kontroversiel digtsamling<\/h2>\n\n<p>Grass overlevede som 17-\u00e5rig de forf\u00e6rdelige ar p\u00e5 krop og sj\u00e6l og blev senere den tyske venstrefl\u00f8js moralske samvittighed i sit arbejde som digter, grafiker og billedkunstner.<\/p>\n\n<p>I en alder af 85 \u00e5r udgav han digtsamlingen &#8220;D\u00f8gnfluer&#8221;, som indeholder en hyldest til den israelske atomingeni\u00f8r Mordechai Vanunu, der blev id\u00f8mt 18 \u00e5rs f\u00e6ngsel for at have afsl\u00f8ret Israels atomprogram.<\/p>\n\n<p>Digtet skabte en ophedet debat, og Grass blev forbudt af den israelske regering.<\/p>\n\n<ul class=\"wp-block-list\"><li>Grass har altid haft det sv\u00e6rt med sit land. Men netop derfor er han en patriot, som har \u00e6ndret den m\u00e5de, Tyskland opfattes p\u00e5 i verden, sagde forbundspr\u00e6sident Horst K\u00f6hler i sin tale til fejring af Grass&#8217; 80-\u00e5rs f\u00f8dselsdag.<\/li><\/ul>\n<figure class=\"wp-block-image\"><img loading=\"lazy\" decoding=\"async\" width=\"730\" height=\"485\" src=\"https:\/\/www.insel-moen.de\/wp-content\/uploads\/2019\/05\/das-haus-von-guenter-grass-auf-moen.jpg\" alt=\"G&#xFC;nter Grass om M&#xF6;n House\" class=\"wp-image-782\" srcset=\"https:\/\/www.insel-moen.de\/wp-content\/uploads\/2019\/05\/das-haus-von-guenter-grass-auf-moen.jpg 730w, https:\/\/www.insel-moen.de\/wp-content\/uploads\/2019\/05\/das-haus-von-guenter-grass-auf-moen-300x199.jpg 300w, https:\/\/www.insel-moen.de\/wp-content\/uploads\/2019\/05\/das-haus-von-guenter-grass-auf-moen-560x372.jpg 560w, https:\/\/www.insel-moen.de\/wp-content\/uploads\/2019\/05\/das-haus-von-guenter-grass-auf-moen-240x158.jpg 240w, https:\/\/www.insel-moen.de\/wp-content\/uploads\/2019\/05\/das-haus-von-guenter-grass-auf-moen-120x80.jpg 120w\" sizes=\"auto, (max-width: 730px) 100vw, 730px\" \/><figcaption>G\u00fcnter Grass&#8217; hus p\u00e5 M\u00f6n<\/figcaption><\/figure>\n<p>Artiklen er en overs\u00e6ttelse fra https:\/\/ekstrabladet.dk<\/p>\n\n<h2 class=\"wp-block-heading\">V\u00e6rker af G\u00fcnter Grass<\/h2>\n\n<h3 class=\"wp-block-heading\">Pilning af l\u00f8get<\/h3>\n\n<p><span>Grass&#8217; roman &#8220;Skinning the Onion&#8221; bruger selvhad og sandhedens kompleksitet til at unders\u00f8ge den tyske identitet under nazitiden. Romanen f\u00f8lger hovedpersonen Oskar Matzerath, som observerer sin familie og omgivelser, mens han p\u00e5tager sig rollen som &#8220;spion&#8221;. Grass bruger denne tilgang til at skildre volden og den barske hverdag i Tyskland i denne periode. Grass henleder opm\u00e6rksomheden p\u00e5 modsigelserne i den nazistiske ideologi. Romanen handler om selvhad, dvs. om at forkaste sig selv i jagten p\u00e5 perfektion. Det er ikke altid positivt at fl\u00e5 l\u00f8get. Det kan v\u00e6re blodigt at finde den perfekte hud til dig selv, men det kan ogs\u00e5 v\u00e6re blodigt at hade sig selv.<\/span><\/p>\n\n<p><span>Jeg er helt klart i mindretal, n\u00e5r det g\u00e6lder G\u00fcnter Grass i Ulvshale p\u00e5 M\u00f8n. Da mine kolleger fandt ud af, at jeg havde taget tre dage fri for at l\u00e6se Nobelpristagerens v\u00e6rk, kiggede de sp\u00f8rgende p\u00e5 mig. Men jeg er ikke helt sikker p\u00e5, hvad de forventede, da de h\u00f8rte, at dette var de sidste stykker af Grass&#8217; litteratur.  <br\/><br\/>G\u00fcnter Grass, den tyske forfatter af romanen &#8220;Bliktromlen&#8221;, blev f\u00f8dt i 1927 i Danzig i Tyskland. I Gdansk, hvor Grass voksede op, var der polsk flertal, selv om Gdansk-regionen h\u00f8rte til Tyskland. K\u00e6re l\u00e6sere,  <br\/><br\/>G\u00fcnter Grass d\u00f8de i en alder af 77 \u00e5r. Grass er en tysk forfatter med mere end 30 romaner, digtsamlinger og dramaer p\u00e5 sit CV. I denne uge faldt han p\u00e5 en \u00f8 i M\u00e1n. Grass sagde, at han ikke vidste, hvordan han var havnet der, men spekulerede i, at han var &#8220;g\u00e5et op ad skr\u00e5ningen uden at bem\u00e6rke den glatte vej&#8221;. Han er i \u00f8jeblikket under behandling for sine kv\u00e6stelser.  <br\/><br\/>Vi \u00f8nsker Grass god bedring efter denne uheldige ulykke.<\/span><\/p>\n\n<p><\/p>\n","protected":false},"excerpt":{"rendered":"<p>Nobelprismodtager G\u00fcnter Grass tilbragte det meste af sin sommerferie i Ulfshale. Han d\u00f8de i 2015 i en alder af 87 \u00e5r. Den kontroversielle nobelprismodtager G\u00fcnter Grass d\u00f8de mandag morgen i en alder af 87 \u00e5r. Han d\u00f8de i sin hjemby L\u00fcbeck. Men forfatteren havde ogs\u00e5 t\u00e6tte b\u00e5nd til Danmark, hvor han brugte sit liv p\u00e5 [&hellip;]<\/p>\n","protected":false},"author":3,"featured_media":823,"parent":0,"menu_order":0,"comment_status":"closed","ping_status":"closed","template":"","meta":{"footnotes":""},"class_list":["post-887","page","type-page","status-publish","has-post-thumbnail","hentry"],"yoast_head":"<!-- This site is optimized with the Yoast SEO plugin v24.5 - https:\/\/yoast.com\/wordpress\/plugins\/seo\/ -->\n<title>G\u00fcnter Grass p\u00e5 \u00f8en M\u00f6n - Her tilbragte han sin ferie<\/title>\n<meta name=\"description\" content=\"G\u00fcnter Grass elskede \u00f8en M\u00f6n og tilbragte sine ferier her i et hus. Find alt om Grass p\u00e5 M\u00f6n: billeder, tekster, oplevelser\" \/>\n<meta name=\"robots\" content=\"index, follow, max-snippet:-1, max-image-preview:large, max-video-preview:-1\" \/>\n<link rel=\"canonical\" href=\"https:\/\/www.insel-moen.de\/da\/guenter-grass-om-mandag\/\" \/>\n<meta property=\"og:locale\" content=\"da_DK\" \/>\n<meta property=\"og:type\" content=\"article\" \/>\n<meta property=\"og:title\" content=\"G\u00fcnter Grass p\u00e5 \u00f8en M\u00f6n - Her tilbragte han sin ferie\" \/>\n<meta property=\"og:description\" content=\"G\u00fcnter Grass elskede \u00f8en M\u00f6n og tilbragte sine ferier her i et hus. Find alt om Grass p\u00e5 M\u00f6n: billeder, tekster, oplevelser\" \/>\n<meta property=\"og:url\" content=\"https:\/\/www.insel-moen.de\/da\/guenter-grass-om-mandag\/\" \/>\n<meta property=\"og:site_name\" content=\"Insel M\u00f6n\" \/>\n<meta property=\"article:modified_time\" content=\"2022-08-16T14:00:12+00:00\" \/>\n<meta property=\"og:image\" content=\"https:\/\/www.insel-moen.de\/wp-content\/uploads\/2022\/01\/gg6.png\" \/>\n\t<meta property=\"og:image:width\" content=\"592\" \/>\n\t<meta property=\"og:image:height\" content=\"400\" \/>\n\t<meta property=\"og:image:type\" content=\"image\/png\" \/>\n<meta name=\"twitter:card\" content=\"summary_large_image\" \/>\n<meta name=\"twitter:label1\" content=\"Estimeret l\u00e6setid\" \/>\n\t<meta name=\"twitter:data1\" content=\"6 minutter\" \/>\n<script type=\"application\/ld+json\" class=\"yoast-schema-graph\">{\"@context\":\"https:\/\/schema.org\",\"@graph\":[{\"@type\":\"WebPage\",\"@id\":\"https:\/\/www.insel-moen.de\/da\/guenter-grass-om-mandag\/\",\"url\":\"https:\/\/www.insel-moen.de\/da\/guenter-grass-om-mandag\/\",\"name\":\"G\u00fcnter Grass p\u00e5 \u00f8en M\u00f6n - Her tilbragte han sin ferie\",\"isPartOf\":{\"@id\":\"https:\/\/www.insel-moen.de\/da\/#website\"},\"primaryImageOfPage\":{\"@id\":\"https:\/\/www.insel-moen.de\/da\/guenter-grass-om-mandag\/#primaryimage\"},\"image\":{\"@id\":\"https:\/\/www.insel-moen.de\/da\/guenter-grass-om-mandag\/#primaryimage\"},\"thumbnailUrl\":\"https:\/\/www.insel-moen.de\/wp-content\/uploads\/2022\/01\/gg6.png\",\"datePublished\":\"2022-08-16T14:00:08+00:00\",\"dateModified\":\"2022-08-16T14:00:12+00:00\",\"description\":\"G\u00fcnter Grass elskede \u00f8en M\u00f6n og tilbragte sine ferier her i et hus. Find alt om Grass p\u00e5 M\u00f6n: billeder, tekster, oplevelser\",\"breadcrumb\":{\"@id\":\"https:\/\/www.insel-moen.de\/da\/guenter-grass-om-mandag\/#breadcrumb\"},\"inLanguage\":\"da-DK\",\"potentialAction\":[{\"@type\":\"ReadAction\",\"target\":[\"https:\/\/www.insel-moen.de\/da\/guenter-grass-om-mandag\/\"]}]},{\"@type\":\"ImageObject\",\"inLanguage\":\"da-DK\",\"@id\":\"https:\/\/www.insel-moen.de\/da\/guenter-grass-om-mandag\/#primaryimage\",\"url\":\"https:\/\/www.insel-moen.de\/wp-content\/uploads\/2022\/01\/gg6.png\",\"contentUrl\":\"https:\/\/www.insel-moen.de\/wp-content\/uploads\/2022\/01\/gg6.png\",\"width\":592,\"height\":400},{\"@type\":\"BreadcrumbList\",\"@id\":\"https:\/\/www.insel-moen.de\/da\/guenter-grass-om-mandag\/#breadcrumb\",\"itemListElement\":[{\"@type\":\"ListItem\",\"position\":1,\"name\":\"Startseite\",\"item\":\"https:\/\/www.insel-moen.de\/da\/\"},{\"@type\":\"ListItem\",\"position\":2,\"name\":\"G\u00fcnter Grass om mandag\"}]},{\"@type\":\"WebSite\",\"@id\":\"https:\/\/www.insel-moen.de\/da\/#website\",\"url\":\"https:\/\/www.insel-moen.de\/da\/\",\"name\":\"Insel M\u00f6n\",\"description\":\"INSEL M\u00d6N - Urlaub in der D\u00e4nischen S\u00fcdsee\",\"publisher\":{\"@id\":\"https:\/\/www.insel-moen.de\/da\/#organization\"},\"potentialAction\":[{\"@type\":\"SearchAction\",\"target\":{\"@type\":\"EntryPoint\",\"urlTemplate\":\"https:\/\/www.insel-moen.de\/da\/?s={search_term_string}\"},\"query-input\":{\"@type\":\"PropertyValueSpecification\",\"valueRequired\":true,\"valueName\":\"search_term_string\"}}],\"inLanguage\":\"da-DK\"},{\"@type\":\"Organization\",\"@id\":\"https:\/\/www.insel-moen.de\/da\/#organization\",\"name\":\"www.insel-moen.de\",\"url\":\"https:\/\/www.insel-moen.de\/da\/\",\"logo\":{\"@type\":\"ImageObject\",\"inLanguage\":\"da-DK\",\"@id\":\"https:\/\/www.insel-moen.de\/da\/#\/schema\/logo\/image\/\",\"url\":\"https:\/\/www.insel-moen.de\/wp-content\/uploads\/2023\/08\/cropped-daenemark-logo-neu-klein.png\",\"contentUrl\":\"https:\/\/www.insel-moen.de\/wp-content\/uploads\/2023\/08\/cropped-daenemark-logo-neu-klein.png\",\"width\":100,\"height\":101,\"caption\":\"www.insel-moen.de\"},\"image\":{\"@id\":\"https:\/\/www.insel-moen.de\/da\/#\/schema\/logo\/image\/\"}}]}<\/script>\n<!-- \/ Yoast SEO plugin. -->","yoast_head_json":{"title":"G\u00fcnter Grass p\u00e5 \u00f8en M\u00f6n - Her tilbragte han sin ferie","description":"G\u00fcnter Grass elskede \u00f8en M\u00f6n og tilbragte sine ferier her i et hus. Find alt om Grass p\u00e5 M\u00f6n: billeder, tekster, oplevelser","robots":{"index":"index","follow":"follow","max-snippet":"max-snippet:-1","max-image-preview":"max-image-preview:large","max-video-preview":"max-video-preview:-1"},"canonical":"https:\/\/www.insel-moen.de\/da\/guenter-grass-om-mandag\/","og_locale":"da_DK","og_type":"article","og_title":"G\u00fcnter Grass p\u00e5 \u00f8en M\u00f6n - Her tilbragte han sin ferie","og_description":"G\u00fcnter Grass elskede \u00f8en M\u00f6n og tilbragte sine ferier her i et hus. Find alt om Grass p\u00e5 M\u00f6n: billeder, tekster, oplevelser","og_url":"https:\/\/www.insel-moen.de\/da\/guenter-grass-om-mandag\/","og_site_name":"Insel M\u00f6n","article_modified_time":"2022-08-16T14:00:12+00:00","og_image":[{"width":592,"height":400,"url":"https:\/\/www.insel-moen.de\/wp-content\/uploads\/2022\/01\/gg6.png","type":"image\/png"}],"twitter_card":"summary_large_image","twitter_misc":{"Estimeret l\u00e6setid":"6 minutter"},"schema":{"@context":"https:\/\/schema.org","@graph":[{"@type":"WebPage","@id":"https:\/\/www.insel-moen.de\/da\/guenter-grass-om-mandag\/","url":"https:\/\/www.insel-moen.de\/da\/guenter-grass-om-mandag\/","name":"G\u00fcnter Grass p\u00e5 \u00f8en M\u00f6n - Her tilbragte han sin ferie","isPartOf":{"@id":"https:\/\/www.insel-moen.de\/da\/#website"},"primaryImageOfPage":{"@id":"https:\/\/www.insel-moen.de\/da\/guenter-grass-om-mandag\/#primaryimage"},"image":{"@id":"https:\/\/www.insel-moen.de\/da\/guenter-grass-om-mandag\/#primaryimage"},"thumbnailUrl":"https:\/\/www.insel-moen.de\/wp-content\/uploads\/2022\/01\/gg6.png","datePublished":"2022-08-16T14:00:08+00:00","dateModified":"2022-08-16T14:00:12+00:00","description":"G\u00fcnter Grass elskede \u00f8en M\u00f6n og tilbragte sine ferier her i et hus. Find alt om Grass p\u00e5 M\u00f6n: billeder, tekster, oplevelser","breadcrumb":{"@id":"https:\/\/www.insel-moen.de\/da\/guenter-grass-om-mandag\/#breadcrumb"},"inLanguage":"da-DK","potentialAction":[{"@type":"ReadAction","target":["https:\/\/www.insel-moen.de\/da\/guenter-grass-om-mandag\/"]}]},{"@type":"ImageObject","inLanguage":"da-DK","@id":"https:\/\/www.insel-moen.de\/da\/guenter-grass-om-mandag\/#primaryimage","url":"https:\/\/www.insel-moen.de\/wp-content\/uploads\/2022\/01\/gg6.png","contentUrl":"https:\/\/www.insel-moen.de\/wp-content\/uploads\/2022\/01\/gg6.png","width":592,"height":400},{"@type":"BreadcrumbList","@id":"https:\/\/www.insel-moen.de\/da\/guenter-grass-om-mandag\/#breadcrumb","itemListElement":[{"@type":"ListItem","position":1,"name":"Startseite","item":"https:\/\/www.insel-moen.de\/da\/"},{"@type":"ListItem","position":2,"name":"G\u00fcnter Grass om mandag"}]},{"@type":"WebSite","@id":"https:\/\/www.insel-moen.de\/da\/#website","url":"https:\/\/www.insel-moen.de\/da\/","name":"Insel M\u00f6n","description":"INSEL M\u00d6N - Urlaub in der D\u00e4nischen S\u00fcdsee","publisher":{"@id":"https:\/\/www.insel-moen.de\/da\/#organization"},"potentialAction":[{"@type":"SearchAction","target":{"@type":"EntryPoint","urlTemplate":"https:\/\/www.insel-moen.de\/da\/?s={search_term_string}"},"query-input":{"@type":"PropertyValueSpecification","valueRequired":true,"valueName":"search_term_string"}}],"inLanguage":"da-DK"},{"@type":"Organization","@id":"https:\/\/www.insel-moen.de\/da\/#organization","name":"www.insel-moen.de","url":"https:\/\/www.insel-moen.de\/da\/","logo":{"@type":"ImageObject","inLanguage":"da-DK","@id":"https:\/\/www.insel-moen.de\/da\/#\/schema\/logo\/image\/","url":"https:\/\/www.insel-moen.de\/wp-content\/uploads\/2023\/08\/cropped-daenemark-logo-neu-klein.png","contentUrl":"https:\/\/www.insel-moen.de\/wp-content\/uploads\/2023\/08\/cropped-daenemark-logo-neu-klein.png","width":100,"height":101,"caption":"www.insel-moen.de"},"image":{"@id":"https:\/\/www.insel-moen.de\/da\/#\/schema\/logo\/image\/"}}]}},"_links":{"self":[{"href":"https:\/\/www.insel-moen.de\/da\/wp-json\/wp\/v2\/pages\/887","targetHints":{"allow":["GET"]}}],"collection":[{"href":"https:\/\/www.insel-moen.de\/da\/wp-json\/wp\/v2\/pages"}],"about":[{"href":"https:\/\/www.insel-moen.de\/da\/wp-json\/wp\/v2\/types\/page"}],"author":[{"embeddable":true,"href":"https:\/\/www.insel-moen.de\/da\/wp-json\/wp\/v2\/users\/3"}],"replies":[{"embeddable":true,"href":"https:\/\/www.insel-moen.de\/da\/wp-json\/wp\/v2\/comments?post=887"}],"version-history":[{"count":3,"href":"https:\/\/www.insel-moen.de\/da\/wp-json\/wp\/v2\/pages\/887\/revisions"}],"predecessor-version":[{"id":894,"href":"https:\/\/www.insel-moen.de\/da\/wp-json\/wp\/v2\/pages\/887\/revisions\/894"}],"wp:featuredmedia":[{"embeddable":true,"href":"https:\/\/www.insel-moen.de\/da\/wp-json\/wp\/v2\/media\/823"}],"wp:attachment":[{"href":"https:\/\/www.insel-moen.de\/da\/wp-json\/wp\/v2\/media?parent=887"}],"curies":[{"name":"wp","href":"https:\/\/api.w.org\/{rel}","templated":true}]}}