{"id":878,"date":"2022-08-16T14:00:07","date_gmt":"2022-08-16T14:00:07","guid":{"rendered":"https:\/\/www.insel-moen.de\/ferieboliger-paa-oeen-moen\/sommerhus-med-hund-paa-moen\/"},"modified":"2025-03-07T08:41:19","modified_gmt":"2025-03-07T08:41:19","slug":"sommerhus-med-hund-paa-moen","status":"publish","type":"page","link":"https:\/\/www.insel-moen.de\/da\/ferieboliger-paa-oeen-moen\/sommerhus-med-hund-paa-moen\/","title":{"rendered":"Sommerhus med hund p\u00e5 M\u00f8n"},"content":{"rendered":"\n<p class=\"has-drop-cap\">Vi ved, at et feriehus med hund ofte er et godt valg for k\u00e6ledyrsinteresserede. F\u00f8rst og fremmest er det dejligt at have dit k\u00e6ledyr med dig i ferien, og det er ogs\u00e5 godt for dem at opleve nye omgivelser. Nogle ferieboliger er bedre end andre, s\u00e5 det er vigtigt at unders\u00f8ge det n\u00f8je.  <\/p>\n\n<script type=\"text\/javascript\" src=\"https:\/\/p2026.atraveo.com\/index.php?controller=partnerintegration&#038;action=default&#038;art=search&#038;landiso=DK&#038;regionid=123&#038;haustier=1&#038;lg=de&#038;cur=EUR&#038;versionname=weltfoto\"><\/script>\n<p class=\"has-drop-cap\">Hvem siger, at din hund ikke kan tage med dig p\u00e5 ferie til M\u00f8n? Du har m\u00e5ske indset, at din hund er mere end blot et k\u00e6ledyr: den er et medlem af familien. Og da vi ikke bare taler om endnu en ferie, men om en, der vil g\u00e5 over i historien som en af de mest popul\u00e6re og mindev\u00e6rdige rejser nogensinde, hvorfor s\u00e5 ikke tage hele banden med til feriehuset p\u00e5 M\u00f8n? Der kan v\u00e6re en million grunde til ikke at tage din hund med p\u00e5 ferie. Men der er ogs\u00e5 en million grunde til at g\u00f8re det, og vi vil gennemg\u00e5 nogle af disse grunde for at hj\u00e6lpe dig med at beslutte dig.<\/p>\n\n<h2 class=\"wp-block-heading\">Hundeskoven p\u00e5 mandag<\/h2>\n\n<p class=\"has-drop-cap\">Hvis du overvejer en ferie med hund p\u00e5 M\u00f8n, kan du ikke undv\u00e6re dig selv og hunden et bes\u00f8g i Stege Hundeskov.<\/p>\n\n<p>Der er et fintmasket hegn, og der er fem solide selvlukkende l\u00e5ger ind til hundeparken.<\/p>\n\n<p>Hundeskoven ligger i Stege, p\u00e5 Kobbelvej, lige overfor Pilevej. Bem\u00e6rk, at Kobbelvej er lukket for gennemk\u00f8rsel fra retning mod Centrum. Du kan derfor v\u00e6lge at komme fra Katedralvej til Kobbelvej.<\/p>\n\n<p>Bem\u00e6rk, at adresserne til hundeskoven og parkeringspladsen er de n\u00e6rmeste postadresser, og at GPS-koordinaterne viser den n\u00f8jagtige placering.<\/p>\n\n<p><strong>Du kan parkere her:<\/strong> Kobbelvej 28, 4780 Stege, Danmark<\/p>\n\n<h2 class=\"wp-block-heading\">Badning i havet<\/h2>\n\n<p><meta charset=\"utf-8\"\/>Sv\u00f8mning i havet s\u00e6tter gang i kredsl\u00f8bet og s\u00e6tter gang i hunden. Det varierede landskab p\u00e5 \u00f8en M\u00f6n med M\u00f6ns Klint eller den n\u00e6rliggende safaripark giver din hund masser af nye oplevelser. Hunde er ogs\u00e5 tilladt p\u00e5 f\u00e6rgen til Danmark (Rostock-&gt;Gedser p\u00e5 Falster) &#8211; der er drikkesk\u00e5le til r\u00e5dighed. S\u00e5 fork\u00e6l dig selv og din hund med en ferie p\u00e5 den danske \u00f8 Mon. Vi anbefaler Ulvshale, Bog\u00f6 eller \u00f8ens hovedstad Stege.  <\/p>\n\n<p class=\"has-drop-cap\">Vi skal ogs\u00e5 snart p\u00e5 ferie til M\u00f8n. Vi gl\u00e6der os til at nyde naturen, beundre landskabet og bes\u00f8ge nogle historiske steder. Vi ser ogs\u00e5 frem til at tage vores hund med p\u00e5 ferie. For os er det vigtigt at tage vores hund med os til \u00f8en, fordi han er en vigtig del af vores familie, og fordi han er vant til at v\u00e6re p\u00e5 farten i forskellige lande. Vi har planer om at g\u00e5 ture med dem, l\u00f8be, g\u00e5 p\u00e5 stranden, bes\u00f8ge skove, bes\u00f8ge historiske steder p\u00e5 M\u00f8n. Det bliver fantastisk.<\/p>\n\n<p><\/p>\n\n<p>\u00a9 Foto: Mette Johnsen<\/p>\n","protected":false},"excerpt":{"rendered":"<p>Vi ved, at et feriehus med hund ofte er et godt valg for k\u00e6ledyrsinteresserede. F\u00f8rst og fremmest er det dejligt at have dit k\u00e6ledyr med dig i ferien, og det er ogs\u00e5 godt for dem at opleve nye omgivelser. Nogle ferieboliger er bedre end andre, s\u00e5 det er vigtigt at unders\u00f8ge det n\u00f8je. Hvem siger, [&hellip;]<\/p>\n","protected":false},"author":3,"featured_media":809,"parent":830,"menu_order":0,"comment_status":"closed","ping_status":"closed","template":"templates\/template-full-width.php","meta":{"footnotes":""},"class_list":["post-878","page","type-page","status-publish","has-post-thumbnail","hentry"],"yoast_head":"<!-- This site is optimized with the Yoast SEO plugin v24.5 - https:\/\/yoast.com\/wordpress\/plugins\/seo\/ -->\n<title>Feriehus med hund p\u00e5 M\u00f8n: Tips til en uforglemmelig ferie<\/title>\n<meta name=\"description\" content=\"Feriehusferie p\u00e5 \u00f8en Mon med din hund. En vidunderlig tid for alle, naturligvis. Disse ferieboliger er s\u00e6rligt velegnede.\" \/>\n<meta name=\"robots\" content=\"index, follow, max-snippet:-1, max-image-preview:large, max-video-preview:-1\" \/>\n<link rel=\"canonical\" href=\"https:\/\/www.insel-moen.de\/da\/ferieboliger-paa-oeen-moen\/sommerhus-med-hund-paa-moen\/\" \/>\n<meta property=\"og:locale\" content=\"da_DK\" \/>\n<meta property=\"og:type\" content=\"article\" \/>\n<meta property=\"og:title\" content=\"Feriehus med hund p\u00e5 M\u00f8n: Tips til en uforglemmelig ferie\" \/>\n<meta property=\"og:description\" content=\"Feriehusferie p\u00e5 \u00f8en Mon med din hund. En vidunderlig tid for alle, naturligvis. Disse ferieboliger er s\u00e6rligt velegnede.\" \/>\n<meta property=\"og:url\" content=\"https:\/\/www.insel-moen.de\/da\/ferieboliger-paa-oeen-moen\/sommerhus-med-hund-paa-moen\/\" \/>\n<meta property=\"og:site_name\" content=\"Insel M\u00f6n\" \/>\n<meta property=\"article:modified_time\" content=\"2025-03-07T08:41:19+00:00\" \/>\n<meta property=\"og:image\" content=\"https:\/\/www.insel-moen.de\/wp-content\/uploads\/2021\/10\/mit-dem-hund-auf-der-insel-moen.jpg\" \/>\n\t<meta property=\"og:image:width\" content=\"1280\" \/>\n\t<meta property=\"og:image:height\" content=\"854\" \/>\n\t<meta property=\"og:image:type\" content=\"image\/jpeg\" \/>\n<meta name=\"twitter:card\" content=\"summary_large_image\" \/>\n<meta name=\"twitter:label1\" content=\"Estimeret l\u00e6setid\" \/>\n\t<meta name=\"twitter:data1\" content=\"2 minutter\" \/>\n<script type=\"application\/ld+json\" class=\"yoast-schema-graph\">{\"@context\":\"https:\/\/schema.org\",\"@graph\":[{\"@type\":\"WebPage\",\"@id\":\"https:\/\/www.insel-moen.de\/da\/ferieboliger-paa-oeen-moen\/sommerhus-med-hund-paa-moen\/\",\"url\":\"https:\/\/www.insel-moen.de\/da\/ferieboliger-paa-oeen-moen\/sommerhus-med-hund-paa-moen\/\",\"name\":\"Feriehus med hund p\u00e5 M\u00f8n: Tips til en uforglemmelig ferie\",\"isPartOf\":{\"@id\":\"https:\/\/www.insel-moen.de\/da\/#website\"},\"primaryImageOfPage\":{\"@id\":\"https:\/\/www.insel-moen.de\/da\/ferieboliger-paa-oeen-moen\/sommerhus-med-hund-paa-moen\/#primaryimage\"},\"image\":{\"@id\":\"https:\/\/www.insel-moen.de\/da\/ferieboliger-paa-oeen-moen\/sommerhus-med-hund-paa-moen\/#primaryimage\"},\"thumbnailUrl\":\"https:\/\/www.insel-moen.de\/wp-content\/uploads\/2021\/10\/mit-dem-hund-auf-der-insel-moen.jpg\",\"datePublished\":\"2022-08-16T14:00:07+00:00\",\"dateModified\":\"2025-03-07T08:41:19+00:00\",\"description\":\"Feriehusferie p\u00e5 \u00f8en Mon med din hund. En vidunderlig tid for alle, naturligvis. Disse ferieboliger er s\u00e6rligt velegnede.\",\"breadcrumb\":{\"@id\":\"https:\/\/www.insel-moen.de\/da\/ferieboliger-paa-oeen-moen\/sommerhus-med-hund-paa-moen\/#breadcrumb\"},\"inLanguage\":\"da-DK\",\"potentialAction\":[{\"@type\":\"ReadAction\",\"target\":[\"https:\/\/www.insel-moen.de\/da\/ferieboliger-paa-oeen-moen\/sommerhus-med-hund-paa-moen\/\"]}]},{\"@type\":\"ImageObject\",\"inLanguage\":\"da-DK\",\"@id\":\"https:\/\/www.insel-moen.de\/da\/ferieboliger-paa-oeen-moen\/sommerhus-med-hund-paa-moen\/#primaryimage\",\"url\":\"https:\/\/www.insel-moen.de\/wp-content\/uploads\/2021\/10\/mit-dem-hund-auf-der-insel-moen.jpg\",\"contentUrl\":\"https:\/\/www.insel-moen.de\/wp-content\/uploads\/2021\/10\/mit-dem-hund-auf-der-insel-moen.jpg\",\"width\":1280,\"height\":854,\"caption\":\"Toben mit dem Hund am Strand von M\u00f6n. Mit einem Ferienhaus auf M\u00f6n ist das m\u00f6glich.\"},{\"@type\":\"BreadcrumbList\",\"@id\":\"https:\/\/www.insel-moen.de\/da\/ferieboliger-paa-oeen-moen\/sommerhus-med-hund-paa-moen\/#breadcrumb\",\"itemListElement\":[{\"@type\":\"ListItem\",\"position\":1,\"name\":\"Startseite\",\"item\":\"https:\/\/www.insel-moen.de\/da\/\"},{\"@type\":\"ListItem\",\"position\":2,\"name\":\"Ferieboliger p\u00e5 \u00f8en M\u00f6n\",\"item\":\"https:\/\/www.insel-moen.de\/da\/ferieboliger-paa-oeen-moen\/\"},{\"@type\":\"ListItem\",\"position\":3,\"name\":\"Sommerhus med hund p\u00e5 M\u00f8n\"}]},{\"@type\":\"WebSite\",\"@id\":\"https:\/\/www.insel-moen.de\/da\/#website\",\"url\":\"https:\/\/www.insel-moen.de\/da\/\",\"name\":\"Insel M\u00f6n\",\"description\":\"INSEL M\u00d6N - Urlaub in der D\u00e4nischen S\u00fcdsee\",\"publisher\":{\"@id\":\"https:\/\/www.insel-moen.de\/da\/#organization\"},\"potentialAction\":[{\"@type\":\"SearchAction\",\"target\":{\"@type\":\"EntryPoint\",\"urlTemplate\":\"https:\/\/www.insel-moen.de\/da\/?s={search_term_string}\"},\"query-input\":{\"@type\":\"PropertyValueSpecification\",\"valueRequired\":true,\"valueName\":\"search_term_string\"}}],\"inLanguage\":\"da-DK\"},{\"@type\":\"Organization\",\"@id\":\"https:\/\/www.insel-moen.de\/da\/#organization\",\"name\":\"www.insel-moen.de\",\"url\":\"https:\/\/www.insel-moen.de\/da\/\",\"logo\":{\"@type\":\"ImageObject\",\"inLanguage\":\"da-DK\",\"@id\":\"https:\/\/www.insel-moen.de\/da\/#\/schema\/logo\/image\/\",\"url\":\"https:\/\/www.insel-moen.de\/wp-content\/uploads\/2023\/08\/cropped-daenemark-logo-neu-klein.png\",\"contentUrl\":\"https:\/\/www.insel-moen.de\/wp-content\/uploads\/2023\/08\/cropped-daenemark-logo-neu-klein.png\",\"width\":100,\"height\":101,\"caption\":\"www.insel-moen.de\"},\"image\":{\"@id\":\"https:\/\/www.insel-moen.de\/da\/#\/schema\/logo\/image\/\"}}]}<\/script>\n<!-- \/ Yoast SEO plugin. -->","yoast_head_json":{"title":"Feriehus med hund p\u00e5 M\u00f8n: Tips til en uforglemmelig ferie","description":"Feriehusferie p\u00e5 \u00f8en Mon med din hund. En vidunderlig tid for alle, naturligvis. Disse ferieboliger er s\u00e6rligt velegnede.","robots":{"index":"index","follow":"follow","max-snippet":"max-snippet:-1","max-image-preview":"max-image-preview:large","max-video-preview":"max-video-preview:-1"},"canonical":"https:\/\/www.insel-moen.de\/da\/ferieboliger-paa-oeen-moen\/sommerhus-med-hund-paa-moen\/","og_locale":"da_DK","og_type":"article","og_title":"Feriehus med hund p\u00e5 M\u00f8n: Tips til en uforglemmelig ferie","og_description":"Feriehusferie p\u00e5 \u00f8en Mon med din hund. En vidunderlig tid for alle, naturligvis. Disse ferieboliger er s\u00e6rligt velegnede.","og_url":"https:\/\/www.insel-moen.de\/da\/ferieboliger-paa-oeen-moen\/sommerhus-med-hund-paa-moen\/","og_site_name":"Insel M\u00f6n","article_modified_time":"2025-03-07T08:41:19+00:00","og_image":[{"width":1280,"height":854,"url":"https:\/\/www.insel-moen.de\/wp-content\/uploads\/2021\/10\/mit-dem-hund-auf-der-insel-moen.jpg","type":"image\/jpeg"}],"twitter_card":"summary_large_image","twitter_misc":{"Estimeret l\u00e6setid":"2 minutter"},"schema":{"@context":"https:\/\/schema.org","@graph":[{"@type":"WebPage","@id":"https:\/\/www.insel-moen.de\/da\/ferieboliger-paa-oeen-moen\/sommerhus-med-hund-paa-moen\/","url":"https:\/\/www.insel-moen.de\/da\/ferieboliger-paa-oeen-moen\/sommerhus-med-hund-paa-moen\/","name":"Feriehus med hund p\u00e5 M\u00f8n: Tips til en uforglemmelig ferie","isPartOf":{"@id":"https:\/\/www.insel-moen.de\/da\/#website"},"primaryImageOfPage":{"@id":"https:\/\/www.insel-moen.de\/da\/ferieboliger-paa-oeen-moen\/sommerhus-med-hund-paa-moen\/#primaryimage"},"image":{"@id":"https:\/\/www.insel-moen.de\/da\/ferieboliger-paa-oeen-moen\/sommerhus-med-hund-paa-moen\/#primaryimage"},"thumbnailUrl":"https:\/\/www.insel-moen.de\/wp-content\/uploads\/2021\/10\/mit-dem-hund-auf-der-insel-moen.jpg","datePublished":"2022-08-16T14:00:07+00:00","dateModified":"2025-03-07T08:41:19+00:00","description":"Feriehusferie p\u00e5 \u00f8en Mon med din hund. En vidunderlig tid for alle, naturligvis. Disse ferieboliger er s\u00e6rligt velegnede.","breadcrumb":{"@id":"https:\/\/www.insel-moen.de\/da\/ferieboliger-paa-oeen-moen\/sommerhus-med-hund-paa-moen\/#breadcrumb"},"inLanguage":"da-DK","potentialAction":[{"@type":"ReadAction","target":["https:\/\/www.insel-moen.de\/da\/ferieboliger-paa-oeen-moen\/sommerhus-med-hund-paa-moen\/"]}]},{"@type":"ImageObject","inLanguage":"da-DK","@id":"https:\/\/www.insel-moen.de\/da\/ferieboliger-paa-oeen-moen\/sommerhus-med-hund-paa-moen\/#primaryimage","url":"https:\/\/www.insel-moen.de\/wp-content\/uploads\/2021\/10\/mit-dem-hund-auf-der-insel-moen.jpg","contentUrl":"https:\/\/www.insel-moen.de\/wp-content\/uploads\/2021\/10\/mit-dem-hund-auf-der-insel-moen.jpg","width":1280,"height":854,"caption":"Toben mit dem Hund am Strand von M\u00f6n. Mit einem Ferienhaus auf M\u00f6n ist das m\u00f6glich."},{"@type":"BreadcrumbList","@id":"https:\/\/www.insel-moen.de\/da\/ferieboliger-paa-oeen-moen\/sommerhus-med-hund-paa-moen\/#breadcrumb","itemListElement":[{"@type":"ListItem","position":1,"name":"Startseite","item":"https:\/\/www.insel-moen.de\/da\/"},{"@type":"ListItem","position":2,"name":"Ferieboliger p\u00e5 \u00f8en M\u00f6n","item":"https:\/\/www.insel-moen.de\/da\/ferieboliger-paa-oeen-moen\/"},{"@type":"ListItem","position":3,"name":"Sommerhus med hund p\u00e5 M\u00f8n"}]},{"@type":"WebSite","@id":"https:\/\/www.insel-moen.de\/da\/#website","url":"https:\/\/www.insel-moen.de\/da\/","name":"Insel M\u00f6n","description":"INSEL M\u00d6N - Urlaub in der D\u00e4nischen S\u00fcdsee","publisher":{"@id":"https:\/\/www.insel-moen.de\/da\/#organization"},"potentialAction":[{"@type":"SearchAction","target":{"@type":"EntryPoint","urlTemplate":"https:\/\/www.insel-moen.de\/da\/?s={search_term_string}"},"query-input":{"@type":"PropertyValueSpecification","valueRequired":true,"valueName":"search_term_string"}}],"inLanguage":"da-DK"},{"@type":"Organization","@id":"https:\/\/www.insel-moen.de\/da\/#organization","name":"www.insel-moen.de","url":"https:\/\/www.insel-moen.de\/da\/","logo":{"@type":"ImageObject","inLanguage":"da-DK","@id":"https:\/\/www.insel-moen.de\/da\/#\/schema\/logo\/image\/","url":"https:\/\/www.insel-moen.de\/wp-content\/uploads\/2023\/08\/cropped-daenemark-logo-neu-klein.png","contentUrl":"https:\/\/www.insel-moen.de\/wp-content\/uploads\/2023\/08\/cropped-daenemark-logo-neu-klein.png","width":100,"height":101,"caption":"www.insel-moen.de"},"image":{"@id":"https:\/\/www.insel-moen.de\/da\/#\/schema\/logo\/image\/"}}]}},"_links":{"self":[{"href":"https:\/\/www.insel-moen.de\/da\/wp-json\/wp\/v2\/pages\/878","targetHints":{"allow":["GET"]}}],"collection":[{"href":"https:\/\/www.insel-moen.de\/da\/wp-json\/wp\/v2\/pages"}],"about":[{"href":"https:\/\/www.insel-moen.de\/da\/wp-json\/wp\/v2\/types\/page"}],"author":[{"embeddable":true,"href":"https:\/\/www.insel-moen.de\/da\/wp-json\/wp\/v2\/users\/3"}],"replies":[{"embeddable":true,"href":"https:\/\/www.insel-moen.de\/da\/wp-json\/wp\/v2\/comments?post=878"}],"version-history":[{"count":13,"href":"https:\/\/www.insel-moen.de\/da\/wp-json\/wp\/v2\/pages\/878\/revisions"}],"predecessor-version":[{"id":8971,"href":"https:\/\/www.insel-moen.de\/da\/wp-json\/wp\/v2\/pages\/878\/revisions\/8971"}],"up":[{"embeddable":true,"href":"https:\/\/www.insel-moen.de\/da\/wp-json\/wp\/v2\/pages\/830"}],"wp:featuredmedia":[{"embeddable":true,"href":"https:\/\/www.insel-moen.de\/da\/wp-json\/wp\/v2\/media\/809"}],"wp:attachment":[{"href":"https:\/\/www.insel-moen.de\/da\/wp-json\/wp\/v2\/media?parent=878"}],"curies":[{"name":"wp","href":"https:\/\/api.w.org\/{rel}","templated":true}]}}