{"id":871,"date":"2022-08-16T14:00:06","date_gmt":"2022-08-16T14:00:06","guid":{"rendered":"https:\/\/www.insel-moen.de\/kridtklipperne-paa-moen\/"},"modified":"2022-08-16T14:00:12","modified_gmt":"2022-08-16T14:00:12","slug":"kridtklipperne-paa-moen","status":"publish","type":"page","link":"https:\/\/www.insel-moen.de\/da\/kridtklipperne-paa-moen\/","title":{"rendered":"Kridtklipperne p\u00e5 M\u00f6n"},"content":{"rendered":"\n<p class=\"has-drop-cap\">Jeg er tilbage fra ferie og er glad for at kunne fort\u00e6lle jer om min utrolige oplevelse med kridtklinterne p\u00e5 M\u00f8n. Jeg havde aldrig set noget lignende og var overv\u00e6ldet af klippenes enorme st\u00f8rrelse og kraft! Det er ikke hverdagskost at se klipper lavet af 50 meter ren kridt, men det er det smukke ved at rejse og opleve s\u00e5danne unikke sev\u00e6rdigheder.  <\/p>\n\n<p>Jeg ved, at M\u00f8ns Klint er et fantastisk sted for naturelskere. Klippen er 128 meter h\u00f8j, og resten af kysten er ca. 7 km lang. Jeg synes, at disse tal er ret sp\u00e6ndende, for at sige det mildt.<\/p>\n\n<figure class=\"wp-block-image size-large\"><a href=\"https:\/\/www.insel-moen.de\/wp-content\/uploads\/2021\/10\/Mons-Klint_25375-large-683x1024.jpg\"><img loading=\"lazy\" decoding=\"async\" width=\"683\" height=\"1024\" src=\"https:\/\/www.insel-moen.de\/wp-content\/uploads\/2021\/10\/Mons-Klint_25375-large-683x1024.jpg\" alt=\"\" class=\"wp-image-811\" srcset=\"https:\/\/www.insel-moen.de\/wp-content\/uploads\/2021\/10\/Mons-Klint_25375-large-683x1024.jpg 683w, https:\/\/www.insel-moen.de\/wp-content\/uploads\/2021\/10\/Mons-Klint_25375-large-200x300.jpg 200w, https:\/\/www.insel-moen.de\/wp-content\/uploads\/2021\/10\/Mons-Klint_25375-large-768x1152.jpg 768w, https:\/\/www.insel-moen.de\/wp-content\/uploads\/2021\/10\/Mons-Klint_25375-large-1024x1536.jpg 1024w, https:\/\/www.insel-moen.de\/wp-content\/uploads\/2021\/10\/Mons-Klint_25375-large-810x1215.jpg 810w, https:\/\/www.insel-moen.de\/wp-content\/uploads\/2021\/10\/Mons-Klint_25375-large-1200x1800.jpg 1200w, https:\/\/www.insel-moen.de\/wp-content\/uploads\/2021\/10\/Mons-Klint_25375-large.jpg 1280w\" sizes=\"auto, (max-width: 683px) 100vw, 683px\" \/><\/a><figcaption>\u00a9 Niclas Jessen Moens Klint<\/figcaption><\/figure>\n<p>Jeg har bes\u00f8gt M\u00f8ns Klint et par gange og har v\u00e6ret heldig nok til at nyde det solrige vejr. De hvide kridtklipper, det gr\u00e6sbevoksede vildmarksomr\u00e5de og g\u00e5turen til klippekanten g\u00f8r dette til et vidunderligt sted at bes\u00f8ge. Kysten er enest\u00e5ende med mange lange, blomstrende skr\u00e5ninger, gr\u00e6sarealer og det blide Nords\u00f8en.<\/p>\n\n<h2 class=\"wp-block-heading\">Vilde orkid\u00e9er<\/h2>\n\n<p>Hvis du leder efter det perfekte sted at finde vilde orkideer, er du ogs\u00e5 kommet til det rette sted. Det h\u00f8je kalkindhold i jorden er et naturligt hjem for disse sj\u00e6ldne blomster.<\/p>\n\n<p>Klippen forandrer sig konstant p\u00e5 grund af vindfaktoren, og den p\u00e5virkes ogs\u00e5 af vejret, hvilket betyder, at klippen konstant er i forfald og forandring. Dette forfald sammen med vandet gav en interessant farvekombination: den caribiske bl\u00e5 og gr\u00f8nne farve i vandet f\u00e5r dig til at smile.  <\/p>\n\n<p>Der forekommer ofte mindre jordskred om vinteren og for\u00e5ret, men det kan ske hele \u00e5ret rundt. Komprimering af ler, silt og kridt kan f\u00f8re til jordskred, s\u00e5 b\u00e5de l\u00f8s kridt og massive m\u00e6ngder regnvand eroderer klipperne ud i havet.<\/p>\n\n<h2 class=\"wp-block-heading\"><strong>Trappen<\/strong><\/h2>\n\n<figure class=\"wp-block-image size-large\"><a href=\"https:\/\/www.insel-moen.de\/wp-content\/uploads\/2021\/09\/treppe-geocenter-moens-klint-an-den-strand-819x1024.jpg\"><img loading=\"lazy\" decoding=\"async\" width=\"819\" height=\"1024\" src=\"https:\/\/www.insel-moen.de\/wp-content\/uploads\/2021\/09\/treppe-geocenter-moens-klint-an-den-strand-819x1024.jpg\" alt=\"\" class=\"wp-image-802\" srcset=\"https:\/\/www.insel-moen.de\/wp-content\/uploads\/2021\/09\/treppe-geocenter-moens-klint-an-den-strand-819x1024.jpg 819w, https:\/\/www.insel-moen.de\/wp-content\/uploads\/2021\/09\/treppe-geocenter-moens-klint-an-den-strand-240x300.jpg 240w, https:\/\/www.insel-moen.de\/wp-content\/uploads\/2021\/09\/treppe-geocenter-moens-klint-an-den-strand-768x960.jpg 768w, https:\/\/www.insel-moen.de\/wp-content\/uploads\/2021\/09\/treppe-geocenter-moens-klint-an-den-strand-1229x1536.jpg 1229w, https:\/\/www.insel-moen.de\/wp-content\/uploads\/2021\/09\/treppe-geocenter-moens-klint-an-den-strand-810x1013.jpg 810w, https:\/\/www.insel-moen.de\/wp-content\/uploads\/2021\/09\/treppe-geocenter-moens-klint-an-den-strand-1200x1500.jpg 1200w, https:\/\/www.insel-moen.de\/wp-content\/uploads\/2021\/09\/treppe-geocenter-moens-klint-an-den-strand.jpg 1280w\" sizes=\"auto, (max-width: 819px) 100vw, 819px\" \/><\/a><figcaption>Trappen f\u00f8rer fra klippen ned til stranden.  <\/figcaption><\/figure>\n<p>Hvis du ikke er bange for h\u00f8jder, b\u00f8r nedturen heller ikke v\u00e6re noget problem, da der er Maglevandstrappen med 497 trin lige ved Geocenter M\u00f8ns Klint, som du g\u00e5r ned fra klippekanten, og hvor du virkelig kan m\u00e6rke h\u00f8jden, n\u00e5r du g\u00e5r ned til 70 meter.<\/p>\n\n<p>Lyder det som en lang vej? Det kan jeg ikke bebrejde dig, for det kan v\u00e6re en tr\u00e6ttende opgave. Medmindre du holder sm\u00e5 pauser ind imellem, hvor du kan se b\u00e5de skoven og klipperne, hvilket g\u00f8r det mindre skr\u00e6mmende (men ikke mindre skr\u00e6mmende).<\/p>\n\n<p>Du kan ogs\u00e5 se klippen fra et andet perspektiv ved at tage en kort afstikker til strandpromenaden og g\u00e5 over de bl\u00e5 b\u00f8lger.  <\/p>\n\n<figure class=\"wp-block-embed is-type-video is-provider-youtube wp-block-embed-youtube wp-embed-aspect-16-9 wp-has-aspect-ratio\"><div class=\"wp-block-embed__wrapper\">\n<iframe loading=\"lazy\" title=\"M\u00f6ns Klint - Die Treppe nach unten\" width=\"580\" height=\"326\" src=\"https:\/\/www.youtube.com\/embed\/vqyqiCHOhWU?feature=oembed\" frameborder=\"0\" allow=\"accelerometer; autoplay; clipboard-write; encrypted-media; gyroscope; picture-in-picture; web-share\" referrerpolicy=\"strict-origin-when-cross-origin\" allowfullscreen><\/iframe>\n<\/div><figcaption>Video af nedturen fra M\u00f6ns Klint og udsigt til kridtklinterne<\/figcaption><\/figure>\n\n<p><strong>F\u00e5 mere at vide om Klinten<\/strong><\/p>\n\n<p>P\u00e5 <a href=\"http:\/\/moensklint.dk\/\" target=\"_blank\" rel=\"noreferrer noopener\">GeoCenter M\u00f8ns Klint<\/a> kan du <a href=\"http:\/\/moensklint.dk\/\" target=\"_blank\" rel=\"noreferrer noopener\">l\u00e6re<\/a> hele historien om klippens dannelse.<br\/>Hvis du ankommer i bil, skal du betale et mindre gebyr p\u00e5 GeoCentrets parkeringsplads.<\/p>\n\n<p><a href=\"https:\/\/www.insel-moen.de\/da\/bed-breakfast-moen-island\/\">Her kan du finde overnatningsmuligheder p\u00e5 \u00f8en M\u00f6n.<\/a><\/p>\n\n<p>Foto i overskriften: \u00a9 Daniel Villadsen<\/p>\n","protected":false},"excerpt":{"rendered":"<p>Jeg er tilbage fra ferie og er glad for at kunne fort\u00e6lle jer om min utrolige oplevelse med kridtklinterne p\u00e5 M\u00f8n. Jeg havde aldrig set noget lignende og var overv\u00e6ldet af klippenes enorme st\u00f8rrelse og kraft! Det er ikke hverdagskost at se klipper lavet af 50 meter ren kridt, men det er det smukke ved [&hellip;]<\/p>\n","protected":false},"author":3,"featured_media":810,"parent":0,"menu_order":0,"comment_status":"closed","ping_status":"closed","template":"templates\/template-full-width.php","meta":{"footnotes":""},"class_list":["post-871","page","type-page","status-publish","has-post-thumbnail","hentry"],"yoast_head":"<!-- This site is optimized with the Yoast SEO plugin v24.5 - https:\/\/yoast.com\/wordpress\/plugins\/seo\/ -->\n<title>Kridtklipperne p\u00e5 M\u00f6n - Insel M\u00f6n<\/title>\n<meta name=\"description\" content=\"Bes\u00f8g kridtklinterne p\u00e5 M\u00f8ns Klint og forundres over h\u00f8jden af kridtklinterne og det caribiske vand i det danske Sydhav.\" \/>\n<meta name=\"robots\" content=\"index, follow, max-snippet:-1, max-image-preview:large, max-video-preview:-1\" \/>\n<link rel=\"canonical\" href=\"https:\/\/www.insel-moen.de\/da\/kridtklipperne-paa-moen\/\" \/>\n<meta property=\"og:locale\" content=\"da_DK\" \/>\n<meta property=\"og:type\" content=\"article\" \/>\n<meta property=\"og:title\" content=\"Kridtklipperne p\u00e5 M\u00f6n - Insel M\u00f6n\" \/>\n<meta property=\"og:description\" content=\"Bes\u00f8g kridtklinterne p\u00e5 M\u00f8ns Klint og forundres over h\u00f8jden af kridtklinterne og det caribiske vand i det danske Sydhav.\" \/>\n<meta property=\"og:url\" content=\"https:\/\/www.insel-moen.de\/da\/kridtklipperne-paa-moen\/\" \/>\n<meta property=\"og:site_name\" content=\"Insel M\u00f6n\" \/>\n<meta property=\"article:modified_time\" content=\"2022-08-16T14:00:12+00:00\" \/>\n<meta property=\"og:image\" content=\"https:\/\/www.insel-moen.de\/wp-content\/uploads\/2021\/10\/Moens-Klint-1_\u00a9-Daniel-Villadsen-large.jpg\" \/>\n\t<meta property=\"og:image:width\" content=\"1920\" \/>\n\t<meta property=\"og:image:height\" content=\"1118\" \/>\n\t<meta property=\"og:image:type\" content=\"image\/jpeg\" \/>\n<meta name=\"twitter:card\" content=\"summary_large_image\" \/>\n<meta name=\"twitter:label1\" content=\"Estimeret l\u00e6setid\" \/>\n\t<meta name=\"twitter:data1\" content=\"3 minutter\" \/>\n<script type=\"application\/ld+json\" class=\"yoast-schema-graph\">{\"@context\":\"https:\/\/schema.org\",\"@graph\":[{\"@type\":\"WebPage\",\"@id\":\"https:\/\/www.insel-moen.de\/da\/kridtklipperne-paa-moen\/\",\"url\":\"https:\/\/www.insel-moen.de\/da\/kridtklipperne-paa-moen\/\",\"name\":\"Kridtklipperne p\u00e5 M\u00f6n - Insel M\u00f6n\",\"isPartOf\":{\"@id\":\"https:\/\/www.insel-moen.de\/da\/#website\"},\"primaryImageOfPage\":{\"@id\":\"https:\/\/www.insel-moen.de\/da\/kridtklipperne-paa-moen\/#primaryimage\"},\"image\":{\"@id\":\"https:\/\/www.insel-moen.de\/da\/kridtklipperne-paa-moen\/#primaryimage\"},\"thumbnailUrl\":\"https:\/\/www.insel-moen.de\/wp-content\/uploads\/2021\/10\/Moens-Klint-1_\u00a9-Daniel-Villadsen-large.jpg\",\"datePublished\":\"2022-08-16T14:00:06+00:00\",\"dateModified\":\"2022-08-16T14:00:12+00:00\",\"description\":\"Bes\u00f8g kridtklinterne p\u00e5 M\u00f8ns Klint og forundres over h\u00f8jden af kridtklinterne og det caribiske vand i det danske Sydhav.\",\"breadcrumb\":{\"@id\":\"https:\/\/www.insel-moen.de\/da\/kridtklipperne-paa-moen\/#breadcrumb\"},\"inLanguage\":\"da-DK\",\"potentialAction\":[{\"@type\":\"ReadAction\",\"target\":[\"https:\/\/www.insel-moen.de\/da\/kridtklipperne-paa-moen\/\"]}]},{\"@type\":\"ImageObject\",\"inLanguage\":\"da-DK\",\"@id\":\"https:\/\/www.insel-moen.de\/da\/kridtklipperne-paa-moen\/#primaryimage\",\"url\":\"https:\/\/www.insel-moen.de\/wp-content\/uploads\/2021\/10\/Moens-Klint-1_\u00a9-Daniel-Villadsen-large.jpg\",\"contentUrl\":\"https:\/\/www.insel-moen.de\/wp-content\/uploads\/2021\/10\/Moens-Klint-1_\u00a9-Daniel-Villadsen-large.jpg\",\"width\":1920,\"height\":1118,\"caption\":\"Die Kreidefelsen der Insel M\u00f6n ragen k\u00f6niglich aus der blauen Ostsee\"},{\"@type\":\"BreadcrumbList\",\"@id\":\"https:\/\/www.insel-moen.de\/da\/kridtklipperne-paa-moen\/#breadcrumb\",\"itemListElement\":[{\"@type\":\"ListItem\",\"position\":1,\"name\":\"Startseite\",\"item\":\"https:\/\/www.insel-moen.de\/da\/\"},{\"@type\":\"ListItem\",\"position\":2,\"name\":\"Kridtklipperne p\u00e5 M\u00f6n\"}]},{\"@type\":\"WebSite\",\"@id\":\"https:\/\/www.insel-moen.de\/da\/#website\",\"url\":\"https:\/\/www.insel-moen.de\/da\/\",\"name\":\"Insel M\u00f6n\",\"description\":\"INSEL M\u00d6N - Urlaub in der D\u00e4nischen S\u00fcdsee\",\"publisher\":{\"@id\":\"https:\/\/www.insel-moen.de\/da\/#organization\"},\"potentialAction\":[{\"@type\":\"SearchAction\",\"target\":{\"@type\":\"EntryPoint\",\"urlTemplate\":\"https:\/\/www.insel-moen.de\/da\/?s={search_term_string}\"},\"query-input\":{\"@type\":\"PropertyValueSpecification\",\"valueRequired\":true,\"valueName\":\"search_term_string\"}}],\"inLanguage\":\"da-DK\"},{\"@type\":\"Organization\",\"@id\":\"https:\/\/www.insel-moen.de\/da\/#organization\",\"name\":\"www.insel-moen.de\",\"url\":\"https:\/\/www.insel-moen.de\/da\/\",\"logo\":{\"@type\":\"ImageObject\",\"inLanguage\":\"da-DK\",\"@id\":\"https:\/\/www.insel-moen.de\/da\/#\/schema\/logo\/image\/\",\"url\":\"https:\/\/www.insel-moen.de\/wp-content\/uploads\/2023\/08\/cropped-daenemark-logo-neu-klein.png\",\"contentUrl\":\"https:\/\/www.insel-moen.de\/wp-content\/uploads\/2023\/08\/cropped-daenemark-logo-neu-klein.png\",\"width\":100,\"height\":101,\"caption\":\"www.insel-moen.de\"},\"image\":{\"@id\":\"https:\/\/www.insel-moen.de\/da\/#\/schema\/logo\/image\/\"}}]}<\/script>\n<!-- \/ Yoast SEO plugin. -->","yoast_head_json":{"title":"Kridtklipperne p\u00e5 M\u00f6n - Insel M\u00f6n","description":"Bes\u00f8g kridtklinterne p\u00e5 M\u00f8ns Klint og forundres over h\u00f8jden af kridtklinterne og det caribiske vand i det danske Sydhav.","robots":{"index":"index","follow":"follow","max-snippet":"max-snippet:-1","max-image-preview":"max-image-preview:large","max-video-preview":"max-video-preview:-1"},"canonical":"https:\/\/www.insel-moen.de\/da\/kridtklipperne-paa-moen\/","og_locale":"da_DK","og_type":"article","og_title":"Kridtklipperne p\u00e5 M\u00f6n - Insel M\u00f6n","og_description":"Bes\u00f8g kridtklinterne p\u00e5 M\u00f8ns Klint og forundres over h\u00f8jden af kridtklinterne og det caribiske vand i det danske Sydhav.","og_url":"https:\/\/www.insel-moen.de\/da\/kridtklipperne-paa-moen\/","og_site_name":"Insel M\u00f6n","article_modified_time":"2022-08-16T14:00:12+00:00","og_image":[{"width":1920,"height":1118,"url":"https:\/\/www.insel-moen.de\/wp-content\/uploads\/2021\/10\/Moens-Klint-1_\u00a9-Daniel-Villadsen-large.jpg","type":"image\/jpeg"}],"twitter_card":"summary_large_image","twitter_misc":{"Estimeret l\u00e6setid":"3 minutter"},"schema":{"@context":"https:\/\/schema.org","@graph":[{"@type":"WebPage","@id":"https:\/\/www.insel-moen.de\/da\/kridtklipperne-paa-moen\/","url":"https:\/\/www.insel-moen.de\/da\/kridtklipperne-paa-moen\/","name":"Kridtklipperne p\u00e5 M\u00f6n - Insel M\u00f6n","isPartOf":{"@id":"https:\/\/www.insel-moen.de\/da\/#website"},"primaryImageOfPage":{"@id":"https:\/\/www.insel-moen.de\/da\/kridtklipperne-paa-moen\/#primaryimage"},"image":{"@id":"https:\/\/www.insel-moen.de\/da\/kridtklipperne-paa-moen\/#primaryimage"},"thumbnailUrl":"https:\/\/www.insel-moen.de\/wp-content\/uploads\/2021\/10\/Moens-Klint-1_\u00a9-Daniel-Villadsen-large.jpg","datePublished":"2022-08-16T14:00:06+00:00","dateModified":"2022-08-16T14:00:12+00:00","description":"Bes\u00f8g kridtklinterne p\u00e5 M\u00f8ns Klint og forundres over h\u00f8jden af kridtklinterne og det caribiske vand i det danske Sydhav.","breadcrumb":{"@id":"https:\/\/www.insel-moen.de\/da\/kridtklipperne-paa-moen\/#breadcrumb"},"inLanguage":"da-DK","potentialAction":[{"@type":"ReadAction","target":["https:\/\/www.insel-moen.de\/da\/kridtklipperne-paa-moen\/"]}]},{"@type":"ImageObject","inLanguage":"da-DK","@id":"https:\/\/www.insel-moen.de\/da\/kridtklipperne-paa-moen\/#primaryimage","url":"https:\/\/www.insel-moen.de\/wp-content\/uploads\/2021\/10\/Moens-Klint-1_\u00a9-Daniel-Villadsen-large.jpg","contentUrl":"https:\/\/www.insel-moen.de\/wp-content\/uploads\/2021\/10\/Moens-Klint-1_\u00a9-Daniel-Villadsen-large.jpg","width":1920,"height":1118,"caption":"Die Kreidefelsen der Insel M\u00f6n ragen k\u00f6niglich aus der blauen Ostsee"},{"@type":"BreadcrumbList","@id":"https:\/\/www.insel-moen.de\/da\/kridtklipperne-paa-moen\/#breadcrumb","itemListElement":[{"@type":"ListItem","position":1,"name":"Startseite","item":"https:\/\/www.insel-moen.de\/da\/"},{"@type":"ListItem","position":2,"name":"Kridtklipperne p\u00e5 M\u00f6n"}]},{"@type":"WebSite","@id":"https:\/\/www.insel-moen.de\/da\/#website","url":"https:\/\/www.insel-moen.de\/da\/","name":"Insel M\u00f6n","description":"INSEL M\u00d6N - Urlaub in der D\u00e4nischen S\u00fcdsee","publisher":{"@id":"https:\/\/www.insel-moen.de\/da\/#organization"},"potentialAction":[{"@type":"SearchAction","target":{"@type":"EntryPoint","urlTemplate":"https:\/\/www.insel-moen.de\/da\/?s={search_term_string}"},"query-input":{"@type":"PropertyValueSpecification","valueRequired":true,"valueName":"search_term_string"}}],"inLanguage":"da-DK"},{"@type":"Organization","@id":"https:\/\/www.insel-moen.de\/da\/#organization","name":"www.insel-moen.de","url":"https:\/\/www.insel-moen.de\/da\/","logo":{"@type":"ImageObject","inLanguage":"da-DK","@id":"https:\/\/www.insel-moen.de\/da\/#\/schema\/logo\/image\/","url":"https:\/\/www.insel-moen.de\/wp-content\/uploads\/2023\/08\/cropped-daenemark-logo-neu-klein.png","contentUrl":"https:\/\/www.insel-moen.de\/wp-content\/uploads\/2023\/08\/cropped-daenemark-logo-neu-klein.png","width":100,"height":101,"caption":"www.insel-moen.de"},"image":{"@id":"https:\/\/www.insel-moen.de\/da\/#\/schema\/logo\/image\/"}}]}},"_links":{"self":[{"href":"https:\/\/www.insel-moen.de\/da\/wp-json\/wp\/v2\/pages\/871","targetHints":{"allow":["GET"]}}],"collection":[{"href":"https:\/\/www.insel-moen.de\/da\/wp-json\/wp\/v2\/pages"}],"about":[{"href":"https:\/\/www.insel-moen.de\/da\/wp-json\/wp\/v2\/types\/page"}],"author":[{"embeddable":true,"href":"https:\/\/www.insel-moen.de\/da\/wp-json\/wp\/v2\/users\/3"}],"replies":[{"embeddable":true,"href":"https:\/\/www.insel-moen.de\/da\/wp-json\/wp\/v2\/comments?post=871"}],"version-history":[{"count":3,"href":"https:\/\/www.insel-moen.de\/da\/wp-json\/wp\/v2\/pages\/871\/revisions"}],"predecessor-version":[{"id":896,"href":"https:\/\/www.insel-moen.de\/da\/wp-json\/wp\/v2\/pages\/871\/revisions\/896"}],"wp:featuredmedia":[{"embeddable":true,"href":"https:\/\/www.insel-moen.de\/da\/wp-json\/wp\/v2\/media\/810"}],"wp:attachment":[{"href":"https:\/\/www.insel-moen.de\/da\/wp-json\/wp\/v2\/media?parent=871"}],"curies":[{"name":"wp","href":"https:\/\/api.w.org\/{rel}","templated":true}]}}