{"id":870,"date":"2022-08-16T14:00:06","date_gmt":"2022-08-16T14:00:06","guid":{"rendered":"https:\/\/www.insel-moen.de\/camping-paa-mon\/"},"modified":"2024-04-03T08:44:55","modified_gmt":"2024-04-03T08:44:55","slug":"camping-paa-mon","status":"publish","type":"page","link":"https:\/\/www.insel-moen.de\/da\/camping-paa-mon\/","title":{"rendered":"Camping p\u00e5 Mon"},"content":{"rendered":"\n<p class=\"has-drop-cap\">Camping er en af de mest popul\u00e6re ferieformer. Den billige og enkle natur tiltr\u00e6kker mange mennesker til campingpladser rundt om i verden.<\/p>\n\n<p>Den danske \u00f8 M\u00f8n er ogs\u00e5 et sp\u00e6ndende rejsem\u00e5l for alle campingentusiaster. \u00d8en, som kun er 218 km\u00b2 stor og ligger midt i \u00d8sters\u00f8en, imponerer med sit udvalg af fremragende campingpladser.<\/p>\n\n<h2 class=\"wp-block-heading\"><meta charset=\"utf-8\"\/>Campingplads Chalk Cliff M\u00f6n (Moens Klint)<\/h2>\n\n<p>Et af de smukkeste steder at opholde sig og slappe af er campingpladsen ved Kreidefelsen M\u00f6n, ogs\u00e5 kendt som Camping Klint p\u00e5 dansk: <strong>\n  <a href=\"https:\/\/campmoensklint.dk\/\">M\u00f8ns Klint Camping<\/a>\n<\/strong>. Ikke langt fra M\u00f6ns hovedattraktion, M\u00f6ns Klint, kan du sl\u00e5 dit telt eller din campingvogn op p\u00e5 400 pladser. Det s\u00e6rlige her er banens naturlige design og den naturlige indlejring i landskabet.<\/p>\n\n<div class=\"wp-block-buttons is-layout-flex wp-block-buttons-is-layout-flex\">\n<div class=\"wp-block-button\"><a class=\"wp-block-button__link wp-element-button\" href=\"https:\/\/www.awin1.com\/cread.php?awinmid=44063&amp;awinaffid=1312181&amp;ued=https%3A%2F%2Fwww.camping.info%2Fda%2Fcampinggrund%2Fcamping-mns-klint\" target=\"_blank\" rel=\"noreferrer noopener\">Info og bookingforesp\u00f8rgsel<\/a><\/div>\n<\/div>\n\n<figure class=\"wp-block-image size-large is-resized\"><a href=\"https:\/\/www.insel-moen.de\/wp-content\/uploads\/2021\/10\/camp-mons-klint-dark-sky_&#xA9;Daniel-Villadsen-scaled.jpg\"><img decoding=\"async\" src=\"https:\/\/www.insel-moen.de\/wp-content\/uploads\/2021\/10\/camp-mons-klint-dark-sky_&#xA9;Daniel-Villadsen-768x1024.jpg\" alt=\"\" class=\"wp-image-553\" style=\"width:1200px\"\/><\/a><figcaption class=\"wp-element-caption\">Om natten p\u00e5 campingpladsen M\u00f8ns Klint, langs N8-cykelruten.<\/figcaption><\/figure>\n<h2 class=\"wp-block-heading\">Keldby Campingplads<\/h2>\n\n<p class=\"has-drop-cap\">Mens Klint campingpladsen ligger t\u00e6t p\u00e5 stranden, ligger <a href=\"http:\/\/www.keldbycampingmoen.dk\/zuhause\/\">Keldby campingplads<\/a> 15 km v\u00e6k midt p\u00e5 M\u00f8n.<br\/>Den familie- og hundevenlige campingplads fortryller med sit k\u00e6rligt anlagte omr\u00e5de, der er omgivet af tr\u00e6er, buske og mange stauder. Ud over de obligatoriske pladser til egne telte og campingvogne tilbydes her hytter, sommerhuse og campingvogne til en ubekymret ferie og er udstyret med al t\u00e6nkelig komfort, f.eks. k\u00f8leskab, komfur, nogle med tv, puder og t\u00e6pper.<br\/>Der er ogs\u00e5 plads til familier med sm\u00e5 b\u00f8rn. Der kan l\u00e5nes barnesenge, barnevogne og h\u00f8je stole, hvis det er n\u00f8dvendigt.<\/p>\n\n<div class=\"wp-block-buttons is-layout-flex wp-block-buttons-is-layout-flex\">\n<div class=\"wp-block-button\"><a class=\"wp-block-button__link wp-element-button\" href=\"https:\/\/www.awin1.com\/cread.php?awinmid=44063&amp;awinaffid=1312181&amp;ued=https%3A%2F%2Fwww.camping.info%2Fda%2Fcampinggrund%2Fkeldby-camping-mn\" target=\"_blank\" rel=\"noreferrer noopener\">Info og bookingforesp\u00f8rgsel<\/a><\/div>\n<\/div>\n\n<h2 class=\"wp-block-heading\">Ulvshale Campingplads<\/h2>\n\n<p class=\"has-drop-cap\">Men familievenlighed og afslapning er ikke kun vigtigt p\u00e5 Camping Keldby. I den nordlige del af \u00f8en M\u00f6n ligger <a href=\"https:\/\/www.moenstrandcamping.dk\/de\/\">Ulvshale campingplads<\/a>, t\u00e6t p\u00e5 stranden p\u00e5 Ulvshale-halv\u00f8en, og ogs\u00e5 her er der masser af tilbud til familier. Den smukke og rummelige strand er ideel for b\u00f8rn, da det lavvandede vand indbyder dem til at plaske og lege. Til geng\u00e6ld er sportsglade ferieg\u00e6ster ogs\u00e5 meget velkomne. Omr\u00e5det er ideelt for windsurfere og lystfiskere.<br\/>Naturomr\u00e5det er pr\u00e6get af et landskab med skov, hede og lyng. Der er et lille antal pladser og et udvalg af campingvogne p\u00e5 stedet for ferieg\u00e6ster uden telte eller autocampere.<\/p>\n\n<div class=\"wp-block-buttons is-layout-flex wp-block-buttons-is-layout-flex\">\n<div class=\"wp-block-button\"><a class=\"wp-block-button__link wp-element-button\" href=\"https:\/\/www.awin1.com\/cread.php?awinmid=44063&amp;awinaffid=1312181&amp;ued=https%3A%2F%2Fwww.camping.info%2Fda%2Fcampinggrund%2Fmn-strandcamping-ulvshale\" target=\"_blank\" rel=\"noreferrer noopener\">Info og bookingforesp\u00f8rgsel<\/a><\/div>\n<\/div>\n\n<h2 class=\"wp-block-heading\">Campingplads i Stege<\/h2>\n\n<p>Ca. 7 km fra Ulvshale campingplads ligger den st\u00f8rste by p\u00e5 \u00f8en M\u00f6n, Stege. Her finder du en af de mindste campingpladser i Danmark. Campingpladsen ligger i hjertet af byen, der har knap 4000 indbyggere, og har 30 pladser og 3 hytter. De middelalderlige forsvarsv\u00e6rker i umiddelbar n\u00e6rhed er interessante.<\/p>\n\n<p>Hvis Stege ikke er stille nok til dig, f\u00e5r du noget for pengene p\u00e5 camping Vestm\u00f6n. Stedet ligger i begyndelsen af \u00f8en M\u00f6n fra Bog\u00f6. Et af Danmarks smukkeste naturomr\u00e5der ligger direkte ved vandet og inviterer til afslapning og afslapning. Camping Vestm\u00f6n er med sine 70 pladser en af de mindre campingpladser og er derfor familievenlig.<\/p>\n\n<h2 class=\"wp-block-heading\">Campingpladser Moenbroen<\/h2>\n\n<p>En lige s\u00e5 stor campingplads med en fantastisk udsigt over Ulsund er <a href=\"http:\/\/www.moenbroen.dk\">M\u00f6nbroen<\/a> campingplads. Is\u00e6r kajakroere s\u00e6tter pris p\u00e5 stedets fremragende beliggenhed og er begejstrede for det meget gode udgangspunkt for kajakture af forskellig sv\u00e6rhedsgrad.<\/p>\n\n<p>For alle campingelskere er \u00f8en M\u00f6n et ideelt sted at slappe af.<\/p>\n\n<p>Fra april til det tidlige efter\u00e5r er campingpladserne \u00e5bne og inviterer dig til en sp\u00e6ndende ferie i et enest\u00e5ende landskab.<\/p>\n\n<div class=\"wp-block-buttons is-layout-flex wp-block-buttons-is-layout-flex\">\n<div class=\"wp-block-button\"><a class=\"wp-block-button__link wp-element-button\" href=\"https:\/\/www.awin1.com\/cread.php?awinmid=44063&amp;awinaffid=1312181&amp;ued=https%3A%2F%2Fwww.camping.info%2Fda%2Fcampinggrund%2Fcamping-mnbroen\" target=\"_blank\" rel=\"noreferrer noopener\">Info og bookingforesp\u00f8rgsel<\/a><\/div>\n<\/div>\n\n<figure class=\"wp-block-image size-full\"><a href=\"https:\/\/www.insel-moen.de\/wp-content\/uploads\/2021\/09\/karte-camping-auf-der-insel-moen.png\"><img loading=\"lazy\" decoding=\"async\" width=\"640\" height=\"613\" src=\"https:\/\/www.insel-moen.de\/wp-content\/uploads\/2021\/09\/karte-camping-auf-der-insel-moen.png\" alt=\"\" class=\"wp-image-451\" srcset=\"https:\/\/www.insel-moen.de\/wp-content\/uploads\/2021\/09\/karte-camping-auf-der-insel-moen.png 640w, https:\/\/www.insel-moen.de\/wp-content\/uploads\/2021\/09\/karte-camping-auf-der-insel-moen-300x287.png 300w\" sizes=\"auto, (max-width: 640px) 100vw, 640px\" \/><\/a><figcaption class=\"wp-element-caption\">Kort over campingpladser p\u00e5 \u00f8en M\u00f6n<\/figcaption><\/figure>\n<p>Foto: \u00a9 Daniel Villadsen<\/p>\n","protected":false},"excerpt":{"rendered":"<p>Camping er en af de mest popul\u00e6re ferieformer. Den billige og enkle natur tiltr\u00e6kker mange mennesker til campingpladser rundt om i verden. Den danske \u00f8 M\u00f8n er ogs\u00e5 et sp\u00e6ndende rejsem\u00e5l for alle campingentusiaster. \u00d8en, som kun er 218 km\u00b2 stor og ligger midt i \u00d8sters\u00f8en, imponerer med sit udvalg af fremragende campingpladser. Campingplads Chalk [&hellip;]<\/p>\n","protected":false},"author":3,"featured_media":808,"parent":0,"menu_order":0,"comment_status":"closed","ping_status":"closed","template":"templates\/template-full-width.php","meta":{"footnotes":""},"class_list":["post-870","page","type-page","status-publish","has-post-thumbnail","hentry"],"yoast_head":"<!-- This site is optimized with the Yoast SEO plugin v24.5 - https:\/\/yoast.com\/wordpress\/plugins\/seo\/ -->\n<title>Camping p\u00e5 Mon - Insel M\u00f6n<\/title>\n<meta name=\"description\" content=\"Oplev idylliske campingpladser p\u00e5 M\u00f6n til den perfekte udend\u00f8rs ferie i Danmark. Nyd naturen, freden og eventyret p\u00e5 \u00f8en med kridtklipper. Ideel til familier, vandrere og naturelskere.\" \/>\n<meta name=\"robots\" content=\"index, follow, max-snippet:-1, max-image-preview:large, max-video-preview:-1\" \/>\n<link rel=\"canonical\" href=\"https:\/\/www.insel-moen.de\/da\/camping-paa-mon\/\" \/>\n<meta property=\"og:locale\" content=\"da_DK\" \/>\n<meta property=\"og:type\" content=\"article\" \/>\n<meta property=\"og:title\" content=\"Camping p\u00e5 Mon - Insel M\u00f6n\" \/>\n<meta property=\"og:description\" content=\"Oplev idylliske campingpladser p\u00e5 M\u00f6n til den perfekte udend\u00f8rs ferie i Danmark. Nyd naturen, freden og eventyret p\u00e5 \u00f8en med kridtklipper. Ideel til familier, vandrere og naturelskere.\" \/>\n<meta property=\"og:url\" content=\"https:\/\/www.insel-moen.de\/da\/camping-paa-mon\/\" \/>\n<meta property=\"og:site_name\" content=\"Insel M\u00f6n\" \/>\n<meta property=\"article:modified_time\" content=\"2024-04-03T08:44:55+00:00\" \/>\n<meta property=\"og:image\" content=\"https:\/\/www.insel-moen.de\/wp-content\/uploads\/2021\/09\/camp-moens-klint-1_\u00a9Daniel-Villadsen-scaled.jpg\" \/>\n\t<meta property=\"og:image:width\" content=\"2560\" \/>\n\t<meta property=\"og:image:height\" content=\"1920\" \/>\n\t<meta property=\"og:image:type\" content=\"image\/jpeg\" \/>\n<meta name=\"twitter:card\" content=\"summary_large_image\" \/>\n<meta name=\"twitter:label1\" content=\"Estimeret l\u00e6setid\" \/>\n\t<meta name=\"twitter:data1\" content=\"3 minutter\" \/>\n<script type=\"application\/ld+json\" class=\"yoast-schema-graph\">{\"@context\":\"https:\/\/schema.org\",\"@graph\":[{\"@type\":\"WebPage\",\"@id\":\"https:\/\/www.insel-moen.de\/da\/camping-paa-mon\/\",\"url\":\"https:\/\/www.insel-moen.de\/da\/camping-paa-mon\/\",\"name\":\"Camping p\u00e5 Mon - Insel M\u00f6n\",\"isPartOf\":{\"@id\":\"https:\/\/www.insel-moen.de\/da\/#website\"},\"primaryImageOfPage\":{\"@id\":\"https:\/\/www.insel-moen.de\/da\/camping-paa-mon\/#primaryimage\"},\"image\":{\"@id\":\"https:\/\/www.insel-moen.de\/da\/camping-paa-mon\/#primaryimage\"},\"thumbnailUrl\":\"https:\/\/www.insel-moen.de\/wp-content\/uploads\/2021\/09\/camp-moens-klint-1_\u00a9Daniel-Villadsen-scaled.jpg\",\"datePublished\":\"2022-08-16T14:00:06+00:00\",\"dateModified\":\"2024-04-03T08:44:55+00:00\",\"description\":\"Oplev idylliske campingpladser p\u00e5 M\u00f6n til den perfekte udend\u00f8rs ferie i Danmark. Nyd naturen, freden og eventyret p\u00e5 \u00f8en med kridtklipper. Ideel til familier, vandrere og naturelskere.\",\"breadcrumb\":{\"@id\":\"https:\/\/www.insel-moen.de\/da\/camping-paa-mon\/#breadcrumb\"},\"inLanguage\":\"da-DK\",\"potentialAction\":[{\"@type\":\"ReadAction\",\"target\":[\"https:\/\/www.insel-moen.de\/da\/camping-paa-mon\/\"]}]},{\"@type\":\"ImageObject\",\"inLanguage\":\"da-DK\",\"@id\":\"https:\/\/www.insel-moen.de\/da\/camping-paa-mon\/#primaryimage\",\"url\":\"https:\/\/www.insel-moen.de\/wp-content\/uploads\/2021\/09\/camp-moens-klint-1_\u00a9Daniel-Villadsen-scaled.jpg\",\"contentUrl\":\"https:\/\/www.insel-moen.de\/wp-content\/uploads\/2021\/09\/camp-moens-klint-1_\u00a9Daniel-Villadsen-scaled.jpg\",\"width\":2560,\"height\":1920,\"caption\":\"Campingpladser Moens Klint\"},{\"@type\":\"BreadcrumbList\",\"@id\":\"https:\/\/www.insel-moen.de\/da\/camping-paa-mon\/#breadcrumb\",\"itemListElement\":[{\"@type\":\"ListItem\",\"position\":1,\"name\":\"Startseite\",\"item\":\"https:\/\/www.insel-moen.de\/da\/\"},{\"@type\":\"ListItem\",\"position\":2,\"name\":\"Camping p\u00e5 Mon\"}]},{\"@type\":\"WebSite\",\"@id\":\"https:\/\/www.insel-moen.de\/da\/#website\",\"url\":\"https:\/\/www.insel-moen.de\/da\/\",\"name\":\"Insel M\u00f6n\",\"description\":\"INSEL M\u00d6N - Urlaub in der D\u00e4nischen S\u00fcdsee\",\"publisher\":{\"@id\":\"https:\/\/www.insel-moen.de\/da\/#organization\"},\"potentialAction\":[{\"@type\":\"SearchAction\",\"target\":{\"@type\":\"EntryPoint\",\"urlTemplate\":\"https:\/\/www.insel-moen.de\/da\/?s={search_term_string}\"},\"query-input\":{\"@type\":\"PropertyValueSpecification\",\"valueRequired\":true,\"valueName\":\"search_term_string\"}}],\"inLanguage\":\"da-DK\"},{\"@type\":\"Organization\",\"@id\":\"https:\/\/www.insel-moen.de\/da\/#organization\",\"name\":\"www.insel-moen.de\",\"url\":\"https:\/\/www.insel-moen.de\/da\/\",\"logo\":{\"@type\":\"ImageObject\",\"inLanguage\":\"da-DK\",\"@id\":\"https:\/\/www.insel-moen.de\/da\/#\/schema\/logo\/image\/\",\"url\":\"https:\/\/www.insel-moen.de\/wp-content\/uploads\/2023\/08\/cropped-daenemark-logo-neu-klein.png\",\"contentUrl\":\"https:\/\/www.insel-moen.de\/wp-content\/uploads\/2023\/08\/cropped-daenemark-logo-neu-klein.png\",\"width\":100,\"height\":101,\"caption\":\"www.insel-moen.de\"},\"image\":{\"@id\":\"https:\/\/www.insel-moen.de\/da\/#\/schema\/logo\/image\/\"}}]}<\/script>\n<!-- \/ Yoast SEO plugin. -->","yoast_head_json":{"title":"Camping p\u00e5 Mon - Insel M\u00f6n","description":"Oplev idylliske campingpladser p\u00e5 M\u00f6n til den perfekte udend\u00f8rs ferie i Danmark. Nyd naturen, freden og eventyret p\u00e5 \u00f8en med kridtklipper. Ideel til familier, vandrere og naturelskere.","robots":{"index":"index","follow":"follow","max-snippet":"max-snippet:-1","max-image-preview":"max-image-preview:large","max-video-preview":"max-video-preview:-1"},"canonical":"https:\/\/www.insel-moen.de\/da\/camping-paa-mon\/","og_locale":"da_DK","og_type":"article","og_title":"Camping p\u00e5 Mon - Insel M\u00f6n","og_description":"Oplev idylliske campingpladser p\u00e5 M\u00f6n til den perfekte udend\u00f8rs ferie i Danmark. Nyd naturen, freden og eventyret p\u00e5 \u00f8en med kridtklipper. Ideel til familier, vandrere og naturelskere.","og_url":"https:\/\/www.insel-moen.de\/da\/camping-paa-mon\/","og_site_name":"Insel M\u00f6n","article_modified_time":"2024-04-03T08:44:55+00:00","og_image":[{"width":2560,"height":1920,"url":"https:\/\/www.insel-moen.de\/wp-content\/uploads\/2021\/09\/camp-moens-klint-1_\u00a9Daniel-Villadsen-scaled.jpg","type":"image\/jpeg"}],"twitter_card":"summary_large_image","twitter_misc":{"Estimeret l\u00e6setid":"3 minutter"},"schema":{"@context":"https:\/\/schema.org","@graph":[{"@type":"WebPage","@id":"https:\/\/www.insel-moen.de\/da\/camping-paa-mon\/","url":"https:\/\/www.insel-moen.de\/da\/camping-paa-mon\/","name":"Camping p\u00e5 Mon - Insel M\u00f6n","isPartOf":{"@id":"https:\/\/www.insel-moen.de\/da\/#website"},"primaryImageOfPage":{"@id":"https:\/\/www.insel-moen.de\/da\/camping-paa-mon\/#primaryimage"},"image":{"@id":"https:\/\/www.insel-moen.de\/da\/camping-paa-mon\/#primaryimage"},"thumbnailUrl":"https:\/\/www.insel-moen.de\/wp-content\/uploads\/2021\/09\/camp-moens-klint-1_\u00a9Daniel-Villadsen-scaled.jpg","datePublished":"2022-08-16T14:00:06+00:00","dateModified":"2024-04-03T08:44:55+00:00","description":"Oplev idylliske campingpladser p\u00e5 M\u00f6n til den perfekte udend\u00f8rs ferie i Danmark. Nyd naturen, freden og eventyret p\u00e5 \u00f8en med kridtklipper. Ideel til familier, vandrere og naturelskere.","breadcrumb":{"@id":"https:\/\/www.insel-moen.de\/da\/camping-paa-mon\/#breadcrumb"},"inLanguage":"da-DK","potentialAction":[{"@type":"ReadAction","target":["https:\/\/www.insel-moen.de\/da\/camping-paa-mon\/"]}]},{"@type":"ImageObject","inLanguage":"da-DK","@id":"https:\/\/www.insel-moen.de\/da\/camping-paa-mon\/#primaryimage","url":"https:\/\/www.insel-moen.de\/wp-content\/uploads\/2021\/09\/camp-moens-klint-1_\u00a9Daniel-Villadsen-scaled.jpg","contentUrl":"https:\/\/www.insel-moen.de\/wp-content\/uploads\/2021\/09\/camp-moens-klint-1_\u00a9Daniel-Villadsen-scaled.jpg","width":2560,"height":1920,"caption":"Campingpladser Moens Klint"},{"@type":"BreadcrumbList","@id":"https:\/\/www.insel-moen.de\/da\/camping-paa-mon\/#breadcrumb","itemListElement":[{"@type":"ListItem","position":1,"name":"Startseite","item":"https:\/\/www.insel-moen.de\/da\/"},{"@type":"ListItem","position":2,"name":"Camping p\u00e5 Mon"}]},{"@type":"WebSite","@id":"https:\/\/www.insel-moen.de\/da\/#website","url":"https:\/\/www.insel-moen.de\/da\/","name":"Insel M\u00f6n","description":"INSEL M\u00d6N - Urlaub in der D\u00e4nischen S\u00fcdsee","publisher":{"@id":"https:\/\/www.insel-moen.de\/da\/#organization"},"potentialAction":[{"@type":"SearchAction","target":{"@type":"EntryPoint","urlTemplate":"https:\/\/www.insel-moen.de\/da\/?s={search_term_string}"},"query-input":{"@type":"PropertyValueSpecification","valueRequired":true,"valueName":"search_term_string"}}],"inLanguage":"da-DK"},{"@type":"Organization","@id":"https:\/\/www.insel-moen.de\/da\/#organization","name":"www.insel-moen.de","url":"https:\/\/www.insel-moen.de\/da\/","logo":{"@type":"ImageObject","inLanguage":"da-DK","@id":"https:\/\/www.insel-moen.de\/da\/#\/schema\/logo\/image\/","url":"https:\/\/www.insel-moen.de\/wp-content\/uploads\/2023\/08\/cropped-daenemark-logo-neu-klein.png","contentUrl":"https:\/\/www.insel-moen.de\/wp-content\/uploads\/2023\/08\/cropped-daenemark-logo-neu-klein.png","width":100,"height":101,"caption":"www.insel-moen.de"},"image":{"@id":"https:\/\/www.insel-moen.de\/da\/#\/schema\/logo\/image\/"}}]}},"_links":{"self":[{"href":"https:\/\/www.insel-moen.de\/da\/wp-json\/wp\/v2\/pages\/870","targetHints":{"allow":["GET"]}}],"collection":[{"href":"https:\/\/www.insel-moen.de\/da\/wp-json\/wp\/v2\/pages"}],"about":[{"href":"https:\/\/www.insel-moen.de\/da\/wp-json\/wp\/v2\/types\/page"}],"author":[{"embeddable":true,"href":"https:\/\/www.insel-moen.de\/da\/wp-json\/wp\/v2\/users\/3"}],"replies":[{"embeddable":true,"href":"https:\/\/www.insel-moen.de\/da\/wp-json\/wp\/v2\/comments?post=870"}],"version-history":[{"count":13,"href":"https:\/\/www.insel-moen.de\/da\/wp-json\/wp\/v2\/pages\/870\/revisions"}],"predecessor-version":[{"id":7576,"href":"https:\/\/www.insel-moen.de\/da\/wp-json\/wp\/v2\/pages\/870\/revisions\/7576"}],"wp:featuredmedia":[{"embeddable":true,"href":"https:\/\/www.insel-moen.de\/da\/wp-json\/wp\/v2\/media\/808"}],"wp:attachment":[{"href":"https:\/\/www.insel-moen.de\/da\/wp-json\/wp\/v2\/media?parent=870"}],"curies":[{"name":"wp","href":"https:\/\/api.w.org\/{rel}","templated":true}]}}