{"id":863,"date":"2022-08-16T14:00:04","date_gmt":"2022-08-16T14:00:04","guid":{"rendered":"https:\/\/www.insel-moen.de\/steder-paa-oeen-moen\/broer\/"},"modified":"2024-05-18T09:38:06","modified_gmt":"2024-05-18T09:38:06","slug":"broer","status":"publish","type":"page","link":"https:\/\/www.insel-moen.de\/da\/steder-paa-oeen-moen\/broer\/","title":{"rendered":"Broer"},"content":{"rendered":"\n<p class=\"has-drop-cap\">Hvis du ikke kommer til M\u00f6n med din egen bil, er \u00f8ens hovedstad Stege det bedste udgangspunkt for at udforske \u00f8en. Det skyldes, at Mon har en busforbindelse. Bussen venter p\u00e5 dig i n\u00e6rheden af turistkontoret p\u00e5 den nordlige side af vindebroen, som ogs\u00e5 f\u00f8rer direkte ind til byens centrum.<\/p>\n\n<p>Herfra deles Stege i to dele af den lange Storegarde-g\u00e5gade, der f\u00f8rer fra havnen langs bykirkens h\u00f8je gotiske tag og ender ved de middelalderlige Molletorte-porte. Steges&#8217; navn stammer fra &#8220;Strike&#8221;, hvor tr\u00e6p\u00e6le blev sl\u00e5et ned i en flodmunding som et ekstra forsvar mod angribere.  <\/p>\n\n<figure class=\"wp-block-image size-large\"><a href=\"https:\/\/www.insel-moen.de\/wp-content\/uploads\/2024\/03\/Moen-stege-kaffehuset-moen-1024x682.jpg\"><img loading=\"lazy\" decoding=\"async\" width=\"1024\" height=\"682\" src=\"https:\/\/www.insel-moen.de\/wp-content\/uploads\/2024\/03\/Moen-stege-kaffehuset-moen-1024x682.jpg\" alt=\"Billedet viser det udvendige billede af &quot;Kaffehuset M&#xF8;n&quot;, et risteri i Stege p&#xE5; M&#xF8;n, Danmark. Indgangen til butikken er &#xE5;ben og giver udsigt til det lyse, moderne interi&#xF8;r, som er m&#xF8;bleret med tr&#xE6;m&#xF8;bler og dekorationer lavet af kaffes&#xE6;kke. P&#xE5; et skilt over indgangen st&#xE5;r der &quot;Kaffehuset M&#xF8;n Risteri Roastery R&#xF6;sterei&quot;. Dekorative blomsterkrukker st&#xE5;r p&#xE5; gamle tr&#xE6;kasser foran butikken.\" class=\"wp-image-6703\" srcset=\"https:\/\/www.insel-moen.de\/wp-content\/uploads\/2024\/03\/Moen-stege-kaffehuset-moen-1024x682.jpg 1024w, https:\/\/www.insel-moen.de\/wp-content\/uploads\/2024\/03\/Moen-stege-kaffehuset-moen-300x200.jpg 300w, https:\/\/www.insel-moen.de\/wp-content\/uploads\/2024\/03\/Moen-stege-kaffehuset-moen-768x512.jpg 768w, https:\/\/www.insel-moen.de\/wp-content\/uploads\/2024\/03\/Moen-stege-kaffehuset-moen-810x540.jpg 810w, https:\/\/www.insel-moen.de\/wp-content\/uploads\/2024\/03\/Moen-stege-kaffehuset-moen-1200x800.jpg 1200w, https:\/\/www.insel-moen.de\/wp-content\/uploads\/2024\/03\/Moen-stege-kaffehuset-moen.jpg 1280w\" sizes=\"auto, (max-width: 1024px) 100vw, 1024px\" \/><\/a><\/figure>\n<h2 class=\"wp-block-heading\">Sev\u00e6rdigheder i Stege<\/h2>\n\n<p>De smukkeste sev\u00e6rdigheder i havnebyen Stege er M\u00f8ns Museum, som huser Empiregaarden og Thorsvang Samlingsmuseum. Du kan f\u00e5 detaljerede oplysninger om disse og andre attraktioner her p\u00e5 M\u00f8n.<\/p>\n\n<p>I forbindelse med Molleporten i Empiregarden, Storegarden 75 (tir-s\u00f8n kl. 10-16, 30 kr, www.empiregaarden.dk), er der et bymuseum i et tidligere k\u00f8bmandshus fra 1780&#8217;erne. Samlingen omfatter ark\u00e6ologiske og etnografiske udstillinger, der sp\u00e6nder fra fossil fauna til freskofyldte kirker.<\/p>\n\n<h2 class=\"wp-block-heading\">M\u00f8n Turistkontor Stege<\/h2>\n\n<figure class=\"wp-block-image size-large\"><a href=\"https:\/\/www.insel-moen.de\/wp-content\/uploads\/2024\/05\/Bildschirmfoto-2024-05-18-um-11.34.02-1024x643.png\"><img loading=\"lazy\" decoding=\"async\" width=\"1024\" height=\"643\" src=\"https:\/\/www.insel-moen.de\/wp-content\/uploads\/2024\/05\/Bildschirmfoto-2024-05-18-um-11.34.02-1024x643.png\" alt=\"Billedet viser turistinformationen i Stege p&#xE5; &#xF8;en M&#xF6;n i Danmark. I forgrunden st&#xE5;r et stort skilt med afstande til forskellige steder, bl.a. M&#xF8;ns Klint. Turistinformationens bygning er malet gul og ligger direkte p&#xE5; havnefronten, hvor man kan se nogle f&#xE5; b&#xE5;de. Folk slentrer ad den brostensbelagte sti langs promenaden.\" class=\"wp-image-8700\" srcset=\"https:\/\/www.insel-moen.de\/wp-content\/uploads\/2024\/05\/Bildschirmfoto-2024-05-18-um-11.34.02-1024x643.png 1024w, https:\/\/www.insel-moen.de\/wp-content\/uploads\/2024\/05\/Bildschirmfoto-2024-05-18-um-11.34.02-300x188.png 300w, https:\/\/www.insel-moen.de\/wp-content\/uploads\/2024\/05\/Bildschirmfoto-2024-05-18-um-11.34.02-768x482.png 768w, https:\/\/www.insel-moen.de\/wp-content\/uploads\/2024\/05\/Bildschirmfoto-2024-05-18-um-11.34.02-1536x964.png 1536w, https:\/\/www.insel-moen.de\/wp-content\/uploads\/2024\/05\/Bildschirmfoto-2024-05-18-um-11.34.02-810x508.png 810w, https:\/\/www.insel-moen.de\/wp-content\/uploads\/2024\/05\/Bildschirmfoto-2024-05-18-um-11.34.02-1200x753.png 1200w, https:\/\/www.insel-moen.de\/wp-content\/uploads\/2024\/05\/Bildschirmfoto-2024-05-18-um-11.34.02.png 1896w\" sizes=\"auto, (max-width: 1024px) 100vw, 1024px\" \/><\/a><\/figure>\n<p>M\u00f6ns turistkontor ligger i n\u00e6rheden af broen i Stege. Du kan ikke undg\u00e5 at se et gult hus. Her kan du f\u00e5 en masse oplysninger om naturen, dyr og naturture p\u00e5 \u00f8en. Dette sted s\u00e6lger ogs\u00e5 souvenirs og udlejer v\u00e6relser p\u00e5 feriesteder.<\/p>\n\n<p><strong>M\u00f8ns turistkontor<\/strong><br\/>Storegade 2<br\/>DK &#8211; 4780 Stege<\/p>\n\n<p>Telefon: (+45) 5586 0400<br\/>E-mail:info@visitmoen.com<\/p>\n\n<h2 class=\"wp-block-heading\">Havneslottet i Stege<\/h2>\n\n<figure class=\"wp-block-image size-full\"><a href=\"https:\/\/www.insel-moen.de\/wp-content\/uploads\/2021\/09\/Hafenschloss-stege-moen.jpg\"><img loading=\"lazy\" decoding=\"async\" width=\"639\" height=\"426\" src=\"https:\/\/www.insel-moen.de\/wp-content\/uploads\/2021\/09\/Hafenschloss-stege-moen.jpg\" alt=\"\" class=\"wp-image-439\" srcset=\"https:\/\/www.insel-moen.de\/wp-content\/uploads\/2021\/09\/Hafenschloss-stege-moen.jpg 639w, https:\/\/www.insel-moen.de\/wp-content\/uploads\/2021\/09\/Hafenschloss-stege-moen-300x200.jpg 300w\" sizes=\"auto, (max-width: 639px) 100vw, 639px\" \/><\/a><figcaption class=\"wp-element-caption\">Model af havneborgen i Stege.<\/figcaption><\/figure>\n<p>Stege Havneborg blev bygget i 1910 og var i mange \u00e5r havnens uofficielle vartegn i mange \u00e5r. Bygningen bestod af to ventev\u00e6relser. En til den 1. og en til den 2. klasse.<\/p>\n\n<p>Bygningen fungerede ogs\u00e5 som havnekontor og havnemesterens bolig. Da skolen i Stege blev genopbygget i 1935, blev undervisningen afholdt her.<\/p>\n\n<p>Den nederste del af havneborgen blev senere brugt som bolig. I 1961 blev t\u00e5rnet revet ned og har siden st\u00e5et p\u00e5 museet i Stege. Havneslottet blev derefter revet ned i 1965.<\/p>\n\n<p>D\u00e6mperne &#8220;Stege&#8221; og &#8220;Codan&#8221; sejlede p\u00e5 en fast rute mellem Stege og Kalvehave. Du kan se modellen af havneslottet over for turistkontoret.<\/p>\n\n<h2 class=\"wp-block-heading\">Shopping i Stege<\/h2>\n\n<p>Som navnet antyder, er byen Stege et smukt lille sted at handle. Den har v\u00e6ret hjemsted for en r\u00e6kke butikker og virksomheder i mange \u00e5rtier og er nu et meget popul\u00e6rt sted for b\u00e5de lokale og turister. Hvis du leder efter et sted, hvor du kan bruge tid p\u00e5 at kigge rundt i en r\u00e6kke forskellige butikker og virksomheder, bliver du ikke skuffet, n\u00e5r du bes\u00f8ger Stege. Der er mange butikker og muligheder for at shoppe her. Der er alt fra t\u00f8j og sko til mad (NETTO) og drikkevarer &#8211; der er noget for enhver smag og ethvert budget.<\/p>\n\n<h2 class=\"wp-block-heading\">Indkvartering i Stege<\/h2>\n\n<p>En af de ting, jeg har l\u00e6rt p\u00e5 mine rejser, er, at det altid er bedst at unders\u00f8ge din destination, f\u00f8r du tager af sted. N\u00e5r du rejser til Stege p\u00e5 M\u00f8n, er det vigtigt at overveje, hvilken type indkvartering du \u00f8nsker. Der er flere typer hoteller at v\u00e6lge imellem, herunder boutiquehoteller, kroer og bed and breakfasts. Der er et bredt udvalg af overnatningsmuligheder i Stege p\u00e5 M\u00f8n, og der er mange hoteller, som passer til de rejsendes behov. De bes\u00f8gende kan v\u00e6lge mellem charmerende bed and breakfasts, sm\u00e5 kroer og endda st\u00f8rre k\u00e6der for deres ophold. Hvis du er p\u00e5 udkig efter et bed and breakfast, kan du v\u00e6lge mellem flere forskellige overnatningssteder.  <\/p>\n\n<p><strong><a href=\"https:\/\/www.booking.com\/searchresults.de.html?city=-2751377&amp;aid=1221650&amp;no_rooms=1&amp;group_adults=2&amp;label=stege\">&gt;&gt;  Her kan du finde en oversigt over overnatningsmuligheder i Stege<\/a><\/strong><\/p>\n\n<h2 class=\"wp-block-heading\">Ferieboliger i Stege<\/h2>\n\n<div style=\"width: 100%\" id=\"c24pp-holidayhome_dk-iframe\" data-q=\"Stege\"><\/div><script src=\"https:\/\/files.check24.net\/widgets\/auto\/124552\/c24pp-holidayhome_dk-iframe\/holidayhome-iframe.js\"><\/script>","protected":false},"excerpt":{"rendered":"<p>Hvis du ikke kommer til M\u00f6n med din egen bil, er \u00f8ens hovedstad Stege det bedste udgangspunkt for at udforske \u00f8en. Det skyldes, at Mon har en busforbindelse. Bussen venter p\u00e5 dig i n\u00e6rheden af turistkontoret p\u00e5 den nordlige side af vindebroen, som ogs\u00e5 f\u00f8rer direkte ind til byens centrum. Herfra deles Stege i to [&hellip;]<\/p>\n","protected":false},"author":3,"featured_media":806,"parent":847,"menu_order":0,"comment_status":"closed","ping_status":"closed","template":"templates\/template-full-width.php","meta":{"footnotes":""},"class_list":["post-863","page","type-page","status-publish","has-post-thumbnail","hentry"],"yoast_head":"<!-- This site is optimized with the Yoast SEO plugin v24.5 - https:\/\/yoast.com\/wordpress\/plugins\/seo\/ -->\n<title>Broer - Insel M\u00f6n<\/title>\n<meta name=\"description\" content=\"Oplev Stege, det bankende hjerte p\u00e5 \u00f8en M\u00f6n. Nyd maleriske veje, historiske sev\u00e6rdigheder og unikke naturoplevelser. Planl\u00e6g dit bes\u00f8g nu, og fordyb dig i M\u00f6n&#039;s fascinerende verden!\" \/>\n<meta name=\"robots\" content=\"index, follow, max-snippet:-1, max-image-preview:large, max-video-preview:-1\" \/>\n<link rel=\"canonical\" href=\"https:\/\/www.insel-moen.de\/da\/steder-paa-oeen-moen\/broer\/\" \/>\n<meta property=\"og:locale\" content=\"da_DK\" \/>\n<meta property=\"og:type\" content=\"article\" \/>\n<meta property=\"og:title\" content=\"Broer - Insel M\u00f6n\" \/>\n<meta property=\"og:description\" content=\"Oplev Stege, det bankende hjerte p\u00e5 \u00f8en M\u00f6n. Nyd maleriske veje, historiske sev\u00e6rdigheder og unikke naturoplevelser. Planl\u00e6g dit bes\u00f8g nu, og fordyb dig i M\u00f6n&#039;s fascinerende verden!\" \/>\n<meta property=\"og:url\" content=\"https:\/\/www.insel-moen.de\/da\/steder-paa-oeen-moen\/broer\/\" \/>\n<meta property=\"og:site_name\" content=\"Insel M\u00f6n\" \/>\n<meta property=\"article:modified_time\" content=\"2024-05-18T09:38:06+00:00\" \/>\n<meta property=\"og:image\" content=\"https:\/\/www.insel-moen.de\/wp-content\/uploads\/2021\/09\/stege-inselhauptstadt-von-moen.jpg\" \/>\n\t<meta property=\"og:image:width\" content=\"1600\" \/>\n\t<meta property=\"og:image:height\" content=\"1066\" \/>\n\t<meta property=\"og:image:type\" content=\"image\/jpeg\" \/>\n<meta name=\"twitter:card\" content=\"summary_large_image\" \/>\n<meta name=\"twitter:label1\" content=\"Estimeret l\u00e6setid\" \/>\n\t<meta name=\"twitter:data1\" content=\"3 minutter\" \/>\n<script type=\"application\/ld+json\" class=\"yoast-schema-graph\">{\"@context\":\"https:\/\/schema.org\",\"@graph\":[{\"@type\":\"WebPage\",\"@id\":\"https:\/\/www.insel-moen.de\/da\/steder-paa-oeen-moen\/broer\/\",\"url\":\"https:\/\/www.insel-moen.de\/da\/steder-paa-oeen-moen\/broer\/\",\"name\":\"Broer - Insel M\u00f6n\",\"isPartOf\":{\"@id\":\"https:\/\/www.insel-moen.de\/da\/#website\"},\"primaryImageOfPage\":{\"@id\":\"https:\/\/www.insel-moen.de\/da\/steder-paa-oeen-moen\/broer\/#primaryimage\"},\"image\":{\"@id\":\"https:\/\/www.insel-moen.de\/da\/steder-paa-oeen-moen\/broer\/#primaryimage\"},\"thumbnailUrl\":\"https:\/\/www.insel-moen.de\/wp-content\/uploads\/2021\/09\/stege-inselhauptstadt-von-moen.jpg\",\"datePublished\":\"2022-08-16T14:00:04+00:00\",\"dateModified\":\"2024-05-18T09:38:06+00:00\",\"description\":\"Oplev Stege, det bankende hjerte p\u00e5 \u00f8en M\u00f6n. Nyd maleriske veje, historiske sev\u00e6rdigheder og unikke naturoplevelser. Planl\u00e6g dit bes\u00f8g nu, og fordyb dig i M\u00f6n's fascinerende verden!\",\"breadcrumb\":{\"@id\":\"https:\/\/www.insel-moen.de\/da\/steder-paa-oeen-moen\/broer\/#breadcrumb\"},\"inLanguage\":\"da-DK\",\"potentialAction\":[{\"@type\":\"ReadAction\",\"target\":[\"https:\/\/www.insel-moen.de\/da\/steder-paa-oeen-moen\/broer\/\"]}]},{\"@type\":\"ImageObject\",\"inLanguage\":\"da-DK\",\"@id\":\"https:\/\/www.insel-moen.de\/da\/steder-paa-oeen-moen\/broer\/#primaryimage\",\"url\":\"https:\/\/www.insel-moen.de\/wp-content\/uploads\/2021\/09\/stege-inselhauptstadt-von-moen.jpg\",\"contentUrl\":\"https:\/\/www.insel-moen.de\/wp-content\/uploads\/2021\/09\/stege-inselhauptstadt-von-moen.jpg\",\"width\":1600,\"height\":1066,\"caption\":\"Broer\"},{\"@type\":\"BreadcrumbList\",\"@id\":\"https:\/\/www.insel-moen.de\/da\/steder-paa-oeen-moen\/broer\/#breadcrumb\",\"itemListElement\":[{\"@type\":\"ListItem\",\"position\":1,\"name\":\"Startseite\",\"item\":\"https:\/\/www.insel-moen.de\/da\/\"},{\"@type\":\"ListItem\",\"position\":2,\"name\":\"Steder p\u00e5 \u00f8en M\u00f6n\",\"item\":\"https:\/\/www.insel-moen.de\/da\/steder-paa-oeen-moen\/\"},{\"@type\":\"ListItem\",\"position\":3,\"name\":\"Broer\"}]},{\"@type\":\"WebSite\",\"@id\":\"https:\/\/www.insel-moen.de\/da\/#website\",\"url\":\"https:\/\/www.insel-moen.de\/da\/\",\"name\":\"Insel M\u00f6n\",\"description\":\"INSEL M\u00d6N - Urlaub in der D\u00e4nischen S\u00fcdsee\",\"publisher\":{\"@id\":\"https:\/\/www.insel-moen.de\/da\/#organization\"},\"potentialAction\":[{\"@type\":\"SearchAction\",\"target\":{\"@type\":\"EntryPoint\",\"urlTemplate\":\"https:\/\/www.insel-moen.de\/da\/?s={search_term_string}\"},\"query-input\":{\"@type\":\"PropertyValueSpecification\",\"valueRequired\":true,\"valueName\":\"search_term_string\"}}],\"inLanguage\":\"da-DK\"},{\"@type\":\"Organization\",\"@id\":\"https:\/\/www.insel-moen.de\/da\/#organization\",\"name\":\"www.insel-moen.de\",\"url\":\"https:\/\/www.insel-moen.de\/da\/\",\"logo\":{\"@type\":\"ImageObject\",\"inLanguage\":\"da-DK\",\"@id\":\"https:\/\/www.insel-moen.de\/da\/#\/schema\/logo\/image\/\",\"url\":\"https:\/\/www.insel-moen.de\/wp-content\/uploads\/2023\/08\/cropped-daenemark-logo-neu-klein.png\",\"contentUrl\":\"https:\/\/www.insel-moen.de\/wp-content\/uploads\/2023\/08\/cropped-daenemark-logo-neu-klein.png\",\"width\":100,\"height\":101,\"caption\":\"www.insel-moen.de\"},\"image\":{\"@id\":\"https:\/\/www.insel-moen.de\/da\/#\/schema\/logo\/image\/\"}}]}<\/script>\n<!-- \/ Yoast SEO plugin. -->","yoast_head_json":{"title":"Broer - Insel M\u00f6n","description":"Oplev Stege, det bankende hjerte p\u00e5 \u00f8en M\u00f6n. Nyd maleriske veje, historiske sev\u00e6rdigheder og unikke naturoplevelser. Planl\u00e6g dit bes\u00f8g nu, og fordyb dig i M\u00f6n's fascinerende verden!","robots":{"index":"index","follow":"follow","max-snippet":"max-snippet:-1","max-image-preview":"max-image-preview:large","max-video-preview":"max-video-preview:-1"},"canonical":"https:\/\/www.insel-moen.de\/da\/steder-paa-oeen-moen\/broer\/","og_locale":"da_DK","og_type":"article","og_title":"Broer - Insel M\u00f6n","og_description":"Oplev Stege, det bankende hjerte p\u00e5 \u00f8en M\u00f6n. Nyd maleriske veje, historiske sev\u00e6rdigheder og unikke naturoplevelser. Planl\u00e6g dit bes\u00f8g nu, og fordyb dig i M\u00f6n's fascinerende verden!","og_url":"https:\/\/www.insel-moen.de\/da\/steder-paa-oeen-moen\/broer\/","og_site_name":"Insel M\u00f6n","article_modified_time":"2024-05-18T09:38:06+00:00","og_image":[{"width":1600,"height":1066,"url":"https:\/\/www.insel-moen.de\/wp-content\/uploads\/2021\/09\/stege-inselhauptstadt-von-moen.jpg","type":"image\/jpeg"}],"twitter_card":"summary_large_image","twitter_misc":{"Estimeret l\u00e6setid":"3 minutter"},"schema":{"@context":"https:\/\/schema.org","@graph":[{"@type":"WebPage","@id":"https:\/\/www.insel-moen.de\/da\/steder-paa-oeen-moen\/broer\/","url":"https:\/\/www.insel-moen.de\/da\/steder-paa-oeen-moen\/broer\/","name":"Broer - Insel M\u00f6n","isPartOf":{"@id":"https:\/\/www.insel-moen.de\/da\/#website"},"primaryImageOfPage":{"@id":"https:\/\/www.insel-moen.de\/da\/steder-paa-oeen-moen\/broer\/#primaryimage"},"image":{"@id":"https:\/\/www.insel-moen.de\/da\/steder-paa-oeen-moen\/broer\/#primaryimage"},"thumbnailUrl":"https:\/\/www.insel-moen.de\/wp-content\/uploads\/2021\/09\/stege-inselhauptstadt-von-moen.jpg","datePublished":"2022-08-16T14:00:04+00:00","dateModified":"2024-05-18T09:38:06+00:00","description":"Oplev Stege, det bankende hjerte p\u00e5 \u00f8en M\u00f6n. Nyd maleriske veje, historiske sev\u00e6rdigheder og unikke naturoplevelser. Planl\u00e6g dit bes\u00f8g nu, og fordyb dig i M\u00f6n's fascinerende verden!","breadcrumb":{"@id":"https:\/\/www.insel-moen.de\/da\/steder-paa-oeen-moen\/broer\/#breadcrumb"},"inLanguage":"da-DK","potentialAction":[{"@type":"ReadAction","target":["https:\/\/www.insel-moen.de\/da\/steder-paa-oeen-moen\/broer\/"]}]},{"@type":"ImageObject","inLanguage":"da-DK","@id":"https:\/\/www.insel-moen.de\/da\/steder-paa-oeen-moen\/broer\/#primaryimage","url":"https:\/\/www.insel-moen.de\/wp-content\/uploads\/2021\/09\/stege-inselhauptstadt-von-moen.jpg","contentUrl":"https:\/\/www.insel-moen.de\/wp-content\/uploads\/2021\/09\/stege-inselhauptstadt-von-moen.jpg","width":1600,"height":1066,"caption":"Broer"},{"@type":"BreadcrumbList","@id":"https:\/\/www.insel-moen.de\/da\/steder-paa-oeen-moen\/broer\/#breadcrumb","itemListElement":[{"@type":"ListItem","position":1,"name":"Startseite","item":"https:\/\/www.insel-moen.de\/da\/"},{"@type":"ListItem","position":2,"name":"Steder p\u00e5 \u00f8en M\u00f6n","item":"https:\/\/www.insel-moen.de\/da\/steder-paa-oeen-moen\/"},{"@type":"ListItem","position":3,"name":"Broer"}]},{"@type":"WebSite","@id":"https:\/\/www.insel-moen.de\/da\/#website","url":"https:\/\/www.insel-moen.de\/da\/","name":"Insel M\u00f6n","description":"INSEL M\u00d6N - Urlaub in der D\u00e4nischen S\u00fcdsee","publisher":{"@id":"https:\/\/www.insel-moen.de\/da\/#organization"},"potentialAction":[{"@type":"SearchAction","target":{"@type":"EntryPoint","urlTemplate":"https:\/\/www.insel-moen.de\/da\/?s={search_term_string}"},"query-input":{"@type":"PropertyValueSpecification","valueRequired":true,"valueName":"search_term_string"}}],"inLanguage":"da-DK"},{"@type":"Organization","@id":"https:\/\/www.insel-moen.de\/da\/#organization","name":"www.insel-moen.de","url":"https:\/\/www.insel-moen.de\/da\/","logo":{"@type":"ImageObject","inLanguage":"da-DK","@id":"https:\/\/www.insel-moen.de\/da\/#\/schema\/logo\/image\/","url":"https:\/\/www.insel-moen.de\/wp-content\/uploads\/2023\/08\/cropped-daenemark-logo-neu-klein.png","contentUrl":"https:\/\/www.insel-moen.de\/wp-content\/uploads\/2023\/08\/cropped-daenemark-logo-neu-klein.png","width":100,"height":101,"caption":"www.insel-moen.de"},"image":{"@id":"https:\/\/www.insel-moen.de\/da\/#\/schema\/logo\/image\/"}}]}},"_links":{"self":[{"href":"https:\/\/www.insel-moen.de\/da\/wp-json\/wp\/v2\/pages\/863","targetHints":{"allow":["GET"]}}],"collection":[{"href":"https:\/\/www.insel-moen.de\/da\/wp-json\/wp\/v2\/pages"}],"about":[{"href":"https:\/\/www.insel-moen.de\/da\/wp-json\/wp\/v2\/types\/page"}],"author":[{"embeddable":true,"href":"https:\/\/www.insel-moen.de\/da\/wp-json\/wp\/v2\/users\/3"}],"replies":[{"embeddable":true,"href":"https:\/\/www.insel-moen.de\/da\/wp-json\/wp\/v2\/comments?post=863"}],"version-history":[{"count":12,"href":"https:\/\/www.insel-moen.de\/da\/wp-json\/wp\/v2\/pages\/863\/revisions"}],"predecessor-version":[{"id":8737,"href":"https:\/\/www.insel-moen.de\/da\/wp-json\/wp\/v2\/pages\/863\/revisions\/8737"}],"up":[{"embeddable":true,"href":"https:\/\/www.insel-moen.de\/da\/wp-json\/wp\/v2\/pages\/847"}],"wp:featuredmedia":[{"embeddable":true,"href":"https:\/\/www.insel-moen.de\/da\/wp-json\/wp\/v2\/media\/806"}],"wp:attachment":[{"href":"https:\/\/www.insel-moen.de\/da\/wp-json\/wp\/v2\/media?parent=863"}],"curies":[{"name":"wp","href":"https:\/\/api.w.org\/{rel}","templated":true}]}}