{"id":862,"date":"2022-08-16T14:00:04","date_gmt":"2022-08-16T14:00:04","guid":{"rendered":"https:\/\/www.insel-moen.de\/velkommen-til-oeen-moen\/"},"modified":"2024-05-16T08:17:21","modified_gmt":"2024-05-16T08:17:21","slug":"velkommen-til-oeen-moen","status":"publish","type":"page","link":"https:\/\/www.insel-moen.de\/da\/","title":{"rendered":"Velkommen til \u00f8en M\u00f8n"},"content":{"rendered":"\n<div class=\"wp-block-buttons is-content-justification-center is-layout-flex wp-container-core-buttons-is-layout-16018d1d wp-block-buttons-is-layout-flex\">\n<div class=\"wp-block-button\"><a class=\"wp-block-button__link wp-element-button\" href=\"https:\/\/www.insel-moen.de\/da\/ferieboliger-paa-oeen-moen\/sommerhus-moen-med-havudsigt\/\">Ferieboliger<\/a><\/div>\n\n\n\n<div class=\"wp-block-button\"><a class=\"wp-block-button__link wp-element-button\" href=\"https:\/\/www.insel-moen.de\/da\/bed-breakfast-moen-island\/\">Bed &amp; breakfast<\/a><\/div>\n\n\n\n<div class=\"wp-block-button\"><a class=\"wp-block-button__link wp-element-button\" href=\"https:\/\/www.insel-moen.de\/da\/rejse-til-oeen-moen\/\">Ankomst<\/a><\/div>\n<\/div>\n\n<p>\u00d8en M\u00f8n ligger i den danske \u00d8sters\u00f8, umiddelbart ved siden af Falster, og har omkring 10.000 indbyggere. P\u00e5 grund af sin beliggenhed i \u00d8sters\u00f8en har \u00f8en et afbalanceret klima og er velegnet til folk, der \u00f8nsker at undslippe den store sommervarme i Tyskland.<\/p>\n\n<h2 class=\"wp-block-heading\">Book din f\u00e6rgebillet til M\u00f6n nu<\/h2>\n\n<p><strong>Sikr dig din dr\u00f8mmeferie nu, og spar penge p\u00e5 samme tid<\/strong><\/p>\n\n<p>Planl\u00e6gger du en tur til \u00f8en M\u00f6n? S\u00e5 benyt dig af vores s\u00e6rlige tilbud om tidlig booking, og spar op til 50 % i forhold til den almindelige pris ved havnekassen. Du kan f\u00e5 gl\u00e6de af denne fantastiske rabat, is\u00e6r p\u00e5 aften- og natoverfarter, hvis du bestiller mindst 15 dage i forvejen.<\/p>\n\n<p>S\u00e5 vent ikke l\u00e6ngere &#8211; sikre dig din overfart nu fra kun 62 EUR. Oplev den betagende natur og unikke kultur i M\u00f6n p\u00e5 en s\u00e6rlig gunstig m\u00e5de.<\/p>\n\n<div class=\"wp-block-buttons is-layout-flex wp-block-buttons-is-layout-flex\">\n<div class=\"wp-block-button\"><a class=\"wp-block-button__link wp-element-button\" href=\"https:\/\/booking.scandlines.com\/?lang=de&amp;mandator=SAD&amp;provid=219403ed-fa22-4826-b47a-83e5a8924caf\">Her finder du f\u00e6rgetilbud fra Puttgarden (Fehmarn) og Rostock<\/a><\/div>\n<\/div>\n\n<h2 class=\"wp-block-heading\">Mon har mange s\u00e6rlige egenskaber og fordele<\/h2>\n\n<p>Her finder du Moens Klint, de h\u00f8jeste kridtklinter i Europa. Caspar David Friedrich praktiserede her, f\u00f8r han malede R\u00fcgens kridtklipper.<\/p>\n\n<p>P\u00e5 Mon finder du et s\u00e6rligt lys. Det er helt sikkert kridtklipperne og \u00d8sters\u00f8en, der giver en helt s\u00e6rlig gl\u00f8d, is\u00e6r om aftenen.<\/p>\n\n<p>Mon har et ekstremt charmerende landskab. <strong>Her er n\u00e6sten alle <a href=\"https:\/\/www.insel-moen.de\/da\/kridtklipperne-paa-moen\/\">Europas landskaber samlet p\u00e5 en lille \u00f8<\/a>.<\/strong> Fra flade og j\u00e6vne enge til klippefyldte, skovkl\u00e6dte h\u00f8jdedrag kan du udforske landskabet til fods eller p\u00e5 cykel.<\/p>\n\n<p>Mange sm\u00e5 g\u00e6stehuse og feriehuse tilbyder indkvartering for ethvert behov og budget.<\/p>\n\n<p><\/p>\n\n<figure class=\"wp-block-embed is-type-video is-provider-youtube wp-block-embed-youtube wp-embed-aspect-16-9 wp-has-aspect-ratio\"><div class=\"wp-block-embed__wrapper\">\n<iframe loading=\"lazy\" title=\"Insel M\u00f6n - unglaubliche Impressionen von der D\u00e4nischen Insel\" width=\"580\" height=\"326\" src=\"https:\/\/www.youtube.com\/embed\/UQKhth_uh4U?feature=oembed\" frameborder=\"0\" allow=\"accelerometer; autoplay; clipboard-write; encrypted-media; gyroscope; picture-in-picture; web-share\" referrerpolicy=\"strict-origin-when-cross-origin\" allowfullscreen><\/iframe>\n<\/div><\/figure>\n\n<div class=\"wp-block-columns has-2-columns is-layout-flex wp-container-core-columns-is-layout-9d6595d7 wp-block-columns-is-layout-flex\">\n<div class=\"wp-block-column is-layout-flow wp-block-column-is-layout-flow\">\n<figure class=\"wp-block-image\"><a href=\"https:\/\/www.insel-moen.de\/da\/bed-breakfast-moen-island\/\"><img loading=\"lazy\" decoding=\"async\" width=\"700\" height=\"525\" src=\"https:\/\/www.insel-moen.de\/wp-content\/uploads\/2019\/06\/bakkelund-bed-and-breakfast.jpg\" alt=\"\" class=\"wp-image-225\" srcset=\"https:\/\/www.insel-moen.de\/wp-content\/uploads\/2019\/06\/bakkelund-bed-and-breakfast.jpg 700w, https:\/\/www.insel-moen.de\/wp-content\/uploads\/2019\/06\/bakkelund-bed-and-breakfast-300x225.jpg 300w, https:\/\/www.insel-moen.de\/wp-content\/uploads\/2019\/06\/bakkelund-bed-and-breakfast-560x420.jpg 560w, https:\/\/www.insel-moen.de\/wp-content\/uploads\/2019\/06\/bakkelund-bed-and-breakfast-120x90.jpg 120w\" sizes=\"auto, (max-width: 700px) 100vw, 700px\" \/><\/a><\/figure>\n\n\n<h2 class=\"wp-block-heading\">Bed &amp; Breakfast<\/h2>\n\n\n\n<p>M\u00f6n Island er en Bed &amp; Breakfast-\u00f8. Mange sm\u00e5 g\u00e6stehuse, f.eks. i gamle bondehuse, indbyder til en kort ferie.<\/p>\n\n\n\n<div class=\"wp-block-button\"><a class=\"wp-block-button__link wp-element-button\" href=\"https:\/\/www.insel-moen.de\/da\/bed-breakfast-moen-island\/\">Island of Mon Bed &amp; Breakfast<\/a><\/div>\n<\/div>\n\n\n\n<div class=\"wp-block-column is-layout-flow wp-block-column-is-layout-flow\">\n<figure class=\"wp-block-image\"><img loading=\"lazy\" decoding=\"async\" width=\"600\" height=\"382\" src=\"https:\/\/www.insel-moen.de\/wp-content\/uploads\/2019\/06\/klintholm-havn.jpg\" alt=\"\" class=\"wp-image-284\" srcset=\"https:\/\/www.insel-moen.de\/wp-content\/uploads\/2019\/06\/klintholm-havn.jpg 600w, https:\/\/www.insel-moen.de\/wp-content\/uploads\/2019\/06\/klintholm-havn-300x191.jpg 300w, https:\/\/www.insel-moen.de\/wp-content\/uploads\/2019\/06\/klintholm-havn-560x357.jpg 560w, https:\/\/www.insel-moen.de\/wp-content\/uploads\/2019\/06\/klintholm-havn-120x76.jpg 120w\" sizes=\"auto, (max-width: 600px) 100vw, 600px\" \/><\/figure>\n\n\n<h2 class=\"wp-block-heading\">Steder p\u00e5 Mon<\/h2>\n\n\n\n<p>Alle oplysninger om stederne p\u00e5 \u00f8en M\u00f6n med insidertips. Lad dig inspirere.<\/p>\n\n\n\n<div class=\"wp-block-button\"><a class=\"wp-block-button__link wp-element-button\" href=\"https:\/\/www.insel-moen.de\/da\/steder-paa-oeen-moen\/\">Steder p\u00e5 \u00f8en M\u00f6n<\/a><\/div>\n<\/div>\n<\/div>\n\n<div class=\"wp-block-columns has-2-columns is-layout-flex wp-container-core-columns-is-layout-9d6595d7 wp-block-columns-is-layout-flex\">\n<div class=\"wp-block-column is-layout-flow wp-block-column-is-layout-flow\">\n<figure class=\"wp-block-image\"><a href=\"https:\/\/www.insel-moen.de\/da\/ferieboliger-paa-oeen-moen\/\"><img loading=\"lazy\" decoding=\"async\" width=\"600\" height=\"400\" src=\"https:\/\/www.insel-moen.de\/wp-content\/uploads\/2019\/05\/Ferienhaeuser-in-Stege-auf-Moen.jpg\" alt=\"Ferieboliger p&#xE5; Mon\" class=\"wp-image-199\" srcset=\"https:\/\/www.insel-moen.de\/wp-content\/uploads\/2019\/05\/Ferienhaeuser-in-Stege-auf-Moen.jpg 600w, https:\/\/www.insel-moen.de\/wp-content\/uploads\/2019\/05\/Ferienhaeuser-in-Stege-auf-Moen-300x200.jpg 300w, https:\/\/www.insel-moen.de\/wp-content\/uploads\/2019\/05\/Ferienhaeuser-in-Stege-auf-Moen-560x373.jpg 560w, https:\/\/www.insel-moen.de\/wp-content\/uploads\/2019\/05\/Ferienhaeuser-in-Stege-auf-Moen-120x80.jpg 120w\" sizes=\"auto, (max-width: 600px) 100vw, 600px\" \/><\/a><\/figure>\n\n\n<h2 class=\"wp-block-heading\">Ferieboliger<\/h2>\n\n\n\n<p>Der er ca. 250 feriehuse p\u00e5 M\u00f6n. Sammen med Atraveo har vi udvalgt de smukkeste huse.<\/p>\n\n\n\n<div class=\"wp-block-button\"><a class=\"wp-block-button__link wp-element-button\" href=\"https:\/\/www.insel-moen.de\/da\/ferieboliger-paa-oeen-moen\/\">Feriehuse p\u00e5 M\u00f6n Island<\/a><\/div>\n<\/div>\n\n\n\n<div class=\"wp-block-column is-layout-flow wp-block-column-is-layout-flow\">\n<figure class=\"wp-block-image\"><a href=\"https:\/\/www.insel-moen.de\/da\/rejse-til-oeen-moen\/\"><img loading=\"lazy\" decoding=\"async\" width=\"909\" height=\"803\" src=\"https:\/\/www.insel-moen.de\/wp-content\/uploads\/2019\/04\/Anreise-Faehrtermina-Rostock-Gedser.png\" alt=\"\" class=\"wp-image-168\" srcset=\"https:\/\/www.insel-moen.de\/wp-content\/uploads\/2019\/04\/Anreise-Faehrtermina-Rostock-Gedser.png 909w, https:\/\/www.insel-moen.de\/wp-content\/uploads\/2019\/04\/Anreise-Faehrtermina-Rostock-Gedser-300x265.png 300w, https:\/\/www.insel-moen.de\/wp-content\/uploads\/2019\/04\/Anreise-Faehrtermina-Rostock-Gedser-768x678.png 768w, https:\/\/www.insel-moen.de\/wp-content\/uploads\/2019\/04\/Anreise-Faehrtermina-Rostock-Gedser-810x716.png 810w, https:\/\/www.insel-moen.de\/wp-content\/uploads\/2019\/04\/Anreise-Faehrtermina-Rostock-Gedser-560x495.png 560w, https:\/\/www.insel-moen.de\/wp-content\/uploads\/2019\/04\/Anreise-Faehrtermina-Rostock-Gedser-736x650.png 736w, https:\/\/www.insel-moen.de\/wp-content\/uploads\/2019\/04\/Anreise-Faehrtermina-Rostock-Gedser-102x90.png 102w, https:\/\/www.insel-moen.de\/wp-content\/uploads\/2019\/04\/Anreise-Faehrtermina-Rostock-Gedser-600x530.png 600w\" sizes=\"auto, (max-width: 909px) 100vw, 909px\" \/><\/a><\/figure>\n\n\n<h2 class=\"wp-block-heading\">Ankomst<\/h2>\n\n\n\n<p>Det er ret nemt at komme til \u00f8en M\u00f6n. Vi viser dig, hvordan du kommer hurtigt og billigt til \u00f8en.<\/p>\n\n\n\n<div class=\"wp-block-button\"><a class=\"wp-block-button__link wp-element-button\" href=\"https:\/\/www.insel-moen.de\/anreise\/\">Ankomst til Mon Island<\/a><\/div>\n<\/div>\n<\/div>\n\n<div class=\"wp-block-columns has-2-columns is-layout-flex wp-container-core-columns-is-layout-9d6595d7 wp-block-columns-is-layout-flex\">\n<div class=\"wp-block-column is-layout-flow wp-block-column-is-layout-flow\">\n<figure class=\"wp-block-image\"><img decoding=\"async\" src=\"https:\/\/www.insel-moen.de\/wp-content\/uploads\/2019\/03\/M&#xF8;ns-Klint_32411-1024x683.jpg\" alt=\"\" class=\"wp-image-40\"\/><\/figure>\n\n\n<h2 class=\"wp-block-heading\">Kridtklipper p\u00e5 M\u00f6n<\/h2>\n\n\n\n<p>Kridtklipperne p\u00e5 M\u00f6n er en verdenssensation. De er h\u00f8jere end p\u00e5 R\u00fcgen og er \u00f8ens vartegn.<\/p>\n\n\n\n<div class=\"wp-block-button\"><a class=\"wp-block-button__link wp-element-button\" href=\"https:\/\/www.insel-moen.de\/da\/moens-geologi\/\">Kridtklipperne p\u00e5 M\u00f6n<\/a><\/div>\n<\/div>\n\n\n\n<div class=\"wp-block-column is-layout-flow wp-block-column-is-layout-flow\"><\/div>\n<\/div>\n\n<h2 class=\"wp-block-heading\">M\u00f6n Island Compact<\/h2>\n\n<p><br\/>\n\u00d8en M\u00f8n i den danske \u00d8sters\u00f8 er det ideelle sted for en vellykket familieferie med frodige naturlandskaber og familievenlig indkvartering. Variation og afslapning er i balance p\u00e5 M\u00f8n.<\/p>\n\n<p><strong>De tre bedste m\u00e5der at komme til M\u00f8n p\u00e5<\/strong><\/p>\n\n<ul class=\"wp-block-list\">\n<li>Mulighed 1: K\u00f8r til Puttgarden; fra Puttgarden tag bilf\u00e6rgen til R\u00f8dby (Lolland); fra R\u00f8dby yderligere 1 time i bil (der er broer til M\u00f8n).<\/li>\n\n\n\n<li>Mulighed 2: Fra Rostock tager du f\u00e6rgen til Gedser, Falster Island, og fra Gedser tager du yderligere 1 time til M\u00f8n.<\/li>\n\n\n\n<li>Mulighed 3: Med tog til Vordingborg, derfra med bus til Stege.<\/li>\n<\/ul>\n\n<h2 class=\"wp-block-heading\">Bor p\u00e5 M\u00f8n<\/h2>\n\n<p>Campingferie lover et pust af frihed og eventyr. Der er 6 campingpladser p\u00e5 M\u00f8n, alle n\u00e6r stranden: Ulvshale Camping i Stege, Camping VestM\u00f8n n\u00e6r Askeby\/Harb\u00f6lle, Camping M\u00f8nbroen n\u00e6r Stege, Camping M\u00f8ns Klint (n\u00e6r kalkstensklipperne), Keldby Camping og Stege Camping.<\/p>\n\n<p><strong>Hoteller<\/strong><br\/>  P\u00e5 M\u00f8n holder familierne ferie i ferielejligheder eller feriehuse. Der er dog et lille antal mindre hoteller og kroer med masser af flair, f.eks. Hotel M\u00f8n. To pensionater lover \u00f8-agtigt liv, Pension Elmehoj<a href=\"https:\/\/www.booking.com\/searchresults.en.html?region=3861&amp;aid=2199813&amp;no_rooms=1&amp;group_adults=2\">(www.elmehoj.dk<\/a>) og Pension Bakkegarden<a href=\"https:\/\/www.booking.com\/searchresults.en.html?region=3861&amp;aid=2199813&amp;no_rooms=1&amp;group_adults=2\">(www.bakkegaarden64.dk<\/a>).<\/p>\n\n<p><strong>Ferieboliger<\/strong><br\/>  Et stort udvalg af feriehuse, de fleste i n\u00e6rheden af stranden, tilbyder familier behagelig komfort. Der findes ferielejligheder over hele \u00f8en.<\/p>\n\n<div class=\"wp-block-buttons is-layout-flex wp-block-buttons-is-layout-flex\">\n<div class=\"wp-block-button\"><a class=\"wp-block-button__link wp-element-button\" href=\"https:\/\/www.insel-moen.de\/da\/ferieboliger-paa-oeen-moen\/\">Se gratis FErienh\u00e4user p\u00e5 M\u00f6n<\/a><\/div>\n<\/div>\n\n<h2 class=\"wp-block-heading\">Sev\u00e6rdigheder p\u00e5 \u00f8en M\u00f8n<\/h2>\n\n<p><strong>Clint<\/strong><br\/>\nDu finder imponerende naturlandskaber overalt p\u00e5 M\u00f8n. Et naturskue i s\u00e6rklasse, som M\u00f8n er ber\u00f8mt for, er den 130 meter h\u00f8je klippe med sine snehvide kridtklinter (M\u00f6ns Klint) i den popul\u00e6re \u00f8stlige del af \u00f8en. Bag klippen begynder Klintenwald skoven med nummererede og velbeskrevne vandrestier, hvor du kan opleve mange ting.<\/p>\n\n<p><strong>Fyrt\u00e5rnet<\/strong><br\/>\nEn tur til M\u00f8ns fyrt\u00e5rn for enden af klippen, hvis ild stadig kan ses p\u00e5 \u00f8en R\u00fcgen ca. 60 km v\u00e6k p\u00e5 en klar dag, er v\u00e6rd at tage til M\u00f8ns fyrt\u00e5rn.<\/p>\n\n<p><strong>Museer<\/strong><br\/>\nMuseer fors\u00f8der en dag med d\u00e5rligt vejr. Ud over kridtsten, stenredskaber og oldtidsgenstande har M\u00f8n Museum ogs\u00e5 midlertidige temaudstillinger. Et lille teatermuseum i Westm\u00f8n med en unik sceneudstilling byder p\u00e5 kulturel atmosf\u00e6re.<\/p>\n\n<p>Der kan findes v\u00e6rdifulde yderligere oplysninger om \u00f8en ved siden af dette resum\u00e9 her p\u00e5 vores websted<\/p>\n","protected":false},"excerpt":{"rendered":"<p>\u00d8en M\u00f8n ligger i den danske \u00d8sters\u00f8, umiddelbart ved siden af Falster, og har omkring 10.000 indbyggere. P\u00e5 grund af sin beliggenhed i \u00d8sters\u00f8en har \u00f8en et afbalanceret klima og er velegnet til folk, der \u00f8nsker at undslippe den store sommervarme i Tyskland. Book din f\u00e6rgebillet til M\u00f6n nu Sikr dig din dr\u00f8mmeferie nu, og [&hellip;]<\/p>\n","protected":false},"author":3,"featured_media":7699,"parent":0,"menu_order":0,"comment_status":"closed","ping_status":"closed","template":"templates\/template-full-width.php","meta":{"footnotes":""},"class_list":["post-862","page","type-page","status-publish","has-post-thumbnail","hentry"],"yoast_head":"<!-- This site is optimized with the Yoast SEO plugin v24.5 - https:\/\/yoast.com\/wordpress\/plugins\/seo\/ -->\n<title>M\u00f8n Island Danmark - sommerhuse, hoteller, camping og insider tips<\/title>\n<meta name=\"description\" content=\"Danmark i miniature - \u00d8en M\u00f8n har det hele - azurbl\u00e5t vand - klipper, skove og gode kulinariske tilbud. Mon p\u00e5 cykel, til fods og p\u00e5 vandet.\" \/>\n<meta name=\"robots\" content=\"index, follow, max-snippet:-1, max-image-preview:large, max-video-preview:-1\" \/>\n<link rel=\"canonical\" href=\"https:\/\/www.insel-moen.de\/da\/\" \/>\n<meta property=\"og:locale\" content=\"da_DK\" \/>\n<meta property=\"og:type\" content=\"article\" \/>\n<meta property=\"og:title\" content=\"M\u00f8n Island Danmark - sommerhuse, hoteller, camping og insider tips\" \/>\n<meta property=\"og:description\" content=\"Danmark i miniature - \u00d8en M\u00f8n har det hele - azurbl\u00e5t vand - klipper, skove og gode kulinariske tilbud. Mon p\u00e5 cykel, til fods og p\u00e5 vandet.\" \/>\n<meta property=\"og:url\" content=\"https:\/\/www.insel-moen.de\/da\/\" \/>\n<meta property=\"og:site_name\" content=\"Insel M\u00f6n\" \/>\n<meta property=\"article:modified_time\" content=\"2024-05-16T08:17:21+00:00\" \/>\n<meta property=\"og:image\" content=\"https:\/\/www.insel-moen.de\/wp-content\/uploads\/2024\/05\/kreidefelsen-2024-3_resized.jpeg\" \/>\n\t<meta property=\"og:image:width\" content=\"1920\" \/>\n\t<meta property=\"og:image:height\" content=\"1118\" \/>\n\t<meta property=\"og:image:type\" content=\"image\/jpeg\" \/>\n<meta name=\"twitter:card\" content=\"summary_large_image\" \/>\n<meta name=\"twitter:label1\" content=\"Estimeret l\u00e6setid\" \/>\n\t<meta name=\"twitter:data1\" content=\"4 minutter\" \/>\n<script type=\"application\/ld+json\" class=\"yoast-schema-graph\">{\"@context\":\"https:\/\/schema.org\",\"@graph\":[{\"@type\":\"WebPage\",\"@id\":\"https:\/\/www.insel-moen.de\/da\/\",\"url\":\"https:\/\/www.insel-moen.de\/da\/\",\"name\":\"M\u00f8n Island Danmark - sommerhuse, hoteller, camping og insider tips\",\"isPartOf\":{\"@id\":\"https:\/\/www.insel-moen.de\/da\/#website\"},\"primaryImageOfPage\":{\"@id\":\"https:\/\/www.insel-moen.de\/da\/#primaryimage\"},\"image\":{\"@id\":\"https:\/\/www.insel-moen.de\/da\/#primaryimage\"},\"thumbnailUrl\":\"https:\/\/www.insel-moen.de\/wp-content\/uploads\/2024\/05\/kreidefelsen-2024-3_resized.jpeg\",\"datePublished\":\"2022-08-16T14:00:04+00:00\",\"dateModified\":\"2024-05-16T08:17:21+00:00\",\"description\":\"Danmark i miniature - \u00d8en M\u00f8n har det hele - azurbl\u00e5t vand - klipper, skove og gode kulinariske tilbud. Mon p\u00e5 cykel, til fods og p\u00e5 vandet.\",\"breadcrumb\":{\"@id\":\"https:\/\/www.insel-moen.de\/da\/#breadcrumb\"},\"inLanguage\":\"da-DK\",\"potentialAction\":[{\"@type\":\"ReadAction\",\"target\":[\"https:\/\/www.insel-moen.de\/da\/\"]}]},{\"@type\":\"ImageObject\",\"inLanguage\":\"da-DK\",\"@id\":\"https:\/\/www.insel-moen.de\/da\/#primaryimage\",\"url\":\"https:\/\/www.insel-moen.de\/wp-content\/uploads\/2024\/05\/kreidefelsen-2024-3_resized.jpeg\",\"contentUrl\":\"https:\/\/www.insel-moen.de\/wp-content\/uploads\/2024\/05\/kreidefelsen-2024-3_resized.jpeg\",\"width\":1920,\"height\":1118},{\"@type\":\"BreadcrumbList\",\"@id\":\"https:\/\/www.insel-moen.de\/da\/#breadcrumb\",\"itemListElement\":[{\"@type\":\"ListItem\",\"position\":1,\"name\":\"Startseite\",\"item\":\"https:\/\/www.insel-moen.de\/da\/\"},{\"@type\":\"ListItem\",\"position\":2,\"name\":\"Velkommen til \u00f8en M\u00f8n\"}]},{\"@type\":\"WebSite\",\"@id\":\"https:\/\/www.insel-moen.de\/da\/#website\",\"url\":\"https:\/\/www.insel-moen.de\/da\/\",\"name\":\"Insel M\u00f6n\",\"description\":\"INSEL M\u00d6N - Urlaub in der D\u00e4nischen S\u00fcdsee\",\"publisher\":{\"@id\":\"https:\/\/www.insel-moen.de\/da\/#organization\"},\"potentialAction\":[{\"@type\":\"SearchAction\",\"target\":{\"@type\":\"EntryPoint\",\"urlTemplate\":\"https:\/\/www.insel-moen.de\/da\/?s={search_term_string}\"},\"query-input\":{\"@type\":\"PropertyValueSpecification\",\"valueRequired\":true,\"valueName\":\"search_term_string\"}}],\"inLanguage\":\"da-DK\"},{\"@type\":\"Organization\",\"@id\":\"https:\/\/www.insel-moen.de\/da\/#organization\",\"name\":\"www.insel-moen.de\",\"url\":\"https:\/\/www.insel-moen.de\/da\/\",\"logo\":{\"@type\":\"ImageObject\",\"inLanguage\":\"da-DK\",\"@id\":\"https:\/\/www.insel-moen.de\/da\/#\/schema\/logo\/image\/\",\"url\":\"https:\/\/www.insel-moen.de\/wp-content\/uploads\/2023\/08\/cropped-daenemark-logo-neu-klein.png\",\"contentUrl\":\"https:\/\/www.insel-moen.de\/wp-content\/uploads\/2023\/08\/cropped-daenemark-logo-neu-klein.png\",\"width\":100,\"height\":101,\"caption\":\"www.insel-moen.de\"},\"image\":{\"@id\":\"https:\/\/www.insel-moen.de\/da\/#\/schema\/logo\/image\/\"}}]}<\/script>\n<!-- \/ Yoast SEO plugin. -->","yoast_head_json":{"title":"M\u00f8n Island Danmark - sommerhuse, hoteller, camping og insider tips","description":"Danmark i miniature - \u00d8en M\u00f8n har det hele - azurbl\u00e5t vand - klipper, skove og gode kulinariske tilbud. Mon p\u00e5 cykel, til fods og p\u00e5 vandet.","robots":{"index":"index","follow":"follow","max-snippet":"max-snippet:-1","max-image-preview":"max-image-preview:large","max-video-preview":"max-video-preview:-1"},"canonical":"https:\/\/www.insel-moen.de\/da\/","og_locale":"da_DK","og_type":"article","og_title":"M\u00f8n Island Danmark - sommerhuse, hoteller, camping og insider tips","og_description":"Danmark i miniature - \u00d8en M\u00f8n har det hele - azurbl\u00e5t vand - klipper, skove og gode kulinariske tilbud. Mon p\u00e5 cykel, til fods og p\u00e5 vandet.","og_url":"https:\/\/www.insel-moen.de\/da\/","og_site_name":"Insel M\u00f6n","article_modified_time":"2024-05-16T08:17:21+00:00","og_image":[{"width":1920,"height":1118,"url":"https:\/\/www.insel-moen.de\/wp-content\/uploads\/2024\/05\/kreidefelsen-2024-3_resized.jpeg","type":"image\/jpeg"}],"twitter_card":"summary_large_image","twitter_misc":{"Estimeret l\u00e6setid":"4 minutter"},"schema":{"@context":"https:\/\/schema.org","@graph":[{"@type":"WebPage","@id":"https:\/\/www.insel-moen.de\/da\/","url":"https:\/\/www.insel-moen.de\/da\/","name":"M\u00f8n Island Danmark - sommerhuse, hoteller, camping og insider tips","isPartOf":{"@id":"https:\/\/www.insel-moen.de\/da\/#website"},"primaryImageOfPage":{"@id":"https:\/\/www.insel-moen.de\/da\/#primaryimage"},"image":{"@id":"https:\/\/www.insel-moen.de\/da\/#primaryimage"},"thumbnailUrl":"https:\/\/www.insel-moen.de\/wp-content\/uploads\/2024\/05\/kreidefelsen-2024-3_resized.jpeg","datePublished":"2022-08-16T14:00:04+00:00","dateModified":"2024-05-16T08:17:21+00:00","description":"Danmark i miniature - \u00d8en M\u00f8n har det hele - azurbl\u00e5t vand - klipper, skove og gode kulinariske tilbud. Mon p\u00e5 cykel, til fods og p\u00e5 vandet.","breadcrumb":{"@id":"https:\/\/www.insel-moen.de\/da\/#breadcrumb"},"inLanguage":"da-DK","potentialAction":[{"@type":"ReadAction","target":["https:\/\/www.insel-moen.de\/da\/"]}]},{"@type":"ImageObject","inLanguage":"da-DK","@id":"https:\/\/www.insel-moen.de\/da\/#primaryimage","url":"https:\/\/www.insel-moen.de\/wp-content\/uploads\/2024\/05\/kreidefelsen-2024-3_resized.jpeg","contentUrl":"https:\/\/www.insel-moen.de\/wp-content\/uploads\/2024\/05\/kreidefelsen-2024-3_resized.jpeg","width":1920,"height":1118},{"@type":"BreadcrumbList","@id":"https:\/\/www.insel-moen.de\/da\/#breadcrumb","itemListElement":[{"@type":"ListItem","position":1,"name":"Startseite","item":"https:\/\/www.insel-moen.de\/da\/"},{"@type":"ListItem","position":2,"name":"Velkommen til \u00f8en M\u00f8n"}]},{"@type":"WebSite","@id":"https:\/\/www.insel-moen.de\/da\/#website","url":"https:\/\/www.insel-moen.de\/da\/","name":"Insel M\u00f6n","description":"INSEL M\u00d6N - Urlaub in der D\u00e4nischen S\u00fcdsee","publisher":{"@id":"https:\/\/www.insel-moen.de\/da\/#organization"},"potentialAction":[{"@type":"SearchAction","target":{"@type":"EntryPoint","urlTemplate":"https:\/\/www.insel-moen.de\/da\/?s={search_term_string}"},"query-input":{"@type":"PropertyValueSpecification","valueRequired":true,"valueName":"search_term_string"}}],"inLanguage":"da-DK"},{"@type":"Organization","@id":"https:\/\/www.insel-moen.de\/da\/#organization","name":"www.insel-moen.de","url":"https:\/\/www.insel-moen.de\/da\/","logo":{"@type":"ImageObject","inLanguage":"da-DK","@id":"https:\/\/www.insel-moen.de\/da\/#\/schema\/logo\/image\/","url":"https:\/\/www.insel-moen.de\/wp-content\/uploads\/2023\/08\/cropped-daenemark-logo-neu-klein.png","contentUrl":"https:\/\/www.insel-moen.de\/wp-content\/uploads\/2023\/08\/cropped-daenemark-logo-neu-klein.png","width":100,"height":101,"caption":"www.insel-moen.de"},"image":{"@id":"https:\/\/www.insel-moen.de\/da\/#\/schema\/logo\/image\/"}}]}},"_links":{"self":[{"href":"https:\/\/www.insel-moen.de\/da\/wp-json\/wp\/v2\/pages\/862","targetHints":{"allow":["GET"]}}],"collection":[{"href":"https:\/\/www.insel-moen.de\/da\/wp-json\/wp\/v2\/pages"}],"about":[{"href":"https:\/\/www.insel-moen.de\/da\/wp-json\/wp\/v2\/types\/page"}],"author":[{"embeddable":true,"href":"https:\/\/www.insel-moen.de\/da\/wp-json\/wp\/v2\/users\/3"}],"replies":[{"embeddable":true,"href":"https:\/\/www.insel-moen.de\/da\/wp-json\/wp\/v2\/comments?post=862"}],"version-history":[{"count":21,"href":"https:\/\/www.insel-moen.de\/da\/wp-json\/wp\/v2\/pages\/862\/revisions"}],"predecessor-version":[{"id":8342,"href":"https:\/\/www.insel-moen.de\/da\/wp-json\/wp\/v2\/pages\/862\/revisions\/8342"}],"wp:featuredmedia":[{"embeddable":true,"href":"https:\/\/www.insel-moen.de\/da\/wp-json\/wp\/v2\/media\/7699"}],"wp:attachment":[{"href":"https:\/\/www.insel-moen.de\/da\/wp-json\/wp\/v2\/media?parent=862"}],"curies":[{"name":"wp","href":"https:\/\/api.w.org\/{rel}","templated":true}]}}