{"id":861,"date":"2022-08-16T14:00:04","date_gmt":"2022-08-16T14:00:04","guid":{"rendered":"https:\/\/www.insel-moen.de\/databeskyttelse\/"},"modified":"2024-03-24T21:31:29","modified_gmt":"2024-03-24T21:31:29","slug":"databeskyttelse","status":"publish","type":"page","link":"https:\/\/www.insel-moen.de\/da\/databeskyttelse\/","title":{"rendered":"Databeskyttelse"},"content":{"rendered":"\n<h2 class=\"wp-block-heading\">Hvem vi er<\/h2>\n\n<p><em>Adressen p\u00e5 vores websted er: https:\/\/www.insel-moen.de.<\/em><\/p>\n\n<h2 class=\"wp-block-heading\">Hvilke personoplysninger vi indsamler<\/h2>\n\n<p><strong>Kommentarer<\/strong><\/p>\n\n<p><em>N\u00e5r bes\u00f8gende skriver kommentarer p\u00e5 webstedet, indsamler vi de data, der vises i kommentarformularen, samt den bes\u00f8gendes IP-adresse og brugeragentstreng (som identificerer browseren) for at hj\u00e6lpe med at opdage spam.<\/em><\/p>\n\n<p><em>En anonymiseret streng (ogs\u00e5 kaldet en hash) kan oprettes ud fra din e-mailadresse og sendes til Gravatar-tjenesten for at kontrollere, om du bruger den. Gravatar-tjenestens fortrolighedspolitik kan findes her: https:\/\/automattic.com\/privacy\/. N\u00e5r din kommentar er blevet godkendt, vil dit profilbillede v\u00e6re offentligt synligt i forbindelse med din kommentar.<\/em><\/p>\n\n<p><strong>Cookies<\/strong><\/p>\n\n<p>N\u00e5r du skriver en kommentar p\u00e5 vores websted, kan det v\u00e6re et samtykke til at gemme dit navn, din e-mailadresse og dit websted i cookies. Dette er en praktisk funktion, s\u00e5 du ikke beh\u00f8ver at indtaste alle disse data igen, n\u00e5r du skriver en ny kommentar. Disse cookies gemmes i et \u00e5r.<\/p>\n\n<p>Hvis du har en konto og logger ind p\u00e5 dette websted, vil vi s\u00e6tte en midlertidig cookie for at fastsl\u00e5, om din browser accepterer cookies. Denne cookie indeholder ingen personlige data og slettes, n\u00e5r du lukker din browser.<\/p>\n\n<p>N\u00e5r du tilmelder dig, opretter vi nogle cookies for at gemme dine loginoplysninger og visningsmuligheder. Login-cookies udl\u00f8ber efter to dage og cookies til visningsmuligheder efter et \u00e5r. Hvis du v\u00e6lger &#8220;Bliv logget ind&#8221;, n\u00e5r du registrerer dig, vil din registrering blive opretholdt i to uger. N\u00e5r du logger ud af din konto, slettes login-cookies.<\/p>\n\n<p>N\u00e5r du redigerer eller udgiver en artikel, gemmes der en ekstra cookie i din browser. Denne cookie indeholder ingen personlige data og henviser kun til post ID&#8217;et for den artikel, du lige har redigeret. Cookien udl\u00f8ber efter en dag.<\/p>\n\n<p><strong>Indlejret indhold fra andre websteder<\/strong><\/p>\n\n<p>Indl\u00e6g p\u00e5 dette websted kan indeholde indlejret indhold (f.eks. videoer, billeder, artikler osv.). Indlejret indhold fra andre websteder opf\u00f8rer sig n\u00f8jagtigt som om den bes\u00f8gende havde bes\u00f8gt det andet websted.<\/p>\n\n<p>Disse websteder kan indsamle oplysninger om dig, bruge cookies, indlejre yderligere sporingstjenester fra tredjeparter og registrere din interaktion med dette indlejrede indhold, herunder din interaktion med det indlejrede indhold, hvis du har en konto og er logget ind p\u00e5 dette websted.<\/p>\n\n<p><strong>Hvem vi deler dine data med<\/strong><\/p>\n\n<p>Googe Analytics<\/p>\n\n<p>Vi bruger Google Analytics til at evaluere bes\u00f8gstal og dermed forbedre vores websted. Google Analytics gemmer ikke IP-adresse, e-mailadresse eller andre personlige data.<\/p>\n\n<a href=\"javascript:gaoo_handle_optout();\" id=\"gaoo-link\" class=\"gaoo-link-deactivate\">Verbiete Google Analytics, mich zu verfolgen<\/a>\n\n<p> <\/p>\n\n<p>Askiment<\/p>\n\n<p>  Vi indsamler oplysninger om bes\u00f8gende, der efterlader kommentarer p\u00e5 hjemmesider, der bruger vores Akismet Anti-Spam Service. M\u00e6ngden af oplysninger, vi indsamler, afh\u00e6nger af, hvordan brugeren har konfigureret sit websted. Disse data omfatter normalt brugerens IP-adresse, brugeragenten, henviseren og webstedets URL (samt de oplysninger, som brugeren har indtastet direkte, s\u00e5som navn, brugernavn, e-mailadresse og selve kommentaren).  <\/p>\n\n<p><strong>Meddelelse om databeskyttelse for Microsoft Clarity<\/strong><\/p>\n\n<p>P\u00e5 denne hjemmeside bruger vi Microsoft Clarity, en webanalysetjeneste fra Microsoft Corporation (&#8220;Microsoft&#8221;). Microsoft Clarity g\u00f8r det muligt for os at forst\u00e5 brugernes adf\u00e6rd p\u00e5 vores hjemmeside ved at indsamle anonymiserede data om musebev\u00e6gelser, klik og scrolleadf\u00e6rd. Disse oplysninger hj\u00e6lper os med at forbedre brugeroplevelsen p\u00e5 vores hjemmeside, for eksempel ved at identificere, hvilket indhold der er af s\u00e6rlig interesse for vores bes\u00f8gende, og hvordan vi kan optimere navigationen og tilg\u00e6ngeligheden af vores sider.<\/p>\n\n<p>Microsoft Clarity bruger cookies og andre teknologier til at indsamle data om adf\u00e6rden hos bes\u00f8gende p\u00e5 vores hjemmeside. Disse data indsamles og gemmes dog anonymt, s\u00e5 der ikke kan drages konklusioner om individuelle brugere.<\/p>\n\n<p>Brugen af Microsoft Clarity er af interesse for den l\u00f8bende forbedring af vores hjemmeside og er derfor i vores legitime interesse i overensstemmelse med artikel 6, stk. 1, litra f, i GDPR. 1 liter. f GDPR.<\/p>\n\n<p>For mere information om databeskyttelse hos Microsoft Clarity, se venligst Microsofts privatlivspolitik: <a href=\"https:\/\/privacy.microsoft.com\/de-de\/privacystatement\">https:\/\/privacy.microsoft.com\/de-de\/privacystatement<\/a>.<\/p>\n\n<p>Hvis du ikke \u00f8nsker, at Microsoft Clarity skal analysere din brug af vores hjemmeside, kan du til enhver tid deaktivere cookies i dine browserindstillinger eller tilbagekalde dit samtykke til brugen af cookies p\u00e5 vores hjemmeside. Bem\u00e6rk venligst, at dette kan forringe hjemmesidens funktionalitet.<\/p>\n\n<p><strong>Hvor l\u00e6nge vi opbevarer dataene<\/strong><\/p>\n\n<p>Hvis du skriver en kommentar, gemmes den inklusive metadata i en ubegr\u00e6nset periode. P\u00e5 denne m\u00e5de kan vi automatisk registrere og godkende opf\u00f8lgende kommentarer i stedet for at holde dem i en k\u00f8 til moderering.<\/p>\n\n<p>For brugere, der registrerer sig p\u00e5 vores websted, gemmer vi desuden de personlige oplysninger, som de opgiver i deres brugerprofiler. Alle brugere kan til enhver tid se, \u00e6ndre eller slette deres personlige oplysninger (brugernavnet kan ikke \u00e6ndres). Administratorer af webstedet kan ogs\u00e5 se og \u00e6ndre disse oplysninger.<\/p>\n\n<h2 class=\"wp-block-heading\"><strong>Hvilke rettigheder du har til dine data<\/strong><\/h2>\n\n<p><em>Hvis du har en konto p\u00e5 dette websted eller har skrevet kommentarer, kan du anmode om at f\u00e5 dine personlige oplysninger eksporteret fra os, herunder alle de oplysninger, du har givet os. Du kan desuden anmode om at f\u00e5 slettet alle de personlige oplysninger, som vi har gemt om dig. Dette omfatter ikke data, som vi er forpligtet til at opbevare p\u00e5 grund af administrative, juridiske eller sikkerhedsm\u00e6ssige behov.<\/em><\/p>\n\n<p><\/p>\n","protected":false},"excerpt":{"rendered":"<p>Hvem vi er Adressen p\u00e5 vores websted er: https:\/\/www.insel-moen.de. Hvilke personoplysninger vi indsamler Kommentarer N\u00e5r bes\u00f8gende skriver kommentarer p\u00e5 webstedet, indsamler vi de data, der vises i kommentarformularen, samt den bes\u00f8gendes IP-adresse og brugeragentstreng (som identificerer browseren) for at hj\u00e6lpe med at opdage spam. En anonymiseret streng (ogs\u00e5 kaldet en hash) kan oprettes ud fra [&hellip;]<\/p>\n","protected":false},"author":3,"featured_media":0,"parent":0,"menu_order":0,"comment_status":"closed","ping_status":"closed","template":"","meta":{"footnotes":""},"class_list":["post-861","page","type-page","status-publish","hentry"],"yoast_head":"<!-- This site is optimized with the Yoast SEO plugin v24.5 - https:\/\/yoast.com\/wordpress\/plugins\/seo\/ -->\n<title>Databeskyttelse - Insel M\u00f6n<\/title>\n<meta name=\"robots\" content=\"index, follow, max-snippet:-1, max-image-preview:large, max-video-preview:-1\" \/>\n<link rel=\"canonical\" href=\"https:\/\/www.insel-moen.de\/da\/databeskyttelse\/\" \/>\n<meta property=\"og:locale\" content=\"da_DK\" \/>\n<meta property=\"og:type\" content=\"article\" \/>\n<meta property=\"og:title\" content=\"Databeskyttelse - Insel M\u00f6n\" \/>\n<meta property=\"og:description\" content=\"Hvem vi er Adressen p\u00e5 vores websted er: https:\/\/www.insel-moen.de. Hvilke personoplysninger vi indsamler Kommentarer N\u00e5r bes\u00f8gende skriver kommentarer p\u00e5 webstedet, indsamler vi de data, der vises i kommentarformularen, samt den bes\u00f8gendes IP-adresse og brugeragentstreng (som identificerer browseren) for at hj\u00e6lpe med at opdage spam. En anonymiseret streng (ogs\u00e5 kaldet en hash) kan oprettes ud fra [&hellip;]\" \/>\n<meta property=\"og:url\" content=\"https:\/\/www.insel-moen.de\/da\/databeskyttelse\/\" \/>\n<meta property=\"og:site_name\" content=\"Insel M\u00f6n\" \/>\n<meta property=\"article:modified_time\" content=\"2024-03-24T21:31:29+00:00\" \/>\n<meta name=\"twitter:card\" content=\"summary_large_image\" \/>\n<meta name=\"twitter:label1\" content=\"Estimeret l\u00e6setid\" \/>\n\t<meta name=\"twitter:data1\" content=\"4 minutter\" \/>\n<script type=\"application\/ld+json\" class=\"yoast-schema-graph\">{\"@context\":\"https:\/\/schema.org\",\"@graph\":[{\"@type\":\"WebPage\",\"@id\":\"https:\/\/www.insel-moen.de\/da\/databeskyttelse\/\",\"url\":\"https:\/\/www.insel-moen.de\/da\/databeskyttelse\/\",\"name\":\"Databeskyttelse - Insel M\u00f6n\",\"isPartOf\":{\"@id\":\"https:\/\/www.insel-moen.de\/da\/#website\"},\"datePublished\":\"2022-08-16T14:00:04+00:00\",\"dateModified\":\"2024-03-24T21:31:29+00:00\",\"breadcrumb\":{\"@id\":\"https:\/\/www.insel-moen.de\/da\/databeskyttelse\/#breadcrumb\"},\"inLanguage\":\"da-DK\",\"potentialAction\":[{\"@type\":\"ReadAction\",\"target\":[\"https:\/\/www.insel-moen.de\/da\/databeskyttelse\/\"]}]},{\"@type\":\"BreadcrumbList\",\"@id\":\"https:\/\/www.insel-moen.de\/da\/databeskyttelse\/#breadcrumb\",\"itemListElement\":[{\"@type\":\"ListItem\",\"position\":1,\"name\":\"Startseite\",\"item\":\"https:\/\/www.insel-moen.de\/da\/\"},{\"@type\":\"ListItem\",\"position\":2,\"name\":\"Databeskyttelse\"}]},{\"@type\":\"WebSite\",\"@id\":\"https:\/\/www.insel-moen.de\/da\/#website\",\"url\":\"https:\/\/www.insel-moen.de\/da\/\",\"name\":\"Insel M\u00f6n\",\"description\":\"INSEL M\u00d6N - Urlaub in der D\u00e4nischen S\u00fcdsee\",\"publisher\":{\"@id\":\"https:\/\/www.insel-moen.de\/da\/#organization\"},\"potentialAction\":[{\"@type\":\"SearchAction\",\"target\":{\"@type\":\"EntryPoint\",\"urlTemplate\":\"https:\/\/www.insel-moen.de\/da\/?s={search_term_string}\"},\"query-input\":{\"@type\":\"PropertyValueSpecification\",\"valueRequired\":true,\"valueName\":\"search_term_string\"}}],\"inLanguage\":\"da-DK\"},{\"@type\":\"Organization\",\"@id\":\"https:\/\/www.insel-moen.de\/da\/#organization\",\"name\":\"www.insel-moen.de\",\"url\":\"https:\/\/www.insel-moen.de\/da\/\",\"logo\":{\"@type\":\"ImageObject\",\"inLanguage\":\"da-DK\",\"@id\":\"https:\/\/www.insel-moen.de\/da\/#\/schema\/logo\/image\/\",\"url\":\"https:\/\/www.insel-moen.de\/wp-content\/uploads\/2023\/08\/cropped-daenemark-logo-neu-klein.png\",\"contentUrl\":\"https:\/\/www.insel-moen.de\/wp-content\/uploads\/2023\/08\/cropped-daenemark-logo-neu-klein.png\",\"width\":100,\"height\":101,\"caption\":\"www.insel-moen.de\"},\"image\":{\"@id\":\"https:\/\/www.insel-moen.de\/da\/#\/schema\/logo\/image\/\"}}]}<\/script>\n<!-- \/ Yoast SEO plugin. -->","yoast_head_json":{"title":"Databeskyttelse - Insel M\u00f6n","robots":{"index":"index","follow":"follow","max-snippet":"max-snippet:-1","max-image-preview":"max-image-preview:large","max-video-preview":"max-video-preview:-1"},"canonical":"https:\/\/www.insel-moen.de\/da\/databeskyttelse\/","og_locale":"da_DK","og_type":"article","og_title":"Databeskyttelse - Insel M\u00f6n","og_description":"Hvem vi er Adressen p\u00e5 vores websted er: https:\/\/www.insel-moen.de. Hvilke personoplysninger vi indsamler Kommentarer N\u00e5r bes\u00f8gende skriver kommentarer p\u00e5 webstedet, indsamler vi de data, der vises i kommentarformularen, samt den bes\u00f8gendes IP-adresse og brugeragentstreng (som identificerer browseren) for at hj\u00e6lpe med at opdage spam. En anonymiseret streng (ogs\u00e5 kaldet en hash) kan oprettes ud fra [&hellip;]","og_url":"https:\/\/www.insel-moen.de\/da\/databeskyttelse\/","og_site_name":"Insel M\u00f6n","article_modified_time":"2024-03-24T21:31:29+00:00","twitter_card":"summary_large_image","twitter_misc":{"Estimeret l\u00e6setid":"4 minutter"},"schema":{"@context":"https:\/\/schema.org","@graph":[{"@type":"WebPage","@id":"https:\/\/www.insel-moen.de\/da\/databeskyttelse\/","url":"https:\/\/www.insel-moen.de\/da\/databeskyttelse\/","name":"Databeskyttelse - Insel M\u00f6n","isPartOf":{"@id":"https:\/\/www.insel-moen.de\/da\/#website"},"datePublished":"2022-08-16T14:00:04+00:00","dateModified":"2024-03-24T21:31:29+00:00","breadcrumb":{"@id":"https:\/\/www.insel-moen.de\/da\/databeskyttelse\/#breadcrumb"},"inLanguage":"da-DK","potentialAction":[{"@type":"ReadAction","target":["https:\/\/www.insel-moen.de\/da\/databeskyttelse\/"]}]},{"@type":"BreadcrumbList","@id":"https:\/\/www.insel-moen.de\/da\/databeskyttelse\/#breadcrumb","itemListElement":[{"@type":"ListItem","position":1,"name":"Startseite","item":"https:\/\/www.insel-moen.de\/da\/"},{"@type":"ListItem","position":2,"name":"Databeskyttelse"}]},{"@type":"WebSite","@id":"https:\/\/www.insel-moen.de\/da\/#website","url":"https:\/\/www.insel-moen.de\/da\/","name":"Insel M\u00f6n","description":"INSEL M\u00d6N - Urlaub in der D\u00e4nischen S\u00fcdsee","publisher":{"@id":"https:\/\/www.insel-moen.de\/da\/#organization"},"potentialAction":[{"@type":"SearchAction","target":{"@type":"EntryPoint","urlTemplate":"https:\/\/www.insel-moen.de\/da\/?s={search_term_string}"},"query-input":{"@type":"PropertyValueSpecification","valueRequired":true,"valueName":"search_term_string"}}],"inLanguage":"da-DK"},{"@type":"Organization","@id":"https:\/\/www.insel-moen.de\/da\/#organization","name":"www.insel-moen.de","url":"https:\/\/www.insel-moen.de\/da\/","logo":{"@type":"ImageObject","inLanguage":"da-DK","@id":"https:\/\/www.insel-moen.de\/da\/#\/schema\/logo\/image\/","url":"https:\/\/www.insel-moen.de\/wp-content\/uploads\/2023\/08\/cropped-daenemark-logo-neu-klein.png","contentUrl":"https:\/\/www.insel-moen.de\/wp-content\/uploads\/2023\/08\/cropped-daenemark-logo-neu-klein.png","width":100,"height":101,"caption":"www.insel-moen.de"},"image":{"@id":"https:\/\/www.insel-moen.de\/da\/#\/schema\/logo\/image\/"}}]}},"_links":{"self":[{"href":"https:\/\/www.insel-moen.de\/da\/wp-json\/wp\/v2\/pages\/861","targetHints":{"allow":["GET"]}}],"collection":[{"href":"https:\/\/www.insel-moen.de\/da\/wp-json\/wp\/v2\/pages"}],"about":[{"href":"https:\/\/www.insel-moen.de\/da\/wp-json\/wp\/v2\/types\/page"}],"author":[{"embeddable":true,"href":"https:\/\/www.insel-moen.de\/da\/wp-json\/wp\/v2\/users\/3"}],"replies":[{"embeddable":true,"href":"https:\/\/www.insel-moen.de\/da\/wp-json\/wp\/v2\/comments?post=861"}],"version-history":[{"count":2,"href":"https:\/\/www.insel-moen.de\/da\/wp-json\/wp\/v2\/pages\/861\/revisions"}],"predecessor-version":[{"id":7329,"href":"https:\/\/www.insel-moen.de\/da\/wp-json\/wp\/v2\/pages\/861\/revisions\/7329"}],"wp:attachment":[{"href":"https:\/\/www.insel-moen.de\/da\/wp-json\/wp\/v2\/media?parent=861"}],"curies":[{"name":"wp","href":"https:\/\/api.w.org\/{rel}","templated":true}]}}