{"id":859,"date":"2022-08-16T14:00:04","date_gmt":"2022-08-16T14:00:04","guid":{"rendered":"https:\/\/www.insel-moen.de\/aktiviteter-paa-oeen-moen\/kitesurfing-paa-oeen-mon\/"},"modified":"2022-08-16T14:00:04","modified_gmt":"2022-08-16T14:00:04","slug":"kitesurfing-paa-oeen-mon","status":"publish","type":"page","link":"https:\/\/www.insel-moen.de\/da\/aktiviteter-paa-oeen-moen\/kitesurfing-paa-oeen-mon\/","title":{"rendered":"Kitesurfing p\u00e5 \u00f8en Mon"},"content":{"rendered":"<p><img decoding=\"async\" src=\"https:\/\/www.daenemark-reisen.com\/wp-content\/uploads\/2013\/11\/kite-surfen-daenemark-moen-1024x682.jpg\" alt=\"Kitesurfing p\u00e5 M\u00f8n Danmark\" title=\"Kitesurfing p\u00e5 M\u00f8n Danmark\" width=\"510px\" class=\"aligncenter size-large wp-image-900\"><br \/>\n\u00d8en M\u00f8n ligger mellem Sj\u00e6llands sydspids og Falsters \u00f8stspids i den danske del af \u00d8sters\u00f8en og er kendt for sin smukke kridtkyst. Derfor betragtes den ogs\u00e5 som R\u00fcgen&#8217;s s\u00f8ster\u00f8.<\/p>\n<p>Hvis du vil kitte p\u00e5 M\u00f6n, er der n\u00e6sten ingen lovm\u00e6ssige begr\u00e6nsninger. If\u00f8lge turistinformationerne er kitesurfing tilladt p\u00e5 alle kyststr\u00e6kninger i Mon. Kun p\u00e5 den indre s\u00f8 er det ikke tilladt at kitesurfe. Men desv\u00e6rre s\u00e6tter Moder Natur ofte en k\u00e6p i hjulet, for is\u00e6r de smukkeste kystomr\u00e5der er desv\u00e6rre ikke egnede til kiting. Det er de dr\u00f8mmestrande med deres caribiske farver, som g\u00f8r det helt umuligt at kitte p\u00e5 grund af de stejle kridtklipper. Ud over den kedelige sl\u00e6bning er strandene foran klipperne normalt alt for smalle og g\u00f8r kiting til en ret risikabel opgave, is\u00e6r i p\u00e5landsvind.<br \/>\n<!--more--><br \/>\nBortset fra denne lille ulempe er der stadig nogle meget smukke steder til kitesurfing p\u00e5 Mon.<br \/>\nStranden ved Klintholm Havn fortjener en s\u00e6rlig omtale. Klintholm Havn er det mest kendte sted for kitesurfere p\u00e5 M\u00f8n og har en sandstrand, der l\u00f8ber ret lavt ud i vandet og er et godt udgangspunkt for kitesurfere. Du b\u00f8r dog helt sikkert tage en starthj\u00e6lper med dig, da der normalt ikke er nogen p\u00e5 stedet.<\/p>\n<p>Et rigtig godt insidertip er Far\u00f6-d\u00e6mningen, som anses for at v\u00e6re et af de bedste steder med lavt vand. Andre gode strande til kitesurfing er Stege, Oddermose strand dybere i Hjelm-bugten og Camping Vestm\u00f6n, som er let at komme til i bil, men som ikke b\u00f8r n\u00e5s fra kysten.<br \/>\nHvis du ikke \u00f8nsker at kite hver dag, kan du ogs\u00e5 bes\u00f8ge en masse sev\u00e6rdigheder eller blot nyde det vidunderlige syn af kridtklipperne ved solnedgang.<\/p>\n<p>Hvis du vil kitesurfe i Mon, er det ogs\u00e5 meget vigtigt at v\u00e6lge den rigtige \u00e5rstid, s\u00e5 de klimatiske forhold g\u00f8r det overhovedet muligt at kitesurfe.<\/p>\n<p>Vejret p\u00e5 Mon kender ingen ekstremer, da klimaet er bestemt af m\u00f8det mellem \u00d8sters\u00f8en og Nords\u00f8en og Golfstr\u00f8mmen. S\u00e5 det er sj\u00e6ldent ekstremt varmt eller rigtig koldt. De, der kan lide varme temperaturer, b\u00f8r helt sikkert undg\u00e5 Mon i \u00e5rets f\u00f8rste og fjerde kvartal, da temperaturen normalt kun er omkring 4 til 5 grader Celsius. Det er varmest i m\u00e5neden fra juli til september med et gennemsnit p\u00e5 mellem 11 og 22 grader Celsius. Men selv om for\u00e5ret er det let at n\u00e5 op til 19 grader Celsius. Det bedste vejr til kitesurfing i Mon er fra maj til juli. I denne periode kan du forvente omkring 8 timers solskin om dagen, og den gennemsnitlige nedb\u00f8r er den laveste i 11 dage.<\/p>\n<p>Lige s\u00e5 vigtigt som vejret er naturligvis ogs\u00e5 vandtemperaturerne. Her g\u00e6lder det samme princip som for temperaturerne. I tredje kvartal er vandet varmest med op til 16 grader Celsius. Men selv om for\u00e5ret er vandtemperaturen i gennemsnit 14 grader. I begyndelsen og slutningen af \u00e5ret afk\u00f8les vandet betydeligt til omkring 2 grader Celsius.<\/p>\n<p>Det kan is\u00e6r anbefales at bes\u00f8ge Mon i perioden fra slutningen af maj til midten af juni, da det allerede er ret varmt med behagelige vandtemperaturer og lidt nedb\u00f8r. Desuden er det stadig lavs\u00e6son, og strandene er dejligt tomme, men priserne er ogs\u00e5 meget billigere.<br \/>\nAlt i alt m\u00e5 man dog indr\u00f8mme, at M\u00f8n og hele det danske \u00d8sters\u00f8omr\u00e5de byder p\u00e5 f\u00e6rre gode kitespots end Nords\u00f8omr\u00e5det i Danmark. Erfarne kitesurfere foretr\u00e6kker normalt omr\u00e5det omkring Jylland ved Nords\u00f8en, da vindforholdene er mere stabile her. Du kan ogs\u00e5 finde mange strande med perfekte betingelser for kitesurfing, da der er naturligt lavvandede sandstrande med smukke b\u00f8lger.<br \/>\nMen hvis du vil have et overblik over de bedste steder p\u00e5 Mon og i Danmark generelt, b\u00f8r du bes\u00f8ge hjemmesiden <a href=\"http:\/\/www.Kitemekka.net\" rel=\"nofollow\">www.Kitemekka.net<\/a>. Her f\u00e5r du en oversigt over de bedste steder at kite med tilh\u00f8rende vurderinger.<\/p>\n","protected":false},"excerpt":{"rendered":"<p>\u00d8en M\u00f8n ligger mellem Sj\u00e6llands sydspids og Falsters \u00f8stspids i den danske del af \u00d8sters\u00f8en og er kendt for sin smukke kridtkyst. Derfor betragtes den ogs\u00e5 som R\u00fcgen&#8217;s s\u00f8ster\u00f8. Hvis du vil kitte p\u00e5 M\u00f6n, er der n\u00e6sten ingen lovm\u00e6ssige begr\u00e6nsninger. If\u00f8lge turistinformationerne er kitesurfing tilladt p\u00e5 alle kyststr\u00e6kninger i Mon. Kun p\u00e5 den indre [&hellip;]<\/p>\n","protected":false},"author":3,"featured_media":0,"parent":825,"menu_order":0,"comment_status":"closed","ping_status":"closed","template":"","meta":{"footnotes":""},"class_list":["post-859","page","type-page","status-publish","hentry"],"yoast_head":"<!-- This site is optimized with the Yoast SEO plugin v24.5 - https:\/\/yoast.com\/wordpress\/plugins\/seo\/ -->\n<title>Kitesurfing p\u00e5 \u00f8en Mon - Insel M\u00f6n<\/title>\n<meta name=\"robots\" content=\"index, follow, max-snippet:-1, max-image-preview:large, max-video-preview:-1\" \/>\n<link rel=\"canonical\" href=\"https:\/\/www.insel-moen.de\/da\/aktiviteter-paa-oeen-moen\/kitesurfing-paa-oeen-mon\/\" \/>\n<meta property=\"og:locale\" content=\"da_DK\" \/>\n<meta property=\"og:type\" content=\"article\" \/>\n<meta property=\"og:title\" content=\"Kitesurfing p\u00e5 \u00f8en Mon - Insel M\u00f6n\" \/>\n<meta property=\"og:description\" content=\"\u00d8en M\u00f8n ligger mellem Sj\u00e6llands sydspids og Falsters \u00f8stspids i den danske del af \u00d8sters\u00f8en og er kendt for sin smukke kridtkyst. Derfor betragtes den ogs\u00e5 som R\u00fcgen&#8217;s s\u00f8ster\u00f8. Hvis du vil kitte p\u00e5 M\u00f6n, er der n\u00e6sten ingen lovm\u00e6ssige begr\u00e6nsninger. If\u00f8lge turistinformationerne er kitesurfing tilladt p\u00e5 alle kyststr\u00e6kninger i Mon. Kun p\u00e5 den indre [&hellip;]\" \/>\n<meta property=\"og:url\" content=\"https:\/\/www.insel-moen.de\/da\/aktiviteter-paa-oeen-moen\/kitesurfing-paa-oeen-mon\/\" \/>\n<meta property=\"og:site_name\" content=\"Insel M\u00f6n\" \/>\n<meta property=\"og:image\" content=\"https:\/\/www.daenemark-reisen.com\/wp-content\/uploads\/2013\/11\/kite-surfen-daenemark-moen-1024x682.jpg\" \/>\n<meta name=\"twitter:card\" content=\"summary_large_image\" \/>\n<meta name=\"twitter:label1\" content=\"Estimeret l\u00e6setid\" \/>\n\t<meta name=\"twitter:data1\" content=\"3 minutter\" \/>\n<script type=\"application\/ld+json\" class=\"yoast-schema-graph\">{\"@context\":\"https:\/\/schema.org\",\"@graph\":[{\"@type\":\"WebPage\",\"@id\":\"https:\/\/www.insel-moen.de\/da\/aktiviteter-paa-oeen-moen\/kitesurfing-paa-oeen-mon\/\",\"url\":\"https:\/\/www.insel-moen.de\/da\/aktiviteter-paa-oeen-moen\/kitesurfing-paa-oeen-mon\/\",\"name\":\"Kitesurfing p\u00e5 \u00f8en Mon - Insel M\u00f6n\",\"isPartOf\":{\"@id\":\"https:\/\/www.insel-moen.de\/da\/#website\"},\"primaryImageOfPage\":{\"@id\":\"https:\/\/www.insel-moen.de\/da\/aktiviteter-paa-oeen-moen\/kitesurfing-paa-oeen-mon\/#primaryimage\"},\"image\":{\"@id\":\"https:\/\/www.insel-moen.de\/da\/aktiviteter-paa-oeen-moen\/kitesurfing-paa-oeen-mon\/#primaryimage\"},\"thumbnailUrl\":\"https:\/\/www.daenemark-reisen.com\/wp-content\/uploads\/2013\/11\/kite-surfen-daenemark-moen-1024x682.jpg\",\"datePublished\":\"2022-08-16T14:00:04+00:00\",\"breadcrumb\":{\"@id\":\"https:\/\/www.insel-moen.de\/da\/aktiviteter-paa-oeen-moen\/kitesurfing-paa-oeen-mon\/#breadcrumb\"},\"inLanguage\":\"da-DK\",\"potentialAction\":[{\"@type\":\"ReadAction\",\"target\":[\"https:\/\/www.insel-moen.de\/da\/aktiviteter-paa-oeen-moen\/kitesurfing-paa-oeen-mon\/\"]}]},{\"@type\":\"ImageObject\",\"inLanguage\":\"da-DK\",\"@id\":\"https:\/\/www.insel-moen.de\/da\/aktiviteter-paa-oeen-moen\/kitesurfing-paa-oeen-mon\/#primaryimage\",\"url\":\"https:\/\/www.daenemark-reisen.com\/wp-content\/uploads\/2013\/11\/kite-surfen-daenemark-moen-1024x682.jpg\",\"contentUrl\":\"https:\/\/www.daenemark-reisen.com\/wp-content\/uploads\/2013\/11\/kite-surfen-daenemark-moen-1024x682.jpg\"},{\"@type\":\"BreadcrumbList\",\"@id\":\"https:\/\/www.insel-moen.de\/da\/aktiviteter-paa-oeen-moen\/kitesurfing-paa-oeen-mon\/#breadcrumb\",\"itemListElement\":[{\"@type\":\"ListItem\",\"position\":1,\"name\":\"Startseite\",\"item\":\"https:\/\/www.insel-moen.de\/da\/\"},{\"@type\":\"ListItem\",\"position\":2,\"name\":\"Sev\u00e6rdigheder og aktiviteter p\u00e5 M\u00f8n\",\"item\":\"https:\/\/www.insel-moen.de\/da\/aktiviteter-paa-oeen-moen\/\"},{\"@type\":\"ListItem\",\"position\":3,\"name\":\"Kitesurfing p\u00e5 \u00f8en Mon\"}]},{\"@type\":\"WebSite\",\"@id\":\"https:\/\/www.insel-moen.de\/da\/#website\",\"url\":\"https:\/\/www.insel-moen.de\/da\/\",\"name\":\"Insel M\u00f6n\",\"description\":\"INSEL M\u00d6N - Urlaub in der D\u00e4nischen S\u00fcdsee\",\"publisher\":{\"@id\":\"https:\/\/www.insel-moen.de\/da\/#organization\"},\"potentialAction\":[{\"@type\":\"SearchAction\",\"target\":{\"@type\":\"EntryPoint\",\"urlTemplate\":\"https:\/\/www.insel-moen.de\/da\/?s={search_term_string}\"},\"query-input\":{\"@type\":\"PropertyValueSpecification\",\"valueRequired\":true,\"valueName\":\"search_term_string\"}}],\"inLanguage\":\"da-DK\"},{\"@type\":\"Organization\",\"@id\":\"https:\/\/www.insel-moen.de\/da\/#organization\",\"name\":\"www.insel-moen.de\",\"url\":\"https:\/\/www.insel-moen.de\/da\/\",\"logo\":{\"@type\":\"ImageObject\",\"inLanguage\":\"da-DK\",\"@id\":\"https:\/\/www.insel-moen.de\/da\/#\/schema\/logo\/image\/\",\"url\":\"https:\/\/www.insel-moen.de\/wp-content\/uploads\/2023\/08\/cropped-daenemark-logo-neu-klein.png\",\"contentUrl\":\"https:\/\/www.insel-moen.de\/wp-content\/uploads\/2023\/08\/cropped-daenemark-logo-neu-klein.png\",\"width\":100,\"height\":101,\"caption\":\"www.insel-moen.de\"},\"image\":{\"@id\":\"https:\/\/www.insel-moen.de\/da\/#\/schema\/logo\/image\/\"}}]}<\/script>\n<!-- \/ Yoast SEO plugin. -->","yoast_head_json":{"title":"Kitesurfing p\u00e5 \u00f8en Mon - Insel M\u00f6n","robots":{"index":"index","follow":"follow","max-snippet":"max-snippet:-1","max-image-preview":"max-image-preview:large","max-video-preview":"max-video-preview:-1"},"canonical":"https:\/\/www.insel-moen.de\/da\/aktiviteter-paa-oeen-moen\/kitesurfing-paa-oeen-mon\/","og_locale":"da_DK","og_type":"article","og_title":"Kitesurfing p\u00e5 \u00f8en Mon - Insel M\u00f6n","og_description":"\u00d8en M\u00f8n ligger mellem Sj\u00e6llands sydspids og Falsters \u00f8stspids i den danske del af \u00d8sters\u00f8en og er kendt for sin smukke kridtkyst. Derfor betragtes den ogs\u00e5 som R\u00fcgen&#8217;s s\u00f8ster\u00f8. Hvis du vil kitte p\u00e5 M\u00f6n, er der n\u00e6sten ingen lovm\u00e6ssige begr\u00e6nsninger. If\u00f8lge turistinformationerne er kitesurfing tilladt p\u00e5 alle kyststr\u00e6kninger i Mon. Kun p\u00e5 den indre [&hellip;]","og_url":"https:\/\/www.insel-moen.de\/da\/aktiviteter-paa-oeen-moen\/kitesurfing-paa-oeen-mon\/","og_site_name":"Insel M\u00f6n","og_image":[{"url":"https:\/\/www.daenemark-reisen.com\/wp-content\/uploads\/2013\/11\/kite-surfen-daenemark-moen-1024x682.jpg","type":"","width":"","height":""}],"twitter_card":"summary_large_image","twitter_misc":{"Estimeret l\u00e6setid":"3 minutter"},"schema":{"@context":"https:\/\/schema.org","@graph":[{"@type":"WebPage","@id":"https:\/\/www.insel-moen.de\/da\/aktiviteter-paa-oeen-moen\/kitesurfing-paa-oeen-mon\/","url":"https:\/\/www.insel-moen.de\/da\/aktiviteter-paa-oeen-moen\/kitesurfing-paa-oeen-mon\/","name":"Kitesurfing p\u00e5 \u00f8en Mon - Insel M\u00f6n","isPartOf":{"@id":"https:\/\/www.insel-moen.de\/da\/#website"},"primaryImageOfPage":{"@id":"https:\/\/www.insel-moen.de\/da\/aktiviteter-paa-oeen-moen\/kitesurfing-paa-oeen-mon\/#primaryimage"},"image":{"@id":"https:\/\/www.insel-moen.de\/da\/aktiviteter-paa-oeen-moen\/kitesurfing-paa-oeen-mon\/#primaryimage"},"thumbnailUrl":"https:\/\/www.daenemark-reisen.com\/wp-content\/uploads\/2013\/11\/kite-surfen-daenemark-moen-1024x682.jpg","datePublished":"2022-08-16T14:00:04+00:00","breadcrumb":{"@id":"https:\/\/www.insel-moen.de\/da\/aktiviteter-paa-oeen-moen\/kitesurfing-paa-oeen-mon\/#breadcrumb"},"inLanguage":"da-DK","potentialAction":[{"@type":"ReadAction","target":["https:\/\/www.insel-moen.de\/da\/aktiviteter-paa-oeen-moen\/kitesurfing-paa-oeen-mon\/"]}]},{"@type":"ImageObject","inLanguage":"da-DK","@id":"https:\/\/www.insel-moen.de\/da\/aktiviteter-paa-oeen-moen\/kitesurfing-paa-oeen-mon\/#primaryimage","url":"https:\/\/www.daenemark-reisen.com\/wp-content\/uploads\/2013\/11\/kite-surfen-daenemark-moen-1024x682.jpg","contentUrl":"https:\/\/www.daenemark-reisen.com\/wp-content\/uploads\/2013\/11\/kite-surfen-daenemark-moen-1024x682.jpg"},{"@type":"BreadcrumbList","@id":"https:\/\/www.insel-moen.de\/da\/aktiviteter-paa-oeen-moen\/kitesurfing-paa-oeen-mon\/#breadcrumb","itemListElement":[{"@type":"ListItem","position":1,"name":"Startseite","item":"https:\/\/www.insel-moen.de\/da\/"},{"@type":"ListItem","position":2,"name":"Sev\u00e6rdigheder og aktiviteter p\u00e5 M\u00f8n","item":"https:\/\/www.insel-moen.de\/da\/aktiviteter-paa-oeen-moen\/"},{"@type":"ListItem","position":3,"name":"Kitesurfing p\u00e5 \u00f8en Mon"}]},{"@type":"WebSite","@id":"https:\/\/www.insel-moen.de\/da\/#website","url":"https:\/\/www.insel-moen.de\/da\/","name":"Insel M\u00f6n","description":"INSEL M\u00d6N - Urlaub in der D\u00e4nischen S\u00fcdsee","publisher":{"@id":"https:\/\/www.insel-moen.de\/da\/#organization"},"potentialAction":[{"@type":"SearchAction","target":{"@type":"EntryPoint","urlTemplate":"https:\/\/www.insel-moen.de\/da\/?s={search_term_string}"},"query-input":{"@type":"PropertyValueSpecification","valueRequired":true,"valueName":"search_term_string"}}],"inLanguage":"da-DK"},{"@type":"Organization","@id":"https:\/\/www.insel-moen.de\/da\/#organization","name":"www.insel-moen.de","url":"https:\/\/www.insel-moen.de\/da\/","logo":{"@type":"ImageObject","inLanguage":"da-DK","@id":"https:\/\/www.insel-moen.de\/da\/#\/schema\/logo\/image\/","url":"https:\/\/www.insel-moen.de\/wp-content\/uploads\/2023\/08\/cropped-daenemark-logo-neu-klein.png","contentUrl":"https:\/\/www.insel-moen.de\/wp-content\/uploads\/2023\/08\/cropped-daenemark-logo-neu-klein.png","width":100,"height":101,"caption":"www.insel-moen.de"},"image":{"@id":"https:\/\/www.insel-moen.de\/da\/#\/schema\/logo\/image\/"}}]}},"_links":{"self":[{"href":"https:\/\/www.insel-moen.de\/da\/wp-json\/wp\/v2\/pages\/859","targetHints":{"allow":["GET"]}}],"collection":[{"href":"https:\/\/www.insel-moen.de\/da\/wp-json\/wp\/v2\/pages"}],"about":[{"href":"https:\/\/www.insel-moen.de\/da\/wp-json\/wp\/v2\/types\/page"}],"author":[{"embeddable":true,"href":"https:\/\/www.insel-moen.de\/da\/wp-json\/wp\/v2\/users\/3"}],"replies":[{"embeddable":true,"href":"https:\/\/www.insel-moen.de\/da\/wp-json\/wp\/v2\/comments?post=859"}],"version-history":[{"count":0,"href":"https:\/\/www.insel-moen.de\/da\/wp-json\/wp\/v2\/pages\/859\/revisions"}],"up":[{"embeddable":true,"href":"https:\/\/www.insel-moen.de\/da\/wp-json\/wp\/v2\/pages\/825"}],"wp:attachment":[{"href":"https:\/\/www.insel-moen.de\/da\/wp-json\/wp\/v2\/media?parent=859"}],"curies":[{"name":"wp","href":"https:\/\/api.w.org\/{rel}","templated":true}]}}